{"id":217414,"date":"2024-12-04T14:38:06","date_gmt":"2024-12-04T13:38:06","guid":{"rendered":"https:\/\/najnaj.eu\/?post_type=product&#038;p=217414"},"modified":"2026-02-04T16:02:43","modified_gmt":"2026-02-04T15:02:43","slug":"modu-3-in-1-baby-walker-deep-blue-sky-blue","status":"publish","type":"product","link":"https:\/\/najnaj.eu\/fr\/proizvod\/modu-3-in-1-baby-walker-deep-blue-sky-blue\/","title":{"rendered":"MODU 3-in-1 Baby Walker, Deep Blue \/ Sky Blue"},"content":{"rendered":"<p>MODU-ov 3-in-1 Baby Walker podr\u017eava rane vje\u0161tine hodanja i prepuna je zabavnih i privla\u010dnih zna\u010dajki. Pretvara se u kolica ili prakti\u010dan stolac kada je va\u0161e dijete spremno. Osim toga, prostrana kutija dodaje mogu\u0107nosti za pohranu i no\u0161enje. Sa sigurnim, stabilnim kota\u010dima i laganim dizajnom, dje\u010dja hodalica je jednostavna za guranje. Neka istra\u017eivanje va\u0161eg djeteta po\u010dne!<\/p>\n","protected":false},"excerpt":{"rendered":"<p>\u2795 Podr\u017eite prve korake svoje bebe s povjerenjem<\/p>\n<p>\u2795 Prostrana kartonska kutija za transport omiljenih igra\u010daka<\/p>\n<p>\u2795 Gradite nove kreacije kako va\u0161e dijete raste: guralica, kolica, stolac sa stepenicom<\/p>\n","protected":false},"featured_media":217415,"comment_status":"open","ping_status":"closed","template":"","meta":{"_acf_changed":false,"footnotes":""},"product_brand":[],"product_cat":[742,743,2382],"product_tag":[],"class_list":{"0":"post-217414","1":"product","2":"type-product","3":"status-publish","4":"has-post-thumbnail","6":"product_cat-igracke","7":"product_cat-kocke-za-aktivnu-igru","8":"product_cat-cadeaux","9":"pa_boja-plava","10":"pa_brand-modu","12":"first","13":"instock","14":"shipping-taxable","15":"purchasable","16":"product-type-simple"},"bundled_by":[],"bundle_stock_status":"instock","bundle_stock_quantity":12,"bundle_virtual":false,"bundle_layout":"","bundle_add_to_cart_form_location":"","bundle_editable_in_cart":false,"bundle_sold_individually_context":"","bundle_item_grouping":"","bundle_min_size":"","bundle_max_size":"","bundle_price":[],"bundled_items":[],"bundle_sell_ids":[],"acf":[],"yoast_head":"<!-- This site is optimized with the Yoast SEO Premium plugin v21.5 (Yoast SEO v27.4) - https:\/\/yoast.com\/product\/yoast-seo-premium-wordpress\/ -->\n<title>MODU 3-in-1 Baby Walker, Deep Blue \/ Sky Blue - NajNaj.eu<\/title>\n<meta name=\"robots\" content=\"index, follow, max-snippet:-1, max-image-preview:large, max-video-preview:-1\" \/>\n<link rel=\"canonical\" href=\"https:\/\/najnaj.eu\/fr\/proizvod\/modu-3-in-1-baby-walker-deep-blue-sky-blue\/\" \/>\n<meta property=\"og:locale\" content=\"fr_FR\" \/>\n<meta property=\"og:type\" content=\"article\" \/>\n<meta property=\"og:title\" content=\"MODU 3-in-1 Baby Walker, Deep Blue \/ Sky Blue\" \/>\n<meta property=\"og:description\" content=\"\u2795 Podr\u017eite prve korake svoje bebe s povjerenjem  \u2795 Prostrana kartonska kutija za transport omiljenih igra\u010daka  \u2795 Gradite nove kreacije kako va\u0161e dijete raste: guralica, kolica, stolac sa stepenicom\" \/>\n<meta property=\"og:url\" content=\"https:\/\/najnaj.eu\/fr\/proizvod\/modu-3-in-1-baby-walker-deep-blue-sky-blue\/\" \/>\n<meta property=\"og:site_name\" content=\"NajNaj.eu\" \/>\n<meta property=\"article:publisher\" content=\"https:\/\/web.facebook.com\/najnaj.eu\/\" \/>\n<meta property=\"article:modified_time\" content=\"2026-02-04T15:02:43+00:00\" \/>\n<meta property=\"og:image\" content=\"https:\/\/najnaj.eu\/wp-content\/uploads\/2024\/10\/Baby-Walker-Deep-Blue_Sky-Blue-slide-7.jpg\" \/>\n\t<meta property=\"og:image:width\" content=\"1920\" \/>\n\t<meta property=\"og:image:height\" content=\"2400\" \/>\n\t<meta property=\"og:image:type\" content=\"image\/jpeg\" \/>\n<meta name=\"twitter:card\" content=\"summary_large_image\" \/>\n<meta name=\"twitter:label1\" content=\"Prix\" \/>\n\t<meta name=\"twitter:data1\" content=\"139,00&nbsp;&euro;\" \/>\n\t<meta name=\"twitter:label2\" content=\"Disponibilit\u00e9\" \/>\n\t<meta name=\"twitter:data2\" content=\"En stock\" \/>\n<script type=\"application\/ld+json\" class=\"yoast-schema-graph\">{\"@context\":\"https:\\\/\\\/schema.org\",\"@graph\":[{\"@type\":\"WebPage\",\"@id\":\"https:\\\/\\\/najnaj.eu\\\/fr\\\/proizvod\\\/modu-3-in-1-baby-walker-deep-blue-sky-blue\\\/\",\"url\":\"https:\\\/\\\/najnaj.eu\\\/fr\\\/proizvod\\\/modu-3-in-1-baby-walker-deep-blue-sky-blue\\\/\",\"name\":\"MODU 3-in-1 Baby Walker, Deep Blue \\\/ Sky Blue - NajNaj.eu\",\"isPartOf\":{\"@id\":\"https:\\\/\\\/najnaj.eu\\\/fr\\\/#website\"},\"primaryImageOfPage\":{\"@id\":\"https:\\\/\\\/najnaj.eu\\\/fr\\\/proizvod\\\/modu-3-in-1-baby-walker-deep-blue-sky-blue\\\/#primaryimage\"},\"image\":{\"@id\":\"https:\\\/\\\/najnaj.eu\\\/fr\\\/proizvod\\\/modu-3-in-1-baby-walker-deep-blue-sky-blue\\\/#primaryimage\"},\"thumbnailUrl\":\"https:\\\/\\\/najnaj.eu\\\/wp-content\\\/uploads\\\/2024\\\/10\\\/Baby-Walker-Deep-Blue_Sky-Blue-slide-7.jpg\",\"datePublished\":\"2024-12-04T13:38:06+00:00\",\"dateModified\":\"2026-02-04T15:02:43+00:00\",\"breadcrumb\":{\"@id\":\"https:\\\/\\\/najnaj.eu\\\/fr\\\/proizvod\\\/modu-3-in-1-baby-walker-deep-blue-sky-blue\\\/#breadcrumb\"},\"inLanguage\":\"fr-FR\",\"potentialAction\":[{\"@type\":\"ReadAction\",\"target\":[\"https:\\\/\\\/najnaj.eu\\\/fr\\\/proizvod\\\/modu-3-in-1-baby-walker-deep-blue-sky-blue\\\/\"]}]},{\"@type\":\"ImageObject\",\"inLanguage\":\"fr-FR\",\"@id\":\"https:\\\/\\\/najnaj.eu\\\/fr\\\/proizvod\\\/modu-3-in-1-baby-walker-deep-blue-sky-blue\\\/#primaryimage\",\"url\":\"https:\\\/\\\/najnaj.eu\\\/wp-content\\\/uploads\\\/2024\\\/10\\\/Baby-Walker-Deep-Blue_Sky-Blue-slide-7.jpg\",\"contentUrl\":\"https:\\\/\\\/najnaj.eu\\\/wp-content\\\/uploads\\\/2024\\\/10\\\/Baby-Walker-Deep-Blue_Sky-Blue-slide-7.jpg\",\"width\":1920,\"height\":2400},{\"@type\":\"BreadcrumbList\",\"@id\":\"https:\\\/\\\/najnaj.eu\\\/fr\\\/proizvod\\\/modu-3-in-1-baby-walker-deep-blue-sky-blue\\\/#breadcrumb\",\"itemListElement\":[{\"@type\":\"ListItem\",\"position\":1,\"name\":\"Po\u010detna stranica\",\"item\":\"https:\\\/\\\/najnaj.eu\\\/fr\\\/\"},{\"@type\":\"ListItem\",\"position\":2,\"name\":\"Trgovina\",\"item\":\"https:\\\/\\\/najnaj.hr\\\/trgovina\\\/\"},{\"@type\":\"ListItem\",\"position\":3,\"name\":\"MODU 3-in-1 Baby Walker, Deep Blue \\\/ Sky Blue\"}]},{\"@type\":\"WebSite\",\"@id\":\"https:\\\/\\\/najnaj.eu\\\/fr\\\/#website\",\"url\":\"https:\\\/\\\/najnaj.eu\\\/fr\\\/\",\"name\":\"NajNaj.eu\",\"description\":\"Za najva\u017enije!\",\"potentialAction\":[{\"@type\":\"SearchAction\",\"target\":{\"@type\":\"EntryPoint\",\"urlTemplate\":\"https:\\\/\\\/najnaj.eu\\\/fr\\\/?s={search_term_string}\"},\"query-input\":{\"@type\":\"PropertyValueSpecification\",\"valueRequired\":true,\"valueName\":\"search_term_string\"}}],\"inLanguage\":\"fr-FR\"}]}<\/script>\n<meta property=\"product:brand\" content=\"Modu\" \/>\n<meta property=\"product:price:amount\" content=\"139.00\" \/>\n<meta property=\"product:price:currency\" content=\"EUR\" \/>\n<meta property=\"og:availability\" content=\"instock\" \/>\n<meta property=\"product:availability\" content=\"instock\" \/>\n<meta property=\"product:retailer_item_id\" content=\"M-ACT-WAL-DB-SB\" \/>\n<meta property=\"product:condition\" content=\"new\" \/>\n<!-- \/ Yoast SEO Premium plugin. -->","yoast_head_json":{"title":"MODU 3-in-1 Baby Walker, Deep Blue \/ Sky Blue - NajNaj.eu","robots":{"index":"index","follow":"follow","max-snippet":"max-snippet:-1","max-image-preview":"max-image-preview:large","max-video-preview":"max-video-preview:-1"},"canonical":"https:\/\/najnaj.eu\/fr\/proizvod\/modu-3-in-1-baby-walker-deep-blue-sky-blue\/","og_locale":"fr_FR","og_type":"article","og_title":"MODU 3-in-1 Baby Walker, Deep Blue \/ Sky Blue","og_description":"\u2795 Podr\u017eite prve korake svoje bebe s povjerenjem  \u2795 Prostrana kartonska kutija za transport omiljenih igra\u010daka  \u2795 Gradite nove kreacije kako va\u0161e dijete raste: guralica, kolica, stolac sa stepenicom","og_url":"https:\/\/najnaj.eu\/fr\/proizvod\/modu-3-in-1-baby-walker-deep-blue-sky-blue\/","og_site_name":"NajNaj.eu","article_publisher":"https:\/\/web.facebook.com\/najnaj.eu\/","article_modified_time":"2026-02-04T15:02:43+00:00","og_image":[{"width":1920,"height":2400,"url":"https:\/\/najnaj.eu\/wp-content\/uploads\/2024\/10\/Baby-Walker-Deep-Blue_Sky-Blue-slide-7.jpg","type":"image\/jpeg"}],"twitter_card":"summary_large_image","twitter_misc":{"Prix":"139,00&nbsp;&euro;","Disponibilit\u00e9":"En stock"},"schema":{"@context":"https:\/\/schema.org","@graph":[{"@type":"WebPage","@id":"https:\/\/najnaj.eu\/fr\/proizvod\/modu-3-in-1-baby-walker-deep-blue-sky-blue\/","url":"https:\/\/najnaj.eu\/fr\/proizvod\/modu-3-in-1-baby-walker-deep-blue-sky-blue\/","name":"MODU 3-in-1 Baby Walker, Deep Blue \/ Sky Blue - NajNaj.eu","isPartOf":{"@id":"https:\/\/najnaj.eu\/fr\/#website"},"primaryImageOfPage":{"@id":"https:\/\/najnaj.eu\/fr\/proizvod\/modu-3-in-1-baby-walker-deep-blue-sky-blue\/#primaryimage"},"image":{"@id":"https:\/\/najnaj.eu\/fr\/proizvod\/modu-3-in-1-baby-walker-deep-blue-sky-blue\/#primaryimage"},"thumbnailUrl":"https:\/\/najnaj.eu\/wp-content\/uploads\/2024\/10\/Baby-Walker-Deep-Blue_Sky-Blue-slide-7.jpg","datePublished":"2024-12-04T13:38:06+00:00","dateModified":"2026-02-04T15:02:43+00:00","breadcrumb":{"@id":"https:\/\/najnaj.eu\/fr\/proizvod\/modu-3-in-1-baby-walker-deep-blue-sky-blue\/#breadcrumb"},"inLanguage":"fr-FR","potentialAction":[{"@type":"ReadAction","target":["https:\/\/najnaj.eu\/fr\/proizvod\/modu-3-in-1-baby-walker-deep-blue-sky-blue\/"]}]},{"@type":"ImageObject","inLanguage":"fr-FR","@id":"https:\/\/najnaj.eu\/fr\/proizvod\/modu-3-in-1-baby-walker-deep-blue-sky-blue\/#primaryimage","url":"https:\/\/najnaj.eu\/wp-content\/uploads\/2024\/10\/Baby-Walker-Deep-Blue_Sky-Blue-slide-7.jpg","contentUrl":"https:\/\/najnaj.eu\/wp-content\/uploads\/2024\/10\/Baby-Walker-Deep-Blue_Sky-Blue-slide-7.jpg","width":1920,"height":2400},{"@type":"BreadcrumbList","@id":"https:\/\/najnaj.eu\/fr\/proizvod\/modu-3-in-1-baby-walker-deep-blue-sky-blue\/#breadcrumb","itemListElement":[{"@type":"ListItem","position":1,"name":"Po\u010detna stranica","item":"https:\/\/najnaj.eu\/fr\/"},{"@type":"ListItem","position":2,"name":"Trgovina","item":"https:\/\/najnaj.hr\/trgovina\/"},{"@type":"ListItem","position":3,"name":"MODU 3-in-1 Baby Walker, Deep Blue \/ Sky Blue"}]},{"@type":"WebSite","@id":"https:\/\/najnaj.eu\/fr\/#website","url":"https:\/\/najnaj.eu\/fr\/","name":"NajNaj.eu","description":"Za najva\u017enije!","potentialAction":[{"@type":"SearchAction","target":{"@type":"EntryPoint","urlTemplate":"https:\/\/najnaj.eu\/fr\/?s={search_term_string}"},"query-input":{"@type":"PropertyValueSpecification","valueRequired":true,"valueName":"search_term_string"}}],"inLanguage":"fr-FR"}]},"product_brand":"Modu","product_price_amount":"139.00","product_price_currency":"EUR","og_availability":"instock","product_availability":"instock","product_retailer_item_id":"M-ACT-WAL-DB-SB","product_condition":"new"},"_links":{"self":[{"href":"https:\/\/najnaj.eu\/fr\/wp-json\/wp\/v2\/product\/217414","targetHints":{"allow":["GET"]}}],"collection":[{"href":"https:\/\/najnaj.eu\/fr\/wp-json\/wp\/v2\/product"}],"about":[{"href":"https:\/\/najnaj.eu\/fr\/wp-json\/wp\/v2\/types\/product"}],"replies":[{"embeddable":true,"href":"https:\/\/najnaj.eu\/fr\/wp-json\/wp\/v2\/comments?post=217414"}],"version-history":[{"count":0,"href":"https:\/\/najnaj.eu\/fr\/wp-json\/wp\/v2\/product\/217414\/revisions"}],"wp:featuredmedia":[{"embeddable":true,"href":"https:\/\/najnaj.eu\/fr\/wp-json\/wp\/v2\/media\/217415"}],"wp:attachment":[{"href":"https:\/\/najnaj.eu\/fr\/wp-json\/wp\/v2\/media?parent=217414"}],"wp:term":[{"taxonomy":"product_brand","embeddable":true,"href":"https:\/\/najnaj.eu\/fr\/wp-json\/wp\/v2\/product_brand?post=217414"},{"taxonomy":"product_cat","embeddable":true,"href":"https:\/\/najnaj.eu\/fr\/wp-json\/wp\/v2\/product_cat?post=217414"},{"taxonomy":"product_tag","embeddable":true,"href":"https:\/\/najnaj.eu\/fr\/wp-json\/wp\/v2\/product_tag?post=217414"}],"curies":[{"name":"wp","href":"https:\/\/api.w.org\/{rel}","templated":true}]}}