{"id":216437,"date":"2024-10-09T13:31:16","date_gmt":"2024-10-09T11:31:16","guid":{"rendered":"https:\/\/najnaj.eu\/?post_type=product&#038;p=216437"},"modified":"2026-03-21T22:36:24","modified_gmt":"2026-03-21T21:36:24","slug":"b-box-silikonski-tanjur-poklopac-sage","status":"publish","type":"product","link":"https:\/\/najnaj.eu\/fr\/proizvod\/b-box-silikonski-tanjur-poklopac-sage\/","title":{"rendered":"b.box Silikonski tanjur + poklopac Sage"},"content":{"rendered":"<p>Podijelite, osigurajte, grickajte i poklopite. Na\u0161 obo\u017eavani silikonski tanjur s poklopcem nezaobilazna je oprema za vrijeme obroka za prelazak beba i male djece na samostalno jelo. Dizajniran za prakti\u010dnost, funkcionalnost&#8230; i stil!<\/p>\n","protected":false},"excerpt":{"rendered":"<p>-&gt; Izra\u0111en od platinum silikona &#8211; sigurnog za bebe<br \/>\n-&gt; \u010cvrsta neklizaju\u0107a silikonska prijanjaju\u0107a baza koja dr\u017ei<br \/>\n-&gt; Jednostavno povucite jezi\u010dak da biste oslobodili tanjur<br \/>\n-&gt; 3 odjeljka &#8211; idealno za porcioniranje hrane i izbirljivce<br \/>\n-&gt; Svestrani nepropusni poklopac slu\u017ei i kao prostirka za hranjenje<br \/>\n-&gt; Zakrivljene strane za jednostavno grabljenje i samostalno hranjenje<br \/>\n-&gt; Pogodan za toplu i hladnu hranu<\/p>\n","protected":false},"featured_media":280928,"comment_status":"open","ping_status":"closed","template":"","meta":{"_acf_changed":false,"footnotes":""},"product_brand":[],"product_cat":[577,622,657],"product_tag":[],"class_list":{"0":"post-216437","1":"product","2":"type-product","3":"status-publish","4":"has-post-thumbnail","6":"product_cat-hranjenje","7":"product_cat-posude","8":"product_cat-tanjuri","9":"pa_boja-zelena","10":"pa_brand-b-box","11":"pa_vrsta-posuda-tanjuri-i-zdjelice","13":"first","14":"instock","15":"shipping-taxable","16":"purchasable","17":"product-type-simple"},"bundled_by":["280901"],"bundle_stock_status":"instock","bundle_stock_quantity":15,"bundle_virtual":false,"bundle_layout":"","bundle_add_to_cart_form_location":"","bundle_editable_in_cart":false,"bundle_sold_individually_context":"","bundle_item_grouping":"","bundle_min_size":"","bundle_max_size":"","bundle_price":[],"bundled_items":[],"bundle_sell_ids":[],"acf":[],"yoast_head":"<!-- This site is optimized with the Yoast SEO Premium plugin v21.5 (Yoast SEO v27.4) - https:\/\/yoast.com\/product\/yoast-seo-premium-wordpress\/ -->\n<title>b.box Silikonski tanjur + poklopac Sage - NajNaj.eu<\/title>\n<meta name=\"robots\" content=\"index, follow, max-snippet:-1, max-image-preview:large, max-video-preview:-1\" \/>\n<link rel=\"canonical\" href=\"https:\/\/najnaj.eu\/fr\/proizvod\/b-box-silikonski-tanjur-poklopac-sage\/\" \/>\n<meta property=\"og:locale\" content=\"fr_FR\" \/>\n<meta property=\"og:type\" content=\"article\" \/>\n<meta property=\"og:title\" content=\"b.box Silikonski tanjur + poklopac Sage\" \/>\n<meta property=\"og:description\" content=\"-&gt; Izra\u0111en od platinum silikona - sigurnog za bebe -&gt; \u010cvrsta neklizaju\u0107a silikonska prijanjaju\u0107a baza koja dr\u017ei -&gt; Jednostavno povucite jezi\u010dak da biste oslobodili tanjur -&gt; 3 odjeljka - idealno za porcioniranje hrane i izbirljivce -&gt; Svestrani nepropusni poklopac slu\u017ei i kao prostirka za hranjenje -&gt; Zakrivljene strane za jednostavno grabljenje i samostalno hranjenje -&gt; Pogodan za toplu i hladnu hranu\" \/>\n<meta property=\"og:url\" content=\"https:\/\/najnaj.eu\/fr\/proizvod\/b-box-silikonski-tanjur-poklopac-sage\/\" \/>\n<meta property=\"og:site_name\" content=\"NajNaj.eu\" \/>\n<meta property=\"article:publisher\" content=\"https:\/\/web.facebook.com\/najnaj.eu\/\" \/>\n<meta property=\"article:modified_time\" content=\"2026-03-21T21:36:24+00:00\" \/>\n<meta property=\"og:image\" content=\"https:\/\/najnaj.eu\/wp-content\/uploads\/2024\/10\/New-Project-12.jpg\" \/>\n\t<meta property=\"og:image:width\" content=\"1500\" \/>\n\t<meta property=\"og:image:height\" content=\"1500\" \/>\n\t<meta property=\"og:image:type\" content=\"image\/jpeg\" \/>\n<meta name=\"twitter:card\" content=\"summary_large_image\" \/>\n<meta name=\"twitter:label1\" content=\"Prix\" \/>\n\t<meta name=\"twitter:data1\" content=\"24,99&nbsp;&euro;\" \/>\n\t<meta name=\"twitter:label2\" content=\"Disponibilit\u00e9\" \/>\n\t<meta name=\"twitter:data2\" content=\"En stock\" \/>\n<script type=\"application\/ld+json\" class=\"yoast-schema-graph\">{\"@context\":\"https:\\\/\\\/schema.org\",\"@graph\":[{\"@type\":\"WebPage\",\"@id\":\"https:\\\/\\\/najnaj.eu\\\/fr\\\/proizvod\\\/b-box-silikonski-tanjur-poklopac-sage\\\/\",\"url\":\"https:\\\/\\\/najnaj.eu\\\/fr\\\/proizvod\\\/b-box-silikonski-tanjur-poklopac-sage\\\/\",\"name\":\"b.box Silikonski tanjur + poklopac Sage - NajNaj.eu\",\"isPartOf\":{\"@id\":\"https:\\\/\\\/najnaj.eu\\\/fr\\\/#website\"},\"primaryImageOfPage\":{\"@id\":\"https:\\\/\\\/najnaj.eu\\\/fr\\\/proizvod\\\/b-box-silikonski-tanjur-poklopac-sage\\\/#primaryimage\"},\"image\":{\"@id\":\"https:\\\/\\\/najnaj.eu\\\/fr\\\/proizvod\\\/b-box-silikonski-tanjur-poklopac-sage\\\/#primaryimage\"},\"thumbnailUrl\":\"https:\\\/\\\/najnaj.eu\\\/wp-content\\\/uploads\\\/2024\\\/10\\\/New-Project-12.jpg\",\"datePublished\":\"2024-10-09T11:31:16+00:00\",\"dateModified\":\"2026-03-21T21:36:24+00:00\",\"breadcrumb\":{\"@id\":\"https:\\\/\\\/najnaj.eu\\\/fr\\\/proizvod\\\/b-box-silikonski-tanjur-poklopac-sage\\\/#breadcrumb\"},\"inLanguage\":\"fr-FR\",\"potentialAction\":[{\"@type\":\"ReadAction\",\"target\":[\"https:\\\/\\\/najnaj.eu\\\/fr\\\/proizvod\\\/b-box-silikonski-tanjur-poklopac-sage\\\/\"]}]},{\"@type\":\"ImageObject\",\"inLanguage\":\"fr-FR\",\"@id\":\"https:\\\/\\\/najnaj.eu\\\/fr\\\/proizvod\\\/b-box-silikonski-tanjur-poklopac-sage\\\/#primaryimage\",\"url\":\"https:\\\/\\\/najnaj.eu\\\/wp-content\\\/uploads\\\/2024\\\/10\\\/New-Project-12.jpg\",\"contentUrl\":\"https:\\\/\\\/najnaj.eu\\\/wp-content\\\/uploads\\\/2024\\\/10\\\/New-Project-12.jpg\",\"width\":1500,\"height\":1500},{\"@type\":\"BreadcrumbList\",\"@id\":\"https:\\\/\\\/najnaj.eu\\\/fr\\\/proizvod\\\/b-box-silikonski-tanjur-poklopac-sage\\\/#breadcrumb\",\"itemListElement\":[{\"@type\":\"ListItem\",\"position\":1,\"name\":\"Po\u010detna stranica\",\"item\":\"https:\\\/\\\/najnaj.eu\\\/fr\\\/\"},{\"@type\":\"ListItem\",\"position\":2,\"name\":\"Trgovina\",\"item\":\"https:\\\/\\\/najnaj.hr\\\/trgovina\\\/\"},{\"@type\":\"ListItem\",\"position\":3,\"name\":\"b.box Silikonski tanjur + poklopac Sage\"}]},{\"@type\":\"WebSite\",\"@id\":\"https:\\\/\\\/najnaj.eu\\\/fr\\\/#website\",\"url\":\"https:\\\/\\\/najnaj.eu\\\/fr\\\/\",\"name\":\"NajNaj.eu\",\"description\":\"Za najva\u017enije!\",\"potentialAction\":[{\"@type\":\"SearchAction\",\"target\":{\"@type\":\"EntryPoint\",\"urlTemplate\":\"https:\\\/\\\/najnaj.eu\\\/fr\\\/?s={search_term_string}\"},\"query-input\":{\"@type\":\"PropertyValueSpecification\",\"valueRequired\":true,\"valueName\":\"search_term_string\"}}],\"inLanguage\":\"fr-FR\"}]}<\/script>\n<meta property=\"product:brand\" content=\"b.box\" \/>\n<meta property=\"product:price:amount\" content=\"24.99\" \/>\n<meta property=\"product:price:currency\" content=\"EUR\" \/>\n<meta property=\"og:availability\" content=\"instock\" \/>\n<meta property=\"product:availability\" content=\"instock\" \/>\n<meta property=\"product:retailer_item_id\" content=\"BX101610\" \/>\n<meta property=\"product:condition\" content=\"new\" \/>\n<!-- \/ Yoast SEO Premium plugin. -->","yoast_head_json":{"title":"b.box Silikonski tanjur + poklopac Sage - NajNaj.eu","robots":{"index":"index","follow":"follow","max-snippet":"max-snippet:-1","max-image-preview":"max-image-preview:large","max-video-preview":"max-video-preview:-1"},"canonical":"https:\/\/najnaj.eu\/fr\/proizvod\/b-box-silikonski-tanjur-poklopac-sage\/","og_locale":"fr_FR","og_type":"article","og_title":"b.box Silikonski tanjur + poklopac Sage","og_description":"-&gt; Izra\u0111en od platinum silikona - sigurnog za bebe -&gt; \u010cvrsta neklizaju\u0107a silikonska prijanjaju\u0107a baza koja dr\u017ei -&gt; Jednostavno povucite jezi\u010dak da biste oslobodili tanjur -&gt; 3 odjeljka - idealno za porcioniranje hrane i izbirljivce -&gt; Svestrani nepropusni poklopac slu\u017ei i kao prostirka za hranjenje -&gt; Zakrivljene strane za jednostavno grabljenje i samostalno hranjenje -&gt; Pogodan za toplu i hladnu hranu","og_url":"https:\/\/najnaj.eu\/fr\/proizvod\/b-box-silikonski-tanjur-poklopac-sage\/","og_site_name":"NajNaj.eu","article_publisher":"https:\/\/web.facebook.com\/najnaj.eu\/","article_modified_time":"2026-03-21T21:36:24+00:00","og_image":[{"width":1500,"height":1500,"url":"https:\/\/najnaj.eu\/wp-content\/uploads\/2024\/10\/New-Project-12.jpg","type":"image\/jpeg"}],"twitter_card":"summary_large_image","twitter_misc":{"Prix":"24,99&nbsp;&euro;","Disponibilit\u00e9":"En stock"},"schema":{"@context":"https:\/\/schema.org","@graph":[{"@type":"WebPage","@id":"https:\/\/najnaj.eu\/fr\/proizvod\/b-box-silikonski-tanjur-poklopac-sage\/","url":"https:\/\/najnaj.eu\/fr\/proizvod\/b-box-silikonski-tanjur-poklopac-sage\/","name":"b.box Silikonski tanjur + poklopac Sage - NajNaj.eu","isPartOf":{"@id":"https:\/\/najnaj.eu\/fr\/#website"},"primaryImageOfPage":{"@id":"https:\/\/najnaj.eu\/fr\/proizvod\/b-box-silikonski-tanjur-poklopac-sage\/#primaryimage"},"image":{"@id":"https:\/\/najnaj.eu\/fr\/proizvod\/b-box-silikonski-tanjur-poklopac-sage\/#primaryimage"},"thumbnailUrl":"https:\/\/najnaj.eu\/wp-content\/uploads\/2024\/10\/New-Project-12.jpg","datePublished":"2024-10-09T11:31:16+00:00","dateModified":"2026-03-21T21:36:24+00:00","breadcrumb":{"@id":"https:\/\/najnaj.eu\/fr\/proizvod\/b-box-silikonski-tanjur-poklopac-sage\/#breadcrumb"},"inLanguage":"fr-FR","potentialAction":[{"@type":"ReadAction","target":["https:\/\/najnaj.eu\/fr\/proizvod\/b-box-silikonski-tanjur-poklopac-sage\/"]}]},{"@type":"ImageObject","inLanguage":"fr-FR","@id":"https:\/\/najnaj.eu\/fr\/proizvod\/b-box-silikonski-tanjur-poklopac-sage\/#primaryimage","url":"https:\/\/najnaj.eu\/wp-content\/uploads\/2024\/10\/New-Project-12.jpg","contentUrl":"https:\/\/najnaj.eu\/wp-content\/uploads\/2024\/10\/New-Project-12.jpg","width":1500,"height":1500},{"@type":"BreadcrumbList","@id":"https:\/\/najnaj.eu\/fr\/proizvod\/b-box-silikonski-tanjur-poklopac-sage\/#breadcrumb","itemListElement":[{"@type":"ListItem","position":1,"name":"Po\u010detna stranica","item":"https:\/\/najnaj.eu\/fr\/"},{"@type":"ListItem","position":2,"name":"Trgovina","item":"https:\/\/najnaj.hr\/trgovina\/"},{"@type":"ListItem","position":3,"name":"b.box Silikonski tanjur + poklopac Sage"}]},{"@type":"WebSite","@id":"https:\/\/najnaj.eu\/fr\/#website","url":"https:\/\/najnaj.eu\/fr\/","name":"NajNaj.eu","description":"Za najva\u017enije!","potentialAction":[{"@type":"SearchAction","target":{"@type":"EntryPoint","urlTemplate":"https:\/\/najnaj.eu\/fr\/?s={search_term_string}"},"query-input":{"@type":"PropertyValueSpecification","valueRequired":true,"valueName":"search_term_string"}}],"inLanguage":"fr-FR"}]},"product_brand":"b.box","product_price_amount":"24.99","product_price_currency":"EUR","og_availability":"instock","product_availability":"instock","product_retailer_item_id":"BX101610","product_condition":"new"},"_links":{"self":[{"href":"https:\/\/najnaj.eu\/fr\/wp-json\/wp\/v2\/product\/216437","targetHints":{"allow":["GET"]}}],"collection":[{"href":"https:\/\/najnaj.eu\/fr\/wp-json\/wp\/v2\/product"}],"about":[{"href":"https:\/\/najnaj.eu\/fr\/wp-json\/wp\/v2\/types\/product"}],"replies":[{"embeddable":true,"href":"https:\/\/najnaj.eu\/fr\/wp-json\/wp\/v2\/comments?post=216437"}],"version-history":[{"count":0,"href":"https:\/\/najnaj.eu\/fr\/wp-json\/wp\/v2\/product\/216437\/revisions"}],"wp:featuredmedia":[{"embeddable":true,"href":"https:\/\/najnaj.eu\/fr\/wp-json\/wp\/v2\/media\/280928"}],"wp:attachment":[{"href":"https:\/\/najnaj.eu\/fr\/wp-json\/wp\/v2\/media?parent=216437"}],"wp:term":[{"taxonomy":"product_brand","embeddable":true,"href":"https:\/\/najnaj.eu\/fr\/wp-json\/wp\/v2\/product_brand?post=216437"},{"taxonomy":"product_cat","embeddable":true,"href":"https:\/\/najnaj.eu\/fr\/wp-json\/wp\/v2\/product_cat?post=216437"},{"taxonomy":"product_tag","embeddable":true,"href":"https:\/\/najnaj.eu\/fr\/wp-json\/wp\/v2\/product_tag?post=216437"}],"curies":[{"name":"wp","href":"https:\/\/api.w.org\/{rel}","templated":true}]}}