{"id":215784,"date":"2024-10-02T10:50:33","date_gmt":"2024-10-02T08:50:33","guid":{"rendered":"https:\/\/najnaj.eu\/?post_type=product&#038;p=215784"},"modified":"2026-04-01T13:50:21","modified_gmt":"2026-04-01T11:50:21","slug":"icandy-peach-tkanina-za-2-sjedeci-dio-coco","status":"publish","type":"product","link":"https:\/\/najnaj.eu\/fr\/proizvod\/icandy-peach-tkanina-za-2-sjedeci-dio-coco\/","title":{"rendered":"iCandy Peach Tkanina za 2. sjede\u0107i dio, Coco"},"content":{"rendered":"<p>Tkanina za 2. sjede\u0107i dio zajedno sa setom za promjenu konfiguracije upotpunjava pretvorbu Va\u0161ih kolica za jedno dijete u kolica za dvoje djece ili blizance!<\/p>\n<p>Tako\u0111er, slu\u017ei i kao zamjena za stari sjede\u0107i dio na kolicima za jedno dijete.<\/p>\n","protected":false},"excerpt":{"rendered":"<p>Za provjeru dostupnosti javite se na info@najnaj.eu.<\/p>\n","protected":false},"featured_media":215785,"comment_status":"open","ping_status":"closed","template":"","meta":{"_acf_changed":false,"footnotes":""},"product_brand":[],"product_cat":[552],"product_tag":[],"class_list":{"0":"post-215784","1":"product","2":"type-product","3":"status-publish","4":"has-post-thumbnail","6":"product_cat-dodaci-za-kolica","7":"pa_boja-smeda","8":"pa_brand-icandy","10":"first","11":"instock","12":"shipping-taxable","13":"purchasable","14":"product-type-simple"},"bundled_by":[],"bundle_stock_status":"instock","bundle_stock_quantity":1,"bundle_virtual":false,"bundle_layout":"","bundle_add_to_cart_form_location":"","bundle_editable_in_cart":false,"bundle_sold_individually_context":"","bundle_item_grouping":"","bundle_min_size":"","bundle_max_size":"","bundle_price":[],"bundled_items":[],"bundle_sell_ids":[],"acf":[],"yoast_head":"<!-- This site is optimized with the Yoast SEO Premium plugin v21.5 (Yoast SEO v27.4) - https:\/\/yoast.com\/product\/yoast-seo-premium-wordpress\/ -->\n<title>iCandy Peach Tkanina za 2. sjede\u0107i dio, Coco - NajNaj.eu<\/title>\n<meta name=\"robots\" content=\"index, follow, max-snippet:-1, max-image-preview:large, max-video-preview:-1\" \/>\n<link rel=\"canonical\" href=\"https:\/\/najnaj.eu\/fr\/proizvod\/icandy-peach-tkanina-za-2-sjedeci-dio-coco\/\" \/>\n<meta property=\"og:locale\" content=\"fr_FR\" \/>\n<meta property=\"og:type\" content=\"article\" \/>\n<meta property=\"og:title\" content=\"iCandy Peach Tkanina za 2. sjede\u0107i dio, Coco\" \/>\n<meta property=\"og:description\" content=\"Za provjeru dostupnosti javite se na info@najnaj.eu.\" \/>\n<meta property=\"og:url\" content=\"https:\/\/najnaj.eu\/fr\/proizvod\/icandy-peach-tkanina-za-2-sjedeci-dio-coco\/\" \/>\n<meta property=\"og:site_name\" content=\"NajNaj.eu\" \/>\n<meta property=\"article:publisher\" content=\"https:\/\/web.facebook.com\/najnaj.eu\/\" \/>\n<meta property=\"article:modified_time\" content=\"2026-04-01T11:50:21+00:00\" \/>\n<meta property=\"og:image\" content=\"https:\/\/najnaj.eu\/wp-content\/uploads\/2024\/10\/IC2902_-Coco.jpg\" \/>\n\t<meta property=\"og:image:width\" content=\"1600\" \/>\n\t<meta property=\"og:image:height\" content=\"2400\" \/>\n\t<meta property=\"og:image:type\" content=\"image\/jpeg\" \/>\n<meta name=\"twitter:card\" content=\"summary_large_image\" \/>\n<meta name=\"twitter:label1\" content=\"Prix\" \/>\n\t<meta name=\"twitter:data1\" content=\"189,00&nbsp;&euro;\" \/>\n\t<meta name=\"twitter:label2\" content=\"Disponibilit\u00e9\" \/>\n\t<meta name=\"twitter:data2\" content=\"En stock\" \/>\n<script type=\"application\/ld+json\" class=\"yoast-schema-graph\">{\"@context\":\"https:\\\/\\\/schema.org\",\"@graph\":[{\"@type\":\"WebPage\",\"@id\":\"https:\\\/\\\/najnaj.eu\\\/fr\\\/proizvod\\\/icandy-peach-tkanina-za-2-sjedeci-dio-coco\\\/\",\"url\":\"https:\\\/\\\/najnaj.eu\\\/fr\\\/proizvod\\\/icandy-peach-tkanina-za-2-sjedeci-dio-coco\\\/\",\"name\":\"iCandy Peach Tkanina za 2. sjede\u0107i dio, Coco - NajNaj.eu\",\"isPartOf\":{\"@id\":\"https:\\\/\\\/najnaj.eu\\\/fr\\\/#website\"},\"primaryImageOfPage\":{\"@id\":\"https:\\\/\\\/najnaj.eu\\\/fr\\\/proizvod\\\/icandy-peach-tkanina-za-2-sjedeci-dio-coco\\\/#primaryimage\"},\"image\":{\"@id\":\"https:\\\/\\\/najnaj.eu\\\/fr\\\/proizvod\\\/icandy-peach-tkanina-za-2-sjedeci-dio-coco\\\/#primaryimage\"},\"thumbnailUrl\":\"https:\\\/\\\/najnaj.eu\\\/wp-content\\\/uploads\\\/2024\\\/10\\\/IC2902_-Coco.jpg\",\"datePublished\":\"2024-10-02T08:50:33+00:00\",\"dateModified\":\"2026-04-01T11:50:21+00:00\",\"breadcrumb\":{\"@id\":\"https:\\\/\\\/najnaj.eu\\\/fr\\\/proizvod\\\/icandy-peach-tkanina-za-2-sjedeci-dio-coco\\\/#breadcrumb\"},\"inLanguage\":\"fr-FR\",\"potentialAction\":[{\"@type\":\"ReadAction\",\"target\":[\"https:\\\/\\\/najnaj.eu\\\/fr\\\/proizvod\\\/icandy-peach-tkanina-za-2-sjedeci-dio-coco\\\/\"]}]},{\"@type\":\"ImageObject\",\"inLanguage\":\"fr-FR\",\"@id\":\"https:\\\/\\\/najnaj.eu\\\/fr\\\/proizvod\\\/icandy-peach-tkanina-za-2-sjedeci-dio-coco\\\/#primaryimage\",\"url\":\"https:\\\/\\\/najnaj.eu\\\/wp-content\\\/uploads\\\/2024\\\/10\\\/IC2902_-Coco.jpg\",\"contentUrl\":\"https:\\\/\\\/najnaj.eu\\\/wp-content\\\/uploads\\\/2024\\\/10\\\/IC2902_-Coco.jpg\",\"width\":1600,\"height\":2400},{\"@type\":\"BreadcrumbList\",\"@id\":\"https:\\\/\\\/najnaj.eu\\\/fr\\\/proizvod\\\/icandy-peach-tkanina-za-2-sjedeci-dio-coco\\\/#breadcrumb\",\"itemListElement\":[{\"@type\":\"ListItem\",\"position\":1,\"name\":\"Po\u010detna stranica\",\"item\":\"https:\\\/\\\/najnaj.eu\\\/fr\\\/\"},{\"@type\":\"ListItem\",\"position\":2,\"name\":\"Trgovina\",\"item\":\"https:\\\/\\\/najnaj.hr\\\/trgovina\\\/\"},{\"@type\":\"ListItem\",\"position\":3,\"name\":\"iCandy Peach Tkanina za 2. sjede\u0107i dio, Coco\"}]},{\"@type\":\"WebSite\",\"@id\":\"https:\\\/\\\/najnaj.eu\\\/fr\\\/#website\",\"url\":\"https:\\\/\\\/najnaj.eu\\\/fr\\\/\",\"name\":\"NajNaj.eu\",\"description\":\"Za najva\u017enije!\",\"potentialAction\":[{\"@type\":\"SearchAction\",\"target\":{\"@type\":\"EntryPoint\",\"urlTemplate\":\"https:\\\/\\\/najnaj.eu\\\/fr\\\/?s={search_term_string}\"},\"query-input\":{\"@type\":\"PropertyValueSpecification\",\"valueRequired\":true,\"valueName\":\"search_term_string\"}}],\"inLanguage\":\"fr-FR\"}]}<\/script>\n<meta property=\"product:brand\" content=\"iCandy\" \/>\n<meta property=\"product:price:amount\" content=\"189.00\" \/>\n<meta property=\"product:price:currency\" content=\"EUR\" \/>\n<meta property=\"og:availability\" content=\"instock\" \/>\n<meta property=\"product:availability\" content=\"instock\" \/>\n<meta property=\"product:retailer_item_id\" content=\"IC2902\" \/>\n<meta property=\"product:condition\" content=\"new\" \/>\n<!-- \/ Yoast SEO Premium plugin. -->","yoast_head_json":{"title":"iCandy Peach Tkanina za 2. sjede\u0107i dio, Coco - NajNaj.eu","robots":{"index":"index","follow":"follow","max-snippet":"max-snippet:-1","max-image-preview":"max-image-preview:large","max-video-preview":"max-video-preview:-1"},"canonical":"https:\/\/najnaj.eu\/fr\/proizvod\/icandy-peach-tkanina-za-2-sjedeci-dio-coco\/","og_locale":"fr_FR","og_type":"article","og_title":"iCandy Peach Tkanina za 2. sjede\u0107i dio, Coco","og_description":"Za provjeru dostupnosti javite se na info@najnaj.eu.","og_url":"https:\/\/najnaj.eu\/fr\/proizvod\/icandy-peach-tkanina-za-2-sjedeci-dio-coco\/","og_site_name":"NajNaj.eu","article_publisher":"https:\/\/web.facebook.com\/najnaj.eu\/","article_modified_time":"2026-04-01T11:50:21+00:00","og_image":[{"width":1600,"height":2400,"url":"https:\/\/najnaj.eu\/wp-content\/uploads\/2024\/10\/IC2902_-Coco.jpg","type":"image\/jpeg"}],"twitter_card":"summary_large_image","twitter_misc":{"Prix":"189,00&nbsp;&euro;","Disponibilit\u00e9":"En stock"},"schema":{"@context":"https:\/\/schema.org","@graph":[{"@type":"WebPage","@id":"https:\/\/najnaj.eu\/fr\/proizvod\/icandy-peach-tkanina-za-2-sjedeci-dio-coco\/","url":"https:\/\/najnaj.eu\/fr\/proizvod\/icandy-peach-tkanina-za-2-sjedeci-dio-coco\/","name":"iCandy Peach Tkanina za 2. sjede\u0107i dio, Coco - NajNaj.eu","isPartOf":{"@id":"https:\/\/najnaj.eu\/fr\/#website"},"primaryImageOfPage":{"@id":"https:\/\/najnaj.eu\/fr\/proizvod\/icandy-peach-tkanina-za-2-sjedeci-dio-coco\/#primaryimage"},"image":{"@id":"https:\/\/najnaj.eu\/fr\/proizvod\/icandy-peach-tkanina-za-2-sjedeci-dio-coco\/#primaryimage"},"thumbnailUrl":"https:\/\/najnaj.eu\/wp-content\/uploads\/2024\/10\/IC2902_-Coco.jpg","datePublished":"2024-10-02T08:50:33+00:00","dateModified":"2026-04-01T11:50:21+00:00","breadcrumb":{"@id":"https:\/\/najnaj.eu\/fr\/proizvod\/icandy-peach-tkanina-za-2-sjedeci-dio-coco\/#breadcrumb"},"inLanguage":"fr-FR","potentialAction":[{"@type":"ReadAction","target":["https:\/\/najnaj.eu\/fr\/proizvod\/icandy-peach-tkanina-za-2-sjedeci-dio-coco\/"]}]},{"@type":"ImageObject","inLanguage":"fr-FR","@id":"https:\/\/najnaj.eu\/fr\/proizvod\/icandy-peach-tkanina-za-2-sjedeci-dio-coco\/#primaryimage","url":"https:\/\/najnaj.eu\/wp-content\/uploads\/2024\/10\/IC2902_-Coco.jpg","contentUrl":"https:\/\/najnaj.eu\/wp-content\/uploads\/2024\/10\/IC2902_-Coco.jpg","width":1600,"height":2400},{"@type":"BreadcrumbList","@id":"https:\/\/najnaj.eu\/fr\/proizvod\/icandy-peach-tkanina-za-2-sjedeci-dio-coco\/#breadcrumb","itemListElement":[{"@type":"ListItem","position":1,"name":"Po\u010detna stranica","item":"https:\/\/najnaj.eu\/fr\/"},{"@type":"ListItem","position":2,"name":"Trgovina","item":"https:\/\/najnaj.hr\/trgovina\/"},{"@type":"ListItem","position":3,"name":"iCandy Peach Tkanina za 2. sjede\u0107i dio, Coco"}]},{"@type":"WebSite","@id":"https:\/\/najnaj.eu\/fr\/#website","url":"https:\/\/najnaj.eu\/fr\/","name":"NajNaj.eu","description":"Za najva\u017enije!","potentialAction":[{"@type":"SearchAction","target":{"@type":"EntryPoint","urlTemplate":"https:\/\/najnaj.eu\/fr\/?s={search_term_string}"},"query-input":{"@type":"PropertyValueSpecification","valueRequired":true,"valueName":"search_term_string"}}],"inLanguage":"fr-FR"}]},"product_brand":"iCandy","product_price_amount":"189.00","product_price_currency":"EUR","og_availability":"instock","product_availability":"instock","product_retailer_item_id":"IC2902","product_condition":"new"},"_links":{"self":[{"href":"https:\/\/najnaj.eu\/fr\/wp-json\/wp\/v2\/product\/215784","targetHints":{"allow":["GET"]}}],"collection":[{"href":"https:\/\/najnaj.eu\/fr\/wp-json\/wp\/v2\/product"}],"about":[{"href":"https:\/\/najnaj.eu\/fr\/wp-json\/wp\/v2\/types\/product"}],"replies":[{"embeddable":true,"href":"https:\/\/najnaj.eu\/fr\/wp-json\/wp\/v2\/comments?post=215784"}],"version-history":[{"count":0,"href":"https:\/\/najnaj.eu\/fr\/wp-json\/wp\/v2\/product\/215784\/revisions"}],"wp:featuredmedia":[{"embeddable":true,"href":"https:\/\/najnaj.eu\/fr\/wp-json\/wp\/v2\/media\/215785"}],"wp:attachment":[{"href":"https:\/\/najnaj.eu\/fr\/wp-json\/wp\/v2\/media?parent=215784"}],"wp:term":[{"taxonomy":"product_brand","embeddable":true,"href":"https:\/\/najnaj.eu\/fr\/wp-json\/wp\/v2\/product_brand?post=215784"},{"taxonomy":"product_cat","embeddable":true,"href":"https:\/\/najnaj.eu\/fr\/wp-json\/wp\/v2\/product_cat?post=215784"},{"taxonomy":"product_tag","embeddable":true,"href":"https:\/\/najnaj.eu\/fr\/wp-json\/wp\/v2\/product_tag?post=215784"}],"curies":[{"name":"wp","href":"https:\/\/api.w.org\/{rel}","templated":true}]}}