{"id":214372,"date":"2024-09-19T11:53:06","date_gmt":"2024-09-19T09:53:06","guid":{"rendered":"https:\/\/najnaj.eu\/?post_type=product&#038;p=214372"},"modified":"2026-04-15T02:19:41","modified_gmt":"2026-04-15T00:19:41","slug":"besafe-pojas-za-trudnice","status":"publish","type":"product","link":"https:\/\/najnaj.eu\/fr\/proizvod\/besafe-pojas-za-trudnice\/","title":{"rendered":"BeSafe Pojas za trudnice"},"content":{"rendered":"<p><strong>BeSafe pojas za trudnice &#8211; jedan pojas, dva \u017eivota<\/strong><br \/>\nTijekom trudno\u0107e svi su zabrinuti za sigurnost i dobrobit nero\u0111enog djeteta. Mnogi nisu svjesni da krivo postavljen automobilski pojas mo\u017ee predstavljati opasnost za trudnicu i nero\u0111eno dijete. Istra\u017eivanje \u0161vedskog osiguravaju\u0107eg dru\u0161tva Folksam i Chalmers Industriteknik Foundation pokazuje da \u010dak 4 od 10 trudnica nepravilno ve\u017ee sigurnosni pojas.<\/p>\n<p><strong>Pove\u0107ana sigurnost za nero\u0111eno dijete<\/strong><br \/>\nU slu\u010daja sudara odrasla osoba te\u017ei od 3 do 5 tona. Beba je smje\u0161tena u prednjem dijelu trbuha i tako je izlo\u017eena velikim optere\u0107enjima. Kako bi za\u0161titio bebu od mogu\u0107ih ozljeda sigurnosnim pojasom automobila, BeSafe pojas za trudnice osigurava pravilno postavljanje bedrenog dijela sigurnosnog pojasa preko kukova trudnice. BeSafe pojas za trudnice ne ometa sigurnosnu funkciju automobilskog pojasa, ali poma\u017ee u pravilnom pozicioniranju bedrenog dijela pojasa za za\u0161titu nero\u0111enog djeteta.<\/p>\n<p><strong>Udobnost za budu\u0107u mamu<\/strong><br \/>\nBeSafe pojas za trudnice budu\u0107oj majci pove\u0107ava udobnost smanjuju\u0107i neugodan pritisak na trbuh i mjehur tijekom putovanja. BeSafe pojas za trudnice smije se koristiti ve\u0107 od drugog mjeseca trudno\u0107e. Testiran je u skladu s ECE R16.<\/p>\n","protected":false},"excerpt":{"rendered":"<ul>\n<li>Preporu\u010deno: od drugog mjeseca trudno\u0107e<\/li>\n<li>Postavljanje: traka za namje\u0161tanje<\/li>\n<li>Testirano u skladu s ECE R16.<\/li>\n<\/ul>\n<p>BeSafe pojas za trudnice \u0161titi majku i nero\u0111eno dijete u slu\u010daju nesre\u0107e i preporu\u010duje se od drugog mjeseca trudno\u0107e. Pojas za trudnice osmi\u0161ljen je da dodatno pobolj\u0161a udobnost i olak\u0161a svakodnevnu upotrebu. Jednostavno se postavlja pomo\u0107u trake za namje\u0161tanje.<\/p>\n","protected":false},"featured_media":214392,"comment_status":"open","ping_status":"closed","template":"","meta":{"_acf_changed":false,"footnotes":""},"product_brand":[],"product_cat":[829,680,562],"product_tag":[],"class_list":{"0":"post-214372","1":"product","2":"type-product","3":"status-publish","4":"has-post-thumbnail","6":"product_cat-dodaci-za-autosjedalice","7":"product_cat-pojas-za-trudnice","8":"product_cat-za-mamu","9":"pa_boja-crna","10":"pa_brand-besafe","12":"first","13":"instock","14":"shipping-taxable","15":"purchasable","16":"product-type-simple"},"bundled_by":[],"bundle_stock_status":"instock","bundle_stock_quantity":15,"bundle_virtual":false,"bundle_layout":"","bundle_add_to_cart_form_location":"","bundle_editable_in_cart":false,"bundle_sold_individually_context":"","bundle_item_grouping":"","bundle_min_size":"","bundle_max_size":"","bundle_price":[],"bundled_items":[],"bundle_sell_ids":[],"acf":[],"yoast_head":"<!-- This site is optimized with the Yoast SEO Premium plugin v21.5 (Yoast SEO v27.4) - https:\/\/yoast.com\/product\/yoast-seo-premium-wordpress\/ -->\n<title>BeSafe Pojas za trudnice - NajNaj.eu<\/title>\n<meta name=\"robots\" content=\"index, follow, max-snippet:-1, max-image-preview:large, max-video-preview:-1\" \/>\n<link rel=\"canonical\" href=\"https:\/\/najnaj.eu\/fr\/proizvod\/besafe-pojas-za-trudnice\/\" \/>\n<meta property=\"og:locale\" content=\"fr_FR\" \/>\n<meta property=\"og:type\" content=\"article\" \/>\n<meta property=\"og:title\" content=\"BeSafe Pojas za trudnice\" \/>\n<meta property=\"og:description\" content=\"Preporu\u010deno: od drugog mjeseca trudno\u0107e  Postavljanje: traka za namje\u0161tanje  Testirano u skladu s ECE R16.  BeSafe pojas za trudnice \u0161titi majku i nero\u0111eno dijete u slu\u010daju nesre\u0107e i preporu\u010duje se od drugog mjeseca trudno\u0107e. Pojas za trudnice osmi\u0161ljen je da dodatno pobolj\u0161a udobnost i olak\u0161a svakodnevnu upotrebu. Jednostavno se postavlja pomo\u0107u trake za namje\u0161tanje.\" \/>\n<meta property=\"og:url\" content=\"https:\/\/najnaj.eu\/fr\/proizvod\/besafe-pojas-za-trudnice\/\" \/>\n<meta property=\"og:site_name\" content=\"NajNaj.eu\" \/>\n<meta property=\"article:publisher\" content=\"https:\/\/web.facebook.com\/najnaj.eu\/\" \/>\n<meta property=\"article:modified_time\" content=\"2026-04-15T00:19:41+00:00\" \/>\n<meta property=\"og:image\" content=\"https:\/\/najnaj.eu\/wp-content\/uploads\/2024\/09\/10010122_BeSafe_Pregnant.jpg\" \/>\n\t<meta property=\"og:image:width\" content=\"2400\" \/>\n\t<meta property=\"og:image:height\" content=\"1761\" \/>\n\t<meta property=\"og:image:type\" content=\"image\/jpeg\" \/>\n<meta name=\"twitter:card\" content=\"summary_large_image\" \/>\n<meta name=\"twitter:label1\" content=\"Prix\" \/>\n\t<meta name=\"twitter:data1\" content=\"39,99&nbsp;&euro;\" \/>\n\t<meta name=\"twitter:label2\" content=\"Disponibilit\u00e9\" \/>\n\t<meta name=\"twitter:data2\" content=\"En stock\" \/>\n<script type=\"application\/ld+json\" class=\"yoast-schema-graph\">{\"@context\":\"https:\\\/\\\/schema.org\",\"@graph\":[{\"@type\":\"WebPage\",\"@id\":\"https:\\\/\\\/najnaj.eu\\\/fr\\\/proizvod\\\/besafe-pojas-za-trudnice\\\/\",\"url\":\"https:\\\/\\\/najnaj.eu\\\/fr\\\/proizvod\\\/besafe-pojas-za-trudnice\\\/\",\"name\":\"BeSafe Pojas za trudnice - NajNaj.eu\",\"isPartOf\":{\"@id\":\"https:\\\/\\\/najnaj.eu\\\/fr\\\/#website\"},\"primaryImageOfPage\":{\"@id\":\"https:\\\/\\\/najnaj.eu\\\/fr\\\/proizvod\\\/besafe-pojas-za-trudnice\\\/#primaryimage\"},\"image\":{\"@id\":\"https:\\\/\\\/najnaj.eu\\\/fr\\\/proizvod\\\/besafe-pojas-za-trudnice\\\/#primaryimage\"},\"thumbnailUrl\":\"https:\\\/\\\/najnaj.eu\\\/wp-content\\\/uploads\\\/2024\\\/09\\\/10010122_BeSafe_Pregnant.jpg\",\"datePublished\":\"2024-09-19T09:53:06+00:00\",\"dateModified\":\"2026-04-15T00:19:41+00:00\",\"breadcrumb\":{\"@id\":\"https:\\\/\\\/najnaj.eu\\\/fr\\\/proizvod\\\/besafe-pojas-za-trudnice\\\/#breadcrumb\"},\"inLanguage\":\"fr-FR\",\"potentialAction\":[{\"@type\":\"ReadAction\",\"target\":[\"https:\\\/\\\/najnaj.eu\\\/fr\\\/proizvod\\\/besafe-pojas-za-trudnice\\\/\"]}]},{\"@type\":\"ImageObject\",\"inLanguage\":\"fr-FR\",\"@id\":\"https:\\\/\\\/najnaj.eu\\\/fr\\\/proizvod\\\/besafe-pojas-za-trudnice\\\/#primaryimage\",\"url\":\"https:\\\/\\\/najnaj.eu\\\/wp-content\\\/uploads\\\/2024\\\/09\\\/10010122_BeSafe_Pregnant.jpg\",\"contentUrl\":\"https:\\\/\\\/najnaj.eu\\\/wp-content\\\/uploads\\\/2024\\\/09\\\/10010122_BeSafe_Pregnant.jpg\",\"width\":2400,\"height\":1761},{\"@type\":\"BreadcrumbList\",\"@id\":\"https:\\\/\\\/najnaj.eu\\\/fr\\\/proizvod\\\/besafe-pojas-za-trudnice\\\/#breadcrumb\",\"itemListElement\":[{\"@type\":\"ListItem\",\"position\":1,\"name\":\"Po\u010detna stranica\",\"item\":\"https:\\\/\\\/najnaj.eu\\\/fr\\\/\"},{\"@type\":\"ListItem\",\"position\":2,\"name\":\"Trgovina\",\"item\":\"https:\\\/\\\/najnaj.hr\\\/trgovina\\\/\"},{\"@type\":\"ListItem\",\"position\":3,\"name\":\"BeSafe Pojas za trudnice\"}]},{\"@type\":\"WebSite\",\"@id\":\"https:\\\/\\\/najnaj.eu\\\/fr\\\/#website\",\"url\":\"https:\\\/\\\/najnaj.eu\\\/fr\\\/\",\"name\":\"NajNaj.eu\",\"description\":\"Za najva\u017enije!\",\"potentialAction\":[{\"@type\":\"SearchAction\",\"target\":{\"@type\":\"EntryPoint\",\"urlTemplate\":\"https:\\\/\\\/najnaj.eu\\\/fr\\\/?s={search_term_string}\"},\"query-input\":{\"@type\":\"PropertyValueSpecification\",\"valueRequired\":true,\"valueName\":\"search_term_string\"}}],\"inLanguage\":\"fr-FR\"}]}<\/script>\n<meta property=\"product:brand\" content=\"BeSafe\" \/>\n<meta property=\"product:price:amount\" content=\"39.99\" \/>\n<meta property=\"product:price:currency\" content=\"EUR\" \/>\n<meta property=\"og:availability\" content=\"instock\" \/>\n<meta property=\"product:availability\" content=\"instock\" \/>\n<meta property=\"product:retailer_item_id\" content=\"10010122-Black-Std\" \/>\n<meta property=\"product:condition\" content=\"new\" \/>\n<!-- \/ Yoast SEO Premium plugin. -->","yoast_head_json":{"title":"BeSafe Pojas za trudnice - NajNaj.eu","robots":{"index":"index","follow":"follow","max-snippet":"max-snippet:-1","max-image-preview":"max-image-preview:large","max-video-preview":"max-video-preview:-1"},"canonical":"https:\/\/najnaj.eu\/fr\/proizvod\/besafe-pojas-za-trudnice\/","og_locale":"fr_FR","og_type":"article","og_title":"BeSafe Pojas za trudnice","og_description":"Preporu\u010deno: od drugog mjeseca trudno\u0107e  Postavljanje: traka za namje\u0161tanje  Testirano u skladu s ECE R16.  BeSafe pojas za trudnice \u0161titi majku i nero\u0111eno dijete u slu\u010daju nesre\u0107e i preporu\u010duje se od drugog mjeseca trudno\u0107e. Pojas za trudnice osmi\u0161ljen je da dodatno pobolj\u0161a udobnost i olak\u0161a svakodnevnu upotrebu. Jednostavno se postavlja pomo\u0107u trake za namje\u0161tanje.","og_url":"https:\/\/najnaj.eu\/fr\/proizvod\/besafe-pojas-za-trudnice\/","og_site_name":"NajNaj.eu","article_publisher":"https:\/\/web.facebook.com\/najnaj.eu\/","article_modified_time":"2026-04-15T00:19:41+00:00","og_image":[{"width":2400,"height":1761,"url":"https:\/\/najnaj.eu\/wp-content\/uploads\/2024\/09\/10010122_BeSafe_Pregnant.jpg","type":"image\/jpeg"}],"twitter_card":"summary_large_image","twitter_misc":{"Prix":"39,99&nbsp;&euro;","Disponibilit\u00e9":"En stock"},"schema":{"@context":"https:\/\/schema.org","@graph":[{"@type":"WebPage","@id":"https:\/\/najnaj.eu\/fr\/proizvod\/besafe-pojas-za-trudnice\/","url":"https:\/\/najnaj.eu\/fr\/proizvod\/besafe-pojas-za-trudnice\/","name":"BeSafe Pojas za trudnice - NajNaj.eu","isPartOf":{"@id":"https:\/\/najnaj.eu\/fr\/#website"},"primaryImageOfPage":{"@id":"https:\/\/najnaj.eu\/fr\/proizvod\/besafe-pojas-za-trudnice\/#primaryimage"},"image":{"@id":"https:\/\/najnaj.eu\/fr\/proizvod\/besafe-pojas-za-trudnice\/#primaryimage"},"thumbnailUrl":"https:\/\/najnaj.eu\/wp-content\/uploads\/2024\/09\/10010122_BeSafe_Pregnant.jpg","datePublished":"2024-09-19T09:53:06+00:00","dateModified":"2026-04-15T00:19:41+00:00","breadcrumb":{"@id":"https:\/\/najnaj.eu\/fr\/proizvod\/besafe-pojas-za-trudnice\/#breadcrumb"},"inLanguage":"fr-FR","potentialAction":[{"@type":"ReadAction","target":["https:\/\/najnaj.eu\/fr\/proizvod\/besafe-pojas-za-trudnice\/"]}]},{"@type":"ImageObject","inLanguage":"fr-FR","@id":"https:\/\/najnaj.eu\/fr\/proizvod\/besafe-pojas-za-trudnice\/#primaryimage","url":"https:\/\/najnaj.eu\/wp-content\/uploads\/2024\/09\/10010122_BeSafe_Pregnant.jpg","contentUrl":"https:\/\/najnaj.eu\/wp-content\/uploads\/2024\/09\/10010122_BeSafe_Pregnant.jpg","width":2400,"height":1761},{"@type":"BreadcrumbList","@id":"https:\/\/najnaj.eu\/fr\/proizvod\/besafe-pojas-za-trudnice\/#breadcrumb","itemListElement":[{"@type":"ListItem","position":1,"name":"Po\u010detna stranica","item":"https:\/\/najnaj.eu\/fr\/"},{"@type":"ListItem","position":2,"name":"Trgovina","item":"https:\/\/najnaj.hr\/trgovina\/"},{"@type":"ListItem","position":3,"name":"BeSafe Pojas za trudnice"}]},{"@type":"WebSite","@id":"https:\/\/najnaj.eu\/fr\/#website","url":"https:\/\/najnaj.eu\/fr\/","name":"NajNaj.eu","description":"Za najva\u017enije!","potentialAction":[{"@type":"SearchAction","target":{"@type":"EntryPoint","urlTemplate":"https:\/\/najnaj.eu\/fr\/?s={search_term_string}"},"query-input":{"@type":"PropertyValueSpecification","valueRequired":true,"valueName":"search_term_string"}}],"inLanguage":"fr-FR"}]},"product_brand":"BeSafe","product_price_amount":"39.99","product_price_currency":"EUR","og_availability":"instock","product_availability":"instock","product_retailer_item_id":"10010122-Black-Std","product_condition":"new"},"_links":{"self":[{"href":"https:\/\/najnaj.eu\/fr\/wp-json\/wp\/v2\/product\/214372","targetHints":{"allow":["GET"]}}],"collection":[{"href":"https:\/\/najnaj.eu\/fr\/wp-json\/wp\/v2\/product"}],"about":[{"href":"https:\/\/najnaj.eu\/fr\/wp-json\/wp\/v2\/types\/product"}],"replies":[{"embeddable":true,"href":"https:\/\/najnaj.eu\/fr\/wp-json\/wp\/v2\/comments?post=214372"}],"version-history":[{"count":0,"href":"https:\/\/najnaj.eu\/fr\/wp-json\/wp\/v2\/product\/214372\/revisions"}],"wp:featuredmedia":[{"embeddable":true,"href":"https:\/\/najnaj.eu\/fr\/wp-json\/wp\/v2\/media\/214392"}],"wp:attachment":[{"href":"https:\/\/najnaj.eu\/fr\/wp-json\/wp\/v2\/media?parent=214372"}],"wp:term":[{"taxonomy":"product_brand","embeddable":true,"href":"https:\/\/najnaj.eu\/fr\/wp-json\/wp\/v2\/product_brand?post=214372"},{"taxonomy":"product_cat","embeddable":true,"href":"https:\/\/najnaj.eu\/fr\/wp-json\/wp\/v2\/product_cat?post=214372"},{"taxonomy":"product_tag","embeddable":true,"href":"https:\/\/najnaj.eu\/fr\/wp-json\/wp\/v2\/product_tag?post=214372"}],"curies":[{"name":"wp","href":"https:\/\/api.w.org\/{rel}","templated":true}]}}