{"id":212614,"date":"2023-12-14T08:06:16","date_gmt":"2023-12-14T07:06:16","guid":{"rendered":"https:\/\/najnaj.eu\/?post_type=product&#038;p=212614"},"modified":"2026-02-04T10:41:14","modified_gmt":"2026-02-04T09:41:14","slug":"citron-poklopac-i-zamjenske-slamke-za-bocice-za-vodu-brick","status":"publish","type":"product","link":"https:\/\/najnaj.eu\/fr\/proizvod\/citron-poklopac-i-zamjenske-slamke-za-bocice-za-vodu-brick\/","title":{"rendered":"Citron Poklopac i zamjenske slamke za bo\u010dice za vodu Brick"},"content":{"rendered":"<p>+ Odgovara svim veli\u010dinama Citron boca za vodu<br \/>\n+ Odgovara boji svih Citron boca za vodu<br \/>\n+ Dolazi s 2 slamke ve\u0107e duljine za rezanje na odgovaraju\u0107u veli\u010dinu<br \/>\n+ Dizajniran od odr\u017eivih materijala<br \/>\n+ Napravljeno bez otrovnih materijala (bez BPA, ftalata i olova)<\/p>\n<p><img loading=\"lazy\" decoding=\"async\" class=\"wp-image-212519 size-full aligncenter\" src=\"https:\/\/najnaj.eu\/wp-content\/uploads\/2024\/08\/4-2022_lids_brown-HRV.jpg\" alt=\"\" width=\"1080\" height=\"1080\" srcset=\"https:\/\/najnaj.eu\/wp-content\/uploads\/2024\/08\/4-2022_lids_brown-HRV.jpg 1080w, https:\/\/najnaj.eu\/wp-content\/uploads\/2024\/08\/4-2022_lids_brown-HRV-324x324.jpg 324w, https:\/\/najnaj.eu\/wp-content\/uploads\/2024\/08\/4-2022_lids_brown-HRV-100x100.jpg 100w, https:\/\/najnaj.eu\/wp-content\/uploads\/2024\/08\/4-2022_lids_brown-HRV-300x300.jpg 300w, https:\/\/najnaj.eu\/wp-content\/uploads\/2024\/08\/4-2022_lids_brown-HRV-1024x1024.jpg 1024w, https:\/\/najnaj.eu\/wp-content\/uploads\/2024\/08\/4-2022_lids_brown-HRV-150x150.jpg 150w, https:\/\/najnaj.eu\/wp-content\/uploads\/2024\/08\/4-2022_lids_brown-HRV-768x768.jpg 768w, https:\/\/najnaj.eu\/wp-content\/uploads\/2024\/08\/4-2022_lids_brown-HRV-420x420.jpg 420w, https:\/\/najnaj.eu\/wp-content\/uploads\/2024\/08\/4-2022_lids_brown-HRV-800x800.jpg 800w, https:\/\/najnaj.eu\/wp-content\/uploads\/2024\/08\/4-2022_lids_brown-HRV-50x50.jpg 50w\" sizes=\"auto, (max-width: 1080px) 100vw, 1080px\" \/><\/p>\n<p>DOSTUPNE BOJE:<br \/>\nGreen | Dusty Blue | Dusty Blue | Brown | Blush Pink | Cool Gray | Black | Navy Blue | Yellow | Purple | Brick | Caramel | Grey | Plum<\/p>\n","protected":false},"excerpt":{"rendered":"<p>Nesre\u0107e se doga\u0111aju, a izme\u0111u pogre\u0161nog postavljanja, lomljenja ili gubitka poklopca, postoji potreba za nabavom novog umjesto starog.<br \/>\nNa\u0161i poklopci dolaze u prekrasnoj paleti boja kako bi pristajali bilo kojoj od na\u0161ih boca, bilo da se sla\u017eu ili ne sla\u017eu s bocom.<\/p>\n","protected":false},"featured_media":212620,"comment_status":"open","ping_status":"closed","template":"","meta":{"_acf_changed":false,"footnotes":""},"product_brand":[],"product_cat":[654,577,622],"product_tag":[],"class_list":{"0":"post-212614","1":"product","2":"type-product","3":"status-publish","4":"has-post-thumbnail","6":"product_cat-boce-za-vodu","7":"product_cat-hranjenje","8":"product_cat-posude","9":"pa_brand-citron","10":"pa_vrsta-posuda-bocice-za-vodu","12":"first","13":"instock","14":"shipping-taxable","15":"purchasable","16":"product-type-simple"},"bundled_by":[],"bundle_stock_status":"instock","bundle_stock_quantity":8,"bundle_virtual":false,"bundle_layout":"","bundle_add_to_cart_form_location":"","bundle_editable_in_cart":false,"bundle_sold_individually_context":"","bundle_item_grouping":"","bundle_min_size":"","bundle_max_size":"","bundle_price":[],"bundled_items":[],"bundle_sell_ids":[],"acf":[],"yoast_head":"<!-- This site is optimized with the Yoast SEO Premium plugin v21.5 (Yoast SEO v27.4) - https:\/\/yoast.com\/product\/yoast-seo-premium-wordpress\/ -->\n<title>Citron Poklopac i zamjenske slamke za bo\u010dice za vodu Brick - NajNaj.eu<\/title>\n<meta name=\"robots\" content=\"index, follow, max-snippet:-1, max-image-preview:large, max-video-preview:-1\" \/>\n<link rel=\"canonical\" href=\"https:\/\/najnaj.eu\/fr\/proizvod\/citron-poklopac-i-zamjenske-slamke-za-bocice-za-vodu-brick\/\" \/>\n<meta property=\"og:locale\" content=\"fr_FR\" \/>\n<meta property=\"og:type\" content=\"article\" \/>\n<meta property=\"og:title\" content=\"Citron Poklopac i zamjenske slamke za bo\u010dice za vodu Brick\" \/>\n<meta property=\"og:description\" content=\"Nesre\u0107e se doga\u0111aju, a izme\u0111u pogre\u0161nog postavljanja, lomljenja ili gubitka poklopca, postoji potreba za nabavom novog umjesto starog. Na\u0161i poklopci dolaze u prekrasnoj paleti boja kako bi pristajali bilo kojoj od na\u0161ih boca, bilo da se sla\u017eu ili ne sla\u017eu s bocom.\" \/>\n<meta property=\"og:url\" content=\"https:\/\/najnaj.eu\/fr\/proizvod\/citron-poklopac-i-zamjenske-slamke-za-bocice-za-vodu-brick\/\" \/>\n<meta property=\"og:site_name\" content=\"NajNaj.eu\" \/>\n<meta property=\"article:publisher\" content=\"https:\/\/web.facebook.com\/najnaj.eu\/\" \/>\n<meta property=\"article:modified_time\" content=\"2026-02-04T09:41:14+00:00\" \/>\n<meta property=\"og:image\" content=\"https:\/\/najnaj.eu\/wp-content\/uploads\/2024\/08\/1-2023_lids_brick-1.jpg\" \/>\n\t<meta property=\"og:image:width\" content=\"1080\" \/>\n\t<meta property=\"og:image:height\" content=\"1080\" \/>\n\t<meta property=\"og:image:type\" content=\"image\/jpeg\" \/>\n<meta name=\"twitter:card\" content=\"summary_large_image\" \/>\n<meta name=\"twitter:label1\" content=\"Prix\" \/>\n\t<meta name=\"twitter:data1\" content=\"9,99&nbsp;&euro;\" \/>\n\t<meta name=\"twitter:label2\" content=\"Disponibilit\u00e9\" \/>\n\t<meta name=\"twitter:data2\" content=\"En stock\" \/>\n<script type=\"application\/ld+json\" class=\"yoast-schema-graph\">{\"@context\":\"https:\\\/\\\/schema.org\",\"@graph\":[{\"@type\":\"WebPage\",\"@id\":\"https:\\\/\\\/najnaj.eu\\\/fr\\\/proizvod\\\/citron-poklopac-i-zamjenske-slamke-za-bocice-za-vodu-brick\\\/\",\"url\":\"https:\\\/\\\/najnaj.eu\\\/fr\\\/proizvod\\\/citron-poklopac-i-zamjenske-slamke-za-bocice-za-vodu-brick\\\/\",\"name\":\"Citron Poklopac i zamjenske slamke za bo\u010dice za vodu Brick - NajNaj.eu\",\"isPartOf\":{\"@id\":\"https:\\\/\\\/najnaj.eu\\\/fr\\\/#website\"},\"primaryImageOfPage\":{\"@id\":\"https:\\\/\\\/najnaj.eu\\\/fr\\\/proizvod\\\/citron-poklopac-i-zamjenske-slamke-za-bocice-za-vodu-brick\\\/#primaryimage\"},\"image\":{\"@id\":\"https:\\\/\\\/najnaj.eu\\\/fr\\\/proizvod\\\/citron-poklopac-i-zamjenske-slamke-za-bocice-za-vodu-brick\\\/#primaryimage\"},\"thumbnailUrl\":\"https:\\\/\\\/najnaj.eu\\\/wp-content\\\/uploads\\\/2024\\\/08\\\/1-2023_lids_brick-1.jpg\",\"datePublished\":\"2023-12-14T07:06:16+00:00\",\"dateModified\":\"2026-02-04T09:41:14+00:00\",\"breadcrumb\":{\"@id\":\"https:\\\/\\\/najnaj.eu\\\/fr\\\/proizvod\\\/citron-poklopac-i-zamjenske-slamke-za-bocice-za-vodu-brick\\\/#breadcrumb\"},\"inLanguage\":\"fr-FR\",\"potentialAction\":[{\"@type\":\"ReadAction\",\"target\":[\"https:\\\/\\\/najnaj.eu\\\/fr\\\/proizvod\\\/citron-poklopac-i-zamjenske-slamke-za-bocice-za-vodu-brick\\\/\"]}]},{\"@type\":\"ImageObject\",\"inLanguage\":\"fr-FR\",\"@id\":\"https:\\\/\\\/najnaj.eu\\\/fr\\\/proizvod\\\/citron-poklopac-i-zamjenske-slamke-za-bocice-za-vodu-brick\\\/#primaryimage\",\"url\":\"https:\\\/\\\/najnaj.eu\\\/wp-content\\\/uploads\\\/2024\\\/08\\\/1-2023_lids_brick-1.jpg\",\"contentUrl\":\"https:\\\/\\\/najnaj.eu\\\/wp-content\\\/uploads\\\/2024\\\/08\\\/1-2023_lids_brick-1.jpg\",\"width\":1080,\"height\":1080},{\"@type\":\"BreadcrumbList\",\"@id\":\"https:\\\/\\\/najnaj.eu\\\/fr\\\/proizvod\\\/citron-poklopac-i-zamjenske-slamke-za-bocice-za-vodu-brick\\\/#breadcrumb\",\"itemListElement\":[{\"@type\":\"ListItem\",\"position\":1,\"name\":\"Po\u010detna stranica\",\"item\":\"https:\\\/\\\/najnaj.eu\\\/fr\\\/\"},{\"@type\":\"ListItem\",\"position\":2,\"name\":\"Trgovina\",\"item\":\"https:\\\/\\\/najnaj.hr\\\/trgovina\\\/\"},{\"@type\":\"ListItem\",\"position\":3,\"name\":\"Citron Poklopac i zamjenske slamke za bo\u010dice za vodu Brick\"}]},{\"@type\":\"WebSite\",\"@id\":\"https:\\\/\\\/najnaj.eu\\\/fr\\\/#website\",\"url\":\"https:\\\/\\\/najnaj.eu\\\/fr\\\/\",\"name\":\"NajNaj.eu\",\"description\":\"Za najva\u017enije!\",\"potentialAction\":[{\"@type\":\"SearchAction\",\"target\":{\"@type\":\"EntryPoint\",\"urlTemplate\":\"https:\\\/\\\/najnaj.eu\\\/fr\\\/?s={search_term_string}\"},\"query-input\":{\"@type\":\"PropertyValueSpecification\",\"valueRequired\":true,\"valueName\":\"search_term_string\"}}],\"inLanguage\":\"fr-FR\"}]}<\/script>\n<meta property=\"product:brand\" content=\"Citron\" \/>\n<meta property=\"product:price:amount\" content=\"9.99\" \/>\n<meta property=\"product:price:currency\" content=\"EUR\" \/>\n<meta property=\"og:availability\" content=\"instock\" \/>\n<meta property=\"product:availability\" content=\"instock\" \/>\n<meta property=\"product:retailer_item_id\" content=\"2023_lids_brick\" \/>\n<meta property=\"product:condition\" content=\"new\" \/>\n<!-- \/ Yoast SEO Premium plugin. -->","yoast_head_json":{"title":"Citron Poklopac i zamjenske slamke za bo\u010dice za vodu Brick - NajNaj.eu","robots":{"index":"index","follow":"follow","max-snippet":"max-snippet:-1","max-image-preview":"max-image-preview:large","max-video-preview":"max-video-preview:-1"},"canonical":"https:\/\/najnaj.eu\/fr\/proizvod\/citron-poklopac-i-zamjenske-slamke-za-bocice-za-vodu-brick\/","og_locale":"fr_FR","og_type":"article","og_title":"Citron Poklopac i zamjenske slamke za bo\u010dice za vodu Brick","og_description":"Nesre\u0107e se doga\u0111aju, a izme\u0111u pogre\u0161nog postavljanja, lomljenja ili gubitka poklopca, postoji potreba za nabavom novog umjesto starog. Na\u0161i poklopci dolaze u prekrasnoj paleti boja kako bi pristajali bilo kojoj od na\u0161ih boca, bilo da se sla\u017eu ili ne sla\u017eu s bocom.","og_url":"https:\/\/najnaj.eu\/fr\/proizvod\/citron-poklopac-i-zamjenske-slamke-za-bocice-za-vodu-brick\/","og_site_name":"NajNaj.eu","article_publisher":"https:\/\/web.facebook.com\/najnaj.eu\/","article_modified_time":"2026-02-04T09:41:14+00:00","og_image":[{"width":1080,"height":1080,"url":"https:\/\/najnaj.eu\/wp-content\/uploads\/2024\/08\/1-2023_lids_brick-1.jpg","type":"image\/jpeg"}],"twitter_card":"summary_large_image","twitter_misc":{"Prix":"9,99&nbsp;&euro;","Disponibilit\u00e9":"En stock"},"schema":{"@context":"https:\/\/schema.org","@graph":[{"@type":"WebPage","@id":"https:\/\/najnaj.eu\/fr\/proizvod\/citron-poklopac-i-zamjenske-slamke-za-bocice-za-vodu-brick\/","url":"https:\/\/najnaj.eu\/fr\/proizvod\/citron-poklopac-i-zamjenske-slamke-za-bocice-za-vodu-brick\/","name":"Citron Poklopac i zamjenske slamke za bo\u010dice za vodu Brick - NajNaj.eu","isPartOf":{"@id":"https:\/\/najnaj.eu\/fr\/#website"},"primaryImageOfPage":{"@id":"https:\/\/najnaj.eu\/fr\/proizvod\/citron-poklopac-i-zamjenske-slamke-za-bocice-za-vodu-brick\/#primaryimage"},"image":{"@id":"https:\/\/najnaj.eu\/fr\/proizvod\/citron-poklopac-i-zamjenske-slamke-za-bocice-za-vodu-brick\/#primaryimage"},"thumbnailUrl":"https:\/\/najnaj.eu\/wp-content\/uploads\/2024\/08\/1-2023_lids_brick-1.jpg","datePublished":"2023-12-14T07:06:16+00:00","dateModified":"2026-02-04T09:41:14+00:00","breadcrumb":{"@id":"https:\/\/najnaj.eu\/fr\/proizvod\/citron-poklopac-i-zamjenske-slamke-za-bocice-za-vodu-brick\/#breadcrumb"},"inLanguage":"fr-FR","potentialAction":[{"@type":"ReadAction","target":["https:\/\/najnaj.eu\/fr\/proizvod\/citron-poklopac-i-zamjenske-slamke-za-bocice-za-vodu-brick\/"]}]},{"@type":"ImageObject","inLanguage":"fr-FR","@id":"https:\/\/najnaj.eu\/fr\/proizvod\/citron-poklopac-i-zamjenske-slamke-za-bocice-za-vodu-brick\/#primaryimage","url":"https:\/\/najnaj.eu\/wp-content\/uploads\/2024\/08\/1-2023_lids_brick-1.jpg","contentUrl":"https:\/\/najnaj.eu\/wp-content\/uploads\/2024\/08\/1-2023_lids_brick-1.jpg","width":1080,"height":1080},{"@type":"BreadcrumbList","@id":"https:\/\/najnaj.eu\/fr\/proizvod\/citron-poklopac-i-zamjenske-slamke-za-bocice-za-vodu-brick\/#breadcrumb","itemListElement":[{"@type":"ListItem","position":1,"name":"Po\u010detna stranica","item":"https:\/\/najnaj.eu\/fr\/"},{"@type":"ListItem","position":2,"name":"Trgovina","item":"https:\/\/najnaj.hr\/trgovina\/"},{"@type":"ListItem","position":3,"name":"Citron Poklopac i zamjenske slamke za bo\u010dice za vodu Brick"}]},{"@type":"WebSite","@id":"https:\/\/najnaj.eu\/fr\/#website","url":"https:\/\/najnaj.eu\/fr\/","name":"NajNaj.eu","description":"Za najva\u017enije!","potentialAction":[{"@type":"SearchAction","target":{"@type":"EntryPoint","urlTemplate":"https:\/\/najnaj.eu\/fr\/?s={search_term_string}"},"query-input":{"@type":"PropertyValueSpecification","valueRequired":true,"valueName":"search_term_string"}}],"inLanguage":"fr-FR"}]},"product_brand":"Citron","product_price_amount":"9.99","product_price_currency":"EUR","og_availability":"instock","product_availability":"instock","product_retailer_item_id":"2023_lids_brick","product_condition":"new"},"_links":{"self":[{"href":"https:\/\/najnaj.eu\/fr\/wp-json\/wp\/v2\/product\/212614","targetHints":{"allow":["GET"]}}],"collection":[{"href":"https:\/\/najnaj.eu\/fr\/wp-json\/wp\/v2\/product"}],"about":[{"href":"https:\/\/najnaj.eu\/fr\/wp-json\/wp\/v2\/types\/product"}],"replies":[{"embeddable":true,"href":"https:\/\/najnaj.eu\/fr\/wp-json\/wp\/v2\/comments?post=212614"}],"version-history":[{"count":0,"href":"https:\/\/najnaj.eu\/fr\/wp-json\/wp\/v2\/product\/212614\/revisions"}],"wp:featuredmedia":[{"embeddable":true,"href":"https:\/\/najnaj.eu\/fr\/wp-json\/wp\/v2\/media\/212620"}],"wp:attachment":[{"href":"https:\/\/najnaj.eu\/fr\/wp-json\/wp\/v2\/media?parent=212614"}],"wp:term":[{"taxonomy":"product_brand","embeddable":true,"href":"https:\/\/najnaj.eu\/fr\/wp-json\/wp\/v2\/product_brand?post=212614"},{"taxonomy":"product_cat","embeddable":true,"href":"https:\/\/najnaj.eu\/fr\/wp-json\/wp\/v2\/product_cat?post=212614"},{"taxonomy":"product_tag","embeddable":true,"href":"https:\/\/najnaj.eu\/fr\/wp-json\/wp\/v2\/product_tag?post=212614"}],"curies":[{"name":"wp","href":"https:\/\/api.w.org\/{rel}","templated":true}]}}