{"id":210015,"date":"2024-12-01T11:04:14","date_gmt":"2024-12-01T10:04:14","guid":{"rendered":"https:\/\/najnaj.eu\/?post_type=product&#038;p=210015"},"modified":"2026-02-04T09:59:27","modified_gmt":"2026-02-04T08:59:27","slug":"modu-kosara-za-pohranu","status":"publish","type":"product","link":"https:\/\/najnaj.eu\/fr\/proizvod\/modu-kosara-za-pohranu\/","title":{"rendered":"MODU Ko\u0161ara za pohranu"},"content":{"rendered":"<p>Pospremite MODU igra\u010dke u tren oka s MODU ko\u0161arom za pohranu. Velika platnena ko\u0161ara za \u010duvanje i organiziranje va\u0161e kolekcije. Izra\u0111ena od \u010dvrstog, neutralnog platna, ko\u0161ara nudi svestranu pohranu u svakoj dje\u010djoj sobi. Uhvatite bo\u010dne ru\u010dke, ubacite svoje blokove, te pospremite spojnice i kota\u010de u unutarnjem d\u017eepu \u2014 brzo i jednostavno!<\/p>\n","protected":false},"excerpt":{"rendered":"<p>\u2795 Velika ko\u0161ara za pohranu<\/p>\n<p>\u2795 Unutarnji d\u017eep za kota\u010di\u0107e i spojnice<\/p>\n<p>\u2795 Izra\u0111eno od debele, reciklirane, platnene tkanine<\/p>\n","protected":false},"featured_media":210016,"comment_status":"open","ping_status":"closed","template":"","meta":{"_acf_changed":false,"footnotes":""},"product_brand":[],"product_cat":[746,742],"product_tag":[],"class_list":{"0":"post-210015","1":"product","2":"type-product","3":"status-publish","4":"has-post-thumbnail","6":"product_cat-dodaci-za-igracke","7":"product_cat-igracke","8":"pa_boja-bez","9":"pa_brand-modu","11":"first","12":"outofstock","13":"shipping-taxable","14":"purchasable","15":"product-type-simple"},"bundled_by":[],"bundle_stock_status":"outofstock","bundle_stock_quantity":0,"bundle_virtual":false,"bundle_layout":"","bundle_add_to_cart_form_location":"","bundle_editable_in_cart":false,"bundle_sold_individually_context":"","bundle_item_grouping":"","bundle_min_size":"","bundle_max_size":"","bundle_price":[],"bundled_items":[],"bundle_sell_ids":[],"acf":[],"yoast_head":"<!-- This site is optimized with the Yoast SEO Premium plugin v21.5 (Yoast SEO v27.4) - https:\/\/yoast.com\/product\/yoast-seo-premium-wordpress\/ -->\n<title>MODU Ko\u0161ara za pohranu - NajNaj.eu<\/title>\n<meta name=\"robots\" content=\"index, follow, max-snippet:-1, max-image-preview:large, max-video-preview:-1\" \/>\n<link rel=\"canonical\" href=\"https:\/\/najnaj.eu\/fr\/proizvod\/modu-kosara-za-pohranu\/\" \/>\n<meta property=\"og:locale\" content=\"fr_FR\" \/>\n<meta property=\"og:type\" content=\"article\" \/>\n<meta property=\"og:title\" content=\"MODU Ko\u0161ara za pohranu\" \/>\n<meta property=\"og:description\" content=\"\u2795 Velika ko\u0161ara za pohranu  \u2795 Unutarnji d\u017eep za kota\u010di\u0107e i spojnice  \u2795 Izra\u0111eno od debele, reciklirane, platnene tkanine\" \/>\n<meta property=\"og:url\" content=\"https:\/\/najnaj.eu\/fr\/proizvod\/modu-kosara-za-pohranu\/\" \/>\n<meta property=\"og:site_name\" content=\"NajNaj.eu\" \/>\n<meta property=\"article:publisher\" content=\"https:\/\/web.facebook.com\/najnaj.eu\/\" \/>\n<meta property=\"article:modified_time\" content=\"2026-02-04T08:59:27+00:00\" \/>\n<meta property=\"og:image\" content=\"https:\/\/najnaj.eu\/wp-content\/uploads\/2024\/07\/Storage-Basket-Canvas-slide-1.jpg\" \/>\n\t<meta property=\"og:image:width\" content=\"1920\" \/>\n\t<meta property=\"og:image:height\" content=\"2400\" \/>\n\t<meta property=\"og:image:type\" content=\"image\/jpeg\" \/>\n<meta name=\"twitter:card\" content=\"summary_large_image\" \/>\n<meta name=\"twitter:label1\" content=\"Prix\" \/>\n\t<meta name=\"twitter:data1\" content=\"39,00&nbsp;&euro;\" \/>\n\t<meta name=\"twitter:label2\" content=\"Disponibilit\u00e9\" \/>\n\t<meta name=\"twitter:data2\" content=\"Rupture de stock\" \/>\n<script type=\"application\/ld+json\" class=\"yoast-schema-graph\">{\"@context\":\"https:\\\/\\\/schema.org\",\"@graph\":[{\"@type\":\"WebPage\",\"@id\":\"https:\\\/\\\/najnaj.eu\\\/fr\\\/proizvod\\\/modu-kosara-za-pohranu\\\/\",\"url\":\"https:\\\/\\\/najnaj.eu\\\/fr\\\/proizvod\\\/modu-kosara-za-pohranu\\\/\",\"name\":\"MODU Ko\u0161ara za pohranu - NajNaj.eu\",\"isPartOf\":{\"@id\":\"https:\\\/\\\/najnaj.eu\\\/fr\\\/#website\"},\"primaryImageOfPage\":{\"@id\":\"https:\\\/\\\/najnaj.eu\\\/fr\\\/proizvod\\\/modu-kosara-za-pohranu\\\/#primaryimage\"},\"image\":{\"@id\":\"https:\\\/\\\/najnaj.eu\\\/fr\\\/proizvod\\\/modu-kosara-za-pohranu\\\/#primaryimage\"},\"thumbnailUrl\":\"https:\\\/\\\/najnaj.eu\\\/wp-content\\\/uploads\\\/2024\\\/07\\\/Storage-Basket-Canvas-slide-1.jpg\",\"datePublished\":\"2024-12-01T10:04:14+00:00\",\"dateModified\":\"2026-02-04T08:59:27+00:00\",\"breadcrumb\":{\"@id\":\"https:\\\/\\\/najnaj.eu\\\/fr\\\/proizvod\\\/modu-kosara-za-pohranu\\\/#breadcrumb\"},\"inLanguage\":\"fr-FR\",\"potentialAction\":[{\"@type\":\"ReadAction\",\"target\":[\"https:\\\/\\\/najnaj.eu\\\/fr\\\/proizvod\\\/modu-kosara-za-pohranu\\\/\"]}]},{\"@type\":\"ImageObject\",\"inLanguage\":\"fr-FR\",\"@id\":\"https:\\\/\\\/najnaj.eu\\\/fr\\\/proizvod\\\/modu-kosara-za-pohranu\\\/#primaryimage\",\"url\":\"https:\\\/\\\/najnaj.eu\\\/wp-content\\\/uploads\\\/2024\\\/07\\\/Storage-Basket-Canvas-slide-1.jpg\",\"contentUrl\":\"https:\\\/\\\/najnaj.eu\\\/wp-content\\\/uploads\\\/2024\\\/07\\\/Storage-Basket-Canvas-slide-1.jpg\",\"width\":1920,\"height\":2400},{\"@type\":\"BreadcrumbList\",\"@id\":\"https:\\\/\\\/najnaj.eu\\\/fr\\\/proizvod\\\/modu-kosara-za-pohranu\\\/#breadcrumb\",\"itemListElement\":[{\"@type\":\"ListItem\",\"position\":1,\"name\":\"Po\u010detna stranica\",\"item\":\"https:\\\/\\\/najnaj.eu\\\/fr\\\/\"},{\"@type\":\"ListItem\",\"position\":2,\"name\":\"Trgovina\",\"item\":\"https:\\\/\\\/najnaj.hr\\\/trgovina\\\/\"},{\"@type\":\"ListItem\",\"position\":3,\"name\":\"MODU Ko\u0161ara za pohranu\"}]},{\"@type\":\"WebSite\",\"@id\":\"https:\\\/\\\/najnaj.eu\\\/fr\\\/#website\",\"url\":\"https:\\\/\\\/najnaj.eu\\\/fr\\\/\",\"name\":\"NajNaj.eu\",\"description\":\"Za najva\u017enije!\",\"potentialAction\":[{\"@type\":\"SearchAction\",\"target\":{\"@type\":\"EntryPoint\",\"urlTemplate\":\"https:\\\/\\\/najnaj.eu\\\/fr\\\/?s={search_term_string}\"},\"query-input\":{\"@type\":\"PropertyValueSpecification\",\"valueRequired\":true,\"valueName\":\"search_term_string\"}}],\"inLanguage\":\"fr-FR\"}]}<\/script>\n<meta property=\"product:brand\" content=\"Modu\" \/>\n<meta property=\"product:price:amount\" content=\"39.00\" \/>\n<meta property=\"product:price:currency\" content=\"EUR\" \/>\n<meta property=\"og:availability\" content=\"out of stock\" \/>\n<meta property=\"product:availability\" content=\"out of stock\" \/>\n<meta property=\"product:retailer_item_id\" content=\"M-EXT-STO-CA-NA\" \/>\n<meta property=\"product:condition\" content=\"new\" \/>\n<!-- \/ Yoast SEO Premium plugin. -->","yoast_head_json":{"title":"MODU Ko\u0161ara za pohranu - NajNaj.eu","robots":{"index":"index","follow":"follow","max-snippet":"max-snippet:-1","max-image-preview":"max-image-preview:large","max-video-preview":"max-video-preview:-1"},"canonical":"https:\/\/najnaj.eu\/fr\/proizvod\/modu-kosara-za-pohranu\/","og_locale":"fr_FR","og_type":"article","og_title":"MODU Ko\u0161ara za pohranu","og_description":"\u2795 Velika ko\u0161ara za pohranu  \u2795 Unutarnji d\u017eep za kota\u010di\u0107e i spojnice  \u2795 Izra\u0111eno od debele, reciklirane, platnene tkanine","og_url":"https:\/\/najnaj.eu\/fr\/proizvod\/modu-kosara-za-pohranu\/","og_site_name":"NajNaj.eu","article_publisher":"https:\/\/web.facebook.com\/najnaj.eu\/","article_modified_time":"2026-02-04T08:59:27+00:00","og_image":[{"width":1920,"height":2400,"url":"https:\/\/najnaj.eu\/wp-content\/uploads\/2024\/07\/Storage-Basket-Canvas-slide-1.jpg","type":"image\/jpeg"}],"twitter_card":"summary_large_image","twitter_misc":{"Prix":"39,00&nbsp;&euro;","Disponibilit\u00e9":"Rupture de stock"},"schema":{"@context":"https:\/\/schema.org","@graph":[{"@type":"WebPage","@id":"https:\/\/najnaj.eu\/fr\/proizvod\/modu-kosara-za-pohranu\/","url":"https:\/\/najnaj.eu\/fr\/proizvod\/modu-kosara-za-pohranu\/","name":"MODU Ko\u0161ara za pohranu - NajNaj.eu","isPartOf":{"@id":"https:\/\/najnaj.eu\/fr\/#website"},"primaryImageOfPage":{"@id":"https:\/\/najnaj.eu\/fr\/proizvod\/modu-kosara-za-pohranu\/#primaryimage"},"image":{"@id":"https:\/\/najnaj.eu\/fr\/proizvod\/modu-kosara-za-pohranu\/#primaryimage"},"thumbnailUrl":"https:\/\/najnaj.eu\/wp-content\/uploads\/2024\/07\/Storage-Basket-Canvas-slide-1.jpg","datePublished":"2024-12-01T10:04:14+00:00","dateModified":"2026-02-04T08:59:27+00:00","breadcrumb":{"@id":"https:\/\/najnaj.eu\/fr\/proizvod\/modu-kosara-za-pohranu\/#breadcrumb"},"inLanguage":"fr-FR","potentialAction":[{"@type":"ReadAction","target":["https:\/\/najnaj.eu\/fr\/proizvod\/modu-kosara-za-pohranu\/"]}]},{"@type":"ImageObject","inLanguage":"fr-FR","@id":"https:\/\/najnaj.eu\/fr\/proizvod\/modu-kosara-za-pohranu\/#primaryimage","url":"https:\/\/najnaj.eu\/wp-content\/uploads\/2024\/07\/Storage-Basket-Canvas-slide-1.jpg","contentUrl":"https:\/\/najnaj.eu\/wp-content\/uploads\/2024\/07\/Storage-Basket-Canvas-slide-1.jpg","width":1920,"height":2400},{"@type":"BreadcrumbList","@id":"https:\/\/najnaj.eu\/fr\/proizvod\/modu-kosara-za-pohranu\/#breadcrumb","itemListElement":[{"@type":"ListItem","position":1,"name":"Po\u010detna stranica","item":"https:\/\/najnaj.eu\/fr\/"},{"@type":"ListItem","position":2,"name":"Trgovina","item":"https:\/\/najnaj.hr\/trgovina\/"},{"@type":"ListItem","position":3,"name":"MODU Ko\u0161ara za pohranu"}]},{"@type":"WebSite","@id":"https:\/\/najnaj.eu\/fr\/#website","url":"https:\/\/najnaj.eu\/fr\/","name":"NajNaj.eu","description":"Za najva\u017enije!","potentialAction":[{"@type":"SearchAction","target":{"@type":"EntryPoint","urlTemplate":"https:\/\/najnaj.eu\/fr\/?s={search_term_string}"},"query-input":{"@type":"PropertyValueSpecification","valueRequired":true,"valueName":"search_term_string"}}],"inLanguage":"fr-FR"}]},"product_brand":"Modu","product_price_amount":"39.00","product_price_currency":"EUR","og_availability":"out of stock","product_availability":"out of stock","product_retailer_item_id":"M-EXT-STO-CA-NA","product_condition":"new"},"_links":{"self":[{"href":"https:\/\/najnaj.eu\/fr\/wp-json\/wp\/v2\/product\/210015","targetHints":{"allow":["GET"]}}],"collection":[{"href":"https:\/\/najnaj.eu\/fr\/wp-json\/wp\/v2\/product"}],"about":[{"href":"https:\/\/najnaj.eu\/fr\/wp-json\/wp\/v2\/types\/product"}],"replies":[{"embeddable":true,"href":"https:\/\/najnaj.eu\/fr\/wp-json\/wp\/v2\/comments?post=210015"}],"version-history":[{"count":0,"href":"https:\/\/najnaj.eu\/fr\/wp-json\/wp\/v2\/product\/210015\/revisions"}],"wp:featuredmedia":[{"embeddable":true,"href":"https:\/\/najnaj.eu\/fr\/wp-json\/wp\/v2\/media\/210016"}],"wp:attachment":[{"href":"https:\/\/najnaj.eu\/fr\/wp-json\/wp\/v2\/media?parent=210015"}],"wp:term":[{"taxonomy":"product_brand","embeddable":true,"href":"https:\/\/najnaj.eu\/fr\/wp-json\/wp\/v2\/product_brand?post=210015"},{"taxonomy":"product_cat","embeddable":true,"href":"https:\/\/najnaj.eu\/fr\/wp-json\/wp\/v2\/product_cat?post=210015"},{"taxonomy":"product_tag","embeddable":true,"href":"https:\/\/najnaj.eu\/fr\/wp-json\/wp\/v2\/product_tag?post=210015"}],"curies":[{"name":"wp","href":"https:\/\/api.w.org\/{rel}","templated":true}]}}