{"id":209180,"date":"2024-07-09T10:29:45","date_gmt":"2024-07-09T08:29:45","guid":{"rendered":"https:\/\/najnaj.eu\/?post_type=product&#038;p=209180"},"modified":"2026-04-14T13:35:26","modified_gmt":"2026-04-14T11:35:26","slug":"b-box-traka-za-bocicu-connect-a-cup-sage","status":"publish","type":"product","link":"https:\/\/najnaj.eu\/fr\/proizvod\/b-box-traka-za-bocicu-connect-a-cup-sage\/","title":{"rendered":"b.box Traka za bo\u010dicu &#8211; Connect-A-Cup &#8211; sage"},"content":{"rendered":"<p>Nema vi\u0161e izgubljenih bo\u010dica u supermarketu i ispu\u0161tenih \u0161alica s hranilice!<br \/>\nb.box connect-a-cup je potpuno podesiva traka koji povezuje bo\u010dicu s dje\u010djim kolicima, hranilicom ili autosjedalicom te tako osigurava da bo\u010dice i \u0161alice budu uvijek pri ruci.<\/p>\n","protected":false},"excerpt":{"rendered":"<ul>\n<li>Dizajnirana za sippy cup i bo\u010dice za vodu (maksimalna te\u017eina 400 grama)<\/li>\n<li>Pri\u010dvr\u0161\u0107uje se za kolica, hranilicu ili autosjedalicu<\/li>\n<li>2 sigurnosna otvora za bezbri\u017enost<\/li>\n<li>Razmak za pisanje imena<\/li>\n<li>Zahvaljuju\u0107i 3 odvojena dijela mo\u017ee se skratiti ili produ\u017eiti po potrebi<\/li>\n<li>Izra\u0111en od TPE<\/li>\n<li>Bez BPA, ftalata i PVC-a<\/li>\n<\/ul>\n","protected":false},"featured_media":280811,"comment_status":"open","ping_status":"closed","template":"","meta":{"_acf_changed":false,"footnotes":""},"product_brand":[],"product_cat":[577,622],"product_tag":[],"class_list":{"0":"post-209180","1":"product","2":"type-product","3":"status-publish","4":"has-post-thumbnail","6":"product_cat-hranjenje","7":"product_cat-posude","8":"pa_boja-zelena","9":"pa_brand-b-box","11":"first","12":"instock","13":"shipping-taxable","14":"purchasable","15":"product-type-simple"},"bundled_by":["280809"],"bundle_stock_status":"instock","bundle_stock_quantity":15,"bundle_virtual":false,"bundle_layout":"","bundle_add_to_cart_form_location":"","bundle_editable_in_cart":false,"bundle_sold_individually_context":"","bundle_item_grouping":"","bundle_min_size":"","bundle_max_size":"","bundle_price":[],"bundled_items":[],"bundle_sell_ids":[],"acf":[],"yoast_head":"<!-- This site is optimized with the Yoast SEO Premium plugin v21.5 (Yoast SEO v27.4) - https:\/\/yoast.com\/product\/yoast-seo-premium-wordpress\/ -->\n<title>b.box Traka za bo\u010dicu - Connect-A-Cup - sage - NajNaj.eu<\/title>\n<meta name=\"robots\" content=\"index, follow, max-snippet:-1, max-image-preview:large, max-video-preview:-1\" \/>\n<link rel=\"canonical\" href=\"https:\/\/najnaj.eu\/fr\/proizvod\/b-box-traka-za-bocicu-connect-a-cup-sage\/\" \/>\n<meta property=\"og:locale\" content=\"fr_FR\" \/>\n<meta property=\"og:type\" content=\"article\" \/>\n<meta property=\"og:title\" content=\"b.box Traka za bo\u010dicu - Connect-A-Cup - sage\" \/>\n<meta property=\"og:description\" content=\"Dizajnirana za sippy cup i bo\u010dice za vodu (maksimalna te\u017eina 400 grama)  Pri\u010dvr\u0161\u0107uje se za kolica, hranilicu ili autosjedalicu  2 sigurnosna otvora za bezbri\u017enost  Razmak za pisanje imena  Zahvaljuju\u0107i 3 odvojena dijela mo\u017ee se skratiti ili produ\u017eiti po potrebi  Izra\u0111en od TPE  Bez BPA, ftalata i PVC-a\" \/>\n<meta property=\"og:url\" content=\"https:\/\/najnaj.eu\/fr\/proizvod\/b-box-traka-za-bocicu-connect-a-cup-sage\/\" \/>\n<meta property=\"og:site_name\" content=\"NajNaj.eu\" \/>\n<meta property=\"article:publisher\" content=\"https:\/\/web.facebook.com\/najnaj.eu\/\" \/>\n<meta property=\"article:modified_time\" content=\"2026-04-14T11:35:26+00:00\" \/>\n<meta property=\"og:image\" content=\"https:\/\/najnaj.eu\/wp-content\/uploads\/2024\/07\/Sippy-Cup-Starter-set-Sage-3.jpg\" \/>\n\t<meta property=\"og:image:width\" content=\"1080\" \/>\n\t<meta property=\"og:image:height\" content=\"1080\" \/>\n\t<meta property=\"og:image:type\" content=\"image\/jpeg\" \/>\n<meta name=\"twitter:card\" content=\"summary_large_image\" \/>\n<meta name=\"twitter:label1\" content=\"Prix\" \/>\n\t<meta name=\"twitter:data1\" content=\"6,99&nbsp;&euro;\" \/>\n\t<meta name=\"twitter:label2\" content=\"Disponibilit\u00e9\" \/>\n\t<meta name=\"twitter:data2\" content=\"En stock\" \/>\n<script type=\"application\/ld+json\" class=\"yoast-schema-graph\">{\"@context\":\"https:\\\/\\\/schema.org\",\"@graph\":[{\"@type\":\"WebPage\",\"@id\":\"https:\\\/\\\/najnaj.eu\\\/fr\\\/proizvod\\\/b-box-traka-za-bocicu-connect-a-cup-sage\\\/\",\"url\":\"https:\\\/\\\/najnaj.eu\\\/fr\\\/proizvod\\\/b-box-traka-za-bocicu-connect-a-cup-sage\\\/\",\"name\":\"b.box Traka za bo\u010dicu - Connect-A-Cup - sage - NajNaj.eu\",\"isPartOf\":{\"@id\":\"https:\\\/\\\/najnaj.eu\\\/fr\\\/#website\"},\"primaryImageOfPage\":{\"@id\":\"https:\\\/\\\/najnaj.eu\\\/fr\\\/proizvod\\\/b-box-traka-za-bocicu-connect-a-cup-sage\\\/#primaryimage\"},\"image\":{\"@id\":\"https:\\\/\\\/najnaj.eu\\\/fr\\\/proizvod\\\/b-box-traka-za-bocicu-connect-a-cup-sage\\\/#primaryimage\"},\"thumbnailUrl\":\"https:\\\/\\\/najnaj.eu\\\/wp-content\\\/uploads\\\/2024\\\/07\\\/Sippy-Cup-Starter-set-Sage-3.jpg\",\"datePublished\":\"2024-07-09T08:29:45+00:00\",\"dateModified\":\"2026-04-14T11:35:26+00:00\",\"breadcrumb\":{\"@id\":\"https:\\\/\\\/najnaj.eu\\\/fr\\\/proizvod\\\/b-box-traka-za-bocicu-connect-a-cup-sage\\\/#breadcrumb\"},\"inLanguage\":\"fr-FR\",\"potentialAction\":[{\"@type\":\"ReadAction\",\"target\":[\"https:\\\/\\\/najnaj.eu\\\/fr\\\/proizvod\\\/b-box-traka-za-bocicu-connect-a-cup-sage\\\/\"]}]},{\"@type\":\"ImageObject\",\"inLanguage\":\"fr-FR\",\"@id\":\"https:\\\/\\\/najnaj.eu\\\/fr\\\/proizvod\\\/b-box-traka-za-bocicu-connect-a-cup-sage\\\/#primaryimage\",\"url\":\"https:\\\/\\\/najnaj.eu\\\/wp-content\\\/uploads\\\/2024\\\/07\\\/Sippy-Cup-Starter-set-Sage-3.jpg\",\"contentUrl\":\"https:\\\/\\\/najnaj.eu\\\/wp-content\\\/uploads\\\/2024\\\/07\\\/Sippy-Cup-Starter-set-Sage-3.jpg\",\"width\":1080,\"height\":1080},{\"@type\":\"BreadcrumbList\",\"@id\":\"https:\\\/\\\/najnaj.eu\\\/fr\\\/proizvod\\\/b-box-traka-za-bocicu-connect-a-cup-sage\\\/#breadcrumb\",\"itemListElement\":[{\"@type\":\"ListItem\",\"position\":1,\"name\":\"Po\u010detna stranica\",\"item\":\"https:\\\/\\\/najnaj.eu\\\/fr\\\/\"},{\"@type\":\"ListItem\",\"position\":2,\"name\":\"Trgovina\",\"item\":\"https:\\\/\\\/najnaj.hr\\\/trgovina\\\/\"},{\"@type\":\"ListItem\",\"position\":3,\"name\":\"b.box Traka za bo\u010dicu &#8211; Connect-A-Cup &#8211; sage\"}]},{\"@type\":\"WebSite\",\"@id\":\"https:\\\/\\\/najnaj.eu\\\/fr\\\/#website\",\"url\":\"https:\\\/\\\/najnaj.eu\\\/fr\\\/\",\"name\":\"NajNaj.eu\",\"description\":\"Za najva\u017enije!\",\"potentialAction\":[{\"@type\":\"SearchAction\",\"target\":{\"@type\":\"EntryPoint\",\"urlTemplate\":\"https:\\\/\\\/najnaj.eu\\\/fr\\\/?s={search_term_string}\"},\"query-input\":{\"@type\":\"PropertyValueSpecification\",\"valueRequired\":true,\"valueName\":\"search_term_string\"}}],\"inLanguage\":\"fr-FR\"}]}<\/script>\n<meta property=\"product:brand\" content=\"b.box\" \/>\n<meta property=\"product:price:amount\" content=\"6.99\" \/>\n<meta property=\"product:price:currency\" content=\"EUR\" \/>\n<meta property=\"og:availability\" content=\"instock\" \/>\n<meta property=\"product:availability\" content=\"instock\" \/>\n<meta property=\"product:retailer_item_id\" content=\"BX200910\" \/>\n<meta property=\"product:condition\" content=\"new\" \/>\n<!-- \/ Yoast SEO Premium plugin. -->","yoast_head_json":{"title":"b.box Traka za bo\u010dicu - Connect-A-Cup - sage - NajNaj.eu","robots":{"index":"index","follow":"follow","max-snippet":"max-snippet:-1","max-image-preview":"max-image-preview:large","max-video-preview":"max-video-preview:-1"},"canonical":"https:\/\/najnaj.eu\/fr\/proizvod\/b-box-traka-za-bocicu-connect-a-cup-sage\/","og_locale":"fr_FR","og_type":"article","og_title":"b.box Traka za bo\u010dicu - Connect-A-Cup - sage","og_description":"Dizajnirana za sippy cup i bo\u010dice za vodu (maksimalna te\u017eina 400 grama)  Pri\u010dvr\u0161\u0107uje se za kolica, hranilicu ili autosjedalicu  2 sigurnosna otvora za bezbri\u017enost  Razmak za pisanje imena  Zahvaljuju\u0107i 3 odvojena dijela mo\u017ee se skratiti ili produ\u017eiti po potrebi  Izra\u0111en od TPE  Bez BPA, ftalata i PVC-a","og_url":"https:\/\/najnaj.eu\/fr\/proizvod\/b-box-traka-za-bocicu-connect-a-cup-sage\/","og_site_name":"NajNaj.eu","article_publisher":"https:\/\/web.facebook.com\/najnaj.eu\/","article_modified_time":"2026-04-14T11:35:26+00:00","og_image":[{"width":1080,"height":1080,"url":"https:\/\/najnaj.eu\/wp-content\/uploads\/2024\/07\/Sippy-Cup-Starter-set-Sage-3.jpg","type":"image\/jpeg"}],"twitter_card":"summary_large_image","twitter_misc":{"Prix":"6,99&nbsp;&euro;","Disponibilit\u00e9":"En stock"},"schema":{"@context":"https:\/\/schema.org","@graph":[{"@type":"WebPage","@id":"https:\/\/najnaj.eu\/fr\/proizvod\/b-box-traka-za-bocicu-connect-a-cup-sage\/","url":"https:\/\/najnaj.eu\/fr\/proizvod\/b-box-traka-za-bocicu-connect-a-cup-sage\/","name":"b.box Traka za bo\u010dicu - Connect-A-Cup - sage - NajNaj.eu","isPartOf":{"@id":"https:\/\/najnaj.eu\/fr\/#website"},"primaryImageOfPage":{"@id":"https:\/\/najnaj.eu\/fr\/proizvod\/b-box-traka-za-bocicu-connect-a-cup-sage\/#primaryimage"},"image":{"@id":"https:\/\/najnaj.eu\/fr\/proizvod\/b-box-traka-za-bocicu-connect-a-cup-sage\/#primaryimage"},"thumbnailUrl":"https:\/\/najnaj.eu\/wp-content\/uploads\/2024\/07\/Sippy-Cup-Starter-set-Sage-3.jpg","datePublished":"2024-07-09T08:29:45+00:00","dateModified":"2026-04-14T11:35:26+00:00","breadcrumb":{"@id":"https:\/\/najnaj.eu\/fr\/proizvod\/b-box-traka-za-bocicu-connect-a-cup-sage\/#breadcrumb"},"inLanguage":"fr-FR","potentialAction":[{"@type":"ReadAction","target":["https:\/\/najnaj.eu\/fr\/proizvod\/b-box-traka-za-bocicu-connect-a-cup-sage\/"]}]},{"@type":"ImageObject","inLanguage":"fr-FR","@id":"https:\/\/najnaj.eu\/fr\/proizvod\/b-box-traka-za-bocicu-connect-a-cup-sage\/#primaryimage","url":"https:\/\/najnaj.eu\/wp-content\/uploads\/2024\/07\/Sippy-Cup-Starter-set-Sage-3.jpg","contentUrl":"https:\/\/najnaj.eu\/wp-content\/uploads\/2024\/07\/Sippy-Cup-Starter-set-Sage-3.jpg","width":1080,"height":1080},{"@type":"BreadcrumbList","@id":"https:\/\/najnaj.eu\/fr\/proizvod\/b-box-traka-za-bocicu-connect-a-cup-sage\/#breadcrumb","itemListElement":[{"@type":"ListItem","position":1,"name":"Po\u010detna stranica","item":"https:\/\/najnaj.eu\/fr\/"},{"@type":"ListItem","position":2,"name":"Trgovina","item":"https:\/\/najnaj.hr\/trgovina\/"},{"@type":"ListItem","position":3,"name":"b.box Traka za bo\u010dicu &#8211; Connect-A-Cup &#8211; sage"}]},{"@type":"WebSite","@id":"https:\/\/najnaj.eu\/fr\/#website","url":"https:\/\/najnaj.eu\/fr\/","name":"NajNaj.eu","description":"Za najva\u017enije!","potentialAction":[{"@type":"SearchAction","target":{"@type":"EntryPoint","urlTemplate":"https:\/\/najnaj.eu\/fr\/?s={search_term_string}"},"query-input":{"@type":"PropertyValueSpecification","valueRequired":true,"valueName":"search_term_string"}}],"inLanguage":"fr-FR"}]},"product_brand":"b.box","product_price_amount":"6.99","product_price_currency":"EUR","og_availability":"instock","product_availability":"instock","product_retailer_item_id":"BX200910","product_condition":"new"},"_links":{"self":[{"href":"https:\/\/najnaj.eu\/fr\/wp-json\/wp\/v2\/product\/209180","targetHints":{"allow":["GET"]}}],"collection":[{"href":"https:\/\/najnaj.eu\/fr\/wp-json\/wp\/v2\/product"}],"about":[{"href":"https:\/\/najnaj.eu\/fr\/wp-json\/wp\/v2\/types\/product"}],"replies":[{"embeddable":true,"href":"https:\/\/najnaj.eu\/fr\/wp-json\/wp\/v2\/comments?post=209180"}],"version-history":[{"count":0,"href":"https:\/\/najnaj.eu\/fr\/wp-json\/wp\/v2\/product\/209180\/revisions"}],"wp:featuredmedia":[{"embeddable":true,"href":"https:\/\/najnaj.eu\/fr\/wp-json\/wp\/v2\/media\/280811"}],"wp:attachment":[{"href":"https:\/\/najnaj.eu\/fr\/wp-json\/wp\/v2\/media?parent=209180"}],"wp:term":[{"taxonomy":"product_brand","embeddable":true,"href":"https:\/\/najnaj.eu\/fr\/wp-json\/wp\/v2\/product_brand?post=209180"},{"taxonomy":"product_cat","embeddable":true,"href":"https:\/\/najnaj.eu\/fr\/wp-json\/wp\/v2\/product_cat?post=209180"},{"taxonomy":"product_tag","embeddable":true,"href":"https:\/\/najnaj.eu\/fr\/wp-json\/wp\/v2\/product_tag?post=209180"}],"curies":[{"name":"wp","href":"https:\/\/api.w.org\/{rel}","templated":true}]}}