{"id":209045,"date":"2024-07-09T09:03:17","date_gmt":"2024-07-09T07:03:17","guid":{"rendered":"https:\/\/najnaj.eu\/?post_type=product&#038;p=209045"},"modified":"2026-03-29T00:41:48","modified_gmt":"2026-03-28T23:41:48","slug":"b-box-sportska-termo-bocica-500-ml-indigo-rose","status":"publish","type":"product","link":"https:\/\/najnaj.eu\/fr\/proizvod\/b-box-sportska-termo-bocica-500-ml-indigo-rose\/","title":{"rendered":"b.box Sportska termo bo\u010dica, 500 ml &#8211; indigo rose"},"content":{"rendered":"<p>Dovedite ga\u0161enje \u017ee\u0111i na novi nivo. Jednostavno ispijanje kroz silikonski usnik i dvostrani ventil. Ova termo baca od nehr\u0111aju\u0107eg \u010delika odr\u017eava temperaturu hladnih teku\u0107ina do 15 i toplih do 8 sati. To mi zovemo hidratacijom!<br \/>\nKada je poklopac zatvoren, boca je nepropusna, pa tako nema vi\u0161e promo\u0107enih torbi i mokrih knjiga. Poklopac se jednostavno otvara na potisak. Meka silikonska slamka ostaje pokrivena i \u010dista. Silikonska traka omogu\u0107uje djeci da lako nose svoju bo\u010dicu i vade je iz torbe. Dizajnom su odli\u010dno prilago\u0111ene starijoj djeci.<br \/>\n\u0160irok otvor za lak\u0161e punjenje teku\u0107inom i kockicama leda. Kapacitet 500 ml. Gornji dio periv u perilici posu\u0111a.<\/p>\n","protected":false},"excerpt":{"rendered":"<p>&gt; Termo boca s dvostrukim stijenkama od nehr\u0111aju\u0107eg \u010delika<br \/>\n&gt; Teku\u0107ine ostaju hladne do 15 sati ili tople do 8 sati<br \/>\n&gt; Silikonska slamka za lak\u0161e ispijanje teku\u0107ina<br \/>\n&gt; Pokopac dr\u017ei slamku pokrivenom i \u010distom<br \/>\n&gt; Nepropusna kada je poklopac zatvoren<br \/>\n&gt; Silikonska traka za no\u0161enje<br \/>\n&gt; Perivo u perilici posu\u0111a, samo gornja polica<br \/>\n&gt; Ne sadr\u017ei BPA, ftalate i PVC<br \/>\n&gt; Kapacitet: 500 ml<\/p>\n","protected":false},"featured_media":209047,"comment_status":"open","ping_status":"closed","template":"","meta":{"_acf_changed":false,"footnotes":""},"product_brand":[],"product_cat":[654,577,622],"product_tag":[],"class_list":{"0":"post-209045","1":"product","2":"type-product","3":"status-publish","4":"has-post-thumbnail","6":"product_cat-boce-za-vodu","7":"product_cat-hranjenje","8":"product_cat-posude","9":"pa_boja-roza","10":"pa_boja-zelena","11":"pa_brand-b-box","12":"pa_vrsta-posuda-bocice-za-vodu","13":"pa_vrsta-posuda-termo-bocice","15":"first","16":"instock","17":"purchasable","18":"product-type-simple"},"bundled_by":["268530"],"bundle_stock_status":"instock","bundle_stock_quantity":15,"bundle_virtual":false,"bundle_layout":"","bundle_add_to_cart_form_location":"","bundle_editable_in_cart":false,"bundle_sold_individually_context":"","bundle_item_grouping":"","bundle_min_size":"","bundle_max_size":"","bundle_price":[],"bundled_items":[],"bundle_sell_ids":[],"acf":[],"yoast_head":"<!-- This site is optimized with the Yoast SEO Premium plugin v21.5 (Yoast SEO v27.4) - https:\/\/yoast.com\/product\/yoast-seo-premium-wordpress\/ -->\n<title>b.box Sportska termo bo\u010dica, 500 ml - indigo rose - NajNaj.eu<\/title>\n<meta name=\"robots\" content=\"index, follow, max-snippet:-1, max-image-preview:large, max-video-preview:-1\" \/>\n<link rel=\"canonical\" href=\"https:\/\/najnaj.eu\/fr\/proizvod\/b-box-sportska-termo-bocica-500-ml-indigo-rose\/\" \/>\n<meta property=\"og:locale\" content=\"fr_FR\" \/>\n<meta property=\"og:type\" content=\"article\" \/>\n<meta property=\"og:title\" content=\"b.box Sportska termo bo\u010dica, 500 ml - indigo rose\" \/>\n<meta property=\"og:description\" content=\"&gt; Termo boca s dvostrukim stijenkama od nehr\u0111aju\u0107eg \u010delika &gt; Teku\u0107ine ostaju hladne do 15 sati ili tople do 8 sati &gt; Silikonska slamka za lak\u0161e ispijanje teku\u0107ina &gt; Pokopac dr\u017ei slamku pokrivenom i \u010distom &gt; Nepropusna kada je poklopac zatvoren &gt; Silikonska traka za no\u0161enje &gt; Perivo u perilici posu\u0111a, samo gornja polica &gt; Ne sadr\u017ei BPA, ftalate i PVC &gt; Kapacitet: 500 ml\" \/>\n<meta property=\"og:url\" content=\"https:\/\/najnaj.eu\/fr\/proizvod\/b-box-sportska-termo-bocica-500-ml-indigo-rose\/\" \/>\n<meta property=\"og:site_name\" content=\"NajNaj.eu\" \/>\n<meta property=\"article:publisher\" content=\"https:\/\/web.facebook.com\/najnaj.eu\/\" \/>\n<meta property=\"article:modified_time\" content=\"2026-03-28T23:41:48+00:00\" \/>\n<meta property=\"og:image\" content=\"https:\/\/najnaj.eu\/wp-content\/uploads\/2024\/07\/BX500906_ISP_IndigoRose_1_768x.webp\" \/>\n\t<meta property=\"og:image:width\" content=\"768\" \/>\n\t<meta property=\"og:image:height\" content=\"768\" \/>\n\t<meta property=\"og:image:type\" content=\"image\/webp\" \/>\n<meta name=\"twitter:card\" content=\"summary_large_image\" \/>\n<meta name=\"twitter:label1\" content=\"Prix\" \/>\n\t<meta name=\"twitter:data1\" content=\"29,99&nbsp;&euro;\" \/>\n\t<meta name=\"twitter:label2\" content=\"Disponibilit\u00e9\" \/>\n\t<meta name=\"twitter:data2\" content=\"En stock\" \/>\n<script type=\"application\/ld+json\" class=\"yoast-schema-graph\">{\"@context\":\"https:\\\/\\\/schema.org\",\"@graph\":[{\"@type\":\"WebPage\",\"@id\":\"https:\\\/\\\/najnaj.eu\\\/fr\\\/proizvod\\\/b-box-sportska-termo-bocica-500-ml-indigo-rose\\\/\",\"url\":\"https:\\\/\\\/najnaj.eu\\\/fr\\\/proizvod\\\/b-box-sportska-termo-bocica-500-ml-indigo-rose\\\/\",\"name\":\"b.box Sportska termo bo\u010dica, 500 ml - indigo rose - NajNaj.eu\",\"isPartOf\":{\"@id\":\"https:\\\/\\\/najnaj.eu\\\/fr\\\/#website\"},\"primaryImageOfPage\":{\"@id\":\"https:\\\/\\\/najnaj.eu\\\/fr\\\/proizvod\\\/b-box-sportska-termo-bocica-500-ml-indigo-rose\\\/#primaryimage\"},\"image\":{\"@id\":\"https:\\\/\\\/najnaj.eu\\\/fr\\\/proizvod\\\/b-box-sportska-termo-bocica-500-ml-indigo-rose\\\/#primaryimage\"},\"thumbnailUrl\":\"https:\\\/\\\/najnaj.eu\\\/wp-content\\\/uploads\\\/2024\\\/07\\\/BX500906_ISP_IndigoRose_1_768x.webp\",\"datePublished\":\"2024-07-09T07:03:17+00:00\",\"dateModified\":\"2026-03-28T23:41:48+00:00\",\"breadcrumb\":{\"@id\":\"https:\\\/\\\/najnaj.eu\\\/fr\\\/proizvod\\\/b-box-sportska-termo-bocica-500-ml-indigo-rose\\\/#breadcrumb\"},\"inLanguage\":\"fr-FR\",\"potentialAction\":[{\"@type\":\"ReadAction\",\"target\":[\"https:\\\/\\\/najnaj.eu\\\/fr\\\/proizvod\\\/b-box-sportska-termo-bocica-500-ml-indigo-rose\\\/\"]}]},{\"@type\":\"ImageObject\",\"inLanguage\":\"fr-FR\",\"@id\":\"https:\\\/\\\/najnaj.eu\\\/fr\\\/proizvod\\\/b-box-sportska-termo-bocica-500-ml-indigo-rose\\\/#primaryimage\",\"url\":\"https:\\\/\\\/najnaj.eu\\\/wp-content\\\/uploads\\\/2024\\\/07\\\/BX500906_ISP_IndigoRose_1_768x.webp\",\"contentUrl\":\"https:\\\/\\\/najnaj.eu\\\/wp-content\\\/uploads\\\/2024\\\/07\\\/BX500906_ISP_IndigoRose_1_768x.webp\",\"width\":768,\"height\":768},{\"@type\":\"BreadcrumbList\",\"@id\":\"https:\\\/\\\/najnaj.eu\\\/fr\\\/proizvod\\\/b-box-sportska-termo-bocica-500-ml-indigo-rose\\\/#breadcrumb\",\"itemListElement\":[{\"@type\":\"ListItem\",\"position\":1,\"name\":\"Po\u010detna stranica\",\"item\":\"https:\\\/\\\/najnaj.eu\\\/fr\\\/\"},{\"@type\":\"ListItem\",\"position\":2,\"name\":\"Trgovina\",\"item\":\"https:\\\/\\\/najnaj.hr\\\/trgovina\\\/\"},{\"@type\":\"ListItem\",\"position\":3,\"name\":\"b.box Sportska termo bo\u010dica, 500 ml &#8211; indigo rose\"}]},{\"@type\":\"WebSite\",\"@id\":\"https:\\\/\\\/najnaj.eu\\\/fr\\\/#website\",\"url\":\"https:\\\/\\\/najnaj.eu\\\/fr\\\/\",\"name\":\"NajNaj.eu\",\"description\":\"Za najva\u017enije!\",\"potentialAction\":[{\"@type\":\"SearchAction\",\"target\":{\"@type\":\"EntryPoint\",\"urlTemplate\":\"https:\\\/\\\/najnaj.eu\\\/fr\\\/?s={search_term_string}\"},\"query-input\":{\"@type\":\"PropertyValueSpecification\",\"valueRequired\":true,\"valueName\":\"search_term_string\"}}],\"inLanguage\":\"fr-FR\"}]}<\/script>\n<meta property=\"product:brand\" content=\"b.box\" \/>\n<meta property=\"product:price:amount\" content=\"29.99\" \/>\n<meta property=\"product:price:currency\" content=\"EUR\" \/>\n<meta property=\"og:availability\" content=\"instock\" \/>\n<meta property=\"product:availability\" content=\"instock\" \/>\n<meta property=\"product:retailer_item_id\" content=\"BX500906\" \/>\n<meta property=\"product:condition\" content=\"new\" \/>\n<!-- \/ Yoast SEO Premium plugin. -->","yoast_head_json":{"title":"b.box Sportska termo bo\u010dica, 500 ml - indigo rose - NajNaj.eu","robots":{"index":"index","follow":"follow","max-snippet":"max-snippet:-1","max-image-preview":"max-image-preview:large","max-video-preview":"max-video-preview:-1"},"canonical":"https:\/\/najnaj.eu\/fr\/proizvod\/b-box-sportska-termo-bocica-500-ml-indigo-rose\/","og_locale":"fr_FR","og_type":"article","og_title":"b.box Sportska termo bo\u010dica, 500 ml - indigo rose","og_description":"&gt; Termo boca s dvostrukim stijenkama od nehr\u0111aju\u0107eg \u010delika &gt; Teku\u0107ine ostaju hladne do 15 sati ili tople do 8 sati &gt; Silikonska slamka za lak\u0161e ispijanje teku\u0107ina &gt; Pokopac dr\u017ei slamku pokrivenom i \u010distom &gt; Nepropusna kada je poklopac zatvoren &gt; Silikonska traka za no\u0161enje &gt; Perivo u perilici posu\u0111a, samo gornja polica &gt; Ne sadr\u017ei BPA, ftalate i PVC &gt; Kapacitet: 500 ml","og_url":"https:\/\/najnaj.eu\/fr\/proizvod\/b-box-sportska-termo-bocica-500-ml-indigo-rose\/","og_site_name":"NajNaj.eu","article_publisher":"https:\/\/web.facebook.com\/najnaj.eu\/","article_modified_time":"2026-03-28T23:41:48+00:00","og_image":[{"width":768,"height":768,"url":"https:\/\/najnaj.eu\/wp-content\/uploads\/2024\/07\/BX500906_ISP_IndigoRose_1_768x.webp","type":"image\/webp"}],"twitter_card":"summary_large_image","twitter_misc":{"Prix":"29,99&nbsp;&euro;","Disponibilit\u00e9":"En stock"},"schema":{"@context":"https:\/\/schema.org","@graph":[{"@type":"WebPage","@id":"https:\/\/najnaj.eu\/fr\/proizvod\/b-box-sportska-termo-bocica-500-ml-indigo-rose\/","url":"https:\/\/najnaj.eu\/fr\/proizvod\/b-box-sportska-termo-bocica-500-ml-indigo-rose\/","name":"b.box Sportska termo bo\u010dica, 500 ml - indigo rose - NajNaj.eu","isPartOf":{"@id":"https:\/\/najnaj.eu\/fr\/#website"},"primaryImageOfPage":{"@id":"https:\/\/najnaj.eu\/fr\/proizvod\/b-box-sportska-termo-bocica-500-ml-indigo-rose\/#primaryimage"},"image":{"@id":"https:\/\/najnaj.eu\/fr\/proizvod\/b-box-sportska-termo-bocica-500-ml-indigo-rose\/#primaryimage"},"thumbnailUrl":"https:\/\/najnaj.eu\/wp-content\/uploads\/2024\/07\/BX500906_ISP_IndigoRose_1_768x.webp","datePublished":"2024-07-09T07:03:17+00:00","dateModified":"2026-03-28T23:41:48+00:00","breadcrumb":{"@id":"https:\/\/najnaj.eu\/fr\/proizvod\/b-box-sportska-termo-bocica-500-ml-indigo-rose\/#breadcrumb"},"inLanguage":"fr-FR","potentialAction":[{"@type":"ReadAction","target":["https:\/\/najnaj.eu\/fr\/proizvod\/b-box-sportska-termo-bocica-500-ml-indigo-rose\/"]}]},{"@type":"ImageObject","inLanguage":"fr-FR","@id":"https:\/\/najnaj.eu\/fr\/proizvod\/b-box-sportska-termo-bocica-500-ml-indigo-rose\/#primaryimage","url":"https:\/\/najnaj.eu\/wp-content\/uploads\/2024\/07\/BX500906_ISP_IndigoRose_1_768x.webp","contentUrl":"https:\/\/najnaj.eu\/wp-content\/uploads\/2024\/07\/BX500906_ISP_IndigoRose_1_768x.webp","width":768,"height":768},{"@type":"BreadcrumbList","@id":"https:\/\/najnaj.eu\/fr\/proizvod\/b-box-sportska-termo-bocica-500-ml-indigo-rose\/#breadcrumb","itemListElement":[{"@type":"ListItem","position":1,"name":"Po\u010detna stranica","item":"https:\/\/najnaj.eu\/fr\/"},{"@type":"ListItem","position":2,"name":"Trgovina","item":"https:\/\/najnaj.hr\/trgovina\/"},{"@type":"ListItem","position":3,"name":"b.box Sportska termo bo\u010dica, 500 ml &#8211; indigo rose"}]},{"@type":"WebSite","@id":"https:\/\/najnaj.eu\/fr\/#website","url":"https:\/\/najnaj.eu\/fr\/","name":"NajNaj.eu","description":"Za najva\u017enije!","potentialAction":[{"@type":"SearchAction","target":{"@type":"EntryPoint","urlTemplate":"https:\/\/najnaj.eu\/fr\/?s={search_term_string}"},"query-input":{"@type":"PropertyValueSpecification","valueRequired":true,"valueName":"search_term_string"}}],"inLanguage":"fr-FR"}]},"product_brand":"b.box","product_price_amount":"29.99","product_price_currency":"EUR","og_availability":"instock","product_availability":"instock","product_retailer_item_id":"BX500906","product_condition":"new"},"_links":{"self":[{"href":"https:\/\/najnaj.eu\/fr\/wp-json\/wp\/v2\/product\/209045","targetHints":{"allow":["GET"]}}],"collection":[{"href":"https:\/\/najnaj.eu\/fr\/wp-json\/wp\/v2\/product"}],"about":[{"href":"https:\/\/najnaj.eu\/fr\/wp-json\/wp\/v2\/types\/product"}],"replies":[{"embeddable":true,"href":"https:\/\/najnaj.eu\/fr\/wp-json\/wp\/v2\/comments?post=209045"}],"version-history":[{"count":0,"href":"https:\/\/najnaj.eu\/fr\/wp-json\/wp\/v2\/product\/209045\/revisions"}],"wp:featuredmedia":[{"embeddable":true,"href":"https:\/\/najnaj.eu\/fr\/wp-json\/wp\/v2\/media\/209047"}],"wp:attachment":[{"href":"https:\/\/najnaj.eu\/fr\/wp-json\/wp\/v2\/media?parent=209045"}],"wp:term":[{"taxonomy":"product_brand","embeddable":true,"href":"https:\/\/najnaj.eu\/fr\/wp-json\/wp\/v2\/product_brand?post=209045"},{"taxonomy":"product_cat","embeddable":true,"href":"https:\/\/najnaj.eu\/fr\/wp-json\/wp\/v2\/product_cat?post=209045"},{"taxonomy":"product_tag","embeddable":true,"href":"https:\/\/najnaj.eu\/fr\/wp-json\/wp\/v2\/product_tag?post=209045"}],"curies":[{"name":"wp","href":"https:\/\/api.w.org\/{rel}","templated":true}]}}