{"id":206694,"date":"2024-06-10T14:53:19","date_gmt":"2024-06-10T12:53:19","guid":{"rendered":"https:\/\/najnaj.eu\/?post_type=product&#038;p=206694"},"modified":"2026-02-04T10:13:20","modified_gmt":"2026-02-04T09:13:20","slug":"citron-tritan-kutija-za-uzinu-lemon","status":"publish","type":"product","link":"https:\/\/najnaj.eu\/fr\/proizvod\/citron-tritan-kutija-za-uzinu-lemon\/","title":{"rendered":"Citron Tritan Kutija za u\u017einu Lemon"},"content":{"rendered":"<p>+ Pohranjuje hranu u 4 odvojena odjeljka, u stilu bento kutije za ru\u010dak<br \/>\n+ Odr\u017eava torbu za ru\u010dak suhom i \u010distom pomo\u0107u nepropusnog zatvara\u010da<br \/>\n+ Napravljeno bez otrovnih materijala (bez BPA, ftalata i olova)<br \/>\n+ Lako se otvara \u010dak i malim rukama<br \/>\n+ Prikladno za djecu od 18+ mjeseci<br \/>\n+ Podstavljena silikonom koji se mo\u017ee ukloniti radi lak\u0161eg pranja<br \/>\n+ Zapremnina do 700 ml hrane, a jo\u0161 uvijek je lagana<br \/>\n+ Dimenzije: 16,5 x 21 x 5 cm<\/p>\n","protected":false},"excerpt":{"rendered":"<p>Savr\u0161ena za obroke u pokretu u \u0161koli, na poslu, u igri ili na putovanju, lagana Tritan kutija za u\u017einu otporna je na curenje pa ne\u0107e uzrokovati prolijevanje po torbi. Izra\u0111ena je od visokokvalitetnih, netoksi\u010dnih materijala. Tako\u0111er dolazi s \u010detiri pretinca u bento stilu.<\/p>\n","protected":false},"featured_media":206696,"comment_status":"open","ping_status":"closed","template":"","meta":{"_acf_changed":false,"footnotes":""},"product_brand":[],"product_cat":[577,655,622],"product_tag":[],"class_list":{"0":"post-206694","1":"product","2":"type-product","3":"status-publish","4":"has-post-thumbnail","6":"product_cat-hranjenje","7":"product_cat-kutije-za-uzinu","8":"product_cat-posude","10":"first","11":"instock","12":"sale","13":"shipping-taxable","14":"purchasable","15":"product-type-simple"},"bundled_by":[],"bundle_stock_status":"instock","bundle_stock_quantity":2,"bundle_virtual":false,"bundle_layout":"","bundle_add_to_cart_form_location":"","bundle_editable_in_cart":false,"bundle_sold_individually_context":"","bundle_item_grouping":"","bundle_min_size":"","bundle_max_size":"","bundle_price":[],"bundled_items":[],"bundle_sell_ids":[],"acf":[],"yoast_head":"<!-- This site is optimized with the Yoast SEO Premium plugin v21.5 (Yoast SEO v27.4) - https:\/\/yoast.com\/product\/yoast-seo-premium-wordpress\/ -->\n<title>Citron Tritan Kutija za u\u017einu Lemon - NajNaj.eu<\/title>\n<meta name=\"robots\" content=\"index, follow, max-snippet:-1, max-image-preview:large, max-video-preview:-1\" \/>\n<link rel=\"canonical\" href=\"https:\/\/najnaj.eu\/fr\/proizvod\/citron-tritan-kutija-za-uzinu-lemon\/\" \/>\n<meta property=\"og:locale\" content=\"fr_FR\" \/>\n<meta property=\"og:type\" content=\"article\" \/>\n<meta property=\"og:title\" content=\"Citron Tritan Kutija za u\u017einu Lemon\" \/>\n<meta property=\"og:description\" content=\"Savr\u0161ena za obroke u pokretu u \u0161koli, na poslu, u igri ili na putovanju, lagana Tritan kutija za u\u017einu otporna je na curenje pa ne\u0107e uzrokovati prolijevanje po torbi. Izra\u0111ena je od visokokvalitetnih, netoksi\u010dnih materijala. Tako\u0111er dolazi s \u010detiri pretinca u bento stilu.\" \/>\n<meta property=\"og:url\" content=\"https:\/\/najnaj.eu\/fr\/proizvod\/citron-tritan-kutija-za-uzinu-lemon\/\" \/>\n<meta property=\"og:site_name\" content=\"NajNaj.eu\" \/>\n<meta property=\"article:publisher\" content=\"https:\/\/web.facebook.com\/najnaj.eu\/\" \/>\n<meta property=\"article:modified_time\" content=\"2026-02-04T09:13:20+00:00\" \/>\n<meta property=\"og:image\" content=\"https:\/\/najnaj.eu\/wp-content\/uploads\/2024\/06\/Z1002-Tritan-Lunchbox-Lemon-Extra-0.jpg\" \/>\n\t<meta property=\"og:image:width\" content=\"2000\" \/>\n\t<meta property=\"og:image:height\" content=\"2000\" \/>\n\t<meta property=\"og:image:type\" content=\"image\/jpeg\" \/>\n<meta name=\"twitter:card\" content=\"summary_large_image\" \/>\n<meta name=\"twitter:label1\" content=\"Prix\" \/>\n\t<meta name=\"twitter:data1\" content=\"39,99&nbsp;&euro;\" \/>\n\t<meta name=\"twitter:label2\" content=\"Disponibilit\u00e9\" \/>\n\t<meta name=\"twitter:data2\" content=\"En stock\" \/>\n<script type=\"application\/ld+json\" class=\"yoast-schema-graph\">{\"@context\":\"https:\\\/\\\/schema.org\",\"@graph\":[{\"@type\":\"WebPage\",\"@id\":\"https:\\\/\\\/najnaj.eu\\\/fr\\\/proizvod\\\/citron-tritan-kutija-za-uzinu-lemon\\\/\",\"url\":\"https:\\\/\\\/najnaj.eu\\\/fr\\\/proizvod\\\/citron-tritan-kutija-za-uzinu-lemon\\\/\",\"name\":\"Citron Tritan Kutija za u\u017einu Lemon - NajNaj.eu\",\"isPartOf\":{\"@id\":\"https:\\\/\\\/najnaj.eu\\\/fr\\\/#website\"},\"primaryImageOfPage\":{\"@id\":\"https:\\\/\\\/najnaj.eu\\\/fr\\\/proizvod\\\/citron-tritan-kutija-za-uzinu-lemon\\\/#primaryimage\"},\"image\":{\"@id\":\"https:\\\/\\\/najnaj.eu\\\/fr\\\/proizvod\\\/citron-tritan-kutija-za-uzinu-lemon\\\/#primaryimage\"},\"thumbnailUrl\":\"https:\\\/\\\/najnaj.eu\\\/wp-content\\\/uploads\\\/2024\\\/06\\\/Z1002-Tritan-Lunchbox-Lemon-Extra-0.jpg\",\"datePublished\":\"2024-06-10T12:53:19+00:00\",\"dateModified\":\"2026-02-04T09:13:20+00:00\",\"breadcrumb\":{\"@id\":\"https:\\\/\\\/najnaj.eu\\\/fr\\\/proizvod\\\/citron-tritan-kutija-za-uzinu-lemon\\\/#breadcrumb\"},\"inLanguage\":\"fr-FR\",\"potentialAction\":[{\"@type\":\"ReadAction\",\"target\":[\"https:\\\/\\\/najnaj.eu\\\/fr\\\/proizvod\\\/citron-tritan-kutija-za-uzinu-lemon\\\/\"]}]},{\"@type\":\"ImageObject\",\"inLanguage\":\"fr-FR\",\"@id\":\"https:\\\/\\\/najnaj.eu\\\/fr\\\/proizvod\\\/citron-tritan-kutija-za-uzinu-lemon\\\/#primaryimage\",\"url\":\"https:\\\/\\\/najnaj.eu\\\/wp-content\\\/uploads\\\/2024\\\/06\\\/Z1002-Tritan-Lunchbox-Lemon-Extra-0.jpg\",\"contentUrl\":\"https:\\\/\\\/najnaj.eu\\\/wp-content\\\/uploads\\\/2024\\\/06\\\/Z1002-Tritan-Lunchbox-Lemon-Extra-0.jpg\",\"width\":2000,\"height\":2000},{\"@type\":\"BreadcrumbList\",\"@id\":\"https:\\\/\\\/najnaj.eu\\\/fr\\\/proizvod\\\/citron-tritan-kutija-za-uzinu-lemon\\\/#breadcrumb\",\"itemListElement\":[{\"@type\":\"ListItem\",\"position\":1,\"name\":\"Po\u010detna stranica\",\"item\":\"https:\\\/\\\/najnaj.eu\\\/fr\\\/\"},{\"@type\":\"ListItem\",\"position\":2,\"name\":\"Trgovina\",\"item\":\"https:\\\/\\\/najnaj.hr\\\/trgovina\\\/\"},{\"@type\":\"ListItem\",\"position\":3,\"name\":\"Citron Tritan Kutija za u\u017einu Lemon\"}]},{\"@type\":\"WebSite\",\"@id\":\"https:\\\/\\\/najnaj.eu\\\/fr\\\/#website\",\"url\":\"https:\\\/\\\/najnaj.eu\\\/fr\\\/\",\"name\":\"NajNaj.eu\",\"description\":\"Za najva\u017enije!\",\"potentialAction\":[{\"@type\":\"SearchAction\",\"target\":{\"@type\":\"EntryPoint\",\"urlTemplate\":\"https:\\\/\\\/najnaj.eu\\\/fr\\\/?s={search_term_string}\"},\"query-input\":{\"@type\":\"PropertyValueSpecification\",\"valueRequired\":true,\"valueName\":\"search_term_string\"}}],\"inLanguage\":\"fr-FR\"}]}<\/script>\n<meta property=\"product:price:amount\" content=\"39.99\" \/>\n<meta property=\"product:price:currency\" content=\"EUR\" \/>\n<meta property=\"og:availability\" content=\"instock\" \/>\n<meta property=\"product:availability\" content=\"instock\" \/>\n<meta property=\"product:retailer_item_id\" content=\"2022_Lunchbox_Tritan_Lemon\" \/>\n<meta property=\"product:condition\" content=\"new\" \/>\n<!-- \/ Yoast SEO Premium plugin. -->","yoast_head_json":{"title":"Citron Tritan Kutija za u\u017einu Lemon - NajNaj.eu","robots":{"index":"index","follow":"follow","max-snippet":"max-snippet:-1","max-image-preview":"max-image-preview:large","max-video-preview":"max-video-preview:-1"},"canonical":"https:\/\/najnaj.eu\/fr\/proizvod\/citron-tritan-kutija-za-uzinu-lemon\/","og_locale":"fr_FR","og_type":"article","og_title":"Citron Tritan Kutija za u\u017einu Lemon","og_description":"Savr\u0161ena za obroke u pokretu u \u0161koli, na poslu, u igri ili na putovanju, lagana Tritan kutija za u\u017einu otporna je na curenje pa ne\u0107e uzrokovati prolijevanje po torbi. Izra\u0111ena je od visokokvalitetnih, netoksi\u010dnih materijala. Tako\u0111er dolazi s \u010detiri pretinca u bento stilu.","og_url":"https:\/\/najnaj.eu\/fr\/proizvod\/citron-tritan-kutija-za-uzinu-lemon\/","og_site_name":"NajNaj.eu","article_publisher":"https:\/\/web.facebook.com\/najnaj.eu\/","article_modified_time":"2026-02-04T09:13:20+00:00","og_image":[{"width":2000,"height":2000,"url":"https:\/\/najnaj.eu\/wp-content\/uploads\/2024\/06\/Z1002-Tritan-Lunchbox-Lemon-Extra-0.jpg","type":"image\/jpeg"}],"twitter_card":"summary_large_image","twitter_misc":{"Prix":"39,99&nbsp;&euro;","Disponibilit\u00e9":"En stock"},"schema":{"@context":"https:\/\/schema.org","@graph":[{"@type":"WebPage","@id":"https:\/\/najnaj.eu\/fr\/proizvod\/citron-tritan-kutija-za-uzinu-lemon\/","url":"https:\/\/najnaj.eu\/fr\/proizvod\/citron-tritan-kutija-za-uzinu-lemon\/","name":"Citron Tritan Kutija za u\u017einu Lemon - NajNaj.eu","isPartOf":{"@id":"https:\/\/najnaj.eu\/fr\/#website"},"primaryImageOfPage":{"@id":"https:\/\/najnaj.eu\/fr\/proizvod\/citron-tritan-kutija-za-uzinu-lemon\/#primaryimage"},"image":{"@id":"https:\/\/najnaj.eu\/fr\/proizvod\/citron-tritan-kutija-za-uzinu-lemon\/#primaryimage"},"thumbnailUrl":"https:\/\/najnaj.eu\/wp-content\/uploads\/2024\/06\/Z1002-Tritan-Lunchbox-Lemon-Extra-0.jpg","datePublished":"2024-06-10T12:53:19+00:00","dateModified":"2026-02-04T09:13:20+00:00","breadcrumb":{"@id":"https:\/\/najnaj.eu\/fr\/proizvod\/citron-tritan-kutija-za-uzinu-lemon\/#breadcrumb"},"inLanguage":"fr-FR","potentialAction":[{"@type":"ReadAction","target":["https:\/\/najnaj.eu\/fr\/proizvod\/citron-tritan-kutija-za-uzinu-lemon\/"]}]},{"@type":"ImageObject","inLanguage":"fr-FR","@id":"https:\/\/najnaj.eu\/fr\/proizvod\/citron-tritan-kutija-za-uzinu-lemon\/#primaryimage","url":"https:\/\/najnaj.eu\/wp-content\/uploads\/2024\/06\/Z1002-Tritan-Lunchbox-Lemon-Extra-0.jpg","contentUrl":"https:\/\/najnaj.eu\/wp-content\/uploads\/2024\/06\/Z1002-Tritan-Lunchbox-Lemon-Extra-0.jpg","width":2000,"height":2000},{"@type":"BreadcrumbList","@id":"https:\/\/najnaj.eu\/fr\/proizvod\/citron-tritan-kutija-za-uzinu-lemon\/#breadcrumb","itemListElement":[{"@type":"ListItem","position":1,"name":"Po\u010detna stranica","item":"https:\/\/najnaj.eu\/fr\/"},{"@type":"ListItem","position":2,"name":"Trgovina","item":"https:\/\/najnaj.hr\/trgovina\/"},{"@type":"ListItem","position":3,"name":"Citron Tritan Kutija za u\u017einu Lemon"}]},{"@type":"WebSite","@id":"https:\/\/najnaj.eu\/fr\/#website","url":"https:\/\/najnaj.eu\/fr\/","name":"NajNaj.eu","description":"Za najva\u017enije!","potentialAction":[{"@type":"SearchAction","target":{"@type":"EntryPoint","urlTemplate":"https:\/\/najnaj.eu\/fr\/?s={search_term_string}"},"query-input":{"@type":"PropertyValueSpecification","valueRequired":true,"valueName":"search_term_string"}}],"inLanguage":"fr-FR"}]},"product_price_amount":"39.99","product_price_currency":"EUR","og_availability":"instock","product_availability":"instock","product_retailer_item_id":"2022_Lunchbox_Tritan_Lemon","product_condition":"new"},"_links":{"self":[{"href":"https:\/\/najnaj.eu\/fr\/wp-json\/wp\/v2\/product\/206694","targetHints":{"allow":["GET"]}}],"collection":[{"href":"https:\/\/najnaj.eu\/fr\/wp-json\/wp\/v2\/product"}],"about":[{"href":"https:\/\/najnaj.eu\/fr\/wp-json\/wp\/v2\/types\/product"}],"replies":[{"embeddable":true,"href":"https:\/\/najnaj.eu\/fr\/wp-json\/wp\/v2\/comments?post=206694"}],"version-history":[{"count":0,"href":"https:\/\/najnaj.eu\/fr\/wp-json\/wp\/v2\/product\/206694\/revisions"}],"wp:featuredmedia":[{"embeddable":true,"href":"https:\/\/najnaj.eu\/fr\/wp-json\/wp\/v2\/media\/206696"}],"wp:attachment":[{"href":"https:\/\/najnaj.eu\/fr\/wp-json\/wp\/v2\/media?parent=206694"}],"wp:term":[{"taxonomy":"product_brand","embeddable":true,"href":"https:\/\/najnaj.eu\/fr\/wp-json\/wp\/v2\/product_brand?post=206694"},{"taxonomy":"product_cat","embeddable":true,"href":"https:\/\/najnaj.eu\/fr\/wp-json\/wp\/v2\/product_cat?post=206694"},{"taxonomy":"product_tag","embeddable":true,"href":"https:\/\/najnaj.eu\/fr\/wp-json\/wp\/v2\/product_tag?post=206694"}],"curies":[{"name":"wp","href":"https:\/\/api.w.org\/{rel}","templated":true}]}}