{"id":206313,"date":"2025-01-06T13:16:52","date_gmt":"2025-01-06T12:16:52","guid":{"rendered":"https:\/\/najnaj.eu\/?post_type=product&#038;p=206313"},"modified":"2026-04-01T13:56:34","modified_gmt":"2026-04-01T11:56:34","slug":"icandy-peach-7-kolica-2u1-coco","status":"publish","type":"product","link":"https:\/\/najnaj.eu\/fr\/proizvod\/icandy-peach-7-kolica-2u1-coco\/","title":{"rendered":"iCandy Peach 7 kolica 2u1, Coco"},"content":{"rendered":"<p>Kompletan putni sustav<br \/>\nSavr\u0161en putni sustav koji \u0107e zadovoljiti sve potrebe roditelja &#8211; prikladna za djecu od ro\u0111enja do 25 kg (15 kg na adapterima za povisivanje) jer dolazi kao 2u1 paket &#8211; s ko\u0161arom za novoro\u0111en\u010de te sjede\u0107im dijelom. Dodatno, s uklju\u010denim adapterima za autosjedalicu u paketu, kompatibilna dje\u010dja autosjedalica mo\u017ee se pri\u010dvrstiti na podvozje kolica u samo par sekundi \u010dime nastaje 3u1 kompletni putni sustav koji omogu\u0107ava lako\u0107u putovanja, na cesti i u automobilu.<\/p>\n<p>Jednostavnost nadogradnje \u00ab\u00a0Single to Double\u00a0\u00bb<br \/>\niCandy Peach 7 lako se mo\u017ee pretvoriti u kolica za blizance ili za dvoje djece razli\u010dite dobi pomo\u0107u inovativnih iCandy adaptera \u2013 savr\u0161eno jednostavno za rastu\u0107u obitelj. Uz jednostavnost i lako\u0107u prilagodbe, dizajn iCandy kolica i u opciji za dvoje djece ili za blizance i dalje ostaje bez kompromisa.<\/p>\n<p>Podesivi naslon za glavu<br \/>\nPodesivi naslon za glavu i naramenice pojasa jednostavna su i iznimno olak\u0161avaju\u0107a zna\u010dajka, a istovremeno zadr\u017eavaju najva\u017eniju potporu za Va\u0161e dijete. Novi lako podesivi \u00ab\u00a0Pop-Up\u00a0\u00bb pojas prati visinu Va\u0161eg djeteta, a pomi\u010de se brzo i lako samo jednom rukom &#8211; zbogom provla\u010denju pojaseva i kompliciranom namje\u0161tanju naramenica, sada s pokretnom potporom za glavu koja osigurava vrhunsku udobnost.<\/p>\n<p>Moderne tkanine i bezvremenski stil<br \/>\nElegantna estetika iCandy Peach 7 modela kolica pru\u017ea bezvremenski stil, uzorkom.<\/p>\n<p>Ride-on Board<br \/>\nIntegrirani Ride-On Board nudi besprijekorno rje\u0161enje za obitelj s novom bebom i malim djetetom koje hoda, ali jo\u0161 uvijek treba pomo\u0107. Protuklizna platforma nosivosti do 20 kg savr\u0161eno je prakti\u010dno rje\u0161enje za male umorne no\u017eice, bez potrebe za dodatnim glomaznim dodatcima. Pravi spasioc na putu do vrti\u0107a ili du\u0107ana!<\/p>\n<p>Potpuno prilagodljiv<br \/>\nNaslon sjedala koji se jednom rukom lak mo\u017ee promijeniti u \u010detiri polo\u017eaja te podesivi naslon za noge omogu\u0107uju vrhunsku udobnost djetetovom iskustvu vo\u017enje.<\/p>\n<p>Pip-Zip torba<br \/>\nSedma generacija iCandy Peach kolica donosi nam jo\u0161 jedan iznimno prakti\u010dni detalj: torba na stra\u017enjoj strani sjede\u0107eg dijela potpuno se mo\u017ee odvojiti. Uz dva prakti\u010dna otvora s patentnim zatvara\u010dem, ru\u010dkom za no\u0161enje u ruci te remenom za no\u0161enje na le\u0111ima, genijalna &lsquo;Pip-Zip&rsquo; torba savr\u0161eno je mjesto za spremanje svakodnevnih bitnih sitnica dok ste u pokretu (mobitel, klju\u010devi, nov\u010danik&#8230;). Izvrsna sigurnosna zna\u010dajka za situacije kada se dje\u010dja kolica moraju parkirati, &lsquo;Pip-Zip&rsquo; torba jednostavno se mo\u017ee zatvoriti i uzeti sa sobom, \u0161to zna\u010di da svoje dragocjene stvari uvijek mo\u017eete dr\u017eati pri ruci (ili na le\u0111ima kao mini ruksak kako bi ruke bile slobodne).<\/p>\n<p>Sigurno spavanje &#8211; bez potrebe za putnim kreveti\u0107em!<br \/>\nProstrana ko\u0161ara za novoro\u0111en\u010de oblo\u017eena je mekanim luksuznim materijalom te je pogodna za cjelono\u0107no spavanje &#8211; zaboravite na no\u0161enje putnog kreveti\u0107a na izlete, more ili kod bake. Ko\u0161ara za novoro\u0111en\u010de savr\u0161eno je rje\u0161enje!<\/p>\n<p>Blizina i zajedni\u0161tvo, udobnost i prakti\u010dnost<br \/>\niCandy Peach 7 model kolica nudi mogu\u0107nost pozicioniranja ko\u0161are za novoro\u0111en\u010de i sjede\u0107eg dijela u oba smjera &#8211; okrenutim prema roditelju ili okrenutim prema svijetu, kao i opciju postavljanja adaptera za povisivanje za jo\u0161 bolju interakciju s Va\u0161im djetetom. Postavljanjem adaptera za povisivanje u smjeru prema roditelju u kombinaciji s ko\u0161arom za novoro\u0111en\u010de, Va\u0161a beba bit \u0107e Vam jo\u0161 bli\u017ee u Va\u0161im \u0161etnjama. Postavljanjem adaptera za povisivanje u smjeru od roditelja, stvara se dodatan prostor izme\u0111u roditelja i ko\u0161are\/sjede\u0107eg dijela &#8211; idealan za starije dijete za vo\u017enju na Ride-On Board sustavu.U kombinaciji sa sjede\u0107im dijelom okrenutim od roditelja te adapterima tako\u0111er postavljenima od roditelja prema van, djetetu je omogu\u0107en pristup blagavaonskom stolu &#8211; u\u017eivajte u obiteljskim trenutcima u restoranu, kod bake ili kod ku\u0107e bez dodatnih glomaznih hranilica &#8211; samo primaknite kolica do stola.<\/p>\n<p>Jednostavno i ultra korisno<br \/>\nProduljivi vodootporni krovi\u0107 s velikim mre\u017eastim otvorom za ventilaciju i SPF 50+ za\u0161titom od sunca.<br \/>\nUltra glatka vo\u017enja uz neprobu\u0161ive kota\u010de od PU pjene s dodatnim sredi\u0161njim izbo\u010denjem radi smanjenog tro\u0161enja materijala.<br \/>\nJednostavno sklapanje jednom rukom, s automatskim zaklju\u010davanjem kolica.<br \/>\nKad se sklope, kolica su kompaktna i samostoje\u0107a, a dolaze uz remen za jednostavnije no\u0161enje.<br \/>\nProstrana donja ko\u0161ara zapremnine 44L koja podr\u017eava te\u017einu do 10 kg, uz integrirani otvor za istjecanje teku\u0107ine.<br \/>\nProduljiva ru\u010dka za upravljanje kolicima visine 95 &#8211; 105 cm &#8211; idealno za sve roditelje, a pogotove visoke!<br \/>\nJamstvo: 5 godina.<\/p>\n<p>TEHNI\u010cKE SPECIFIKACIJE:<\/p>\n<p>Visine ru\u010dke za upravljanje (cm): 95 do 105<br \/>\nKo\u0161ara (L\/kg): 44 \/ 10<br \/>\nUkupna te\u017eina kolica: 12.9 kg<br \/>\nNajmanja te\u017eina kolica: 7.1 kg<br \/>\nMaksimalno optere\u0107enje sjede\u0107eg dijela: 25 kg bez povisiva\u010da, 15 kg na povisiva\u010dima<br \/>\nMaksimalno optere\u0107enje sjede\u0107eg dijela za blizance ili dvoje djece razli\u010dite dobi: 15kg<\/p>\n<p>iCandy Peach 7 kolica kompatibilna su s ve\u0107inom autosjedalica, uklju\u010duju\u0107i:<\/p>\n<ul>\n<li><a href=\"https:\/\/najnaj.eu\/proizvod\/besafe-go-beyond-fresh-black-cab\/\" target=\"_blank\" rel=\"noopener\">BeSafe Go Beyond<\/a><\/li>\n<li><a href=\"https:\/\/najnaj.eu\/proizvod\/besafe-izi-go-modular-x2-i-size40-75-cm-black-cab\/\" target=\"_blank\" rel=\"noopener\">BeSafe iZi GO Modular X2<\/a><\/li>\n<li>iCandy Cocoon<\/li>\n<li>Avionaut Pixel Pro 2.0<\/li>\n<li>Maxi-Cosi Coral 360<\/li>\n<li>Maxi-Cosi Pebble<\/li>\n<li>Maxi-Cosi Pebble 360<\/li>\n<li>Maxi-Cosi Pebble Pro 360<\/li>\n<li>Cybex Cloud T<\/li>\n<li>Cybex Cloud G<\/li>\n<li>Cybex Cloud Z\/Z2<\/li>\n<li>Cybex Aton M<\/li>\n<li>Joie iGemm<\/li>\n<li>Joie iLevel<\/li>\n<li>Joie iSnug<\/li>\n<li>Nuna Arra<\/li>\n<li>Nuna Pipa<\/li>\n<li>Nuna Pipa Lite LX<\/li>\n<\/ul>\n<p>Autosjedalice je mogu\u0107e postaviti u raznim konfiguracijama:<\/p>\n<p><img loading=\"lazy\" decoding=\"async\" class=\"alignnone wp-image-248054 size-full\" src=\"https:\/\/najnaj.eu\/wp-content\/uploads\/2025\/04\/New-iCandy-carseats.jpg\" alt=\"\" width=\"1500\" height=\"1000\" srcset=\"https:\/\/najnaj.eu\/wp-content\/uploads\/2025\/04\/New-iCandy-carseats.jpg 1500w, https:\/\/najnaj.eu\/wp-content\/uploads\/2025\/04\/New-iCandy-carseats-324x216.jpg 324w, https:\/\/najnaj.eu\/wp-content\/uploads\/2025\/04\/New-iCandy-carseats-1200x800.jpg 1200w, https:\/\/najnaj.eu\/wp-content\/uploads\/2025\/04\/New-iCandy-carseats-300x200.jpg 300w, https:\/\/najnaj.eu\/wp-content\/uploads\/2025\/04\/New-iCandy-carseats-1024x683.jpg 1024w, https:\/\/najnaj.eu\/wp-content\/uploads\/2025\/04\/New-iCandy-carseats-768x512.jpg 768w, https:\/\/najnaj.eu\/wp-content\/uploads\/2025\/04\/New-iCandy-carseats-1440x960.jpg 1440w, https:\/\/najnaj.eu\/wp-content\/uploads\/2025\/04\/New-iCandy-carseats-420x280.jpg 420w\" sizes=\"auto, (max-width: 1500px) 100vw, 1500px\" \/><\/p>\n","protected":false},"excerpt":{"rendered":"<p>Vrhunska dje\u010dja kolica za one koji prvi puta postaju roditelji.<br \/>\nSvjetski poznat britanski luksuz iCandy kolica u svojoj sedmoj generaciji Peach modela.<br \/>\nSofisticiani dizajn, pomno birani materijali i tkanine te funkcionalnost bez premca satkano u jednim dje\u010djim kolicima &#8211; iCandy Peach 7.<\/p>\n<p>U 2u1 set uklju\u010deno:<\/p>\n<p>kolica (podvozje) s integriranim podestom za starije dijete (Ride on board)<br \/>\nmaterijal za ko\u0161aru za novoro\u0111en\u010de<br \/>\nmaterijal za sjede\u0107i dio<br \/>\nokvir za ko\u0161aru za novoro\u0111en\u010de\/sjede\u0107i dio<br \/>\nSPF50+ krovi\u0107<br \/>\nadapteri za autosjedalicu<br \/>\nadapteri za povisivanje<br \/>\nki\u0161na navlaka<\/p>\n<p>Od ro\u0111enja do 25 kg.<\/p>\n<p>Mogu\u0107a nadogradnja za dvoje djece ili za blizance.<\/p>\n<p>Provjerite kompatibilnost autosjedalica ovdje: https:\/\/www.icandyworld.com\/comparison\/car-seat-compatibility<\/p>\n","protected":false},"featured_media":206350,"comment_status":"open","ping_status":"closed","template":"","meta":{"_acf_changed":false,"footnotes":""},"product_brand":[],"product_cat":[551,556,318],"product_tag":[],"class_list":{"0":"post-206313","1":"product","2":"type-product","3":"status-publish","4":"has-post-thumbnail","6":"product_cat-djecja-kolica","7":"product_cat-kolica-2u1","8":"product_cat-proizvodi","9":"pa_boja-bez","10":"pa_boja-smeda","11":"pa_brand-icandy","12":"pa_vrsta-kolica-2u1","14":"first","15":"outofstock","16":"purchasable","17":"product-type-simple"},"bundled_by":[],"bundle_stock_status":"outofstock","bundle_stock_quantity":0,"bundle_virtual":false,"bundle_layout":"","bundle_add_to_cart_form_location":"","bundle_editable_in_cart":false,"bundle_sold_individually_context":"","bundle_item_grouping":"","bundle_min_size":"","bundle_max_size":"","bundle_price":[],"bundled_items":[],"bundle_sell_ids":[],"acf":[],"yoast_head":"<!-- This site is optimized with the Yoast SEO Premium plugin v21.5 (Yoast SEO v27.4) - https:\/\/yoast.com\/product\/yoast-seo-premium-wordpress\/ -->\n<title>iCandy Peach 7 kolica 2u1, Coco - NajNaj.eu<\/title>\n<meta name=\"robots\" content=\"index, follow, max-snippet:-1, max-image-preview:large, max-video-preview:-1\" \/>\n<link rel=\"canonical\" href=\"https:\/\/najnaj.eu\/fr\/proizvod\/icandy-peach-7-kolica-2u1-coco\/\" \/>\n<meta property=\"og:locale\" content=\"fr_FR\" \/>\n<meta property=\"og:type\" content=\"article\" \/>\n<meta property=\"og:title\" content=\"iCandy Peach 7 kolica 2u1, Coco\" \/>\n<meta property=\"og:description\" content=\"Vrhunska dje\u010dja kolica za one koji prvi puta postaju roditelji. Svjetski poznat britanski luksuz iCandy kolica u svojoj sedmoj generaciji Peach modela. Sofisticiani dizajn, pomno birani materijali i tkanine te funkcionalnost bez premca satkano u jednim dje\u010djim kolicima - iCandy Peach 7.  U 2u1 set uklju\u010deno:  kolica (podvozje) s integriranim podestom za starije dijete (Ride on board) materijal za ko\u0161aru za novoro\u0111en\u010de materijal za sjede\u0107i dio okvir za ko\u0161aru za novoro\u0111en\u010de\/sjede\u0107i dio SPF50+ krovi\u0107 adapteri za autosjedalicu adapteri za povisivanje ki\u0161na navlaka  Od ro\u0111enja do 25 kg.  Mogu\u0107a nadogradnja za dvoje djece ili za blizance.  Provjerite kompatibilnost autosjedalica ovdje: https:\/\/www.icandyworld.com\/comparison\/car-seat-compatibility\" \/>\n<meta property=\"og:url\" content=\"https:\/\/najnaj.eu\/fr\/proizvod\/icandy-peach-7-kolica-2u1-coco\/\" \/>\n<meta property=\"og:site_name\" content=\"NajNaj.eu\" \/>\n<meta property=\"article:publisher\" content=\"https:\/\/web.facebook.com\/najnaj.eu\/\" \/>\n<meta property=\"article:modified_time\" content=\"2026-04-01T11:56:34+00:00\" \/>\n<meta property=\"og:image\" content=\"https:\/\/najnaj.eu\/wp-content\/uploads\/2024\/06\/Image_1_Image_1_iCandy_Peach_7_Coco_3_4_SU_PF_CC_3_4_COMBO.jpg\" \/>\n\t<meta property=\"og:image:width\" content=\"1714\" \/>\n\t<meta property=\"og:image:height\" content=\"2400\" \/>\n\t<meta property=\"og:image:type\" content=\"image\/jpeg\" \/>\n<meta name=\"twitter:card\" content=\"summary_large_image\" \/>\n<meta name=\"twitter:label1\" content=\"Prix\" \/>\n\t<meta name=\"twitter:data1\" content=\"1.299,00&nbsp;&euro;\" \/>\n\t<meta name=\"twitter:label2\" content=\"Disponibilit\u00e9\" \/>\n\t<meta name=\"twitter:data2\" content=\"Rupture de stock\" \/>\n<script type=\"application\/ld+json\" class=\"yoast-schema-graph\">{\"@context\":\"https:\\\/\\\/schema.org\",\"@graph\":[{\"@type\":\"WebPage\",\"@id\":\"https:\\\/\\\/najnaj.eu\\\/fr\\\/proizvod\\\/icandy-peach-7-kolica-2u1-coco\\\/\",\"url\":\"https:\\\/\\\/najnaj.eu\\\/fr\\\/proizvod\\\/icandy-peach-7-kolica-2u1-coco\\\/\",\"name\":\"iCandy Peach 7 kolica 2u1, Coco - NajNaj.eu\",\"isPartOf\":{\"@id\":\"https:\\\/\\\/najnaj.eu\\\/fr\\\/#website\"},\"primaryImageOfPage\":{\"@id\":\"https:\\\/\\\/najnaj.eu\\\/fr\\\/proizvod\\\/icandy-peach-7-kolica-2u1-coco\\\/#primaryimage\"},\"image\":{\"@id\":\"https:\\\/\\\/najnaj.eu\\\/fr\\\/proizvod\\\/icandy-peach-7-kolica-2u1-coco\\\/#primaryimage\"},\"thumbnailUrl\":\"https:\\\/\\\/najnaj.eu\\\/wp-content\\\/uploads\\\/2024\\\/06\\\/Image_1_Image_1_iCandy_Peach_7_Coco_3_4_SU_PF_CC_3_4_COMBO.jpg\",\"datePublished\":\"2025-01-06T12:16:52+00:00\",\"dateModified\":\"2026-04-01T11:56:34+00:00\",\"breadcrumb\":{\"@id\":\"https:\\\/\\\/najnaj.eu\\\/fr\\\/proizvod\\\/icandy-peach-7-kolica-2u1-coco\\\/#breadcrumb\"},\"inLanguage\":\"fr-FR\",\"potentialAction\":[{\"@type\":\"ReadAction\",\"target\":[\"https:\\\/\\\/najnaj.eu\\\/fr\\\/proizvod\\\/icandy-peach-7-kolica-2u1-coco\\\/\"]}]},{\"@type\":\"ImageObject\",\"inLanguage\":\"fr-FR\",\"@id\":\"https:\\\/\\\/najnaj.eu\\\/fr\\\/proizvod\\\/icandy-peach-7-kolica-2u1-coco\\\/#primaryimage\",\"url\":\"https:\\\/\\\/najnaj.eu\\\/wp-content\\\/uploads\\\/2024\\\/06\\\/Image_1_Image_1_iCandy_Peach_7_Coco_3_4_SU_PF_CC_3_4_COMBO.jpg\",\"contentUrl\":\"https:\\\/\\\/najnaj.eu\\\/wp-content\\\/uploads\\\/2024\\\/06\\\/Image_1_Image_1_iCandy_Peach_7_Coco_3_4_SU_PF_CC_3_4_COMBO.jpg\",\"width\":1714,\"height\":2400},{\"@type\":\"BreadcrumbList\",\"@id\":\"https:\\\/\\\/najnaj.eu\\\/fr\\\/proizvod\\\/icandy-peach-7-kolica-2u1-coco\\\/#breadcrumb\",\"itemListElement\":[{\"@type\":\"ListItem\",\"position\":1,\"name\":\"Po\u010detna stranica\",\"item\":\"https:\\\/\\\/najnaj.eu\\\/fr\\\/\"},{\"@type\":\"ListItem\",\"position\":2,\"name\":\"Trgovina\",\"item\":\"https:\\\/\\\/najnaj.hr\\\/trgovina\\\/\"},{\"@type\":\"ListItem\",\"position\":3,\"name\":\"iCandy Peach 7 kolica 2u1, Coco\"}]},{\"@type\":\"WebSite\",\"@id\":\"https:\\\/\\\/najnaj.eu\\\/fr\\\/#website\",\"url\":\"https:\\\/\\\/najnaj.eu\\\/fr\\\/\",\"name\":\"NajNaj.eu\",\"description\":\"Za najva\u017enije!\",\"potentialAction\":[{\"@type\":\"SearchAction\",\"target\":{\"@type\":\"EntryPoint\",\"urlTemplate\":\"https:\\\/\\\/najnaj.eu\\\/fr\\\/?s={search_term_string}\"},\"query-input\":{\"@type\":\"PropertyValueSpecification\",\"valueRequired\":true,\"valueName\":\"search_term_string\"}}],\"inLanguage\":\"fr-FR\"}]}<\/script>\n<meta property=\"product:brand\" content=\"iCandy\" \/>\n<meta property=\"product:price:amount\" content=\"1299.00\" \/>\n<meta property=\"product:price:currency\" content=\"EUR\" \/>\n<meta property=\"og:availability\" content=\"out of stock\" \/>\n<meta property=\"product:availability\" content=\"out of stock\" \/>\n<meta property=\"product:retailer_item_id\" content=\"IC2900\" \/>\n<meta property=\"product:condition\" content=\"new\" \/>\n<!-- \/ Yoast SEO Premium plugin. -->","yoast_head_json":{"title":"iCandy Peach 7 kolica 2u1, Coco - NajNaj.eu","robots":{"index":"index","follow":"follow","max-snippet":"max-snippet:-1","max-image-preview":"max-image-preview:large","max-video-preview":"max-video-preview:-1"},"canonical":"https:\/\/najnaj.eu\/fr\/proizvod\/icandy-peach-7-kolica-2u1-coco\/","og_locale":"fr_FR","og_type":"article","og_title":"iCandy Peach 7 kolica 2u1, Coco","og_description":"Vrhunska dje\u010dja kolica za one koji prvi puta postaju roditelji. Svjetski poznat britanski luksuz iCandy kolica u svojoj sedmoj generaciji Peach modela. Sofisticiani dizajn, pomno birani materijali i tkanine te funkcionalnost bez premca satkano u jednim dje\u010djim kolicima - iCandy Peach 7.  U 2u1 set uklju\u010deno:  kolica (podvozje) s integriranim podestom za starije dijete (Ride on board) materijal za ko\u0161aru za novoro\u0111en\u010de materijal za sjede\u0107i dio okvir za ko\u0161aru za novoro\u0111en\u010de\/sjede\u0107i dio SPF50+ krovi\u0107 adapteri za autosjedalicu adapteri za povisivanje ki\u0161na navlaka  Od ro\u0111enja do 25 kg.  Mogu\u0107a nadogradnja za dvoje djece ili za blizance.  Provjerite kompatibilnost autosjedalica ovdje: https:\/\/www.icandyworld.com\/comparison\/car-seat-compatibility","og_url":"https:\/\/najnaj.eu\/fr\/proizvod\/icandy-peach-7-kolica-2u1-coco\/","og_site_name":"NajNaj.eu","article_publisher":"https:\/\/web.facebook.com\/najnaj.eu\/","article_modified_time":"2026-04-01T11:56:34+00:00","og_image":[{"width":1714,"height":2400,"url":"https:\/\/najnaj.eu\/wp-content\/uploads\/2024\/06\/Image_1_Image_1_iCandy_Peach_7_Coco_3_4_SU_PF_CC_3_4_COMBO.jpg","type":"image\/jpeg"}],"twitter_card":"summary_large_image","twitter_misc":{"Prix":"1.299,00&nbsp;&euro;","Disponibilit\u00e9":"Rupture de stock"},"schema":{"@context":"https:\/\/schema.org","@graph":[{"@type":"WebPage","@id":"https:\/\/najnaj.eu\/fr\/proizvod\/icandy-peach-7-kolica-2u1-coco\/","url":"https:\/\/najnaj.eu\/fr\/proizvod\/icandy-peach-7-kolica-2u1-coco\/","name":"iCandy Peach 7 kolica 2u1, Coco - NajNaj.eu","isPartOf":{"@id":"https:\/\/najnaj.eu\/fr\/#website"},"primaryImageOfPage":{"@id":"https:\/\/najnaj.eu\/fr\/proizvod\/icandy-peach-7-kolica-2u1-coco\/#primaryimage"},"image":{"@id":"https:\/\/najnaj.eu\/fr\/proizvod\/icandy-peach-7-kolica-2u1-coco\/#primaryimage"},"thumbnailUrl":"https:\/\/najnaj.eu\/wp-content\/uploads\/2024\/06\/Image_1_Image_1_iCandy_Peach_7_Coco_3_4_SU_PF_CC_3_4_COMBO.jpg","datePublished":"2025-01-06T12:16:52+00:00","dateModified":"2026-04-01T11:56:34+00:00","breadcrumb":{"@id":"https:\/\/najnaj.eu\/fr\/proizvod\/icandy-peach-7-kolica-2u1-coco\/#breadcrumb"},"inLanguage":"fr-FR","potentialAction":[{"@type":"ReadAction","target":["https:\/\/najnaj.eu\/fr\/proizvod\/icandy-peach-7-kolica-2u1-coco\/"]}]},{"@type":"ImageObject","inLanguage":"fr-FR","@id":"https:\/\/najnaj.eu\/fr\/proizvod\/icandy-peach-7-kolica-2u1-coco\/#primaryimage","url":"https:\/\/najnaj.eu\/wp-content\/uploads\/2024\/06\/Image_1_Image_1_iCandy_Peach_7_Coco_3_4_SU_PF_CC_3_4_COMBO.jpg","contentUrl":"https:\/\/najnaj.eu\/wp-content\/uploads\/2024\/06\/Image_1_Image_1_iCandy_Peach_7_Coco_3_4_SU_PF_CC_3_4_COMBO.jpg","width":1714,"height":2400},{"@type":"BreadcrumbList","@id":"https:\/\/najnaj.eu\/fr\/proizvod\/icandy-peach-7-kolica-2u1-coco\/#breadcrumb","itemListElement":[{"@type":"ListItem","position":1,"name":"Po\u010detna stranica","item":"https:\/\/najnaj.eu\/fr\/"},{"@type":"ListItem","position":2,"name":"Trgovina","item":"https:\/\/najnaj.hr\/trgovina\/"},{"@type":"ListItem","position":3,"name":"iCandy Peach 7 kolica 2u1, Coco"}]},{"@type":"WebSite","@id":"https:\/\/najnaj.eu\/fr\/#website","url":"https:\/\/najnaj.eu\/fr\/","name":"NajNaj.eu","description":"Za najva\u017enije!","potentialAction":[{"@type":"SearchAction","target":{"@type":"EntryPoint","urlTemplate":"https:\/\/najnaj.eu\/fr\/?s={search_term_string}"},"query-input":{"@type":"PropertyValueSpecification","valueRequired":true,"valueName":"search_term_string"}}],"inLanguage":"fr-FR"}]},"product_brand":"iCandy","product_price_amount":"1299.00","product_price_currency":"EUR","og_availability":"out of stock","product_availability":"out of stock","product_retailer_item_id":"IC2900","product_condition":"new"},"_links":{"self":[{"href":"https:\/\/najnaj.eu\/fr\/wp-json\/wp\/v2\/product\/206313","targetHints":{"allow":["GET"]}}],"collection":[{"href":"https:\/\/najnaj.eu\/fr\/wp-json\/wp\/v2\/product"}],"about":[{"href":"https:\/\/najnaj.eu\/fr\/wp-json\/wp\/v2\/types\/product"}],"replies":[{"embeddable":true,"href":"https:\/\/najnaj.eu\/fr\/wp-json\/wp\/v2\/comments?post=206313"}],"version-history":[{"count":0,"href":"https:\/\/najnaj.eu\/fr\/wp-json\/wp\/v2\/product\/206313\/revisions"}],"wp:featuredmedia":[{"embeddable":true,"href":"https:\/\/najnaj.eu\/fr\/wp-json\/wp\/v2\/media\/206350"}],"wp:attachment":[{"href":"https:\/\/najnaj.eu\/fr\/wp-json\/wp\/v2\/media?parent=206313"}],"wp:term":[{"taxonomy":"product_brand","embeddable":true,"href":"https:\/\/najnaj.eu\/fr\/wp-json\/wp\/v2\/product_brand?post=206313"},{"taxonomy":"product_cat","embeddable":true,"href":"https:\/\/najnaj.eu\/fr\/wp-json\/wp\/v2\/product_cat?post=206313"},{"taxonomy":"product_tag","embeddable":true,"href":"https:\/\/najnaj.eu\/fr\/wp-json\/wp\/v2\/product_tag?post=206313"}],"curies":[{"name":"wp","href":"https:\/\/api.w.org\/{rel}","templated":true}]}}