{"id":205800,"date":"2024-04-11T13:33:05","date_gmt":"2024-04-11T11:33:05","guid":{"rendered":"https:\/\/najnaj.eu\/?post_type=product&#038;p=205800"},"modified":"2026-04-14T14:15:40","modified_gmt":"2026-04-14T12:15:40","slug":"carriwell-spavacica-za-trudnice-i-dojilje","status":"publish","type":"product","link":"https:\/\/najnaj.eu\/fr\/proizvod\/carriwell-spavacica-za-trudnice-i-dojilje\/","title":{"rendered":"Carriwell Spava\u0107ica za trudnice i dojilje"},"content":{"rendered":"<p><strong>Prigrlite udobnost i lako\u0107u s na\u0161om spava\u0107icom za trudnice i dojenje:<\/strong>\u00a0Dizajnirana imaju\u0107i na umu potrebe trudnica i novope\u010denih majki, na\u0161a spava\u0107ica za trudnice i dojenje je utjelovljenje udobnosti, prakti\u010dnosti i stila. Izra\u0111ena od ultra meke i odr\u017eive Modal tkanine, ova spava\u0107ica obe\u0107ava neusporedivu udobnost i lako\u0107u za sve faze trudno\u0107e i nakon dojenja.<\/p>\n<p><strong>Prikladna za trudno\u0107u i dojenje:<\/strong> Ova spava\u0107ica graciozno se prilago\u0111ava va\u0161em tijelu koje se mijenja, nude\u0107i savr\u0161eno pristajanje tijekom trudno\u0107e i dojenja. Promi\u0161ljeni dizajn osigurava da mo\u017eete jednostavno prije\u0107i s odje\u0107e za trudnice na odje\u0107u za dojilje, \u0161to je \u010dini svestranim dodatkom va\u0161oj garderobi.<\/p>\n<p><strong>Prozra\u010dna i udobna:<\/strong> Do\u017eivite umiruju\u0107i zagrljaj na\u0161e spava\u0107ice, dizajnirane da vam bude udobno cijelu no\u0107. Prozra\u010dna priroda Modal tkanine osigurava u\u010dinkovito upijanje vlage, odr\u017eavaju\u0107i vas suhima i udobnima, osiguravaju\u0107i dobar no\u0107ni san. Osmi\u0161ljeno za no\u0107no dojenje: no\u0107no hranjenje je jednostavno s lako dostupnim dizajnom na\u0161e spava\u0107ice. Prakti\u010dnost ugra\u0111ena u ovaj odjevni predmet osigurava minimalne smetnje za vas i va\u0161u bebu, \u010dine\u0107i te dragocjene no\u0107ne trenutke \u0161to mirnijima.<\/p>\n<p><strong>Mekana elasti\u010dna modalna tkanina:<\/strong> Na\u0161a spava\u0107ica za trudnice i dojilje, izra\u0111ena od luksuzne modalne tkanine, nudi neusporedivu regulaciju temperature, odr\u017eavaju\u0107i vas udobno hladnim ili toplim po potrebi, bez pregrijavanja. Unato\u010d bogatoj meko\u0107i, ova tkanina osigurava da ostanete suhi i udobni, savr\u0161eno za no\u0107na hranjenja.<\/p>\n","protected":false},"excerpt":{"rendered":"<p>Spava\u0107ica za trudnice i dojilje, s ultra mekom Modal tkaninom udobna je za no\u0161enje tijekom cijele trudno\u0107e i dojenja. Osmi\u0161ljeno posebno za no\u0107no dojenje.<\/p>\n","protected":false},"featured_media":300529,"comment_status":"open","ping_status":"closed","template":"","meta":{"_acf_changed":false,"footnotes":""},"product_brand":[],"product_cat":[546,562],"product_tag":[2103],"class_list":{"0":"post-205800","1":"product","2":"type-product","3":"status-publish","4":"has-post-thumbnail","6":"product_cat-dojenje","7":"product_cat-za-mamu","8":"product_tag-new-mum","9":"pa_boja-crna","10":"pa_brand-carriwell","12":"first","13":"instock","14":"shipping-taxable","15":"purchasable","16":"product-type-variable"},"bundled_by":["278215"],"bundle_stock_status":"instock","bundle_stock_quantity":null,"bundle_virtual":false,"bundle_layout":"","bundle_add_to_cart_form_location":"","bundle_editable_in_cart":false,"bundle_sold_individually_context":"","bundle_item_grouping":"","bundle_min_size":"","bundle_max_size":"","bundle_price":[],"bundled_items":[],"bundle_sell_ids":[],"acf":[],"yoast_head":"<!-- This site is optimized with the Yoast SEO Premium plugin v21.5 (Yoast SEO v27.4) - https:\/\/yoast.com\/product\/yoast-seo-premium-wordpress\/ -->\n<title>Carriwell Spava\u0107ica za trudnice i dojilje - NajNaj.eu<\/title>\n<meta name=\"robots\" content=\"index, follow, max-snippet:-1, max-image-preview:large, max-video-preview:-1\" \/>\n<link rel=\"canonical\" href=\"https:\/\/najnaj.eu\/fr\/proizvod\/carriwell-spavacica-za-trudnice-i-dojilje\/\" \/>\n<meta property=\"og:locale\" content=\"fr_FR\" \/>\n<meta property=\"og:type\" content=\"article\" \/>\n<meta property=\"og:title\" content=\"Carriwell Spava\u0107ica za trudnice i dojilje\" \/>\n<meta property=\"og:description\" content=\"Spava\u0107ica za trudnice i dojilje, s ultra mekom Modal tkaninom udobna je za no\u0161enje tijekom cijele trudno\u0107e i dojenja. Osmi\u0161ljeno posebno za no\u0107no dojenje.\" \/>\n<meta property=\"og:url\" content=\"https:\/\/najnaj.eu\/fr\/proizvod\/carriwell-spavacica-za-trudnice-i-dojilje\/\" \/>\n<meta property=\"og:site_name\" content=\"NajNaj.eu\" \/>\n<meta property=\"article:publisher\" content=\"https:\/\/web.facebook.com\/najnaj.eu\/\" \/>\n<meta property=\"article:modified_time\" content=\"2026-04-14T12:15:40+00:00\" \/>\n<meta property=\"og:image\" content=\"https:\/\/najnaj.eu\/wp-content\/uploads\/2024\/04\/6000_Maternity-Nursing-Nightie_Web_v02.jpg\" \/>\n\t<meta property=\"og:image:width\" content=\"1000\" \/>\n\t<meta property=\"og:image:height\" content=\"1250\" \/>\n\t<meta property=\"og:image:type\" content=\"image\/jpeg\" \/>\n<meta name=\"twitter:card\" content=\"summary_large_image\" \/>\n<meta name=\"twitter:label1\" content=\"Disponibilit\u00e9\" \/>\n\t<meta name=\"twitter:data1\" content=\"En stock\" \/>\n<script type=\"application\/ld+json\" class=\"yoast-schema-graph\">{\"@context\":\"https:\\\/\\\/schema.org\",\"@graph\":[{\"@type\":\"WebPage\",\"@id\":\"https:\\\/\\\/najnaj.eu\\\/fr\\\/proizvod\\\/carriwell-spavacica-za-trudnice-i-dojilje\\\/\",\"url\":\"https:\\\/\\\/najnaj.eu\\\/fr\\\/proizvod\\\/carriwell-spavacica-za-trudnice-i-dojilje\\\/\",\"name\":\"Carriwell Spava\u0107ica za trudnice i dojilje - NajNaj.eu\",\"isPartOf\":{\"@id\":\"https:\\\/\\\/najnaj.eu\\\/fr\\\/#website\"},\"primaryImageOfPage\":{\"@id\":\"https:\\\/\\\/najnaj.eu\\\/fr\\\/proizvod\\\/carriwell-spavacica-za-trudnice-i-dojilje\\\/#primaryimage\"},\"image\":{\"@id\":\"https:\\\/\\\/najnaj.eu\\\/fr\\\/proizvod\\\/carriwell-spavacica-za-trudnice-i-dojilje\\\/#primaryimage\"},\"thumbnailUrl\":\"https:\\\/\\\/najnaj.eu\\\/wp-content\\\/uploads\\\/2024\\\/04\\\/6000_Maternity-Nursing-Nightie_Web_v02.jpg\",\"datePublished\":\"2024-04-11T11:33:05+00:00\",\"dateModified\":\"2026-04-14T12:15:40+00:00\",\"breadcrumb\":{\"@id\":\"https:\\\/\\\/najnaj.eu\\\/fr\\\/proizvod\\\/carriwell-spavacica-za-trudnice-i-dojilje\\\/#breadcrumb\"},\"inLanguage\":\"fr-FR\",\"potentialAction\":[{\"@type\":\"ReadAction\",\"target\":[\"https:\\\/\\\/najnaj.eu\\\/fr\\\/proizvod\\\/carriwell-spavacica-za-trudnice-i-dojilje\\\/\"]}]},{\"@type\":\"ImageObject\",\"inLanguage\":\"fr-FR\",\"@id\":\"https:\\\/\\\/najnaj.eu\\\/fr\\\/proizvod\\\/carriwell-spavacica-za-trudnice-i-dojilje\\\/#primaryimage\",\"url\":\"https:\\\/\\\/najnaj.eu\\\/wp-content\\\/uploads\\\/2024\\\/04\\\/6000_Maternity-Nursing-Nightie_Web_v02.jpg\",\"contentUrl\":\"https:\\\/\\\/najnaj.eu\\\/wp-content\\\/uploads\\\/2024\\\/04\\\/6000_Maternity-Nursing-Nightie_Web_v02.jpg\",\"width\":1000,\"height\":1250},{\"@type\":\"BreadcrumbList\",\"@id\":\"https:\\\/\\\/najnaj.eu\\\/fr\\\/proizvod\\\/carriwell-spavacica-za-trudnice-i-dojilje\\\/#breadcrumb\",\"itemListElement\":[{\"@type\":\"ListItem\",\"position\":1,\"name\":\"Po\u010detna stranica\",\"item\":\"https:\\\/\\\/najnaj.eu\\\/fr\\\/\"},{\"@type\":\"ListItem\",\"position\":2,\"name\":\"Trgovina\",\"item\":\"https:\\\/\\\/najnaj.hr\\\/trgovina\\\/\"},{\"@type\":\"ListItem\",\"position\":3,\"name\":\"Carriwell Spava\u0107ica za trudnice i dojilje\"}]},{\"@type\":\"WebSite\",\"@id\":\"https:\\\/\\\/najnaj.eu\\\/fr\\\/#website\",\"url\":\"https:\\\/\\\/najnaj.eu\\\/fr\\\/\",\"name\":\"NajNaj.eu\",\"description\":\"Za najva\u017enije!\",\"potentialAction\":[{\"@type\":\"SearchAction\",\"target\":{\"@type\":\"EntryPoint\",\"urlTemplate\":\"https:\\\/\\\/najnaj.eu\\\/fr\\\/?s={search_term_string}\"},\"query-input\":{\"@type\":\"PropertyValueSpecification\",\"valueRequired\":true,\"valueName\":\"search_term_string\"}}],\"inLanguage\":\"fr-FR\"}]}<\/script>\n<meta property=\"product:brand\" content=\"Carriwell\" \/>\n<meta property=\"og:availability\" content=\"instock\" \/>\n<meta property=\"product:availability\" content=\"instock\" \/>\n<meta property=\"product:retailer_item_id\" content=\"CW6020N\" \/>\n<meta property=\"product:condition\" content=\"new\" \/>\n<!-- \/ Yoast SEO Premium plugin. -->","yoast_head_json":{"title":"Carriwell Spava\u0107ica za trudnice i dojilje - NajNaj.eu","robots":{"index":"index","follow":"follow","max-snippet":"max-snippet:-1","max-image-preview":"max-image-preview:large","max-video-preview":"max-video-preview:-1"},"canonical":"https:\/\/najnaj.eu\/fr\/proizvod\/carriwell-spavacica-za-trudnice-i-dojilje\/","og_locale":"fr_FR","og_type":"article","og_title":"Carriwell Spava\u0107ica za trudnice i dojilje","og_description":"Spava\u0107ica za trudnice i dojilje, s ultra mekom Modal tkaninom udobna je za no\u0161enje tijekom cijele trudno\u0107e i dojenja. Osmi\u0161ljeno posebno za no\u0107no dojenje.","og_url":"https:\/\/najnaj.eu\/fr\/proizvod\/carriwell-spavacica-za-trudnice-i-dojilje\/","og_site_name":"NajNaj.eu","article_publisher":"https:\/\/web.facebook.com\/najnaj.eu\/","article_modified_time":"2026-04-14T12:15:40+00:00","og_image":[{"width":1000,"height":1250,"url":"https:\/\/najnaj.eu\/wp-content\/uploads\/2024\/04\/6000_Maternity-Nursing-Nightie_Web_v02.jpg","type":"image\/jpeg"}],"twitter_card":"summary_large_image","twitter_misc":{"Disponibilit\u00e9":"En stock"},"schema":{"@context":"https:\/\/schema.org","@graph":[{"@type":"WebPage","@id":"https:\/\/najnaj.eu\/fr\/proizvod\/carriwell-spavacica-za-trudnice-i-dojilje\/","url":"https:\/\/najnaj.eu\/fr\/proizvod\/carriwell-spavacica-za-trudnice-i-dojilje\/","name":"Carriwell Spava\u0107ica za trudnice i dojilje - NajNaj.eu","isPartOf":{"@id":"https:\/\/najnaj.eu\/fr\/#website"},"primaryImageOfPage":{"@id":"https:\/\/najnaj.eu\/fr\/proizvod\/carriwell-spavacica-za-trudnice-i-dojilje\/#primaryimage"},"image":{"@id":"https:\/\/najnaj.eu\/fr\/proizvod\/carriwell-spavacica-za-trudnice-i-dojilje\/#primaryimage"},"thumbnailUrl":"https:\/\/najnaj.eu\/wp-content\/uploads\/2024\/04\/6000_Maternity-Nursing-Nightie_Web_v02.jpg","datePublished":"2024-04-11T11:33:05+00:00","dateModified":"2026-04-14T12:15:40+00:00","breadcrumb":{"@id":"https:\/\/najnaj.eu\/fr\/proizvod\/carriwell-spavacica-za-trudnice-i-dojilje\/#breadcrumb"},"inLanguage":"fr-FR","potentialAction":[{"@type":"ReadAction","target":["https:\/\/najnaj.eu\/fr\/proizvod\/carriwell-spavacica-za-trudnice-i-dojilje\/"]}]},{"@type":"ImageObject","inLanguage":"fr-FR","@id":"https:\/\/najnaj.eu\/fr\/proizvod\/carriwell-spavacica-za-trudnice-i-dojilje\/#primaryimage","url":"https:\/\/najnaj.eu\/wp-content\/uploads\/2024\/04\/6000_Maternity-Nursing-Nightie_Web_v02.jpg","contentUrl":"https:\/\/najnaj.eu\/wp-content\/uploads\/2024\/04\/6000_Maternity-Nursing-Nightie_Web_v02.jpg","width":1000,"height":1250},{"@type":"BreadcrumbList","@id":"https:\/\/najnaj.eu\/fr\/proizvod\/carriwell-spavacica-za-trudnice-i-dojilje\/#breadcrumb","itemListElement":[{"@type":"ListItem","position":1,"name":"Po\u010detna stranica","item":"https:\/\/najnaj.eu\/fr\/"},{"@type":"ListItem","position":2,"name":"Trgovina","item":"https:\/\/najnaj.hr\/trgovina\/"},{"@type":"ListItem","position":3,"name":"Carriwell Spava\u0107ica za trudnice i dojilje"}]},{"@type":"WebSite","@id":"https:\/\/najnaj.eu\/fr\/#website","url":"https:\/\/najnaj.eu\/fr\/","name":"NajNaj.eu","description":"Za najva\u017enije!","potentialAction":[{"@type":"SearchAction","target":{"@type":"EntryPoint","urlTemplate":"https:\/\/najnaj.eu\/fr\/?s={search_term_string}"},"query-input":{"@type":"PropertyValueSpecification","valueRequired":true,"valueName":"search_term_string"}}],"inLanguage":"fr-FR"}]},"product_brand":"Carriwell","og_availability":"instock","product_availability":"instock","product_retailer_item_id":"CW6020N","product_condition":"new"},"_links":{"self":[{"href":"https:\/\/najnaj.eu\/fr\/wp-json\/wp\/v2\/product\/205800","targetHints":{"allow":["GET"]}}],"collection":[{"href":"https:\/\/najnaj.eu\/fr\/wp-json\/wp\/v2\/product"}],"about":[{"href":"https:\/\/najnaj.eu\/fr\/wp-json\/wp\/v2\/types\/product"}],"replies":[{"embeddable":true,"href":"https:\/\/najnaj.eu\/fr\/wp-json\/wp\/v2\/comments?post=205800"}],"version-history":[{"count":0,"href":"https:\/\/najnaj.eu\/fr\/wp-json\/wp\/v2\/product\/205800\/revisions"}],"wp:featuredmedia":[{"embeddable":true,"href":"https:\/\/najnaj.eu\/fr\/wp-json\/wp\/v2\/media\/300529"}],"wp:attachment":[{"href":"https:\/\/najnaj.eu\/fr\/wp-json\/wp\/v2\/media?parent=205800"}],"wp:term":[{"taxonomy":"product_brand","embeddable":true,"href":"https:\/\/najnaj.eu\/fr\/wp-json\/wp\/v2\/product_brand?post=205800"},{"taxonomy":"product_cat","embeddable":true,"href":"https:\/\/najnaj.eu\/fr\/wp-json\/wp\/v2\/product_cat?post=205800"},{"taxonomy":"product_tag","embeddable":true,"href":"https:\/\/najnaj.eu\/fr\/wp-json\/wp\/v2\/product_tag?post=205800"}],"curies":[{"name":"wp","href":"https:\/\/api.w.org\/{rel}","templated":true}]}}