{"id":205376,"date":"2024-05-22T10:15:54","date_gmt":"2024-05-22T08:15:54","guid":{"rendered":"https:\/\/najnaj.eu\/?post_type=product&#038;p=205376"},"modified":"2026-02-04T10:15:41","modified_gmt":"2026-02-04T09:15:41","slug":"b-box-silikonska-duda-glow-blush-latte","status":"publish","type":"product","link":"https:\/\/najnaj.eu\/fr\/proizvod\/b-box-silikonska-duda-glow-blush-latte\/","title":{"rendered":"b.box Silikonska duda Glow &#8211; blush + latte"},"content":{"rendered":"<p>Koliko dobro izgledaju, toliko su i funkcionalne, b.box dude su dizajnirane da umire va\u0161eg mali\u0161ana sigurno i sa stilom!<\/p>\n<p>Opcije uklju\u010duju intuitivnu simetri\u010dnu silikonsku dudu ili njema\u010dku dudu od prirodnog lateksa, od kojih je svaka dostupna u dvije veli\u010dine kako bi pru\u017eila umiruju\u0107u sigurnost bebama od ro\u0111enja.<\/p>\n<p>Sve dude koje svijetle u mraku imaju sljede\u0107e zna\u010dajke za optimalno pristajanje, udobnost i u\u010dinak.<\/p>\n<ul>\n<li>Svijetli u mraku s dugotrajnim osvjetljenjem \u0161to olak\u0161ava bebi pronala\u017eenje duda, sprje\u010dava no\u0107no bu\u0111enje i pobolj\u0161ava trajanje i kvalitetu sna<\/li>\n<li>Dizajnirana s tankim grlom dudala za podr\u0161ku pravilnom razvoju zuba<\/li>\n<li>Ergonomski oblik dude i \u0161titnika osigurava pravilno pristajanje svaki put, \u010dak i ako se duda zakrene za 180 stupnjeva. To va\u0161em mali\u0161anu omogu\u0107uje da jednostavno vrati dudu u usta i samostalno se smjesti.<\/li>\n<li>Antimikrobni \u0161tit na bazi srebra, inhibira rast do 99,9% bakterija<\/li>\n<li>Oblik \u0161tita nudi optimalan razmak od bebinih nosnih prolaza i udobno pristajanje<\/li>\n<li>Veliki otvori za protok zraka poti\u010du cirkulaciju zraka oko bebinih usta kako bi se sprije\u010dilo nakupljanje vlage i iritacija ko\u017ee<\/li>\n<li>Prilo\u017eena prakti\u010dna kapica za jednostavno higijensko spremanje kod ku\u0107e ili u pokretu<\/li>\n<\/ul>\n<p>Dostupne u prakti\u010dnom pakiranju od 2 komada u nizu modernih boja!<\/p>\n","protected":false},"excerpt":{"rendered":"<ul>\n<li>intuitivna simetri\u010dna silikonska duda ili duda od njema\u010dkog prirodnog lateksa za umirivanje beba od ro\u0111enja<\/li>\n<li>dostupne dvije veli\u010dine. 0-6m + 6m+<\/li>\n<li>ergonomski dizajn duda i \u0161titnika za savr\u0161eno pristajanje, naopako ili nadolje<\/li>\n<li>dugotrajno svijetli u mraku<\/li>\n<li>\u0161titnici za dudu imaju izda\u0161ne otvore za protok zraka koji poti\u010du cirkulaciju zraka oko bebinih usta<\/li>\n<li>antimikrobna tehnologija bazirana na srebru, inhibira rast do 99,9% bakterija<\/li>\n<li>sigurne za sterilizaciju u sterilizatoru<\/li>\n<li>uklju\u010duje zatvoreni poklopac za higijensko skladi\u0161tenje kod ku\u0107e i u pokretu<\/li>\n<li>dostupno u prakti\u010dnom pakiranju od 2 komada<\/li>\n<li>izbor prekrasnih boja<\/li>\n<\/ul>\n","protected":false},"featured_media":244929,"comment_status":"open","ping_status":"closed","template":"","meta":{"_acf_changed":false,"footnotes":""},"product_brand":[],"product_cat":[1681,577,659,318],"product_tag":[2277],"class_list":{"0":"post-205376","1":"product","2":"type-product","3":"status-publish","4":"has-post-thumbnail","6":"product_cat-dude","7":"product_cat-hranjenje","8":"product_cat-ostalo-za-hranjenje","9":"product_cat-proizvodi","10":"product_tag-rasprodaja","11":"pa_boja-bez","12":"pa_boja-roza","13":"pa_brand-b-box","15":"first","16":"instock","17":"sale","18":"shipping-taxable","19":"purchasable","20":"product-type-variable"},"bundled_by":[],"bundle_stock_status":"instock","bundle_stock_quantity":null,"bundle_virtual":false,"bundle_layout":"","bundle_add_to_cart_form_location":"","bundle_editable_in_cart":false,"bundle_sold_individually_context":"","bundle_item_grouping":"","bundle_min_size":"","bundle_max_size":"","bundle_price":[],"bundled_items":[],"bundle_sell_ids":[],"acf":[],"yoast_head":"<!-- This site is optimized with the Yoast SEO Premium plugin v21.5 (Yoast SEO v27.4) - https:\/\/yoast.com\/product\/yoast-seo-premium-wordpress\/ -->\n<title>b.box Silikonska duda Glow - blush + latte - NajNaj.eu<\/title>\n<meta name=\"robots\" content=\"index, follow, max-snippet:-1, max-image-preview:large, max-video-preview:-1\" \/>\n<link rel=\"canonical\" href=\"https:\/\/najnaj.eu\/fr\/proizvod\/b-box-silikonska-duda-glow-blush-latte\/\" \/>\n<meta property=\"og:locale\" content=\"fr_FR\" \/>\n<meta property=\"og:type\" content=\"article\" \/>\n<meta property=\"og:title\" content=\"b.box Silikonska duda Glow - blush + latte\" \/>\n<meta property=\"og:description\" content=\"intuitivna simetri\u010dna silikonska duda ili duda od njema\u010dkog prirodnog lateksa za umirivanje beba od ro\u0111enja  dostupne dvije veli\u010dine. 0-6m + 6m+  ergonomski dizajn duda i \u0161titnika za savr\u0161eno pristajanje, naopako ili nadolje  dugotrajno svijetli u mraku  \u0161titnici za dudu imaju izda\u0161ne otvore za protok zraka koji poti\u010du cirkulaciju zraka oko bebinih usta  antimikrobna tehnologija bazirana na srebru, inhibira rast do 99,9% bakterija  sigurne za sterilizaciju u sterilizatoru  uklju\u010duje zatvoreni poklopac za higijensko skladi\u0161tenje kod ku\u0107e i u pokretu  dostupno u prakti\u010dnom pakiranju od 2 komada  izbor prekrasnih boja\" \/>\n<meta property=\"og:url\" content=\"https:\/\/najnaj.eu\/fr\/proizvod\/b-box-silikonska-duda-glow-blush-latte\/\" \/>\n<meta property=\"og:site_name\" content=\"NajNaj.eu\" \/>\n<meta property=\"article:publisher\" content=\"https:\/\/web.facebook.com\/najnaj.eu\/\" \/>\n<meta property=\"article:modified_time\" content=\"2026-02-04T09:15:41+00:00\" \/>\n<meta property=\"og:image\" content=\"https:\/\/najnaj.eu\/wp-content\/uploads\/2024\/05\/Dizajn-bez-naslova-90.jpg\" \/>\n\t<meta property=\"og:image:width\" content=\"1080\" \/>\n\t<meta property=\"og:image:height\" content=\"1080\" \/>\n\t<meta property=\"og:image:type\" content=\"image\/jpeg\" \/>\n<meta name=\"twitter:card\" content=\"summary_large_image\" \/>\n<meta name=\"twitter:label1\" content=\"Disponibilit\u00e9\" \/>\n\t<meta name=\"twitter:data1\" content=\"En stock\" \/>\n<script type=\"application\/ld+json\" class=\"yoast-schema-graph\">{\"@context\":\"https:\\\/\\\/schema.org\",\"@graph\":[{\"@type\":\"WebPage\",\"@id\":\"https:\\\/\\\/najnaj.eu\\\/fr\\\/proizvod\\\/b-box-silikonska-duda-glow-blush-latte\\\/\",\"url\":\"https:\\\/\\\/najnaj.eu\\\/fr\\\/proizvod\\\/b-box-silikonska-duda-glow-blush-latte\\\/\",\"name\":\"b.box Silikonska duda Glow - blush + latte - NajNaj.eu\",\"isPartOf\":{\"@id\":\"https:\\\/\\\/najnaj.eu\\\/fr\\\/#website\"},\"primaryImageOfPage\":{\"@id\":\"https:\\\/\\\/najnaj.eu\\\/fr\\\/proizvod\\\/b-box-silikonska-duda-glow-blush-latte\\\/#primaryimage\"},\"image\":{\"@id\":\"https:\\\/\\\/najnaj.eu\\\/fr\\\/proizvod\\\/b-box-silikonska-duda-glow-blush-latte\\\/#primaryimage\"},\"thumbnailUrl\":\"https:\\\/\\\/najnaj.eu\\\/wp-content\\\/uploads\\\/2024\\\/05\\\/Dizajn-bez-naslova-90.jpg\",\"datePublished\":\"2024-05-22T08:15:54+00:00\",\"dateModified\":\"2026-02-04T09:15:41+00:00\",\"breadcrumb\":{\"@id\":\"https:\\\/\\\/najnaj.eu\\\/fr\\\/proizvod\\\/b-box-silikonska-duda-glow-blush-latte\\\/#breadcrumb\"},\"inLanguage\":\"fr-FR\",\"potentialAction\":[{\"@type\":\"ReadAction\",\"target\":[\"https:\\\/\\\/najnaj.eu\\\/fr\\\/proizvod\\\/b-box-silikonska-duda-glow-blush-latte\\\/\"]}]},{\"@type\":\"ImageObject\",\"inLanguage\":\"fr-FR\",\"@id\":\"https:\\\/\\\/najnaj.eu\\\/fr\\\/proizvod\\\/b-box-silikonska-duda-glow-blush-latte\\\/#primaryimage\",\"url\":\"https:\\\/\\\/najnaj.eu\\\/wp-content\\\/uploads\\\/2024\\\/05\\\/Dizajn-bez-naslova-90.jpg\",\"contentUrl\":\"https:\\\/\\\/najnaj.eu\\\/wp-content\\\/uploads\\\/2024\\\/05\\\/Dizajn-bez-naslova-90.jpg\",\"width\":1080,\"height\":1080},{\"@type\":\"BreadcrumbList\",\"@id\":\"https:\\\/\\\/najnaj.eu\\\/fr\\\/proizvod\\\/b-box-silikonska-duda-glow-blush-latte\\\/#breadcrumb\",\"itemListElement\":[{\"@type\":\"ListItem\",\"position\":1,\"name\":\"Po\u010detna stranica\",\"item\":\"https:\\\/\\\/najnaj.eu\\\/fr\\\/\"},{\"@type\":\"ListItem\",\"position\":2,\"name\":\"Trgovina\",\"item\":\"https:\\\/\\\/najnaj.hr\\\/trgovina\\\/\"},{\"@type\":\"ListItem\",\"position\":3,\"name\":\"b.box Silikonska duda Glow &#8211; blush + latte\"}]},{\"@type\":\"WebSite\",\"@id\":\"https:\\\/\\\/najnaj.eu\\\/fr\\\/#website\",\"url\":\"https:\\\/\\\/najnaj.eu\\\/fr\\\/\",\"name\":\"NajNaj.eu\",\"description\":\"Za najva\u017enije!\",\"potentialAction\":[{\"@type\":\"SearchAction\",\"target\":{\"@type\":\"EntryPoint\",\"urlTemplate\":\"https:\\\/\\\/najnaj.eu\\\/fr\\\/?s={search_term_string}\"},\"query-input\":{\"@type\":\"PropertyValueSpecification\",\"valueRequired\":true,\"valueName\":\"search_term_string\"}}],\"inLanguage\":\"fr-FR\"}]}<\/script>\n<meta property=\"product:brand\" content=\"b.box\" \/>\n<meta property=\"og:availability\" content=\"instock\" \/>\n<meta property=\"product:availability\" content=\"instock\" \/>\n<meta property=\"product:retailer_item_id\" content=\"BX300711-N\" \/>\n<meta property=\"product:condition\" content=\"new\" \/>\n<!-- \/ Yoast SEO Premium plugin. -->","yoast_head_json":{"title":"b.box Silikonska duda Glow - blush + latte - NajNaj.eu","robots":{"index":"index","follow":"follow","max-snippet":"max-snippet:-1","max-image-preview":"max-image-preview:large","max-video-preview":"max-video-preview:-1"},"canonical":"https:\/\/najnaj.eu\/fr\/proizvod\/b-box-silikonska-duda-glow-blush-latte\/","og_locale":"fr_FR","og_type":"article","og_title":"b.box Silikonska duda Glow - blush + latte","og_description":"intuitivna simetri\u010dna silikonska duda ili duda od njema\u010dkog prirodnog lateksa za umirivanje beba od ro\u0111enja  dostupne dvije veli\u010dine. 0-6m + 6m+  ergonomski dizajn duda i \u0161titnika za savr\u0161eno pristajanje, naopako ili nadolje  dugotrajno svijetli u mraku  \u0161titnici za dudu imaju izda\u0161ne otvore za protok zraka koji poti\u010du cirkulaciju zraka oko bebinih usta  antimikrobna tehnologija bazirana na srebru, inhibira rast do 99,9% bakterija  sigurne za sterilizaciju u sterilizatoru  uklju\u010duje zatvoreni poklopac za higijensko skladi\u0161tenje kod ku\u0107e i u pokretu  dostupno u prakti\u010dnom pakiranju od 2 komada  izbor prekrasnih boja","og_url":"https:\/\/najnaj.eu\/fr\/proizvod\/b-box-silikonska-duda-glow-blush-latte\/","og_site_name":"NajNaj.eu","article_publisher":"https:\/\/web.facebook.com\/najnaj.eu\/","article_modified_time":"2026-02-04T09:15:41+00:00","og_image":[{"width":1080,"height":1080,"url":"https:\/\/najnaj.eu\/wp-content\/uploads\/2024\/05\/Dizajn-bez-naslova-90.jpg","type":"image\/jpeg"}],"twitter_card":"summary_large_image","twitter_misc":{"Disponibilit\u00e9":"En stock"},"schema":{"@context":"https:\/\/schema.org","@graph":[{"@type":"WebPage","@id":"https:\/\/najnaj.eu\/fr\/proizvod\/b-box-silikonska-duda-glow-blush-latte\/","url":"https:\/\/najnaj.eu\/fr\/proizvod\/b-box-silikonska-duda-glow-blush-latte\/","name":"b.box Silikonska duda Glow - blush + latte - NajNaj.eu","isPartOf":{"@id":"https:\/\/najnaj.eu\/fr\/#website"},"primaryImageOfPage":{"@id":"https:\/\/najnaj.eu\/fr\/proizvod\/b-box-silikonska-duda-glow-blush-latte\/#primaryimage"},"image":{"@id":"https:\/\/najnaj.eu\/fr\/proizvod\/b-box-silikonska-duda-glow-blush-latte\/#primaryimage"},"thumbnailUrl":"https:\/\/najnaj.eu\/wp-content\/uploads\/2024\/05\/Dizajn-bez-naslova-90.jpg","datePublished":"2024-05-22T08:15:54+00:00","dateModified":"2026-02-04T09:15:41+00:00","breadcrumb":{"@id":"https:\/\/najnaj.eu\/fr\/proizvod\/b-box-silikonska-duda-glow-blush-latte\/#breadcrumb"},"inLanguage":"fr-FR","potentialAction":[{"@type":"ReadAction","target":["https:\/\/najnaj.eu\/fr\/proizvod\/b-box-silikonska-duda-glow-blush-latte\/"]}]},{"@type":"ImageObject","inLanguage":"fr-FR","@id":"https:\/\/najnaj.eu\/fr\/proizvod\/b-box-silikonska-duda-glow-blush-latte\/#primaryimage","url":"https:\/\/najnaj.eu\/wp-content\/uploads\/2024\/05\/Dizajn-bez-naslova-90.jpg","contentUrl":"https:\/\/najnaj.eu\/wp-content\/uploads\/2024\/05\/Dizajn-bez-naslova-90.jpg","width":1080,"height":1080},{"@type":"BreadcrumbList","@id":"https:\/\/najnaj.eu\/fr\/proizvod\/b-box-silikonska-duda-glow-blush-latte\/#breadcrumb","itemListElement":[{"@type":"ListItem","position":1,"name":"Po\u010detna stranica","item":"https:\/\/najnaj.eu\/fr\/"},{"@type":"ListItem","position":2,"name":"Trgovina","item":"https:\/\/najnaj.hr\/trgovina\/"},{"@type":"ListItem","position":3,"name":"b.box Silikonska duda Glow &#8211; blush + latte"}]},{"@type":"WebSite","@id":"https:\/\/najnaj.eu\/fr\/#website","url":"https:\/\/najnaj.eu\/fr\/","name":"NajNaj.eu","description":"Za najva\u017enije!","potentialAction":[{"@type":"SearchAction","target":{"@type":"EntryPoint","urlTemplate":"https:\/\/najnaj.eu\/fr\/?s={search_term_string}"},"query-input":{"@type":"PropertyValueSpecification","valueRequired":true,"valueName":"search_term_string"}}],"inLanguage":"fr-FR"}]},"product_brand":"b.box","og_availability":"instock","product_availability":"instock","product_retailer_item_id":"BX300711-N","product_condition":"new"},"_links":{"self":[{"href":"https:\/\/najnaj.eu\/fr\/wp-json\/wp\/v2\/product\/205376","targetHints":{"allow":["GET"]}}],"collection":[{"href":"https:\/\/najnaj.eu\/fr\/wp-json\/wp\/v2\/product"}],"about":[{"href":"https:\/\/najnaj.eu\/fr\/wp-json\/wp\/v2\/types\/product"}],"replies":[{"embeddable":true,"href":"https:\/\/najnaj.eu\/fr\/wp-json\/wp\/v2\/comments?post=205376"}],"version-history":[{"count":0,"href":"https:\/\/najnaj.eu\/fr\/wp-json\/wp\/v2\/product\/205376\/revisions"}],"wp:featuredmedia":[{"embeddable":true,"href":"https:\/\/najnaj.eu\/fr\/wp-json\/wp\/v2\/media\/244929"}],"wp:attachment":[{"href":"https:\/\/najnaj.eu\/fr\/wp-json\/wp\/v2\/media?parent=205376"}],"wp:term":[{"taxonomy":"product_brand","embeddable":true,"href":"https:\/\/najnaj.eu\/fr\/wp-json\/wp\/v2\/product_brand?post=205376"},{"taxonomy":"product_cat","embeddable":true,"href":"https:\/\/najnaj.eu\/fr\/wp-json\/wp\/v2\/product_cat?post=205376"},{"taxonomy":"product_tag","embeddable":true,"href":"https:\/\/najnaj.eu\/fr\/wp-json\/wp\/v2\/product_tag?post=205376"}],"curies":[{"name":"wp","href":"https:\/\/api.w.org\/{rel}","templated":true}]}}