{"id":204942,"date":"2025-01-08T07:25:10","date_gmt":"2025-01-08T06:25:10","guid":{"rendered":"https:\/\/najnaj.eu\/?post_type=product&#038;p=204942"},"modified":"2026-04-15T02:11:22","modified_gmt":"2026-04-15T00:11:22","slug":"besafe-beyond-isofix-baza","status":"publish","type":"product","link":"https:\/\/najnaj.eu\/fr\/proizvod\/besafe-beyond-isofix-baza\/","title":{"rendered":"BeSafe Beyond ISOfix baza"},"content":{"rendered":"<p><strong>1. Osigurava optimalan kut na sjedalu automobila<\/strong><br \/>\nMehanizam Universal Level Technology\u2122 u svakom trenutku omogu\u0107uje postavljanje baze pod optimalnim kutom, zahvaljuju\u0107i tome \u0161to sjedalica ne ovisi o kutu pod kojim je postavljeno sjedalo automobila.<\/p>\n<p><strong>2. Dodatni prostor za noge<\/strong><br \/>\nRu\u010dka na prednjem osloncu baze omogu\u0107uje prilagodbu prostora za noge za stariju djecu naginjanjem prednjeg oslonca.<\/p>\n<p><strong>3. Rotacijska baza<\/strong><br \/>\nBaza ima funkciju okretanja \u0161to olak\u0161ava okretanje sjedalice prema vratima automobila za lak\u0161i pristup prilikom vezivanja ili otkop\u010davanja djeteta.<\/p>\n<p><strong>Vrhunska sigurnost<\/strong><br \/>\n&#8211; Koristi se sa svim autosjedalicama Beyond sustava od 40 do 125 cm i do 22 kg.<br \/>\n&#8211; Jedinstveni materijali i revolucionarna konstrukcija za robusnu, ali laganu bazu<br \/>\n&#8211; Dvije tipke za otpu\u0161tanje ISOfixa za dodatnu sigurnost<br \/>\n&#8211; Vizualni indikatori koji daju povratne informacije o ispravnoj instalaciji<br \/>\n&#8211; Pametni mehanizam za blokiranje sprje\u010dava rano okretanje prema naprijed<br \/>\n&#8211; Djetetu omogu\u0107uje putovanje u smjeru suprotnom od smjera vo\u017enje sve do otprilike 6 godina<\/p>\n<p><strong>Jedinstvene zna\u010dajke za svakodnevnu fleksibilnost<\/strong><br \/>\n&#8211; Funkcija rotacije za jednostavan pristup i ergonomsko rukovanje<br \/>\n&#8211; Postavljanje Beyond sjedalica samo jednim klikom na bazu<br \/>\n&#8211; Lako dostupna ru\u010dka za otpu\u0161tanje autosjedalice od baze<br \/>\n&#8211; Mala te\u017eina i jednostavna instalacija olak\u0161avaju premje\u0161tanje baze izme\u0111u automobila<\/p>\n<p><strong>Udobnost<\/strong><br \/>\n&#8211; Universal Level Technology\u2122 za optimalan kut sjedenja u svakom automobilu<br \/>\n&#8211; Podesivi prostor za noge za malu djecu u kombinaciji s autosjedalicom Beyond\/Beyond 360<\/p>\n<p><strong>Priroda i promjenjiva mobilnost na umu<\/strong><br \/>\nKoncept BeSafe Beyond napravljen je da traje. Njegovi izdr\u017eljivi materijali, u kombinaciji s konstrukcijom koja omogu\u0107uje jednostavan popravak, produ\u017euju \u017eivotni vijek svih proizvoda Beyond koncepta na 15 godina. Kori\u0161tenjem iste baze za dje\u010dju autosjedalicu i sjedalicu za malu djecu od 0 do 6 godina, smanjujemo koli\u010dinu materijala kori\u0161tenog tijekom proizvodnje.<br \/>\nPovrh toga, modularni i lagani dizajn koncepta \u010dini ga savr\u0161enim za obitelji koje \u017eele koristiti svoje sjedalo u vi\u0161e automobila &#8211; bilo da posjeduju 2 automobila ili koriste usluge dijeljenja automobila.<\/p>\n<p><strong>Vrijeme kori\u0161tenja<\/strong><br \/>\nOdricanje od odgovornosti za dobni raspon: imajte na umu da je navedeni dobni raspon samo smjernica temeljena na prosje\u010dnim vrijednostima i ne ograni\u010dava niti jam\u010di vrijeme kori\u0161tenja.<\/p>\n","protected":false},"excerpt":{"rendered":"<ul>\n<li>omogu\u0107ava iznimno jednostavno postavljanje Beyond autosjedalice klikom ISOfix konektora na bazi u ISOfix pri\u010dvrsne to\u010dke u automobilu<\/li>\n<li>funkcija rotacije koja omogu\u0107uje rotiranje autosjedalice prema vratima automobila radi lak\u0161eg pristupa i rotaciju od 360 stupnjeva kod Beyond 360 sjedalice<\/li>\n<li>iznimno je lagana, ali izvanredno izdr\u017eljiva jer materijali kori\u0161teni u konstrukciji mogu izdr\u017eati i za\u0161tititi dijete u sudaru do 125 cm i 22 kg<\/li>\n<li>odgovara: BeSafe Go Beyond i BeSafe Beyond 360 autosjedalicama<\/li>\n<\/ul>\n<p>Pogledajte Beyond ISOfix bazu u interaktivnom <a href=\"https:\/\/catalogue.arkid.app\/embed\/RhzGOdTtEfBOtKrX0T-ezw\" target=\"_blank\" rel=\"noopener\"><strong>3D prikazu<\/strong><\/a>!<\/p>\n<p>&nbsp;<\/p>\n","protected":false},"featured_media":204943,"comment_status":"open","ping_status":"closed","template":"","meta":{"_acf_changed":false,"footnotes":""},"product_brand":[],"product_cat":[574,831,830],"product_tag":[],"class_list":{"0":"post-204942","1":"product","2":"type-product","3":"status-publish","4":"has-post-thumbnail","6":"product_cat-autosjedalice","7":"product_cat-mala-djeca-1-4-god","8":"product_cat-novorodence","9":"pa_brand-besafe","11":"first","12":"instock","13":"shipping-taxable","14":"purchasable","15":"product-type-simple"},"bundled_by":[],"bundle_stock_status":"instock","bundle_stock_quantity":15,"bundle_virtual":false,"bundle_layout":"","bundle_add_to_cart_form_location":"","bundle_editable_in_cart":false,"bundle_sold_individually_context":"","bundle_item_grouping":"","bundle_min_size":"","bundle_max_size":"","bundle_price":[],"bundled_items":[],"bundle_sell_ids":[],"acf":[],"yoast_head":"<!-- This site is optimized with the Yoast SEO Premium plugin v21.5 (Yoast SEO v27.4) - https:\/\/yoast.com\/product\/yoast-seo-premium-wordpress\/ -->\n<title>BeSafe Beyond ISOfix baza - NajNaj.eu<\/title>\n<meta name=\"robots\" content=\"index, follow, max-snippet:-1, max-image-preview:large, max-video-preview:-1\" \/>\n<link rel=\"canonical\" href=\"https:\/\/najnaj.eu\/fr\/proizvod\/besafe-beyond-isofix-baza\/\" \/>\n<meta property=\"og:locale\" content=\"fr_FR\" \/>\n<meta property=\"og:type\" content=\"article\" \/>\n<meta property=\"og:title\" content=\"BeSafe Beyond ISOfix baza\" \/>\n<meta property=\"og:description\" content=\"omogu\u0107ava iznimno jednostavno postavljanje Beyond autosjedalice klikom ISOfix konektora na bazi u ISOfix pri\u010dvrsne to\u010dke u automobilu  funkcija rotacije koja omogu\u0107uje rotiranje autosjedalice prema vratima automobila radi lak\u0161eg pristupa i rotaciju od 360 stupnjeva kod Beyond 360 sjedalice  iznimno je lagana, ali izvanredno izdr\u017eljiva jer materijali kori\u0161teni u konstrukciji mogu izdr\u017eati i za\u0161tititi dijete u sudaru do 125 cm i 22 kg  odgovara: BeSafe Go Beyond i BeSafe Beyond 360 autosjedalicama  Pogledajte Beyond ISOfix bazu u interaktivnom 3D prikazu!  &nbsp;\" \/>\n<meta property=\"og:url\" content=\"https:\/\/najnaj.eu\/fr\/proizvod\/besafe-beyond-isofix-baza\/\" \/>\n<meta property=\"og:site_name\" content=\"NajNaj.eu\" \/>\n<meta property=\"article:publisher\" content=\"https:\/\/web.facebook.com\/najnaj.eu\/\" \/>\n<meta property=\"article:modified_time\" content=\"2026-04-15T00:11:22+00:00\" \/>\n<meta property=\"og:image\" content=\"https:\/\/najnaj.eu\/wp-content\/uploads\/2024\/05\/11036235_BeSafe_Beyond-Base_Right_Shadow.jpg\" \/>\n\t<meta property=\"og:image:width\" content=\"2400\" \/>\n\t<meta property=\"og:image:height\" content=\"2400\" \/>\n\t<meta property=\"og:image:type\" content=\"image\/jpeg\" \/>\n<meta name=\"twitter:card\" content=\"summary_large_image\" \/>\n<meta name=\"twitter:label1\" content=\"Prix\" \/>\n\t<meta name=\"twitter:data1\" content=\"329,00&nbsp;&euro;\" \/>\n\t<meta name=\"twitter:label2\" content=\"Disponibilit\u00e9\" \/>\n\t<meta name=\"twitter:data2\" content=\"En stock\" \/>\n<script type=\"application\/ld+json\" class=\"yoast-schema-graph\">{\"@context\":\"https:\\\/\\\/schema.org\",\"@graph\":[{\"@type\":\"WebPage\",\"@id\":\"https:\\\/\\\/najnaj.eu\\\/fr\\\/proizvod\\\/besafe-beyond-isofix-baza\\\/\",\"url\":\"https:\\\/\\\/najnaj.eu\\\/fr\\\/proizvod\\\/besafe-beyond-isofix-baza\\\/\",\"name\":\"BeSafe Beyond ISOfix baza - NajNaj.eu\",\"isPartOf\":{\"@id\":\"https:\\\/\\\/najnaj.eu\\\/fr\\\/#website\"},\"primaryImageOfPage\":{\"@id\":\"https:\\\/\\\/najnaj.eu\\\/fr\\\/proizvod\\\/besafe-beyond-isofix-baza\\\/#primaryimage\"},\"image\":{\"@id\":\"https:\\\/\\\/najnaj.eu\\\/fr\\\/proizvod\\\/besafe-beyond-isofix-baza\\\/#primaryimage\"},\"thumbnailUrl\":\"https:\\\/\\\/najnaj.eu\\\/wp-content\\\/uploads\\\/2024\\\/05\\\/11036235_BeSafe_Beyond-Base_Right_Shadow.jpg\",\"datePublished\":\"2025-01-08T06:25:10+00:00\",\"dateModified\":\"2026-04-15T00:11:22+00:00\",\"breadcrumb\":{\"@id\":\"https:\\\/\\\/najnaj.eu\\\/fr\\\/proizvod\\\/besafe-beyond-isofix-baza\\\/#breadcrumb\"},\"inLanguage\":\"fr-FR\",\"potentialAction\":[{\"@type\":\"ReadAction\",\"target\":[\"https:\\\/\\\/najnaj.eu\\\/fr\\\/proizvod\\\/besafe-beyond-isofix-baza\\\/\"]}]},{\"@type\":\"ImageObject\",\"inLanguage\":\"fr-FR\",\"@id\":\"https:\\\/\\\/najnaj.eu\\\/fr\\\/proizvod\\\/besafe-beyond-isofix-baza\\\/#primaryimage\",\"url\":\"https:\\\/\\\/najnaj.eu\\\/wp-content\\\/uploads\\\/2024\\\/05\\\/11036235_BeSafe_Beyond-Base_Right_Shadow.jpg\",\"contentUrl\":\"https:\\\/\\\/najnaj.eu\\\/wp-content\\\/uploads\\\/2024\\\/05\\\/11036235_BeSafe_Beyond-Base_Right_Shadow.jpg\",\"width\":2400,\"height\":2400},{\"@type\":\"BreadcrumbList\",\"@id\":\"https:\\\/\\\/najnaj.eu\\\/fr\\\/proizvod\\\/besafe-beyond-isofix-baza\\\/#breadcrumb\",\"itemListElement\":[{\"@type\":\"ListItem\",\"position\":1,\"name\":\"Po\u010detna stranica\",\"item\":\"https:\\\/\\\/najnaj.eu\\\/fr\\\/\"},{\"@type\":\"ListItem\",\"position\":2,\"name\":\"Trgovina\",\"item\":\"https:\\\/\\\/najnaj.hr\\\/trgovina\\\/\"},{\"@type\":\"ListItem\",\"position\":3,\"name\":\"BeSafe Beyond ISOfix baza\"}]},{\"@type\":\"WebSite\",\"@id\":\"https:\\\/\\\/najnaj.eu\\\/fr\\\/#website\",\"url\":\"https:\\\/\\\/najnaj.eu\\\/fr\\\/\",\"name\":\"NajNaj.eu\",\"description\":\"Za najva\u017enije!\",\"potentialAction\":[{\"@type\":\"SearchAction\",\"target\":{\"@type\":\"EntryPoint\",\"urlTemplate\":\"https:\\\/\\\/najnaj.eu\\\/fr\\\/?s={search_term_string}\"},\"query-input\":{\"@type\":\"PropertyValueSpecification\",\"valueRequired\":true,\"valueName\":\"search_term_string\"}}],\"inLanguage\":\"fr-FR\"}]}<\/script>\n<meta property=\"product:brand\" content=\"BeSafe\" \/>\n<meta property=\"product:price:amount\" content=\"329.00\" \/>\n<meta property=\"product:price:currency\" content=\"EUR\" \/>\n<meta property=\"og:availability\" content=\"instock\" \/>\n<meta property=\"product:availability\" content=\"instock\" \/>\n<meta property=\"product:retailer_item_id\" content=\"11036235\" \/>\n<meta property=\"product:condition\" content=\"new\" \/>\n<!-- \/ Yoast SEO Premium plugin. -->","yoast_head_json":{"title":"BeSafe Beyond ISOfix baza - NajNaj.eu","robots":{"index":"index","follow":"follow","max-snippet":"max-snippet:-1","max-image-preview":"max-image-preview:large","max-video-preview":"max-video-preview:-1"},"canonical":"https:\/\/najnaj.eu\/fr\/proizvod\/besafe-beyond-isofix-baza\/","og_locale":"fr_FR","og_type":"article","og_title":"BeSafe Beyond ISOfix baza","og_description":"omogu\u0107ava iznimno jednostavno postavljanje Beyond autosjedalice klikom ISOfix konektora na bazi u ISOfix pri\u010dvrsne to\u010dke u automobilu  funkcija rotacije koja omogu\u0107uje rotiranje autosjedalice prema vratima automobila radi lak\u0161eg pristupa i rotaciju od 360 stupnjeva kod Beyond 360 sjedalice  iznimno je lagana, ali izvanredno izdr\u017eljiva jer materijali kori\u0161teni u konstrukciji mogu izdr\u017eati i za\u0161tititi dijete u sudaru do 125 cm i 22 kg  odgovara: BeSafe Go Beyond i BeSafe Beyond 360 autosjedalicama  Pogledajte Beyond ISOfix bazu u interaktivnom 3D prikazu!  &nbsp;","og_url":"https:\/\/najnaj.eu\/fr\/proizvod\/besafe-beyond-isofix-baza\/","og_site_name":"NajNaj.eu","article_publisher":"https:\/\/web.facebook.com\/najnaj.eu\/","article_modified_time":"2026-04-15T00:11:22+00:00","og_image":[{"width":2400,"height":2400,"url":"https:\/\/najnaj.eu\/wp-content\/uploads\/2024\/05\/11036235_BeSafe_Beyond-Base_Right_Shadow.jpg","type":"image\/jpeg"}],"twitter_card":"summary_large_image","twitter_misc":{"Prix":"329,00&nbsp;&euro;","Disponibilit\u00e9":"En stock"},"schema":{"@context":"https:\/\/schema.org","@graph":[{"@type":"WebPage","@id":"https:\/\/najnaj.eu\/fr\/proizvod\/besafe-beyond-isofix-baza\/","url":"https:\/\/najnaj.eu\/fr\/proizvod\/besafe-beyond-isofix-baza\/","name":"BeSafe Beyond ISOfix baza - NajNaj.eu","isPartOf":{"@id":"https:\/\/najnaj.eu\/fr\/#website"},"primaryImageOfPage":{"@id":"https:\/\/najnaj.eu\/fr\/proizvod\/besafe-beyond-isofix-baza\/#primaryimage"},"image":{"@id":"https:\/\/najnaj.eu\/fr\/proizvod\/besafe-beyond-isofix-baza\/#primaryimage"},"thumbnailUrl":"https:\/\/najnaj.eu\/wp-content\/uploads\/2024\/05\/11036235_BeSafe_Beyond-Base_Right_Shadow.jpg","datePublished":"2025-01-08T06:25:10+00:00","dateModified":"2026-04-15T00:11:22+00:00","breadcrumb":{"@id":"https:\/\/najnaj.eu\/fr\/proizvod\/besafe-beyond-isofix-baza\/#breadcrumb"},"inLanguage":"fr-FR","potentialAction":[{"@type":"ReadAction","target":["https:\/\/najnaj.eu\/fr\/proizvod\/besafe-beyond-isofix-baza\/"]}]},{"@type":"ImageObject","inLanguage":"fr-FR","@id":"https:\/\/najnaj.eu\/fr\/proizvod\/besafe-beyond-isofix-baza\/#primaryimage","url":"https:\/\/najnaj.eu\/wp-content\/uploads\/2024\/05\/11036235_BeSafe_Beyond-Base_Right_Shadow.jpg","contentUrl":"https:\/\/najnaj.eu\/wp-content\/uploads\/2024\/05\/11036235_BeSafe_Beyond-Base_Right_Shadow.jpg","width":2400,"height":2400},{"@type":"BreadcrumbList","@id":"https:\/\/najnaj.eu\/fr\/proizvod\/besafe-beyond-isofix-baza\/#breadcrumb","itemListElement":[{"@type":"ListItem","position":1,"name":"Po\u010detna stranica","item":"https:\/\/najnaj.eu\/fr\/"},{"@type":"ListItem","position":2,"name":"Trgovina","item":"https:\/\/najnaj.hr\/trgovina\/"},{"@type":"ListItem","position":3,"name":"BeSafe Beyond ISOfix baza"}]},{"@type":"WebSite","@id":"https:\/\/najnaj.eu\/fr\/#website","url":"https:\/\/najnaj.eu\/fr\/","name":"NajNaj.eu","description":"Za najva\u017enije!","potentialAction":[{"@type":"SearchAction","target":{"@type":"EntryPoint","urlTemplate":"https:\/\/najnaj.eu\/fr\/?s={search_term_string}"},"query-input":{"@type":"PropertyValueSpecification","valueRequired":true,"valueName":"search_term_string"}}],"inLanguage":"fr-FR"}]},"product_brand":"BeSafe","product_price_amount":"329.00","product_price_currency":"EUR","og_availability":"instock","product_availability":"instock","product_retailer_item_id":"11036235","product_condition":"new"},"_links":{"self":[{"href":"https:\/\/najnaj.eu\/fr\/wp-json\/wp\/v2\/product\/204942","targetHints":{"allow":["GET"]}}],"collection":[{"href":"https:\/\/najnaj.eu\/fr\/wp-json\/wp\/v2\/product"}],"about":[{"href":"https:\/\/najnaj.eu\/fr\/wp-json\/wp\/v2\/types\/product"}],"replies":[{"embeddable":true,"href":"https:\/\/najnaj.eu\/fr\/wp-json\/wp\/v2\/comments?post=204942"}],"version-history":[{"count":0,"href":"https:\/\/najnaj.eu\/fr\/wp-json\/wp\/v2\/product\/204942\/revisions"}],"wp:featuredmedia":[{"embeddable":true,"href":"https:\/\/najnaj.eu\/fr\/wp-json\/wp\/v2\/media\/204943"}],"wp:attachment":[{"href":"https:\/\/najnaj.eu\/fr\/wp-json\/wp\/v2\/media?parent=204942"}],"wp:term":[{"taxonomy":"product_brand","embeddable":true,"href":"https:\/\/najnaj.eu\/fr\/wp-json\/wp\/v2\/product_brand?post=204942"},{"taxonomy":"product_cat","embeddable":true,"href":"https:\/\/najnaj.eu\/fr\/wp-json\/wp\/v2\/product_cat?post=204942"},{"taxonomy":"product_tag","embeddable":true,"href":"https:\/\/najnaj.eu\/fr\/wp-json\/wp\/v2\/product_tag?post=204942"}],"curies":[{"name":"wp","href":"https:\/\/api.w.org\/{rel}","templated":true}]}}