{"id":204586,"date":"2024-05-15T12:08:20","date_gmt":"2024-05-15T10:08:20","guid":{"rendered":"https:\/\/najnaj.eu\/?post_type=product&#038;p=204586"},"modified":"2026-03-17T21:34:41","modified_gmt":"2026-03-17T20:34:41","slug":"voksi-carry-me-mekana-prijenosna-kosara-seashell-sand","status":"publish","type":"product","link":"https:\/\/najnaj.eu\/fr\/proizvod\/voksi-carry-me-mekana-prijenosna-kosara-seashell-sand\/","title":{"rendered":"Voksi Carry Me, mekana prijenosna ko\u0161ara Seashell Sand Leaf"},"content":{"rendered":"<p>Voksi Carry Me poslu\u017eit \u0107e Va\u0161em djetetu kao poznato i utje\u0161no mjesto \u2013 \u010dine\u0107i spavanje, odmor i igru mnogo lak\u0161im. Proizvod se dobro uklapa u sva kolica. Prakti\u010dan za unutarnju i vanjsku upotrebu, Voksi Carry Me omogu\u0107uje lagani prijelaz s drijemanja na otvorenom na ugodne trenutke u zatvorenom, osiguravaju\u0107i prenosivost bez napora i maksimalnu udobnost za Va\u0161u bebu. Proizvod je prikladan za bebu koja ne mo\u017ee sama sjediti, prevrtati se i ne mo\u017ee se podi\u0107i na ruke i koljena. Svi materijali u Voksi Carry Me certificirani su prema OEKO-TEX Standardu 100, klasa 1, \u0161to je oznaka kvalitete koja pokazuje da niti jedan materijal u proizvodu ne sadr\u017ei \u0161tetne kemikalije. Prije upotrebe proizvod nije potrebno prati.<\/p>\n<p>Voksi Carry Me iznutra je potpuno prekriven 3D mesh mre\u017eom kako bi se osiguralo prozra\u010dno, udobno i sigurno mjesto za va\u0161u bebu. Uklju\u010den je lako perivi madrac od organskog pamuka i 3D mesh mre\u017ee koji ga \u010dini mekim mjestom za le\u017eanje va\u0161e bebe. Unutra\u0161nja plo\u010da od poliesterskih vlakana \u010dini proizvod \u010dvrstim. Za razliku od ostalih sli\u010dnih proizvoda na tr\u017ei\u0161tu, koji imaju unutra\u0161njost ispunjenu pjenom, Voksi svjesno izbjegava njezinu upotrebu kako bi doprinio ekolo\u0161ki prihvatljivijim inicijativama. Vanjsku tkaninu \u010dini reciklirani poliester, a donja strana ima povr\u0161inu koja se lako bri\u0161e kako bi ostala \u010dista u svakodnevnom \u017eivotu. Pokrov ko\u0161are otporan je na vjetar i vodu te daje dodatnu za\u0161titu i lako se zatvara.<\/p>\n<p>Inovativna funkcija Voksi Soft ReleaseTM, \u010dini ru\u010dke dostupnima samo kada su kutovi zaklju\u010dani i podignuti. Ova funkcija \u010dini no\u0161enje sigurnijim, jer povla\u010dite kutove prema gore kada koristite ru\u010dke. Funkcija laganog otpu\u0161tanja je bezvu\u010dna pa ne\u0107ete ometati bebu dok spava kada otpustite kutove kako biste bebi dali vi\u0161e prostora. Kod Voksi Carry Me, lako je otpustiti svaki kut zasebno, otvorite samo bo\u010dno ili na dnu prijenosne ko\u0161are, kako biste stvorili udoban prostor za bebu. Prijenosnu ko\u0161aru uvijek stavite na ravnu sigurnu povr\u0161inu kako se beba ne bi otkotrljala.<\/p>\n<p>Proizvod zadovoljava a\u017euriranu verziju sigurnosnih zahtjeva norme European Standard EN 1466:2023.<br \/>\nNikada ne ostavljajte dijete bez nadzora. Ne preporu\u010duje se kori\u0161tenje ovog proizvoda za spavanje bebe i druge osobe na istoj povr\u0161ini. Uvijek pro\u010ditajte i slijedite upute te upuzorenja na proizvodu za ispravnu uporabu.<\/p>\n","protected":false},"excerpt":{"rendered":"<p>Voksi\u00ae Carry Me je prozra\u010dna i mekana prijenosna ko\u0161ara koja djetetu pru\u017ea udoban prostor, a Vama olak\u0161ava svakodnevicu.<\/p>\n<p>Voksi Carry Me prikladan je za novoro\u0111en\u010dad i bebe do 6 mjeseci \u017eivota (maksimalno 9 kg) i mo\u017ee se rasklopiti. Sigurno nosite svoju bebu i pru\u017eite joj za\u0161titu, toplinu i ma\u017eenje. Savr\u0161eno kod ku\u0107e ili u pokretu.<\/p>\n","protected":false},"featured_media":297553,"comment_status":"open","ping_status":"closed","template":"","meta":{"_acf_changed":false,"footnotes":""},"product_brand":[],"product_cat":[551,552,1677,318],"product_tag":[],"class_list":{"0":"post-204586","1":"product","2":"type-product","3":"status-publish","4":"has-post-thumbnail","6":"product_cat-djecja-kolica","7":"product_cat-dodaci-za-kolica","8":"product_cat-prijenosna-kosara","9":"product_cat-proizvodi","10":"pa_boja-bez","11":"pa_brand-voksi","13":"first","14":"instock","15":"shipping-taxable","16":"purchasable","17":"product-type-simple"},"bundled_by":[],"bundle_stock_status":"instock","bundle_stock_quantity":13,"bundle_virtual":false,"bundle_layout":"","bundle_add_to_cart_form_location":"","bundle_editable_in_cart":false,"bundle_sold_individually_context":"","bundle_item_grouping":"","bundle_min_size":"","bundle_max_size":"","bundle_price":[],"bundled_items":[],"bundle_sell_ids":[],"acf":[],"yoast_head":"<!-- This site is optimized with the Yoast SEO Premium plugin v21.5 (Yoast SEO v27.4) - https:\/\/yoast.com\/product\/yoast-seo-premium-wordpress\/ -->\n<title>Voksi Carry Me, mekana prijenosna ko\u0161ara Seashell Sand Leaf - NajNaj.eu<\/title>\n<meta name=\"robots\" content=\"index, follow, max-snippet:-1, max-image-preview:large, max-video-preview:-1\" \/>\n<link rel=\"canonical\" href=\"https:\/\/najnaj.eu\/fr\/proizvod\/voksi-carry-me-mekana-prijenosna-kosara-seashell-sand\/\" \/>\n<meta property=\"og:locale\" content=\"fr_FR\" \/>\n<meta property=\"og:type\" content=\"article\" \/>\n<meta property=\"og:title\" content=\"Voksi Carry Me, mekana prijenosna ko\u0161ara Seashell Sand Leaf\" \/>\n<meta property=\"og:description\" content=\"Voksi\u00ae Carry Me je prozra\u010dna i mekana prijenosna ko\u0161ara koja djetetu pru\u017ea udoban prostor, a Vama olak\u0161ava svakodnevicu.  Voksi Carry Me prikladan je za novoro\u0111en\u010dad i bebe do 6 mjeseci \u017eivota (maksimalno 9 kg) i mo\u017ee se rasklopiti. Sigurno nosite svoju bebu i pru\u017eite joj za\u0161titu, toplinu i ma\u017eenje. Savr\u0161eno kod ku\u0107e ili u pokretu.\" \/>\n<meta property=\"og:url\" content=\"https:\/\/najnaj.eu\/fr\/proizvod\/voksi-carry-me-mekana-prijenosna-kosara-seashell-sand\/\" \/>\n<meta property=\"og:site_name\" content=\"NajNaj.eu\" \/>\n<meta property=\"article:publisher\" content=\"https:\/\/web.facebook.com\/najnaj.eu\/\" \/>\n<meta property=\"article:modified_time\" content=\"2026-03-17T20:34:41+00:00\" \/>\n<meta property=\"og:image\" content=\"https:\/\/najnaj.eu\/wp-content\/uploads\/2024\/05\/11036251_Voksi_CarryMe_SeashellSand_Top.jpg\" \/>\n\t<meta property=\"og:image:width\" content=\"1000\" \/>\n\t<meta property=\"og:image:height\" content=\"1000\" \/>\n\t<meta property=\"og:image:type\" content=\"image\/jpeg\" \/>\n<meta name=\"twitter:card\" content=\"summary_large_image\" \/>\n<meta name=\"twitter:label1\" content=\"Prix\" \/>\n\t<meta name=\"twitter:data1\" content=\"159,90&nbsp;&euro;\" \/>\n\t<meta name=\"twitter:label2\" content=\"Disponibilit\u00e9\" \/>\n\t<meta name=\"twitter:data2\" content=\"En stock\" \/>\n<script type=\"application\/ld+json\" class=\"yoast-schema-graph\">{\"@context\":\"https:\\\/\\\/schema.org\",\"@graph\":[{\"@type\":\"WebPage\",\"@id\":\"https:\\\/\\\/najnaj.eu\\\/fr\\\/proizvod\\\/voksi-carry-me-mekana-prijenosna-kosara-seashell-sand\\\/\",\"url\":\"https:\\\/\\\/najnaj.eu\\\/fr\\\/proizvod\\\/voksi-carry-me-mekana-prijenosna-kosara-seashell-sand\\\/\",\"name\":\"Voksi Carry Me, mekana prijenosna ko\u0161ara Seashell Sand Leaf - NajNaj.eu\",\"isPartOf\":{\"@id\":\"https:\\\/\\\/najnaj.eu\\\/fr\\\/#website\"},\"primaryImageOfPage\":{\"@id\":\"https:\\\/\\\/najnaj.eu\\\/fr\\\/proizvod\\\/voksi-carry-me-mekana-prijenosna-kosara-seashell-sand\\\/#primaryimage\"},\"image\":{\"@id\":\"https:\\\/\\\/najnaj.eu\\\/fr\\\/proizvod\\\/voksi-carry-me-mekana-prijenosna-kosara-seashell-sand\\\/#primaryimage\"},\"thumbnailUrl\":\"https:\\\/\\\/najnaj.eu\\\/wp-content\\\/uploads\\\/2024\\\/05\\\/11036251_Voksi_CarryMe_SeashellSand_Top.jpg\",\"datePublished\":\"2024-05-15T10:08:20+00:00\",\"dateModified\":\"2026-03-17T20:34:41+00:00\",\"breadcrumb\":{\"@id\":\"https:\\\/\\\/najnaj.eu\\\/fr\\\/proizvod\\\/voksi-carry-me-mekana-prijenosna-kosara-seashell-sand\\\/#breadcrumb\"},\"inLanguage\":\"fr-FR\",\"potentialAction\":[{\"@type\":\"ReadAction\",\"target\":[\"https:\\\/\\\/najnaj.eu\\\/fr\\\/proizvod\\\/voksi-carry-me-mekana-prijenosna-kosara-seashell-sand\\\/\"]}]},{\"@type\":\"ImageObject\",\"inLanguage\":\"fr-FR\",\"@id\":\"https:\\\/\\\/najnaj.eu\\\/fr\\\/proizvod\\\/voksi-carry-me-mekana-prijenosna-kosara-seashell-sand\\\/#primaryimage\",\"url\":\"https:\\\/\\\/najnaj.eu\\\/wp-content\\\/uploads\\\/2024\\\/05\\\/11036251_Voksi_CarryMe_SeashellSand_Top.jpg\",\"contentUrl\":\"https:\\\/\\\/najnaj.eu\\\/wp-content\\\/uploads\\\/2024\\\/05\\\/11036251_Voksi_CarryMe_SeashellSand_Top.jpg\",\"width\":1000,\"height\":1000},{\"@type\":\"BreadcrumbList\",\"@id\":\"https:\\\/\\\/najnaj.eu\\\/fr\\\/proizvod\\\/voksi-carry-me-mekana-prijenosna-kosara-seashell-sand\\\/#breadcrumb\",\"itemListElement\":[{\"@type\":\"ListItem\",\"position\":1,\"name\":\"Po\u010detna stranica\",\"item\":\"https:\\\/\\\/najnaj.eu\\\/fr\\\/\"},{\"@type\":\"ListItem\",\"position\":2,\"name\":\"Trgovina\",\"item\":\"https:\\\/\\\/najnaj.hr\\\/trgovina\\\/\"},{\"@type\":\"ListItem\",\"position\":3,\"name\":\"Voksi Carry Me, mekana prijenosna ko\u0161ara Seashell Sand Leaf\"}]},{\"@type\":\"WebSite\",\"@id\":\"https:\\\/\\\/najnaj.eu\\\/fr\\\/#website\",\"url\":\"https:\\\/\\\/najnaj.eu\\\/fr\\\/\",\"name\":\"NajNaj.eu\",\"description\":\"Za najva\u017enije!\",\"potentialAction\":[{\"@type\":\"SearchAction\",\"target\":{\"@type\":\"EntryPoint\",\"urlTemplate\":\"https:\\\/\\\/najnaj.eu\\\/fr\\\/?s={search_term_string}\"},\"query-input\":{\"@type\":\"PropertyValueSpecification\",\"valueRequired\":true,\"valueName\":\"search_term_string\"}}],\"inLanguage\":\"fr-FR\"}]}<\/script>\n<meta property=\"product:brand\" content=\"Voksi\" \/>\n<meta property=\"product:price:amount\" content=\"159.90\" \/>\n<meta property=\"product:price:currency\" content=\"EUR\" \/>\n<meta property=\"og:availability\" content=\"instock\" \/>\n<meta property=\"product:availability\" content=\"instock\" \/>\n<meta property=\"product:retailer_item_id\" content=\"11036251-SeashellSa-Leaf\" \/>\n<meta property=\"product:condition\" content=\"new\" \/>\n<!-- \/ Yoast SEO Premium plugin. -->","yoast_head_json":{"title":"Voksi Carry Me, mekana prijenosna ko\u0161ara Seashell Sand Leaf - NajNaj.eu","robots":{"index":"index","follow":"follow","max-snippet":"max-snippet:-1","max-image-preview":"max-image-preview:large","max-video-preview":"max-video-preview:-1"},"canonical":"https:\/\/najnaj.eu\/fr\/proizvod\/voksi-carry-me-mekana-prijenosna-kosara-seashell-sand\/","og_locale":"fr_FR","og_type":"article","og_title":"Voksi Carry Me, mekana prijenosna ko\u0161ara Seashell Sand Leaf","og_description":"Voksi\u00ae Carry Me je prozra\u010dna i mekana prijenosna ko\u0161ara koja djetetu pru\u017ea udoban prostor, a Vama olak\u0161ava svakodnevicu.  Voksi Carry Me prikladan je za novoro\u0111en\u010dad i bebe do 6 mjeseci \u017eivota (maksimalno 9 kg) i mo\u017ee se rasklopiti. Sigurno nosite svoju bebu i pru\u017eite joj za\u0161titu, toplinu i ma\u017eenje. Savr\u0161eno kod ku\u0107e ili u pokretu.","og_url":"https:\/\/najnaj.eu\/fr\/proizvod\/voksi-carry-me-mekana-prijenosna-kosara-seashell-sand\/","og_site_name":"NajNaj.eu","article_publisher":"https:\/\/web.facebook.com\/najnaj.eu\/","article_modified_time":"2026-03-17T20:34:41+00:00","og_image":[{"width":1000,"height":1000,"url":"https:\/\/najnaj.eu\/wp-content\/uploads\/2024\/05\/11036251_Voksi_CarryMe_SeashellSand_Top.jpg","type":"image\/jpeg"}],"twitter_card":"summary_large_image","twitter_misc":{"Prix":"159,90&nbsp;&euro;","Disponibilit\u00e9":"En stock"},"schema":{"@context":"https:\/\/schema.org","@graph":[{"@type":"WebPage","@id":"https:\/\/najnaj.eu\/fr\/proizvod\/voksi-carry-me-mekana-prijenosna-kosara-seashell-sand\/","url":"https:\/\/najnaj.eu\/fr\/proizvod\/voksi-carry-me-mekana-prijenosna-kosara-seashell-sand\/","name":"Voksi Carry Me, mekana prijenosna ko\u0161ara Seashell Sand Leaf - NajNaj.eu","isPartOf":{"@id":"https:\/\/najnaj.eu\/fr\/#website"},"primaryImageOfPage":{"@id":"https:\/\/najnaj.eu\/fr\/proizvod\/voksi-carry-me-mekana-prijenosna-kosara-seashell-sand\/#primaryimage"},"image":{"@id":"https:\/\/najnaj.eu\/fr\/proizvod\/voksi-carry-me-mekana-prijenosna-kosara-seashell-sand\/#primaryimage"},"thumbnailUrl":"https:\/\/najnaj.eu\/wp-content\/uploads\/2024\/05\/11036251_Voksi_CarryMe_SeashellSand_Top.jpg","datePublished":"2024-05-15T10:08:20+00:00","dateModified":"2026-03-17T20:34:41+00:00","breadcrumb":{"@id":"https:\/\/najnaj.eu\/fr\/proizvod\/voksi-carry-me-mekana-prijenosna-kosara-seashell-sand\/#breadcrumb"},"inLanguage":"fr-FR","potentialAction":[{"@type":"ReadAction","target":["https:\/\/najnaj.eu\/fr\/proizvod\/voksi-carry-me-mekana-prijenosna-kosara-seashell-sand\/"]}]},{"@type":"ImageObject","inLanguage":"fr-FR","@id":"https:\/\/najnaj.eu\/fr\/proizvod\/voksi-carry-me-mekana-prijenosna-kosara-seashell-sand\/#primaryimage","url":"https:\/\/najnaj.eu\/wp-content\/uploads\/2024\/05\/11036251_Voksi_CarryMe_SeashellSand_Top.jpg","contentUrl":"https:\/\/najnaj.eu\/wp-content\/uploads\/2024\/05\/11036251_Voksi_CarryMe_SeashellSand_Top.jpg","width":1000,"height":1000},{"@type":"BreadcrumbList","@id":"https:\/\/najnaj.eu\/fr\/proizvod\/voksi-carry-me-mekana-prijenosna-kosara-seashell-sand\/#breadcrumb","itemListElement":[{"@type":"ListItem","position":1,"name":"Po\u010detna stranica","item":"https:\/\/najnaj.eu\/fr\/"},{"@type":"ListItem","position":2,"name":"Trgovina","item":"https:\/\/najnaj.hr\/trgovina\/"},{"@type":"ListItem","position":3,"name":"Voksi Carry Me, mekana prijenosna ko\u0161ara Seashell Sand Leaf"}]},{"@type":"WebSite","@id":"https:\/\/najnaj.eu\/fr\/#website","url":"https:\/\/najnaj.eu\/fr\/","name":"NajNaj.eu","description":"Za najva\u017enije!","potentialAction":[{"@type":"SearchAction","target":{"@type":"EntryPoint","urlTemplate":"https:\/\/najnaj.eu\/fr\/?s={search_term_string}"},"query-input":{"@type":"PropertyValueSpecification","valueRequired":true,"valueName":"search_term_string"}}],"inLanguage":"fr-FR"}]},"product_brand":"Voksi","product_price_amount":"159.90","product_price_currency":"EUR","og_availability":"instock","product_availability":"instock","product_retailer_item_id":"11036251-SeashellSa-Leaf","product_condition":"new"},"_links":{"self":[{"href":"https:\/\/najnaj.eu\/fr\/wp-json\/wp\/v2\/product\/204586","targetHints":{"allow":["GET"]}}],"collection":[{"href":"https:\/\/najnaj.eu\/fr\/wp-json\/wp\/v2\/product"}],"about":[{"href":"https:\/\/najnaj.eu\/fr\/wp-json\/wp\/v2\/types\/product"}],"replies":[{"embeddable":true,"href":"https:\/\/najnaj.eu\/fr\/wp-json\/wp\/v2\/comments?post=204586"}],"version-history":[{"count":0,"href":"https:\/\/najnaj.eu\/fr\/wp-json\/wp\/v2\/product\/204586\/revisions"}],"wp:featuredmedia":[{"embeddable":true,"href":"https:\/\/najnaj.eu\/fr\/wp-json\/wp\/v2\/media\/297553"}],"wp:attachment":[{"href":"https:\/\/najnaj.eu\/fr\/wp-json\/wp\/v2\/media?parent=204586"}],"wp:term":[{"taxonomy":"product_brand","embeddable":true,"href":"https:\/\/najnaj.eu\/fr\/wp-json\/wp\/v2\/product_brand?post=204586"},{"taxonomy":"product_cat","embeddable":true,"href":"https:\/\/najnaj.eu\/fr\/wp-json\/wp\/v2\/product_cat?post=204586"},{"taxonomy":"product_tag","embeddable":true,"href":"https:\/\/najnaj.eu\/fr\/wp-json\/wp\/v2\/product_tag?post=204586"}],"curies":[{"name":"wp","href":"https:\/\/api.w.org\/{rel}","templated":true}]}}