{"id":203873,"date":"2024-05-07T12:50:25","date_gmt":"2024-05-07T10:50:25","guid":{"rendered":"https:\/\/najnaj.eu\/?post_type=product&#038;p=203873"},"modified":"2026-02-04T10:18:45","modified_gmt":"2026-02-04T09:18:45","slug":"b-box-zamjenska-spuzvica-za-kupanje-lullaby-blue-2-kom","status":"publish","type":"product","link":"https:\/\/najnaj.eu\/fr\/proizvod\/b-box-zamjenska-spuzvica-za-kupanje-lullaby-blue-2-kom\/","title":{"rendered":"b.box Zamjenska spu\u017evica za kupanje, lullaby blue 2 kom"},"content":{"rendered":"<p>Kada do\u0111e vrijeme za novu spu\u017evicu u va\u0161oj \u010detki za kupanje bebe, tu je na\u0161e dvostruko pakiranje sa zamjenjivom spu\u017evom za \u010detku za kupanje bebe!<\/p>\n<p>Oblikovane za savr\u0161eno pristajanje, spu\u017evice se lako uklanjaju i ume\u0107u u silikonsku \u010detku za kupanje ili se mogu koristiti same. Izuzetno mekani i izra\u0111eni od netoksi\u010dnih materijala sigurnih za bebe, osiguravaju sigurno i higijensko \u010di\u0161\u0107enje \u010dak i za najosjetljiviju ko\u017eu.<\/p>\n<p>Idealna za svakodnevno kupanje super upijaju\u0107a spu\u017evica stvara luksuznu pjenu od sapunice koja odr\u017eava bebu \u010distom.<\/p>\n<p>Kada vrijeme kupanja zavr\u0161i, jednostavno uklonite spu\u017evicu, isperite, osu\u0161ite i ponovite. Sa zabavnim dizajnom na prednjoj strani, na\u0161e dvostruko pakiranje \u010detke za kupanje bebe, zamjenjive spu\u017eve, odr\u017eava \u010disto\u0107u, vrijeme kupanja za kupanjem.<\/p>\n","protected":false},"excerpt":{"rendered":"<ul>\n<li>Savr\u0161eno odgovara na\u0161oj silikonskoj \u010detki za kupanje beba ili se mo\u017ee koristiti samostalno<\/li>\n<li>Zamjenjive spu\u017eve osiguravaju higijensko pranje svaki put<\/li>\n<li>Neotrovni materijali sigurni za bebe mekani su i nje\u017eni prema osjetljivoj ko\u017ei<\/li>\n<li>Upijaju\u0107a spu\u017eva poma\u017ee stvoriti pjenu<\/li>\n<li>Brzo se su\u0161i i pogodan za ponovnu upotrebu<\/li>\n<li>Ima zabavan dizajn na prednjoj strani<\/li>\n<li>Prakti\u010dno dvostruko pakiranje<\/li>\n<li>100% poliuretanska spu\u017eva<\/li>\n<li>Bez BPA, PVC-a i ftalata<\/li>\n<\/ul>\n","protected":false},"featured_media":203874,"comment_status":"open","ping_status":"closed","template":"","meta":{"_acf_changed":false,"footnotes":""},"product_brand":[],"product_cat":[666,667,672],"product_tag":[2277],"class_list":{"0":"post-203873","1":"product","2":"type-product","3":"status-publish","4":"has-post-thumbnail","6":"product_cat-djecja-soba","7":"product_cat-djecja-sobica","8":"product_cat-ostalo-djecja-sobica","9":"product_tag-rasprodaja","10":"pa_boja-plava","11":"pa_brand-b-box","13":"first","14":"instock","15":"sale","16":"shipping-taxable","17":"purchasable","18":"product-type-simple"},"bundled_by":[],"bundle_stock_status":"instock","bundle_stock_quantity":9,"bundle_virtual":false,"bundle_layout":"","bundle_add_to_cart_form_location":"","bundle_editable_in_cart":false,"bundle_sold_individually_context":"","bundle_item_grouping":"","bundle_min_size":"","bundle_max_size":"","bundle_price":[],"bundled_items":[],"bundle_sell_ids":[],"acf":[],"yoast_head":"<!-- This site is optimized with the Yoast SEO Premium plugin v21.5 (Yoast SEO v27.4) - https:\/\/yoast.com\/product\/yoast-seo-premium-wordpress\/ -->\n<title>b.box Zamjenska spu\u017evica za kupanje, lullaby blue 2 kom - NajNaj.eu<\/title>\n<meta name=\"robots\" content=\"index, follow, max-snippet:-1, max-image-preview:large, max-video-preview:-1\" \/>\n<link rel=\"canonical\" href=\"https:\/\/najnaj.eu\/fr\/proizvod\/b-box-zamjenska-spuzvica-za-kupanje-lullaby-blue-2-kom\/\" \/>\n<meta property=\"og:locale\" content=\"fr_FR\" \/>\n<meta property=\"og:type\" content=\"article\" \/>\n<meta property=\"og:title\" content=\"b.box Zamjenska spu\u017evica za kupanje, lullaby blue 2 kom\" \/>\n<meta property=\"og:description\" content=\"Savr\u0161eno odgovara na\u0161oj silikonskoj \u010detki za kupanje beba ili se mo\u017ee koristiti samostalno  Zamjenjive spu\u017eve osiguravaju higijensko pranje svaki put  Neotrovni materijali sigurni za bebe mekani su i nje\u017eni prema osjetljivoj ko\u017ei  Upijaju\u0107a spu\u017eva poma\u017ee stvoriti pjenu  Brzo se su\u0161i i pogodan za ponovnu upotrebu  Ima zabavan dizajn na prednjoj strani  Prakti\u010dno dvostruko pakiranje  100% poliuretanska spu\u017eva  Bez BPA, PVC-a i ftalata\" \/>\n<meta property=\"og:url\" content=\"https:\/\/najnaj.eu\/fr\/proizvod\/b-box-zamjenska-spuzvica-za-kupanje-lullaby-blue-2-kom\/\" \/>\n<meta property=\"og:site_name\" content=\"NajNaj.eu\" \/>\n<meta property=\"article:publisher\" content=\"https:\/\/web.facebook.com\/najnaj.eu\/\" \/>\n<meta property=\"article:modified_time\" content=\"2026-02-04T09:18:45+00:00\" \/>\n<meta property=\"og:image\" content=\"https:\/\/najnaj.eu\/wp-content\/uploads\/2024\/05\/Baby-Bath-Brush_16-1.jpg\" \/>\n\t<meta property=\"og:image:width\" content=\"1200\" \/>\n\t<meta property=\"og:image:height\" content=\"1200\" \/>\n\t<meta property=\"og:image:type\" content=\"image\/jpeg\" \/>\n<meta name=\"twitter:card\" content=\"summary_large_image\" \/>\n<meta name=\"twitter:label1\" content=\"Prix\" \/>\n\t<meta name=\"twitter:data1\" content=\"7,99&nbsp;&euro;\" \/>\n\t<meta name=\"twitter:label2\" content=\"Disponibilit\u00e9\" \/>\n\t<meta name=\"twitter:data2\" content=\"En stock\" \/>\n<script type=\"application\/ld+json\" class=\"yoast-schema-graph\">{\"@context\":\"https:\\\/\\\/schema.org\",\"@graph\":[{\"@type\":\"WebPage\",\"@id\":\"https:\\\/\\\/najnaj.eu\\\/fr\\\/proizvod\\\/b-box-zamjenska-spuzvica-za-kupanje-lullaby-blue-2-kom\\\/\",\"url\":\"https:\\\/\\\/najnaj.eu\\\/fr\\\/proizvod\\\/b-box-zamjenska-spuzvica-za-kupanje-lullaby-blue-2-kom\\\/\",\"name\":\"b.box Zamjenska spu\u017evica za kupanje, lullaby blue 2 kom - NajNaj.eu\",\"isPartOf\":{\"@id\":\"https:\\\/\\\/najnaj.eu\\\/fr\\\/#website\"},\"primaryImageOfPage\":{\"@id\":\"https:\\\/\\\/najnaj.eu\\\/fr\\\/proizvod\\\/b-box-zamjenska-spuzvica-za-kupanje-lullaby-blue-2-kom\\\/#primaryimage\"},\"image\":{\"@id\":\"https:\\\/\\\/najnaj.eu\\\/fr\\\/proizvod\\\/b-box-zamjenska-spuzvica-za-kupanje-lullaby-blue-2-kom\\\/#primaryimage\"},\"thumbnailUrl\":\"https:\\\/\\\/najnaj.eu\\\/wp-content\\\/uploads\\\/2024\\\/05\\\/Baby-Bath-Brush_16-1.jpg\",\"datePublished\":\"2024-05-07T10:50:25+00:00\",\"dateModified\":\"2026-02-04T09:18:45+00:00\",\"breadcrumb\":{\"@id\":\"https:\\\/\\\/najnaj.eu\\\/fr\\\/proizvod\\\/b-box-zamjenska-spuzvica-za-kupanje-lullaby-blue-2-kom\\\/#breadcrumb\"},\"inLanguage\":\"fr-FR\",\"potentialAction\":[{\"@type\":\"ReadAction\",\"target\":[\"https:\\\/\\\/najnaj.eu\\\/fr\\\/proizvod\\\/b-box-zamjenska-spuzvica-za-kupanje-lullaby-blue-2-kom\\\/\"]}]},{\"@type\":\"ImageObject\",\"inLanguage\":\"fr-FR\",\"@id\":\"https:\\\/\\\/najnaj.eu\\\/fr\\\/proizvod\\\/b-box-zamjenska-spuzvica-za-kupanje-lullaby-blue-2-kom\\\/#primaryimage\",\"url\":\"https:\\\/\\\/najnaj.eu\\\/wp-content\\\/uploads\\\/2024\\\/05\\\/Baby-Bath-Brush_16-1.jpg\",\"contentUrl\":\"https:\\\/\\\/najnaj.eu\\\/wp-content\\\/uploads\\\/2024\\\/05\\\/Baby-Bath-Brush_16-1.jpg\",\"width\":1200,\"height\":1200},{\"@type\":\"BreadcrumbList\",\"@id\":\"https:\\\/\\\/najnaj.eu\\\/fr\\\/proizvod\\\/b-box-zamjenska-spuzvica-za-kupanje-lullaby-blue-2-kom\\\/#breadcrumb\",\"itemListElement\":[{\"@type\":\"ListItem\",\"position\":1,\"name\":\"Po\u010detna stranica\",\"item\":\"https:\\\/\\\/najnaj.eu\\\/fr\\\/\"},{\"@type\":\"ListItem\",\"position\":2,\"name\":\"Trgovina\",\"item\":\"https:\\\/\\\/najnaj.hr\\\/trgovina\\\/\"},{\"@type\":\"ListItem\",\"position\":3,\"name\":\"b.box Zamjenska spu\u017evica za kupanje, lullaby blue 2 kom\"}]},{\"@type\":\"WebSite\",\"@id\":\"https:\\\/\\\/najnaj.eu\\\/fr\\\/#website\",\"url\":\"https:\\\/\\\/najnaj.eu\\\/fr\\\/\",\"name\":\"NajNaj.eu\",\"description\":\"Za najva\u017enije!\",\"potentialAction\":[{\"@type\":\"SearchAction\",\"target\":{\"@type\":\"EntryPoint\",\"urlTemplate\":\"https:\\\/\\\/najnaj.eu\\\/fr\\\/?s={search_term_string}\"},\"query-input\":{\"@type\":\"PropertyValueSpecification\",\"valueRequired\":true,\"valueName\":\"search_term_string\"}}],\"inLanguage\":\"fr-FR\"}]}<\/script>\n<meta property=\"product:brand\" content=\"b.box\" \/>\n<meta property=\"product:price:amount\" content=\"7.99\" \/>\n<meta property=\"product:price:currency\" content=\"EUR\" \/>\n<meta property=\"og:availability\" content=\"instock\" \/>\n<meta property=\"product:availability\" content=\"instock\" \/>\n<meta property=\"product:retailer_item_id\" content=\"BX700208\" \/>\n<meta property=\"product:condition\" content=\"new\" \/>\n<!-- \/ Yoast SEO Premium plugin. -->","yoast_head_json":{"title":"b.box Zamjenska spu\u017evica za kupanje, lullaby blue 2 kom - NajNaj.eu","robots":{"index":"index","follow":"follow","max-snippet":"max-snippet:-1","max-image-preview":"max-image-preview:large","max-video-preview":"max-video-preview:-1"},"canonical":"https:\/\/najnaj.eu\/fr\/proizvod\/b-box-zamjenska-spuzvica-za-kupanje-lullaby-blue-2-kom\/","og_locale":"fr_FR","og_type":"article","og_title":"b.box Zamjenska spu\u017evica za kupanje, lullaby blue 2 kom","og_description":"Savr\u0161eno odgovara na\u0161oj silikonskoj \u010detki za kupanje beba ili se mo\u017ee koristiti samostalno  Zamjenjive spu\u017eve osiguravaju higijensko pranje svaki put  Neotrovni materijali sigurni za bebe mekani su i nje\u017eni prema osjetljivoj ko\u017ei  Upijaju\u0107a spu\u017eva poma\u017ee stvoriti pjenu  Brzo se su\u0161i i pogodan za ponovnu upotrebu  Ima zabavan dizajn na prednjoj strani  Prakti\u010dno dvostruko pakiranje  100% poliuretanska spu\u017eva  Bez BPA, PVC-a i ftalata","og_url":"https:\/\/najnaj.eu\/fr\/proizvod\/b-box-zamjenska-spuzvica-za-kupanje-lullaby-blue-2-kom\/","og_site_name":"NajNaj.eu","article_publisher":"https:\/\/web.facebook.com\/najnaj.eu\/","article_modified_time":"2026-02-04T09:18:45+00:00","og_image":[{"width":1200,"height":1200,"url":"https:\/\/najnaj.eu\/wp-content\/uploads\/2024\/05\/Baby-Bath-Brush_16-1.jpg","type":"image\/jpeg"}],"twitter_card":"summary_large_image","twitter_misc":{"Prix":"7,99&nbsp;&euro;","Disponibilit\u00e9":"En stock"},"schema":{"@context":"https:\/\/schema.org","@graph":[{"@type":"WebPage","@id":"https:\/\/najnaj.eu\/fr\/proizvod\/b-box-zamjenska-spuzvica-za-kupanje-lullaby-blue-2-kom\/","url":"https:\/\/najnaj.eu\/fr\/proizvod\/b-box-zamjenska-spuzvica-za-kupanje-lullaby-blue-2-kom\/","name":"b.box Zamjenska spu\u017evica za kupanje, lullaby blue 2 kom - NajNaj.eu","isPartOf":{"@id":"https:\/\/najnaj.eu\/fr\/#website"},"primaryImageOfPage":{"@id":"https:\/\/najnaj.eu\/fr\/proizvod\/b-box-zamjenska-spuzvica-za-kupanje-lullaby-blue-2-kom\/#primaryimage"},"image":{"@id":"https:\/\/najnaj.eu\/fr\/proizvod\/b-box-zamjenska-spuzvica-za-kupanje-lullaby-blue-2-kom\/#primaryimage"},"thumbnailUrl":"https:\/\/najnaj.eu\/wp-content\/uploads\/2024\/05\/Baby-Bath-Brush_16-1.jpg","datePublished":"2024-05-07T10:50:25+00:00","dateModified":"2026-02-04T09:18:45+00:00","breadcrumb":{"@id":"https:\/\/najnaj.eu\/fr\/proizvod\/b-box-zamjenska-spuzvica-za-kupanje-lullaby-blue-2-kom\/#breadcrumb"},"inLanguage":"fr-FR","potentialAction":[{"@type":"ReadAction","target":["https:\/\/najnaj.eu\/fr\/proizvod\/b-box-zamjenska-spuzvica-za-kupanje-lullaby-blue-2-kom\/"]}]},{"@type":"ImageObject","inLanguage":"fr-FR","@id":"https:\/\/najnaj.eu\/fr\/proizvod\/b-box-zamjenska-spuzvica-za-kupanje-lullaby-blue-2-kom\/#primaryimage","url":"https:\/\/najnaj.eu\/wp-content\/uploads\/2024\/05\/Baby-Bath-Brush_16-1.jpg","contentUrl":"https:\/\/najnaj.eu\/wp-content\/uploads\/2024\/05\/Baby-Bath-Brush_16-1.jpg","width":1200,"height":1200},{"@type":"BreadcrumbList","@id":"https:\/\/najnaj.eu\/fr\/proizvod\/b-box-zamjenska-spuzvica-za-kupanje-lullaby-blue-2-kom\/#breadcrumb","itemListElement":[{"@type":"ListItem","position":1,"name":"Po\u010detna stranica","item":"https:\/\/najnaj.eu\/fr\/"},{"@type":"ListItem","position":2,"name":"Trgovina","item":"https:\/\/najnaj.hr\/trgovina\/"},{"@type":"ListItem","position":3,"name":"b.box Zamjenska spu\u017evica za kupanje, lullaby blue 2 kom"}]},{"@type":"WebSite","@id":"https:\/\/najnaj.eu\/fr\/#website","url":"https:\/\/najnaj.eu\/fr\/","name":"NajNaj.eu","description":"Za najva\u017enije!","potentialAction":[{"@type":"SearchAction","target":{"@type":"EntryPoint","urlTemplate":"https:\/\/najnaj.eu\/fr\/?s={search_term_string}"},"query-input":{"@type":"PropertyValueSpecification","valueRequired":true,"valueName":"search_term_string"}}],"inLanguage":"fr-FR"}]},"product_brand":"b.box","product_price_amount":"7.99","product_price_currency":"EUR","og_availability":"instock","product_availability":"instock","product_retailer_item_id":"BX700208","product_condition":"new"},"_links":{"self":[{"href":"https:\/\/najnaj.eu\/fr\/wp-json\/wp\/v2\/product\/203873","targetHints":{"allow":["GET"]}}],"collection":[{"href":"https:\/\/najnaj.eu\/fr\/wp-json\/wp\/v2\/product"}],"about":[{"href":"https:\/\/najnaj.eu\/fr\/wp-json\/wp\/v2\/types\/product"}],"replies":[{"embeddable":true,"href":"https:\/\/najnaj.eu\/fr\/wp-json\/wp\/v2\/comments?post=203873"}],"version-history":[{"count":0,"href":"https:\/\/najnaj.eu\/fr\/wp-json\/wp\/v2\/product\/203873\/revisions"}],"wp:featuredmedia":[{"embeddable":true,"href":"https:\/\/najnaj.eu\/fr\/wp-json\/wp\/v2\/media\/203874"}],"wp:attachment":[{"href":"https:\/\/najnaj.eu\/fr\/wp-json\/wp\/v2\/media?parent=203873"}],"wp:term":[{"taxonomy":"product_brand","embeddable":true,"href":"https:\/\/najnaj.eu\/fr\/wp-json\/wp\/v2\/product_brand?post=203873"},{"taxonomy":"product_cat","embeddable":true,"href":"https:\/\/najnaj.eu\/fr\/wp-json\/wp\/v2\/product_cat?post=203873"},{"taxonomy":"product_tag","embeddable":true,"href":"https:\/\/najnaj.eu\/fr\/wp-json\/wp\/v2\/product_tag?post=203873"}],"curies":[{"name":"wp","href":"https:\/\/api.w.org\/{rel}","templated":true}]}}