{"id":203655,"date":"2024-05-07T11:39:27","date_gmt":"2024-05-07T09:39:27","guid":{"rendered":"https:\/\/najnaj.eu\/?post_type=product&#038;p=203655"},"modified":"2026-04-09T10:24:02","modified_gmt":"2026-04-09T08:24:02","slug":"b-box-silikonski-podbradnjak-ocean","status":"publish","type":"product","link":"https:\/\/najnaj.eu\/fr\/proizvod\/b-box-silikonski-podbradnjak-ocean\/","title":{"rendered":"b.box Silikonski podbradnjak &#8211; ocean"},"content":{"rendered":"<p>Kakav ulov! Ovaj savr\u0161eni podbradnjak koji se mo\u017ee ponijeti svugdje ima duboki &lsquo;stay open&rsquo; d\u017eep, strukturno dizajniran da pomogne uhvatiti vi\u0161e hrane i teku\u0107ine, osiguravaju\u0107i da je beba \u010dista, suha i da joj je udobno za vrijeme obroka. Izra\u0111en je od netoksi\u010dnog silikona pogodnog za hranu koji zadr\u017eava glatku neljepljivu povr\u0161inu, \u010dak i kada je mokar.<\/p>\n<p>Lako se \u010disti, mo\u017ee se prati u perilici posu\u0111a i jednostavno se mota i pri\u010dvr\u0161\u0107uje za jelo u pokretu. Uklju\u010duje kop\u010du koja se lako pode\u0161ava za pravilno pristajanje, su\u017eena ramena koja omogu\u0107uju ve\u0107u pokretljivost ruku i glatki, udobni rub. Dostupan u rasponu prekrasnih suvremenih boja koje odgovaraju svakoj bebi, svakom no\u0161enju!<\/p>\n","protected":false},"excerpt":{"rendered":"<p>4mj+<br \/>\nduboki \u00ab\u00a0stay open\u00a0\u00bb d\u017eep hvata vi\u0161e hrane i teku\u0107ine<br \/>\nudoban su\u017eeni oblik ramena<br \/>\nglatki oblo\u017eeni rub za udobnije no\u0161enje<br \/>\npodesivo zatvaranje vrata<br \/>\nnetoksi\u010dni silikon zadr\u017eava svoju glatku neljepljivu povr\u0161inu, \u010dak i kada je mokar<br \/>\nsmotajte i osigurajte za kompaktnije skladi\u0161tenje u pokretu<br \/>\nlako se \u010disti<br \/>\npogodno za pranje u perilici posu\u0111a<br \/>\nizra\u0111en od FDA silikona<br \/>\ndimenzije: 21,8cm x 29,6cm<br \/>\nBez BPA, ftalata i PVC-a<\/p>\n","protected":false},"featured_media":203656,"comment_status":"open","ping_status":"closed","template":"","meta":{"_acf_changed":false,"footnotes":""},"product_brand":[],"product_cat":[577,659,623],"product_tag":[],"class_list":{"0":"post-203655","1":"product","2":"type-product","3":"status-publish","4":"has-post-thumbnail","6":"product_cat-hranjenje","7":"product_cat-ostalo-za-hranjenje","8":"product_cat-podbradnjaci","9":"pa_boja-plava","10":"pa_brand-b-box","12":"first","13":"instock","14":"shipping-taxable","15":"purchasable","16":"product-type-simple"},"bundled_by":["281093"],"bundle_stock_status":"instock","bundle_stock_quantity":15,"bundle_virtual":false,"bundle_layout":"","bundle_add_to_cart_form_location":"","bundle_editable_in_cart":false,"bundle_sold_individually_context":"","bundle_item_grouping":"","bundle_min_size":"","bundle_max_size":"","bundle_price":[],"bundled_items":[],"bundle_sell_ids":[],"acf":[],"yoast_head":"<!-- This site is optimized with the Yoast SEO Premium plugin v21.5 (Yoast SEO v27.4) - https:\/\/yoast.com\/product\/yoast-seo-premium-wordpress\/ -->\n<title>b.box Silikonski podbradnjak - ocean - NajNaj.eu<\/title>\n<meta name=\"robots\" content=\"index, follow, max-snippet:-1, max-image-preview:large, max-video-preview:-1\" \/>\n<link rel=\"canonical\" href=\"https:\/\/najnaj.eu\/fr\/proizvod\/b-box-silikonski-podbradnjak-ocean\/\" \/>\n<meta property=\"og:locale\" content=\"fr_FR\" \/>\n<meta property=\"og:type\" content=\"article\" \/>\n<meta property=\"og:title\" content=\"b.box Silikonski podbradnjak - ocean\" \/>\n<meta property=\"og:description\" content=\"4mj+ duboki &quot;stay open&quot; d\u017eep hvata vi\u0161e hrane i teku\u0107ine udoban su\u017eeni oblik ramena glatki oblo\u017eeni rub za udobnije no\u0161enje podesivo zatvaranje vrata netoksi\u010dni silikon zadr\u017eava svoju glatku neljepljivu povr\u0161inu, \u010dak i kada je mokar smotajte i osigurajte za kompaktnije skladi\u0161tenje u pokretu lako se \u010disti pogodno za pranje u perilici posu\u0111a izra\u0111en od FDA silikona dimenzije: 21,8cm x 29,6cm Bez BPA, ftalata i PVC-a\" \/>\n<meta property=\"og:url\" content=\"https:\/\/najnaj.eu\/fr\/proizvod\/b-box-silikonski-podbradnjak-ocean\/\" \/>\n<meta property=\"og:site_name\" content=\"NajNaj.eu\" \/>\n<meta property=\"article:publisher\" content=\"https:\/\/web.facebook.com\/najnaj.eu\/\" \/>\n<meta property=\"article:modified_time\" content=\"2026-04-09T08:24:02+00:00\" \/>\n<meta property=\"og:image\" content=\"https:\/\/najnaj.eu\/wp-content\/uploads\/2024\/05\/Silicone-Travel-Bib-Ocean-1.jpg\" \/>\n\t<meta property=\"og:image:width\" content=\"1914\" \/>\n\t<meta property=\"og:image:height\" content=\"2400\" \/>\n\t<meta property=\"og:image:type\" content=\"image\/jpeg\" \/>\n<meta name=\"twitter:card\" content=\"summary_large_image\" \/>\n<meta name=\"twitter:label1\" content=\"Prix\" \/>\n\t<meta name=\"twitter:data1\" content=\"13,99&nbsp;&euro;\" \/>\n\t<meta name=\"twitter:label2\" content=\"Disponibilit\u00e9\" \/>\n\t<meta name=\"twitter:data2\" content=\"En stock\" \/>\n<script type=\"application\/ld+json\" class=\"yoast-schema-graph\">{\"@context\":\"https:\\\/\\\/schema.org\",\"@graph\":[{\"@type\":\"WebPage\",\"@id\":\"https:\\\/\\\/najnaj.eu\\\/fr\\\/proizvod\\\/b-box-silikonski-podbradnjak-ocean\\\/\",\"url\":\"https:\\\/\\\/najnaj.eu\\\/fr\\\/proizvod\\\/b-box-silikonski-podbradnjak-ocean\\\/\",\"name\":\"b.box Silikonski podbradnjak - ocean - NajNaj.eu\",\"isPartOf\":{\"@id\":\"https:\\\/\\\/najnaj.eu\\\/fr\\\/#website\"},\"primaryImageOfPage\":{\"@id\":\"https:\\\/\\\/najnaj.eu\\\/fr\\\/proizvod\\\/b-box-silikonski-podbradnjak-ocean\\\/#primaryimage\"},\"image\":{\"@id\":\"https:\\\/\\\/najnaj.eu\\\/fr\\\/proizvod\\\/b-box-silikonski-podbradnjak-ocean\\\/#primaryimage\"},\"thumbnailUrl\":\"https:\\\/\\\/najnaj.eu\\\/wp-content\\\/uploads\\\/2024\\\/05\\\/Silicone-Travel-Bib-Ocean-1.jpg\",\"datePublished\":\"2024-05-07T09:39:27+00:00\",\"dateModified\":\"2026-04-09T08:24:02+00:00\",\"breadcrumb\":{\"@id\":\"https:\\\/\\\/najnaj.eu\\\/fr\\\/proizvod\\\/b-box-silikonski-podbradnjak-ocean\\\/#breadcrumb\"},\"inLanguage\":\"fr-FR\",\"potentialAction\":[{\"@type\":\"ReadAction\",\"target\":[\"https:\\\/\\\/najnaj.eu\\\/fr\\\/proizvod\\\/b-box-silikonski-podbradnjak-ocean\\\/\"]}]},{\"@type\":\"ImageObject\",\"inLanguage\":\"fr-FR\",\"@id\":\"https:\\\/\\\/najnaj.eu\\\/fr\\\/proizvod\\\/b-box-silikonski-podbradnjak-ocean\\\/#primaryimage\",\"url\":\"https:\\\/\\\/najnaj.eu\\\/wp-content\\\/uploads\\\/2024\\\/05\\\/Silicone-Travel-Bib-Ocean-1.jpg\",\"contentUrl\":\"https:\\\/\\\/najnaj.eu\\\/wp-content\\\/uploads\\\/2024\\\/05\\\/Silicone-Travel-Bib-Ocean-1.jpg\",\"width\":1914,\"height\":2400},{\"@type\":\"BreadcrumbList\",\"@id\":\"https:\\\/\\\/najnaj.eu\\\/fr\\\/proizvod\\\/b-box-silikonski-podbradnjak-ocean\\\/#breadcrumb\",\"itemListElement\":[{\"@type\":\"ListItem\",\"position\":1,\"name\":\"Po\u010detna stranica\",\"item\":\"https:\\\/\\\/najnaj.eu\\\/fr\\\/\"},{\"@type\":\"ListItem\",\"position\":2,\"name\":\"Trgovina\",\"item\":\"https:\\\/\\\/najnaj.hr\\\/trgovina\\\/\"},{\"@type\":\"ListItem\",\"position\":3,\"name\":\"b.box Silikonski podbradnjak &#8211; ocean\"}]},{\"@type\":\"WebSite\",\"@id\":\"https:\\\/\\\/najnaj.eu\\\/fr\\\/#website\",\"url\":\"https:\\\/\\\/najnaj.eu\\\/fr\\\/\",\"name\":\"NajNaj.eu\",\"description\":\"Za najva\u017enije!\",\"potentialAction\":[{\"@type\":\"SearchAction\",\"target\":{\"@type\":\"EntryPoint\",\"urlTemplate\":\"https:\\\/\\\/najnaj.eu\\\/fr\\\/?s={search_term_string}\"},\"query-input\":{\"@type\":\"PropertyValueSpecification\",\"valueRequired\":true,\"valueName\":\"search_term_string\"}}],\"inLanguage\":\"fr-FR\"}]}<\/script>\n<meta property=\"product:brand\" content=\"b.box\" \/>\n<meta property=\"product:price:amount\" content=\"13.99\" \/>\n<meta property=\"product:price:currency\" content=\"EUR\" \/>\n<meta property=\"og:availability\" content=\"instock\" \/>\n<meta property=\"product:availability\" content=\"instock\" \/>\n<meta property=\"product:retailer_item_id\" content=\"BX101208\" \/>\n<meta property=\"product:condition\" content=\"new\" \/>\n<!-- \/ Yoast SEO Premium plugin. -->","yoast_head_json":{"title":"b.box Silikonski podbradnjak - ocean - NajNaj.eu","robots":{"index":"index","follow":"follow","max-snippet":"max-snippet:-1","max-image-preview":"max-image-preview:large","max-video-preview":"max-video-preview:-1"},"canonical":"https:\/\/najnaj.eu\/fr\/proizvod\/b-box-silikonski-podbradnjak-ocean\/","og_locale":"fr_FR","og_type":"article","og_title":"b.box Silikonski podbradnjak - ocean","og_description":"4mj+ duboki \"stay open\" d\u017eep hvata vi\u0161e hrane i teku\u0107ine udoban su\u017eeni oblik ramena glatki oblo\u017eeni rub za udobnije no\u0161enje podesivo zatvaranje vrata netoksi\u010dni silikon zadr\u017eava svoju glatku neljepljivu povr\u0161inu, \u010dak i kada je mokar smotajte i osigurajte za kompaktnije skladi\u0161tenje u pokretu lako se \u010disti pogodno za pranje u perilici posu\u0111a izra\u0111en od FDA silikona dimenzije: 21,8cm x 29,6cm Bez BPA, ftalata i PVC-a","og_url":"https:\/\/najnaj.eu\/fr\/proizvod\/b-box-silikonski-podbradnjak-ocean\/","og_site_name":"NajNaj.eu","article_publisher":"https:\/\/web.facebook.com\/najnaj.eu\/","article_modified_time":"2026-04-09T08:24:02+00:00","og_image":[{"width":1914,"height":2400,"url":"https:\/\/najnaj.eu\/wp-content\/uploads\/2024\/05\/Silicone-Travel-Bib-Ocean-1.jpg","type":"image\/jpeg"}],"twitter_card":"summary_large_image","twitter_misc":{"Prix":"13,99&nbsp;&euro;","Disponibilit\u00e9":"En stock"},"schema":{"@context":"https:\/\/schema.org","@graph":[{"@type":"WebPage","@id":"https:\/\/najnaj.eu\/fr\/proizvod\/b-box-silikonski-podbradnjak-ocean\/","url":"https:\/\/najnaj.eu\/fr\/proizvod\/b-box-silikonski-podbradnjak-ocean\/","name":"b.box Silikonski podbradnjak - ocean - NajNaj.eu","isPartOf":{"@id":"https:\/\/najnaj.eu\/fr\/#website"},"primaryImageOfPage":{"@id":"https:\/\/najnaj.eu\/fr\/proizvod\/b-box-silikonski-podbradnjak-ocean\/#primaryimage"},"image":{"@id":"https:\/\/najnaj.eu\/fr\/proizvod\/b-box-silikonski-podbradnjak-ocean\/#primaryimage"},"thumbnailUrl":"https:\/\/najnaj.eu\/wp-content\/uploads\/2024\/05\/Silicone-Travel-Bib-Ocean-1.jpg","datePublished":"2024-05-07T09:39:27+00:00","dateModified":"2026-04-09T08:24:02+00:00","breadcrumb":{"@id":"https:\/\/najnaj.eu\/fr\/proizvod\/b-box-silikonski-podbradnjak-ocean\/#breadcrumb"},"inLanguage":"fr-FR","potentialAction":[{"@type":"ReadAction","target":["https:\/\/najnaj.eu\/fr\/proizvod\/b-box-silikonski-podbradnjak-ocean\/"]}]},{"@type":"ImageObject","inLanguage":"fr-FR","@id":"https:\/\/najnaj.eu\/fr\/proizvod\/b-box-silikonski-podbradnjak-ocean\/#primaryimage","url":"https:\/\/najnaj.eu\/wp-content\/uploads\/2024\/05\/Silicone-Travel-Bib-Ocean-1.jpg","contentUrl":"https:\/\/najnaj.eu\/wp-content\/uploads\/2024\/05\/Silicone-Travel-Bib-Ocean-1.jpg","width":1914,"height":2400},{"@type":"BreadcrumbList","@id":"https:\/\/najnaj.eu\/fr\/proizvod\/b-box-silikonski-podbradnjak-ocean\/#breadcrumb","itemListElement":[{"@type":"ListItem","position":1,"name":"Po\u010detna stranica","item":"https:\/\/najnaj.eu\/fr\/"},{"@type":"ListItem","position":2,"name":"Trgovina","item":"https:\/\/najnaj.hr\/trgovina\/"},{"@type":"ListItem","position":3,"name":"b.box Silikonski podbradnjak &#8211; ocean"}]},{"@type":"WebSite","@id":"https:\/\/najnaj.eu\/fr\/#website","url":"https:\/\/najnaj.eu\/fr\/","name":"NajNaj.eu","description":"Za najva\u017enije!","potentialAction":[{"@type":"SearchAction","target":{"@type":"EntryPoint","urlTemplate":"https:\/\/najnaj.eu\/fr\/?s={search_term_string}"},"query-input":{"@type":"PropertyValueSpecification","valueRequired":true,"valueName":"search_term_string"}}],"inLanguage":"fr-FR"}]},"product_brand":"b.box","product_price_amount":"13.99","product_price_currency":"EUR","og_availability":"instock","product_availability":"instock","product_retailer_item_id":"BX101208","product_condition":"new"},"_links":{"self":[{"href":"https:\/\/najnaj.eu\/fr\/wp-json\/wp\/v2\/product\/203655","targetHints":{"allow":["GET"]}}],"collection":[{"href":"https:\/\/najnaj.eu\/fr\/wp-json\/wp\/v2\/product"}],"about":[{"href":"https:\/\/najnaj.eu\/fr\/wp-json\/wp\/v2\/types\/product"}],"replies":[{"embeddable":true,"href":"https:\/\/najnaj.eu\/fr\/wp-json\/wp\/v2\/comments?post=203655"}],"version-history":[{"count":0,"href":"https:\/\/najnaj.eu\/fr\/wp-json\/wp\/v2\/product\/203655\/revisions"}],"wp:featuredmedia":[{"embeddable":true,"href":"https:\/\/najnaj.eu\/fr\/wp-json\/wp\/v2\/media\/203656"}],"wp:attachment":[{"href":"https:\/\/najnaj.eu\/fr\/wp-json\/wp\/v2\/media?parent=203655"}],"wp:term":[{"taxonomy":"product_brand","embeddable":true,"href":"https:\/\/najnaj.eu\/fr\/wp-json\/wp\/v2\/product_brand?post=203655"},{"taxonomy":"product_cat","embeddable":true,"href":"https:\/\/najnaj.eu\/fr\/wp-json\/wp\/v2\/product_cat?post=203655"},{"taxonomy":"product_tag","embeddable":true,"href":"https:\/\/najnaj.eu\/fr\/wp-json\/wp\/v2\/product_tag?post=203655"}],"curies":[{"name":"wp","href":"https:\/\/api.w.org\/{rel}","templated":true}]}}