{"id":203593,"date":"2024-05-07T11:26:52","date_gmt":"2024-05-07T09:26:52","guid":{"rendered":"https:\/\/najnaj.eu\/?post_type=product&#038;p=203593"},"modified":"2026-03-24T10:51:10","modified_gmt":"2026-03-24T09:51:10","slug":"b-box-fill-feed-zdjelica-sage","status":"publish","type":"product","link":"https:\/\/najnaj.eu\/fr\/proizvod\/b-box-fill-feed-zdjelica-sage\/","title":{"rendered":"b.box Fill + Feed zdjelica &#8211; sage"},"content":{"rendered":"<p>Pripremite svje\u017eu hranu za bebe i malu djecu kod ku\u0107e i ponesite je na put s na\u0161om zdjelicom za vi\u0161ekratnu upotrebu! Na\u0161a najnovija inovacija u hranjenju djece omogu\u0107uje roditeljima jednostavno punjenje prozirne silikonske vre\u0107ice za hranu iz \u0161irokog otvora za manje nereda. Zatim zatvorite poklopac i pripremite se za hranjenje!<\/p>\n<p>Ergonomski oblikovan za male ruke za jednostavno dr\u017eanje i stiskanje, zatim intuitivno sisanje i pijuckanje iz nako\u0161enog vrha izljeva. Zdjelicu uparite sa silikonskom \u017elicom za one prve dane hranjenja pod vodstvom roditelja. Idealno za ka\u0161aste piree od vo\u0107a ili povr\u0107a, jogurt i jo\u0161 mnogo toga.<\/p>\n<p>Prilo\u017eeni kontrastni \u010dep ne\u0107e se izgubiti i odr\u017eava izljev \u010distim dok ste vani. Osim toga, brtvilo je zatvoreno i ne\u0107e curiti u dje\u010djim torbama ili kolicima.<\/p>\n<p>U potpunosti se rastavlja za temeljito \u010di\u0161\u0107enje. Mo\u017ee se prati u perilici posu\u0111a i sterilizatoru. Recite zbogom neurednim vre\u0107icama koje se te\u0161ko cijede i zapakiranoj dje\u010djoj hrani i pozdravite svje\u017eu hranu bez problema u pokretu!<\/p>\n","protected":false},"excerpt":{"rendered":"<ul>\n<li>Idealno za odvikavanje i hranjenje beba od 4 mjeseca<\/li>\n<li>Mo\u017ee se ponovno puniti i koristiti za doma\u0107e piree od vo\u0107a i povr\u0107a, jogurt i sli\u010dno<\/li>\n<li>\u0160irok otvor omogu\u0107uje roditeljima jednostavno punjenje silikonske vre\u0107ice uz manje nereda, poklopac se zatvara kako bi zadr\u017eao hranu<\/li>\n<li>Ergonomski oblikovan za male ruke za dr\u017eanje i stiskanje<\/li>\n<li>Djeca intuitivno pijuckaju iz nagnutog izljeva, odrasli mogu pomo\u0107i iscijediti i poslu\u017eiti sa silikonskom \u017elicom za one prve dane hranjenja<\/li>\n<li>Prilo\u017eene brtve na poklopcu zatvorene tako da ne curi u pokretu i odr\u017eava vrh izljeva \u010distim i higijenskim<\/li>\n<li>Mo\u017ee se prati u perilici posu\u0111a (gornja polica) i sterilizatoru za jednostavno \u010di\u0161\u0107enje, spreman za ponovnu upotrebu<\/li>\n<li>Mo\u017ee se koristiti u mikrovalnoj pe\u0107nici (otvoren poklopac) za zagrijavanje i poslu\u017eivanje<\/li>\n<li>Kapacitet vre\u0107ice 110 ml<\/li>\n<li>Bez BPA<\/li>\n<\/ul>\n","protected":false},"featured_media":203594,"comment_status":"open","ping_status":"closed","template":"","meta":{"_acf_changed":false,"footnotes":""},"product_brand":[],"product_cat":[577,622,657],"product_tag":[],"class_list":{"0":"post-203593","1":"product","2":"type-product","3":"status-publish","4":"has-post-thumbnail","6":"product_cat-hranjenje","7":"product_cat-posude","8":"product_cat-tanjuri","9":"pa_boja-zelena","10":"pa_brand-b-box","11":"pa_vrsta-posuda-tanjuri-i-zdjelice","13":"first","14":"instock","15":"sale","16":"shipping-taxable","17":"purchasable","18":"product-type-simple"},"bundled_by":[],"bundle_stock_status":"instock","bundle_stock_quantity":15,"bundle_virtual":false,"bundle_layout":"","bundle_add_to_cart_form_location":"","bundle_editable_in_cart":false,"bundle_sold_individually_context":"","bundle_item_grouping":"","bundle_min_size":"","bundle_max_size":"","bundle_price":[],"bundled_items":[],"bundle_sell_ids":[],"acf":[],"yoast_head":"<!-- This site is optimized with the Yoast SEO Premium plugin v21.5 (Yoast SEO v27.4) - https:\/\/yoast.com\/product\/yoast-seo-premium-wordpress\/ -->\n<title>b.box Fill + Feed zdjelica - sage - NajNaj.eu<\/title>\n<meta name=\"robots\" content=\"index, follow, max-snippet:-1, max-image-preview:large, max-video-preview:-1\" \/>\n<link rel=\"canonical\" href=\"https:\/\/najnaj.eu\/fr\/proizvod\/b-box-fill-feed-zdjelica-sage\/\" \/>\n<meta property=\"og:locale\" content=\"fr_FR\" \/>\n<meta property=\"og:type\" content=\"article\" \/>\n<meta property=\"og:title\" content=\"b.box Fill + Feed zdjelica - sage\" \/>\n<meta property=\"og:description\" content=\"Idealno za odvikavanje i hranjenje beba od 4 mjeseca  Mo\u017ee se ponovno puniti i koristiti za doma\u0107e piree od vo\u0107a i povr\u0107a, jogurt i sli\u010dno  \u0160irok otvor omogu\u0107uje roditeljima jednostavno punjenje silikonske vre\u0107ice uz manje nereda, poklopac se zatvara kako bi zadr\u017eao hranu  Ergonomski oblikovan za male ruke za dr\u017eanje i stiskanje  Djeca intuitivno pijuckaju iz nagnutog izljeva, odrasli mogu pomo\u0107i iscijediti i poslu\u017eiti sa silikonskom \u017elicom za one prve dane hranjenja  Prilo\u017eene brtve na poklopcu zatvorene tako da ne curi u pokretu i odr\u017eava vrh izljeva \u010distim i higijenskim  Mo\u017ee se prati u perilici posu\u0111a (gornja polica) i sterilizatoru za jednostavno \u010di\u0161\u0107enje, spreman za ponovnu upotrebu  Mo\u017ee se koristiti u mikrovalnoj pe\u0107nici (otvoren poklopac) za zagrijavanje i poslu\u017eivanje  Kapacitet vre\u0107ice 110 ml  Bez BPA\" \/>\n<meta property=\"og:url\" content=\"https:\/\/najnaj.eu\/fr\/proizvod\/b-box-fill-feed-zdjelica-sage\/\" \/>\n<meta property=\"og:site_name\" content=\"NajNaj.eu\" \/>\n<meta property=\"article:publisher\" content=\"https:\/\/web.facebook.com\/najnaj.eu\/\" \/>\n<meta property=\"article:modified_time\" content=\"2026-03-24T09:51:10+00:00\" \/>\n<meta property=\"og:image\" content=\"https:\/\/najnaj.eu\/wp-content\/uploads\/2024\/05\/Fill-Feed_sage_5-copy.jpg\" \/>\n\t<meta property=\"og:image:width\" content=\"2400\" \/>\n\t<meta property=\"og:image:height\" content=\"1438\" \/>\n\t<meta property=\"og:image:type\" content=\"image\/jpeg\" \/>\n<meta name=\"twitter:card\" content=\"summary_large_image\" \/>\n<meta name=\"twitter:label1\" content=\"Prix\" \/>\n\t<meta name=\"twitter:data1\" content=\"16,99&nbsp;&euro;\" \/>\n\t<meta name=\"twitter:label2\" content=\"Disponibilit\u00e9\" \/>\n\t<meta name=\"twitter:data2\" content=\"En stock\" \/>\n<script type=\"application\/ld+json\" class=\"yoast-schema-graph\">{\"@context\":\"https:\\\/\\\/schema.org\",\"@graph\":[{\"@type\":\"WebPage\",\"@id\":\"https:\\\/\\\/najnaj.eu\\\/fr\\\/proizvod\\\/b-box-fill-feed-zdjelica-sage\\\/\",\"url\":\"https:\\\/\\\/najnaj.eu\\\/fr\\\/proizvod\\\/b-box-fill-feed-zdjelica-sage\\\/\",\"name\":\"b.box Fill + Feed zdjelica - sage - NajNaj.eu\",\"isPartOf\":{\"@id\":\"https:\\\/\\\/najnaj.eu\\\/fr\\\/#website\"},\"primaryImageOfPage\":{\"@id\":\"https:\\\/\\\/najnaj.eu\\\/fr\\\/proizvod\\\/b-box-fill-feed-zdjelica-sage\\\/#primaryimage\"},\"image\":{\"@id\":\"https:\\\/\\\/najnaj.eu\\\/fr\\\/proizvod\\\/b-box-fill-feed-zdjelica-sage\\\/#primaryimage\"},\"thumbnailUrl\":\"https:\\\/\\\/najnaj.eu\\\/wp-content\\\/uploads\\\/2024\\\/05\\\/Fill-Feed_sage_5-copy.jpg\",\"datePublished\":\"2024-05-07T09:26:52+00:00\",\"dateModified\":\"2026-03-24T09:51:10+00:00\",\"breadcrumb\":{\"@id\":\"https:\\\/\\\/najnaj.eu\\\/fr\\\/proizvod\\\/b-box-fill-feed-zdjelica-sage\\\/#breadcrumb\"},\"inLanguage\":\"fr-FR\",\"potentialAction\":[{\"@type\":\"ReadAction\",\"target\":[\"https:\\\/\\\/najnaj.eu\\\/fr\\\/proizvod\\\/b-box-fill-feed-zdjelica-sage\\\/\"]}]},{\"@type\":\"ImageObject\",\"inLanguage\":\"fr-FR\",\"@id\":\"https:\\\/\\\/najnaj.eu\\\/fr\\\/proizvod\\\/b-box-fill-feed-zdjelica-sage\\\/#primaryimage\",\"url\":\"https:\\\/\\\/najnaj.eu\\\/wp-content\\\/uploads\\\/2024\\\/05\\\/Fill-Feed_sage_5-copy.jpg\",\"contentUrl\":\"https:\\\/\\\/najnaj.eu\\\/wp-content\\\/uploads\\\/2024\\\/05\\\/Fill-Feed_sage_5-copy.jpg\",\"width\":2400,\"height\":1438},{\"@type\":\"BreadcrumbList\",\"@id\":\"https:\\\/\\\/najnaj.eu\\\/fr\\\/proizvod\\\/b-box-fill-feed-zdjelica-sage\\\/#breadcrumb\",\"itemListElement\":[{\"@type\":\"ListItem\",\"position\":1,\"name\":\"Po\u010detna stranica\",\"item\":\"https:\\\/\\\/najnaj.eu\\\/fr\\\/\"},{\"@type\":\"ListItem\",\"position\":2,\"name\":\"Trgovina\",\"item\":\"https:\\\/\\\/najnaj.hr\\\/trgovina\\\/\"},{\"@type\":\"ListItem\",\"position\":3,\"name\":\"b.box Fill + Feed zdjelica &#8211; sage\"}]},{\"@type\":\"WebSite\",\"@id\":\"https:\\\/\\\/najnaj.eu\\\/fr\\\/#website\",\"url\":\"https:\\\/\\\/najnaj.eu\\\/fr\\\/\",\"name\":\"NajNaj.eu\",\"description\":\"Za najva\u017enije!\",\"potentialAction\":[{\"@type\":\"SearchAction\",\"target\":{\"@type\":\"EntryPoint\",\"urlTemplate\":\"https:\\\/\\\/najnaj.eu\\\/fr\\\/?s={search_term_string}\"},\"query-input\":{\"@type\":\"PropertyValueSpecification\",\"valueRequired\":true,\"valueName\":\"search_term_string\"}}],\"inLanguage\":\"fr-FR\"}]}<\/script>\n<meta property=\"product:brand\" content=\"b.box\" \/>\n<meta property=\"product:price:amount\" content=\"16.99\" \/>\n<meta property=\"product:price:currency\" content=\"EUR\" \/>\n<meta property=\"og:availability\" content=\"instock\" \/>\n<meta property=\"product:availability\" content=\"instock\" \/>\n<meta property=\"product:retailer_item_id\" content=\"BX100110\" \/>\n<meta property=\"product:condition\" content=\"new\" \/>\n<!-- \/ Yoast SEO Premium plugin. -->","yoast_head_json":{"title":"b.box Fill + Feed zdjelica - sage - NajNaj.eu","robots":{"index":"index","follow":"follow","max-snippet":"max-snippet:-1","max-image-preview":"max-image-preview:large","max-video-preview":"max-video-preview:-1"},"canonical":"https:\/\/najnaj.eu\/fr\/proizvod\/b-box-fill-feed-zdjelica-sage\/","og_locale":"fr_FR","og_type":"article","og_title":"b.box Fill + Feed zdjelica - sage","og_description":"Idealno za odvikavanje i hranjenje beba od 4 mjeseca  Mo\u017ee se ponovno puniti i koristiti za doma\u0107e piree od vo\u0107a i povr\u0107a, jogurt i sli\u010dno  \u0160irok otvor omogu\u0107uje roditeljima jednostavno punjenje silikonske vre\u0107ice uz manje nereda, poklopac se zatvara kako bi zadr\u017eao hranu  Ergonomski oblikovan za male ruke za dr\u017eanje i stiskanje  Djeca intuitivno pijuckaju iz nagnutog izljeva, odrasli mogu pomo\u0107i iscijediti i poslu\u017eiti sa silikonskom \u017elicom za one prve dane hranjenja  Prilo\u017eene brtve na poklopcu zatvorene tako da ne curi u pokretu i odr\u017eava vrh izljeva \u010distim i higijenskim  Mo\u017ee se prati u perilici posu\u0111a (gornja polica) i sterilizatoru za jednostavno \u010di\u0161\u0107enje, spreman za ponovnu upotrebu  Mo\u017ee se koristiti u mikrovalnoj pe\u0107nici (otvoren poklopac) za zagrijavanje i poslu\u017eivanje  Kapacitet vre\u0107ice 110 ml  Bez BPA","og_url":"https:\/\/najnaj.eu\/fr\/proizvod\/b-box-fill-feed-zdjelica-sage\/","og_site_name":"NajNaj.eu","article_publisher":"https:\/\/web.facebook.com\/najnaj.eu\/","article_modified_time":"2026-03-24T09:51:10+00:00","og_image":[{"width":2400,"height":1438,"url":"https:\/\/najnaj.eu\/wp-content\/uploads\/2024\/05\/Fill-Feed_sage_5-copy.jpg","type":"image\/jpeg"}],"twitter_card":"summary_large_image","twitter_misc":{"Prix":"16,99&nbsp;&euro;","Disponibilit\u00e9":"En stock"},"schema":{"@context":"https:\/\/schema.org","@graph":[{"@type":"WebPage","@id":"https:\/\/najnaj.eu\/fr\/proizvod\/b-box-fill-feed-zdjelica-sage\/","url":"https:\/\/najnaj.eu\/fr\/proizvod\/b-box-fill-feed-zdjelica-sage\/","name":"b.box Fill + Feed zdjelica - sage - NajNaj.eu","isPartOf":{"@id":"https:\/\/najnaj.eu\/fr\/#website"},"primaryImageOfPage":{"@id":"https:\/\/najnaj.eu\/fr\/proizvod\/b-box-fill-feed-zdjelica-sage\/#primaryimage"},"image":{"@id":"https:\/\/najnaj.eu\/fr\/proizvod\/b-box-fill-feed-zdjelica-sage\/#primaryimage"},"thumbnailUrl":"https:\/\/najnaj.eu\/wp-content\/uploads\/2024\/05\/Fill-Feed_sage_5-copy.jpg","datePublished":"2024-05-07T09:26:52+00:00","dateModified":"2026-03-24T09:51:10+00:00","breadcrumb":{"@id":"https:\/\/najnaj.eu\/fr\/proizvod\/b-box-fill-feed-zdjelica-sage\/#breadcrumb"},"inLanguage":"fr-FR","potentialAction":[{"@type":"ReadAction","target":["https:\/\/najnaj.eu\/fr\/proizvod\/b-box-fill-feed-zdjelica-sage\/"]}]},{"@type":"ImageObject","inLanguage":"fr-FR","@id":"https:\/\/najnaj.eu\/fr\/proizvod\/b-box-fill-feed-zdjelica-sage\/#primaryimage","url":"https:\/\/najnaj.eu\/wp-content\/uploads\/2024\/05\/Fill-Feed_sage_5-copy.jpg","contentUrl":"https:\/\/najnaj.eu\/wp-content\/uploads\/2024\/05\/Fill-Feed_sage_5-copy.jpg","width":2400,"height":1438},{"@type":"BreadcrumbList","@id":"https:\/\/najnaj.eu\/fr\/proizvod\/b-box-fill-feed-zdjelica-sage\/#breadcrumb","itemListElement":[{"@type":"ListItem","position":1,"name":"Po\u010detna stranica","item":"https:\/\/najnaj.eu\/fr\/"},{"@type":"ListItem","position":2,"name":"Trgovina","item":"https:\/\/najnaj.hr\/trgovina\/"},{"@type":"ListItem","position":3,"name":"b.box Fill + Feed zdjelica &#8211; sage"}]},{"@type":"WebSite","@id":"https:\/\/najnaj.eu\/fr\/#website","url":"https:\/\/najnaj.eu\/fr\/","name":"NajNaj.eu","description":"Za najva\u017enije!","potentialAction":[{"@type":"SearchAction","target":{"@type":"EntryPoint","urlTemplate":"https:\/\/najnaj.eu\/fr\/?s={search_term_string}"},"query-input":{"@type":"PropertyValueSpecification","valueRequired":true,"valueName":"search_term_string"}}],"inLanguage":"fr-FR"}]},"product_brand":"b.box","product_price_amount":"16.99","product_price_currency":"EUR","og_availability":"instock","product_availability":"instock","product_retailer_item_id":"BX100110","product_condition":"new"},"_links":{"self":[{"href":"https:\/\/najnaj.eu\/fr\/wp-json\/wp\/v2\/product\/203593","targetHints":{"allow":["GET"]}}],"collection":[{"href":"https:\/\/najnaj.eu\/fr\/wp-json\/wp\/v2\/product"}],"about":[{"href":"https:\/\/najnaj.eu\/fr\/wp-json\/wp\/v2\/types\/product"}],"replies":[{"embeddable":true,"href":"https:\/\/najnaj.eu\/fr\/wp-json\/wp\/v2\/comments?post=203593"}],"version-history":[{"count":0,"href":"https:\/\/najnaj.eu\/fr\/wp-json\/wp\/v2\/product\/203593\/revisions"}],"wp:featuredmedia":[{"embeddable":true,"href":"https:\/\/najnaj.eu\/fr\/wp-json\/wp\/v2\/media\/203594"}],"wp:attachment":[{"href":"https:\/\/najnaj.eu\/fr\/wp-json\/wp\/v2\/media?parent=203593"}],"wp:term":[{"taxonomy":"product_brand","embeddable":true,"href":"https:\/\/najnaj.eu\/fr\/wp-json\/wp\/v2\/product_brand?post=203593"},{"taxonomy":"product_cat","embeddable":true,"href":"https:\/\/najnaj.eu\/fr\/wp-json\/wp\/v2\/product_cat?post=203593"},{"taxonomy":"product_tag","embeddable":true,"href":"https:\/\/najnaj.eu\/fr\/wp-json\/wp\/v2\/product_tag?post=203593"}],"curies":[{"name":"wp","href":"https:\/\/api.w.org\/{rel}","templated":true}]}}