{"id":202193,"date":"2024-03-11T09:09:51","date_gmt":"2024-03-11T08:09:51","guid":{"rendered":"https:\/\/najnaj.eu\/?post_type=product&#038;p=202193"},"modified":"2026-02-04T10:30:02","modified_gmt":"2026-02-04T09:30:02","slug":"kenguru-gold-poklon-kosara-vreca-za-spavanje-tog2-4-8-mj-popcorn-owl","status":"publish","type":"product","link":"https:\/\/najnaj.eu\/fr\/proizvod\/kenguru-gold-poklon-kosara-vreca-za-spavanje-tog2-4-8-mj-popcorn-owl\/","title":{"rendered":"Kenguru Gold Poklon ko\u0161ara; Vre\u0107a za spavanje TOG2, 4-8 mj, \u00ab\u00a0Popcorn-owl\u00a0\u00bb"},"content":{"rendered":"<p>Na\u0161e ko\u0161are\u00a0 savr\u0161ene su za spremanje pelena ili igra\u010daka ili organiziranje dje\u010dje odje\u0107e, bilo da skupljate \u010darape ili sortirate po boji. Na\u0161e ko\u0161are su podesive po visini kako bi stale na svaku policu.<\/p>\n<p>Stil: mo\u017ee se koristiti u 3 veli\u010dine, podesiva podstavljena izvezena vre\u0107a za spavanje za bebe, s patentnim zatvara\u010dem sa strane<br \/>\nBoja: Ekr\u00fc, s izvezenim uzorkom sove<\/p>\n<p>Patent bez nikla za za\u0161titu osjetljive ko\u017ee<br \/>\nNo\u0107ni odmor: \u0161titi i grije bebino tijelo tijekom cijele no\u0107i<br \/>\nUgodno mekan materijal od mikrofibre i organskog pamuka<br \/>\nAmbala\u017ea se kasnije savr\u0161eno mo\u017ee koristiti kao organizator za dje\u010dju odje\u0107u, pelene ili igra\u010dke, tako da ne morate bacati ukrasnu ambala\u017eu.<\/p>\n<p>Izrezi za vrat i ramena s dobrom ventilacijom &#8211; za no\u0107i bez znojenja<\/p>\n","protected":false},"excerpt":{"rendered":"<p>S na\u0161im dekorativnim pakiranjem koje je estetski, prakti\u010dno i ekolo\u0161ki osvije\u0161teno, vi\u0161e ne morate razmi\u0161ljati o savr\u0161enom poklonu.<\/p>\n","protected":false},"featured_media":271664,"comment_status":"open","ping_status":"closed","template":"","meta":{"_acf_changed":false,"footnotes":""},"product_brand":[],"product_cat":[1597,615,1604,1709],"product_tag":[2271],"class_list":{"0":"post-202193","1":"product","2":"type-product","3":"status-publish","4":"has-post-thumbnail","6":"product_cat-odjeca","7":"product_cat-odjeca_i_obuca","8":"product_cat-poklon_kosare","9":"product_cat-pokloni","10":"product_tag-zima","11":"pa_boja-bijela","12":"pa_brand-kenguru-gold","14":"first","15":"instock","16":"shipping-taxable","17":"purchasable","18":"product-type-simple"},"bundled_by":[],"bundle_stock_status":"instock","bundle_stock_quantity":4,"bundle_virtual":false,"bundle_layout":"","bundle_add_to_cart_form_location":"","bundle_editable_in_cart":false,"bundle_sold_individually_context":"","bundle_item_grouping":"","bundle_min_size":"","bundle_max_size":"","bundle_price":[],"bundled_items":[],"bundle_sell_ids":[],"acf":[],"yoast_head":"<!-- This site is optimized with the Yoast SEO Premium plugin v21.5 (Yoast SEO v27.4) - https:\/\/yoast.com\/product\/yoast-seo-premium-wordpress\/ -->\n<title>Kenguru Gold Poklon ko\u0161ara; Vre\u0107a za spavanje TOG2, 4-8 mj, &quot;Popcorn-owl&quot; - NajNaj.eu<\/title>\n<meta name=\"robots\" content=\"index, follow, max-snippet:-1, max-image-preview:large, max-video-preview:-1\" \/>\n<link rel=\"canonical\" href=\"https:\/\/najnaj.eu\/fr\/proizvod\/kenguru-gold-poklon-kosara-vreca-za-spavanje-tog2-4-8-mj-popcorn-owl\/\" \/>\n<meta property=\"og:locale\" content=\"fr_FR\" \/>\n<meta property=\"og:type\" content=\"article\" \/>\n<meta property=\"og:title\" content=\"Kenguru Gold Poklon ko\u0161ara; Vre\u0107a za spavanje TOG2, 4-8 mj, &quot;Popcorn-owl&quot;\" \/>\n<meta property=\"og:description\" content=\"S na\u0161im dekorativnim pakiranjem koje je estetski, prakti\u010dno i ekolo\u0161ki osvije\u0161teno, vi\u0161e ne morate razmi\u0161ljati o savr\u0161enom poklonu.\" \/>\n<meta property=\"og:url\" content=\"https:\/\/najnaj.eu\/fr\/proizvod\/kenguru-gold-poklon-kosara-vreca-za-spavanje-tog2-4-8-mj-popcorn-owl\/\" \/>\n<meta property=\"og:site_name\" content=\"NajNaj.eu\" \/>\n<meta property=\"article:publisher\" content=\"https:\/\/web.facebook.com\/najnaj.eu\/\" \/>\n<meta property=\"article:modified_time\" content=\"2026-02-04T09:30:02+00:00\" \/>\n<meta property=\"og:image\" content=\"https:\/\/najnaj.eu\/wp-content\/uploads\/2024\/03\/4-8ho_bagoly_ps_1800x1800.jpg\" \/>\n\t<meta property=\"og:image:width\" content=\"1800\" \/>\n\t<meta property=\"og:image:height\" content=\"1800\" \/>\n\t<meta property=\"og:image:type\" content=\"image\/jpeg\" \/>\n<meta name=\"twitter:card\" content=\"summary_large_image\" \/>\n<meta name=\"twitter:label1\" content=\"Prix\" \/>\n\t<meta name=\"twitter:data1\" content=\"79,95&nbsp;&euro;\" \/>\n\t<meta name=\"twitter:label2\" content=\"Disponibilit\u00e9\" \/>\n\t<meta name=\"twitter:data2\" content=\"En stock\" \/>\n<script type=\"application\/ld+json\" class=\"yoast-schema-graph\">{\"@context\":\"https:\\\/\\\/schema.org\",\"@graph\":[{\"@type\":\"WebPage\",\"@id\":\"https:\\\/\\\/najnaj.eu\\\/fr\\\/proizvod\\\/kenguru-gold-poklon-kosara-vreca-za-spavanje-tog2-4-8-mj-popcorn-owl\\\/\",\"url\":\"https:\\\/\\\/najnaj.eu\\\/fr\\\/proizvod\\\/kenguru-gold-poklon-kosara-vreca-za-spavanje-tog2-4-8-mj-popcorn-owl\\\/\",\"name\":\"Kenguru Gold Poklon ko\u0161ara; Vre\u0107a za spavanje TOG2, 4-8 mj, \\\"Popcorn-owl\\\" - NajNaj.eu\",\"isPartOf\":{\"@id\":\"https:\\\/\\\/najnaj.eu\\\/fr\\\/#website\"},\"primaryImageOfPage\":{\"@id\":\"https:\\\/\\\/najnaj.eu\\\/fr\\\/proizvod\\\/kenguru-gold-poklon-kosara-vreca-za-spavanje-tog2-4-8-mj-popcorn-owl\\\/#primaryimage\"},\"image\":{\"@id\":\"https:\\\/\\\/najnaj.eu\\\/fr\\\/proizvod\\\/kenguru-gold-poklon-kosara-vreca-za-spavanje-tog2-4-8-mj-popcorn-owl\\\/#primaryimage\"},\"thumbnailUrl\":\"https:\\\/\\\/najnaj.eu\\\/wp-content\\\/uploads\\\/2024\\\/03\\\/4-8ho_bagoly_ps_1800x1800.jpg\",\"datePublished\":\"2024-03-11T08:09:51+00:00\",\"dateModified\":\"2026-02-04T09:30:02+00:00\",\"breadcrumb\":{\"@id\":\"https:\\\/\\\/najnaj.eu\\\/fr\\\/proizvod\\\/kenguru-gold-poklon-kosara-vreca-za-spavanje-tog2-4-8-mj-popcorn-owl\\\/#breadcrumb\"},\"inLanguage\":\"fr-FR\",\"potentialAction\":[{\"@type\":\"ReadAction\",\"target\":[\"https:\\\/\\\/najnaj.eu\\\/fr\\\/proizvod\\\/kenguru-gold-poklon-kosara-vreca-za-spavanje-tog2-4-8-mj-popcorn-owl\\\/\"]}]},{\"@type\":\"ImageObject\",\"inLanguage\":\"fr-FR\",\"@id\":\"https:\\\/\\\/najnaj.eu\\\/fr\\\/proizvod\\\/kenguru-gold-poklon-kosara-vreca-za-spavanje-tog2-4-8-mj-popcorn-owl\\\/#primaryimage\",\"url\":\"https:\\\/\\\/najnaj.eu\\\/wp-content\\\/uploads\\\/2024\\\/03\\\/4-8ho_bagoly_ps_1800x1800.jpg\",\"contentUrl\":\"https:\\\/\\\/najnaj.eu\\\/wp-content\\\/uploads\\\/2024\\\/03\\\/4-8ho_bagoly_ps_1800x1800.jpg\",\"width\":1800,\"height\":1800},{\"@type\":\"BreadcrumbList\",\"@id\":\"https:\\\/\\\/najnaj.eu\\\/fr\\\/proizvod\\\/kenguru-gold-poklon-kosara-vreca-za-spavanje-tog2-4-8-mj-popcorn-owl\\\/#breadcrumb\",\"itemListElement\":[{\"@type\":\"ListItem\",\"position\":1,\"name\":\"Po\u010detna stranica\",\"item\":\"https:\\\/\\\/najnaj.eu\\\/fr\\\/\"},{\"@type\":\"ListItem\",\"position\":2,\"name\":\"Trgovina\",\"item\":\"https:\\\/\\\/najnaj.hr\\\/trgovina\\\/\"},{\"@type\":\"ListItem\",\"position\":3,\"name\":\"Kenguru Gold Poklon ko\u0161ara; Vre\u0107a za spavanje TOG2, 4-8 mj, &#8220;Popcorn-owl&#8221;\"}]},{\"@type\":\"WebSite\",\"@id\":\"https:\\\/\\\/najnaj.eu\\\/fr\\\/#website\",\"url\":\"https:\\\/\\\/najnaj.eu\\\/fr\\\/\",\"name\":\"NajNaj.eu\",\"description\":\"Za najva\u017enije!\",\"potentialAction\":[{\"@type\":\"SearchAction\",\"target\":{\"@type\":\"EntryPoint\",\"urlTemplate\":\"https:\\\/\\\/najnaj.eu\\\/fr\\\/?s={search_term_string}\"},\"query-input\":{\"@type\":\"PropertyValueSpecification\",\"valueRequired\":true,\"valueName\":\"search_term_string\"}}],\"inLanguage\":\"fr-FR\"}]}<\/script>\n<meta property=\"product:brand\" content=\"Kenguru Gold\" \/>\n<meta property=\"product:price:amount\" content=\"79.95\" \/>\n<meta property=\"product:price:currency\" content=\"EUR\" \/>\n<meta property=\"og:availability\" content=\"instock\" \/>\n<meta property=\"product:availability\" content=\"instock\" \/>\n<meta property=\"product:retailer_item_id\" content=\"KG4003\" \/>\n<meta property=\"product:condition\" content=\"new\" \/>\n<!-- \/ Yoast SEO Premium plugin. -->","yoast_head_json":{"title":"Kenguru Gold Poklon ko\u0161ara; Vre\u0107a za spavanje TOG2, 4-8 mj, \"Popcorn-owl\" - NajNaj.eu","robots":{"index":"index","follow":"follow","max-snippet":"max-snippet:-1","max-image-preview":"max-image-preview:large","max-video-preview":"max-video-preview:-1"},"canonical":"https:\/\/najnaj.eu\/fr\/proizvod\/kenguru-gold-poklon-kosara-vreca-za-spavanje-tog2-4-8-mj-popcorn-owl\/","og_locale":"fr_FR","og_type":"article","og_title":"Kenguru Gold Poklon ko\u0161ara; Vre\u0107a za spavanje TOG2, 4-8 mj, \"Popcorn-owl\"","og_description":"S na\u0161im dekorativnim pakiranjem koje je estetski, prakti\u010dno i ekolo\u0161ki osvije\u0161teno, vi\u0161e ne morate razmi\u0161ljati o savr\u0161enom poklonu.","og_url":"https:\/\/najnaj.eu\/fr\/proizvod\/kenguru-gold-poklon-kosara-vreca-za-spavanje-tog2-4-8-mj-popcorn-owl\/","og_site_name":"NajNaj.eu","article_publisher":"https:\/\/web.facebook.com\/najnaj.eu\/","article_modified_time":"2026-02-04T09:30:02+00:00","og_image":[{"width":1800,"height":1800,"url":"https:\/\/najnaj.eu\/wp-content\/uploads\/2024\/03\/4-8ho_bagoly_ps_1800x1800.jpg","type":"image\/jpeg"}],"twitter_card":"summary_large_image","twitter_misc":{"Prix":"79,95&nbsp;&euro;","Disponibilit\u00e9":"En stock"},"schema":{"@context":"https:\/\/schema.org","@graph":[{"@type":"WebPage","@id":"https:\/\/najnaj.eu\/fr\/proizvod\/kenguru-gold-poklon-kosara-vreca-za-spavanje-tog2-4-8-mj-popcorn-owl\/","url":"https:\/\/najnaj.eu\/fr\/proizvod\/kenguru-gold-poklon-kosara-vreca-za-spavanje-tog2-4-8-mj-popcorn-owl\/","name":"Kenguru Gold Poklon ko\u0161ara; Vre\u0107a za spavanje TOG2, 4-8 mj, \"Popcorn-owl\" - NajNaj.eu","isPartOf":{"@id":"https:\/\/najnaj.eu\/fr\/#website"},"primaryImageOfPage":{"@id":"https:\/\/najnaj.eu\/fr\/proizvod\/kenguru-gold-poklon-kosara-vreca-za-spavanje-tog2-4-8-mj-popcorn-owl\/#primaryimage"},"image":{"@id":"https:\/\/najnaj.eu\/fr\/proizvod\/kenguru-gold-poklon-kosara-vreca-za-spavanje-tog2-4-8-mj-popcorn-owl\/#primaryimage"},"thumbnailUrl":"https:\/\/najnaj.eu\/wp-content\/uploads\/2024\/03\/4-8ho_bagoly_ps_1800x1800.jpg","datePublished":"2024-03-11T08:09:51+00:00","dateModified":"2026-02-04T09:30:02+00:00","breadcrumb":{"@id":"https:\/\/najnaj.eu\/fr\/proizvod\/kenguru-gold-poklon-kosara-vreca-za-spavanje-tog2-4-8-mj-popcorn-owl\/#breadcrumb"},"inLanguage":"fr-FR","potentialAction":[{"@type":"ReadAction","target":["https:\/\/najnaj.eu\/fr\/proizvod\/kenguru-gold-poklon-kosara-vreca-za-spavanje-tog2-4-8-mj-popcorn-owl\/"]}]},{"@type":"ImageObject","inLanguage":"fr-FR","@id":"https:\/\/najnaj.eu\/fr\/proizvod\/kenguru-gold-poklon-kosara-vreca-za-spavanje-tog2-4-8-mj-popcorn-owl\/#primaryimage","url":"https:\/\/najnaj.eu\/wp-content\/uploads\/2024\/03\/4-8ho_bagoly_ps_1800x1800.jpg","contentUrl":"https:\/\/najnaj.eu\/wp-content\/uploads\/2024\/03\/4-8ho_bagoly_ps_1800x1800.jpg","width":1800,"height":1800},{"@type":"BreadcrumbList","@id":"https:\/\/najnaj.eu\/fr\/proizvod\/kenguru-gold-poklon-kosara-vreca-za-spavanje-tog2-4-8-mj-popcorn-owl\/#breadcrumb","itemListElement":[{"@type":"ListItem","position":1,"name":"Po\u010detna stranica","item":"https:\/\/najnaj.eu\/fr\/"},{"@type":"ListItem","position":2,"name":"Trgovina","item":"https:\/\/najnaj.hr\/trgovina\/"},{"@type":"ListItem","position":3,"name":"Kenguru Gold Poklon ko\u0161ara; Vre\u0107a za spavanje TOG2, 4-8 mj, &#8220;Popcorn-owl&#8221;"}]},{"@type":"WebSite","@id":"https:\/\/najnaj.eu\/fr\/#website","url":"https:\/\/najnaj.eu\/fr\/","name":"NajNaj.eu","description":"Za najva\u017enije!","potentialAction":[{"@type":"SearchAction","target":{"@type":"EntryPoint","urlTemplate":"https:\/\/najnaj.eu\/fr\/?s={search_term_string}"},"query-input":{"@type":"PropertyValueSpecification","valueRequired":true,"valueName":"search_term_string"}}],"inLanguage":"fr-FR"}]},"product_brand":"Kenguru Gold","product_price_amount":"79.95","product_price_currency":"EUR","og_availability":"instock","product_availability":"instock","product_retailer_item_id":"KG4003","product_condition":"new"},"_links":{"self":[{"href":"https:\/\/najnaj.eu\/fr\/wp-json\/wp\/v2\/product\/202193","targetHints":{"allow":["GET"]}}],"collection":[{"href":"https:\/\/najnaj.eu\/fr\/wp-json\/wp\/v2\/product"}],"about":[{"href":"https:\/\/najnaj.eu\/fr\/wp-json\/wp\/v2\/types\/product"}],"replies":[{"embeddable":true,"href":"https:\/\/najnaj.eu\/fr\/wp-json\/wp\/v2\/comments?post=202193"}],"version-history":[{"count":0,"href":"https:\/\/najnaj.eu\/fr\/wp-json\/wp\/v2\/product\/202193\/revisions"}],"wp:featuredmedia":[{"embeddable":true,"href":"https:\/\/najnaj.eu\/fr\/wp-json\/wp\/v2\/media\/271664"}],"wp:attachment":[{"href":"https:\/\/najnaj.eu\/fr\/wp-json\/wp\/v2\/media?parent=202193"}],"wp:term":[{"taxonomy":"product_brand","embeddable":true,"href":"https:\/\/najnaj.eu\/fr\/wp-json\/wp\/v2\/product_brand?post=202193"},{"taxonomy":"product_cat","embeddable":true,"href":"https:\/\/najnaj.eu\/fr\/wp-json\/wp\/v2\/product_cat?post=202193"},{"taxonomy":"product_tag","embeddable":true,"href":"https:\/\/najnaj.eu\/fr\/wp-json\/wp\/v2\/product_tag?post=202193"}],"curies":[{"name":"wp","href":"https:\/\/api.w.org\/{rel}","templated":true}]}}