{"id":201781,"date":"2024-04-09T10:27:37","date_gmt":"2024-04-09T08:27:37","guid":{"rendered":"https:\/\/najnaj.eu\/?post_type=product&#038;p=201781"},"modified":"2026-02-04T10:21:57","modified_gmt":"2026-02-04T09:21:57","slug":"igracke-za-pijesak-set-5-kom-water-friends-pink","status":"publish","type":"product","link":"https:\/\/najnaj.eu\/fr\/proizvod\/igracke-za-pijesak-set-5-kom-water-friends-pink\/","title":{"rendered":"L\u00e4ssig Igra\u010dke za pijesak Set 5 kom Water Friends pink"},"content":{"rendered":"<p>Vrijeme za igru \u200b\u200bu pijesku! Uz vi\u0161enamjenski, 5-dijelni set za igru \u200b\u200bu pijesku iz L\u00c4SSIG-a, djeca mogu dati na volju svojoj kreativnosti u pje\u0161\u010daniku, na pla\u017ei i na igrali\u0161tu.<\/p>\n<p>Komponente \u2013 dva kalupa za pijesak, sito, vi\u0161enamjenska lopata i kanta \u2013 nude mnogo mogu\u0107nosti za izgradnju sjajnih dvoraca od pijeska i drugih 3D struktura.<\/p>\n<p>Uz oblike morskog konjica, raka ili kornja\u010de, djeca mogu uroniti u \u0161areni podvodni svijet.<\/p>\n","protected":false},"excerpt":{"rendered":"<p>S ovim 5-dijelnim setom za igru \u200b\u200bu pijesku iz L\u00c4SSIG-a, djeca mogu dati na volju svojoj kreativnosti u pje\u0161\u010daniku, na pla\u017ei i na igrali\u0161tu. Set igra\u010daka za pijesak ne sadr\u017ei BPA, izra\u0111en je od izdr\u017eljivog materijala i zadr\u017eava svoj oblik.<\/p>\n","protected":false},"featured_media":201807,"comment_status":"open","ping_status":"closed","template":"","meta":{"_acf_changed":false,"footnotes":""},"product_brand":[],"product_cat":[662],"product_tag":[2272,2203],"class_list":{"0":"post-201781","1":"product","2":"type-product","3":"status-publish","4":"has-post-thumbnail","6":"product_cat-stvari-za-djecu","7":"product_tag-ljeto","8":"product_tag-sf","9":"pa_boja-roza","10":"pa_brand-lassig","12":"first","13":"outofstock","14":"sale","15":"shipping-taxable","16":"purchasable","17":"product-type-simple"},"bundled_by":[],"bundle_stock_status":"outofstock","bundle_stock_quantity":0,"bundle_virtual":false,"bundle_layout":"","bundle_add_to_cart_form_location":"","bundle_editable_in_cart":false,"bundle_sold_individually_context":"","bundle_item_grouping":"","bundle_min_size":"","bundle_max_size":"","bundle_price":[],"bundled_items":[],"bundle_sell_ids":[],"acf":[],"yoast_head":"<!-- This site is optimized with the Yoast SEO Premium plugin v21.5 (Yoast SEO v27.4) - https:\/\/yoast.com\/product\/yoast-seo-premium-wordpress\/ -->\n<title>L\u00e4ssig Igra\u010dke za pijesak Set 5 kom Water Friends pink - NajNaj.eu<\/title>\n<meta name=\"robots\" content=\"index, follow, max-snippet:-1, max-image-preview:large, max-video-preview:-1\" \/>\n<link rel=\"canonical\" href=\"https:\/\/najnaj.eu\/fr\/proizvod\/igracke-za-pijesak-set-5-kom-water-friends-pink\/\" \/>\n<meta property=\"og:locale\" content=\"fr_FR\" \/>\n<meta property=\"og:type\" content=\"article\" \/>\n<meta property=\"og:title\" content=\"L\u00e4ssig Igra\u010dke za pijesak Set 5 kom Water Friends pink\" \/>\n<meta property=\"og:description\" content=\"S ovim 5-dijelnim setom za igru \u200b\u200bu pijesku iz L\u00c4SSIG-a, djeca mogu dati na volju svojoj kreativnosti u pje\u0161\u010daniku, na pla\u017ei i na igrali\u0161tu. Set igra\u010daka za pijesak ne sadr\u017ei BPA, izra\u0111en je od izdr\u017eljivog materijala i zadr\u017eava svoj oblik.\" \/>\n<meta property=\"og:url\" content=\"https:\/\/najnaj.eu\/fr\/proizvod\/igracke-za-pijesak-set-5-kom-water-friends-pink\/\" \/>\n<meta property=\"og:site_name\" content=\"NajNaj.eu\" \/>\n<meta property=\"article:publisher\" content=\"https:\/\/web.facebook.com\/najnaj.eu\/\" \/>\n<meta property=\"article:modified_time\" content=\"2026-02-04T09:21:57+00:00\" \/>\n<meta property=\"og:image\" content=\"https:\/\/najnaj.eu\/wp-content\/uploads\/2024\/04\/KID_F22_1313027700_P_1.jpg\" \/>\n\t<meta property=\"og:image:width\" content=\"2000\" \/>\n\t<meta property=\"og:image:height\" content=\"2000\" \/>\n\t<meta property=\"og:image:type\" content=\"image\/jpeg\" \/>\n<meta name=\"twitter:card\" content=\"summary_large_image\" \/>\n<meta name=\"twitter:label1\" content=\"Prix\" \/>\n\t<meta name=\"twitter:data1\" content=\"14,95&nbsp;&euro;\" \/>\n\t<meta name=\"twitter:label2\" content=\"Disponibilit\u00e9\" \/>\n\t<meta name=\"twitter:data2\" content=\"Rupture de stock\" \/>\n<script type=\"application\/ld+json\" class=\"yoast-schema-graph\">{\"@context\":\"https:\\\/\\\/schema.org\",\"@graph\":[{\"@type\":\"WebPage\",\"@id\":\"https:\\\/\\\/najnaj.eu\\\/fr\\\/proizvod\\\/igracke-za-pijesak-set-5-kom-water-friends-pink\\\/\",\"url\":\"https:\\\/\\\/najnaj.eu\\\/fr\\\/proizvod\\\/igracke-za-pijesak-set-5-kom-water-friends-pink\\\/\",\"name\":\"L\u00e4ssig Igra\u010dke za pijesak Set 5 kom Water Friends pink - NajNaj.eu\",\"isPartOf\":{\"@id\":\"https:\\\/\\\/najnaj.eu\\\/fr\\\/#website\"},\"primaryImageOfPage\":{\"@id\":\"https:\\\/\\\/najnaj.eu\\\/fr\\\/proizvod\\\/igracke-za-pijesak-set-5-kom-water-friends-pink\\\/#primaryimage\"},\"image\":{\"@id\":\"https:\\\/\\\/najnaj.eu\\\/fr\\\/proizvod\\\/igracke-za-pijesak-set-5-kom-water-friends-pink\\\/#primaryimage\"},\"thumbnailUrl\":\"https:\\\/\\\/najnaj.eu\\\/wp-content\\\/uploads\\\/2024\\\/04\\\/KID_F22_1313027700_P_1.jpg\",\"datePublished\":\"2024-04-09T08:27:37+00:00\",\"dateModified\":\"2026-02-04T09:21:57+00:00\",\"breadcrumb\":{\"@id\":\"https:\\\/\\\/najnaj.eu\\\/fr\\\/proizvod\\\/igracke-za-pijesak-set-5-kom-water-friends-pink\\\/#breadcrumb\"},\"inLanguage\":\"fr-FR\",\"potentialAction\":[{\"@type\":\"ReadAction\",\"target\":[\"https:\\\/\\\/najnaj.eu\\\/fr\\\/proizvod\\\/igracke-za-pijesak-set-5-kom-water-friends-pink\\\/\"]}]},{\"@type\":\"ImageObject\",\"inLanguage\":\"fr-FR\",\"@id\":\"https:\\\/\\\/najnaj.eu\\\/fr\\\/proizvod\\\/igracke-za-pijesak-set-5-kom-water-friends-pink\\\/#primaryimage\",\"url\":\"https:\\\/\\\/najnaj.eu\\\/wp-content\\\/uploads\\\/2024\\\/04\\\/KID_F22_1313027700_P_1.jpg\",\"contentUrl\":\"https:\\\/\\\/najnaj.eu\\\/wp-content\\\/uploads\\\/2024\\\/04\\\/KID_F22_1313027700_P_1.jpg\",\"width\":2000,\"height\":2000},{\"@type\":\"BreadcrumbList\",\"@id\":\"https:\\\/\\\/najnaj.eu\\\/fr\\\/proizvod\\\/igracke-za-pijesak-set-5-kom-water-friends-pink\\\/#breadcrumb\",\"itemListElement\":[{\"@type\":\"ListItem\",\"position\":1,\"name\":\"Po\u010detna stranica\",\"item\":\"https:\\\/\\\/najnaj.eu\\\/fr\\\/\"},{\"@type\":\"ListItem\",\"position\":2,\"name\":\"Trgovina\",\"item\":\"https:\\\/\\\/najnaj.hr\\\/trgovina\\\/\"},{\"@type\":\"ListItem\",\"position\":3,\"name\":\"L\u00e4ssig Igra\u010dke za pijesak Set 5 kom Water Friends pink\"}]},{\"@type\":\"WebSite\",\"@id\":\"https:\\\/\\\/najnaj.eu\\\/fr\\\/#website\",\"url\":\"https:\\\/\\\/najnaj.eu\\\/fr\\\/\",\"name\":\"NajNaj.eu\",\"description\":\"Za najva\u017enije!\",\"potentialAction\":[{\"@type\":\"SearchAction\",\"target\":{\"@type\":\"EntryPoint\",\"urlTemplate\":\"https:\\\/\\\/najnaj.eu\\\/fr\\\/?s={search_term_string}\"},\"query-input\":{\"@type\":\"PropertyValueSpecification\",\"valueRequired\":true,\"valueName\":\"search_term_string\"}}],\"inLanguage\":\"fr-FR\"}]}<\/script>\n<meta property=\"product:brand\" content=\"L\u00e4ssig\" \/>\n<meta property=\"product:price:amount\" content=\"14.95\" \/>\n<meta property=\"product:price:currency\" content=\"EUR\" \/>\n<meta property=\"og:availability\" content=\"out of stock\" \/>\n<meta property=\"product:availability\" content=\"out of stock\" \/>\n<meta property=\"product:retailer_item_id\" content=\"1313027700\" \/>\n<meta property=\"product:condition\" content=\"new\" \/>\n<!-- \/ Yoast SEO Premium plugin. -->","yoast_head_json":{"title":"L\u00e4ssig Igra\u010dke za pijesak Set 5 kom Water Friends pink - NajNaj.eu","robots":{"index":"index","follow":"follow","max-snippet":"max-snippet:-1","max-image-preview":"max-image-preview:large","max-video-preview":"max-video-preview:-1"},"canonical":"https:\/\/najnaj.eu\/fr\/proizvod\/igracke-za-pijesak-set-5-kom-water-friends-pink\/","og_locale":"fr_FR","og_type":"article","og_title":"L\u00e4ssig Igra\u010dke za pijesak Set 5 kom Water Friends pink","og_description":"S ovim 5-dijelnim setom za igru \u200b\u200bu pijesku iz L\u00c4SSIG-a, djeca mogu dati na volju svojoj kreativnosti u pje\u0161\u010daniku, na pla\u017ei i na igrali\u0161tu. Set igra\u010daka za pijesak ne sadr\u017ei BPA, izra\u0111en je od izdr\u017eljivog materijala i zadr\u017eava svoj oblik.","og_url":"https:\/\/najnaj.eu\/fr\/proizvod\/igracke-za-pijesak-set-5-kom-water-friends-pink\/","og_site_name":"NajNaj.eu","article_publisher":"https:\/\/web.facebook.com\/najnaj.eu\/","article_modified_time":"2026-02-04T09:21:57+00:00","og_image":[{"width":2000,"height":2000,"url":"https:\/\/najnaj.eu\/wp-content\/uploads\/2024\/04\/KID_F22_1313027700_P_1.jpg","type":"image\/jpeg"}],"twitter_card":"summary_large_image","twitter_misc":{"Prix":"14,95&nbsp;&euro;","Disponibilit\u00e9":"Rupture de stock"},"schema":{"@context":"https:\/\/schema.org","@graph":[{"@type":"WebPage","@id":"https:\/\/najnaj.eu\/fr\/proizvod\/igracke-za-pijesak-set-5-kom-water-friends-pink\/","url":"https:\/\/najnaj.eu\/fr\/proizvod\/igracke-za-pijesak-set-5-kom-water-friends-pink\/","name":"L\u00e4ssig Igra\u010dke za pijesak Set 5 kom Water Friends pink - NajNaj.eu","isPartOf":{"@id":"https:\/\/najnaj.eu\/fr\/#website"},"primaryImageOfPage":{"@id":"https:\/\/najnaj.eu\/fr\/proizvod\/igracke-za-pijesak-set-5-kom-water-friends-pink\/#primaryimage"},"image":{"@id":"https:\/\/najnaj.eu\/fr\/proizvod\/igracke-za-pijesak-set-5-kom-water-friends-pink\/#primaryimage"},"thumbnailUrl":"https:\/\/najnaj.eu\/wp-content\/uploads\/2024\/04\/KID_F22_1313027700_P_1.jpg","datePublished":"2024-04-09T08:27:37+00:00","dateModified":"2026-02-04T09:21:57+00:00","breadcrumb":{"@id":"https:\/\/najnaj.eu\/fr\/proizvod\/igracke-za-pijesak-set-5-kom-water-friends-pink\/#breadcrumb"},"inLanguage":"fr-FR","potentialAction":[{"@type":"ReadAction","target":["https:\/\/najnaj.eu\/fr\/proizvod\/igracke-za-pijesak-set-5-kom-water-friends-pink\/"]}]},{"@type":"ImageObject","inLanguage":"fr-FR","@id":"https:\/\/najnaj.eu\/fr\/proizvod\/igracke-za-pijesak-set-5-kom-water-friends-pink\/#primaryimage","url":"https:\/\/najnaj.eu\/wp-content\/uploads\/2024\/04\/KID_F22_1313027700_P_1.jpg","contentUrl":"https:\/\/najnaj.eu\/wp-content\/uploads\/2024\/04\/KID_F22_1313027700_P_1.jpg","width":2000,"height":2000},{"@type":"BreadcrumbList","@id":"https:\/\/najnaj.eu\/fr\/proizvod\/igracke-za-pijesak-set-5-kom-water-friends-pink\/#breadcrumb","itemListElement":[{"@type":"ListItem","position":1,"name":"Po\u010detna stranica","item":"https:\/\/najnaj.eu\/fr\/"},{"@type":"ListItem","position":2,"name":"Trgovina","item":"https:\/\/najnaj.hr\/trgovina\/"},{"@type":"ListItem","position":3,"name":"L\u00e4ssig Igra\u010dke za pijesak Set 5 kom Water Friends pink"}]},{"@type":"WebSite","@id":"https:\/\/najnaj.eu\/fr\/#website","url":"https:\/\/najnaj.eu\/fr\/","name":"NajNaj.eu","description":"Za najva\u017enije!","potentialAction":[{"@type":"SearchAction","target":{"@type":"EntryPoint","urlTemplate":"https:\/\/najnaj.eu\/fr\/?s={search_term_string}"},"query-input":{"@type":"PropertyValueSpecification","valueRequired":true,"valueName":"search_term_string"}}],"inLanguage":"fr-FR"}]},"product_brand":"L\u00e4ssig","product_price_amount":"14.95","product_price_currency":"EUR","og_availability":"out of stock","product_availability":"out of stock","product_retailer_item_id":"1313027700","product_condition":"new"},"_links":{"self":[{"href":"https:\/\/najnaj.eu\/fr\/wp-json\/wp\/v2\/product\/201781","targetHints":{"allow":["GET"]}}],"collection":[{"href":"https:\/\/najnaj.eu\/fr\/wp-json\/wp\/v2\/product"}],"about":[{"href":"https:\/\/najnaj.eu\/fr\/wp-json\/wp\/v2\/types\/product"}],"replies":[{"embeddable":true,"href":"https:\/\/najnaj.eu\/fr\/wp-json\/wp\/v2\/comments?post=201781"}],"version-history":[{"count":0,"href":"https:\/\/najnaj.eu\/fr\/wp-json\/wp\/v2\/product\/201781\/revisions"}],"wp:featuredmedia":[{"embeddable":true,"href":"https:\/\/najnaj.eu\/fr\/wp-json\/wp\/v2\/media\/201807"}],"wp:attachment":[{"href":"https:\/\/najnaj.eu\/fr\/wp-json\/wp\/v2\/media?parent=201781"}],"wp:term":[{"taxonomy":"product_brand","embeddable":true,"href":"https:\/\/najnaj.eu\/fr\/wp-json\/wp\/v2\/product_brand?post=201781"},{"taxonomy":"product_cat","embeddable":true,"href":"https:\/\/najnaj.eu\/fr\/wp-json\/wp\/v2\/product_cat?post=201781"},{"taxonomy":"product_tag","embeddable":true,"href":"https:\/\/najnaj.eu\/fr\/wp-json\/wp\/v2\/product_tag?post=201781"}],"curies":[{"name":"wp","href":"https:\/\/api.w.org\/{rel}","templated":true}]}}