{"id":201512,"date":"2024-04-08T15:09:00","date_gmt":"2024-04-08T13:09:00","guid":{"rendered":"https:\/\/najnaj.eu\/?post_type=product&#038;p=201512"},"modified":"2026-02-04T10:23:36","modified_gmt":"2026-02-04T09:23:36","slug":"kenguru-gold-kapica-za-novorodence-hazelnut","status":"publish","type":"product","link":"https:\/\/najnaj.eu\/fr\/proizvod\/kenguru-gold-kapica-za-novorodence-hazelnut\/","title":{"rendered":"Kenguru Gold Kapica za novoro\u0111en\u010de \u00ab\u00a0hazelnut\u00a0\u00bb"},"content":{"rendered":"<p>Koncept \u00ab\u00a0capsule\u00a0\u00bb garderobe za smanjenje nepotrebnih stvari u va\u0161em ormaru<br \/>\nInovativnim dizajnom omogu\u0107eno je no\u0161enje kroz vi\u0161e veli\u010dina, \u010dime se produ\u017euje vrijeme kori\u0161tenja proizvoda<br \/>\nGOTS \u201eorganic\u201d certificirani proizvod, od uzgoja organskog pamuka do proizvodnje finalnog proizvoda. Svi radni procesi su revidirani i certificirani od strane me\u0111unarodnog neovisnog certifikacijskog tijela kako bismo za\u0161titili na\u0161 odr\u017eivi okoli\u0161.<\/p>\n<p>Stil: dvoslojna dje\u010dja kapa, izra\u0111ena od lagane tkanine od organskog pamuka s izvrsnim svojstvima upijanja vlage i brzog su\u0161enja<\/p>\n","protected":false},"excerpt":{"rendered":"<ul>\n<li>Mekana na dodir<\/li>\n<li>Dobro upijanje vode<\/li>\n<li>Izra\u0111en od fleksibilnog materijala \u2013 prilago\u0111ava se razli\u010ditim veli\u010dinama glave<\/li>\n<\/ul>\n","protected":false},"featured_media":201513,"comment_status":"open","ping_status":"closed","template":"","meta":{"_acf_changed":false,"footnotes":""},"product_brand":[],"product_cat":[1603,1597,615],"product_tag":[],"class_list":{"0":"post-201512","1":"product","2":"type-product","3":"status-publish","4":"has-post-thumbnail","6":"product_cat-dodaci_odjeca","7":"product_cat-odjeca","8":"product_cat-odjeca_i_obuca","9":"pa_boja-bez","10":"pa_brand-kenguru-gold","12":"first","13":"instock","14":"shipping-taxable","15":"purchasable","16":"product-type-simple"},"bundled_by":[],"bundle_stock_status":"instock","bundle_stock_quantity":11,"bundle_virtual":false,"bundle_layout":"","bundle_add_to_cart_form_location":"","bundle_editable_in_cart":false,"bundle_sold_individually_context":"","bundle_item_grouping":"","bundle_min_size":"","bundle_max_size":"","bundle_price":[],"bundled_items":[],"bundle_sell_ids":[],"acf":[],"yoast_head":"<!-- This site is optimized with the Yoast SEO Premium plugin v21.5 (Yoast SEO v27.4) - https:\/\/yoast.com\/product\/yoast-seo-premium-wordpress\/ -->\n<title>Kenguru Gold Kapica za novoro\u0111en\u010de &quot;hazelnut&quot; - NajNaj.eu<\/title>\n<meta name=\"robots\" content=\"index, follow, max-snippet:-1, max-image-preview:large, max-video-preview:-1\" \/>\n<link rel=\"canonical\" href=\"https:\/\/najnaj.eu\/fr\/proizvod\/kenguru-gold-kapica-za-novorodence-hazelnut\/\" \/>\n<meta property=\"og:locale\" content=\"fr_FR\" \/>\n<meta property=\"og:type\" content=\"article\" \/>\n<meta property=\"og:title\" content=\"Kenguru Gold Kapica za novoro\u0111en\u010de &quot;hazelnut&quot;\" \/>\n<meta property=\"og:description\" content=\"Mekana na dodir  Dobro upijanje vode  Izra\u0111en od fleksibilnog materijala \u2013 prilago\u0111ava se razli\u010ditim veli\u010dinama glave\" \/>\n<meta property=\"og:url\" content=\"https:\/\/najnaj.eu\/fr\/proizvod\/kenguru-gold-kapica-za-novorodence-hazelnut\/\" \/>\n<meta property=\"og:site_name\" content=\"NajNaj.eu\" \/>\n<meta property=\"article:publisher\" content=\"https:\/\/web.facebook.com\/najnaj.eu\/\" \/>\n<meta property=\"article:modified_time\" content=\"2026-02-04T09:23:36+00:00\" \/>\n<meta property=\"og:image\" content=\"https:\/\/najnaj.eu\/wp-content\/uploads\/2024\/04\/KG1303_main.jpg\" \/>\n\t<meta property=\"og:image:width\" content=\"2000\" \/>\n\t<meta property=\"og:image:height\" content=\"2000\" \/>\n\t<meta property=\"og:image:type\" content=\"image\/jpeg\" \/>\n<meta name=\"twitter:card\" content=\"summary_large_image\" \/>\n<meta name=\"twitter:label1\" content=\"Prix\" \/>\n\t<meta name=\"twitter:data1\" content=\"10,95&nbsp;&euro;\" \/>\n\t<meta name=\"twitter:label2\" content=\"Disponibilit\u00e9\" \/>\n\t<meta name=\"twitter:data2\" content=\"En stock\" \/>\n<script type=\"application\/ld+json\" class=\"yoast-schema-graph\">{\"@context\":\"https:\\\/\\\/schema.org\",\"@graph\":[{\"@type\":\"WebPage\",\"@id\":\"https:\\\/\\\/najnaj.eu\\\/fr\\\/proizvod\\\/kenguru-gold-kapica-za-novorodence-hazelnut\\\/\",\"url\":\"https:\\\/\\\/najnaj.eu\\\/fr\\\/proizvod\\\/kenguru-gold-kapica-za-novorodence-hazelnut\\\/\",\"name\":\"Kenguru Gold Kapica za novoro\u0111en\u010de \\\"hazelnut\\\" - NajNaj.eu\",\"isPartOf\":{\"@id\":\"https:\\\/\\\/najnaj.eu\\\/fr\\\/#website\"},\"primaryImageOfPage\":{\"@id\":\"https:\\\/\\\/najnaj.eu\\\/fr\\\/proizvod\\\/kenguru-gold-kapica-za-novorodence-hazelnut\\\/#primaryimage\"},\"image\":{\"@id\":\"https:\\\/\\\/najnaj.eu\\\/fr\\\/proizvod\\\/kenguru-gold-kapica-za-novorodence-hazelnut\\\/#primaryimage\"},\"thumbnailUrl\":\"https:\\\/\\\/najnaj.eu\\\/wp-content\\\/uploads\\\/2024\\\/04\\\/KG1303_main.jpg\",\"datePublished\":\"2024-04-08T13:09:00+00:00\",\"dateModified\":\"2026-02-04T09:23:36+00:00\",\"breadcrumb\":{\"@id\":\"https:\\\/\\\/najnaj.eu\\\/fr\\\/proizvod\\\/kenguru-gold-kapica-za-novorodence-hazelnut\\\/#breadcrumb\"},\"inLanguage\":\"fr-FR\",\"potentialAction\":[{\"@type\":\"ReadAction\",\"target\":[\"https:\\\/\\\/najnaj.eu\\\/fr\\\/proizvod\\\/kenguru-gold-kapica-za-novorodence-hazelnut\\\/\"]}]},{\"@type\":\"ImageObject\",\"inLanguage\":\"fr-FR\",\"@id\":\"https:\\\/\\\/najnaj.eu\\\/fr\\\/proizvod\\\/kenguru-gold-kapica-za-novorodence-hazelnut\\\/#primaryimage\",\"url\":\"https:\\\/\\\/najnaj.eu\\\/wp-content\\\/uploads\\\/2024\\\/04\\\/KG1303_main.jpg\",\"contentUrl\":\"https:\\\/\\\/najnaj.eu\\\/wp-content\\\/uploads\\\/2024\\\/04\\\/KG1303_main.jpg\",\"width\":2000,\"height\":2000,\"caption\":\"Stacked from 2 images. Method=C (S=4)\"},{\"@type\":\"BreadcrumbList\",\"@id\":\"https:\\\/\\\/najnaj.eu\\\/fr\\\/proizvod\\\/kenguru-gold-kapica-za-novorodence-hazelnut\\\/#breadcrumb\",\"itemListElement\":[{\"@type\":\"ListItem\",\"position\":1,\"name\":\"Po\u010detna stranica\",\"item\":\"https:\\\/\\\/najnaj.eu\\\/fr\\\/\"},{\"@type\":\"ListItem\",\"position\":2,\"name\":\"Trgovina\",\"item\":\"https:\\\/\\\/najnaj.hr\\\/trgovina\\\/\"},{\"@type\":\"ListItem\",\"position\":3,\"name\":\"Kenguru Gold Kapica za novoro\u0111en\u010de &#8220;hazelnut&#8221;\"}]},{\"@type\":\"WebSite\",\"@id\":\"https:\\\/\\\/najnaj.eu\\\/fr\\\/#website\",\"url\":\"https:\\\/\\\/najnaj.eu\\\/fr\\\/\",\"name\":\"NajNaj.eu\",\"description\":\"Za najva\u017enije!\",\"potentialAction\":[{\"@type\":\"SearchAction\",\"target\":{\"@type\":\"EntryPoint\",\"urlTemplate\":\"https:\\\/\\\/najnaj.eu\\\/fr\\\/?s={search_term_string}\"},\"query-input\":{\"@type\":\"PropertyValueSpecification\",\"valueRequired\":true,\"valueName\":\"search_term_string\"}}],\"inLanguage\":\"fr-FR\"}]}<\/script>\n<meta property=\"product:brand\" content=\"Kenguru Gold\" \/>\n<meta property=\"product:price:amount\" content=\"10.95\" \/>\n<meta property=\"product:price:currency\" content=\"EUR\" \/>\n<meta property=\"og:availability\" content=\"instock\" \/>\n<meta property=\"product:availability\" content=\"instock\" \/>\n<meta property=\"product:retailer_item_id\" content=\"KG1303\" \/>\n<meta property=\"product:condition\" content=\"new\" \/>\n<!-- \/ Yoast SEO Premium plugin. -->","yoast_head_json":{"title":"Kenguru Gold Kapica za novoro\u0111en\u010de \"hazelnut\" - NajNaj.eu","robots":{"index":"index","follow":"follow","max-snippet":"max-snippet:-1","max-image-preview":"max-image-preview:large","max-video-preview":"max-video-preview:-1"},"canonical":"https:\/\/najnaj.eu\/fr\/proizvod\/kenguru-gold-kapica-za-novorodence-hazelnut\/","og_locale":"fr_FR","og_type":"article","og_title":"Kenguru Gold Kapica za novoro\u0111en\u010de \"hazelnut\"","og_description":"Mekana na dodir  Dobro upijanje vode  Izra\u0111en od fleksibilnog materijala \u2013 prilago\u0111ava se razli\u010ditim veli\u010dinama glave","og_url":"https:\/\/najnaj.eu\/fr\/proizvod\/kenguru-gold-kapica-za-novorodence-hazelnut\/","og_site_name":"NajNaj.eu","article_publisher":"https:\/\/web.facebook.com\/najnaj.eu\/","article_modified_time":"2026-02-04T09:23:36+00:00","og_image":[{"width":2000,"height":2000,"url":"https:\/\/najnaj.eu\/wp-content\/uploads\/2024\/04\/KG1303_main.jpg","type":"image\/jpeg"}],"twitter_card":"summary_large_image","twitter_misc":{"Prix":"10,95&nbsp;&euro;","Disponibilit\u00e9":"En stock"},"schema":{"@context":"https:\/\/schema.org","@graph":[{"@type":"WebPage","@id":"https:\/\/najnaj.eu\/fr\/proizvod\/kenguru-gold-kapica-za-novorodence-hazelnut\/","url":"https:\/\/najnaj.eu\/fr\/proizvod\/kenguru-gold-kapica-za-novorodence-hazelnut\/","name":"Kenguru Gold Kapica za novoro\u0111en\u010de \"hazelnut\" - NajNaj.eu","isPartOf":{"@id":"https:\/\/najnaj.eu\/fr\/#website"},"primaryImageOfPage":{"@id":"https:\/\/najnaj.eu\/fr\/proizvod\/kenguru-gold-kapica-za-novorodence-hazelnut\/#primaryimage"},"image":{"@id":"https:\/\/najnaj.eu\/fr\/proizvod\/kenguru-gold-kapica-za-novorodence-hazelnut\/#primaryimage"},"thumbnailUrl":"https:\/\/najnaj.eu\/wp-content\/uploads\/2024\/04\/KG1303_main.jpg","datePublished":"2024-04-08T13:09:00+00:00","dateModified":"2026-02-04T09:23:36+00:00","breadcrumb":{"@id":"https:\/\/najnaj.eu\/fr\/proizvod\/kenguru-gold-kapica-za-novorodence-hazelnut\/#breadcrumb"},"inLanguage":"fr-FR","potentialAction":[{"@type":"ReadAction","target":["https:\/\/najnaj.eu\/fr\/proizvod\/kenguru-gold-kapica-za-novorodence-hazelnut\/"]}]},{"@type":"ImageObject","inLanguage":"fr-FR","@id":"https:\/\/najnaj.eu\/fr\/proizvod\/kenguru-gold-kapica-za-novorodence-hazelnut\/#primaryimage","url":"https:\/\/najnaj.eu\/wp-content\/uploads\/2024\/04\/KG1303_main.jpg","contentUrl":"https:\/\/najnaj.eu\/wp-content\/uploads\/2024\/04\/KG1303_main.jpg","width":2000,"height":2000,"caption":"Stacked from 2 images. Method=C (S=4)"},{"@type":"BreadcrumbList","@id":"https:\/\/najnaj.eu\/fr\/proizvod\/kenguru-gold-kapica-za-novorodence-hazelnut\/#breadcrumb","itemListElement":[{"@type":"ListItem","position":1,"name":"Po\u010detna stranica","item":"https:\/\/najnaj.eu\/fr\/"},{"@type":"ListItem","position":2,"name":"Trgovina","item":"https:\/\/najnaj.hr\/trgovina\/"},{"@type":"ListItem","position":3,"name":"Kenguru Gold Kapica za novoro\u0111en\u010de &#8220;hazelnut&#8221;"}]},{"@type":"WebSite","@id":"https:\/\/najnaj.eu\/fr\/#website","url":"https:\/\/najnaj.eu\/fr\/","name":"NajNaj.eu","description":"Za najva\u017enije!","potentialAction":[{"@type":"SearchAction","target":{"@type":"EntryPoint","urlTemplate":"https:\/\/najnaj.eu\/fr\/?s={search_term_string}"},"query-input":{"@type":"PropertyValueSpecification","valueRequired":true,"valueName":"search_term_string"}}],"inLanguage":"fr-FR"}]},"product_brand":"Kenguru Gold","product_price_amount":"10.95","product_price_currency":"EUR","og_availability":"instock","product_availability":"instock","product_retailer_item_id":"KG1303","product_condition":"new"},"_links":{"self":[{"href":"https:\/\/najnaj.eu\/fr\/wp-json\/wp\/v2\/product\/201512","targetHints":{"allow":["GET"]}}],"collection":[{"href":"https:\/\/najnaj.eu\/fr\/wp-json\/wp\/v2\/product"}],"about":[{"href":"https:\/\/najnaj.eu\/fr\/wp-json\/wp\/v2\/types\/product"}],"replies":[{"embeddable":true,"href":"https:\/\/najnaj.eu\/fr\/wp-json\/wp\/v2\/comments?post=201512"}],"version-history":[{"count":0,"href":"https:\/\/najnaj.eu\/fr\/wp-json\/wp\/v2\/product\/201512\/revisions"}],"wp:featuredmedia":[{"embeddable":true,"href":"https:\/\/najnaj.eu\/fr\/wp-json\/wp\/v2\/media\/201513"}],"wp:attachment":[{"href":"https:\/\/najnaj.eu\/fr\/wp-json\/wp\/v2\/media?parent=201512"}],"wp:term":[{"taxonomy":"product_brand","embeddable":true,"href":"https:\/\/najnaj.eu\/fr\/wp-json\/wp\/v2\/product_brand?post=201512"},{"taxonomy":"product_cat","embeddable":true,"href":"https:\/\/najnaj.eu\/fr\/wp-json\/wp\/v2\/product_cat?post=201512"},{"taxonomy":"product_tag","embeddable":true,"href":"https:\/\/najnaj.eu\/fr\/wp-json\/wp\/v2\/product_tag?post=201512"}],"curies":[{"name":"wp","href":"https:\/\/api.w.org\/{rel}","templated":true}]}}