{"id":201484,"date":"2024-04-08T14:55:19","date_gmt":"2024-04-08T12:55:19","guid":{"rendered":"https:\/\/najnaj.eu\/?post_type=product&#038;p=201484"},"modified":"2026-04-14T10:02:45","modified_gmt":"2026-04-14T08:02:45","slug":"kenguru-gold-hlacice-za-bebe-hazelnut","status":"publish","type":"product","link":"https:\/\/najnaj.eu\/fr\/proizvod\/kenguru-gold-hlacice-za-bebe-hazelnut\/","title":{"rendered":"Kenguru Gold Hla\u010dice za bebe \u00ab\u00a0hazelnut\u00a0\u00bb"},"content":{"rendered":"<p>Koncept \u00ab\u00a0capsule\u00a0\u00bb garderobe za smanjenje nepotrebnih stvari u va\u0161em ormaru<br \/>\nInovativnim dizajnom omogu\u0107eno je no\u0161enje kroz vi\u0161e veli\u010dina, \u010dime se produ\u017euje vrijeme kori\u0161tenja proizvoda<br \/>\nGOTS \u201eorganic\u201d certificirani proizvod, od uzgoja organskog pamuka do proizvodnje finalnog proizvoda. Svi radni procesi su revidirani i certificirani od strane me\u0111unarodnog neovisnog certifikacijskog tijela kako bismo za\u0161titili na\u0161 odr\u017eivi okoli\u0161.<\/p>\n<p>Izvrsna propusnost pare za pomo\u0107 pri isparavanju i time regulaciji tjelesne temperature.<\/p>\n<p>Stil: na preklop, dvostruko podesivi pojas<br \/>\nPrakti\u010dne zatvorene nogavice<\/p>\n","protected":false},"excerpt":{"rendered":"<ul>\n<li>2 veli\u010dine u jednom proizvodu, sa zatvorenim nogavicama<\/li>\n<li>Meka na dodir, izvrsno upija vlagu i brzo se su\u0161i, lagana pamu\u010dna tkanina koja odr\u017eava ko\u017eu suhom bez znojenja<\/li>\n<\/ul>\n","protected":false},"featured_media":201485,"comment_status":"open","ping_status":"closed","template":"","meta":{"_acf_changed":false,"footnotes":""},"product_brand":[],"product_cat":[1602,1597,615],"product_tag":[],"class_list":{"0":"post-201484","1":"product","2":"type-product","3":"status-publish","4":"has-post-thumbnail","6":"product_cat-hlacice","7":"product_cat-odjeca","8":"product_cat-odjeca_i_obuca","9":"pa_boja-bez","10":"pa_brand-kenguru-gold","12":"first","13":"instock","14":"shipping-taxable","15":"purchasable","16":"product-type-variable"},"bundled_by":[],"bundle_stock_status":"instock","bundle_stock_quantity":1,"bundle_virtual":false,"bundle_layout":"","bundle_add_to_cart_form_location":"","bundle_editable_in_cart":false,"bundle_sold_individually_context":"","bundle_item_grouping":"","bundle_min_size":"","bundle_max_size":"","bundle_price":[],"bundled_items":[],"bundle_sell_ids":[],"acf":[],"yoast_head":"<!-- This site is optimized with the Yoast SEO Premium plugin v21.5 (Yoast SEO v27.4) - https:\/\/yoast.com\/product\/yoast-seo-premium-wordpress\/ -->\n<title>Kenguru Gold Hla\u010dice za bebe &quot;hazelnut&quot; - NajNaj.eu<\/title>\n<meta name=\"robots\" content=\"index, follow, max-snippet:-1, max-image-preview:large, max-video-preview:-1\" \/>\n<link rel=\"canonical\" href=\"https:\/\/najnaj.eu\/fr\/proizvod\/kenguru-gold-hlacice-za-bebe-hazelnut\/\" \/>\n<meta property=\"og:locale\" content=\"fr_FR\" \/>\n<meta property=\"og:type\" content=\"article\" \/>\n<meta property=\"og:title\" content=\"Kenguru Gold Hla\u010dice za bebe &quot;hazelnut&quot;\" \/>\n<meta property=\"og:description\" content=\"2 veli\u010dine u jednom proizvodu, sa zatvorenim nogavicama  Meka na dodir, izvrsno upija vlagu i brzo se su\u0161i, lagana pamu\u010dna tkanina koja odr\u017eava ko\u017eu suhom bez znojenja\" \/>\n<meta property=\"og:url\" content=\"https:\/\/najnaj.eu\/fr\/proizvod\/kenguru-gold-hlacice-za-bebe-hazelnut\/\" \/>\n<meta property=\"og:site_name\" content=\"NajNaj.eu\" \/>\n<meta property=\"article:publisher\" content=\"https:\/\/web.facebook.com\/najnaj.eu\/\" \/>\n<meta property=\"article:modified_time\" content=\"2026-04-14T08:02:45+00:00\" \/>\n<meta property=\"og:image\" content=\"https:\/\/najnaj.eu\/wp-content\/uploads\/2024\/04\/KG1142_main.jpg\" \/>\n\t<meta property=\"og:image:width\" content=\"2000\" \/>\n\t<meta property=\"og:image:height\" content=\"2000\" \/>\n\t<meta property=\"og:image:type\" content=\"image\/jpeg\" \/>\n<meta name=\"twitter:card\" content=\"summary_large_image\" \/>\n<meta name=\"twitter:label1\" content=\"Disponibilit\u00e9\" \/>\n\t<meta name=\"twitter:data1\" content=\"En stock\" \/>\n<script type=\"application\/ld+json\" class=\"yoast-schema-graph\">{\"@context\":\"https:\\\/\\\/schema.org\",\"@graph\":[{\"@type\":\"WebPage\",\"@id\":\"https:\\\/\\\/najnaj.eu\\\/fr\\\/proizvod\\\/kenguru-gold-hlacice-za-bebe-hazelnut\\\/\",\"url\":\"https:\\\/\\\/najnaj.eu\\\/fr\\\/proizvod\\\/kenguru-gold-hlacice-za-bebe-hazelnut\\\/\",\"name\":\"Kenguru Gold Hla\u010dice za bebe \\\"hazelnut\\\" - NajNaj.eu\",\"isPartOf\":{\"@id\":\"https:\\\/\\\/najnaj.eu\\\/fr\\\/#website\"},\"primaryImageOfPage\":{\"@id\":\"https:\\\/\\\/najnaj.eu\\\/fr\\\/proizvod\\\/kenguru-gold-hlacice-za-bebe-hazelnut\\\/#primaryimage\"},\"image\":{\"@id\":\"https:\\\/\\\/najnaj.eu\\\/fr\\\/proizvod\\\/kenguru-gold-hlacice-za-bebe-hazelnut\\\/#primaryimage\"},\"thumbnailUrl\":\"https:\\\/\\\/najnaj.eu\\\/wp-content\\\/uploads\\\/2024\\\/04\\\/KG1142_main.jpg\",\"datePublished\":\"2024-04-08T12:55:19+00:00\",\"dateModified\":\"2026-04-14T08:02:45+00:00\",\"breadcrumb\":{\"@id\":\"https:\\\/\\\/najnaj.eu\\\/fr\\\/proizvod\\\/kenguru-gold-hlacice-za-bebe-hazelnut\\\/#breadcrumb\"},\"inLanguage\":\"fr-FR\",\"potentialAction\":[{\"@type\":\"ReadAction\",\"target\":[\"https:\\\/\\\/najnaj.eu\\\/fr\\\/proizvod\\\/kenguru-gold-hlacice-za-bebe-hazelnut\\\/\"]}]},{\"@type\":\"ImageObject\",\"inLanguage\":\"fr-FR\",\"@id\":\"https:\\\/\\\/najnaj.eu\\\/fr\\\/proizvod\\\/kenguru-gold-hlacice-za-bebe-hazelnut\\\/#primaryimage\",\"url\":\"https:\\\/\\\/najnaj.eu\\\/wp-content\\\/uploads\\\/2024\\\/04\\\/KG1142_main.jpg\",\"contentUrl\":\"https:\\\/\\\/najnaj.eu\\\/wp-content\\\/uploads\\\/2024\\\/04\\\/KG1142_main.jpg\",\"width\":2000,\"height\":2000},{\"@type\":\"BreadcrumbList\",\"@id\":\"https:\\\/\\\/najnaj.eu\\\/fr\\\/proizvod\\\/kenguru-gold-hlacice-za-bebe-hazelnut\\\/#breadcrumb\",\"itemListElement\":[{\"@type\":\"ListItem\",\"position\":1,\"name\":\"Po\u010detna stranica\",\"item\":\"https:\\\/\\\/najnaj.eu\\\/fr\\\/\"},{\"@type\":\"ListItem\",\"position\":2,\"name\":\"Trgovina\",\"item\":\"https:\\\/\\\/najnaj.hr\\\/trgovina\\\/\"},{\"@type\":\"ListItem\",\"position\":3,\"name\":\"Kenguru Gold Hla\u010dice za bebe &#8220;hazelnut&#8221;\"}]},{\"@type\":\"WebSite\",\"@id\":\"https:\\\/\\\/najnaj.eu\\\/fr\\\/#website\",\"url\":\"https:\\\/\\\/najnaj.eu\\\/fr\\\/\",\"name\":\"NajNaj.eu\",\"description\":\"Za najva\u017enije!\",\"potentialAction\":[{\"@type\":\"SearchAction\",\"target\":{\"@type\":\"EntryPoint\",\"urlTemplate\":\"https:\\\/\\\/najnaj.eu\\\/fr\\\/?s={search_term_string}\"},\"query-input\":{\"@type\":\"PropertyValueSpecification\",\"valueRequired\":true,\"valueName\":\"search_term_string\"}}],\"inLanguage\":\"fr-FR\"}]}<\/script>\n<meta property=\"product:brand\" content=\"Kenguru Gold\" \/>\n<meta property=\"og:availability\" content=\"instock\" \/>\n<meta property=\"product:availability\" content=\"instock\" \/>\n<meta property=\"product:retailer_item_id\" content=\"KG1142-N\" \/>\n<meta property=\"product:condition\" content=\"new\" \/>\n<!-- \/ Yoast SEO Premium plugin. -->","yoast_head_json":{"title":"Kenguru Gold Hla\u010dice za bebe \"hazelnut\" - NajNaj.eu","robots":{"index":"index","follow":"follow","max-snippet":"max-snippet:-1","max-image-preview":"max-image-preview:large","max-video-preview":"max-video-preview:-1"},"canonical":"https:\/\/najnaj.eu\/fr\/proizvod\/kenguru-gold-hlacice-za-bebe-hazelnut\/","og_locale":"fr_FR","og_type":"article","og_title":"Kenguru Gold Hla\u010dice za bebe \"hazelnut\"","og_description":"2 veli\u010dine u jednom proizvodu, sa zatvorenim nogavicama  Meka na dodir, izvrsno upija vlagu i brzo se su\u0161i, lagana pamu\u010dna tkanina koja odr\u017eava ko\u017eu suhom bez znojenja","og_url":"https:\/\/najnaj.eu\/fr\/proizvod\/kenguru-gold-hlacice-za-bebe-hazelnut\/","og_site_name":"NajNaj.eu","article_publisher":"https:\/\/web.facebook.com\/najnaj.eu\/","article_modified_time":"2026-04-14T08:02:45+00:00","og_image":[{"width":2000,"height":2000,"url":"https:\/\/najnaj.eu\/wp-content\/uploads\/2024\/04\/KG1142_main.jpg","type":"image\/jpeg"}],"twitter_card":"summary_large_image","twitter_misc":{"Disponibilit\u00e9":"En stock"},"schema":{"@context":"https:\/\/schema.org","@graph":[{"@type":"WebPage","@id":"https:\/\/najnaj.eu\/fr\/proizvod\/kenguru-gold-hlacice-za-bebe-hazelnut\/","url":"https:\/\/najnaj.eu\/fr\/proizvod\/kenguru-gold-hlacice-za-bebe-hazelnut\/","name":"Kenguru Gold Hla\u010dice za bebe \"hazelnut\" - NajNaj.eu","isPartOf":{"@id":"https:\/\/najnaj.eu\/fr\/#website"},"primaryImageOfPage":{"@id":"https:\/\/najnaj.eu\/fr\/proizvod\/kenguru-gold-hlacice-za-bebe-hazelnut\/#primaryimage"},"image":{"@id":"https:\/\/najnaj.eu\/fr\/proizvod\/kenguru-gold-hlacice-za-bebe-hazelnut\/#primaryimage"},"thumbnailUrl":"https:\/\/najnaj.eu\/wp-content\/uploads\/2024\/04\/KG1142_main.jpg","datePublished":"2024-04-08T12:55:19+00:00","dateModified":"2026-04-14T08:02:45+00:00","breadcrumb":{"@id":"https:\/\/najnaj.eu\/fr\/proizvod\/kenguru-gold-hlacice-za-bebe-hazelnut\/#breadcrumb"},"inLanguage":"fr-FR","potentialAction":[{"@type":"ReadAction","target":["https:\/\/najnaj.eu\/fr\/proizvod\/kenguru-gold-hlacice-za-bebe-hazelnut\/"]}]},{"@type":"ImageObject","inLanguage":"fr-FR","@id":"https:\/\/najnaj.eu\/fr\/proizvod\/kenguru-gold-hlacice-za-bebe-hazelnut\/#primaryimage","url":"https:\/\/najnaj.eu\/wp-content\/uploads\/2024\/04\/KG1142_main.jpg","contentUrl":"https:\/\/najnaj.eu\/wp-content\/uploads\/2024\/04\/KG1142_main.jpg","width":2000,"height":2000},{"@type":"BreadcrumbList","@id":"https:\/\/najnaj.eu\/fr\/proizvod\/kenguru-gold-hlacice-za-bebe-hazelnut\/#breadcrumb","itemListElement":[{"@type":"ListItem","position":1,"name":"Po\u010detna stranica","item":"https:\/\/najnaj.eu\/fr\/"},{"@type":"ListItem","position":2,"name":"Trgovina","item":"https:\/\/najnaj.hr\/trgovina\/"},{"@type":"ListItem","position":3,"name":"Kenguru Gold Hla\u010dice za bebe &#8220;hazelnut&#8221;"}]},{"@type":"WebSite","@id":"https:\/\/najnaj.eu\/fr\/#website","url":"https:\/\/najnaj.eu\/fr\/","name":"NajNaj.eu","description":"Za najva\u017enije!","potentialAction":[{"@type":"SearchAction","target":{"@type":"EntryPoint","urlTemplate":"https:\/\/najnaj.eu\/fr\/?s={search_term_string}"},"query-input":{"@type":"PropertyValueSpecification","valueRequired":true,"valueName":"search_term_string"}}],"inLanguage":"fr-FR"}]},"product_brand":"Kenguru Gold","og_availability":"instock","product_availability":"instock","product_retailer_item_id":"KG1142-N","product_condition":"new"},"_links":{"self":[{"href":"https:\/\/najnaj.eu\/fr\/wp-json\/wp\/v2\/product\/201484","targetHints":{"allow":["GET"]}}],"collection":[{"href":"https:\/\/najnaj.eu\/fr\/wp-json\/wp\/v2\/product"}],"about":[{"href":"https:\/\/najnaj.eu\/fr\/wp-json\/wp\/v2\/types\/product"}],"replies":[{"embeddable":true,"href":"https:\/\/najnaj.eu\/fr\/wp-json\/wp\/v2\/comments?post=201484"}],"version-history":[{"count":0,"href":"https:\/\/najnaj.eu\/fr\/wp-json\/wp\/v2\/product\/201484\/revisions"}],"wp:featuredmedia":[{"embeddable":true,"href":"https:\/\/najnaj.eu\/fr\/wp-json\/wp\/v2\/media\/201485"}],"wp:attachment":[{"href":"https:\/\/najnaj.eu\/fr\/wp-json\/wp\/v2\/media?parent=201484"}],"wp:term":[{"taxonomy":"product_brand","embeddable":true,"href":"https:\/\/najnaj.eu\/fr\/wp-json\/wp\/v2\/product_brand?post=201484"},{"taxonomy":"product_cat","embeddable":true,"href":"https:\/\/najnaj.eu\/fr\/wp-json\/wp\/v2\/product_cat?post=201484"},{"taxonomy":"product_tag","embeddable":true,"href":"https:\/\/najnaj.eu\/fr\/wp-json\/wp\/v2\/product_tag?post=201484"}],"curies":[{"name":"wp","href":"https:\/\/api.w.org\/{rel}","templated":true}]}}