{"id":201211,"date":"2024-04-05T14:02:44","date_gmt":"2024-04-05T12:02:44","guid":{"rendered":"https:\/\/najnaj.eu\/?post_type=product&#038;p=201211"},"modified":"2026-02-04T10:25:50","modified_gmt":"2026-02-04T09:25:50","slug":"lassig-kapa-sa-zastitom-za-vrat-cactus-green","status":"publish","type":"product","link":"https:\/\/najnaj.eu\/fr\/proizvod\/lassig-kapa-sa-zastitom-za-vrat-cactus-green\/","title":{"rendered":"L\u00e4ssig Kapa sa za\u0161titom za vrat, Cactus green"},"content":{"rendered":"<p>Izra\u0111en od recikliranog poliestera, L\u00e4ssig \u0161e\u0161ir za sun\u010danje s iznimno dugom za\u0161titom za vrat i izborom divnih motiva osigurava bezbri\u017ene ljetne dane. Njegov UV za\u0161titni faktor od 80 \u0161titi osjetljivo vlasi\u0161te beba i male djece ljeti.<\/p>\n<p>Izuzetno duga za\u0161tita za vrat koju pru\u017ea ovaj \u0161e\u0161ir \u0161titi glavu i o\u010di va\u0161eg djeteta, kao i podru\u010dje vrata, od sun\u010devih zraka. Mo\u017ee se vezati ispod brade da ga ne otpuhne vjetar.<\/p>\n<p>Lagana, prozra\u010dna i brzo su\u0161e\u0107a tkanina L\u00e4ssig \u0161e\u0161iri\u0107a, \u010dini ga ugodnim za no\u0161enje na pla\u017ei ili u vodi. A kada do\u0111ete ku\u0107i, \u0161e\u0161ir se mo\u017ee prati na 30\u00b0C na nje\u017enom ciklusu.<\/p>\n<p>U proizvodnji L\u00e4ssig \u0161e\u0161ira, otpadna plastika je reciklirana tako \u0161to je ispredana u pre\u0111u, pretvaraju\u0107i ekvivalent sedam PET boca u metar tkanine. Kori\u0161tenjem recikliranih materijala i inovativnih procesa te isklju\u010divanjem komponenti \u017eivotinjskog podrijetla, L\u00e4ssig doprinosi kru\u017enom gospodarstvu i o\u010duvanju resursa na\u0161eg planeta<\/p>\n<p>L\u00e4ssig \u0161e\u0161ir za sun\u010danje ima UV za\u0161titni faktor 80 i u skladu je s UV Standardom 801.<\/p>\n","protected":false},"excerpt":{"rendered":"<p>Izuzetno duga za\u0161tita za vrat na ovom L\u00e4ssig \u0161e\u0161iri\u0107u za sun\u010danje, ima UV za\u0161titni faktor 80 za za\u0161titu osjetljivog vlasi\u0161ta beba i male djece. Brzosu\u0161e\u0107a tkanina od recikliranog poliestera i slatki motivi u kombinaciji, osiguravaju bezbri\u017ene ljetne dane.<\/p>\n","protected":false},"featured_media":201215,"comment_status":"open","ping_status":"closed","template":"","meta":{"_acf_changed":false,"footnotes":""},"product_brand":[],"product_cat":[662],"product_tag":[2272,2203],"class_list":{"0":"post-201211","1":"product","2":"type-product","3":"status-publish","4":"has-post-thumbnail","6":"product_cat-stvari-za-djecu","7":"product_tag-ljeto","8":"product_tag-sf","9":"pa_boja-bijela","10":"pa_boja-zelena","11":"pa_brand-lassig","13":"first","14":"instock","15":"sale","16":"shipping-taxable","17":"purchasable","18":"product-type-variable"},"bundled_by":[],"bundle_stock_status":"instock","bundle_stock_quantity":1,"bundle_virtual":false,"bundle_layout":"","bundle_add_to_cart_form_location":"","bundle_editable_in_cart":false,"bundle_sold_individually_context":"","bundle_item_grouping":"","bundle_min_size":"","bundle_max_size":"","bundle_price":[],"bundled_items":[],"bundle_sell_ids":[],"acf":[],"yoast_head":"<!-- This site is optimized with the Yoast SEO Premium plugin v21.5 (Yoast SEO v27.4) - https:\/\/yoast.com\/product\/yoast-seo-premium-wordpress\/ -->\n<title>L\u00e4ssig Kapa sa za\u0161titom za vrat, Cactus green - NajNaj.eu<\/title>\n<meta name=\"robots\" content=\"index, follow, max-snippet:-1, max-image-preview:large, max-video-preview:-1\" \/>\n<link rel=\"canonical\" href=\"https:\/\/najnaj.eu\/fr\/proizvod\/lassig-kapa-sa-zastitom-za-vrat-cactus-green\/\" \/>\n<meta property=\"og:locale\" content=\"fr_FR\" \/>\n<meta property=\"og:type\" content=\"article\" \/>\n<meta property=\"og:title\" content=\"L\u00e4ssig Kapa sa za\u0161titom za vrat, Cactus green\" \/>\n<meta property=\"og:description\" content=\"Izuzetno duga za\u0161tita za vrat na ovom L\u00e4ssig \u0161e\u0161iri\u0107u za sun\u010danje, ima UV za\u0161titni faktor 80 za za\u0161titu osjetljivog vlasi\u0161ta beba i male djece. Brzosu\u0161e\u0107a tkanina od recikliranog poliestera i slatki motivi u kombinaciji, osiguravaju bezbri\u017ene ljetne dane.\" \/>\n<meta property=\"og:url\" content=\"https:\/\/najnaj.eu\/fr\/proizvod\/lassig-kapa-sa-zastitom-za-vrat-cactus-green\/\" \/>\n<meta property=\"og:site_name\" content=\"NajNaj.eu\" \/>\n<meta property=\"article:publisher\" content=\"https:\/\/web.facebook.com\/najnaj.eu\/\" \/>\n<meta property=\"article:modified_time\" content=\"2026-02-04T09:25:50+00:00\" \/>\n<meta property=\"og:image\" content=\"https:\/\/najnaj.eu\/wp-content\/uploads\/2024\/04\/SPL_F23_1433015873_P_1.jpg\" \/>\n\t<meta property=\"og:image:width\" content=\"800\" \/>\n\t<meta property=\"og:image:height\" content=\"800\" \/>\n\t<meta property=\"og:image:type\" content=\"image\/jpeg\" \/>\n<meta name=\"twitter:card\" content=\"summary_large_image\" \/>\n<meta name=\"twitter:label1\" content=\"Disponibilit\u00e9\" \/>\n\t<meta name=\"twitter:data1\" content=\"En stock\" \/>\n<script type=\"application\/ld+json\" class=\"yoast-schema-graph\">{\"@context\":\"https:\\\/\\\/schema.org\",\"@graph\":[{\"@type\":\"WebPage\",\"@id\":\"https:\\\/\\\/najnaj.eu\\\/fr\\\/proizvod\\\/lassig-kapa-sa-zastitom-za-vrat-cactus-green\\\/\",\"url\":\"https:\\\/\\\/najnaj.eu\\\/fr\\\/proizvod\\\/lassig-kapa-sa-zastitom-za-vrat-cactus-green\\\/\",\"name\":\"L\u00e4ssig Kapa sa za\u0161titom za vrat, Cactus green - NajNaj.eu\",\"isPartOf\":{\"@id\":\"https:\\\/\\\/najnaj.eu\\\/fr\\\/#website\"},\"primaryImageOfPage\":{\"@id\":\"https:\\\/\\\/najnaj.eu\\\/fr\\\/proizvod\\\/lassig-kapa-sa-zastitom-za-vrat-cactus-green\\\/#primaryimage\"},\"image\":{\"@id\":\"https:\\\/\\\/najnaj.eu\\\/fr\\\/proizvod\\\/lassig-kapa-sa-zastitom-za-vrat-cactus-green\\\/#primaryimage\"},\"thumbnailUrl\":\"https:\\\/\\\/najnaj.eu\\\/wp-content\\\/uploads\\\/2024\\\/04\\\/SPL_F23_1433015873_P_1.jpg\",\"datePublished\":\"2024-04-05T12:02:44+00:00\",\"dateModified\":\"2026-02-04T09:25:50+00:00\",\"breadcrumb\":{\"@id\":\"https:\\\/\\\/najnaj.eu\\\/fr\\\/proizvod\\\/lassig-kapa-sa-zastitom-za-vrat-cactus-green\\\/#breadcrumb\"},\"inLanguage\":\"fr-FR\",\"potentialAction\":[{\"@type\":\"ReadAction\",\"target\":[\"https:\\\/\\\/najnaj.eu\\\/fr\\\/proizvod\\\/lassig-kapa-sa-zastitom-za-vrat-cactus-green\\\/\"]}]},{\"@type\":\"ImageObject\",\"inLanguage\":\"fr-FR\",\"@id\":\"https:\\\/\\\/najnaj.eu\\\/fr\\\/proizvod\\\/lassig-kapa-sa-zastitom-za-vrat-cactus-green\\\/#primaryimage\",\"url\":\"https:\\\/\\\/najnaj.eu\\\/wp-content\\\/uploads\\\/2024\\\/04\\\/SPL_F23_1433015873_P_1.jpg\",\"contentUrl\":\"https:\\\/\\\/najnaj.eu\\\/wp-content\\\/uploads\\\/2024\\\/04\\\/SPL_F23_1433015873_P_1.jpg\",\"width\":800,\"height\":800},{\"@type\":\"BreadcrumbList\",\"@id\":\"https:\\\/\\\/najnaj.eu\\\/fr\\\/proizvod\\\/lassig-kapa-sa-zastitom-za-vrat-cactus-green\\\/#breadcrumb\",\"itemListElement\":[{\"@type\":\"ListItem\",\"position\":1,\"name\":\"Po\u010detna stranica\",\"item\":\"https:\\\/\\\/najnaj.eu\\\/fr\\\/\"},{\"@type\":\"ListItem\",\"position\":2,\"name\":\"Trgovina\",\"item\":\"https:\\\/\\\/najnaj.hr\\\/trgovina\\\/\"},{\"@type\":\"ListItem\",\"position\":3,\"name\":\"L\u00e4ssig Kapa sa za\u0161titom za vrat, Cactus green\"}]},{\"@type\":\"WebSite\",\"@id\":\"https:\\\/\\\/najnaj.eu\\\/fr\\\/#website\",\"url\":\"https:\\\/\\\/najnaj.eu\\\/fr\\\/\",\"name\":\"NajNaj.eu\",\"description\":\"Za najva\u017enije!\",\"potentialAction\":[{\"@type\":\"SearchAction\",\"target\":{\"@type\":\"EntryPoint\",\"urlTemplate\":\"https:\\\/\\\/najnaj.eu\\\/fr\\\/?s={search_term_string}\"},\"query-input\":{\"@type\":\"PropertyValueSpecification\",\"valueRequired\":true,\"valueName\":\"search_term_string\"}}],\"inLanguage\":\"fr-FR\"}]}<\/script>\n<meta property=\"product:brand\" content=\"L\u00e4ssig\" \/>\n<meta property=\"og:availability\" content=\"instock\" \/>\n<meta property=\"product:availability\" content=\"instock\" \/>\n<meta property=\"product:retailer_item_id\" content=\"1433015873\" \/>\n<meta property=\"product:condition\" content=\"new\" \/>\n<!-- \/ Yoast SEO Premium plugin. -->","yoast_head_json":{"title":"L\u00e4ssig Kapa sa za\u0161titom za vrat, Cactus green - NajNaj.eu","robots":{"index":"index","follow":"follow","max-snippet":"max-snippet:-1","max-image-preview":"max-image-preview:large","max-video-preview":"max-video-preview:-1"},"canonical":"https:\/\/najnaj.eu\/fr\/proizvod\/lassig-kapa-sa-zastitom-za-vrat-cactus-green\/","og_locale":"fr_FR","og_type":"article","og_title":"L\u00e4ssig Kapa sa za\u0161titom za vrat, Cactus green","og_description":"Izuzetno duga za\u0161tita za vrat na ovom L\u00e4ssig \u0161e\u0161iri\u0107u za sun\u010danje, ima UV za\u0161titni faktor 80 za za\u0161titu osjetljivog vlasi\u0161ta beba i male djece. Brzosu\u0161e\u0107a tkanina od recikliranog poliestera i slatki motivi u kombinaciji, osiguravaju bezbri\u017ene ljetne dane.","og_url":"https:\/\/najnaj.eu\/fr\/proizvod\/lassig-kapa-sa-zastitom-za-vrat-cactus-green\/","og_site_name":"NajNaj.eu","article_publisher":"https:\/\/web.facebook.com\/najnaj.eu\/","article_modified_time":"2026-02-04T09:25:50+00:00","og_image":[{"width":800,"height":800,"url":"https:\/\/najnaj.eu\/wp-content\/uploads\/2024\/04\/SPL_F23_1433015873_P_1.jpg","type":"image\/jpeg"}],"twitter_card":"summary_large_image","twitter_misc":{"Disponibilit\u00e9":"En stock"},"schema":{"@context":"https:\/\/schema.org","@graph":[{"@type":"WebPage","@id":"https:\/\/najnaj.eu\/fr\/proizvod\/lassig-kapa-sa-zastitom-za-vrat-cactus-green\/","url":"https:\/\/najnaj.eu\/fr\/proizvod\/lassig-kapa-sa-zastitom-za-vrat-cactus-green\/","name":"L\u00e4ssig Kapa sa za\u0161titom za vrat, Cactus green - NajNaj.eu","isPartOf":{"@id":"https:\/\/najnaj.eu\/fr\/#website"},"primaryImageOfPage":{"@id":"https:\/\/najnaj.eu\/fr\/proizvod\/lassig-kapa-sa-zastitom-za-vrat-cactus-green\/#primaryimage"},"image":{"@id":"https:\/\/najnaj.eu\/fr\/proizvod\/lassig-kapa-sa-zastitom-za-vrat-cactus-green\/#primaryimage"},"thumbnailUrl":"https:\/\/najnaj.eu\/wp-content\/uploads\/2024\/04\/SPL_F23_1433015873_P_1.jpg","datePublished":"2024-04-05T12:02:44+00:00","dateModified":"2026-02-04T09:25:50+00:00","breadcrumb":{"@id":"https:\/\/najnaj.eu\/fr\/proizvod\/lassig-kapa-sa-zastitom-za-vrat-cactus-green\/#breadcrumb"},"inLanguage":"fr-FR","potentialAction":[{"@type":"ReadAction","target":["https:\/\/najnaj.eu\/fr\/proizvod\/lassig-kapa-sa-zastitom-za-vrat-cactus-green\/"]}]},{"@type":"ImageObject","inLanguage":"fr-FR","@id":"https:\/\/najnaj.eu\/fr\/proizvod\/lassig-kapa-sa-zastitom-za-vrat-cactus-green\/#primaryimage","url":"https:\/\/najnaj.eu\/wp-content\/uploads\/2024\/04\/SPL_F23_1433015873_P_1.jpg","contentUrl":"https:\/\/najnaj.eu\/wp-content\/uploads\/2024\/04\/SPL_F23_1433015873_P_1.jpg","width":800,"height":800},{"@type":"BreadcrumbList","@id":"https:\/\/najnaj.eu\/fr\/proizvod\/lassig-kapa-sa-zastitom-za-vrat-cactus-green\/#breadcrumb","itemListElement":[{"@type":"ListItem","position":1,"name":"Po\u010detna stranica","item":"https:\/\/najnaj.eu\/fr\/"},{"@type":"ListItem","position":2,"name":"Trgovina","item":"https:\/\/najnaj.hr\/trgovina\/"},{"@type":"ListItem","position":3,"name":"L\u00e4ssig Kapa sa za\u0161titom za vrat, Cactus green"}]},{"@type":"WebSite","@id":"https:\/\/najnaj.eu\/fr\/#website","url":"https:\/\/najnaj.eu\/fr\/","name":"NajNaj.eu","description":"Za najva\u017enije!","potentialAction":[{"@type":"SearchAction","target":{"@type":"EntryPoint","urlTemplate":"https:\/\/najnaj.eu\/fr\/?s={search_term_string}"},"query-input":{"@type":"PropertyValueSpecification","valueRequired":true,"valueName":"search_term_string"}}],"inLanguage":"fr-FR"}]},"product_brand":"L\u00e4ssig","og_availability":"instock","product_availability":"instock","product_retailer_item_id":"1433015873","product_condition":"new"},"_links":{"self":[{"href":"https:\/\/najnaj.eu\/fr\/wp-json\/wp\/v2\/product\/201211","targetHints":{"allow":["GET"]}}],"collection":[{"href":"https:\/\/najnaj.eu\/fr\/wp-json\/wp\/v2\/product"}],"about":[{"href":"https:\/\/najnaj.eu\/fr\/wp-json\/wp\/v2\/types\/product"}],"replies":[{"embeddable":true,"href":"https:\/\/najnaj.eu\/fr\/wp-json\/wp\/v2\/comments?post=201211"}],"version-history":[{"count":0,"href":"https:\/\/najnaj.eu\/fr\/wp-json\/wp\/v2\/product\/201211\/revisions"}],"wp:featuredmedia":[{"embeddable":true,"href":"https:\/\/najnaj.eu\/fr\/wp-json\/wp\/v2\/media\/201215"}],"wp:attachment":[{"href":"https:\/\/najnaj.eu\/fr\/wp-json\/wp\/v2\/media?parent=201211"}],"wp:term":[{"taxonomy":"product_brand","embeddable":true,"href":"https:\/\/najnaj.eu\/fr\/wp-json\/wp\/v2\/product_brand?post=201211"},{"taxonomy":"product_cat","embeddable":true,"href":"https:\/\/najnaj.eu\/fr\/wp-json\/wp\/v2\/product_cat?post=201211"},{"taxonomy":"product_tag","embeddable":true,"href":"https:\/\/najnaj.eu\/fr\/wp-json\/wp\/v2\/product_tag?post=201211"}],"curies":[{"name":"wp","href":"https:\/\/api.w.org\/{rel}","templated":true}]}}