{"id":200346,"date":"2024-04-04T15:32:25","date_gmt":"2024-04-04T13:32:25","guid":{"rendered":"https:\/\/najnaj.eu\/?post_type=product&#038;p=200346"},"modified":"2026-02-04T10:28:01","modified_gmt":"2026-02-04T09:28:01","slug":"lassig-sandalice-za-plazu-green","status":"publish","type":"product","link":"https:\/\/najnaj.eu\/fr\/proizvod\/lassig-sandalice-za-plazu-green\/","title":{"rendered":"L\u00e4ssig Sandalice za pla\u017eu, green"},"content":{"rendered":"<p>L\u00c4SSIG sandale za pla\u017eu su lagane i fleksibilne te su idealna nadopuna UV kupa\u0107im kostimima L\u00c4SSIG Splash &amp; Fun kolekcije. Bilo na moru, na travnjaku kod vanjskog bazena ili na tvrdoj podlozi na igrali\u0161tu, ova prakti\u010dna obu\u0107a savr\u0161ena je za djecu koja vole istra\u017eivati.<\/p>\n<p>Ove ultra lagane i udobne sandale ljeti \u0161tite osjetljiva dje\u010dja stopala od uboda insekata, \u0161koljki, o\u0161trog kamenja ili vru\u0107eg pijeska. Gornji materijal raste\u017ee se zajedno sa stopalom i brzo se su\u0161i, \u010dime se osigurava optimalno pristajanje.<\/p>\n<p>Fleksibilni protuklizni potplat pru\u017ea prianjanje i stabilnost dok va\u0161e dijete istra\u017euje, a odvojivi ulo\u017eak omogu\u0107uje prilagodbu prema veli\u010dini stopala.<\/p>\n","protected":false},"excerpt":{"rendered":"<p>L\u00c4SSIG sandale za pla\u017eu su lagane, prozra\u010dne i brzo se su\u0161e. Njihov fleksibilni protuklizni potplat i prakti\u010dne kop\u010de na \u010di\u010dak osiguravaju da ostanu na nogama. Ove sandale su idealna obu\u0107a na pla\u017ei, oko vanjskog bazena ili na lokalnom igrali\u0161tu.<\/p>\n<p>Model je ve\u0107i od standardnog, stoga savjetujemo odabir manje veli\u010dine.<\/p>\n","protected":false},"featured_media":200354,"comment_status":"closed","ping_status":"closed","template":"","meta":{"_acf_changed":false,"footnotes":""},"product_brand":[],"product_cat":[741,615,617,662],"product_tag":[2272,2203],"class_list":{"0":"post-200346","1":"product","2":"type-product","3":"status-publish","4":"has-post-thumbnail","6":"product_cat-model-cipelice","7":"product_cat-odjeca_i_obuca","8":"product_cat-sandalice","9":"product_cat-stvari-za-djecu","10":"product_tag-ljeto","11":"product_tag-sf","12":"pa_boja-zelena","13":"pa_brand-lassig","15":"first","16":"instock","17":"sale","18":"shipping-taxable","19":"purchasable","20":"product-type-variable"},"bundled_by":[],"bundle_stock_status":"instock","bundle_stock_quantity":null,"bundle_virtual":false,"bundle_layout":"","bundle_add_to_cart_form_location":"","bundle_editable_in_cart":false,"bundle_sold_individually_context":"","bundle_item_grouping":"","bundle_min_size":"","bundle_max_size":"","bundle_price":[],"bundled_items":[],"bundle_sell_ids":[],"acf":[],"yoast_head":"<!-- This site is optimized with the Yoast SEO Premium plugin v21.5 (Yoast SEO v27.4) - https:\/\/yoast.com\/product\/yoast-seo-premium-wordpress\/ -->\n<title>L\u00e4ssig Sandalice za pla\u017eu, green - NajNaj.eu<\/title>\n<meta name=\"robots\" content=\"index, follow, max-snippet:-1, max-image-preview:large, max-video-preview:-1\" \/>\n<link rel=\"canonical\" href=\"https:\/\/najnaj.eu\/fr\/proizvod\/lassig-sandalice-za-plazu-green\/\" \/>\n<meta property=\"og:locale\" content=\"fr_FR\" \/>\n<meta property=\"og:type\" content=\"article\" \/>\n<meta property=\"og:title\" content=\"L\u00e4ssig Sandalice za pla\u017eu, green\" \/>\n<meta property=\"og:description\" content=\"L\u00c4SSIG sandale za pla\u017eu su lagane, prozra\u010dne i brzo se su\u0161e. Njihov fleksibilni protuklizni potplat i prakti\u010dne kop\u010de na \u010di\u010dak osiguravaju da ostanu na nogama. Ove sandale su idealna obu\u0107a na pla\u017ei, oko vanjskog bazena ili na lokalnom igrali\u0161tu.  Model je ve\u0107i od standardnog, stoga savjetujemo odabir manje veli\u010dine.\" \/>\n<meta property=\"og:url\" content=\"https:\/\/najnaj.eu\/fr\/proizvod\/lassig-sandalice-za-plazu-green\/\" \/>\n<meta property=\"og:site_name\" content=\"NajNaj.eu\" \/>\n<meta property=\"article:publisher\" content=\"https:\/\/web.facebook.com\/najnaj.eu\/\" \/>\n<meta property=\"article:modified_time\" content=\"2026-02-04T09:28:01+00:00\" \/>\n<meta property=\"og:image\" content=\"https:\/\/najnaj.eu\/wp-content\/uploads\/2024\/04\/SPL_F23_1432001515_P_1.jpg\" \/>\n\t<meta property=\"og:image:width\" content=\"800\" \/>\n\t<meta property=\"og:image:height\" content=\"800\" \/>\n\t<meta property=\"og:image:type\" content=\"image\/jpeg\" \/>\n<meta name=\"twitter:card\" content=\"summary_large_image\" \/>\n<meta name=\"twitter:label1\" content=\"Disponibilit\u00e9\" \/>\n\t<meta name=\"twitter:data1\" content=\"En stock\" \/>\n<script type=\"application\/ld+json\" class=\"yoast-schema-graph\">{\"@context\":\"https:\\\/\\\/schema.org\",\"@graph\":[{\"@type\":\"WebPage\",\"@id\":\"https:\\\/\\\/najnaj.eu\\\/fr\\\/proizvod\\\/lassig-sandalice-za-plazu-green\\\/\",\"url\":\"https:\\\/\\\/najnaj.eu\\\/fr\\\/proizvod\\\/lassig-sandalice-za-plazu-green\\\/\",\"name\":\"L\u00e4ssig Sandalice za pla\u017eu, green - NajNaj.eu\",\"isPartOf\":{\"@id\":\"https:\\\/\\\/najnaj.eu\\\/fr\\\/#website\"},\"primaryImageOfPage\":{\"@id\":\"https:\\\/\\\/najnaj.eu\\\/fr\\\/proizvod\\\/lassig-sandalice-za-plazu-green\\\/#primaryimage\"},\"image\":{\"@id\":\"https:\\\/\\\/najnaj.eu\\\/fr\\\/proizvod\\\/lassig-sandalice-za-plazu-green\\\/#primaryimage\"},\"thumbnailUrl\":\"https:\\\/\\\/najnaj.eu\\\/wp-content\\\/uploads\\\/2024\\\/04\\\/SPL_F23_1432001515_P_1.jpg\",\"datePublished\":\"2024-04-04T13:32:25+00:00\",\"dateModified\":\"2026-02-04T09:28:01+00:00\",\"breadcrumb\":{\"@id\":\"https:\\\/\\\/najnaj.eu\\\/fr\\\/proizvod\\\/lassig-sandalice-za-plazu-green\\\/#breadcrumb\"},\"inLanguage\":\"fr-FR\",\"potentialAction\":[{\"@type\":\"ReadAction\",\"target\":[\"https:\\\/\\\/najnaj.eu\\\/fr\\\/proizvod\\\/lassig-sandalice-za-plazu-green\\\/\"]}]},{\"@type\":\"ImageObject\",\"inLanguage\":\"fr-FR\",\"@id\":\"https:\\\/\\\/najnaj.eu\\\/fr\\\/proizvod\\\/lassig-sandalice-za-plazu-green\\\/#primaryimage\",\"url\":\"https:\\\/\\\/najnaj.eu\\\/wp-content\\\/uploads\\\/2024\\\/04\\\/SPL_F23_1432001515_P_1.jpg\",\"contentUrl\":\"https:\\\/\\\/najnaj.eu\\\/wp-content\\\/uploads\\\/2024\\\/04\\\/SPL_F23_1432001515_P_1.jpg\",\"width\":800,\"height\":800},{\"@type\":\"BreadcrumbList\",\"@id\":\"https:\\\/\\\/najnaj.eu\\\/fr\\\/proizvod\\\/lassig-sandalice-za-plazu-green\\\/#breadcrumb\",\"itemListElement\":[{\"@type\":\"ListItem\",\"position\":1,\"name\":\"Po\u010detna stranica\",\"item\":\"https:\\\/\\\/najnaj.eu\\\/fr\\\/\"},{\"@type\":\"ListItem\",\"position\":2,\"name\":\"Trgovina\",\"item\":\"https:\\\/\\\/najnaj.hr\\\/trgovina\\\/\"},{\"@type\":\"ListItem\",\"position\":3,\"name\":\"L\u00e4ssig Sandalice za pla\u017eu, green\"}]},{\"@type\":\"WebSite\",\"@id\":\"https:\\\/\\\/najnaj.eu\\\/fr\\\/#website\",\"url\":\"https:\\\/\\\/najnaj.eu\\\/fr\\\/\",\"name\":\"NajNaj.eu\",\"description\":\"Za najva\u017enije!\",\"potentialAction\":[{\"@type\":\"SearchAction\",\"target\":{\"@type\":\"EntryPoint\",\"urlTemplate\":\"https:\\\/\\\/najnaj.eu\\\/fr\\\/?s={search_term_string}\"},\"query-input\":{\"@type\":\"PropertyValueSpecification\",\"valueRequired\":true,\"valueName\":\"search_term_string\"}}],\"inLanguage\":\"fr-FR\"}]}<\/script>\n<meta property=\"product:brand\" content=\"L\u00e4ssig\" \/>\n<meta property=\"og:availability\" content=\"instock\" \/>\n<meta property=\"product:availability\" content=\"instock\" \/>\n<meta property=\"product:retailer_item_id\" content=\"1432001515\" \/>\n<meta property=\"product:condition\" content=\"new\" \/>\n<!-- \/ Yoast SEO Premium plugin. -->","yoast_head_json":{"title":"L\u00e4ssig Sandalice za pla\u017eu, green - NajNaj.eu","robots":{"index":"index","follow":"follow","max-snippet":"max-snippet:-1","max-image-preview":"max-image-preview:large","max-video-preview":"max-video-preview:-1"},"canonical":"https:\/\/najnaj.eu\/fr\/proizvod\/lassig-sandalice-za-plazu-green\/","og_locale":"fr_FR","og_type":"article","og_title":"L\u00e4ssig Sandalice za pla\u017eu, green","og_description":"L\u00c4SSIG sandale za pla\u017eu su lagane, prozra\u010dne i brzo se su\u0161e. Njihov fleksibilni protuklizni potplat i prakti\u010dne kop\u010de na \u010di\u010dak osiguravaju da ostanu na nogama. Ove sandale su idealna obu\u0107a na pla\u017ei, oko vanjskog bazena ili na lokalnom igrali\u0161tu.  Model je ve\u0107i od standardnog, stoga savjetujemo odabir manje veli\u010dine.","og_url":"https:\/\/najnaj.eu\/fr\/proizvod\/lassig-sandalice-za-plazu-green\/","og_site_name":"NajNaj.eu","article_publisher":"https:\/\/web.facebook.com\/najnaj.eu\/","article_modified_time":"2026-02-04T09:28:01+00:00","og_image":[{"width":800,"height":800,"url":"https:\/\/najnaj.eu\/wp-content\/uploads\/2024\/04\/SPL_F23_1432001515_P_1.jpg","type":"image\/jpeg"}],"twitter_card":"summary_large_image","twitter_misc":{"Disponibilit\u00e9":"En stock"},"schema":{"@context":"https:\/\/schema.org","@graph":[{"@type":"WebPage","@id":"https:\/\/najnaj.eu\/fr\/proizvod\/lassig-sandalice-za-plazu-green\/","url":"https:\/\/najnaj.eu\/fr\/proizvod\/lassig-sandalice-za-plazu-green\/","name":"L\u00e4ssig Sandalice za pla\u017eu, green - NajNaj.eu","isPartOf":{"@id":"https:\/\/najnaj.eu\/fr\/#website"},"primaryImageOfPage":{"@id":"https:\/\/najnaj.eu\/fr\/proizvod\/lassig-sandalice-za-plazu-green\/#primaryimage"},"image":{"@id":"https:\/\/najnaj.eu\/fr\/proizvod\/lassig-sandalice-za-plazu-green\/#primaryimage"},"thumbnailUrl":"https:\/\/najnaj.eu\/wp-content\/uploads\/2024\/04\/SPL_F23_1432001515_P_1.jpg","datePublished":"2024-04-04T13:32:25+00:00","dateModified":"2026-02-04T09:28:01+00:00","breadcrumb":{"@id":"https:\/\/najnaj.eu\/fr\/proizvod\/lassig-sandalice-za-plazu-green\/#breadcrumb"},"inLanguage":"fr-FR","potentialAction":[{"@type":"ReadAction","target":["https:\/\/najnaj.eu\/fr\/proizvod\/lassig-sandalice-za-plazu-green\/"]}]},{"@type":"ImageObject","inLanguage":"fr-FR","@id":"https:\/\/najnaj.eu\/fr\/proizvod\/lassig-sandalice-za-plazu-green\/#primaryimage","url":"https:\/\/najnaj.eu\/wp-content\/uploads\/2024\/04\/SPL_F23_1432001515_P_1.jpg","contentUrl":"https:\/\/najnaj.eu\/wp-content\/uploads\/2024\/04\/SPL_F23_1432001515_P_1.jpg","width":800,"height":800},{"@type":"BreadcrumbList","@id":"https:\/\/najnaj.eu\/fr\/proizvod\/lassig-sandalice-za-plazu-green\/#breadcrumb","itemListElement":[{"@type":"ListItem","position":1,"name":"Po\u010detna stranica","item":"https:\/\/najnaj.eu\/fr\/"},{"@type":"ListItem","position":2,"name":"Trgovina","item":"https:\/\/najnaj.hr\/trgovina\/"},{"@type":"ListItem","position":3,"name":"L\u00e4ssig Sandalice za pla\u017eu, green"}]},{"@type":"WebSite","@id":"https:\/\/najnaj.eu\/fr\/#website","url":"https:\/\/najnaj.eu\/fr\/","name":"NajNaj.eu","description":"Za najva\u017enije!","potentialAction":[{"@type":"SearchAction","target":{"@type":"EntryPoint","urlTemplate":"https:\/\/najnaj.eu\/fr\/?s={search_term_string}"},"query-input":{"@type":"PropertyValueSpecification","valueRequired":true,"valueName":"search_term_string"}}],"inLanguage":"fr-FR"}]},"product_brand":"L\u00e4ssig","og_availability":"instock","product_availability":"instock","product_retailer_item_id":"1432001515","product_condition":"new"},"_links":{"self":[{"href":"https:\/\/najnaj.eu\/fr\/wp-json\/wp\/v2\/product\/200346","targetHints":{"allow":["GET"]}}],"collection":[{"href":"https:\/\/najnaj.eu\/fr\/wp-json\/wp\/v2\/product"}],"about":[{"href":"https:\/\/najnaj.eu\/fr\/wp-json\/wp\/v2\/types\/product"}],"replies":[{"embeddable":true,"href":"https:\/\/najnaj.eu\/fr\/wp-json\/wp\/v2\/comments?post=200346"}],"version-history":[{"count":0,"href":"https:\/\/najnaj.eu\/fr\/wp-json\/wp\/v2\/product\/200346\/revisions"}],"wp:featuredmedia":[{"embeddable":true,"href":"https:\/\/najnaj.eu\/fr\/wp-json\/wp\/v2\/media\/200354"}],"wp:attachment":[{"href":"https:\/\/najnaj.eu\/fr\/wp-json\/wp\/v2\/media?parent=200346"}],"wp:term":[{"taxonomy":"product_brand","embeddable":true,"href":"https:\/\/najnaj.eu\/fr\/wp-json\/wp\/v2\/product_brand?post=200346"},{"taxonomy":"product_cat","embeddable":true,"href":"https:\/\/najnaj.eu\/fr\/wp-json\/wp\/v2\/product_cat?post=200346"},{"taxonomy":"product_tag","embeddable":true,"href":"https:\/\/najnaj.eu\/fr\/wp-json\/wp\/v2\/product_tag?post=200346"}],"curies":[{"name":"wp","href":"https:\/\/api.w.org\/{rel}","templated":true}]}}