{"id":199617,"date":"2025-01-02T10:13:15","date_gmt":"2025-01-02T09:13:15","guid":{"rendered":"https:\/\/najnaj.eu\/?post_type=product&#038;p=199617"},"modified":"2026-02-04T09:53:06","modified_gmt":"2026-02-04T08:53:06","slug":"besafe-izi-flex-fix-2-i-size-fresh-black-cab","status":"publish","type":"product","link":"https:\/\/najnaj.eu\/fr\/proizvod\/besafe-izi-flex-fix-2-i-size-fresh-black-cab\/","title":{"rendered":"BeSafe Flex FIX 2 &#8211; Fresh Black Cab"},"content":{"rendered":"<p><strong>3 autosjedalice u nizu<\/strong><br \/>\nNapravite mjesta za do troje djece u nizu jednostavnim uklanjanjem obje SIP bo\u010dne za\u0161tite sa sjedalice u sredini.<\/p>\n<p><strong>Jastu\u010di\u0107 PAD+<\/strong><br \/>\nDizajniran za dodatnu za\u0161titu brade i prsa, PAD+ nudi meku i udobnu podlogu za rub sigurnosnog pojasa.<\/p>\n<p><strong>Vodilice za pojas<\/strong><br \/>\nInovativna BeSafe me\u0111uno\u017ena kop\u010da temelji se na na\u0161oj dokazanoj tehnologiji pojasa za trudnice. Ovo inteligentno rje\u0161enje sprje\u010dava klizanje djetetovog tijela prema naprijed i ispod sigurnosnog pojasa i uvijek osigurava pravilno postavljanje trbu\u0161nog dijela sigurnosnog pojasa. Uz na\u0161u vodilicu za rameni pojas, postavljanje sigurnosnog pojasa sada je jo\u0161 lak\u0161e i preciznije. Tkanina me\u0111uno\u017ene kop\u010de lako se odvaja \u0161to omogu\u0107uje jednostavno odr\u017eavanje i \u010di\u0161\u0107enje kada je potrebno.<\/p>\n<p><strong>Blago nagnuti polo\u017eaj<\/strong><br \/>\nSjedalica se lako mo\u017ee namjestiti u blago nagnuti polo\u017eaj, \u0161to pru\u017ea dodatnu udobnost i \u0161titi va\u0161e dijete. Kada va\u0161e dijete postane pospano u automobilu, nagnuti polo\u017eaj poma\u017ee osigurati da mu glava i torzo ostanu za\u0161ti\u0107eni unutar autosjedalice.<\/p>\n<p><strong>Inovativni naslon za glavu<\/strong><br \/>\nInovativna konstrukcija naslona za glavu sa za\u0161titnim efektom poput trampolina.<\/p>\n<p><strong>Sigurnost<\/strong><br \/>\n&#8211; Inovativna konstrukcija naslona za glavu sa za\u0161titnim efektom poput trampolina (Dynamic Force Absorber\u2122)<br \/>\n&#8211; Odobreno u skladu s Uredbom UN R129<br \/>\n-Jastu\u010di\u0107 PAD+ dizajn za dodatnu za\u0161titu brade i prsa<br \/>\n-Fleksibilna za\u0161tita od bo\u010dnog sudara<br \/>\n-Vodilice ramenog i trbu\u0161nog pojasa za savr\u0161eno pozicioniranje<br \/>\n-SIP+ za\u0161tita od bo\u010dnog sudara<br \/>\n&#8211; Naslon za glavu izra\u0111en iz materijala EPP za vrhunsku za\u0161titu<br \/>\n-Bez naslona za ruke kako bi se izbjegla nepravilna upotreba sigurnosnog pojasa<\/p>\n<p><strong>Puno prostora i 3 sjedalice u nizu<\/strong><br \/>\n&#8211; Zauzima malo prostora \u2013 ali s puno prostora za va\u0161e dijete<br \/>\n&#8211; SIP bo\u010dne za\u0161tite mogu se ukloniti kako bi se moglo smjestiti do 3 sjedalice\/osobe u nizu<\/p>\n<p><strong>Udobnost<\/strong><br \/>\n&#8211; Naslon za glavu djetetu osigurava dobar pogled sa strane i dobru potporu tijekom spavanja<br \/>\n&#8211; Jedinstveno rje\u0161enje za pode\u0161avanje visine sa strane sjedalice dok je va\u0161e dijete vezano<br \/>\n-Prilago\u0111ava se djetetu koje raste<br \/>\n-Jastu\u010di\u0107 PAD+ pru\u017ea udobnu i mekanu podlogu uz sigurnosni pojas<br \/>\n&#8211; Jedinstvena i prakti\u010dna funkcija naslona<br \/>\n&#8211; Integrirana ru\u010dka za jednostavan transport<br \/>\n&#8211; Lako perivo s potpuno uklonjivom navlakom<\/p>\n","protected":false},"excerpt":{"rendered":"<p>Flex FIX 2 &#8211; booster s naslonom nasljednik je nagra\u0111ivane BeSafe iZi Flex FIX i-Size autosjedalice. Kombinira izvrsnu sigurnost, optimalnu udobnost i kvalitetan dizajn za postavljanje do tri sjedalica u nizu.<\/p>\n<p>Visina: 100 \u2013 150 cm<br \/>\nDob: Pribl. 4 \u2013 12 god.<br \/>\nPostavljanje: ISOfix ili automobilski pojas s upori\u0161tem u tri to\u010dke<br \/>\nSmjer: U smjeru vo\u017enje<br \/>\nAtest: UN R129<\/p>\n<p>Pogledajte Flex FIX 2 u interaktivnom <a href=\"https:\/\/catalogue.arkid.app\/embed\/GxQhwtTvEfAfv1RkcyfdTg\" target=\"_blank\" rel=\"noopener\"><strong>3D prikazu<\/strong><\/a>!<\/p>\n","protected":false},"featured_media":199619,"comment_status":"open","ping_status":"closed","template":"","meta":{"_acf_changed":false,"footnotes":""},"product_brand":[],"product_cat":[574,832],"product_tag":[],"class_list":{"0":"post-199617","1":"product","2":"type-product","3":"status-publish","4":"has-post-thumbnail","6":"product_cat-autosjedalice","7":"product_cat-veca-djeca-od-4-god","8":"pa_atest-ece-r129-i-size","9":"pa_boja-crna","10":"pa_brand-besafe","11":"pa_nacin-postavljanja-automobilski-pojas","12":"pa_nacin-postavljanja-isofix","13":"pa_visina-djeteta-od-100-do-150-cm","15":"first","16":"instock","17":"shipping-taxable","18":"purchasable","19":"product-type-simple"},"bundled_by":[],"bundle_stock_status":"instock","bundle_stock_quantity":15,"bundle_virtual":false,"bundle_layout":"","bundle_add_to_cart_form_location":"","bundle_editable_in_cart":false,"bundle_sold_individually_context":"","bundle_item_grouping":"","bundle_min_size":"","bundle_max_size":"","bundle_price":[],"bundled_items":[],"bundle_sell_ids":[],"acf":[],"yoast_head":"<!-- This site is optimized with the Yoast SEO Premium plugin v21.5 (Yoast SEO v27.4) - https:\/\/yoast.com\/product\/yoast-seo-premium-wordpress\/ -->\n<title>BeSafe Flex FIX 2 - Fresh Black Cab - NajNaj.eu<\/title>\n<meta name=\"robots\" content=\"index, follow, max-snippet:-1, max-image-preview:large, max-video-preview:-1\" \/>\n<link rel=\"canonical\" href=\"https:\/\/najnaj.eu\/fr\/proizvod\/besafe-izi-flex-fix-2-i-size-fresh-black-cab\/\" \/>\n<meta property=\"og:locale\" content=\"fr_FR\" \/>\n<meta property=\"og:type\" content=\"article\" \/>\n<meta property=\"og:title\" content=\"BeSafe Flex FIX 2 - Fresh Black Cab\" \/>\n<meta property=\"og:description\" content=\"Flex FIX 2 - booster s naslonom nasljednik je nagra\u0111ivane BeSafe iZi Flex FIX i-Size autosjedalice. Kombinira izvrsnu sigurnost, optimalnu udobnost i kvalitetan dizajn za postavljanje do tri sjedalica u nizu.  Visina: 100 \u2013 150 cm Dob: Pribl. 4 \u2013 12 god. Postavljanje: ISOfix ili automobilski pojas s upori\u0161tem u tri to\u010dke Smjer: U smjeru vo\u017enje Atest: UN R129  Pogledajte Flex FIX 2 u interaktivnom 3D prikazu!\" \/>\n<meta property=\"og:url\" content=\"https:\/\/najnaj.eu\/fr\/proizvod\/besafe-izi-flex-fix-2-i-size-fresh-black-cab\/\" \/>\n<meta property=\"og:site_name\" content=\"NajNaj.eu\" \/>\n<meta property=\"article:publisher\" content=\"https:\/\/web.facebook.com\/najnaj.eu\/\" \/>\n<meta property=\"article:modified_time\" content=\"2026-02-04T08:53:06+00:00\" \/>\n<meta property=\"og:image\" content=\"https:\/\/najnaj.eu\/wp-content\/uploads\/2024\/03\/11037469\u200b_BeSafe-Flex-FIX-2\u200b_Black-Cab_Front.jpg\" \/>\n\t<meta property=\"og:image:width\" content=\"1080\" \/>\n\t<meta property=\"og:image:height\" content=\"1080\" \/>\n\t<meta property=\"og:image:type\" content=\"image\/jpeg\" \/>\n<meta name=\"twitter:card\" content=\"summary_large_image\" \/>\n<meta name=\"twitter:label1\" content=\"Prix\" \/>\n\t<meta name=\"twitter:data1\" content=\"299,00&nbsp;&euro;\" \/>\n\t<meta name=\"twitter:label2\" content=\"Disponibilit\u00e9\" \/>\n\t<meta name=\"twitter:data2\" content=\"En stock\" \/>\n<script type=\"application\/ld+json\" class=\"yoast-schema-graph\">{\"@context\":\"https:\\\/\\\/schema.org\",\"@graph\":[{\"@type\":\"WebPage\",\"@id\":\"https:\\\/\\\/najnaj.eu\\\/fr\\\/proizvod\\\/besafe-izi-flex-fix-2-i-size-fresh-black-cab\\\/\",\"url\":\"https:\\\/\\\/najnaj.eu\\\/fr\\\/proizvod\\\/besafe-izi-flex-fix-2-i-size-fresh-black-cab\\\/\",\"name\":\"BeSafe Flex FIX 2 - Fresh Black Cab - NajNaj.eu\",\"isPartOf\":{\"@id\":\"https:\\\/\\\/najnaj.eu\\\/fr\\\/#website\"},\"primaryImageOfPage\":{\"@id\":\"https:\\\/\\\/najnaj.eu\\\/fr\\\/proizvod\\\/besafe-izi-flex-fix-2-i-size-fresh-black-cab\\\/#primaryimage\"},\"image\":{\"@id\":\"https:\\\/\\\/najnaj.eu\\\/fr\\\/proizvod\\\/besafe-izi-flex-fix-2-i-size-fresh-black-cab\\\/#primaryimage\"},\"thumbnailUrl\":\"https:\\\/\\\/najnaj.eu\\\/wp-content\\\/uploads\\\/2024\\\/03\\\/11037469\u200b_BeSafe-Flex-FIX-2\u200b_Black-Cab_Front.jpg\",\"datePublished\":\"2025-01-02T09:13:15+00:00\",\"dateModified\":\"2026-02-04T08:53:06+00:00\",\"breadcrumb\":{\"@id\":\"https:\\\/\\\/najnaj.eu\\\/fr\\\/proizvod\\\/besafe-izi-flex-fix-2-i-size-fresh-black-cab\\\/#breadcrumb\"},\"inLanguage\":\"fr-FR\",\"potentialAction\":[{\"@type\":\"ReadAction\",\"target\":[\"https:\\\/\\\/najnaj.eu\\\/fr\\\/proizvod\\\/besafe-izi-flex-fix-2-i-size-fresh-black-cab\\\/\"]}]},{\"@type\":\"ImageObject\",\"inLanguage\":\"fr-FR\",\"@id\":\"https:\\\/\\\/najnaj.eu\\\/fr\\\/proizvod\\\/besafe-izi-flex-fix-2-i-size-fresh-black-cab\\\/#primaryimage\",\"url\":\"https:\\\/\\\/najnaj.eu\\\/wp-content\\\/uploads\\\/2024\\\/03\\\/11037469\u200b_BeSafe-Flex-FIX-2\u200b_Black-Cab_Front.jpg\",\"contentUrl\":\"https:\\\/\\\/najnaj.eu\\\/wp-content\\\/uploads\\\/2024\\\/03\\\/11037469\u200b_BeSafe-Flex-FIX-2\u200b_Black-Cab_Front.jpg\",\"width\":1080,\"height\":1080},{\"@type\":\"BreadcrumbList\",\"@id\":\"https:\\\/\\\/najnaj.eu\\\/fr\\\/proizvod\\\/besafe-izi-flex-fix-2-i-size-fresh-black-cab\\\/#breadcrumb\",\"itemListElement\":[{\"@type\":\"ListItem\",\"position\":1,\"name\":\"Po\u010detna stranica\",\"item\":\"https:\\\/\\\/najnaj.eu\\\/fr\\\/\"},{\"@type\":\"ListItem\",\"position\":2,\"name\":\"Trgovina\",\"item\":\"https:\\\/\\\/najnaj.hr\\\/trgovina\\\/\"},{\"@type\":\"ListItem\",\"position\":3,\"name\":\"BeSafe Flex FIX 2 &#8211; Fresh Black Cab\"}]},{\"@type\":\"WebSite\",\"@id\":\"https:\\\/\\\/najnaj.eu\\\/fr\\\/#website\",\"url\":\"https:\\\/\\\/najnaj.eu\\\/fr\\\/\",\"name\":\"NajNaj.eu\",\"description\":\"Za najva\u017enije!\",\"potentialAction\":[{\"@type\":\"SearchAction\",\"target\":{\"@type\":\"EntryPoint\",\"urlTemplate\":\"https:\\\/\\\/najnaj.eu\\\/fr\\\/?s={search_term_string}\"},\"query-input\":{\"@type\":\"PropertyValueSpecification\",\"valueRequired\":true,\"valueName\":\"search_term_string\"}}],\"inLanguage\":\"fr-FR\"}]}<\/script>\n<meta property=\"product:brand\" content=\"BeSafe\" \/>\n<meta property=\"product:price:amount\" content=\"299.00\" \/>\n<meta property=\"product:price:currency\" content=\"EUR\" \/>\n<meta property=\"og:availability\" content=\"instock\" \/>\n<meta property=\"product:availability\" content=\"instock\" \/>\n<meta property=\"product:retailer_item_id\" content=\"11037469-BlackCabF-1Std\" \/>\n<meta property=\"product:condition\" content=\"new\" \/>\n<!-- \/ Yoast SEO Premium plugin. -->","yoast_head_json":{"title":"BeSafe Flex FIX 2 - Fresh Black Cab - NajNaj.eu","robots":{"index":"index","follow":"follow","max-snippet":"max-snippet:-1","max-image-preview":"max-image-preview:large","max-video-preview":"max-video-preview:-1"},"canonical":"https:\/\/najnaj.eu\/fr\/proizvod\/besafe-izi-flex-fix-2-i-size-fresh-black-cab\/","og_locale":"fr_FR","og_type":"article","og_title":"BeSafe Flex FIX 2 - Fresh Black Cab","og_description":"Flex FIX 2 - booster s naslonom nasljednik je nagra\u0111ivane BeSafe iZi Flex FIX i-Size autosjedalice. Kombinira izvrsnu sigurnost, optimalnu udobnost i kvalitetan dizajn za postavljanje do tri sjedalica u nizu.  Visina: 100 \u2013 150 cm Dob: Pribl. 4 \u2013 12 god. Postavljanje: ISOfix ili automobilski pojas s upori\u0161tem u tri to\u010dke Smjer: U smjeru vo\u017enje Atest: UN R129  Pogledajte Flex FIX 2 u interaktivnom 3D prikazu!","og_url":"https:\/\/najnaj.eu\/fr\/proizvod\/besafe-izi-flex-fix-2-i-size-fresh-black-cab\/","og_site_name":"NajNaj.eu","article_publisher":"https:\/\/web.facebook.com\/najnaj.eu\/","article_modified_time":"2026-02-04T08:53:06+00:00","og_image":[{"width":1080,"height":1080,"url":"https:\/\/najnaj.eu\/wp-content\/uploads\/2024\/03\/11037469\u200b_BeSafe-Flex-FIX-2\u200b_Black-Cab_Front.jpg","type":"image\/jpeg"}],"twitter_card":"summary_large_image","twitter_misc":{"Prix":"299,00&nbsp;&euro;","Disponibilit\u00e9":"En stock"},"schema":{"@context":"https:\/\/schema.org","@graph":[{"@type":"WebPage","@id":"https:\/\/najnaj.eu\/fr\/proizvod\/besafe-izi-flex-fix-2-i-size-fresh-black-cab\/","url":"https:\/\/najnaj.eu\/fr\/proizvod\/besafe-izi-flex-fix-2-i-size-fresh-black-cab\/","name":"BeSafe Flex FIX 2 - Fresh Black Cab - NajNaj.eu","isPartOf":{"@id":"https:\/\/najnaj.eu\/fr\/#website"},"primaryImageOfPage":{"@id":"https:\/\/najnaj.eu\/fr\/proizvod\/besafe-izi-flex-fix-2-i-size-fresh-black-cab\/#primaryimage"},"image":{"@id":"https:\/\/najnaj.eu\/fr\/proizvod\/besafe-izi-flex-fix-2-i-size-fresh-black-cab\/#primaryimage"},"thumbnailUrl":"https:\/\/najnaj.eu\/wp-content\/uploads\/2024\/03\/11037469\u200b_BeSafe-Flex-FIX-2\u200b_Black-Cab_Front.jpg","datePublished":"2025-01-02T09:13:15+00:00","dateModified":"2026-02-04T08:53:06+00:00","breadcrumb":{"@id":"https:\/\/najnaj.eu\/fr\/proizvod\/besafe-izi-flex-fix-2-i-size-fresh-black-cab\/#breadcrumb"},"inLanguage":"fr-FR","potentialAction":[{"@type":"ReadAction","target":["https:\/\/najnaj.eu\/fr\/proizvod\/besafe-izi-flex-fix-2-i-size-fresh-black-cab\/"]}]},{"@type":"ImageObject","inLanguage":"fr-FR","@id":"https:\/\/najnaj.eu\/fr\/proizvod\/besafe-izi-flex-fix-2-i-size-fresh-black-cab\/#primaryimage","url":"https:\/\/najnaj.eu\/wp-content\/uploads\/2024\/03\/11037469\u200b_BeSafe-Flex-FIX-2\u200b_Black-Cab_Front.jpg","contentUrl":"https:\/\/najnaj.eu\/wp-content\/uploads\/2024\/03\/11037469\u200b_BeSafe-Flex-FIX-2\u200b_Black-Cab_Front.jpg","width":1080,"height":1080},{"@type":"BreadcrumbList","@id":"https:\/\/najnaj.eu\/fr\/proizvod\/besafe-izi-flex-fix-2-i-size-fresh-black-cab\/#breadcrumb","itemListElement":[{"@type":"ListItem","position":1,"name":"Po\u010detna stranica","item":"https:\/\/najnaj.eu\/fr\/"},{"@type":"ListItem","position":2,"name":"Trgovina","item":"https:\/\/najnaj.hr\/trgovina\/"},{"@type":"ListItem","position":3,"name":"BeSafe Flex FIX 2 &#8211; Fresh Black Cab"}]},{"@type":"WebSite","@id":"https:\/\/najnaj.eu\/fr\/#website","url":"https:\/\/najnaj.eu\/fr\/","name":"NajNaj.eu","description":"Za najva\u017enije!","potentialAction":[{"@type":"SearchAction","target":{"@type":"EntryPoint","urlTemplate":"https:\/\/najnaj.eu\/fr\/?s={search_term_string}"},"query-input":{"@type":"PropertyValueSpecification","valueRequired":true,"valueName":"search_term_string"}}],"inLanguage":"fr-FR"}]},"product_brand":"BeSafe","product_price_amount":"299.00","product_price_currency":"EUR","og_availability":"instock","product_availability":"instock","product_retailer_item_id":"11037469-BlackCabF-1Std","product_condition":"new"},"_links":{"self":[{"href":"https:\/\/najnaj.eu\/fr\/wp-json\/wp\/v2\/product\/199617","targetHints":{"allow":["GET"]}}],"collection":[{"href":"https:\/\/najnaj.eu\/fr\/wp-json\/wp\/v2\/product"}],"about":[{"href":"https:\/\/najnaj.eu\/fr\/wp-json\/wp\/v2\/types\/product"}],"replies":[{"embeddable":true,"href":"https:\/\/najnaj.eu\/fr\/wp-json\/wp\/v2\/comments?post=199617"}],"version-history":[{"count":0,"href":"https:\/\/najnaj.eu\/fr\/wp-json\/wp\/v2\/product\/199617\/revisions"}],"wp:featuredmedia":[{"embeddable":true,"href":"https:\/\/najnaj.eu\/fr\/wp-json\/wp\/v2\/media\/199619"}],"wp:attachment":[{"href":"https:\/\/najnaj.eu\/fr\/wp-json\/wp\/v2\/media?parent=199617"}],"wp:term":[{"taxonomy":"product_brand","embeddable":true,"href":"https:\/\/najnaj.eu\/fr\/wp-json\/wp\/v2\/product_brand?post=199617"},{"taxonomy":"product_cat","embeddable":true,"href":"https:\/\/najnaj.eu\/fr\/wp-json\/wp\/v2\/product_cat?post=199617"},{"taxonomy":"product_tag","embeddable":true,"href":"https:\/\/najnaj.eu\/fr\/wp-json\/wp\/v2\/product_tag?post=199617"}],"curies":[{"name":"wp","href":"https:\/\/api.w.org\/{rel}","templated":true}]}}