{"id":199288,"date":"2024-03-07T15:52:33","date_gmt":"2024-03-07T14:52:33","guid":{"rendered":"https:\/\/najnaj.eu\/?post_type=product&#038;p=199288"},"modified":"2026-02-04T10:30:58","modified_gmt":"2026-02-04T09:30:58","slug":"citron-tritan-kutija-za-grickalice-dino-original-collection","status":"publish","type":"product","link":"https:\/\/najnaj.eu\/fr\/proizvod\/citron-tritan-kutija-za-grickalice-dino-original-collection\/","title":{"rendered":"Citron Tritan Kutija za grickalice Dino  &#8211; Original Collection"},"content":{"rendered":"<p>+ Pohranjuje hranu u 3 odvojena odjeljka<br \/>\n+ Odr\u017eava torbu za ru\u010dak suhom i \u010distom pomo\u0107u poklopca koja ne propu\u0161ta<br \/>\n+ Lako se otvara \u010dak i malim rukama<br \/>\n+ Prikladno za djecu od 6+ mjeseci<br \/>\n+ Podstavljena silikonom koji se mo\u017ee ukloniti radi lak\u0161eg pranja<\/p>\n<p><img loading=\"lazy\" decoding=\"async\" class=\"aligncenter wp-image-210611 size-large\" src=\"https:\/\/najnaj.eu\/wp-content\/uploads\/2024\/03\/Tritan-Snackbox-Spaceship-Dusty-Blue-3-HR-1024x1024.jpg\" alt=\"\" width=\"980\" height=\"980\" srcset=\"https:\/\/najnaj.eu\/wp-content\/uploads\/2024\/03\/Tritan-Snackbox-Spaceship-Dusty-Blue-3-HR-1024x1024.jpg 1024w, https:\/\/najnaj.eu\/wp-content\/uploads\/2024\/03\/Tritan-Snackbox-Spaceship-Dusty-Blue-3-HR-324x324.jpg 324w, https:\/\/najnaj.eu\/wp-content\/uploads\/2024\/03\/Tritan-Snackbox-Spaceship-Dusty-Blue-3-HR-100x100.jpg 100w, https:\/\/najnaj.eu\/wp-content\/uploads\/2024\/03\/Tritan-Snackbox-Spaceship-Dusty-Blue-3-HR-1200x1200.jpg 1200w, https:\/\/najnaj.eu\/wp-content\/uploads\/2024\/03\/Tritan-Snackbox-Spaceship-Dusty-Blue-3-HR-300x300.jpg 300w, https:\/\/najnaj.eu\/wp-content\/uploads\/2024\/03\/Tritan-Snackbox-Spaceship-Dusty-Blue-3-HR-150x150.jpg 150w, https:\/\/najnaj.eu\/wp-content\/uploads\/2024\/03\/Tritan-Snackbox-Spaceship-Dusty-Blue-3-HR-768x768.jpg 768w, https:\/\/najnaj.eu\/wp-content\/uploads\/2024\/03\/Tritan-Snackbox-Spaceship-Dusty-Blue-3-HR-1536x1536.jpg 1536w, https:\/\/najnaj.eu\/wp-content\/uploads\/2024\/03\/Tritan-Snackbox-Spaceship-Dusty-Blue-3-HR-1440x1440.jpg 1440w, https:\/\/najnaj.eu\/wp-content\/uploads\/2024\/03\/Tritan-Snackbox-Spaceship-Dusty-Blue-3-HR-420x420.jpg 420w, https:\/\/najnaj.eu\/wp-content\/uploads\/2024\/03\/Tritan-Snackbox-Spaceship-Dusty-Blue-3-HR-50x50.jpg 50w, https:\/\/najnaj.eu\/wp-content\/uploads\/2024\/03\/Tritan-Snackbox-Spaceship-Dusty-Blue-3-HR.jpg 2048w\" sizes=\"auto, (max-width: 980px) 100vw, 980px\" \/><\/p>\n","protected":false},"excerpt":{"rendered":"<p>Fleksibilna i lagana, nova Mini Snackbox idealna je za male ruke i male obroke. Izra\u0111ena je od sigurnih, netoksi\u010dnih materijala s poklopcem prilago\u0111enim djeci i tri pretinca u bento stilu za ravnote\u017eu okusa. \u010cvrsta je i kvalitetana, ba\u0161 ono \u0161to trebate za svoje mali\u0161ane kada su u pokretu!<\/p>\n","protected":false},"featured_media":199290,"comment_status":"open","ping_status":"closed","template":"","meta":{"_acf_changed":false,"footnotes":""},"product_brand":[],"product_cat":[655,622],"product_tag":[2392],"class_list":{"0":"post-199288","1":"product","2":"type-product","3":"status-publish","4":"has-post-thumbnail","6":"product_cat-kutije-za-uzinu","7":"product_cat-posude","8":"product_tag-vente","9":"pa_boja-zelena","10":"pa_brand-citron","11":"pa_vrsta-posuda-kutije-za-uzinu","13":"first","14":"instock","15":"sale","16":"shipping-taxable","17":"purchasable","18":"product-type-simple"},"bundled_by":[],"bundle_stock_status":"instock","bundle_stock_quantity":5,"bundle_virtual":false,"bundle_layout":"","bundle_add_to_cart_form_location":"","bundle_editable_in_cart":false,"bundle_sold_individually_context":"","bundle_item_grouping":"","bundle_min_size":"","bundle_max_size":"","bundle_price":[],"bundled_items":[],"bundle_sell_ids":[],"acf":[],"yoast_head":"<!-- This site is optimized with the Yoast SEO Premium plugin v21.5 (Yoast SEO v27.4) - https:\/\/yoast.com\/product\/yoast-seo-premium-wordpress\/ -->\n<title>Citron Tritan Kutija za grickalice Dino - Original Collection - NajNaj.eu<\/title>\n<meta name=\"robots\" content=\"index, follow, max-snippet:-1, max-image-preview:large, max-video-preview:-1\" \/>\n<link rel=\"canonical\" href=\"https:\/\/najnaj.eu\/fr\/proizvod\/citron-tritan-kutija-za-grickalice-dino-original-collection\/\" \/>\n<meta property=\"og:locale\" content=\"fr_FR\" \/>\n<meta property=\"og:type\" content=\"article\" \/>\n<meta property=\"og:title\" content=\"Citron Tritan Kutija za grickalice Dino - Original Collection\" \/>\n<meta property=\"og:description\" content=\"Fleksibilna i lagana, nova Mini Snackbox idealna je za male ruke i male obroke. Izra\u0111ena je od sigurnih, netoksi\u010dnih materijala s poklopcem prilago\u0111enim djeci i tri pretinca u bento stilu za ravnote\u017eu okusa. \u010cvrsta je i kvalitetana, ba\u0161 ono \u0161to trebate za svoje mali\u0161ane kada su u pokretu!\" \/>\n<meta property=\"og:url\" content=\"https:\/\/najnaj.eu\/fr\/proizvod\/citron-tritan-kutija-za-grickalice-dino-original-collection\/\" \/>\n<meta property=\"og:site_name\" content=\"NajNaj.eu\" \/>\n<meta property=\"article:publisher\" content=\"https:\/\/web.facebook.com\/najnaj.eu\/\" \/>\n<meta property=\"article:modified_time\" content=\"2026-02-04T09:30:58+00:00\" \/>\n<meta property=\"og:image\" content=\"https:\/\/najnaj.eu\/wp-content\/uploads\/2024\/03\/CEU1001_Dino-Original-Collection_f-Large.jpg\" \/>\n\t<meta property=\"og:image:width\" content=\"1080\" \/>\n\t<meta property=\"og:image:height\" content=\"1080\" \/>\n\t<meta property=\"og:image:type\" content=\"image\/jpeg\" \/>\n<meta name=\"twitter:card\" content=\"summary_large_image\" \/>\n<meta name=\"twitter:label1\" content=\"Prix\" \/>\n\t<meta name=\"twitter:data1\" content=\"27,99&nbsp;&euro;\" \/>\n\t<meta name=\"twitter:label2\" content=\"Disponibilit\u00e9\" \/>\n\t<meta name=\"twitter:data2\" content=\"En stock\" \/>\n<script type=\"application\/ld+json\" class=\"yoast-schema-graph\">{\"@context\":\"https:\\\/\\\/schema.org\",\"@graph\":[{\"@type\":\"WebPage\",\"@id\":\"https:\\\/\\\/najnaj.eu\\\/fr\\\/proizvod\\\/citron-tritan-kutija-za-grickalice-dino-original-collection\\\/\",\"url\":\"https:\\\/\\\/najnaj.eu\\\/fr\\\/proizvod\\\/citron-tritan-kutija-za-grickalice-dino-original-collection\\\/\",\"name\":\"Citron Tritan Kutija za grickalice Dino - Original Collection - NajNaj.eu\",\"isPartOf\":{\"@id\":\"https:\\\/\\\/najnaj.eu\\\/fr\\\/#website\"},\"primaryImageOfPage\":{\"@id\":\"https:\\\/\\\/najnaj.eu\\\/fr\\\/proizvod\\\/citron-tritan-kutija-za-grickalice-dino-original-collection\\\/#primaryimage\"},\"image\":{\"@id\":\"https:\\\/\\\/najnaj.eu\\\/fr\\\/proizvod\\\/citron-tritan-kutija-za-grickalice-dino-original-collection\\\/#primaryimage\"},\"thumbnailUrl\":\"https:\\\/\\\/najnaj.eu\\\/wp-content\\\/uploads\\\/2024\\\/03\\\/CEU1001_Dino-Original-Collection_f-Large.jpg\",\"datePublished\":\"2024-03-07T14:52:33+00:00\",\"dateModified\":\"2026-02-04T09:30:58+00:00\",\"breadcrumb\":{\"@id\":\"https:\\\/\\\/najnaj.eu\\\/fr\\\/proizvod\\\/citron-tritan-kutija-za-grickalice-dino-original-collection\\\/#breadcrumb\"},\"inLanguage\":\"fr-FR\",\"potentialAction\":[{\"@type\":\"ReadAction\",\"target\":[\"https:\\\/\\\/najnaj.eu\\\/fr\\\/proizvod\\\/citron-tritan-kutija-za-grickalice-dino-original-collection\\\/\"]}]},{\"@type\":\"ImageObject\",\"inLanguage\":\"fr-FR\",\"@id\":\"https:\\\/\\\/najnaj.eu\\\/fr\\\/proizvod\\\/citron-tritan-kutija-za-grickalice-dino-original-collection\\\/#primaryimage\",\"url\":\"https:\\\/\\\/najnaj.eu\\\/wp-content\\\/uploads\\\/2024\\\/03\\\/CEU1001_Dino-Original-Collection_f-Large.jpg\",\"contentUrl\":\"https:\\\/\\\/najnaj.eu\\\/wp-content\\\/uploads\\\/2024\\\/03\\\/CEU1001_Dino-Original-Collection_f-Large.jpg\",\"width\":1080,\"height\":1080},{\"@type\":\"BreadcrumbList\",\"@id\":\"https:\\\/\\\/najnaj.eu\\\/fr\\\/proizvod\\\/citron-tritan-kutija-za-grickalice-dino-original-collection\\\/#breadcrumb\",\"itemListElement\":[{\"@type\":\"ListItem\",\"position\":1,\"name\":\"Po\u010detna stranica\",\"item\":\"https:\\\/\\\/najnaj.eu\\\/fr\\\/\"},{\"@type\":\"ListItem\",\"position\":2,\"name\":\"Trgovina\",\"item\":\"https:\\\/\\\/najnaj.hr\\\/trgovina\\\/\"},{\"@type\":\"ListItem\",\"position\":3,\"name\":\"Citron Tritan Kutija za grickalice Dino &#8211; Original Collection\"}]},{\"@type\":\"WebSite\",\"@id\":\"https:\\\/\\\/najnaj.eu\\\/fr\\\/#website\",\"url\":\"https:\\\/\\\/najnaj.eu\\\/fr\\\/\",\"name\":\"NajNaj.eu\",\"description\":\"Za najva\u017enije!\",\"potentialAction\":[{\"@type\":\"SearchAction\",\"target\":{\"@type\":\"EntryPoint\",\"urlTemplate\":\"https:\\\/\\\/najnaj.eu\\\/fr\\\/?s={search_term_string}\"},\"query-input\":{\"@type\":\"PropertyValueSpecification\",\"valueRequired\":true,\"valueName\":\"search_term_string\"}}],\"inLanguage\":\"fr-FR\"}]}<\/script>\n<meta property=\"product:brand\" content=\"Citron\" \/>\n<meta property=\"product:price:amount\" content=\"27.99\" \/>\n<meta property=\"product:price:currency\" content=\"EUR\" \/>\n<meta property=\"og:availability\" content=\"instock\" \/>\n<meta property=\"product:availability\" content=\"instock\" \/>\n<meta property=\"product:retailer_item_id\" content=\"Sb_Tritan_Dino\" \/>\n<meta property=\"product:condition\" content=\"new\" \/>\n<!-- \/ Yoast SEO Premium plugin. -->","yoast_head_json":{"title":"Citron Tritan Kutija za grickalice Dino - Original Collection - NajNaj.eu","robots":{"index":"index","follow":"follow","max-snippet":"max-snippet:-1","max-image-preview":"max-image-preview:large","max-video-preview":"max-video-preview:-1"},"canonical":"https:\/\/najnaj.eu\/fr\/proizvod\/citron-tritan-kutija-za-grickalice-dino-original-collection\/","og_locale":"fr_FR","og_type":"article","og_title":"Citron Tritan Kutija za grickalice Dino - Original Collection","og_description":"Fleksibilna i lagana, nova Mini Snackbox idealna je za male ruke i male obroke. Izra\u0111ena je od sigurnih, netoksi\u010dnih materijala s poklopcem prilago\u0111enim djeci i tri pretinca u bento stilu za ravnote\u017eu okusa. \u010cvrsta je i kvalitetana, ba\u0161 ono \u0161to trebate za svoje mali\u0161ane kada su u pokretu!","og_url":"https:\/\/najnaj.eu\/fr\/proizvod\/citron-tritan-kutija-za-grickalice-dino-original-collection\/","og_site_name":"NajNaj.eu","article_publisher":"https:\/\/web.facebook.com\/najnaj.eu\/","article_modified_time":"2026-02-04T09:30:58+00:00","og_image":[{"width":1080,"height":1080,"url":"https:\/\/najnaj.eu\/wp-content\/uploads\/2024\/03\/CEU1001_Dino-Original-Collection_f-Large.jpg","type":"image\/jpeg"}],"twitter_card":"summary_large_image","twitter_misc":{"Prix":"27,99&nbsp;&euro;","Disponibilit\u00e9":"En stock"},"schema":{"@context":"https:\/\/schema.org","@graph":[{"@type":"WebPage","@id":"https:\/\/najnaj.eu\/fr\/proizvod\/citron-tritan-kutija-za-grickalice-dino-original-collection\/","url":"https:\/\/najnaj.eu\/fr\/proizvod\/citron-tritan-kutija-za-grickalice-dino-original-collection\/","name":"Citron Tritan Kutija za grickalice Dino - Original Collection - NajNaj.eu","isPartOf":{"@id":"https:\/\/najnaj.eu\/fr\/#website"},"primaryImageOfPage":{"@id":"https:\/\/najnaj.eu\/fr\/proizvod\/citron-tritan-kutija-za-grickalice-dino-original-collection\/#primaryimage"},"image":{"@id":"https:\/\/najnaj.eu\/fr\/proizvod\/citron-tritan-kutija-za-grickalice-dino-original-collection\/#primaryimage"},"thumbnailUrl":"https:\/\/najnaj.eu\/wp-content\/uploads\/2024\/03\/CEU1001_Dino-Original-Collection_f-Large.jpg","datePublished":"2024-03-07T14:52:33+00:00","dateModified":"2026-02-04T09:30:58+00:00","breadcrumb":{"@id":"https:\/\/najnaj.eu\/fr\/proizvod\/citron-tritan-kutija-za-grickalice-dino-original-collection\/#breadcrumb"},"inLanguage":"fr-FR","potentialAction":[{"@type":"ReadAction","target":["https:\/\/najnaj.eu\/fr\/proizvod\/citron-tritan-kutija-za-grickalice-dino-original-collection\/"]}]},{"@type":"ImageObject","inLanguage":"fr-FR","@id":"https:\/\/najnaj.eu\/fr\/proizvod\/citron-tritan-kutija-za-grickalice-dino-original-collection\/#primaryimage","url":"https:\/\/najnaj.eu\/wp-content\/uploads\/2024\/03\/CEU1001_Dino-Original-Collection_f-Large.jpg","contentUrl":"https:\/\/najnaj.eu\/wp-content\/uploads\/2024\/03\/CEU1001_Dino-Original-Collection_f-Large.jpg","width":1080,"height":1080},{"@type":"BreadcrumbList","@id":"https:\/\/najnaj.eu\/fr\/proizvod\/citron-tritan-kutija-za-grickalice-dino-original-collection\/#breadcrumb","itemListElement":[{"@type":"ListItem","position":1,"name":"Po\u010detna stranica","item":"https:\/\/najnaj.eu\/fr\/"},{"@type":"ListItem","position":2,"name":"Trgovina","item":"https:\/\/najnaj.hr\/trgovina\/"},{"@type":"ListItem","position":3,"name":"Citron Tritan Kutija za grickalice Dino &#8211; Original Collection"}]},{"@type":"WebSite","@id":"https:\/\/najnaj.eu\/fr\/#website","url":"https:\/\/najnaj.eu\/fr\/","name":"NajNaj.eu","description":"Za najva\u017enije!","potentialAction":[{"@type":"SearchAction","target":{"@type":"EntryPoint","urlTemplate":"https:\/\/najnaj.eu\/fr\/?s={search_term_string}"},"query-input":{"@type":"PropertyValueSpecification","valueRequired":true,"valueName":"search_term_string"}}],"inLanguage":"fr-FR"}]},"product_brand":"Citron","product_price_amount":"27.99","product_price_currency":"EUR","og_availability":"instock","product_availability":"instock","product_retailer_item_id":"Sb_Tritan_Dino","product_condition":"new"},"_links":{"self":[{"href":"https:\/\/najnaj.eu\/fr\/wp-json\/wp\/v2\/product\/199288","targetHints":{"allow":["GET"]}}],"collection":[{"href":"https:\/\/najnaj.eu\/fr\/wp-json\/wp\/v2\/product"}],"about":[{"href":"https:\/\/najnaj.eu\/fr\/wp-json\/wp\/v2\/types\/product"}],"replies":[{"embeddable":true,"href":"https:\/\/najnaj.eu\/fr\/wp-json\/wp\/v2\/comments?post=199288"}],"version-history":[{"count":0,"href":"https:\/\/najnaj.eu\/fr\/wp-json\/wp\/v2\/product\/199288\/revisions"}],"wp:featuredmedia":[{"embeddable":true,"href":"https:\/\/najnaj.eu\/fr\/wp-json\/wp\/v2\/media\/199290"}],"wp:attachment":[{"href":"https:\/\/najnaj.eu\/fr\/wp-json\/wp\/v2\/media?parent=199288"}],"wp:term":[{"taxonomy":"product_brand","embeddable":true,"href":"https:\/\/najnaj.eu\/fr\/wp-json\/wp\/v2\/product_brand?post=199288"},{"taxonomy":"product_cat","embeddable":true,"href":"https:\/\/najnaj.eu\/fr\/wp-json\/wp\/v2\/product_cat?post=199288"},{"taxonomy":"product_tag","embeddable":true,"href":"https:\/\/najnaj.eu\/fr\/wp-json\/wp\/v2\/product_tag?post=199288"}],"curies":[{"name":"wp","href":"https:\/\/api.w.org\/{rel}","templated":true}]}}