{"id":197052,"date":"2024-02-02T08:14:44","date_gmt":"2024-02-02T07:14:44","guid":{"rendered":"https:\/\/najnaj.eu\/?post_type=product&#038;p=197052"},"modified":"2026-02-04T10:32:48","modified_gmt":"2026-02-04T09:32:48","slug":"ergobaby-aura-marama-sustainable-mesh-twilight-navy","status":"publish","type":"product","link":"https:\/\/najnaj.eu\/fr\/proizvod\/ergobaby-aura-marama-sustainable-mesh-twilight-navy\/","title":{"rendered":"Ergobaby Aura marama Sustainable Mesh &#8211; Twilight Navy"},"content":{"rendered":"<p>Aura Sustainable marama savr\u0161en je izbor kada va\u0161e novoro\u0111en\u010de \u017eelite dr\u017eati blizu Va\u0161eg srca u prirodnom ergonomskom polo\u017eaju.<\/p>\n<p>Ergobaby Aura Sustainable marama idealna je za po\u010detnike kao i za iskusne nositelje beba. Uz ozna\u010deni rub i oznaku sredine marame koji znatno olak\u0161avaju vezanje, nosit \u0107ete svoju bebu za \u010das. Meka potporna tkanina dr\u017ei bebu na mjestu, blizu Va\u0161eg srca, u prirodnom ergonomskom polo\u017eaju u obliku slova M.<\/p>\n<p>Mekani materijali koji istovremenu pru\u017eaju pravilnu podr\u0161ku savr\u0161eni su za povezivanje tijekom \u010detvrtog tromjese\u010dja! Marama Vam pru\u017ea osje\u0107aj prozra\u010dnosti, dok je u\u0161iveni d\u017eep u kojeg se umota \u010dini izuzetno prakti\u010dnom za ponijeti bilo kamo sa sobom.<\/p>\n<p><strong>Prozra\u010dna i ugodna<\/strong><br \/>\nTkanina upija vlagu i prozra\u010dna je, bez straha od preznojavanja<\/p>\n<p><strong>Mre\u017easti materijal iz odr\u017eivih izvora<\/strong><br \/>\n100% upotrijebljenog poliestera se reciklira.<br \/>\nSvaka Aura Sustainable Mesh marama izra\u0111ena je od 36 plasti\u010dnih boca za vodu<\/p>\n<p><strong>Materijal prikladan za bebe<\/strong><br \/>\nPoma\u017ee u izbjegavanju toplinskog osipa kod bebe<\/p>\n<p>&nbsp;<\/p>\n","protected":false},"excerpt":{"rendered":"<p>Aura Sustainable marama izra\u0111ena je od odr\u017eivih i prozra\u010dnih materijala zbog \u010dega je idealan izbor od samih po\u010detaka roditeljstva.<\/p>\n<p>Mekani materijali koji istovremenu pru\u017eaju pravilnu podr\u0161ku savr\u0161eni su za povezivanje tijekom \u010detvrtog tromjese\u010dja!<\/p>\n<p>\u2022 93% recikliranog poliestera i 7% elastana\/spandexa<br \/>\n\u2022 No\u0161enje od 3,6 kg do 11,3 kg (0-12 mj.)<br \/>\n\u2022 No\u0161enje isklju\u010divo sprijeda u troslojnom vezu<br \/>\n\u2022 Jednostavno vezanje uz ozna\u010dene rubove<br \/>\n\u2022 Prakti\u010dna za ponijeti zbog u\u0161ivenog d\u017eepa<br \/>\n\u2022 Podupire bebu u ergonomskom \u201cM\u201d polo\u017eaju<br \/>\n\u2022 Jednostavno odr\u017eavanje, perivo u perilici<\/p>\n","protected":false},"featured_media":197081,"comment_status":"open","ping_status":"closed","template":"","meta":{"_acf_changed":false,"footnotes":""},"product_brand":[],"product_cat":[732,544,737],"product_tag":[],"class_list":{"0":"post-197052","1":"product","2":"type-product","3":"status-publish","4":"has-post-thumbnail","6":"product_cat-1-polozaj-nosenja","7":"product_cat-nosiljke","8":"product_cat-za-prvih-godinu-dana","9":"pa_boja-plava","10":"pa_brand-ergobaby","12":"first","13":"instock","14":"purchasable","15":"product-type-simple"},"bundled_by":[],"bundle_stock_status":"instock","bundle_stock_quantity":15,"bundle_virtual":false,"bundle_layout":"","bundle_add_to_cart_form_location":"","bundle_editable_in_cart":false,"bundle_sold_individually_context":"","bundle_item_grouping":"","bundle_min_size":"","bundle_max_size":"","bundle_price":[],"bundled_items":[],"bundle_sell_ids":[],"acf":[],"yoast_head":"<!-- This site is optimized with the Yoast SEO Premium plugin v21.5 (Yoast SEO v27.4) - https:\/\/yoast.com\/product\/yoast-seo-premium-wordpress\/ -->\n<title>Ergobaby Aura marama Sustainable Mesh - Twilight Navy - NajNaj.eu<\/title>\n<meta name=\"robots\" content=\"index, follow, max-snippet:-1, max-image-preview:large, max-video-preview:-1\" \/>\n<link rel=\"canonical\" href=\"https:\/\/najnaj.eu\/fr\/proizvod\/ergobaby-aura-marama-sustainable-mesh-twilight-navy\/\" \/>\n<meta property=\"og:locale\" content=\"fr_FR\" \/>\n<meta property=\"og:type\" content=\"article\" \/>\n<meta property=\"og:title\" content=\"Ergobaby Aura marama Sustainable Mesh - Twilight Navy\" \/>\n<meta property=\"og:description\" content=\"Aura Sustainable marama izra\u0111ena je od odr\u017eivih i prozra\u010dnih materijala zbog \u010dega je idealan izbor od samih po\u010detaka roditeljstva.  Mekani materijali koji istovremenu pru\u017eaju pravilnu podr\u0161ku savr\u0161eni su za povezivanje tijekom \u010detvrtog tromjese\u010dja!  \u2022 93% recikliranog poliestera i 7% elastana\/spandexa \u2022 No\u0161enje od 3,6 kg do 11,3 kg (0-12 mj.) \u2022 No\u0161enje isklju\u010divo sprijeda u troslojnom vezu \u2022 Jednostavno vezanje uz ozna\u010dene rubove \u2022 Prakti\u010dna za ponijeti zbog u\u0161ivenog d\u017eepa \u2022 Podupire bebu u ergonomskom \u201cM\u201d polo\u017eaju \u2022 Jednostavno odr\u017eavanje, perivo u perilici\" \/>\n<meta property=\"og:url\" content=\"https:\/\/najnaj.eu\/fr\/proizvod\/ergobaby-aura-marama-sustainable-mesh-twilight-navy\/\" \/>\n<meta property=\"og:site_name\" content=\"NajNaj.eu\" \/>\n<meta property=\"article:publisher\" content=\"https:\/\/web.facebook.com\/najnaj.eu\/\" \/>\n<meta property=\"article:modified_time\" content=\"2026-02-04T09:32:48+00:00\" \/>\n<meta property=\"og:image\" content=\"https:\/\/najnaj.eu\/wp-content\/uploads\/2024\/02\/aura-wrap-susbl-mesh-navy-st-4380x6525-781fbfe.jpg\" \/>\n\t<meta property=\"og:image:width\" content=\"1611\" \/>\n\t<meta property=\"og:image:height\" content=\"2400\" \/>\n\t<meta property=\"og:image:type\" content=\"image\/jpeg\" \/>\n<meta name=\"twitter:card\" content=\"summary_large_image\" \/>\n<meta name=\"twitter:label1\" content=\"Prix\" \/>\n\t<meta name=\"twitter:data1\" content=\"59,90&nbsp;&euro;\" \/>\n\t<meta name=\"twitter:label2\" content=\"Disponibilit\u00e9\" \/>\n\t<meta name=\"twitter:data2\" content=\"En stock\" \/>\n<script type=\"application\/ld+json\" class=\"yoast-schema-graph\">{\"@context\":\"https:\\\/\\\/schema.org\",\"@graph\":[{\"@type\":\"WebPage\",\"@id\":\"https:\\\/\\\/najnaj.eu\\\/fr\\\/proizvod\\\/ergobaby-aura-marama-sustainable-mesh-twilight-navy\\\/\",\"url\":\"https:\\\/\\\/najnaj.eu\\\/fr\\\/proizvod\\\/ergobaby-aura-marama-sustainable-mesh-twilight-navy\\\/\",\"name\":\"Ergobaby Aura marama Sustainable Mesh - Twilight Navy - NajNaj.eu\",\"isPartOf\":{\"@id\":\"https:\\\/\\\/najnaj.eu\\\/fr\\\/#website\"},\"primaryImageOfPage\":{\"@id\":\"https:\\\/\\\/najnaj.eu\\\/fr\\\/proizvod\\\/ergobaby-aura-marama-sustainable-mesh-twilight-navy\\\/#primaryimage\"},\"image\":{\"@id\":\"https:\\\/\\\/najnaj.eu\\\/fr\\\/proizvod\\\/ergobaby-aura-marama-sustainable-mesh-twilight-navy\\\/#primaryimage\"},\"thumbnailUrl\":\"https:\\\/\\\/najnaj.eu\\\/wp-content\\\/uploads\\\/2024\\\/02\\\/aura-wrap-susbl-mesh-navy-st-4380x6525-781fbfe.jpg\",\"datePublished\":\"2024-02-02T07:14:44+00:00\",\"dateModified\":\"2026-02-04T09:32:48+00:00\",\"breadcrumb\":{\"@id\":\"https:\\\/\\\/najnaj.eu\\\/fr\\\/proizvod\\\/ergobaby-aura-marama-sustainable-mesh-twilight-navy\\\/#breadcrumb\"},\"inLanguage\":\"fr-FR\",\"potentialAction\":[{\"@type\":\"ReadAction\",\"target\":[\"https:\\\/\\\/najnaj.eu\\\/fr\\\/proizvod\\\/ergobaby-aura-marama-sustainable-mesh-twilight-navy\\\/\"]}]},{\"@type\":\"ImageObject\",\"inLanguage\":\"fr-FR\",\"@id\":\"https:\\\/\\\/najnaj.eu\\\/fr\\\/proizvod\\\/ergobaby-aura-marama-sustainable-mesh-twilight-navy\\\/#primaryimage\",\"url\":\"https:\\\/\\\/najnaj.eu\\\/wp-content\\\/uploads\\\/2024\\\/02\\\/aura-wrap-susbl-mesh-navy-st-4380x6525-781fbfe.jpg\",\"contentUrl\":\"https:\\\/\\\/najnaj.eu\\\/wp-content\\\/uploads\\\/2024\\\/02\\\/aura-wrap-susbl-mesh-navy-st-4380x6525-781fbfe.jpg\",\"width\":1611,\"height\":2400},{\"@type\":\"BreadcrumbList\",\"@id\":\"https:\\\/\\\/najnaj.eu\\\/fr\\\/proizvod\\\/ergobaby-aura-marama-sustainable-mesh-twilight-navy\\\/#breadcrumb\",\"itemListElement\":[{\"@type\":\"ListItem\",\"position\":1,\"name\":\"Po\u010detna stranica\",\"item\":\"https:\\\/\\\/najnaj.eu\\\/fr\\\/\"},{\"@type\":\"ListItem\",\"position\":2,\"name\":\"Trgovina\",\"item\":\"https:\\\/\\\/najnaj.hr\\\/trgovina\\\/\"},{\"@type\":\"ListItem\",\"position\":3,\"name\":\"Ergobaby Aura marama Sustainable Mesh &#8211; Twilight Navy\"}]},{\"@type\":\"WebSite\",\"@id\":\"https:\\\/\\\/najnaj.eu\\\/fr\\\/#website\",\"url\":\"https:\\\/\\\/najnaj.eu\\\/fr\\\/\",\"name\":\"NajNaj.eu\",\"description\":\"Za najva\u017enije!\",\"potentialAction\":[{\"@type\":\"SearchAction\",\"target\":{\"@type\":\"EntryPoint\",\"urlTemplate\":\"https:\\\/\\\/najnaj.eu\\\/fr\\\/?s={search_term_string}\"},\"query-input\":{\"@type\":\"PropertyValueSpecification\",\"valueRequired\":true,\"valueName\":\"search_term_string\"}}],\"inLanguage\":\"fr-FR\"}]}<\/script>\n<meta property=\"product:brand\" content=\"Ergobaby\" \/>\n<meta property=\"product:price:amount\" content=\"59.90\" \/>\n<meta property=\"product:price:currency\" content=\"EUR\" \/>\n<meta property=\"og:availability\" content=\"instock\" \/>\n<meta property=\"product:availability\" content=\"instock\" \/>\n<meta property=\"product:retailer_item_id\" content=\"WLASMTWINVY\" \/>\n<meta property=\"product:condition\" content=\"new\" \/>\n<!-- \/ Yoast SEO Premium plugin. -->","yoast_head_json":{"title":"Ergobaby Aura marama Sustainable Mesh - Twilight Navy - NajNaj.eu","robots":{"index":"index","follow":"follow","max-snippet":"max-snippet:-1","max-image-preview":"max-image-preview:large","max-video-preview":"max-video-preview:-1"},"canonical":"https:\/\/najnaj.eu\/fr\/proizvod\/ergobaby-aura-marama-sustainable-mesh-twilight-navy\/","og_locale":"fr_FR","og_type":"article","og_title":"Ergobaby Aura marama Sustainable Mesh - Twilight Navy","og_description":"Aura Sustainable marama izra\u0111ena je od odr\u017eivih i prozra\u010dnih materijala zbog \u010dega je idealan izbor od samih po\u010detaka roditeljstva.  Mekani materijali koji istovremenu pru\u017eaju pravilnu podr\u0161ku savr\u0161eni su za povezivanje tijekom \u010detvrtog tromjese\u010dja!  \u2022 93% recikliranog poliestera i 7% elastana\/spandexa \u2022 No\u0161enje od 3,6 kg do 11,3 kg (0-12 mj.) \u2022 No\u0161enje isklju\u010divo sprijeda u troslojnom vezu \u2022 Jednostavno vezanje uz ozna\u010dene rubove \u2022 Prakti\u010dna za ponijeti zbog u\u0161ivenog d\u017eepa \u2022 Podupire bebu u ergonomskom \u201cM\u201d polo\u017eaju \u2022 Jednostavno odr\u017eavanje, perivo u perilici","og_url":"https:\/\/najnaj.eu\/fr\/proizvod\/ergobaby-aura-marama-sustainable-mesh-twilight-navy\/","og_site_name":"NajNaj.eu","article_publisher":"https:\/\/web.facebook.com\/najnaj.eu\/","article_modified_time":"2026-02-04T09:32:48+00:00","og_image":[{"width":1611,"height":2400,"url":"https:\/\/najnaj.eu\/wp-content\/uploads\/2024\/02\/aura-wrap-susbl-mesh-navy-st-4380x6525-781fbfe.jpg","type":"image\/jpeg"}],"twitter_card":"summary_large_image","twitter_misc":{"Prix":"59,90&nbsp;&euro;","Disponibilit\u00e9":"En stock"},"schema":{"@context":"https:\/\/schema.org","@graph":[{"@type":"WebPage","@id":"https:\/\/najnaj.eu\/fr\/proizvod\/ergobaby-aura-marama-sustainable-mesh-twilight-navy\/","url":"https:\/\/najnaj.eu\/fr\/proizvod\/ergobaby-aura-marama-sustainable-mesh-twilight-navy\/","name":"Ergobaby Aura marama Sustainable Mesh - Twilight Navy - NajNaj.eu","isPartOf":{"@id":"https:\/\/najnaj.eu\/fr\/#website"},"primaryImageOfPage":{"@id":"https:\/\/najnaj.eu\/fr\/proizvod\/ergobaby-aura-marama-sustainable-mesh-twilight-navy\/#primaryimage"},"image":{"@id":"https:\/\/najnaj.eu\/fr\/proizvod\/ergobaby-aura-marama-sustainable-mesh-twilight-navy\/#primaryimage"},"thumbnailUrl":"https:\/\/najnaj.eu\/wp-content\/uploads\/2024\/02\/aura-wrap-susbl-mesh-navy-st-4380x6525-781fbfe.jpg","datePublished":"2024-02-02T07:14:44+00:00","dateModified":"2026-02-04T09:32:48+00:00","breadcrumb":{"@id":"https:\/\/najnaj.eu\/fr\/proizvod\/ergobaby-aura-marama-sustainable-mesh-twilight-navy\/#breadcrumb"},"inLanguage":"fr-FR","potentialAction":[{"@type":"ReadAction","target":["https:\/\/najnaj.eu\/fr\/proizvod\/ergobaby-aura-marama-sustainable-mesh-twilight-navy\/"]}]},{"@type":"ImageObject","inLanguage":"fr-FR","@id":"https:\/\/najnaj.eu\/fr\/proizvod\/ergobaby-aura-marama-sustainable-mesh-twilight-navy\/#primaryimage","url":"https:\/\/najnaj.eu\/wp-content\/uploads\/2024\/02\/aura-wrap-susbl-mesh-navy-st-4380x6525-781fbfe.jpg","contentUrl":"https:\/\/najnaj.eu\/wp-content\/uploads\/2024\/02\/aura-wrap-susbl-mesh-navy-st-4380x6525-781fbfe.jpg","width":1611,"height":2400},{"@type":"BreadcrumbList","@id":"https:\/\/najnaj.eu\/fr\/proizvod\/ergobaby-aura-marama-sustainable-mesh-twilight-navy\/#breadcrumb","itemListElement":[{"@type":"ListItem","position":1,"name":"Po\u010detna stranica","item":"https:\/\/najnaj.eu\/fr\/"},{"@type":"ListItem","position":2,"name":"Trgovina","item":"https:\/\/najnaj.hr\/trgovina\/"},{"@type":"ListItem","position":3,"name":"Ergobaby Aura marama Sustainable Mesh &#8211; Twilight Navy"}]},{"@type":"WebSite","@id":"https:\/\/najnaj.eu\/fr\/#website","url":"https:\/\/najnaj.eu\/fr\/","name":"NajNaj.eu","description":"Za najva\u017enije!","potentialAction":[{"@type":"SearchAction","target":{"@type":"EntryPoint","urlTemplate":"https:\/\/najnaj.eu\/fr\/?s={search_term_string}"},"query-input":{"@type":"PropertyValueSpecification","valueRequired":true,"valueName":"search_term_string"}}],"inLanguage":"fr-FR"}]},"product_brand":"Ergobaby","product_price_amount":"59.90","product_price_currency":"EUR","og_availability":"instock","product_availability":"instock","product_retailer_item_id":"WLASMTWINVY","product_condition":"new"},"_links":{"self":[{"href":"https:\/\/najnaj.eu\/fr\/wp-json\/wp\/v2\/product\/197052","targetHints":{"allow":["GET"]}}],"collection":[{"href":"https:\/\/najnaj.eu\/fr\/wp-json\/wp\/v2\/product"}],"about":[{"href":"https:\/\/najnaj.eu\/fr\/wp-json\/wp\/v2\/types\/product"}],"replies":[{"embeddable":true,"href":"https:\/\/najnaj.eu\/fr\/wp-json\/wp\/v2\/comments?post=197052"}],"version-history":[{"count":0,"href":"https:\/\/najnaj.eu\/fr\/wp-json\/wp\/v2\/product\/197052\/revisions"}],"wp:featuredmedia":[{"embeddable":true,"href":"https:\/\/najnaj.eu\/fr\/wp-json\/wp\/v2\/media\/197081"}],"wp:attachment":[{"href":"https:\/\/najnaj.eu\/fr\/wp-json\/wp\/v2\/media?parent=197052"}],"wp:term":[{"taxonomy":"product_brand","embeddable":true,"href":"https:\/\/najnaj.eu\/fr\/wp-json\/wp\/v2\/product_brand?post=197052"},{"taxonomy":"product_cat","embeddable":true,"href":"https:\/\/najnaj.eu\/fr\/wp-json\/wp\/v2\/product_cat?post=197052"},{"taxonomy":"product_tag","embeddable":true,"href":"https:\/\/najnaj.eu\/fr\/wp-json\/wp\/v2\/product_tag?post=197052"}],"curies":[{"name":"wp","href":"https:\/\/api.w.org\/{rel}","templated":true}]}}