{"id":196805,"date":"2024-01-31T11:22:35","date_gmt":"2024-01-31T10:22:35","guid":{"rendered":"https:\/\/najnaj.eu\/?post_type=product&#038;p=196805"},"modified":"2026-02-04T10:34:25","modified_gmt":"2026-02-04T09:34:25","slug":"citron-termo-roll-up-spaceship-dusty-blue","status":"publish","type":"product","link":"https:\/\/najnaj.eu\/fr\/proizvod\/citron-termo-roll-up-spaceship-dusty-blue\/","title":{"rendered":"Citron Termo Roll Up Spaceship Dusty Blue"},"content":{"rendered":"<p>+ Izolirana za odr\u017eavanje temperature hrane<br \/>\n+ Podstavljena netoksi\u010dnim toplinskim materijalom<br \/>\n+ Uklju\u010duje naljepnicu s oznakom s imenom unutra<br \/>\n+ Opremljena s 2 bo\u010dna d\u017eepa za 2 boce do 500 ml<br \/>\n+ Uklju\u010duje odvojivu naramenicu za no\u0161enje preko tijela<br \/>\n+ Pri\u010dvr\u0161\u0107ene naramenice za no\u0161enje kao ruksak<br \/>\n+ Prikladno za djecu od 18+ mjeseci<\/p>\n<p><img loading=\"lazy\" decoding=\"async\" class=\"alignnone wp-image-211404 size-large\" src=\"https:\/\/najnaj.eu\/wp-content\/uploads\/2024\/01\/Thermal-Roll-Up-Lunch-Bag-Flowers-9-HR-1024x1024.jpg\" alt=\"\" width=\"980\" height=\"980\" srcset=\"https:\/\/najnaj.eu\/wp-content\/uploads\/2024\/01\/Thermal-Roll-Up-Lunch-Bag-Flowers-9-HR-1024x1024.jpg 1024w, https:\/\/najnaj.eu\/wp-content\/uploads\/2024\/01\/Thermal-Roll-Up-Lunch-Bag-Flowers-9-HR-324x324.jpg 324w, https:\/\/najnaj.eu\/wp-content\/uploads\/2024\/01\/Thermal-Roll-Up-Lunch-Bag-Flowers-9-HR-100x100.jpg 100w, https:\/\/najnaj.eu\/wp-content\/uploads\/2024\/01\/Thermal-Roll-Up-Lunch-Bag-Flowers-9-HR-1200x1200.jpg 1200w, https:\/\/najnaj.eu\/wp-content\/uploads\/2024\/01\/Thermal-Roll-Up-Lunch-Bag-Flowers-9-HR-300x300.jpg 300w, https:\/\/najnaj.eu\/wp-content\/uploads\/2024\/01\/Thermal-Roll-Up-Lunch-Bag-Flowers-9-HR-150x150.jpg 150w, https:\/\/najnaj.eu\/wp-content\/uploads\/2024\/01\/Thermal-Roll-Up-Lunch-Bag-Flowers-9-HR-768x768.jpg 768w, https:\/\/najnaj.eu\/wp-content\/uploads\/2024\/01\/Thermal-Roll-Up-Lunch-Bag-Flowers-9-HR-1536x1536.jpg 1536w, https:\/\/najnaj.eu\/wp-content\/uploads\/2024\/01\/Thermal-Roll-Up-Lunch-Bag-Flowers-9-HR-1440x1440.jpg 1440w, https:\/\/najnaj.eu\/wp-content\/uploads\/2024\/01\/Thermal-Roll-Up-Lunch-Bag-Flowers-9-HR-420x420.jpg 420w, https:\/\/najnaj.eu\/wp-content\/uploads\/2024\/01\/Thermal-Roll-Up-Lunch-Bag-Flowers-9-HR-50x50.jpg 50w, https:\/\/najnaj.eu\/wp-content\/uploads\/2024\/01\/Thermal-Roll-Up-Lunch-Bag-Flowers-9-HR.jpg 2048w\" sizes=\"auto, (max-width: 980px) 100vw, 980px\" \/><\/p>\n","protected":false},"excerpt":{"rendered":"<p>Na\u0161a izolirana Roll Up torba za ru\u010dak napravljena je od recikliranih boca za vodu, tako da nije dobra samo za planet, ve\u0107 je i dizajnirana da du\u017ee dr\u017ei hranu na \u017eeljenoj temperaturi, bilo da je topla ili hladna. Tako\u0111er je prostrana, omogu\u0107uje postavljanje predmeta koji se mogu slo\u017eiti unutra i mo\u017ee se nositi na tri razli\u010dita na\u010dina za dodatnu udobnost i prakti\u010dnost.<\/p>\n","protected":false},"featured_media":196807,"comment_status":"open","ping_status":"closed","template":"","meta":{"_acf_changed":false,"footnotes":""},"product_brand":[],"product_cat":[663,662],"product_tag":[],"class_list":{"0":"post-196805","1":"product","2":"type-product","3":"status-publish","4":"has-post-thumbnail","6":"product_cat-djecji-ruksaci","7":"product_cat-stvari-za-djecu","8":"pa_boja-plava","9":"pa_brand-citron","10":"pa_omiljeno-omiljeno-djecacima","12":"first","13":"instock","14":"shipping-taxable","15":"purchasable","16":"product-type-simple"},"bundled_by":["264822"],"bundle_stock_status":"instock","bundle_stock_quantity":15,"bundle_virtual":false,"bundle_layout":"","bundle_add_to_cart_form_location":"","bundle_editable_in_cart":false,"bundle_sold_individually_context":"","bundle_item_grouping":"","bundle_min_size":"","bundle_max_size":"","bundle_price":[],"bundled_items":[],"bundle_sell_ids":[],"acf":[],"yoast_head":"<!-- This site is optimized with the Yoast SEO Premium plugin v21.5 (Yoast SEO v27.4) - https:\/\/yoast.com\/product\/yoast-seo-premium-wordpress\/ -->\n<title>Citron Termo Roll Up Spaceship Dusty Blue - NajNaj.eu<\/title>\n<meta name=\"robots\" content=\"index, follow, max-snippet:-1, max-image-preview:large, max-video-preview:-1\" \/>\n<link rel=\"canonical\" href=\"https:\/\/najnaj.eu\/fr\/proizvod\/citron-termo-roll-up-spaceship-dusty-blue\/\" \/>\n<meta property=\"og:locale\" content=\"fr_FR\" \/>\n<meta property=\"og:type\" content=\"article\" \/>\n<meta property=\"og:title\" content=\"Citron Termo Roll Up Spaceship Dusty Blue\" \/>\n<meta property=\"og:description\" content=\"Na\u0161a izolirana Roll Up torba za ru\u010dak napravljena je od recikliranih boca za vodu, tako da nije dobra samo za planet, ve\u0107 je i dizajnirana da du\u017ee dr\u017ei hranu na \u017eeljenoj temperaturi, bilo da je topla ili hladna. Tako\u0111er je prostrana, omogu\u0107uje postavljanje predmeta koji se mogu slo\u017eiti unutra i mo\u017ee se nositi na tri razli\u010dita na\u010dina za dodatnu udobnost i prakti\u010dnost.\" \/>\n<meta property=\"og:url\" content=\"https:\/\/najnaj.eu\/fr\/proizvod\/citron-termo-roll-up-spaceship-dusty-blue\/\" \/>\n<meta property=\"og:site_name\" content=\"NajNaj.eu\" \/>\n<meta property=\"article:publisher\" content=\"https:\/\/web.facebook.com\/najnaj.eu\/\" \/>\n<meta property=\"article:modified_time\" content=\"2026-02-04T09:34:25+00:00\" \/>\n<meta property=\"og:image\" content=\"https:\/\/najnaj.eu\/wp-content\/uploads\/2024\/01\/Z1018-Spaceship-Dusty-Blue-Extra-1.jpg\" \/>\n\t<meta property=\"og:image:width\" content=\"2000\" \/>\n\t<meta property=\"og:image:height\" content=\"2000\" \/>\n\t<meta property=\"og:image:type\" content=\"image\/jpeg\" \/>\n<meta name=\"twitter:card\" content=\"summary_large_image\" \/>\n<meta name=\"twitter:label1\" content=\"Prix\" \/>\n\t<meta name=\"twitter:data1\" content=\"44,99&nbsp;&euro;\" \/>\n\t<meta name=\"twitter:label2\" content=\"Disponibilit\u00e9\" \/>\n\t<meta name=\"twitter:data2\" content=\"En stock\" \/>\n<script type=\"application\/ld+json\" class=\"yoast-schema-graph\">{\"@context\":\"https:\\\/\\\/schema.org\",\"@graph\":[{\"@type\":\"WebPage\",\"@id\":\"https:\\\/\\\/najnaj.eu\\\/fr\\\/proizvod\\\/citron-termo-roll-up-spaceship-dusty-blue\\\/\",\"url\":\"https:\\\/\\\/najnaj.eu\\\/fr\\\/proizvod\\\/citron-termo-roll-up-spaceship-dusty-blue\\\/\",\"name\":\"Citron Termo Roll Up Spaceship Dusty Blue - NajNaj.eu\",\"isPartOf\":{\"@id\":\"https:\\\/\\\/najnaj.eu\\\/fr\\\/#website\"},\"primaryImageOfPage\":{\"@id\":\"https:\\\/\\\/najnaj.eu\\\/fr\\\/proizvod\\\/citron-termo-roll-up-spaceship-dusty-blue\\\/#primaryimage\"},\"image\":{\"@id\":\"https:\\\/\\\/najnaj.eu\\\/fr\\\/proizvod\\\/citron-termo-roll-up-spaceship-dusty-blue\\\/#primaryimage\"},\"thumbnailUrl\":\"https:\\\/\\\/najnaj.eu\\\/wp-content\\\/uploads\\\/2024\\\/01\\\/Z1018-Spaceship-Dusty-Blue-Extra-1.jpg\",\"datePublished\":\"2024-01-31T10:22:35+00:00\",\"dateModified\":\"2026-02-04T09:34:25+00:00\",\"breadcrumb\":{\"@id\":\"https:\\\/\\\/najnaj.eu\\\/fr\\\/proizvod\\\/citron-termo-roll-up-spaceship-dusty-blue\\\/#breadcrumb\"},\"inLanguage\":\"fr-FR\",\"potentialAction\":[{\"@type\":\"ReadAction\",\"target\":[\"https:\\\/\\\/najnaj.eu\\\/fr\\\/proizvod\\\/citron-termo-roll-up-spaceship-dusty-blue\\\/\"]}]},{\"@type\":\"ImageObject\",\"inLanguage\":\"fr-FR\",\"@id\":\"https:\\\/\\\/najnaj.eu\\\/fr\\\/proizvod\\\/citron-termo-roll-up-spaceship-dusty-blue\\\/#primaryimage\",\"url\":\"https:\\\/\\\/najnaj.eu\\\/wp-content\\\/uploads\\\/2024\\\/01\\\/Z1018-Spaceship-Dusty-Blue-Extra-1.jpg\",\"contentUrl\":\"https:\\\/\\\/najnaj.eu\\\/wp-content\\\/uploads\\\/2024\\\/01\\\/Z1018-Spaceship-Dusty-Blue-Extra-1.jpg\",\"width\":2000,\"height\":2000},{\"@type\":\"BreadcrumbList\",\"@id\":\"https:\\\/\\\/najnaj.eu\\\/fr\\\/proizvod\\\/citron-termo-roll-up-spaceship-dusty-blue\\\/#breadcrumb\",\"itemListElement\":[{\"@type\":\"ListItem\",\"position\":1,\"name\":\"Po\u010detna stranica\",\"item\":\"https:\\\/\\\/najnaj.eu\\\/fr\\\/\"},{\"@type\":\"ListItem\",\"position\":2,\"name\":\"Trgovina\",\"item\":\"https:\\\/\\\/najnaj.hr\\\/trgovina\\\/\"},{\"@type\":\"ListItem\",\"position\":3,\"name\":\"Citron Termo Roll Up Spaceship Dusty Blue\"}]},{\"@type\":\"WebSite\",\"@id\":\"https:\\\/\\\/najnaj.eu\\\/fr\\\/#website\",\"url\":\"https:\\\/\\\/najnaj.eu\\\/fr\\\/\",\"name\":\"NajNaj.eu\",\"description\":\"Za najva\u017enije!\",\"potentialAction\":[{\"@type\":\"SearchAction\",\"target\":{\"@type\":\"EntryPoint\",\"urlTemplate\":\"https:\\\/\\\/najnaj.eu\\\/fr\\\/?s={search_term_string}\"},\"query-input\":{\"@type\":\"PropertyValueSpecification\",\"valueRequired\":true,\"valueName\":\"search_term_string\"}}],\"inLanguage\":\"fr-FR\"}]}<\/script>\n<meta property=\"product:brand\" content=\"Citron\" \/>\n<meta property=\"product:price:amount\" content=\"44.99\" \/>\n<meta property=\"product:price:currency\" content=\"EUR\" \/>\n<meta property=\"og:availability\" content=\"instock\" \/>\n<meta property=\"product:availability\" content=\"instock\" \/>\n<meta property=\"product:retailer_item_id\" content=\"roll_lunchbag_spaceship\" \/>\n<meta property=\"product:condition\" content=\"new\" \/>\n<!-- \/ Yoast SEO Premium plugin. -->","yoast_head_json":{"title":"Citron Termo Roll Up Spaceship Dusty Blue - NajNaj.eu","robots":{"index":"index","follow":"follow","max-snippet":"max-snippet:-1","max-image-preview":"max-image-preview:large","max-video-preview":"max-video-preview:-1"},"canonical":"https:\/\/najnaj.eu\/fr\/proizvod\/citron-termo-roll-up-spaceship-dusty-blue\/","og_locale":"fr_FR","og_type":"article","og_title":"Citron Termo Roll Up Spaceship Dusty Blue","og_description":"Na\u0161a izolirana Roll Up torba za ru\u010dak napravljena je od recikliranih boca za vodu, tako da nije dobra samo za planet, ve\u0107 je i dizajnirana da du\u017ee dr\u017ei hranu na \u017eeljenoj temperaturi, bilo da je topla ili hladna. Tako\u0111er je prostrana, omogu\u0107uje postavljanje predmeta koji se mogu slo\u017eiti unutra i mo\u017ee se nositi na tri razli\u010dita na\u010dina za dodatnu udobnost i prakti\u010dnost.","og_url":"https:\/\/najnaj.eu\/fr\/proizvod\/citron-termo-roll-up-spaceship-dusty-blue\/","og_site_name":"NajNaj.eu","article_publisher":"https:\/\/web.facebook.com\/najnaj.eu\/","article_modified_time":"2026-02-04T09:34:25+00:00","og_image":[{"width":2000,"height":2000,"url":"https:\/\/najnaj.eu\/wp-content\/uploads\/2024\/01\/Z1018-Spaceship-Dusty-Blue-Extra-1.jpg","type":"image\/jpeg"}],"twitter_card":"summary_large_image","twitter_misc":{"Prix":"44,99&nbsp;&euro;","Disponibilit\u00e9":"En stock"},"schema":{"@context":"https:\/\/schema.org","@graph":[{"@type":"WebPage","@id":"https:\/\/najnaj.eu\/fr\/proizvod\/citron-termo-roll-up-spaceship-dusty-blue\/","url":"https:\/\/najnaj.eu\/fr\/proizvod\/citron-termo-roll-up-spaceship-dusty-blue\/","name":"Citron Termo Roll Up Spaceship Dusty Blue - NajNaj.eu","isPartOf":{"@id":"https:\/\/najnaj.eu\/fr\/#website"},"primaryImageOfPage":{"@id":"https:\/\/najnaj.eu\/fr\/proizvod\/citron-termo-roll-up-spaceship-dusty-blue\/#primaryimage"},"image":{"@id":"https:\/\/najnaj.eu\/fr\/proizvod\/citron-termo-roll-up-spaceship-dusty-blue\/#primaryimage"},"thumbnailUrl":"https:\/\/najnaj.eu\/wp-content\/uploads\/2024\/01\/Z1018-Spaceship-Dusty-Blue-Extra-1.jpg","datePublished":"2024-01-31T10:22:35+00:00","dateModified":"2026-02-04T09:34:25+00:00","breadcrumb":{"@id":"https:\/\/najnaj.eu\/fr\/proizvod\/citron-termo-roll-up-spaceship-dusty-blue\/#breadcrumb"},"inLanguage":"fr-FR","potentialAction":[{"@type":"ReadAction","target":["https:\/\/najnaj.eu\/fr\/proizvod\/citron-termo-roll-up-spaceship-dusty-blue\/"]}]},{"@type":"ImageObject","inLanguage":"fr-FR","@id":"https:\/\/najnaj.eu\/fr\/proizvod\/citron-termo-roll-up-spaceship-dusty-blue\/#primaryimage","url":"https:\/\/najnaj.eu\/wp-content\/uploads\/2024\/01\/Z1018-Spaceship-Dusty-Blue-Extra-1.jpg","contentUrl":"https:\/\/najnaj.eu\/wp-content\/uploads\/2024\/01\/Z1018-Spaceship-Dusty-Blue-Extra-1.jpg","width":2000,"height":2000},{"@type":"BreadcrumbList","@id":"https:\/\/najnaj.eu\/fr\/proizvod\/citron-termo-roll-up-spaceship-dusty-blue\/#breadcrumb","itemListElement":[{"@type":"ListItem","position":1,"name":"Po\u010detna stranica","item":"https:\/\/najnaj.eu\/fr\/"},{"@type":"ListItem","position":2,"name":"Trgovina","item":"https:\/\/najnaj.hr\/trgovina\/"},{"@type":"ListItem","position":3,"name":"Citron Termo Roll Up Spaceship Dusty Blue"}]},{"@type":"WebSite","@id":"https:\/\/najnaj.eu\/fr\/#website","url":"https:\/\/najnaj.eu\/fr\/","name":"NajNaj.eu","description":"Za najva\u017enije!","potentialAction":[{"@type":"SearchAction","target":{"@type":"EntryPoint","urlTemplate":"https:\/\/najnaj.eu\/fr\/?s={search_term_string}"},"query-input":{"@type":"PropertyValueSpecification","valueRequired":true,"valueName":"search_term_string"}}],"inLanguage":"fr-FR"}]},"product_brand":"Citron","product_price_amount":"44.99","product_price_currency":"EUR","og_availability":"instock","product_availability":"instock","product_retailer_item_id":"roll_lunchbag_spaceship","product_condition":"new"},"_links":{"self":[{"href":"https:\/\/najnaj.eu\/fr\/wp-json\/wp\/v2\/product\/196805","targetHints":{"allow":["GET"]}}],"collection":[{"href":"https:\/\/najnaj.eu\/fr\/wp-json\/wp\/v2\/product"}],"about":[{"href":"https:\/\/najnaj.eu\/fr\/wp-json\/wp\/v2\/types\/product"}],"replies":[{"embeddable":true,"href":"https:\/\/najnaj.eu\/fr\/wp-json\/wp\/v2\/comments?post=196805"}],"version-history":[{"count":0,"href":"https:\/\/najnaj.eu\/fr\/wp-json\/wp\/v2\/product\/196805\/revisions"}],"wp:featuredmedia":[{"embeddable":true,"href":"https:\/\/najnaj.eu\/fr\/wp-json\/wp\/v2\/media\/196807"}],"wp:attachment":[{"href":"https:\/\/najnaj.eu\/fr\/wp-json\/wp\/v2\/media?parent=196805"}],"wp:term":[{"taxonomy":"product_brand","embeddable":true,"href":"https:\/\/najnaj.eu\/fr\/wp-json\/wp\/v2\/product_brand?post=196805"},{"taxonomy":"product_cat","embeddable":true,"href":"https:\/\/najnaj.eu\/fr\/wp-json\/wp\/v2\/product_cat?post=196805"},{"taxonomy":"product_tag","embeddable":true,"href":"https:\/\/najnaj.eu\/fr\/wp-json\/wp\/v2\/product_tag?post=196805"}],"curies":[{"name":"wp","href":"https:\/\/api.w.org\/{rel}","templated":true}]}}