{"id":193155,"date":"2023-12-21T13:30:29","date_gmt":"2023-12-21T12:30:29","guid":{"rendered":"https:\/\/najnaj.eu\/?post_type=product&#038;p=193155"},"modified":"2026-02-04T10:36:38","modified_gmt":"2026-02-04T09:36:38","slug":"citron-termo-posuda-za-hranu-velika-400ml-purple","status":"publish","type":"product","link":"https:\/\/najnaj.eu\/fr\/proizvod\/citron-termo-posuda-za-hranu-velika-400ml-purple\/","title":{"rendered":"Citron Termo posuda za hranu velika 400ml Purple"},"content":{"rendered":"<p>+ Vakuumski izolirana s trostrukom stijenkom za odr\u017eavanje temperature hrane<br \/>\n+ Hrana ostaje topla 6 sati, a hladna 7 sati + Odr\u017eava vre\u0107icu za ru\u010dak suhom i \u010distom pomo\u0107u nepropusnog zatvara\u010da<br \/>\n+ Ostaje suha i hladna izvana, bez obzira koliko vru\u0107 ili hladan bio njen sadr\u017eaj<br \/>\n+ Dizajnirana od odr\u017eivih materijala<br \/>\n+ Poklopac se otvara okomito bez potrebe za okretanjem, \u0161to je \u010dini lakim za male ruke.<br \/>\n+ Podijeljena separatorom za porcije hrane<br \/>\n+ Dizajnirana sa sigurnosnom bravom i ru\u010dkom za no\u0161enje<br \/>\n+ Prikladno za djecu od 18+ mjeseci<br \/>\n+ Oblo\u017eena silikonskim poklopcem koji se mo\u017ee ukloniti radi lak\u0161eg pranja<\/p>\n<p><img loading=\"lazy\" decoding=\"async\" class=\"aligncenter wp-image-210713 size-large\" src=\"https:\/\/najnaj.eu\/wp-content\/uploads\/2023\/12\/Large-Thermal-Food-Jar-400ml-Caramel-6-1024x1024.jpg\" alt=\"\" width=\"980\" height=\"980\" srcset=\"https:\/\/najnaj.eu\/wp-content\/uploads\/2023\/12\/Large-Thermal-Food-Jar-400ml-Caramel-6-1024x1024.jpg 1024w, https:\/\/najnaj.eu\/wp-content\/uploads\/2023\/12\/Large-Thermal-Food-Jar-400ml-Caramel-6-scaled-324x324.jpg 324w, https:\/\/najnaj.eu\/wp-content\/uploads\/2023\/12\/Large-Thermal-Food-Jar-400ml-Caramel-6-100x100.jpg 100w, https:\/\/najnaj.eu\/wp-content\/uploads\/2023\/12\/Large-Thermal-Food-Jar-400ml-Caramel-6-scaled-1200x1200.jpg 1200w, https:\/\/najnaj.eu\/wp-content\/uploads\/2023\/12\/Large-Thermal-Food-Jar-400ml-Caramel-6-300x300.jpg 300w, https:\/\/najnaj.eu\/wp-content\/uploads\/2023\/12\/Large-Thermal-Food-Jar-400ml-Caramel-6-150x150.jpg 150w, https:\/\/najnaj.eu\/wp-content\/uploads\/2023\/12\/Large-Thermal-Food-Jar-400ml-Caramel-6-768x768.jpg 768w, https:\/\/najnaj.eu\/wp-content\/uploads\/2023\/12\/Large-Thermal-Food-Jar-400ml-Caramel-6-1536x1536.jpg 1536w, https:\/\/najnaj.eu\/wp-content\/uploads\/2023\/12\/Large-Thermal-Food-Jar-400ml-Caramel-6-2048x2048.jpg 2048w, https:\/\/najnaj.eu\/wp-content\/uploads\/2023\/12\/Large-Thermal-Food-Jar-400ml-Caramel-6-1440x1440.jpg 1440w, https:\/\/najnaj.eu\/wp-content\/uploads\/2023\/12\/Large-Thermal-Food-Jar-400ml-Caramel-6-420x420.jpg 420w, https:\/\/najnaj.eu\/wp-content\/uploads\/2023\/12\/Large-Thermal-Food-Jar-400ml-Caramel-6-50x50.jpg 50w\" sizes=\"auto, (max-width: 980px) 100vw, 980px\" \/><\/p>\n","protected":false},"excerpt":{"rendered":"<p>Sa svojom inovativnom tehnologijom vakuumske izolacije i iznimno \u0161irokim otvorom, na\u0161a posuda za hranu od 400 ml pravi je pobjednik kada se radi o jelu u pokretu zahvaljuju\u0107i iznimno \u0161irokom otvoru i prakti\u010dnom razdjelniku za balansiranje razli\u010ditih okusa. Sa svojom vakuumskom izolacijom posuda za hranu odr\u017eava hranu na \u017eeljenoj temperaturi bez potrebe za zagrijavanjem i hla\u0111enjem. Tako\u0111er je otporna na curenje i dolazi s poklopcem koji se okomito otvara za lak\u0161u dostupnost.<\/p>\n","protected":false},"featured_media":247453,"comment_status":"open","ping_status":"closed","template":"","meta":{"_acf_changed":false,"footnotes":""},"product_brand":[],"product_cat":[622,2267],"product_tag":[2271],"class_list":{"0":"post-193155","1":"product","2":"type-product","3":"status-publish","4":"has-post-thumbnail","6":"product_cat-posude","7":"product_cat-termo-posude","8":"product_tag-zima","9":"pa_boja-roza","10":"pa_brand-citron","11":"pa_vrsta-posuda-kutije-za-uzinu","13":"first","14":"instock","15":"shipping-taxable","16":"purchasable","17":"product-type-simple"},"bundled_by":["264886"],"bundle_stock_status":"instock","bundle_stock_quantity":15,"bundle_virtual":false,"bundle_layout":"","bundle_add_to_cart_form_location":"","bundle_editable_in_cart":false,"bundle_sold_individually_context":"","bundle_item_grouping":"","bundle_min_size":"","bundle_max_size":"","bundle_price":[],"bundled_items":[],"bundle_sell_ids":[],"acf":[],"yoast_head":"<!-- This site is optimized with the Yoast SEO Premium plugin v21.5 (Yoast SEO v27.4) - https:\/\/yoast.com\/product\/yoast-seo-premium-wordpress\/ -->\n<title>Citron Termo posuda za hranu velika 400ml Purple - NajNaj.eu<\/title>\n<meta name=\"robots\" content=\"index, follow, max-snippet:-1, max-image-preview:large, max-video-preview:-1\" \/>\n<link rel=\"canonical\" href=\"https:\/\/najnaj.eu\/fr\/proizvod\/citron-termo-posuda-za-hranu-velika-400ml-purple\/\" \/>\n<meta property=\"og:locale\" content=\"fr_FR\" \/>\n<meta property=\"og:type\" content=\"article\" \/>\n<meta property=\"og:title\" content=\"Citron Termo posuda za hranu velika 400ml Purple\" \/>\n<meta property=\"og:description\" content=\"Sa svojom inovativnom tehnologijom vakuumske izolacije i iznimno \u0161irokim otvorom, na\u0161a posuda za hranu od 400 ml pravi je pobjednik kada se radi o jelu u pokretu zahvaljuju\u0107i iznimno \u0161irokom otvoru i prakti\u010dnom razdjelniku za balansiranje razli\u010ditih okusa. Sa svojom vakuumskom izolacijom posuda za hranu odr\u017eava hranu na \u017eeljenoj temperaturi bez potrebe za zagrijavanjem i hla\u0111enjem. Tako\u0111er je otporna na curenje i dolazi s poklopcem koji se okomito otvara za lak\u0161u dostupnost.\" \/>\n<meta property=\"og:url\" content=\"https:\/\/najnaj.eu\/fr\/proizvod\/citron-termo-posuda-za-hranu-velika-400ml-purple\/\" \/>\n<meta property=\"og:site_name\" content=\"NajNaj.eu\" \/>\n<meta property=\"article:publisher\" content=\"https:\/\/web.facebook.com\/najnaj.eu\/\" \/>\n<meta property=\"article:modified_time\" content=\"2026-02-04T09:36:38+00:00\" \/>\n<meta property=\"og:image\" content=\"https:\/\/najnaj.eu\/wp-content\/uploads\/2023\/12\/2022_FJ_400_Purple.jpg\" \/>\n\t<meta property=\"og:image:width\" content=\"2000\" \/>\n\t<meta property=\"og:image:height\" content=\"2000\" \/>\n\t<meta property=\"og:image:type\" content=\"image\/jpeg\" \/>\n<meta name=\"twitter:card\" content=\"summary_large_image\" \/>\n<meta name=\"twitter:label1\" content=\"Prix\" \/>\n\t<meta name=\"twitter:data1\" content=\"45,99&nbsp;&euro;\" \/>\n\t<meta name=\"twitter:label2\" content=\"Disponibilit\u00e9\" \/>\n\t<meta name=\"twitter:data2\" content=\"En stock\" \/>\n<script type=\"application\/ld+json\" class=\"yoast-schema-graph\">{\"@context\":\"https:\\\/\\\/schema.org\",\"@graph\":[{\"@type\":\"WebPage\",\"@id\":\"https:\\\/\\\/najnaj.eu\\\/fr\\\/proizvod\\\/citron-termo-posuda-za-hranu-velika-400ml-purple\\\/\",\"url\":\"https:\\\/\\\/najnaj.eu\\\/fr\\\/proizvod\\\/citron-termo-posuda-za-hranu-velika-400ml-purple\\\/\",\"name\":\"Citron Termo posuda za hranu velika 400ml Purple - NajNaj.eu\",\"isPartOf\":{\"@id\":\"https:\\\/\\\/najnaj.eu\\\/fr\\\/#website\"},\"primaryImageOfPage\":{\"@id\":\"https:\\\/\\\/najnaj.eu\\\/fr\\\/proizvod\\\/citron-termo-posuda-za-hranu-velika-400ml-purple\\\/#primaryimage\"},\"image\":{\"@id\":\"https:\\\/\\\/najnaj.eu\\\/fr\\\/proizvod\\\/citron-termo-posuda-za-hranu-velika-400ml-purple\\\/#primaryimage\"},\"thumbnailUrl\":\"https:\\\/\\\/najnaj.eu\\\/wp-content\\\/uploads\\\/2023\\\/12\\\/2022_FJ_400_Purple.jpg\",\"datePublished\":\"2023-12-21T12:30:29+00:00\",\"dateModified\":\"2026-02-04T09:36:38+00:00\",\"breadcrumb\":{\"@id\":\"https:\\\/\\\/najnaj.eu\\\/fr\\\/proizvod\\\/citron-termo-posuda-za-hranu-velika-400ml-purple\\\/#breadcrumb\"},\"inLanguage\":\"fr-FR\",\"potentialAction\":[{\"@type\":\"ReadAction\",\"target\":[\"https:\\\/\\\/najnaj.eu\\\/fr\\\/proizvod\\\/citron-termo-posuda-za-hranu-velika-400ml-purple\\\/\"]}]},{\"@type\":\"ImageObject\",\"inLanguage\":\"fr-FR\",\"@id\":\"https:\\\/\\\/najnaj.eu\\\/fr\\\/proizvod\\\/citron-termo-posuda-za-hranu-velika-400ml-purple\\\/#primaryimage\",\"url\":\"https:\\\/\\\/najnaj.eu\\\/wp-content\\\/uploads\\\/2023\\\/12\\\/2022_FJ_400_Purple.jpg\",\"contentUrl\":\"https:\\\/\\\/najnaj.eu\\\/wp-content\\\/uploads\\\/2023\\\/12\\\/2022_FJ_400_Purple.jpg\",\"width\":2000,\"height\":2000},{\"@type\":\"BreadcrumbList\",\"@id\":\"https:\\\/\\\/najnaj.eu\\\/fr\\\/proizvod\\\/citron-termo-posuda-za-hranu-velika-400ml-purple\\\/#breadcrumb\",\"itemListElement\":[{\"@type\":\"ListItem\",\"position\":1,\"name\":\"Po\u010detna stranica\",\"item\":\"https:\\\/\\\/najnaj.eu\\\/fr\\\/\"},{\"@type\":\"ListItem\",\"position\":2,\"name\":\"Trgovina\",\"item\":\"https:\\\/\\\/najnaj.hr\\\/trgovina\\\/\"},{\"@type\":\"ListItem\",\"position\":3,\"name\":\"Citron Termo posuda za hranu velika 400ml Purple\"}]},{\"@type\":\"WebSite\",\"@id\":\"https:\\\/\\\/najnaj.eu\\\/fr\\\/#website\",\"url\":\"https:\\\/\\\/najnaj.eu\\\/fr\\\/\",\"name\":\"NajNaj.eu\",\"description\":\"Za najva\u017enije!\",\"potentialAction\":[{\"@type\":\"SearchAction\",\"target\":{\"@type\":\"EntryPoint\",\"urlTemplate\":\"https:\\\/\\\/najnaj.eu\\\/fr\\\/?s={search_term_string}\"},\"query-input\":{\"@type\":\"PropertyValueSpecification\",\"valueRequired\":true,\"valueName\":\"search_term_string\"}}],\"inLanguage\":\"fr-FR\"}]}<\/script>\n<meta property=\"product:brand\" content=\"Citron\" \/>\n<meta property=\"product:price:amount\" content=\"45.99\" \/>\n<meta property=\"product:price:currency\" content=\"EUR\" \/>\n<meta property=\"og:availability\" content=\"instock\" \/>\n<meta property=\"product:availability\" content=\"instock\" \/>\n<meta property=\"product:retailer_item_id\" content=\"2022_FJ_400_Purple\" \/>\n<meta property=\"product:condition\" content=\"new\" \/>\n<!-- \/ Yoast SEO Premium plugin. -->","yoast_head_json":{"title":"Citron Termo posuda za hranu velika 400ml Purple - NajNaj.eu","robots":{"index":"index","follow":"follow","max-snippet":"max-snippet:-1","max-image-preview":"max-image-preview:large","max-video-preview":"max-video-preview:-1"},"canonical":"https:\/\/najnaj.eu\/fr\/proizvod\/citron-termo-posuda-za-hranu-velika-400ml-purple\/","og_locale":"fr_FR","og_type":"article","og_title":"Citron Termo posuda za hranu velika 400ml Purple","og_description":"Sa svojom inovativnom tehnologijom vakuumske izolacije i iznimno \u0161irokim otvorom, na\u0161a posuda za hranu od 400 ml pravi je pobjednik kada se radi o jelu u pokretu zahvaljuju\u0107i iznimno \u0161irokom otvoru i prakti\u010dnom razdjelniku za balansiranje razli\u010ditih okusa. Sa svojom vakuumskom izolacijom posuda za hranu odr\u017eava hranu na \u017eeljenoj temperaturi bez potrebe za zagrijavanjem i hla\u0111enjem. Tako\u0111er je otporna na curenje i dolazi s poklopcem koji se okomito otvara za lak\u0161u dostupnost.","og_url":"https:\/\/najnaj.eu\/fr\/proizvod\/citron-termo-posuda-za-hranu-velika-400ml-purple\/","og_site_name":"NajNaj.eu","article_publisher":"https:\/\/web.facebook.com\/najnaj.eu\/","article_modified_time":"2026-02-04T09:36:38+00:00","og_image":[{"width":2000,"height":2000,"url":"https:\/\/najnaj.eu\/wp-content\/uploads\/2023\/12\/2022_FJ_400_Purple.jpg","type":"image\/jpeg"}],"twitter_card":"summary_large_image","twitter_misc":{"Prix":"45,99&nbsp;&euro;","Disponibilit\u00e9":"En stock"},"schema":{"@context":"https:\/\/schema.org","@graph":[{"@type":"WebPage","@id":"https:\/\/najnaj.eu\/fr\/proizvod\/citron-termo-posuda-za-hranu-velika-400ml-purple\/","url":"https:\/\/najnaj.eu\/fr\/proizvod\/citron-termo-posuda-za-hranu-velika-400ml-purple\/","name":"Citron Termo posuda za hranu velika 400ml Purple - NajNaj.eu","isPartOf":{"@id":"https:\/\/najnaj.eu\/fr\/#website"},"primaryImageOfPage":{"@id":"https:\/\/najnaj.eu\/fr\/proizvod\/citron-termo-posuda-za-hranu-velika-400ml-purple\/#primaryimage"},"image":{"@id":"https:\/\/najnaj.eu\/fr\/proizvod\/citron-termo-posuda-za-hranu-velika-400ml-purple\/#primaryimage"},"thumbnailUrl":"https:\/\/najnaj.eu\/wp-content\/uploads\/2023\/12\/2022_FJ_400_Purple.jpg","datePublished":"2023-12-21T12:30:29+00:00","dateModified":"2026-02-04T09:36:38+00:00","breadcrumb":{"@id":"https:\/\/najnaj.eu\/fr\/proizvod\/citron-termo-posuda-za-hranu-velika-400ml-purple\/#breadcrumb"},"inLanguage":"fr-FR","potentialAction":[{"@type":"ReadAction","target":["https:\/\/najnaj.eu\/fr\/proizvod\/citron-termo-posuda-za-hranu-velika-400ml-purple\/"]}]},{"@type":"ImageObject","inLanguage":"fr-FR","@id":"https:\/\/najnaj.eu\/fr\/proizvod\/citron-termo-posuda-za-hranu-velika-400ml-purple\/#primaryimage","url":"https:\/\/najnaj.eu\/wp-content\/uploads\/2023\/12\/2022_FJ_400_Purple.jpg","contentUrl":"https:\/\/najnaj.eu\/wp-content\/uploads\/2023\/12\/2022_FJ_400_Purple.jpg","width":2000,"height":2000},{"@type":"BreadcrumbList","@id":"https:\/\/najnaj.eu\/fr\/proizvod\/citron-termo-posuda-za-hranu-velika-400ml-purple\/#breadcrumb","itemListElement":[{"@type":"ListItem","position":1,"name":"Po\u010detna stranica","item":"https:\/\/najnaj.eu\/fr\/"},{"@type":"ListItem","position":2,"name":"Trgovina","item":"https:\/\/najnaj.hr\/trgovina\/"},{"@type":"ListItem","position":3,"name":"Citron Termo posuda za hranu velika 400ml Purple"}]},{"@type":"WebSite","@id":"https:\/\/najnaj.eu\/fr\/#website","url":"https:\/\/najnaj.eu\/fr\/","name":"NajNaj.eu","description":"Za najva\u017enije!","potentialAction":[{"@type":"SearchAction","target":{"@type":"EntryPoint","urlTemplate":"https:\/\/najnaj.eu\/fr\/?s={search_term_string}"},"query-input":{"@type":"PropertyValueSpecification","valueRequired":true,"valueName":"search_term_string"}}],"inLanguage":"fr-FR"}]},"product_brand":"Citron","product_price_amount":"45.99","product_price_currency":"EUR","og_availability":"instock","product_availability":"instock","product_retailer_item_id":"2022_FJ_400_Purple","product_condition":"new"},"_links":{"self":[{"href":"https:\/\/najnaj.eu\/fr\/wp-json\/wp\/v2\/product\/193155","targetHints":{"allow":["GET"]}}],"collection":[{"href":"https:\/\/najnaj.eu\/fr\/wp-json\/wp\/v2\/product"}],"about":[{"href":"https:\/\/najnaj.eu\/fr\/wp-json\/wp\/v2\/types\/product"}],"replies":[{"embeddable":true,"href":"https:\/\/najnaj.eu\/fr\/wp-json\/wp\/v2\/comments?post=193155"}],"version-history":[{"count":0,"href":"https:\/\/najnaj.eu\/fr\/wp-json\/wp\/v2\/product\/193155\/revisions"}],"wp:featuredmedia":[{"embeddable":true,"href":"https:\/\/najnaj.eu\/fr\/wp-json\/wp\/v2\/media\/247453"}],"wp:attachment":[{"href":"https:\/\/najnaj.eu\/fr\/wp-json\/wp\/v2\/media?parent=193155"}],"wp:term":[{"taxonomy":"product_brand","embeddable":true,"href":"https:\/\/najnaj.eu\/fr\/wp-json\/wp\/v2\/product_brand?post=193155"},{"taxonomy":"product_cat","embeddable":true,"href":"https:\/\/najnaj.eu\/fr\/wp-json\/wp\/v2\/product_cat?post=193155"},{"taxonomy":"product_tag","embeddable":true,"href":"https:\/\/najnaj.eu\/fr\/wp-json\/wp\/v2\/product_tag?post=193155"}],"curies":[{"name":"wp","href":"https:\/\/api.w.org\/{rel}","templated":true}]}}