{"id":192911,"date":"2023-12-15T12:36:22","date_gmt":"2023-12-15T11:36:22","guid":{"rendered":"https:\/\/najnaj.eu\/?post_type=product&#038;p=192911"},"modified":"2026-02-04T10:38:58","modified_gmt":"2026-02-04T09:38:58","slug":"ergobaby-evolve-luk-s-igrackama-cream","status":"publish","type":"product","link":"https:\/\/najnaj.eu\/fr\/proizvod\/ergobaby-evolve-luk-s-igrackama-cream\/","title":{"rendered":"Ergobaby Evolve luk s igra\u010dkama Cream"},"content":{"rendered":"","protected":false},"excerpt":{"rendered":"<p><strong>Evolve luk s igra\u010dkama zabavlja va\u0161e mali\u0161ane dok se razvijaju i rastu.<\/strong><\/p>\n<ul>\n<li>Zabavna igra za mali\u0161ane<\/li>\n<li>Lako se skida i postavlja na Ergobaby Evolve le\u017ealjku 3u1<\/li>\n<li>Uklju\u010duje pli\u0161ane morske \u017eivotinje mekane na dodir<\/li>\n<li>Luk s gra\u010dkama dostupan je samu sivoj boji<\/li>\n<li>Dob: preporu\u010deno za djecu od 4-5 mjeseci<\/li>\n<\/ul>\n","protected":false},"featured_media":192915,"comment_status":"open","ping_status":"closed","template":"","meta":{"_acf_changed":false,"footnotes":""},"product_brand":[],"product_cat":[1261,611],"product_tag":[],"class_list":{"0":"post-192911","1":"product","2":"type-product","3":"status-publish","4":"has-post-thumbnail","6":"product_cat-dodaci-za-evolve-lezaljku-3-u-1","7":"product_cat-lezaljke","8":"pa_boja-siva","9":"pa_brand-ergobaby","11":"first","12":"outofstock","13":"purchasable","14":"product-type-simple"},"bundled_by":[],"bundle_stock_status":"outofstock","bundle_stock_quantity":0,"bundle_virtual":false,"bundle_layout":"","bundle_add_to_cart_form_location":"","bundle_editable_in_cart":false,"bundle_sold_individually_context":"","bundle_item_grouping":"","bundle_min_size":"","bundle_max_size":"","bundle_price":[],"bundled_items":[],"bundle_sell_ids":[],"acf":[],"yoast_head":"<!-- This site is optimized with the Yoast SEO Premium plugin v21.5 (Yoast SEO v27.4) - https:\/\/yoast.com\/product\/yoast-seo-premium-wordpress\/ -->\n<title>Ergobaby Evolve luk s igra\u010dkama Cream - NajNaj.eu<\/title>\n<meta name=\"robots\" content=\"index, follow, max-snippet:-1, max-image-preview:large, max-video-preview:-1\" \/>\n<link rel=\"canonical\" href=\"https:\/\/najnaj.eu\/fr\/proizvod\/ergobaby-evolve-luk-s-igrackama-cream\/\" \/>\n<meta property=\"og:locale\" content=\"fr_FR\" \/>\n<meta property=\"og:type\" content=\"article\" \/>\n<meta property=\"og:title\" content=\"Ergobaby Evolve luk s igra\u010dkama Cream\" \/>\n<meta property=\"og:description\" content=\"Evolve luk s igra\u010dkama zabavlja va\u0161e mali\u0161ane dok se razvijaju i rastu.   Zabavna igra za mali\u0161ane  Lako se skida i postavlja na Ergobaby Evolve le\u017ealjku 3u1  Uklju\u010duje pli\u0161ane morske \u017eivotinje mekane na dodir  Luk s gra\u010dkama dostupan je samu sivoj boji  Dob: preporu\u010deno za djecu od 4-5 mjeseci\" \/>\n<meta property=\"og:url\" content=\"https:\/\/najnaj.eu\/fr\/proizvod\/ergobaby-evolve-luk-s-igrackama-cream\/\" \/>\n<meta property=\"og:site_name\" content=\"NajNaj.eu\" \/>\n<meta property=\"article:publisher\" content=\"https:\/\/web.facebook.com\/najnaj.eu\/\" \/>\n<meta property=\"article:modified_time\" content=\"2026-02-04T09:38:58+00:00\" \/>\n<meta property=\"og:image\" content=\"https:\/\/najnaj.eu\/wp-content\/uploads\/2023\/12\/evolve-toy-bar-cream-product-02-4533x4533-a1b1c59.jpg\" \/>\n\t<meta property=\"og:image:width\" content=\"2400\" \/>\n\t<meta property=\"og:image:height\" content=\"2400\" \/>\n\t<meta property=\"og:image:type\" content=\"image\/jpeg\" \/>\n<meta name=\"twitter:card\" content=\"summary_large_image\" \/>\n<meta name=\"twitter:label1\" content=\"Prix\" \/>\n\t<meta name=\"twitter:data1\" content=\"49,90&nbsp;&euro;\" \/>\n\t<meta name=\"twitter:label2\" content=\"Disponibilit\u00e9\" \/>\n\t<meta name=\"twitter:data2\" content=\"Rupture de stock\" \/>\n<script type=\"application\/ld+json\" class=\"yoast-schema-graph\">{\"@context\":\"https:\\\/\\\/schema.org\",\"@graph\":[{\"@type\":\"WebPage\",\"@id\":\"https:\\\/\\\/najnaj.eu\\\/fr\\\/proizvod\\\/ergobaby-evolve-luk-s-igrackama-cream\\\/\",\"url\":\"https:\\\/\\\/najnaj.eu\\\/fr\\\/proizvod\\\/ergobaby-evolve-luk-s-igrackama-cream\\\/\",\"name\":\"Ergobaby Evolve luk s igra\u010dkama Cream - NajNaj.eu\",\"isPartOf\":{\"@id\":\"https:\\\/\\\/najnaj.eu\\\/fr\\\/#website\"},\"primaryImageOfPage\":{\"@id\":\"https:\\\/\\\/najnaj.eu\\\/fr\\\/proizvod\\\/ergobaby-evolve-luk-s-igrackama-cream\\\/#primaryimage\"},\"image\":{\"@id\":\"https:\\\/\\\/najnaj.eu\\\/fr\\\/proizvod\\\/ergobaby-evolve-luk-s-igrackama-cream\\\/#primaryimage\"},\"thumbnailUrl\":\"https:\\\/\\\/najnaj.eu\\\/wp-content\\\/uploads\\\/2023\\\/12\\\/evolve-toy-bar-cream-product-02-4533x4533-a1b1c59.jpg\",\"datePublished\":\"2023-12-15T11:36:22+00:00\",\"dateModified\":\"2026-02-04T09:38:58+00:00\",\"breadcrumb\":{\"@id\":\"https:\\\/\\\/najnaj.eu\\\/fr\\\/proizvod\\\/ergobaby-evolve-luk-s-igrackama-cream\\\/#breadcrumb\"},\"inLanguage\":\"fr-FR\",\"potentialAction\":[{\"@type\":\"ReadAction\",\"target\":[\"https:\\\/\\\/najnaj.eu\\\/fr\\\/proizvod\\\/ergobaby-evolve-luk-s-igrackama-cream\\\/\"]}]},{\"@type\":\"ImageObject\",\"inLanguage\":\"fr-FR\",\"@id\":\"https:\\\/\\\/najnaj.eu\\\/fr\\\/proizvod\\\/ergobaby-evolve-luk-s-igrackama-cream\\\/#primaryimage\",\"url\":\"https:\\\/\\\/najnaj.eu\\\/wp-content\\\/uploads\\\/2023\\\/12\\\/evolve-toy-bar-cream-product-02-4533x4533-a1b1c59.jpg\",\"contentUrl\":\"https:\\\/\\\/najnaj.eu\\\/wp-content\\\/uploads\\\/2023\\\/12\\\/evolve-toy-bar-cream-product-02-4533x4533-a1b1c59.jpg\",\"width\":2400,\"height\":2400},{\"@type\":\"BreadcrumbList\",\"@id\":\"https:\\\/\\\/najnaj.eu\\\/fr\\\/proizvod\\\/ergobaby-evolve-luk-s-igrackama-cream\\\/#breadcrumb\",\"itemListElement\":[{\"@type\":\"ListItem\",\"position\":1,\"name\":\"Po\u010detna stranica\",\"item\":\"https:\\\/\\\/najnaj.eu\\\/fr\\\/\"},{\"@type\":\"ListItem\",\"position\":2,\"name\":\"Trgovina\",\"item\":\"https:\\\/\\\/najnaj.hr\\\/trgovina\\\/\"},{\"@type\":\"ListItem\",\"position\":3,\"name\":\"Ergobaby Evolve luk s igra\u010dkama Cream\"}]},{\"@type\":\"WebSite\",\"@id\":\"https:\\\/\\\/najnaj.eu\\\/fr\\\/#website\",\"url\":\"https:\\\/\\\/najnaj.eu\\\/fr\\\/\",\"name\":\"NajNaj.eu\",\"description\":\"Za najva\u017enije!\",\"potentialAction\":[{\"@type\":\"SearchAction\",\"target\":{\"@type\":\"EntryPoint\",\"urlTemplate\":\"https:\\\/\\\/najnaj.eu\\\/fr\\\/?s={search_term_string}\"},\"query-input\":{\"@type\":\"PropertyValueSpecification\",\"valueRequired\":true,\"valueName\":\"search_term_string\"}}],\"inLanguage\":\"fr-FR\"}]}<\/script>\n<meta property=\"product:brand\" content=\"Ergobaby\" \/>\n<meta property=\"product:price:amount\" content=\"49.90\" \/>\n<meta property=\"product:price:currency\" content=\"EUR\" \/>\n<meta property=\"og:availability\" content=\"out of stock\" \/>\n<meta property=\"product:availability\" content=\"out of stock\" \/>\n<meta property=\"product:retailer_item_id\" content=\"EVLBNCTBOCNWNDCRM\" \/>\n<meta property=\"product:condition\" content=\"new\" \/>\n<!-- \/ Yoast SEO Premium plugin. -->","yoast_head_json":{"title":"Ergobaby Evolve luk s igra\u010dkama Cream - NajNaj.eu","robots":{"index":"index","follow":"follow","max-snippet":"max-snippet:-1","max-image-preview":"max-image-preview:large","max-video-preview":"max-video-preview:-1"},"canonical":"https:\/\/najnaj.eu\/fr\/proizvod\/ergobaby-evolve-luk-s-igrackama-cream\/","og_locale":"fr_FR","og_type":"article","og_title":"Ergobaby Evolve luk s igra\u010dkama Cream","og_description":"Evolve luk s igra\u010dkama zabavlja va\u0161e mali\u0161ane dok se razvijaju i rastu.   Zabavna igra za mali\u0161ane  Lako se skida i postavlja na Ergobaby Evolve le\u017ealjku 3u1  Uklju\u010duje pli\u0161ane morske \u017eivotinje mekane na dodir  Luk s gra\u010dkama dostupan je samu sivoj boji  Dob: preporu\u010deno za djecu od 4-5 mjeseci","og_url":"https:\/\/najnaj.eu\/fr\/proizvod\/ergobaby-evolve-luk-s-igrackama-cream\/","og_site_name":"NajNaj.eu","article_publisher":"https:\/\/web.facebook.com\/najnaj.eu\/","article_modified_time":"2026-02-04T09:38:58+00:00","og_image":[{"width":2400,"height":2400,"url":"https:\/\/najnaj.eu\/wp-content\/uploads\/2023\/12\/evolve-toy-bar-cream-product-02-4533x4533-a1b1c59.jpg","type":"image\/jpeg"}],"twitter_card":"summary_large_image","twitter_misc":{"Prix":"49,90&nbsp;&euro;","Disponibilit\u00e9":"Rupture de stock"},"schema":{"@context":"https:\/\/schema.org","@graph":[{"@type":"WebPage","@id":"https:\/\/najnaj.eu\/fr\/proizvod\/ergobaby-evolve-luk-s-igrackama-cream\/","url":"https:\/\/najnaj.eu\/fr\/proizvod\/ergobaby-evolve-luk-s-igrackama-cream\/","name":"Ergobaby Evolve luk s igra\u010dkama Cream - NajNaj.eu","isPartOf":{"@id":"https:\/\/najnaj.eu\/fr\/#website"},"primaryImageOfPage":{"@id":"https:\/\/najnaj.eu\/fr\/proizvod\/ergobaby-evolve-luk-s-igrackama-cream\/#primaryimage"},"image":{"@id":"https:\/\/najnaj.eu\/fr\/proizvod\/ergobaby-evolve-luk-s-igrackama-cream\/#primaryimage"},"thumbnailUrl":"https:\/\/najnaj.eu\/wp-content\/uploads\/2023\/12\/evolve-toy-bar-cream-product-02-4533x4533-a1b1c59.jpg","datePublished":"2023-12-15T11:36:22+00:00","dateModified":"2026-02-04T09:38:58+00:00","breadcrumb":{"@id":"https:\/\/najnaj.eu\/fr\/proizvod\/ergobaby-evolve-luk-s-igrackama-cream\/#breadcrumb"},"inLanguage":"fr-FR","potentialAction":[{"@type":"ReadAction","target":["https:\/\/najnaj.eu\/fr\/proizvod\/ergobaby-evolve-luk-s-igrackama-cream\/"]}]},{"@type":"ImageObject","inLanguage":"fr-FR","@id":"https:\/\/najnaj.eu\/fr\/proizvod\/ergobaby-evolve-luk-s-igrackama-cream\/#primaryimage","url":"https:\/\/najnaj.eu\/wp-content\/uploads\/2023\/12\/evolve-toy-bar-cream-product-02-4533x4533-a1b1c59.jpg","contentUrl":"https:\/\/najnaj.eu\/wp-content\/uploads\/2023\/12\/evolve-toy-bar-cream-product-02-4533x4533-a1b1c59.jpg","width":2400,"height":2400},{"@type":"BreadcrumbList","@id":"https:\/\/najnaj.eu\/fr\/proizvod\/ergobaby-evolve-luk-s-igrackama-cream\/#breadcrumb","itemListElement":[{"@type":"ListItem","position":1,"name":"Po\u010detna stranica","item":"https:\/\/najnaj.eu\/fr\/"},{"@type":"ListItem","position":2,"name":"Trgovina","item":"https:\/\/najnaj.hr\/trgovina\/"},{"@type":"ListItem","position":3,"name":"Ergobaby Evolve luk s igra\u010dkama Cream"}]},{"@type":"WebSite","@id":"https:\/\/najnaj.eu\/fr\/#website","url":"https:\/\/najnaj.eu\/fr\/","name":"NajNaj.eu","description":"Za najva\u017enije!","potentialAction":[{"@type":"SearchAction","target":{"@type":"EntryPoint","urlTemplate":"https:\/\/najnaj.eu\/fr\/?s={search_term_string}"},"query-input":{"@type":"PropertyValueSpecification","valueRequired":true,"valueName":"search_term_string"}}],"inLanguage":"fr-FR"}]},"product_brand":"Ergobaby","product_price_amount":"49.90","product_price_currency":"EUR","og_availability":"out of stock","product_availability":"out of stock","product_retailer_item_id":"EVLBNCTBOCNWNDCRM","product_condition":"new"},"_links":{"self":[{"href":"https:\/\/najnaj.eu\/fr\/wp-json\/wp\/v2\/product\/192911","targetHints":{"allow":["GET"]}}],"collection":[{"href":"https:\/\/najnaj.eu\/fr\/wp-json\/wp\/v2\/product"}],"about":[{"href":"https:\/\/najnaj.eu\/fr\/wp-json\/wp\/v2\/types\/product"}],"replies":[{"embeddable":true,"href":"https:\/\/najnaj.eu\/fr\/wp-json\/wp\/v2\/comments?post=192911"}],"version-history":[{"count":0,"href":"https:\/\/najnaj.eu\/fr\/wp-json\/wp\/v2\/product\/192911\/revisions"}],"wp:featuredmedia":[{"embeddable":true,"href":"https:\/\/najnaj.eu\/fr\/wp-json\/wp\/v2\/media\/192915"}],"wp:attachment":[{"href":"https:\/\/najnaj.eu\/fr\/wp-json\/wp\/v2\/media?parent=192911"}],"wp:term":[{"taxonomy":"product_brand","embeddable":true,"href":"https:\/\/najnaj.eu\/fr\/wp-json\/wp\/v2\/product_brand?post=192911"},{"taxonomy":"product_cat","embeddable":true,"href":"https:\/\/najnaj.eu\/fr\/wp-json\/wp\/v2\/product_cat?post=192911"},{"taxonomy":"product_tag","embeddable":true,"href":"https:\/\/najnaj.eu\/fr\/wp-json\/wp\/v2\/product_tag?post=192911"}],"curies":[{"name":"wp","href":"https:\/\/api.w.org\/{rel}","templated":true}]}}