{"id":192136,"date":"2025-10-01T09:05:10","date_gmt":"2025-10-01T07:05:10","guid":{"rendered":"https:\/\/najnaj.eu\/?post_type=product&#038;p=192136"},"modified":"2026-02-03T20:30:47","modified_gmt":"2026-02-03T19:30:47","slug":"luk-s-igrackama-za-aeromoov-putni-krevetic-grey-rock","status":"publish","type":"product","link":"https:\/\/najnaj.eu\/fr\/proizvod\/luk-s-igrackama-za-aeromoov-putni-krevetic-grey-rock\/","title":{"rendered":"Luk s igra\u010dkama za AeroMoov putni kreveti\u0107, Grey Rock"},"content":{"rendered":"<ul>\n<li>Sladak dodatak AeroMoov putnom kreveti\u0107u (kompatibilan s izdanjem 2022)<\/li>\n<li>Stimulira tehnike hvatanja i pobolj\u0161ava finu motoriku va\u0161e bebe<\/li>\n<li>Lako se postavlja<\/li>\n<li>Savr\u0161eno za dom, ali i tijekom svakog putovanja!<\/li>\n<li>Prikladno i za omiljene igra\u010dke va\u0161e bebe<\/li>\n<\/ul>\n","protected":false},"excerpt":{"rendered":"<p>Jednostavan i prakti\u010dan luk uklju\u010duje sigurno grickalo za zubi\u0107e i prekrasne mekane igra\u010dke od prozra\u010dne tkanine. Igra\u010dke koje \u0107e va\u0161a beba voljeti istra\u017eivati i koje \u0107e potaknuti razvoj njene fine motorike!<\/p>\n","protected":false},"featured_media":192137,"comment_status":"open","ping_status":"closed","template":"","meta":{"_acf_changed":false,"footnotes":""},"product_brand":[],"product_cat":[666,604],"product_tag":[2272],"class_list":{"0":"post-192136","1":"product","2":"type-product","3":"status-publish","4":"has-post-thumbnail","6":"product_cat-djecja-soba","7":"product_cat-dodaci-za-djecji-krevetic","8":"product_tag-ljeto","9":"product_shipping_class-standard","10":"pa_brand-aeromoov","12":"first","13":"instock","14":"shipping-taxable","15":"purchasable","16":"product-type-simple"},"bundled_by":[],"bundle_stock_status":"instock","bundle_stock_quantity":13,"bundle_virtual":false,"bundle_layout":"","bundle_add_to_cart_form_location":"","bundle_editable_in_cart":false,"bundle_sold_individually_context":"","bundle_item_grouping":"","bundle_min_size":"","bundle_max_size":"","bundle_price":[],"bundled_items":[],"bundle_sell_ids":[],"acf":[],"yoast_head":"<!-- This site is optimized with the Yoast SEO Premium plugin v21.5 (Yoast SEO v27.4) - https:\/\/yoast.com\/product\/yoast-seo-premium-wordpress\/ -->\n<title>Luk s igra\u010dkama za AeroMoov putni kreveti\u0107, Grey Rock - NajNaj.eu<\/title>\n<meta name=\"robots\" content=\"index, follow, max-snippet:-1, max-image-preview:large, max-video-preview:-1\" \/>\n<link rel=\"canonical\" href=\"https:\/\/najnaj.eu\/fr\/proizvod\/luk-s-igrackama-za-aeromoov-putni-krevetic-grey-rock\/\" \/>\n<meta property=\"og:locale\" content=\"fr_FR\" \/>\n<meta property=\"og:type\" content=\"article\" \/>\n<meta property=\"og:title\" content=\"Luk s igra\u010dkama za AeroMoov putni kreveti\u0107, Grey Rock\" \/>\n<meta property=\"og:description\" content=\"Jednostavan i prakti\u010dan luk uklju\u010duje sigurno grickalo za zubi\u0107e i prekrasne mekane igra\u010dke od prozra\u010dne tkanine. Igra\u010dke koje \u0107e va\u0161a beba voljeti istra\u017eivati i koje \u0107e potaknuti razvoj njene fine motorike!\" \/>\n<meta property=\"og:url\" content=\"https:\/\/najnaj.eu\/fr\/proizvod\/luk-s-igrackama-za-aeromoov-putni-krevetic-grey-rock\/\" \/>\n<meta property=\"og:site_name\" content=\"NajNaj.eu\" \/>\n<meta property=\"article:publisher\" content=\"https:\/\/web.facebook.com\/najnaj.eu\/\" \/>\n<meta property=\"article:modified_time\" content=\"2026-02-03T19:30:47+00:00\" \/>\n<meta property=\"og:image\" content=\"https:\/\/najnaj.eu\/wp-content\/uploads\/2023\/11\/ITC-GR-speelboog-front.jpg\" \/>\n\t<meta property=\"og:image:width\" content=\"2400\" \/>\n\t<meta property=\"og:image:height\" content=\"1596\" \/>\n\t<meta property=\"og:image:type\" content=\"image\/jpeg\" \/>\n<meta name=\"twitter:card\" content=\"summary_large_image\" \/>\n<meta name=\"twitter:label1\" content=\"Prix\" \/>\n\t<meta name=\"twitter:data1\" content=\"44,95&nbsp;&euro;\" \/>\n\t<meta name=\"twitter:label2\" content=\"Disponibilit\u00e9\" \/>\n\t<meta name=\"twitter:data2\" content=\"En stock\" \/>\n<script type=\"application\/ld+json\" class=\"yoast-schema-graph\">{\"@context\":\"https:\\\/\\\/schema.org\",\"@graph\":[{\"@type\":\"WebPage\",\"@id\":\"https:\\\/\\\/najnaj.eu\\\/fr\\\/proizvod\\\/luk-s-igrackama-za-aeromoov-putni-krevetic-grey-rock\\\/\",\"url\":\"https:\\\/\\\/najnaj.eu\\\/fr\\\/proizvod\\\/luk-s-igrackama-za-aeromoov-putni-krevetic-grey-rock\\\/\",\"name\":\"Luk s igra\u010dkama za AeroMoov putni kreveti\u0107, Grey Rock - NajNaj.eu\",\"isPartOf\":{\"@id\":\"https:\\\/\\\/najnaj.eu\\\/fr\\\/#website\"},\"primaryImageOfPage\":{\"@id\":\"https:\\\/\\\/najnaj.eu\\\/fr\\\/proizvod\\\/luk-s-igrackama-za-aeromoov-putni-krevetic-grey-rock\\\/#primaryimage\"},\"image\":{\"@id\":\"https:\\\/\\\/najnaj.eu\\\/fr\\\/proizvod\\\/luk-s-igrackama-za-aeromoov-putni-krevetic-grey-rock\\\/#primaryimage\"},\"thumbnailUrl\":\"https:\\\/\\\/najnaj.eu\\\/wp-content\\\/uploads\\\/2023\\\/11\\\/ITC-GR-speelboog-front.jpg\",\"datePublished\":\"2025-10-01T07:05:10+00:00\",\"dateModified\":\"2026-02-03T19:30:47+00:00\",\"breadcrumb\":{\"@id\":\"https:\\\/\\\/najnaj.eu\\\/fr\\\/proizvod\\\/luk-s-igrackama-za-aeromoov-putni-krevetic-grey-rock\\\/#breadcrumb\"},\"inLanguage\":\"fr-FR\",\"potentialAction\":[{\"@type\":\"ReadAction\",\"target\":[\"https:\\\/\\\/najnaj.eu\\\/fr\\\/proizvod\\\/luk-s-igrackama-za-aeromoov-putni-krevetic-grey-rock\\\/\"]}]},{\"@type\":\"ImageObject\",\"inLanguage\":\"fr-FR\",\"@id\":\"https:\\\/\\\/najnaj.eu\\\/fr\\\/proizvod\\\/luk-s-igrackama-za-aeromoov-putni-krevetic-grey-rock\\\/#primaryimage\",\"url\":\"https:\\\/\\\/najnaj.eu\\\/wp-content\\\/uploads\\\/2023\\\/11\\\/ITC-GR-speelboog-front.jpg\",\"contentUrl\":\"https:\\\/\\\/najnaj.eu\\\/wp-content\\\/uploads\\\/2023\\\/11\\\/ITC-GR-speelboog-front.jpg\",\"width\":2400,\"height\":1596},{\"@type\":\"BreadcrumbList\",\"@id\":\"https:\\\/\\\/najnaj.eu\\\/fr\\\/proizvod\\\/luk-s-igrackama-za-aeromoov-putni-krevetic-grey-rock\\\/#breadcrumb\",\"itemListElement\":[{\"@type\":\"ListItem\",\"position\":1,\"name\":\"Po\u010detna stranica\",\"item\":\"https:\\\/\\\/najnaj.eu\\\/fr\\\/\"},{\"@type\":\"ListItem\",\"position\":2,\"name\":\"Trgovina\",\"item\":\"https:\\\/\\\/najnaj.hr\\\/trgovina\\\/\"},{\"@type\":\"ListItem\",\"position\":3,\"name\":\"Luk s igra\u010dkama za AeroMoov putni kreveti\u0107, Grey Rock\"}]},{\"@type\":\"WebSite\",\"@id\":\"https:\\\/\\\/najnaj.eu\\\/fr\\\/#website\",\"url\":\"https:\\\/\\\/najnaj.eu\\\/fr\\\/\",\"name\":\"NajNaj.eu\",\"description\":\"Za najva\u017enije!\",\"potentialAction\":[{\"@type\":\"SearchAction\",\"target\":{\"@type\":\"EntryPoint\",\"urlTemplate\":\"https:\\\/\\\/najnaj.eu\\\/fr\\\/?s={search_term_string}\"},\"query-input\":{\"@type\":\"PropertyValueSpecification\",\"valueRequired\":true,\"valueName\":\"search_term_string\"}}],\"inLanguage\":\"fr-FR\"}]}<\/script>\n<meta property=\"product:brand\" content=\"AeroMoov\" \/>\n<meta property=\"product:price:amount\" content=\"44.95\" \/>\n<meta property=\"product:price:currency\" content=\"EUR\" \/>\n<meta property=\"og:availability\" content=\"instock\" \/>\n<meta property=\"product:availability\" content=\"instock\" \/>\n<meta property=\"product:retailer_item_id\" content=\"ATC-PLAY-GR\" \/>\n<meta property=\"product:condition\" content=\"new\" \/>\n<!-- \/ Yoast SEO Premium plugin. -->","yoast_head_json":{"title":"Luk s igra\u010dkama za AeroMoov putni kreveti\u0107, Grey Rock - NajNaj.eu","robots":{"index":"index","follow":"follow","max-snippet":"max-snippet:-1","max-image-preview":"max-image-preview:large","max-video-preview":"max-video-preview:-1"},"canonical":"https:\/\/najnaj.eu\/fr\/proizvod\/luk-s-igrackama-za-aeromoov-putni-krevetic-grey-rock\/","og_locale":"fr_FR","og_type":"article","og_title":"Luk s igra\u010dkama za AeroMoov putni kreveti\u0107, Grey Rock","og_description":"Jednostavan i prakti\u010dan luk uklju\u010duje sigurno grickalo za zubi\u0107e i prekrasne mekane igra\u010dke od prozra\u010dne tkanine. Igra\u010dke koje \u0107e va\u0161a beba voljeti istra\u017eivati i koje \u0107e potaknuti razvoj njene fine motorike!","og_url":"https:\/\/najnaj.eu\/fr\/proizvod\/luk-s-igrackama-za-aeromoov-putni-krevetic-grey-rock\/","og_site_name":"NajNaj.eu","article_publisher":"https:\/\/web.facebook.com\/najnaj.eu\/","article_modified_time":"2026-02-03T19:30:47+00:00","og_image":[{"width":2400,"height":1596,"url":"https:\/\/najnaj.eu\/wp-content\/uploads\/2023\/11\/ITC-GR-speelboog-front.jpg","type":"image\/jpeg"}],"twitter_card":"summary_large_image","twitter_misc":{"Prix":"44,95&nbsp;&euro;","Disponibilit\u00e9":"En stock"},"schema":{"@context":"https:\/\/schema.org","@graph":[{"@type":"WebPage","@id":"https:\/\/najnaj.eu\/fr\/proizvod\/luk-s-igrackama-za-aeromoov-putni-krevetic-grey-rock\/","url":"https:\/\/najnaj.eu\/fr\/proizvod\/luk-s-igrackama-za-aeromoov-putni-krevetic-grey-rock\/","name":"Luk s igra\u010dkama za AeroMoov putni kreveti\u0107, Grey Rock - NajNaj.eu","isPartOf":{"@id":"https:\/\/najnaj.eu\/fr\/#website"},"primaryImageOfPage":{"@id":"https:\/\/najnaj.eu\/fr\/proizvod\/luk-s-igrackama-za-aeromoov-putni-krevetic-grey-rock\/#primaryimage"},"image":{"@id":"https:\/\/najnaj.eu\/fr\/proizvod\/luk-s-igrackama-za-aeromoov-putni-krevetic-grey-rock\/#primaryimage"},"thumbnailUrl":"https:\/\/najnaj.eu\/wp-content\/uploads\/2023\/11\/ITC-GR-speelboog-front.jpg","datePublished":"2025-10-01T07:05:10+00:00","dateModified":"2026-02-03T19:30:47+00:00","breadcrumb":{"@id":"https:\/\/najnaj.eu\/fr\/proizvod\/luk-s-igrackama-za-aeromoov-putni-krevetic-grey-rock\/#breadcrumb"},"inLanguage":"fr-FR","potentialAction":[{"@type":"ReadAction","target":["https:\/\/najnaj.eu\/fr\/proizvod\/luk-s-igrackama-za-aeromoov-putni-krevetic-grey-rock\/"]}]},{"@type":"ImageObject","inLanguage":"fr-FR","@id":"https:\/\/najnaj.eu\/fr\/proizvod\/luk-s-igrackama-za-aeromoov-putni-krevetic-grey-rock\/#primaryimage","url":"https:\/\/najnaj.eu\/wp-content\/uploads\/2023\/11\/ITC-GR-speelboog-front.jpg","contentUrl":"https:\/\/najnaj.eu\/wp-content\/uploads\/2023\/11\/ITC-GR-speelboog-front.jpg","width":2400,"height":1596},{"@type":"BreadcrumbList","@id":"https:\/\/najnaj.eu\/fr\/proizvod\/luk-s-igrackama-za-aeromoov-putni-krevetic-grey-rock\/#breadcrumb","itemListElement":[{"@type":"ListItem","position":1,"name":"Po\u010detna stranica","item":"https:\/\/najnaj.eu\/fr\/"},{"@type":"ListItem","position":2,"name":"Trgovina","item":"https:\/\/najnaj.hr\/trgovina\/"},{"@type":"ListItem","position":3,"name":"Luk s igra\u010dkama za AeroMoov putni kreveti\u0107, Grey Rock"}]},{"@type":"WebSite","@id":"https:\/\/najnaj.eu\/fr\/#website","url":"https:\/\/najnaj.eu\/fr\/","name":"NajNaj.eu","description":"Za najva\u017enije!","potentialAction":[{"@type":"SearchAction","target":{"@type":"EntryPoint","urlTemplate":"https:\/\/najnaj.eu\/fr\/?s={search_term_string}"},"query-input":{"@type":"PropertyValueSpecification","valueRequired":true,"valueName":"search_term_string"}}],"inLanguage":"fr-FR"}]},"product_brand":"AeroMoov","product_price_amount":"44.95","product_price_currency":"EUR","og_availability":"instock","product_availability":"instock","product_retailer_item_id":"ATC-PLAY-GR","product_condition":"new"},"_links":{"self":[{"href":"https:\/\/najnaj.eu\/fr\/wp-json\/wp\/v2\/product\/192136","targetHints":{"allow":["GET"]}}],"collection":[{"href":"https:\/\/najnaj.eu\/fr\/wp-json\/wp\/v2\/product"}],"about":[{"href":"https:\/\/najnaj.eu\/fr\/wp-json\/wp\/v2\/types\/product"}],"replies":[{"embeddable":true,"href":"https:\/\/najnaj.eu\/fr\/wp-json\/wp\/v2\/comments?post=192136"}],"version-history":[{"count":0,"href":"https:\/\/najnaj.eu\/fr\/wp-json\/wp\/v2\/product\/192136\/revisions"}],"wp:featuredmedia":[{"embeddable":true,"href":"https:\/\/najnaj.eu\/fr\/wp-json\/wp\/v2\/media\/192137"}],"wp:attachment":[{"href":"https:\/\/najnaj.eu\/fr\/wp-json\/wp\/v2\/media?parent=192136"}],"wp:term":[{"taxonomy":"product_brand","embeddable":true,"href":"https:\/\/najnaj.eu\/fr\/wp-json\/wp\/v2\/product_brand?post=192136"},{"taxonomy":"product_cat","embeddable":true,"href":"https:\/\/najnaj.eu\/fr\/wp-json\/wp\/v2\/product_cat?post=192136"},{"taxonomy":"product_tag","embeddable":true,"href":"https:\/\/najnaj.eu\/fr\/wp-json\/wp\/v2\/product_tag?post=192136"}],"curies":[{"name":"wp","href":"https:\/\/api.w.org\/{rel}","templated":true}]}}