{"id":165617,"date":"2022-11-23T14:20:32","date_gmt":"2022-11-23T13:20:32","guid":{"rendered":"https:\/\/najnaj.eu\/?post_type=product&#038;p=165617"},"modified":"2026-02-04T11:20:00","modified_gmt":"2026-02-04T10:20:00","slug":"modu-4-x-kotaci-zuti","status":"publish","type":"product","link":"https:\/\/najnaj.eu\/fr\/proizvod\/modu-4-x-kotaci-zuti\/","title":{"rendered":"MODU 4 x kota\u010di, \u017euti"},"content":{"rendered":"<p>Rotiraju\u0107i MODU kota\u010di\u0107i savr\u0161en su na\u010din za pretvaranje MODU kreacije u vozilo za jo\u0161 bolju i br\u017eu zabavu mali\u0161ana. Kota\u010di\u0107i \u010dine va\u0161e MODU kreacije jo\u0161 zabavnijim, jer zahvaljuju\u0107i ovoj vrsti kota\u010da, mo\u017eete doslovno\u2026 i\u0107i u razli\u010ditim smjerovima. S dodatnim kota\u010di\u0107ima mali\u0161ani se mogu voziti cijeli dan ili organizirati utrke sa svojim prijateljima. Pritom su roditelji bez brige za svoje parkete jer su kota\u010di oblo\u017eeni gumom koja \u0161titi povr\u0161ine.<\/p>\n","protected":false},"excerpt":{"rendered":"<p>* Rotiraju\u0107i MODU kota\u010di\u0107i \u010dine igru jo\u0161 zabavnijom<br \/>\n* Oblo\u017eeni gumom koja \u0161titi podove<br \/>\n* Idealni za vo\u017enje i utrke<\/p>\n","protected":false},"featured_media":165618,"comment_status":"open","ping_status":"closed","template":"","meta":{"_acf_changed":false,"footnotes":""},"product_brand":[],"product_cat":[746,742,743],"product_tag":[],"class_list":{"0":"post-165617","1":"product","2":"type-product","3":"status-publish","4":"has-post-thumbnail","6":"product_cat-dodaci-za-igracke","7":"product_cat-igracke","8":"product_cat-kocke-za-aktivnu-igru","9":"pa_boja-zuta","10":"pa_brand-modu","12":"first","13":"outofstock","14":"sale","15":"shipping-taxable","16":"purchasable","17":"product-type-simple"},"bundled_by":[],"bundle_stock_status":"outofstock","bundle_stock_quantity":0,"bundle_virtual":false,"bundle_layout":"","bundle_add_to_cart_form_location":"","bundle_editable_in_cart":false,"bundle_sold_individually_context":"","bundle_item_grouping":"","bundle_min_size":"","bundle_max_size":"","bundle_price":[],"bundled_items":[],"bundle_sell_ids":[],"acf":[],"yoast_head":"<!-- This site is optimized with the Yoast SEO Premium plugin v21.5 (Yoast SEO v27.4) - https:\/\/yoast.com\/product\/yoast-seo-premium-wordpress\/ -->\n<title>MODU 4 x kota\u010di, \u017euti - NajNaj.eu<\/title>\n<meta name=\"robots\" content=\"index, follow, max-snippet:-1, max-image-preview:large, max-video-preview:-1\" \/>\n<link rel=\"canonical\" href=\"https:\/\/najnaj.eu\/fr\/proizvod\/modu-4-x-kotaci-zuti\/\" \/>\n<meta property=\"og:locale\" content=\"fr_FR\" \/>\n<meta property=\"og:type\" content=\"article\" \/>\n<meta property=\"og:title\" content=\"MODU 4 x kota\u010di, \u017euti\" \/>\n<meta property=\"og:description\" content=\"* Rotiraju\u0107i MODU kota\u010di\u0107i \u010dine igru jo\u0161 zabavnijom * Oblo\u017eeni gumom koja \u0161titi podove * Idealni za vo\u017enje i utrke\" \/>\n<meta property=\"og:url\" content=\"https:\/\/najnaj.eu\/fr\/proizvod\/modu-4-x-kotaci-zuti\/\" \/>\n<meta property=\"og:site_name\" content=\"NajNaj.eu\" \/>\n<meta property=\"article:publisher\" content=\"https:\/\/web.facebook.com\/najnaj.eu\/\" \/>\n<meta property=\"article:modified_time\" content=\"2026-02-04T10:20:00+00:00\" \/>\n<meta property=\"og:image\" content=\"https:\/\/najnaj.eu\/wp-content\/uploads\/2023\/10\/4-x-swirly-wheels-yellow-slide-1_800x.webp\" \/>\n\t<meta property=\"og:image:width\" content=\"800\" \/>\n\t<meta property=\"og:image:height\" content=\"798\" \/>\n\t<meta property=\"og:image:type\" content=\"image\/webp\" \/>\n<meta name=\"twitter:card\" content=\"summary_large_image\" \/>\n<meta name=\"twitter:label1\" content=\"Prix\" \/>\n\t<meta name=\"twitter:data1\" content=\"6,90&nbsp;&euro;\" \/>\n\t<meta name=\"twitter:label2\" content=\"Disponibilit\u00e9\" \/>\n\t<meta name=\"twitter:data2\" content=\"Rupture de stock\" \/>\n<script type=\"application\/ld+json\" class=\"yoast-schema-graph\">{\"@context\":\"https:\\\/\\\/schema.org\",\"@graph\":[{\"@type\":\"WebPage\",\"@id\":\"https:\\\/\\\/najnaj.eu\\\/fr\\\/proizvod\\\/modu-4-x-kotaci-zuti\\\/\",\"url\":\"https:\\\/\\\/najnaj.eu\\\/fr\\\/proizvod\\\/modu-4-x-kotaci-zuti\\\/\",\"name\":\"MODU 4 x kota\u010di, \u017euti - NajNaj.eu\",\"isPartOf\":{\"@id\":\"https:\\\/\\\/najnaj.eu\\\/fr\\\/#website\"},\"primaryImageOfPage\":{\"@id\":\"https:\\\/\\\/najnaj.eu\\\/fr\\\/proizvod\\\/modu-4-x-kotaci-zuti\\\/#primaryimage\"},\"image\":{\"@id\":\"https:\\\/\\\/najnaj.eu\\\/fr\\\/proizvod\\\/modu-4-x-kotaci-zuti\\\/#primaryimage\"},\"thumbnailUrl\":\"https:\\\/\\\/najnaj.eu\\\/wp-content\\\/uploads\\\/2023\\\/10\\\/4-x-swirly-wheels-yellow-slide-1_800x.webp\",\"datePublished\":\"2022-11-23T13:20:32+00:00\",\"dateModified\":\"2026-02-04T10:20:00+00:00\",\"breadcrumb\":{\"@id\":\"https:\\\/\\\/najnaj.eu\\\/fr\\\/proizvod\\\/modu-4-x-kotaci-zuti\\\/#breadcrumb\"},\"inLanguage\":\"fr-FR\",\"potentialAction\":[{\"@type\":\"ReadAction\",\"target\":[\"https:\\\/\\\/najnaj.eu\\\/fr\\\/proizvod\\\/modu-4-x-kotaci-zuti\\\/\"]}]},{\"@type\":\"ImageObject\",\"inLanguage\":\"fr-FR\",\"@id\":\"https:\\\/\\\/najnaj.eu\\\/fr\\\/proizvod\\\/modu-4-x-kotaci-zuti\\\/#primaryimage\",\"url\":\"https:\\\/\\\/najnaj.eu\\\/wp-content\\\/uploads\\\/2023\\\/10\\\/4-x-swirly-wheels-yellow-slide-1_800x.webp\",\"contentUrl\":\"https:\\\/\\\/najnaj.eu\\\/wp-content\\\/uploads\\\/2023\\\/10\\\/4-x-swirly-wheels-yellow-slide-1_800x.webp\",\"width\":800,\"height\":798},{\"@type\":\"BreadcrumbList\",\"@id\":\"https:\\\/\\\/najnaj.eu\\\/fr\\\/proizvod\\\/modu-4-x-kotaci-zuti\\\/#breadcrumb\",\"itemListElement\":[{\"@type\":\"ListItem\",\"position\":1,\"name\":\"Po\u010detna stranica\",\"item\":\"https:\\\/\\\/najnaj.eu\\\/fr\\\/\"},{\"@type\":\"ListItem\",\"position\":2,\"name\":\"Trgovina\",\"item\":\"https:\\\/\\\/najnaj.hr\\\/trgovina\\\/\"},{\"@type\":\"ListItem\",\"position\":3,\"name\":\"MODU 4 x kota\u010di, \u017euti\"}]},{\"@type\":\"WebSite\",\"@id\":\"https:\\\/\\\/najnaj.eu\\\/fr\\\/#website\",\"url\":\"https:\\\/\\\/najnaj.eu\\\/fr\\\/\",\"name\":\"NajNaj.eu\",\"description\":\"Za najva\u017enije!\",\"potentialAction\":[{\"@type\":\"SearchAction\",\"target\":{\"@type\":\"EntryPoint\",\"urlTemplate\":\"https:\\\/\\\/najnaj.eu\\\/fr\\\/?s={search_term_string}\"},\"query-input\":{\"@type\":\"PropertyValueSpecification\",\"valueRequired\":true,\"valueName\":\"search_term_string\"}}],\"inLanguage\":\"fr-FR\"}]}<\/script>\n<meta property=\"product:brand\" content=\"Modu\" \/>\n<meta property=\"product:price:amount\" content=\"6.90\" \/>\n<meta property=\"product:price:currency\" content=\"EUR\" \/>\n<meta property=\"og:availability\" content=\"out of stock\" \/>\n<meta property=\"product:availability\" content=\"out of stock\" \/>\n<meta property=\"product:retailer_item_id\" content=\"MODU-CAST-WHEEL-YEL-IP\" \/>\n<meta property=\"product:condition\" content=\"new\" \/>\n<!-- \/ Yoast SEO Premium plugin. -->","yoast_head_json":{"title":"MODU 4 x kota\u010di, \u017euti - NajNaj.eu","robots":{"index":"index","follow":"follow","max-snippet":"max-snippet:-1","max-image-preview":"max-image-preview:large","max-video-preview":"max-video-preview:-1"},"canonical":"https:\/\/najnaj.eu\/fr\/proizvod\/modu-4-x-kotaci-zuti\/","og_locale":"fr_FR","og_type":"article","og_title":"MODU 4 x kota\u010di, \u017euti","og_description":"* Rotiraju\u0107i MODU kota\u010di\u0107i \u010dine igru jo\u0161 zabavnijom * Oblo\u017eeni gumom koja \u0161titi podove * Idealni za vo\u017enje i utrke","og_url":"https:\/\/najnaj.eu\/fr\/proizvod\/modu-4-x-kotaci-zuti\/","og_site_name":"NajNaj.eu","article_publisher":"https:\/\/web.facebook.com\/najnaj.eu\/","article_modified_time":"2026-02-04T10:20:00+00:00","og_image":[{"width":800,"height":798,"url":"https:\/\/najnaj.eu\/wp-content\/uploads\/2023\/10\/4-x-swirly-wheels-yellow-slide-1_800x.webp","type":"image\/webp"}],"twitter_card":"summary_large_image","twitter_misc":{"Prix":"6,90&nbsp;&euro;","Disponibilit\u00e9":"Rupture de stock"},"schema":{"@context":"https:\/\/schema.org","@graph":[{"@type":"WebPage","@id":"https:\/\/najnaj.eu\/fr\/proizvod\/modu-4-x-kotaci-zuti\/","url":"https:\/\/najnaj.eu\/fr\/proizvod\/modu-4-x-kotaci-zuti\/","name":"MODU 4 x kota\u010di, \u017euti - NajNaj.eu","isPartOf":{"@id":"https:\/\/najnaj.eu\/fr\/#website"},"primaryImageOfPage":{"@id":"https:\/\/najnaj.eu\/fr\/proizvod\/modu-4-x-kotaci-zuti\/#primaryimage"},"image":{"@id":"https:\/\/najnaj.eu\/fr\/proizvod\/modu-4-x-kotaci-zuti\/#primaryimage"},"thumbnailUrl":"https:\/\/najnaj.eu\/wp-content\/uploads\/2023\/10\/4-x-swirly-wheels-yellow-slide-1_800x.webp","datePublished":"2022-11-23T13:20:32+00:00","dateModified":"2026-02-04T10:20:00+00:00","breadcrumb":{"@id":"https:\/\/najnaj.eu\/fr\/proizvod\/modu-4-x-kotaci-zuti\/#breadcrumb"},"inLanguage":"fr-FR","potentialAction":[{"@type":"ReadAction","target":["https:\/\/najnaj.eu\/fr\/proizvod\/modu-4-x-kotaci-zuti\/"]}]},{"@type":"ImageObject","inLanguage":"fr-FR","@id":"https:\/\/najnaj.eu\/fr\/proizvod\/modu-4-x-kotaci-zuti\/#primaryimage","url":"https:\/\/najnaj.eu\/wp-content\/uploads\/2023\/10\/4-x-swirly-wheels-yellow-slide-1_800x.webp","contentUrl":"https:\/\/najnaj.eu\/wp-content\/uploads\/2023\/10\/4-x-swirly-wheels-yellow-slide-1_800x.webp","width":800,"height":798},{"@type":"BreadcrumbList","@id":"https:\/\/najnaj.eu\/fr\/proizvod\/modu-4-x-kotaci-zuti\/#breadcrumb","itemListElement":[{"@type":"ListItem","position":1,"name":"Po\u010detna stranica","item":"https:\/\/najnaj.eu\/fr\/"},{"@type":"ListItem","position":2,"name":"Trgovina","item":"https:\/\/najnaj.hr\/trgovina\/"},{"@type":"ListItem","position":3,"name":"MODU 4 x kota\u010di, \u017euti"}]},{"@type":"WebSite","@id":"https:\/\/najnaj.eu\/fr\/#website","url":"https:\/\/najnaj.eu\/fr\/","name":"NajNaj.eu","description":"Za najva\u017enije!","potentialAction":[{"@type":"SearchAction","target":{"@type":"EntryPoint","urlTemplate":"https:\/\/najnaj.eu\/fr\/?s={search_term_string}"},"query-input":{"@type":"PropertyValueSpecification","valueRequired":true,"valueName":"search_term_string"}}],"inLanguage":"fr-FR"}]},"product_brand":"Modu","product_price_amount":"6.90","product_price_currency":"EUR","og_availability":"out of stock","product_availability":"out of stock","product_retailer_item_id":"MODU-CAST-WHEEL-YEL-IP","product_condition":"new"},"_links":{"self":[{"href":"https:\/\/najnaj.eu\/fr\/wp-json\/wp\/v2\/product\/165617","targetHints":{"allow":["GET"]}}],"collection":[{"href":"https:\/\/najnaj.eu\/fr\/wp-json\/wp\/v2\/product"}],"about":[{"href":"https:\/\/najnaj.eu\/fr\/wp-json\/wp\/v2\/types\/product"}],"replies":[{"embeddable":true,"href":"https:\/\/najnaj.eu\/fr\/wp-json\/wp\/v2\/comments?post=165617"}],"version-history":[{"count":0,"href":"https:\/\/najnaj.eu\/fr\/wp-json\/wp\/v2\/product\/165617\/revisions"}],"wp:featuredmedia":[{"embeddable":true,"href":"https:\/\/najnaj.eu\/fr\/wp-json\/wp\/v2\/media\/165618"}],"wp:attachment":[{"href":"https:\/\/najnaj.eu\/fr\/wp-json\/wp\/v2\/media?parent=165617"}],"wp:term":[{"taxonomy":"product_brand","embeddable":true,"href":"https:\/\/najnaj.eu\/fr\/wp-json\/wp\/v2\/product_brand?post=165617"},{"taxonomy":"product_cat","embeddable":true,"href":"https:\/\/najnaj.eu\/fr\/wp-json\/wp\/v2\/product_cat?post=165617"},{"taxonomy":"product_tag","embeddable":true,"href":"https:\/\/najnaj.eu\/fr\/wp-json\/wp\/v2\/product_tag?post=165617"}],"curies":[{"name":"wp","href":"https:\/\/api.w.org\/{rel}","templated":true}]}}