{"id":153233,"date":"2023-05-29T08:30:02","date_gmt":"2023-05-29T06:30:02","guid":{"rendered":"https:\/\/najnaj.eu\/?post_type=product&#038;p=153233"},"modified":"2026-04-15T02:21:46","modified_gmt":"2026-04-15T00:21:46","slug":"set-besafe-izi-flex-fix-i-size-100-150-cm-kneeguardkids4-oslonac-za-noge","status":"publish","type":"product","link":"https:\/\/najnaj.eu\/fr\/proizvod\/set-besafe-izi-flex-fix-i-size-100-150-cm-kneeguardkids4-oslonac-za-noge\/","title":{"rendered":"Set BeSafe Flex FIX 2 autosjedalica (100 &#8211; 150 cm) + KneeGuardKids4 oslonac za noge"},"content":{"rendered":"<h3><a href=\"https:\/\/najnaj.eu\/kategorija-proizvoda\/autosjedalice\/?brand=besafe&amp;Model=flex-fix-2\" target=\"_blank\" rel=\"noopener\"><strong>BeSafe Flex FIX 2 autosjedalica<\/strong><\/a><\/h3>\n<p><strong>3 autosjedalice u nizu<\/strong><br \/>\nNapravite mjesta za do troje djece u nizu jednostavnim uklanjanjem obje SIP bo\u010dne za\u0161tite sa sjedalice u sredini.<\/p>\n<p><strong>Jastu\u010di\u0107 PAD+<\/strong><br \/>\nDizajniran za dodatnu za\u0161titu brade i prsa, PAD+ nudi meku i udobnu podlogu za rub sigurnosnog pojasa.<\/p>\n<p><strong>Vodilice za pojas<\/strong><br \/>\nInovativna BeSafe me\u0111uno\u017ena kop\u010da temelji se na na\u0161oj dokazanoj tehnologiji pojasa za trudnice. Ovo inteligentno rje\u0161enje sprje\u010dava klizanje djetetovog tijela prema naprijed i ispod sigurnosnog pojasa i uvijek osigurava pravilno postavljanje trbu\u0161nog dijela sigurnosnog pojasa. Uz na\u0161u vodilicu za rameni pojas, postavljanje sigurnosnog pojasa sada je jo\u0161 lak\u0161e i preciznije. Tkanina me\u0111uno\u017ene kop\u010de lako se odvaja \u0161to omogu\u0107uje jednostavno odr\u017eavanje i \u010di\u0161\u0107enje kada je potrebno.<\/p>\n<p><strong>Blago nagnuti polo\u017eaj<\/strong><br \/>\nSjedalica se lako mo\u017ee namjestiti u blago nagnuti polo\u017eaj, \u0161to pru\u017ea dodatnu udobnost i \u0161titi va\u0161e dijete. Kada va\u0161e dijete postane pospano u automobilu, nagnuti polo\u017eaj poma\u017ee osigurati da mu glava i torzo ostanu za\u0161ti\u0107eni unutar autosjedalice.<\/p>\n<p><strong>Inovativni naslon za glavu<\/strong><br \/>\nInovativna konstrukcija naslona za glavu sa za\u0161titnim efektom poput trampolina.<\/p>\n<p><strong>Sigurnost<\/strong><br \/>\n&#8211; Inovativna konstrukcija naslona za glavu sa za\u0161titnim efektom poput trampolina (Dynamic Force Absorber\u2122)<br \/>\n&#8211; Odobreno u skladu s Uredbom UN R129<br \/>\n-Jastu\u010di\u0107 PAD+ dizajn za dodatnu za\u0161titu brade i prsa<br \/>\n-Fleksibilna za\u0161tita od bo\u010dnog sudara<br \/>\n-Vodilice ramenog i trbu\u0161nog pojasa za savr\u0161eno pozicioniranje<br \/>\n-SIP+ za\u0161tita od bo\u010dnog sudara<br \/>\n&#8211; Naslon za glavu izra\u0111en iz materijala EPP za vrhunsku za\u0161titu<br \/>\n-Bez naslona za ruke kako bi se izbjegla nepravilna upotreba sigurnosnog pojasa<\/p>\n<p><strong>Puno prostora i 3 sjedalice u nizu<\/strong><br \/>\n&#8211; Zauzima malo prostora \u2013 ali s puno prostora za va\u0161e dijete<br \/>\n&#8211; SIP bo\u010dne za\u0161tite mogu se ukloniti kako bi se moglo smjestiti do 3 sjedalice\/osobe u nizu<\/p>\n<p><strong>Udobnost<\/strong><br \/>\n&#8211; Naslon za glavu djetetu osigurava dobar pogled sa strane i dobru potporu tijekom spavanja<br \/>\n&#8211; Jedinstveno rje\u0161enje za pode\u0161avanje visine sa strane sjedalice dok je va\u0161e dijete vezano<br \/>\n-Prilago\u0111ava se djetetu koje raste<br \/>\n-Jastu\u010di\u0107 PAD+ pru\u017ea udobnu i mekanu podlogu uz sigurnosni pojas<br \/>\n&#8211; Jedinstvena i prakti\u010dna funkcija naslona<br \/>\n&#8211; Integrirana ru\u010dka za jednostavan transport<br \/>\n&#8211; Lako perivo s potpuno uklonjivom navlakom<\/p>\n<h3><a href=\"https:\/\/najnaj.eu\/proizvod\/kneeguardkids4\/\" target=\"_blank\" rel=\"noopener\"><strong>KneeGuardKids4<\/strong><\/a><\/h3>\n<p>Prvi potpuno podesivi oslonac za noge testiran na sudar!<br \/>\nPoma\u017ee u odr\u017eavanju pravilnog sjedenja djeteta u svakoj autosjedalici okrenutoj u smjeru vo\u017enje bez postavljene potporne noge, kad god putujete automobilom, bez obzira na udaljenost.<br \/>\nOslonac za noge sprje\u010dava utrnulost u djetetovim nogama jer se vi\u0161e ne\u0107e naslanjati na rubove autosjedalice \u0161to uzrokuje pritisak ispod koljena.<br \/>\nOno \u0161to je va\u017eno, KneeGuardKids, kada podupire noge, poma\u017ee da se djetetova le\u0111a oslanjaju na sjedalicu i glava ostaje unutar za\u0161ti\u0107enog podru\u010dja.<\/p>\n<p>Lako se sastavlja i prilago\u0111ava pojedincu odnosno potrebama malog putnika.<br \/>\nPogodan je za djecu \u010dak i do 9-10 godina.<br \/>\nPogodan za automobile sa i bez ISOFIX-a.<br \/>\nU oba slu\u010daja, oslonac za noge je fiksiran jednako sigurno.<br \/>\nU slu\u010daju nezgode ne kre\u0107e se po vozilu tako da ne predstavlja prijetnju putnicima. Preporu\u010duje se djeci koja udaraju u sjedalo sprijeda ili imaju bolove u nogama i le\u0111ima.<\/p>\n<p><strong>Tehni\u010dke specifikacije<\/strong><\/p>\n<p>Kompatibilan sa svim autosjedalicama okrenutim prema naprijed, bez noge za optere\u0107enje.<\/p>\n<p>Za djecu do 10 godina (manje od 30 kg)<br \/>\nDimenzije:<br \/>\nPlo\u010da za noge 38 \u00d7 20 \u00d7 3,2 cm<br \/>\nTraka za kontrolu visine 6,5 \u00d7 8 \u00d7 32,5 cm<br \/>\nNo\u017ena plo\u010da 31,5 \u00d7 15 \u00d7 2 cm<\/p>\n<p>Raspon regulacije visine (54 cm) i kut (135\u00b0)<\/p>\n<p>Te\u017eina proizvoda: 1,5 kg<br \/>\nTe\u017eina proizvoda s ambala\u017eom: 1,9 kg<br \/>\nMaterijali: ABS, PP, PC<br \/>\nBoja: Tamno siva<br \/>\nDizajnirano u Ju\u017enoj Koreji<br \/>\nProizvedeno u Kini<br \/>\nProizvod za\u0161ti\u0107en patentnim zakonom<br \/>\nJamstvo &#8211; 24 mjeseca<\/p>\n<p>&nbsp;<\/p>\n","protected":false},"excerpt":{"rendered":"<p><strong>Za sigurnu i udobnu vo\u017enju bez utrnulosti u nogama!<\/strong><\/p>\n<p>Flex FIX 2 &#8211; booster s naslonom nasljednik je nagra\u0111ivane BeSafe iZi Flex FIX i-Size autosjedalice. Kombinira izvrsnu sigurnost, optimalnu udobnost i kvalitetan dizajn za postavljanje do tri sjedalica u nizu.<\/p>\n<p>Visina: 100 \u2013 150 cm<br \/>\nDob: Pribl. 4 \u2013 12 god.<br \/>\nPostavljanje: ISOfix ili automobilski pojas s upori\u0161tem u tri to\u010dke<br \/>\nSmjer: U smjeru vo\u017enje<br \/>\nAtest: UN R129<\/p>\n<p>KneeGuardKids4\u00a0 je prvi oslonac za noge testiran je u sudaru i namijenjen je djeci koja udaraju u prednje sjedalo ili imaju bolove u nogama i le\u0111ima. Lako se postavlja i prilago\u0111ava visini djece, a poma\u017ee u odr\u017eavanju pravilnog sjedenja djeteta u svakoj autosjedalici bez potporne noge koja je okrenuta u smjer vo\u017enje.<\/p>\n<p>*Napominjemo da je navedeni dobni raspon samo smjernica koja se temelji na prosje\u010dnim vrijednostima i ne ograni\u010dava niti jam\u010di vrijeme kori\u0161tenja.<\/p>\n<p><strong>Odaberite boju Flex FIX 2 autosjedalice:<\/strong><\/p>\n","protected":false},"featured_media":165527,"comment_status":"open","ping_status":"closed","template":"","meta":{"_acf_changed":false,"footnotes":""},"product_brand":[],"product_cat":[574,832],"product_tag":[],"class_list":{"0":"post-153233","1":"product","2":"type-product","3":"status-publish","4":"has-post-thumbnail","6":"product_cat-autosjedalice","7":"product_cat-veca-djeca-od-4-god","8":"pa_atest-ece-r129-i-size","9":"pa_boja-anthracite-mesh","10":"pa_boja-black-cab","11":"pa_boja-black-soft-breeze","12":"pa_boja-dark-sand-soft-breeze","13":"pa_boja-meadow-green-soft-breeze","14":"pa_boja-metallic-grey","15":"pa_boja-peak-mesh","16":"pa_boja-sea-green","17":"pa_brand-besafe","18":"pa_brand-kneeguardkids","19":"pa_nacin-postavljanja-automobilski-pojas","20":"pa_nacin-postavljanja-isofix","21":"pa_visina-djeteta-od-100-do-150-cm","23":"first","24":"instock","25":"purchasable","26":"product-type-variable"},"bundled_by":[],"bundle_stock_status":"instock","bundle_stock_quantity":null,"bundle_virtual":false,"bundle_layout":"","bundle_add_to_cart_form_location":"","bundle_editable_in_cart":false,"bundle_sold_individually_context":"","bundle_item_grouping":"","bundle_min_size":"","bundle_max_size":"","bundle_price":[],"bundled_items":[],"bundle_sell_ids":[],"acf":[],"yoast_head":"<!-- This site is optimized with the Yoast SEO Premium plugin v21.5 (Yoast SEO v27.4) - https:\/\/yoast.com\/product\/yoast-seo-premium-wordpress\/ -->\n<title>Set BeSafe Flex FIX 2 autosjedalica (100 - 150 cm) + KneeGuardKids4 oslonac za noge - NajNaj.eu<\/title>\n<meta name=\"robots\" content=\"index, follow, max-snippet:-1, max-image-preview:large, max-video-preview:-1\" \/>\n<link rel=\"canonical\" href=\"https:\/\/najnaj.eu\/fr\/proizvod\/set-besafe-izi-flex-fix-i-size-100-150-cm-kneeguardkids4-oslonac-za-noge\/\" \/>\n<meta property=\"og:locale\" content=\"fr_FR\" \/>\n<meta property=\"og:type\" content=\"article\" \/>\n<meta property=\"og:title\" content=\"Set BeSafe Flex FIX 2 autosjedalica (100 - 150 cm) + KneeGuardKids4 oslonac za noge\" \/>\n<meta property=\"og:description\" content=\"Za sigurnu i udobnu vo\u017enju bez utrnulosti u nogama!  Flex FIX 2 - booster s naslonom nasljednik je nagra\u0111ivane BeSafe iZi Flex FIX i-Size autosjedalice. Kombinira izvrsnu sigurnost, optimalnu udobnost i kvalitetan dizajn za postavljanje do tri sjedalica u nizu.  Visina: 100 \u2013 150 cm Dob: Pribl. 4 \u2013 12 god. Postavljanje: ISOfix ili automobilski pojas s upori\u0161tem u tri to\u010dke Smjer: U smjeru vo\u017enje Atest: UN R129  KneeGuardKids4\u00a0 je prvi oslonac za noge testiran je u sudaru i namijenjen je djeci koja udaraju u prednje sjedalo ili imaju bolove u nogama i le\u0111ima. Lako se postavlja i prilago\u0111ava visini djece, a poma\u017ee u odr\u017eavanju pravilnog sjedenja djeteta u svakoj autosjedalici bez potporne noge koja je okrenuta u smjer vo\u017enje.  *Napominjemo da je navedeni dobni raspon samo smjernica koja se temelji na prosje\u010dnim vrijednostima i ne ograni\u010dava niti jam\u010di vrijeme kori\u0161tenja.  Odaberite boju Flex FIX 2 autosjedalice:\" \/>\n<meta property=\"og:url\" content=\"https:\/\/najnaj.eu\/fr\/proizvod\/set-besafe-izi-flex-fix-i-size-100-150-cm-kneeguardkids4-oslonac-za-noge\/\" \/>\n<meta property=\"og:site_name\" content=\"NajNaj.eu\" \/>\n<meta property=\"article:publisher\" content=\"https:\/\/web.facebook.com\/najnaj.eu\/\" \/>\n<meta property=\"article:modified_time\" content=\"2026-04-15T00:21:46+00:00\" \/>\n<meta property=\"og:image\" content=\"https:\/\/najnaj.eu\/wp-content\/uploads\/2023\/10\/Flex-i-KneeGuard-5.jpg\" \/>\n\t<meta property=\"og:image:width\" content=\"1080\" \/>\n\t<meta property=\"og:image:height\" content=\"1080\" \/>\n\t<meta property=\"og:image:type\" content=\"image\/jpeg\" \/>\n<meta name=\"twitter:card\" content=\"summary_large_image\" \/>\n<meta name=\"twitter:label1\" content=\"Disponibilit\u00e9\" \/>\n\t<meta name=\"twitter:data1\" content=\"En stock\" \/>\n<script type=\"application\/ld+json\" class=\"yoast-schema-graph\">{\"@context\":\"https:\\\/\\\/schema.org\",\"@graph\":[{\"@type\":\"WebPage\",\"@id\":\"https:\\\/\\\/najnaj.eu\\\/fr\\\/proizvod\\\/set-besafe-izi-flex-fix-i-size-100-150-cm-kneeguardkids4-oslonac-za-noge\\\/\",\"url\":\"https:\\\/\\\/najnaj.eu\\\/fr\\\/proizvod\\\/set-besafe-izi-flex-fix-i-size-100-150-cm-kneeguardkids4-oslonac-za-noge\\\/\",\"name\":\"Set BeSafe Flex FIX 2 autosjedalica (100 - 150 cm) + KneeGuardKids4 oslonac za noge - NajNaj.eu\",\"isPartOf\":{\"@id\":\"https:\\\/\\\/najnaj.eu\\\/fr\\\/#website\"},\"primaryImageOfPage\":{\"@id\":\"https:\\\/\\\/najnaj.eu\\\/fr\\\/proizvod\\\/set-besafe-izi-flex-fix-i-size-100-150-cm-kneeguardkids4-oslonac-za-noge\\\/#primaryimage\"},\"image\":{\"@id\":\"https:\\\/\\\/najnaj.eu\\\/fr\\\/proizvod\\\/set-besafe-izi-flex-fix-i-size-100-150-cm-kneeguardkids4-oslonac-za-noge\\\/#primaryimage\"},\"thumbnailUrl\":\"https:\\\/\\\/najnaj.eu\\\/wp-content\\\/uploads\\\/2023\\\/10\\\/Flex-i-KneeGuard-5.jpg\",\"datePublished\":\"2023-05-29T06:30:02+00:00\",\"dateModified\":\"2026-04-15T00:21:46+00:00\",\"breadcrumb\":{\"@id\":\"https:\\\/\\\/najnaj.eu\\\/fr\\\/proizvod\\\/set-besafe-izi-flex-fix-i-size-100-150-cm-kneeguardkids4-oslonac-za-noge\\\/#breadcrumb\"},\"inLanguage\":\"fr-FR\",\"potentialAction\":[{\"@type\":\"ReadAction\",\"target\":[\"https:\\\/\\\/najnaj.eu\\\/fr\\\/proizvod\\\/set-besafe-izi-flex-fix-i-size-100-150-cm-kneeguardkids4-oslonac-za-noge\\\/\"]}]},{\"@type\":\"ImageObject\",\"inLanguage\":\"fr-FR\",\"@id\":\"https:\\\/\\\/najnaj.eu\\\/fr\\\/proizvod\\\/set-besafe-izi-flex-fix-i-size-100-150-cm-kneeguardkids4-oslonac-za-noge\\\/#primaryimage\",\"url\":\"https:\\\/\\\/najnaj.eu\\\/wp-content\\\/uploads\\\/2023\\\/10\\\/Flex-i-KneeGuard-5.jpg\",\"contentUrl\":\"https:\\\/\\\/najnaj.eu\\\/wp-content\\\/uploads\\\/2023\\\/10\\\/Flex-i-KneeGuard-5.jpg\",\"width\":1080,\"height\":1080},{\"@type\":\"BreadcrumbList\",\"@id\":\"https:\\\/\\\/najnaj.eu\\\/fr\\\/proizvod\\\/set-besafe-izi-flex-fix-i-size-100-150-cm-kneeguardkids4-oslonac-za-noge\\\/#breadcrumb\",\"itemListElement\":[{\"@type\":\"ListItem\",\"position\":1,\"name\":\"Po\u010detna stranica\",\"item\":\"https:\\\/\\\/najnaj.eu\\\/fr\\\/\"},{\"@type\":\"ListItem\",\"position\":2,\"name\":\"Trgovina\",\"item\":\"https:\\\/\\\/najnaj.hr\\\/trgovina\\\/\"},{\"@type\":\"ListItem\",\"position\":3,\"name\":\"Set BeSafe Flex FIX 2 autosjedalica (100 &#8211; 150 cm) + KneeGuardKids4 oslonac za noge\"}]},{\"@type\":\"WebSite\",\"@id\":\"https:\\\/\\\/najnaj.eu\\\/fr\\\/#website\",\"url\":\"https:\\\/\\\/najnaj.eu\\\/fr\\\/\",\"name\":\"NajNaj.eu\",\"description\":\"Za najva\u017enije!\",\"potentialAction\":[{\"@type\":\"SearchAction\",\"target\":{\"@type\":\"EntryPoint\",\"urlTemplate\":\"https:\\\/\\\/najnaj.eu\\\/fr\\\/?s={search_term_string}\"},\"query-input\":{\"@type\":\"PropertyValueSpecification\",\"valueRequired\":true,\"valueName\":\"search_term_string\"}}],\"inLanguage\":\"fr-FR\"}]}<\/script>\n<meta property=\"product:brand\" content=\"BeSafe\" \/>\n<meta property=\"og:availability\" content=\"instock\" \/>\n<meta property=\"product:availability\" content=\"instock\" \/>\n<meta property=\"product:retailer_item_id\" content=\"KG+FlexFix2\" \/>\n<meta property=\"product:condition\" content=\"new\" \/>\n<!-- \/ Yoast SEO Premium plugin. -->","yoast_head_json":{"title":"Set BeSafe Flex FIX 2 autosjedalica (100 - 150 cm) + KneeGuardKids4 oslonac za noge - NajNaj.eu","robots":{"index":"index","follow":"follow","max-snippet":"max-snippet:-1","max-image-preview":"max-image-preview:large","max-video-preview":"max-video-preview:-1"},"canonical":"https:\/\/najnaj.eu\/fr\/proizvod\/set-besafe-izi-flex-fix-i-size-100-150-cm-kneeguardkids4-oslonac-za-noge\/","og_locale":"fr_FR","og_type":"article","og_title":"Set BeSafe Flex FIX 2 autosjedalica (100 - 150 cm) + KneeGuardKids4 oslonac za noge","og_description":"Za sigurnu i udobnu vo\u017enju bez utrnulosti u nogama!  Flex FIX 2 - booster s naslonom nasljednik je nagra\u0111ivane BeSafe iZi Flex FIX i-Size autosjedalice. Kombinira izvrsnu sigurnost, optimalnu udobnost i kvalitetan dizajn za postavljanje do tri sjedalica u nizu.  Visina: 100 \u2013 150 cm Dob: Pribl. 4 \u2013 12 god. Postavljanje: ISOfix ili automobilski pojas s upori\u0161tem u tri to\u010dke Smjer: U smjeru vo\u017enje Atest: UN R129  KneeGuardKids4\u00a0 je prvi oslonac za noge testiran je u sudaru i namijenjen je djeci koja udaraju u prednje sjedalo ili imaju bolove u nogama i le\u0111ima. Lako se postavlja i prilago\u0111ava visini djece, a poma\u017ee u odr\u017eavanju pravilnog sjedenja djeteta u svakoj autosjedalici bez potporne noge koja je okrenuta u smjer vo\u017enje.  *Napominjemo da je navedeni dobni raspon samo smjernica koja se temelji na prosje\u010dnim vrijednostima i ne ograni\u010dava niti jam\u010di vrijeme kori\u0161tenja.  Odaberite boju Flex FIX 2 autosjedalice:","og_url":"https:\/\/najnaj.eu\/fr\/proizvod\/set-besafe-izi-flex-fix-i-size-100-150-cm-kneeguardkids4-oslonac-za-noge\/","og_site_name":"NajNaj.eu","article_publisher":"https:\/\/web.facebook.com\/najnaj.eu\/","article_modified_time":"2026-04-15T00:21:46+00:00","og_image":[{"width":1080,"height":1080,"url":"https:\/\/najnaj.eu\/wp-content\/uploads\/2023\/10\/Flex-i-KneeGuard-5.jpg","type":"image\/jpeg"}],"twitter_card":"summary_large_image","twitter_misc":{"Disponibilit\u00e9":"En stock"},"schema":{"@context":"https:\/\/schema.org","@graph":[{"@type":"WebPage","@id":"https:\/\/najnaj.eu\/fr\/proizvod\/set-besafe-izi-flex-fix-i-size-100-150-cm-kneeguardkids4-oslonac-za-noge\/","url":"https:\/\/najnaj.eu\/fr\/proizvod\/set-besafe-izi-flex-fix-i-size-100-150-cm-kneeguardkids4-oslonac-za-noge\/","name":"Set BeSafe Flex FIX 2 autosjedalica (100 - 150 cm) + KneeGuardKids4 oslonac za noge - NajNaj.eu","isPartOf":{"@id":"https:\/\/najnaj.eu\/fr\/#website"},"primaryImageOfPage":{"@id":"https:\/\/najnaj.eu\/fr\/proizvod\/set-besafe-izi-flex-fix-i-size-100-150-cm-kneeguardkids4-oslonac-za-noge\/#primaryimage"},"image":{"@id":"https:\/\/najnaj.eu\/fr\/proizvod\/set-besafe-izi-flex-fix-i-size-100-150-cm-kneeguardkids4-oslonac-za-noge\/#primaryimage"},"thumbnailUrl":"https:\/\/najnaj.eu\/wp-content\/uploads\/2023\/10\/Flex-i-KneeGuard-5.jpg","datePublished":"2023-05-29T06:30:02+00:00","dateModified":"2026-04-15T00:21:46+00:00","breadcrumb":{"@id":"https:\/\/najnaj.eu\/fr\/proizvod\/set-besafe-izi-flex-fix-i-size-100-150-cm-kneeguardkids4-oslonac-za-noge\/#breadcrumb"},"inLanguage":"fr-FR","potentialAction":[{"@type":"ReadAction","target":["https:\/\/najnaj.eu\/fr\/proizvod\/set-besafe-izi-flex-fix-i-size-100-150-cm-kneeguardkids4-oslonac-za-noge\/"]}]},{"@type":"ImageObject","inLanguage":"fr-FR","@id":"https:\/\/najnaj.eu\/fr\/proizvod\/set-besafe-izi-flex-fix-i-size-100-150-cm-kneeguardkids4-oslonac-za-noge\/#primaryimage","url":"https:\/\/najnaj.eu\/wp-content\/uploads\/2023\/10\/Flex-i-KneeGuard-5.jpg","contentUrl":"https:\/\/najnaj.eu\/wp-content\/uploads\/2023\/10\/Flex-i-KneeGuard-5.jpg","width":1080,"height":1080},{"@type":"BreadcrumbList","@id":"https:\/\/najnaj.eu\/fr\/proizvod\/set-besafe-izi-flex-fix-i-size-100-150-cm-kneeguardkids4-oslonac-za-noge\/#breadcrumb","itemListElement":[{"@type":"ListItem","position":1,"name":"Po\u010detna stranica","item":"https:\/\/najnaj.eu\/fr\/"},{"@type":"ListItem","position":2,"name":"Trgovina","item":"https:\/\/najnaj.hr\/trgovina\/"},{"@type":"ListItem","position":3,"name":"Set BeSafe Flex FIX 2 autosjedalica (100 &#8211; 150 cm) + KneeGuardKids4 oslonac za noge"}]},{"@type":"WebSite","@id":"https:\/\/najnaj.eu\/fr\/#website","url":"https:\/\/najnaj.eu\/fr\/","name":"NajNaj.eu","description":"Za najva\u017enije!","potentialAction":[{"@type":"SearchAction","target":{"@type":"EntryPoint","urlTemplate":"https:\/\/najnaj.eu\/fr\/?s={search_term_string}"},"query-input":{"@type":"PropertyValueSpecification","valueRequired":true,"valueName":"search_term_string"}}],"inLanguage":"fr-FR"}]},"product_brand":"BeSafe","og_availability":"instock","product_availability":"instock","product_retailer_item_id":"KG+FlexFix2","product_condition":"new"},"_links":{"self":[{"href":"https:\/\/najnaj.eu\/fr\/wp-json\/wp\/v2\/product\/153233","targetHints":{"allow":["GET"]}}],"collection":[{"href":"https:\/\/najnaj.eu\/fr\/wp-json\/wp\/v2\/product"}],"about":[{"href":"https:\/\/najnaj.eu\/fr\/wp-json\/wp\/v2\/types\/product"}],"replies":[{"embeddable":true,"href":"https:\/\/najnaj.eu\/fr\/wp-json\/wp\/v2\/comments?post=153233"}],"version-history":[{"count":0,"href":"https:\/\/najnaj.eu\/fr\/wp-json\/wp\/v2\/product\/153233\/revisions"}],"wp:featuredmedia":[{"embeddable":true,"href":"https:\/\/najnaj.eu\/fr\/wp-json\/wp\/v2\/media\/165527"}],"wp:attachment":[{"href":"https:\/\/najnaj.eu\/fr\/wp-json\/wp\/v2\/media?parent=153233"}],"wp:term":[{"taxonomy":"product_brand","embeddable":true,"href":"https:\/\/najnaj.eu\/fr\/wp-json\/wp\/v2\/product_brand?post=153233"},{"taxonomy":"product_cat","embeddable":true,"href":"https:\/\/najnaj.eu\/fr\/wp-json\/wp\/v2\/product_cat?post=153233"},{"taxonomy":"product_tag","embeddable":true,"href":"https:\/\/najnaj.eu\/fr\/wp-json\/wp\/v2\/product_tag?post=153233"}],"curies":[{"name":"wp","href":"https:\/\/api.w.org\/{rel}","templated":true}]}}