{"id":153202,"date":"2023-09-21T10:30:16","date_gmt":"2023-09-21T08:30:16","guid":{"rendered":"https:\/\/najnaj.eu\/?post_type=product&#038;p=153202"},"modified":"2026-04-13T17:38:48","modified_gmt":"2026-04-13T15:38:48","slug":"carriwell-besavni-grudnjak-za-trudnice-crni","status":"publish","type":"product","link":"https:\/\/najnaj.eu\/fr\/proizvod\/carriwell-besavni-grudnjak-za-trudnice-crni\/","title":{"rendered":"Carriwell Be\u0161avni grudnjak za trudnice &#8211; crni"},"content":{"rendered":"<p>Predstavljamo Carriwell grudnjak za trudnice &#8211; nezaobilazan dio za budu\u0107e mame koje tra\u017ee vrhunsku udobnost i potporu tijekom svog trudni\u010dkog putovanja. Dizajniran imaju\u0107i na umu jedinstvene potrebe trudnica, ovaj grudnjak izra\u0111en je da pru\u017ei iznimnu udobnost, fleksibilnost, podr\u0161ku i funkcionalnost.<\/p>\n<p>Tijekom trudno\u0107e \u017eenske grudi do\u017eivljavaju zna\u010dajne promjene i postaju osjetljivije. Carriwell grudnjak za trudnice posebno je dizajniran da odgovori na te promjene i osigura udobno i opu\u0161teno iskustvo. Mekana i nje\u017ena tkanina kori\u0161tena u njegovoj izradi pru\u017ea umiruju\u0107i dodir na ko\u017ei, smanjuju\u0107i nelagodu i iritaciju na minimum.<\/p>\n<p>Udobnost je glavni prioritet s Carriwell grudnjakom za trudnice. Fleksibilni dizajn grudnjaka omogu\u0107uje prilagodbu promjenjivom obliku grudi, pru\u017eaju\u0107i udobno pristajanje tijekom cijele trudno\u0107e. Nudi dovoljnu potporu grudima, poma\u017eu\u0107i u ubla\u017eavanju potencijalne nelagode ili naprezanja. Bilo da se izle\u017eavate kod ku\u0107e, obavljate poslove ili se bavite laganim fizi\u010dkim aktivnostima, ovaj grudnjak osigurava da se osje\u0107ate opu\u0161teno na svakom koraku.<\/p>\n<p>Svestranost je jo\u0161 jedan klju\u010dni aspekt Carriwell grudnjaka za trudnice. Dostupan je u razli\u010ditim veli\u010dinama kako bi se prilagodio razli\u010ditim tipovima tijela i veli\u010dinama grudi. Promi\u0161ljeno dizajniran grudnjak omogu\u0107uje \u0161irenje kako grudi rastu tijekom trudno\u0107e, pru\u017eaju\u0107i sigurno i udobno pristajanje u svakoj fazi.<\/p>\n<p>Izra\u0111en od visokokvalitetnih materijala, Carriwell grudnjak za trudnice nudi izdr\u017eljivost i dugovje\u010dnost. Njegov be\u0161avni dizajn smanjuje trenje i iritaciju, dok prozra\u010dna tkanina poti\u010de pravilan protok zraka, odr\u017eavaju\u0107i vas hladnim i suhim tijekom dana.<\/p>\n<p>Prihvatite putovanje maj\u010dinstva s Carriwell grudnjakom za trudnice, va\u0161im vrhunskim suputnikom za udobnost, fleksibilnost, podr\u0161ku i funkcionalnost. Do\u017eivite slobodu da se opustite i s povjerenjem zagrlite svoje tijelo koje se mijenja. Carriwell grudnjak za trudnice &#8211; osmi\u0161ljen kako bi va\u0161u trudno\u0107u u\u010dinio \u0161to udobnijom i ugodnijom.<\/p>\n<p>Sastav: 87% poliamid, 13% elastan<\/p>\n","protected":false},"excerpt":{"rendered":"<ul>\n<li>potpora za osjetljive grudi<\/li>\n<li>\u00a0udoban i fleksibilan<\/li>\n<li>Preporuka: Savjetnici za dojenje\u00a0 preporu\u010duju meke ko\u0161arice u be\u0161avnim grudnjacima za trudnice<\/li>\n<\/ul>\n","protected":false},"featured_media":299045,"comment_status":"open","ping_status":"closed","template":"","meta":{"_acf_changed":false,"footnotes":""},"product_brand":[],"product_cat":[588,562,675],"product_tag":[2104],"class_list":{"0":"post-153202","1":"product","2":"type-product","3":"status-publish","4":"has-post-thumbnail","6":"product_cat-grudnjaci-za-trudnice","7":"product_cat-za-mamu","8":"product_cat-za-trudnice","9":"product_tag-mum-to-be","10":"pa_boja-crna","11":"pa_brand-carriwell","13":"first","14":"instock","15":"purchasable","16":"product-type-variable","17":"has-default-attributes"},"bundled_by":[],"bundle_stock_status":"instock","bundle_stock_quantity":1,"bundle_virtual":false,"bundle_layout":"","bundle_add_to_cart_form_location":"","bundle_editable_in_cart":false,"bundle_sold_individually_context":"","bundle_item_grouping":"","bundle_min_size":"","bundle_max_size":"","bundle_price":[],"bundled_items":[],"bundle_sell_ids":[],"acf":[],"yoast_head":"<!-- This site is optimized with the Yoast SEO Premium plugin v21.5 (Yoast SEO v27.4) - https:\/\/yoast.com\/product\/yoast-seo-premium-wordpress\/ -->\n<title>Carriwell Be\u0161avni grudnjak za trudnice - crni - NajNaj.eu<\/title>\n<meta name=\"robots\" content=\"index, follow, max-snippet:-1, max-image-preview:large, max-video-preview:-1\" \/>\n<link rel=\"canonical\" href=\"https:\/\/najnaj.eu\/fr\/proizvod\/carriwell-besavni-grudnjak-za-trudnice-crni\/\" \/>\n<meta property=\"og:locale\" content=\"fr_FR\" \/>\n<meta property=\"og:type\" content=\"article\" \/>\n<meta property=\"og:title\" content=\"Carriwell Be\u0161avni grudnjak za trudnice - crni\" \/>\n<meta property=\"og:description\" content=\"potpora za osjetljive grudi  \u00a0udoban i fleksibilan  Preporuka: Savjetnici za dojenje\u00a0 preporu\u010duju meke ko\u0161arice u be\u0161avnim grudnjacima za trudnice\" \/>\n<meta property=\"og:url\" content=\"https:\/\/najnaj.eu\/fr\/proizvod\/carriwell-besavni-grudnjak-za-trudnice-crni\/\" \/>\n<meta property=\"og:site_name\" content=\"NajNaj.eu\" \/>\n<meta property=\"article:publisher\" content=\"https:\/\/web.facebook.com\/najnaj.eu\/\" \/>\n<meta property=\"article:modified_time\" content=\"2026-04-13T15:38:48+00:00\" \/>\n<meta property=\"og:image\" content=\"https:\/\/najnaj.eu\/wp-content\/uploads\/2023\/09\/3550_Maternity-Bra_Black_Web_v00.jpg\" \/>\n\t<meta property=\"og:image:width\" content=\"1000\" \/>\n\t<meta property=\"og:image:height\" content=\"1250\" \/>\n\t<meta property=\"og:image:type\" content=\"image\/jpeg\" \/>\n<meta name=\"twitter:card\" content=\"summary_large_image\" \/>\n<meta name=\"twitter:label1\" content=\"Disponibilit\u00e9\" \/>\n\t<meta name=\"twitter:data1\" content=\"En stock\" \/>\n<script type=\"application\/ld+json\" class=\"yoast-schema-graph\">{\"@context\":\"https:\\\/\\\/schema.org\",\"@graph\":[{\"@type\":\"WebPage\",\"@id\":\"https:\\\/\\\/najnaj.eu\\\/fr\\\/proizvod\\\/carriwell-besavni-grudnjak-za-trudnice-crni\\\/\",\"url\":\"https:\\\/\\\/najnaj.eu\\\/fr\\\/proizvod\\\/carriwell-besavni-grudnjak-za-trudnice-crni\\\/\",\"name\":\"Carriwell Be\u0161avni grudnjak za trudnice - crni - NajNaj.eu\",\"isPartOf\":{\"@id\":\"https:\\\/\\\/najnaj.eu\\\/fr\\\/#website\"},\"primaryImageOfPage\":{\"@id\":\"https:\\\/\\\/najnaj.eu\\\/fr\\\/proizvod\\\/carriwell-besavni-grudnjak-za-trudnice-crni\\\/#primaryimage\"},\"image\":{\"@id\":\"https:\\\/\\\/najnaj.eu\\\/fr\\\/proizvod\\\/carriwell-besavni-grudnjak-za-trudnice-crni\\\/#primaryimage\"},\"thumbnailUrl\":\"https:\\\/\\\/najnaj.eu\\\/wp-content\\\/uploads\\\/2023\\\/09\\\/3550_Maternity-Bra_Black_Web_v00.jpg\",\"datePublished\":\"2023-09-21T08:30:16+00:00\",\"dateModified\":\"2026-04-13T15:38:48+00:00\",\"breadcrumb\":{\"@id\":\"https:\\\/\\\/najnaj.eu\\\/fr\\\/proizvod\\\/carriwell-besavni-grudnjak-za-trudnice-crni\\\/#breadcrumb\"},\"inLanguage\":\"fr-FR\",\"potentialAction\":[{\"@type\":\"ReadAction\",\"target\":[\"https:\\\/\\\/najnaj.eu\\\/fr\\\/proizvod\\\/carriwell-besavni-grudnjak-za-trudnice-crni\\\/\"]}]},{\"@type\":\"ImageObject\",\"inLanguage\":\"fr-FR\",\"@id\":\"https:\\\/\\\/najnaj.eu\\\/fr\\\/proizvod\\\/carriwell-besavni-grudnjak-za-trudnice-crni\\\/#primaryimage\",\"url\":\"https:\\\/\\\/najnaj.eu\\\/wp-content\\\/uploads\\\/2023\\\/09\\\/3550_Maternity-Bra_Black_Web_v00.jpg\",\"contentUrl\":\"https:\\\/\\\/najnaj.eu\\\/wp-content\\\/uploads\\\/2023\\\/09\\\/3550_Maternity-Bra_Black_Web_v00.jpg\",\"width\":1000,\"height\":1250},{\"@type\":\"BreadcrumbList\",\"@id\":\"https:\\\/\\\/najnaj.eu\\\/fr\\\/proizvod\\\/carriwell-besavni-grudnjak-za-trudnice-crni\\\/#breadcrumb\",\"itemListElement\":[{\"@type\":\"ListItem\",\"position\":1,\"name\":\"Po\u010detna stranica\",\"item\":\"https:\\\/\\\/najnaj.eu\\\/fr\\\/\"},{\"@type\":\"ListItem\",\"position\":2,\"name\":\"Trgovina\",\"item\":\"https:\\\/\\\/najnaj.hr\\\/trgovina\\\/\"},{\"@type\":\"ListItem\",\"position\":3,\"name\":\"Carriwell Be\u0161avni grudnjak za trudnice &#8211; crni\"}]},{\"@type\":\"WebSite\",\"@id\":\"https:\\\/\\\/najnaj.eu\\\/fr\\\/#website\",\"url\":\"https:\\\/\\\/najnaj.eu\\\/fr\\\/\",\"name\":\"NajNaj.eu\",\"description\":\"Za najva\u017enije!\",\"potentialAction\":[{\"@type\":\"SearchAction\",\"target\":{\"@type\":\"EntryPoint\",\"urlTemplate\":\"https:\\\/\\\/najnaj.eu\\\/fr\\\/?s={search_term_string}\"},\"query-input\":{\"@type\":\"PropertyValueSpecification\",\"valueRequired\":true,\"valueName\":\"search_term_string\"}}],\"inLanguage\":\"fr-FR\"}]}<\/script>\n<meta property=\"product:brand\" content=\"Carriwell\" \/>\n<meta property=\"og:availability\" content=\"instock\" \/>\n<meta property=\"product:availability\" content=\"instock\" \/>\n<meta property=\"product:retailer_item_id\" content=\"CW3560N\" \/>\n<meta property=\"product:condition\" content=\"new\" \/>\n<!-- \/ Yoast SEO Premium plugin. -->","yoast_head_json":{"title":"Carriwell Be\u0161avni grudnjak za trudnice - crni - NajNaj.eu","robots":{"index":"index","follow":"follow","max-snippet":"max-snippet:-1","max-image-preview":"max-image-preview:large","max-video-preview":"max-video-preview:-1"},"canonical":"https:\/\/najnaj.eu\/fr\/proizvod\/carriwell-besavni-grudnjak-za-trudnice-crni\/","og_locale":"fr_FR","og_type":"article","og_title":"Carriwell Be\u0161avni grudnjak za trudnice - crni","og_description":"potpora za osjetljive grudi  \u00a0udoban i fleksibilan  Preporuka: Savjetnici za dojenje\u00a0 preporu\u010duju meke ko\u0161arice u be\u0161avnim grudnjacima za trudnice","og_url":"https:\/\/najnaj.eu\/fr\/proizvod\/carriwell-besavni-grudnjak-za-trudnice-crni\/","og_site_name":"NajNaj.eu","article_publisher":"https:\/\/web.facebook.com\/najnaj.eu\/","article_modified_time":"2026-04-13T15:38:48+00:00","og_image":[{"width":1000,"height":1250,"url":"https:\/\/najnaj.eu\/wp-content\/uploads\/2023\/09\/3550_Maternity-Bra_Black_Web_v00.jpg","type":"image\/jpeg"}],"twitter_card":"summary_large_image","twitter_misc":{"Disponibilit\u00e9":"En stock"},"schema":{"@context":"https:\/\/schema.org","@graph":[{"@type":"WebPage","@id":"https:\/\/najnaj.eu\/fr\/proizvod\/carriwell-besavni-grudnjak-za-trudnice-crni\/","url":"https:\/\/najnaj.eu\/fr\/proizvod\/carriwell-besavni-grudnjak-za-trudnice-crni\/","name":"Carriwell Be\u0161avni grudnjak za trudnice - crni - NajNaj.eu","isPartOf":{"@id":"https:\/\/najnaj.eu\/fr\/#website"},"primaryImageOfPage":{"@id":"https:\/\/najnaj.eu\/fr\/proizvod\/carriwell-besavni-grudnjak-za-trudnice-crni\/#primaryimage"},"image":{"@id":"https:\/\/najnaj.eu\/fr\/proizvod\/carriwell-besavni-grudnjak-za-trudnice-crni\/#primaryimage"},"thumbnailUrl":"https:\/\/najnaj.eu\/wp-content\/uploads\/2023\/09\/3550_Maternity-Bra_Black_Web_v00.jpg","datePublished":"2023-09-21T08:30:16+00:00","dateModified":"2026-04-13T15:38:48+00:00","breadcrumb":{"@id":"https:\/\/najnaj.eu\/fr\/proizvod\/carriwell-besavni-grudnjak-za-trudnice-crni\/#breadcrumb"},"inLanguage":"fr-FR","potentialAction":[{"@type":"ReadAction","target":["https:\/\/najnaj.eu\/fr\/proizvod\/carriwell-besavni-grudnjak-za-trudnice-crni\/"]}]},{"@type":"ImageObject","inLanguage":"fr-FR","@id":"https:\/\/najnaj.eu\/fr\/proizvod\/carriwell-besavni-grudnjak-za-trudnice-crni\/#primaryimage","url":"https:\/\/najnaj.eu\/wp-content\/uploads\/2023\/09\/3550_Maternity-Bra_Black_Web_v00.jpg","contentUrl":"https:\/\/najnaj.eu\/wp-content\/uploads\/2023\/09\/3550_Maternity-Bra_Black_Web_v00.jpg","width":1000,"height":1250},{"@type":"BreadcrumbList","@id":"https:\/\/najnaj.eu\/fr\/proizvod\/carriwell-besavni-grudnjak-za-trudnice-crni\/#breadcrumb","itemListElement":[{"@type":"ListItem","position":1,"name":"Po\u010detna stranica","item":"https:\/\/najnaj.eu\/fr\/"},{"@type":"ListItem","position":2,"name":"Trgovina","item":"https:\/\/najnaj.hr\/trgovina\/"},{"@type":"ListItem","position":3,"name":"Carriwell Be\u0161avni grudnjak za trudnice &#8211; crni"}]},{"@type":"WebSite","@id":"https:\/\/najnaj.eu\/fr\/#website","url":"https:\/\/najnaj.eu\/fr\/","name":"NajNaj.eu","description":"Za najva\u017enije!","potentialAction":[{"@type":"SearchAction","target":{"@type":"EntryPoint","urlTemplate":"https:\/\/najnaj.eu\/fr\/?s={search_term_string}"},"query-input":{"@type":"PropertyValueSpecification","valueRequired":true,"valueName":"search_term_string"}}],"inLanguage":"fr-FR"}]},"product_brand":"Carriwell","og_availability":"instock","product_availability":"instock","product_retailer_item_id":"CW3560N","product_condition":"new"},"_links":{"self":[{"href":"https:\/\/najnaj.eu\/fr\/wp-json\/wp\/v2\/product\/153202","targetHints":{"allow":["GET"]}}],"collection":[{"href":"https:\/\/najnaj.eu\/fr\/wp-json\/wp\/v2\/product"}],"about":[{"href":"https:\/\/najnaj.eu\/fr\/wp-json\/wp\/v2\/types\/product"}],"replies":[{"embeddable":true,"href":"https:\/\/najnaj.eu\/fr\/wp-json\/wp\/v2\/comments?post=153202"}],"version-history":[{"count":0,"href":"https:\/\/najnaj.eu\/fr\/wp-json\/wp\/v2\/product\/153202\/revisions"}],"wp:featuredmedia":[{"embeddable":true,"href":"https:\/\/najnaj.eu\/fr\/wp-json\/wp\/v2\/media\/299045"}],"wp:attachment":[{"href":"https:\/\/najnaj.eu\/fr\/wp-json\/wp\/v2\/media?parent=153202"}],"wp:term":[{"taxonomy":"product_brand","embeddable":true,"href":"https:\/\/najnaj.eu\/fr\/wp-json\/wp\/v2\/product_brand?post=153202"},{"taxonomy":"product_cat","embeddable":true,"href":"https:\/\/najnaj.eu\/fr\/wp-json\/wp\/v2\/product_cat?post=153202"},{"taxonomy":"product_tag","embeddable":true,"href":"https:\/\/najnaj.eu\/fr\/wp-json\/wp\/v2\/product_tag?post=153202"}],"curies":[{"name":"wp","href":"https:\/\/api.w.org\/{rel}","templated":true}]}}