{"id":153018,"date":"2023-05-27T10:41:22","date_gmt":"2023-05-27T08:41:22","guid":{"rendered":"https:\/\/najnaj.eu\/?post_type=product&#038;p=153018"},"modified":"2026-02-04T11:08:03","modified_gmt":"2026-02-04T10:08:03","slug":"voksi-zimska-vreca-adventure-zelena","status":"publish","type":"product","link":"https:\/\/najnaj.eu\/fr\/proizvod\/voksi-zimska-vreca-adventure-zelena\/","title":{"rendered":"Voksi zimska vre\u0107a, Adventure, zelena"},"content":{"rendered":"<p><span data-sheets-value=\"{&quot;1&quot;:2,&quot;2&quot;:&quot;Voksi\u00ae Adventure je iznimno lagana zimska vre\u0107a otporna na vjetar koja je namijenjena za hladne jeseni i zime.\\n\\nMo\u017ee se koristiti od ro\u0111enja do 3 godine i odgovara obiteljima koje vole putovati i zajedno provoditi vrijeme u prirodi.\\n\\nMaterijal zimske vre\u0107e mo\u017ee se usporediti s laganom zimskom jaknicom koja se lako mo\u017ee omotati oko djetetovog tijela. Punjenje je izra\u0111eno od visokokvalitetnog paperja 90\/10, a jedinstven dizajn sprje\u010dava ulazak hladno\u0107e u vre\u0107u. Zrak izme\u0111u vlakana paperja pru\u017ea maksimalnu izolaciju, stoga zimsku vre\u0107u treba protresti prije upotrebe i pohraniti je na prozra\u010dnom mjestu bez kompresije. Dolazi s kompresijskom vre\u0107om tako da se mo\u017ee smanjiti, \u0161to je idealno za putovanja. Vanjska tkanina otporna je na vjetar, ima vodeni stupac od minimalno 3000 i presvu\u010dena je BIONIC-FINISH\u00aeECO \u0161to zna\u010di da je vodoodbojna. Kada pada jaka ki\u0161a, preporu\u010dujemo kori\u0161tenje ki\u0161nih pokriva\u010da s vanjske strane. Svi materijali u Voksi Adventureu imaju certifikat OEKO-TEX\u00aestandard 100, klasa 1, \u0161to je oznaka kvalitete koja pokazuje da niti jedan materijal u proizvodu ne sadr\u017ei \u0161tetne kemikalije. \\n\\nVoksi Adventure dizajnirana je s inovativnim otvorima za ruke koji se mogu otvarati i zatvarati patentnim zatvara\u010dem, \u0161to omogu\u0107uje djetetu da aktivno sudjeluje u onome \u0161to se doga\u0111a oko njega, a da pritom ostane toplo unutar zimske vre\u0107e. Jedinstveni dizajn stra\u017enjeg otvora zna\u010di da Adventure odgovara razli\u010ditim sigurnosnim pojasevima stoga je savr\u0161en za dje\u010dja kolica i zimske aktivnosti. Kada je dijete malo i ne popuni vre\u0107u za kolica po du\u017eini, mo\u017eete zategnuti trakicu na dnu tako da se paperje pribli\u017ei stopalima. Kad dijete poraste, trakica se ponovno otvori i tako zimska vre\u0107a prati rast djeteta. Navlaka za noge ima dvosmjerni patentni zatvara\u010d, tako da mo\u017eete jednostavno provjeriti jesu li djetetove noge tople ili osigurati prozra\u010divanje. Trakica oko glave mo\u017ee se prilagoditi razli\u010ditim vremenskim uvjetima i djetetovim \u017eeljama. Ne zaboravite na dovoljan dotok zraka oko djetetove glave i neka djeca uvijek spavaju pod nadzorom.\\n&quot;}\" data-sheets-userformat=\"{&quot;2&quot;:769,&quot;3&quot;:{&quot;1&quot;:0},&quot;11&quot;:4,&quot;12&quot;:0}\" data-sheets-textstyleruns=\"{&quot;1&quot;:0}\uee10{&quot;1&quot;:763,&quot;2&quot;:{&quot;2&quot;:{&quot;1&quot;:2,&quot;2&quot;:16711680},&quot;5&quot;:1}}\uee10{&quot;1&quot;:764}\">Materijal zimske vre\u0107e mo\u017ee se usporediti s laganom zimskom jaknicom koja se lako mo\u017ee omotati oko djetetovog tijela. Punjenje je izra\u0111eno od visokokvalitetnog paperja 90\/10, a jedinstven dizajn sprje\u010dava ulazak hladno\u0107e u vre\u0107u. Zrak izme\u0111u vlakana paperja pru\u017ea maksimalnu izolaciju, stoga zimsku vre\u0107u treba protresti prije upotrebe i pohraniti je na prozra\u010dnom mjestu bez kompresije. Dolazi s kompresijskom vre\u0107om tako da se mo\u017ee smanjiti, \u0161to je idealno za putovanja. Vanjska tkanina otporna je na vjetar, ima vodeni stupac od minimalno 3000 i presvu\u010dena je BIONIC-FINISH\u00aeECO \u0161to zna\u010di da je vodoodbojna. Kada pada jaka ki\u0161a, preporu\u010dujemo kori\u0161tenje ki\u0161nih pokriva\u010da s vanjske strane. Svi materijali u Voksi Adventureu imaju certifikat OEKO-TEX\u00aestandard 100, klasa 1, \u0161to je oznaka kvalitete koja pokazuje da niti jedan materijal u proizvodu ne sadr\u017ei \u0161tetne kemikalije.<\/span><\/p>\n<p>Voksi Adventure dizajnirana je s inovativnim otvorima za ruke koji se mogu otvarati i zatvarati patentnim zatvara\u010dem, \u0161to omogu\u0107uje djetetu da aktivno sudjeluje u onome \u0161to se doga\u0111a oko njega, a da pritom ostane toplo unutar zimske vre\u0107e. Jedinstveni dizajn stra\u017enjeg otvora zna\u010di da Adventure odgovara razli\u010ditim sigurnosnim pojasevima stoga je savr\u0161en za dje\u010dja kolica i zimske aktivnosti. Kada je dijete malo i ne popuni vre\u0107u za kolica po du\u017eini, mo\u017eete zategnuti trakicu na dnu tako da se paperje pribli\u017ei stopalima. Kad dijete poraste, trakica se ponovno otvori i tako zimska vre\u0107a prati rast djeteta. Navlaka za noge ima dvosmjerni patentni zatvara\u010d, tako da mo\u017eete jednostavno provjeriti jesu li djetetove noge tople ili osigurati prozra\u010divanje. Trakica oko glave mo\u017ee se prilagoditi razli\u010ditim vremenskim uvjetima i djetetovim \u017eeljama. Ne zaboravite na dovoljan dotok zraka oko djetetove glave i neka djeca uvijek spavaju pod nadzorom.<\/p>\n<p><span data-sheets-value=\"{&quot;1&quot;:2,&quot;2&quot;:&quot;BIONIC-FINISH\u00aeECO\\n\\nOsim \u0161to opona\u0161a prirodne vodoodbojne strukture, BIONIC-FINISH\u00aeECO tako\u0111er omogu\u0107uje vodoodbojnost bez sadr\u017eavanja fluorougljika \u2013 ba\u0161 kao \u0161to to priroda \u010dini. Ovo ekolo\u0161ki prihvatljivo rje\u0161enje ne ispu\u0161ta fluor-organske spojeve u atmosferu i time tako\u0111er omogu\u0107uje bolju budu\u0107nost za na\u0161u djecu.&quot;}\" data-sheets-userformat=\"{&quot;2&quot;:769,&quot;3&quot;:{&quot;1&quot;:0},&quot;11&quot;:4,&quot;12&quot;:0}\"><strong>BIONIC-FINISH\u00aeECO<\/strong><br \/>\nOsim \u0161to opona\u0161a prirodne vodoodbojne strukture, BIONIC-FINISH\u00aeECO tako\u0111er omogu\u0107uje vodoodbojnost bez sadr\u017eavanja fluorougljika \u2013 ba\u0161 kao \u0161to to priroda \u010dini. Ovo ekolo\u0161ki prihvatljivo rje\u0161enje ne ispu\u0161ta fluor-organske spojeve u atmosferu i time tako\u0111er omogu\u0107uje bolju budu\u0107nost za na\u0161u djecu.<\/span><\/p>\n<p><span data-sheets-value=\"{&quot;1&quot;:2,&quot;2&quot;:&quot;RDS, Responsible Down Standard\\nSva punjenja od paperja i perja koja se koriste u ovom proizvodu imaju certifikat Responsible Down Standard. Ova potvrda osigurava humano postupanje sa \u017eivotinjama kroz cijeli opskrbni lanac i stoga se ne doga\u0111a \u010dupanje na \u017eivo.&quot;}\" data-sheets-userformat=\"{&quot;2&quot;:769,&quot;3&quot;:{&quot;1&quot;:0},&quot;11&quot;:4,&quot;12&quot;:0}\"><strong>RDS, Responsible Down Standard<\/strong><br \/>\nSva punjenja od paperja i perja koja se koriste u ovom proizvodu imaju certifikat Responsible Down Standard. Ova potvrda osigurava humano postupanje sa \u017eivotinjama kroz cijeli opskrbni lanac i stoga se ne doga\u0111a \u010dupanje na \u017eivo.<\/span><\/p>\n<p><span data-sheets-value=\"{&quot;1&quot;:2,&quot;2&quot;:&quot;Standard 100 prema Oeko-Tex\u00ae klasi 1\\nUz standard 100 prema Oeko-Tex\u00ae klasa 1, mo\u017eete biti sigurni da je svaka komponenta proizvoda sljediva i sigurna. Svaki konac, gumb i tkanina testirani su na \u0161tetne tvari, stoga je proizvod ne\u0161kodljiv za ljudsko zdravlje.&quot;}\" data-sheets-userformat=\"{&quot;2&quot;:769,&quot;3&quot;:{&quot;1&quot;:0},&quot;11&quot;:4,&quot;12&quot;:0}\"><strong>Standard 100 prema Oeko-Tex\u00ae klasi 1<\/strong><br \/>\nUz standard 100 prema Oeko-Tex\u00ae klasa 1, mo\u017eete biti sigurni da je svaka komponenta proizvoda sljediva i sigurna. Svaki konac, gumb i tkanina testirani su na \u0161tetne tvari, stoga je proizvod ne\u0161kodljiv za ljudsko zdravlje.<\/span><\/p>\n","protected":false},"excerpt":{"rendered":"<p><span data-sheets-value=\"{&quot;1&quot;:2,&quot;2&quot;:&quot;Voksi\u00ae Adventure je iznimno lagana zimska vre\u0107a otporna na vjetar koja je namijenjena za hladne jeseni i zime.\\n\\nMo\u017ee se koristiti od ro\u0111enja do 3 godine i odgovara obiteljima koje vole putovati i zajedno provoditi vrijeme u prirodi.\\n\\nMaterijal zimske vre\u0107e mo\u017ee se usporediti s laganom zimskom jaknicom koja se lako mo\u017ee omotati oko djetetovog tijela. Punjenje je izra\u0111eno od visokokvalitetnog paperja 90\/10, a jedinstven dizajn sprje\u010dava ulazak hladno\u0107e u vre\u0107u. Zrak izme\u0111u vlakana paperja pru\u017ea maksimalnu izolaciju, stoga zimsku vre\u0107u treba protresti prije upotrebe i pohraniti je na prozra\u010dnom mjestu bez kompresije. Dolazi s kompresijskom vre\u0107om tako da se mo\u017ee smanjiti, \u0161to je idealno za putovanja. Vanjska tkanina otporna je na vjetar, ima vodeni stupac od minimalno 3000 i presvu\u010dena je BIONIC-FINISH\u00aeECO \u0161to zna\u010di da je vodoodbojna. Kada pada jaka ki\u0161a, preporu\u010dujemo kori\u0161tenje ki\u0161nih pokriva\u010da s vanjske strane. Svi materijali u Voksi Adventureu imaju certifikat OEKO-TEX\u00aestandard 100, klasa 1, \u0161to je oznaka kvalitete koja pokazuje da niti jedan materijal u proizvodu ne sadr\u017ei \u0161tetne kemikalije. \\n\\nVoksi Adventure dizajnirana je s inovativnim otvorima za ruke koji se mogu otvarati i zatvarati patentnim zatvara\u010dem, \u0161to omogu\u0107uje djetetu da aktivno sudjeluje u onome \u0161to se doga\u0111a oko njega, a da pritom ostane toplo unutar zimske vre\u0107e. Jedinstveni dizajn stra\u017enjeg otvora zna\u010di da Adventure odgovara razli\u010ditim sigurnosnim pojasevima stoga je savr\u0161en za dje\u010dja kolica i zimske aktivnosti. Kada je dijete malo i ne popuni vre\u0107u za kolica po du\u017eini, mo\u017eete zategnuti trakicu na dnu tako da se paperje pribli\u017ei stopalima. Kad dijete poraste, trakica se ponovno otvori i tako zimska vre\u0107a prati rast djeteta. Navlaka za noge ima dvosmjerni patentni zatvara\u010d, tako da mo\u017eete jednostavno provjeriti jesu li djetetove noge tople ili osigurati prozra\u010divanje. Trakica oko glave mo\u017ee se prilagoditi razli\u010ditim vremenskim uvjetima i djetetovim \u017eeljama. Ne zaboravite na dovoljan dotok zraka oko djetetove glave i neka djeca uvijek spavaju pod nadzorom.\\n&quot;}\" data-sheets-userformat=\"{&quot;2&quot;:769,&quot;3&quot;:{&quot;1&quot;:0},&quot;11&quot;:4,&quot;12&quot;:0}\" data-sheets-textstyleruns=\"{&quot;1&quot;:0}\uee10{&quot;1&quot;:763,&quot;2&quot;:{&quot;2&quot;:{&quot;1&quot;:2,&quot;2&quot;:16711680},&quot;5&quot;:1}}\uee10{&quot;1&quot;:764}\">Voksi\u00ae Adventure je iznimno lagana zimska vre\u0107a otporna na vjetar koja je namijenjena za hladne jeseni i zime.<\/span><\/p>\n<p>Mo\u017ee se koristiti od ro\u0111enja do 3 godine i odgovara obiteljima koje vole putovati i zajedno provoditi vrijeme u prirodi.<\/p>\n","protected":false},"featured_media":153019,"comment_status":"open","ping_status":"closed","template":"","meta":{"_acf_changed":false,"footnotes":""},"product_brand":[],"product_cat":[552,645,569],"product_tag":[2271],"class_list":{"0":"post-153018","1":"product","2":"type-product","3":"status-publish","4":"has-post-thumbnail","6":"product_cat-dodaci-za-kolica","7":"product_cat-zimske-vrece","8":"product_cat-zimske-vrece-za-kolica","9":"product_tag-zima","10":"pa_boja-zelena","11":"pa_brand-voksi","13":"first","14":"instock","15":"shipping-taxable","16":"purchasable","17":"product-type-simple"},"bundled_by":[],"bundle_stock_status":"instock","bundle_stock_quantity":4,"bundle_virtual":false,"bundle_layout":"","bundle_add_to_cart_form_location":"","bundle_editable_in_cart":false,"bundle_sold_individually_context":"","bundle_item_grouping":"","bundle_min_size":"","bundle_max_size":"","bundle_price":[],"bundled_items":[],"bundle_sell_ids":[],"acf":[],"yoast_head":"<!-- This site is optimized with the Yoast SEO Premium plugin v21.5 (Yoast SEO v27.4) - https:\/\/yoast.com\/product\/yoast-seo-premium-wordpress\/ -->\n<title>Voksi zimska vre\u0107a, Adventure, zelena - NajNaj.eu<\/title>\n<meta name=\"robots\" content=\"index, follow, max-snippet:-1, max-image-preview:large, max-video-preview:-1\" \/>\n<link rel=\"canonical\" href=\"https:\/\/najnaj.eu\/fr\/proizvod\/voksi-zimska-vreca-adventure-zelena\/\" \/>\n<meta property=\"og:locale\" content=\"fr_FR\" \/>\n<meta property=\"og:type\" content=\"article\" \/>\n<meta property=\"og:title\" content=\"Voksi zimska vre\u0107a, Adventure, zelena\" \/>\n<meta property=\"og:description\" content=\"Voksi\u00ae Adventure je iznimno lagana zimska vre\u0107a otporna na vjetar koja je namijenjena za hladne jeseni i zime.  Mo\u017ee se koristiti od ro\u0111enja do 3 godine i odgovara obiteljima koje vole putovati i zajedno provoditi vrijeme u prirodi.\" \/>\n<meta property=\"og:url\" content=\"https:\/\/najnaj.eu\/fr\/proizvod\/voksi-zimska-vreca-adventure-zelena\/\" \/>\n<meta property=\"og:site_name\" content=\"NajNaj.eu\" \/>\n<meta property=\"article:publisher\" content=\"https:\/\/web.facebook.com\/najnaj.eu\/\" \/>\n<meta property=\"article:modified_time\" content=\"2026-02-04T10:08:03+00:00\" \/>\n<meta property=\"og:image\" content=\"https:\/\/najnaj.eu\/wp-content\/uploads\/2023\/10\/11028937_Adventure_SeaGreen_Seashell-Sand_Front.jpg\" \/>\n\t<meta property=\"og:image:width\" content=\"800\" \/>\n\t<meta property=\"og:image:height\" content=\"800\" \/>\n\t<meta property=\"og:image:type\" content=\"image\/jpeg\" \/>\n<meta name=\"twitter:card\" content=\"summary_large_image\" \/>\n<meta name=\"twitter:label1\" content=\"Prix\" \/>\n\t<meta name=\"twitter:data1\" content=\"199,90&nbsp;&euro;\" \/>\n\t<meta name=\"twitter:label2\" content=\"Disponibilit\u00e9\" \/>\n\t<meta name=\"twitter:data2\" content=\"En stock\" \/>\n<script type=\"application\/ld+json\" class=\"yoast-schema-graph\">{\"@context\":\"https:\\\/\\\/schema.org\",\"@graph\":[{\"@type\":\"WebPage\",\"@id\":\"https:\\\/\\\/najnaj.eu\\\/fr\\\/proizvod\\\/voksi-zimska-vreca-adventure-zelena\\\/\",\"url\":\"https:\\\/\\\/najnaj.eu\\\/fr\\\/proizvod\\\/voksi-zimska-vreca-adventure-zelena\\\/\",\"name\":\"Voksi zimska vre\u0107a, Adventure, zelena - NajNaj.eu\",\"isPartOf\":{\"@id\":\"https:\\\/\\\/najnaj.eu\\\/fr\\\/#website\"},\"primaryImageOfPage\":{\"@id\":\"https:\\\/\\\/najnaj.eu\\\/fr\\\/proizvod\\\/voksi-zimska-vreca-adventure-zelena\\\/#primaryimage\"},\"image\":{\"@id\":\"https:\\\/\\\/najnaj.eu\\\/fr\\\/proizvod\\\/voksi-zimska-vreca-adventure-zelena\\\/#primaryimage\"},\"thumbnailUrl\":\"https:\\\/\\\/najnaj.eu\\\/wp-content\\\/uploads\\\/2023\\\/10\\\/11028937_Adventure_SeaGreen_Seashell-Sand_Front.jpg\",\"datePublished\":\"2023-05-27T08:41:22+00:00\",\"dateModified\":\"2026-02-04T10:08:03+00:00\",\"breadcrumb\":{\"@id\":\"https:\\\/\\\/najnaj.eu\\\/fr\\\/proizvod\\\/voksi-zimska-vreca-adventure-zelena\\\/#breadcrumb\"},\"inLanguage\":\"fr-FR\",\"potentialAction\":[{\"@type\":\"ReadAction\",\"target\":[\"https:\\\/\\\/najnaj.eu\\\/fr\\\/proizvod\\\/voksi-zimska-vreca-adventure-zelena\\\/\"]}]},{\"@type\":\"ImageObject\",\"inLanguage\":\"fr-FR\",\"@id\":\"https:\\\/\\\/najnaj.eu\\\/fr\\\/proizvod\\\/voksi-zimska-vreca-adventure-zelena\\\/#primaryimage\",\"url\":\"https:\\\/\\\/najnaj.eu\\\/wp-content\\\/uploads\\\/2023\\\/10\\\/11028937_Adventure_SeaGreen_Seashell-Sand_Front.jpg\",\"contentUrl\":\"https:\\\/\\\/najnaj.eu\\\/wp-content\\\/uploads\\\/2023\\\/10\\\/11028937_Adventure_SeaGreen_Seashell-Sand_Front.jpg\",\"width\":800,\"height\":800},{\"@type\":\"BreadcrumbList\",\"@id\":\"https:\\\/\\\/najnaj.eu\\\/fr\\\/proizvod\\\/voksi-zimska-vreca-adventure-zelena\\\/#breadcrumb\",\"itemListElement\":[{\"@type\":\"ListItem\",\"position\":1,\"name\":\"Po\u010detna stranica\",\"item\":\"https:\\\/\\\/najnaj.eu\\\/fr\\\/\"},{\"@type\":\"ListItem\",\"position\":2,\"name\":\"Trgovina\",\"item\":\"https:\\\/\\\/najnaj.hr\\\/trgovina\\\/\"},{\"@type\":\"ListItem\",\"position\":3,\"name\":\"Voksi zimska vre\u0107a, Adventure, zelena\"}]},{\"@type\":\"WebSite\",\"@id\":\"https:\\\/\\\/najnaj.eu\\\/fr\\\/#website\",\"url\":\"https:\\\/\\\/najnaj.eu\\\/fr\\\/\",\"name\":\"NajNaj.eu\",\"description\":\"Za najva\u017enije!\",\"potentialAction\":[{\"@type\":\"SearchAction\",\"target\":{\"@type\":\"EntryPoint\",\"urlTemplate\":\"https:\\\/\\\/najnaj.eu\\\/fr\\\/?s={search_term_string}\"},\"query-input\":{\"@type\":\"PropertyValueSpecification\",\"valueRequired\":true,\"valueName\":\"search_term_string\"}}],\"inLanguage\":\"fr-FR\"}]}<\/script>\n<meta property=\"product:brand\" content=\"Voksi\" \/>\n<meta property=\"product:price:amount\" content=\"199.90\" \/>\n<meta property=\"product:price:currency\" content=\"EUR\" \/>\n<meta property=\"og:availability\" content=\"instock\" \/>\n<meta property=\"product:availability\" content=\"instock\" \/>\n<meta property=\"product:retailer_item_id\" content=\"11028937-DrSeaGreen-SeashellSa\" \/>\n<meta property=\"product:condition\" content=\"new\" \/>\n<!-- \/ Yoast SEO Premium plugin. -->","yoast_head_json":{"title":"Voksi zimska vre\u0107a, Adventure, zelena - NajNaj.eu","robots":{"index":"index","follow":"follow","max-snippet":"max-snippet:-1","max-image-preview":"max-image-preview:large","max-video-preview":"max-video-preview:-1"},"canonical":"https:\/\/najnaj.eu\/fr\/proizvod\/voksi-zimska-vreca-adventure-zelena\/","og_locale":"fr_FR","og_type":"article","og_title":"Voksi zimska vre\u0107a, Adventure, zelena","og_description":"Voksi\u00ae Adventure je iznimno lagana zimska vre\u0107a otporna na vjetar koja je namijenjena za hladne jeseni i zime.  Mo\u017ee se koristiti od ro\u0111enja do 3 godine i odgovara obiteljima koje vole putovati i zajedno provoditi vrijeme u prirodi.","og_url":"https:\/\/najnaj.eu\/fr\/proizvod\/voksi-zimska-vreca-adventure-zelena\/","og_site_name":"NajNaj.eu","article_publisher":"https:\/\/web.facebook.com\/najnaj.eu\/","article_modified_time":"2026-02-04T10:08:03+00:00","og_image":[{"width":800,"height":800,"url":"https:\/\/najnaj.eu\/wp-content\/uploads\/2023\/10\/11028937_Adventure_SeaGreen_Seashell-Sand_Front.jpg","type":"image\/jpeg"}],"twitter_card":"summary_large_image","twitter_misc":{"Prix":"199,90&nbsp;&euro;","Disponibilit\u00e9":"En stock"},"schema":{"@context":"https:\/\/schema.org","@graph":[{"@type":"WebPage","@id":"https:\/\/najnaj.eu\/fr\/proizvod\/voksi-zimska-vreca-adventure-zelena\/","url":"https:\/\/najnaj.eu\/fr\/proizvod\/voksi-zimska-vreca-adventure-zelena\/","name":"Voksi zimska vre\u0107a, Adventure, zelena - NajNaj.eu","isPartOf":{"@id":"https:\/\/najnaj.eu\/fr\/#website"},"primaryImageOfPage":{"@id":"https:\/\/najnaj.eu\/fr\/proizvod\/voksi-zimska-vreca-adventure-zelena\/#primaryimage"},"image":{"@id":"https:\/\/najnaj.eu\/fr\/proizvod\/voksi-zimska-vreca-adventure-zelena\/#primaryimage"},"thumbnailUrl":"https:\/\/najnaj.eu\/wp-content\/uploads\/2023\/10\/11028937_Adventure_SeaGreen_Seashell-Sand_Front.jpg","datePublished":"2023-05-27T08:41:22+00:00","dateModified":"2026-02-04T10:08:03+00:00","breadcrumb":{"@id":"https:\/\/najnaj.eu\/fr\/proizvod\/voksi-zimska-vreca-adventure-zelena\/#breadcrumb"},"inLanguage":"fr-FR","potentialAction":[{"@type":"ReadAction","target":["https:\/\/najnaj.eu\/fr\/proizvod\/voksi-zimska-vreca-adventure-zelena\/"]}]},{"@type":"ImageObject","inLanguage":"fr-FR","@id":"https:\/\/najnaj.eu\/fr\/proizvod\/voksi-zimska-vreca-adventure-zelena\/#primaryimage","url":"https:\/\/najnaj.eu\/wp-content\/uploads\/2023\/10\/11028937_Adventure_SeaGreen_Seashell-Sand_Front.jpg","contentUrl":"https:\/\/najnaj.eu\/wp-content\/uploads\/2023\/10\/11028937_Adventure_SeaGreen_Seashell-Sand_Front.jpg","width":800,"height":800},{"@type":"BreadcrumbList","@id":"https:\/\/najnaj.eu\/fr\/proizvod\/voksi-zimska-vreca-adventure-zelena\/#breadcrumb","itemListElement":[{"@type":"ListItem","position":1,"name":"Po\u010detna stranica","item":"https:\/\/najnaj.eu\/fr\/"},{"@type":"ListItem","position":2,"name":"Trgovina","item":"https:\/\/najnaj.hr\/trgovina\/"},{"@type":"ListItem","position":3,"name":"Voksi zimska vre\u0107a, Adventure, zelena"}]},{"@type":"WebSite","@id":"https:\/\/najnaj.eu\/fr\/#website","url":"https:\/\/najnaj.eu\/fr\/","name":"NajNaj.eu","description":"Za najva\u017enije!","potentialAction":[{"@type":"SearchAction","target":{"@type":"EntryPoint","urlTemplate":"https:\/\/najnaj.eu\/fr\/?s={search_term_string}"},"query-input":{"@type":"PropertyValueSpecification","valueRequired":true,"valueName":"search_term_string"}}],"inLanguage":"fr-FR"}]},"product_brand":"Voksi","product_price_amount":"199.90","product_price_currency":"EUR","og_availability":"instock","product_availability":"instock","product_retailer_item_id":"11028937-DrSeaGreen-SeashellSa","product_condition":"new"},"_links":{"self":[{"href":"https:\/\/najnaj.eu\/fr\/wp-json\/wp\/v2\/product\/153018","targetHints":{"allow":["GET"]}}],"collection":[{"href":"https:\/\/najnaj.eu\/fr\/wp-json\/wp\/v2\/product"}],"about":[{"href":"https:\/\/najnaj.eu\/fr\/wp-json\/wp\/v2\/types\/product"}],"replies":[{"embeddable":true,"href":"https:\/\/najnaj.eu\/fr\/wp-json\/wp\/v2\/comments?post=153018"}],"version-history":[{"count":0,"href":"https:\/\/najnaj.eu\/fr\/wp-json\/wp\/v2\/product\/153018\/revisions"}],"wp:featuredmedia":[{"embeddable":true,"href":"https:\/\/najnaj.eu\/fr\/wp-json\/wp\/v2\/media\/153019"}],"wp:attachment":[{"href":"https:\/\/najnaj.eu\/fr\/wp-json\/wp\/v2\/media?parent=153018"}],"wp:term":[{"taxonomy":"product_brand","embeddable":true,"href":"https:\/\/najnaj.eu\/fr\/wp-json\/wp\/v2\/product_brand?post=153018"},{"taxonomy":"product_cat","embeddable":true,"href":"https:\/\/najnaj.eu\/fr\/wp-json\/wp\/v2\/product_cat?post=153018"},{"taxonomy":"product_tag","embeddable":true,"href":"https:\/\/najnaj.eu\/fr\/wp-json\/wp\/v2\/product_tag?post=153018"}],"curies":[{"name":"wp","href":"https:\/\/api.w.org\/{rel}","templated":true}]}}