{"id":152843,"date":"2023-08-19T12:01:44","date_gmt":"2023-08-19T10:01:44","guid":{"rendered":"https:\/\/najnaj.eu\/?post_type=product&#038;p=152843"},"modified":"2026-03-03T11:03:37","modified_gmt":"2026-03-03T10:03:37","slug":"b-box-tritan-bocica-sa-slamkom-600-ml-feeling-peachy","status":"publish","type":"product","link":"https:\/\/najnaj.eu\/fr\/proizvod\/b-box-tritan-bocica-sa-slamkom-600-ml-feeling-peachy\/","title":{"rendered":"b.box Tritan\u2122 bo\u010dica sa slamkom, 600 ml &#8211; feeling peachy"},"content":{"rendered":"<p>Izra\u0111ena od Tritan\u2122 materijala, na\u0161a jedinstvena bo\u010dica idealna je za stariju djecu. Jedinstven trokutasti oblik dizajniran je kako bi odli\u010dno pristajao dje\u010djim ru\u010dicama. Klizni poklopac lako se otvara pritiskom tipke, a odli\u010dan je za za\u0161titu i odr\u017eavanje \u010disto\u0107e slamke. Slamka ima ventil za oba smjera \u0161to omogu\u0107ava lako pijenje teku\u0107ine, bez curenja. Kapacitet od 600 ml i zakrivljena slamka omogu\u0107avaju djeci da popiju sve do zadnje kapi i ostanu hidrirana tokom cijelog dana. Malo dijelova za lak\u0161e rastavljanje, sastavljanje i \u010di\u0161\u0107enje.<\/p>\n","protected":false},"excerpt":{"rendered":"<p>&gt; od 9+ mj<br \/>\n&gt; Jedinstven ergonomski trokutasti oblik omogu\u0107ava lak\u0161e dr\u017eanje dvjema ru\u010dicama<br \/>\n&gt; Poklopac dizajniran za lako otvaranje i zatvaranje, otvara se pritiskom tipke i ostaje zaklju\u010dan, kako bi sprije\u010dio udaranje djeteta po licu prilikom naginjanja<br \/>\n&gt; Vrh slamke s ventilom otpornim na prolijevanje sprje\u010dava slu\u010dajno prolijevanje<br \/>\n&gt; Velika ru\u010dka za lak\u0161e va\u0111enje iz torbe i no\u0161enje u ruci<br \/>\n&gt; Veliki otvor za lak\u0161e punjenje i stavljanje kockica leda<br \/>\n&gt; Malo dijelova za lak\u0161e \u010di\u0161\u0107enje i sastavljanje<br \/>\n&gt; Kapacitet: 600 ml<br \/>\n&gt; Dimenzije: 8,6 x 7,9 x 26,8 cm<\/p>\n","protected":false},"featured_media":152844,"comment_status":"open","ping_status":"closed","template":"","meta":{"_acf_changed":false,"footnotes":""},"product_brand":[],"product_cat":[654,577,622],"product_tag":[],"class_list":{"0":"post-152843","1":"product","2":"type-product","3":"status-publish","4":"has-post-thumbnail","6":"product_cat-boce-za-vodu","7":"product_cat-hranjenje","8":"product_cat-posude","9":"pa_boja-plava","10":"pa_boja-roza","11":"pa_brand-b-box","12":"pa_vrsta-posuda-bocice-za-vodu","14":"first","15":"instock","16":"purchasable","17":"product-type-simple"},"bundled_by":["268462"],"bundle_stock_status":"instock","bundle_stock_quantity":15,"bundle_virtual":false,"bundle_layout":"","bundle_add_to_cart_form_location":"","bundle_editable_in_cart":false,"bundle_sold_individually_context":"","bundle_item_grouping":"","bundle_min_size":"","bundle_max_size":"","bundle_price":[],"bundled_items":[],"bundle_sell_ids":[],"acf":[],"yoast_head":"<!-- This site is optimized with the Yoast SEO Premium plugin v21.5 (Yoast SEO v27.4) - https:\/\/yoast.com\/product\/yoast-seo-premium-wordpress\/ -->\n<title>b.box Tritan\u2122 bo\u010dica sa slamkom, 600 ml - feeling peachy - NajNaj.eu<\/title>\n<meta name=\"robots\" content=\"index, follow, max-snippet:-1, max-image-preview:large, max-video-preview:-1\" \/>\n<link rel=\"canonical\" href=\"https:\/\/najnaj.eu\/fr\/proizvod\/b-box-tritan-bocica-sa-slamkom-600-ml-feeling-peachy\/\" \/>\n<meta property=\"og:locale\" content=\"fr_FR\" \/>\n<meta property=\"og:type\" content=\"article\" \/>\n<meta property=\"og:title\" content=\"b.box Tritan\u2122 bo\u010dica sa slamkom, 600 ml - feeling peachy\" \/>\n<meta property=\"og:description\" content=\"&gt; od 9+ mj &gt; Jedinstven ergonomski trokutasti oblik omogu\u0107ava lak\u0161e dr\u017eanje dvjema ru\u010dicama &gt; Poklopac dizajniran za lako otvaranje i zatvaranje, otvara se pritiskom tipke i ostaje zaklju\u010dan, kako bi sprije\u010dio udaranje djeteta po licu prilikom naginjanja &gt; Vrh slamke s ventilom otpornim na prolijevanje sprje\u010dava slu\u010dajno prolijevanje &gt; Velika ru\u010dka za lak\u0161e va\u0111enje iz torbe i no\u0161enje u ruci &gt; Veliki otvor za lak\u0161e punjenje i stavljanje kockica leda &gt; Malo dijelova za lak\u0161e \u010di\u0161\u0107enje i sastavljanje &gt; Kapacitet: 600 ml &gt; Dimenzije: 8,6 x 7,9 x 26,8 cm\" \/>\n<meta property=\"og:url\" content=\"https:\/\/najnaj.eu\/fr\/proizvod\/b-box-tritan-bocica-sa-slamkom-600-ml-feeling-peachy\/\" \/>\n<meta property=\"og:site_name\" content=\"NajNaj.eu\" \/>\n<meta property=\"article:publisher\" content=\"https:\/\/web.facebook.com\/najnaj.eu\/\" \/>\n<meta property=\"article:modified_time\" content=\"2026-03-03T10:03:37+00:00\" \/>\n<meta property=\"og:image\" content=\"https:\/\/najnaj.eu\/wp-content\/uploads\/2023\/10\/600DrinkBottle_feelingpeachy_1.webp\" \/>\n\t<meta property=\"og:image:width\" content=\"1600\" \/>\n\t<meta property=\"og:image:height\" content=\"1600\" \/>\n\t<meta property=\"og:image:type\" content=\"image\/webp\" \/>\n<meta name=\"twitter:card\" content=\"summary_large_image\" \/>\n<meta name=\"twitter:label1\" content=\"Prix\" \/>\n\t<meta name=\"twitter:data1\" content=\"20,99&nbsp;&euro;\" \/>\n\t<meta name=\"twitter:label2\" content=\"Disponibilit\u00e9\" \/>\n\t<meta name=\"twitter:data2\" content=\"En stock\" \/>\n<script type=\"application\/ld+json\" class=\"yoast-schema-graph\">{\"@context\":\"https:\\\/\\\/schema.org\",\"@graph\":[{\"@type\":\"WebPage\",\"@id\":\"https:\\\/\\\/najnaj.eu\\\/fr\\\/proizvod\\\/b-box-tritan-bocica-sa-slamkom-600-ml-feeling-peachy\\\/\",\"url\":\"https:\\\/\\\/najnaj.eu\\\/fr\\\/proizvod\\\/b-box-tritan-bocica-sa-slamkom-600-ml-feeling-peachy\\\/\",\"name\":\"b.box Tritan\u2122 bo\u010dica sa slamkom, 600 ml - feeling peachy - NajNaj.eu\",\"isPartOf\":{\"@id\":\"https:\\\/\\\/najnaj.eu\\\/fr\\\/#website\"},\"primaryImageOfPage\":{\"@id\":\"https:\\\/\\\/najnaj.eu\\\/fr\\\/proizvod\\\/b-box-tritan-bocica-sa-slamkom-600-ml-feeling-peachy\\\/#primaryimage\"},\"image\":{\"@id\":\"https:\\\/\\\/najnaj.eu\\\/fr\\\/proizvod\\\/b-box-tritan-bocica-sa-slamkom-600-ml-feeling-peachy\\\/#primaryimage\"},\"thumbnailUrl\":\"https:\\\/\\\/najnaj.eu\\\/wp-content\\\/uploads\\\/2023\\\/10\\\/600DrinkBottle_feelingpeachy_1.webp\",\"datePublished\":\"2023-08-19T10:01:44+00:00\",\"dateModified\":\"2026-03-03T10:03:37+00:00\",\"breadcrumb\":{\"@id\":\"https:\\\/\\\/najnaj.eu\\\/fr\\\/proizvod\\\/b-box-tritan-bocica-sa-slamkom-600-ml-feeling-peachy\\\/#breadcrumb\"},\"inLanguage\":\"fr-FR\",\"potentialAction\":[{\"@type\":\"ReadAction\",\"target\":[\"https:\\\/\\\/najnaj.eu\\\/fr\\\/proizvod\\\/b-box-tritan-bocica-sa-slamkom-600-ml-feeling-peachy\\\/\"]}]},{\"@type\":\"ImageObject\",\"inLanguage\":\"fr-FR\",\"@id\":\"https:\\\/\\\/najnaj.eu\\\/fr\\\/proizvod\\\/b-box-tritan-bocica-sa-slamkom-600-ml-feeling-peachy\\\/#primaryimage\",\"url\":\"https:\\\/\\\/najnaj.eu\\\/wp-content\\\/uploads\\\/2023\\\/10\\\/600DrinkBottle_feelingpeachy_1.webp\",\"contentUrl\":\"https:\\\/\\\/najnaj.eu\\\/wp-content\\\/uploads\\\/2023\\\/10\\\/600DrinkBottle_feelingpeachy_1.webp\",\"width\":1600,\"height\":1600,\"caption\":\"bo\u010dica za djecu\"},{\"@type\":\"BreadcrumbList\",\"@id\":\"https:\\\/\\\/najnaj.eu\\\/fr\\\/proizvod\\\/b-box-tritan-bocica-sa-slamkom-600-ml-feeling-peachy\\\/#breadcrumb\",\"itemListElement\":[{\"@type\":\"ListItem\",\"position\":1,\"name\":\"Po\u010detna stranica\",\"item\":\"https:\\\/\\\/najnaj.eu\\\/fr\\\/\"},{\"@type\":\"ListItem\",\"position\":2,\"name\":\"Trgovina\",\"item\":\"https:\\\/\\\/najnaj.hr\\\/trgovina\\\/\"},{\"@type\":\"ListItem\",\"position\":3,\"name\":\"b.box Tritan\u2122 bo\u010dica sa slamkom, 600 ml &#8211; feeling peachy\"}]},{\"@type\":\"WebSite\",\"@id\":\"https:\\\/\\\/najnaj.eu\\\/fr\\\/#website\",\"url\":\"https:\\\/\\\/najnaj.eu\\\/fr\\\/\",\"name\":\"NajNaj.eu\",\"description\":\"Za najva\u017enije!\",\"potentialAction\":[{\"@type\":\"SearchAction\",\"target\":{\"@type\":\"EntryPoint\",\"urlTemplate\":\"https:\\\/\\\/najnaj.eu\\\/fr\\\/?s={search_term_string}\"},\"query-input\":{\"@type\":\"PropertyValueSpecification\",\"valueRequired\":true,\"valueName\":\"search_term_string\"}}],\"inLanguage\":\"fr-FR\"}]}<\/script>\n<meta property=\"product:brand\" content=\"b.box\" \/>\n<meta property=\"product:price:amount\" content=\"20.99\" \/>\n<meta property=\"product:price:currency\" content=\"EUR\" \/>\n<meta property=\"og:availability\" content=\"instock\" \/>\n<meta property=\"product:availability\" content=\"instock\" \/>\n<meta property=\"product:retailer_item_id\" content=\"BX500540\" \/>\n<meta property=\"product:condition\" content=\"new\" \/>\n<!-- \/ Yoast SEO Premium plugin. -->","yoast_head_json":{"title":"b.box Tritan\u2122 bo\u010dica sa slamkom, 600 ml - feeling peachy - NajNaj.eu","robots":{"index":"index","follow":"follow","max-snippet":"max-snippet:-1","max-image-preview":"max-image-preview:large","max-video-preview":"max-video-preview:-1"},"canonical":"https:\/\/najnaj.eu\/fr\/proizvod\/b-box-tritan-bocica-sa-slamkom-600-ml-feeling-peachy\/","og_locale":"fr_FR","og_type":"article","og_title":"b.box Tritan\u2122 bo\u010dica sa slamkom, 600 ml - feeling peachy","og_description":"&gt; od 9+ mj &gt; Jedinstven ergonomski trokutasti oblik omogu\u0107ava lak\u0161e dr\u017eanje dvjema ru\u010dicama &gt; Poklopac dizajniran za lako otvaranje i zatvaranje, otvara se pritiskom tipke i ostaje zaklju\u010dan, kako bi sprije\u010dio udaranje djeteta po licu prilikom naginjanja &gt; Vrh slamke s ventilom otpornim na prolijevanje sprje\u010dava slu\u010dajno prolijevanje &gt; Velika ru\u010dka za lak\u0161e va\u0111enje iz torbe i no\u0161enje u ruci &gt; Veliki otvor za lak\u0161e punjenje i stavljanje kockica leda &gt; Malo dijelova za lak\u0161e \u010di\u0161\u0107enje i sastavljanje &gt; Kapacitet: 600 ml &gt; Dimenzije: 8,6 x 7,9 x 26,8 cm","og_url":"https:\/\/najnaj.eu\/fr\/proizvod\/b-box-tritan-bocica-sa-slamkom-600-ml-feeling-peachy\/","og_site_name":"NajNaj.eu","article_publisher":"https:\/\/web.facebook.com\/najnaj.eu\/","article_modified_time":"2026-03-03T10:03:37+00:00","og_image":[{"width":1600,"height":1600,"url":"https:\/\/najnaj.eu\/wp-content\/uploads\/2023\/10\/600DrinkBottle_feelingpeachy_1.webp","type":"image\/webp"}],"twitter_card":"summary_large_image","twitter_misc":{"Prix":"20,99&nbsp;&euro;","Disponibilit\u00e9":"En stock"},"schema":{"@context":"https:\/\/schema.org","@graph":[{"@type":"WebPage","@id":"https:\/\/najnaj.eu\/fr\/proizvod\/b-box-tritan-bocica-sa-slamkom-600-ml-feeling-peachy\/","url":"https:\/\/najnaj.eu\/fr\/proizvod\/b-box-tritan-bocica-sa-slamkom-600-ml-feeling-peachy\/","name":"b.box Tritan\u2122 bo\u010dica sa slamkom, 600 ml - feeling peachy - NajNaj.eu","isPartOf":{"@id":"https:\/\/najnaj.eu\/fr\/#website"},"primaryImageOfPage":{"@id":"https:\/\/najnaj.eu\/fr\/proizvod\/b-box-tritan-bocica-sa-slamkom-600-ml-feeling-peachy\/#primaryimage"},"image":{"@id":"https:\/\/najnaj.eu\/fr\/proizvod\/b-box-tritan-bocica-sa-slamkom-600-ml-feeling-peachy\/#primaryimage"},"thumbnailUrl":"https:\/\/najnaj.eu\/wp-content\/uploads\/2023\/10\/600DrinkBottle_feelingpeachy_1.webp","datePublished":"2023-08-19T10:01:44+00:00","dateModified":"2026-03-03T10:03:37+00:00","breadcrumb":{"@id":"https:\/\/najnaj.eu\/fr\/proizvod\/b-box-tritan-bocica-sa-slamkom-600-ml-feeling-peachy\/#breadcrumb"},"inLanguage":"fr-FR","potentialAction":[{"@type":"ReadAction","target":["https:\/\/najnaj.eu\/fr\/proizvod\/b-box-tritan-bocica-sa-slamkom-600-ml-feeling-peachy\/"]}]},{"@type":"ImageObject","inLanguage":"fr-FR","@id":"https:\/\/najnaj.eu\/fr\/proizvod\/b-box-tritan-bocica-sa-slamkom-600-ml-feeling-peachy\/#primaryimage","url":"https:\/\/najnaj.eu\/wp-content\/uploads\/2023\/10\/600DrinkBottle_feelingpeachy_1.webp","contentUrl":"https:\/\/najnaj.eu\/wp-content\/uploads\/2023\/10\/600DrinkBottle_feelingpeachy_1.webp","width":1600,"height":1600,"caption":"bo\u010dica za djecu"},{"@type":"BreadcrumbList","@id":"https:\/\/najnaj.eu\/fr\/proizvod\/b-box-tritan-bocica-sa-slamkom-600-ml-feeling-peachy\/#breadcrumb","itemListElement":[{"@type":"ListItem","position":1,"name":"Po\u010detna stranica","item":"https:\/\/najnaj.eu\/fr\/"},{"@type":"ListItem","position":2,"name":"Trgovina","item":"https:\/\/najnaj.hr\/trgovina\/"},{"@type":"ListItem","position":3,"name":"b.box Tritan\u2122 bo\u010dica sa slamkom, 600 ml &#8211; feeling peachy"}]},{"@type":"WebSite","@id":"https:\/\/najnaj.eu\/fr\/#website","url":"https:\/\/najnaj.eu\/fr\/","name":"NajNaj.eu","description":"Za najva\u017enije!","potentialAction":[{"@type":"SearchAction","target":{"@type":"EntryPoint","urlTemplate":"https:\/\/najnaj.eu\/fr\/?s={search_term_string}"},"query-input":{"@type":"PropertyValueSpecification","valueRequired":true,"valueName":"search_term_string"}}],"inLanguage":"fr-FR"}]},"product_brand":"b.box","product_price_amount":"20.99","product_price_currency":"EUR","og_availability":"instock","product_availability":"instock","product_retailer_item_id":"BX500540","product_condition":"new"},"_links":{"self":[{"href":"https:\/\/najnaj.eu\/fr\/wp-json\/wp\/v2\/product\/152843","targetHints":{"allow":["GET"]}}],"collection":[{"href":"https:\/\/najnaj.eu\/fr\/wp-json\/wp\/v2\/product"}],"about":[{"href":"https:\/\/najnaj.eu\/fr\/wp-json\/wp\/v2\/types\/product"}],"replies":[{"embeddable":true,"href":"https:\/\/najnaj.eu\/fr\/wp-json\/wp\/v2\/comments?post=152843"}],"version-history":[{"count":0,"href":"https:\/\/najnaj.eu\/fr\/wp-json\/wp\/v2\/product\/152843\/revisions"}],"wp:featuredmedia":[{"embeddable":true,"href":"https:\/\/najnaj.eu\/fr\/wp-json\/wp\/v2\/media\/152844"}],"wp:attachment":[{"href":"https:\/\/najnaj.eu\/fr\/wp-json\/wp\/v2\/media?parent=152843"}],"wp:term":[{"taxonomy":"product_brand","embeddable":true,"href":"https:\/\/najnaj.eu\/fr\/wp-json\/wp\/v2\/product_brand?post=152843"},{"taxonomy":"product_cat","embeddable":true,"href":"https:\/\/najnaj.eu\/fr\/wp-json\/wp\/v2\/product_cat?post=152843"},{"taxonomy":"product_tag","embeddable":true,"href":"https:\/\/najnaj.eu\/fr\/wp-json\/wp\/v2\/product_tag?post=152843"}],"curies":[{"name":"wp","href":"https:\/\/api.w.org\/{rel}","templated":true}]}}