{"id":152723,"date":"2023-10-13T09:15:52","date_gmt":"2023-10-13T07:15:52","guid":{"rendered":"https:\/\/najnaj.eu\/?post_type=product&#038;p=152723"},"modified":"2026-02-25T10:17:30","modified_gmt":"2026-02-25T09:17:30","slug":"kneeguardkids4","status":"publish","type":"product","link":"https:\/\/najnaj.eu\/fr\/proizvod\/kneeguardkids4\/","title":{"rendered":"KneeGuardKids4 oslonac za noge"},"content":{"rendered":"<p>KneeGuardKids4, prvi potpuno podesivi oslonac za noge testiran na sudar.<br \/>\nPoma\u017ee u odr\u017eavanju pravilnog sjedenja djeteta u svakoj autosjedalici okrenutoj u smjeru vo\u017enje bez postavljene potporne noge, kad god putujete automobilom, bez obzira na udaljenost.<br \/>\nOslonac za noge sprje\u010dava utrnulost u djetetovim nogama jer se vi\u0161e ne\u0107e naslanjati na rubove autosjedalice \u0161to uzrokuje pritisak ispod koljena.<br \/>\nOno \u0161to je va\u017eno, KneeGuardKids, kada podupire noge, poma\u017ee da se djetetova le\u0111a oslanjaju na sjedalicu i glava ostaje unutar za\u0161ti\u0107enog podru\u010dja.<\/p>\n<p>Lako se sastavlja i prilago\u0111ava pojedincu odnosno potrebama malog putnika.<br \/>\nPogodan je za djecu \u010dak i do 9-10 godina.<br \/>\nPogodan za automobile sa i bez ISOFIX-a.<br \/>\nU oba slu\u010daja, oslonac za noge je fiksiran jednako sigurno.<br \/>\nU slu\u010daju nezgode ne kre\u0107e se po vozilu tako da ne predstavlja prijetnju putnicima. Preporu\u010duje se djeci koja udaraju u sjedalo sprijeda ili imaju bolove u nogama i le\u0111ima.<\/p>\n<p>Proizvod dizajniran u Ju\u017enoj Koreji i proizveden u Kini. Za\u0161ti\u0107en patentnim zakonom.<\/p>\n","protected":false},"excerpt":{"rendered":"<ul>\n<li>Prvi potpuno podesivi oslonac za noge<\/li>\n<li>Za djecu koja udaraju u prednje sjedalo ili imaju bolove u nogama i le\u0111ima<\/li>\n<li>Poma\u017ee u odr\u017eavanju pravilnog sjedenja djeteta u svakoj autosjedalici bez potporne noge koja je okrenuta u smjer vo\u017enje<\/li>\n<li>Lako se postavlja i prilago\u0111ava visini djece<\/li>\n<li>Testiran u sudaru<\/li>\n<\/ul>\n","protected":false},"featured_media":152724,"comment_status":"open","ping_status":"closed","template":"","meta":{"_acf_changed":false,"footnotes":""},"product_brand":[],"product_cat":[829,646],"product_tag":[],"class_list":{"0":"post-152723","1":"product","2":"type-product","3":"status-publish","4":"has-post-thumbnail","6":"product_cat-dodaci-za-autosjedalice","7":"product_cat-ostali-dodaci","8":"pa_brand-kneeguardkids","10":"first","11":"instock","12":"shipping-taxable","13":"purchasable","14":"product-type-simple"},"bundled_by":[],"bundle_stock_status":"instock","bundle_stock_quantity":15,"bundle_virtual":false,"bundle_layout":"","bundle_add_to_cart_form_location":"","bundle_editable_in_cart":false,"bundle_sold_individually_context":"","bundle_item_grouping":"","bundle_min_size":"","bundle_max_size":"","bundle_price":[],"bundled_items":[],"bundle_sell_ids":[],"acf":[],"yoast_head":"<!-- This site is optimized with the Yoast SEO Premium plugin v21.5 (Yoast SEO v27.4) - https:\/\/yoast.com\/product\/yoast-seo-premium-wordpress\/ -->\n<title>KneeGuardKids4 oslonac za noge - NajNaj.eu<\/title>\n<meta name=\"robots\" content=\"index, follow, max-snippet:-1, max-image-preview:large, max-video-preview:-1\" \/>\n<link rel=\"canonical\" href=\"https:\/\/najnaj.eu\/fr\/proizvod\/kneeguardkids4\/\" \/>\n<meta property=\"og:locale\" content=\"fr_FR\" \/>\n<meta property=\"og:type\" content=\"article\" \/>\n<meta property=\"og:title\" content=\"KneeGuardKids4 oslonac za noge\" \/>\n<meta property=\"og:description\" content=\"Prvi potpuno podesivi oslonac za noge  Za djecu koja udaraju u prednje sjedalo ili imaju bolove u nogama i le\u0111ima  Poma\u017ee u odr\u017eavanju pravilnog sjedenja djeteta u svakoj autosjedalici bez potporne noge koja je okrenuta u smjer vo\u017enje  Lako se postavlja i prilago\u0111ava visini djece  Testiran u sudaru\" \/>\n<meta property=\"og:url\" content=\"https:\/\/najnaj.eu\/fr\/proizvod\/kneeguardkids4\/\" \/>\n<meta property=\"og:site_name\" content=\"NajNaj.eu\" \/>\n<meta property=\"article:publisher\" content=\"https:\/\/web.facebook.com\/najnaj.eu\/\" \/>\n<meta property=\"article:modified_time\" content=\"2026-02-25T09:17:30+00:00\" \/>\n<meta property=\"og:image\" content=\"https:\/\/najnaj.eu\/wp-content\/uploads\/2023\/10\/Kopia-KneeGuardKids4_main_7000px_001.jpg\" \/>\n\t<meta property=\"og:image:width\" content=\"2400\" \/>\n\t<meta property=\"og:image:height\" content=\"1500\" \/>\n\t<meta property=\"og:image:type\" content=\"image\/jpeg\" \/>\n<meta name=\"twitter:card\" content=\"summary_large_image\" \/>\n<meta name=\"twitter:label1\" content=\"Prix\" \/>\n\t<meta name=\"twitter:data1\" content=\"79,90&nbsp;&euro;\" \/>\n\t<meta name=\"twitter:label2\" content=\"Disponibilit\u00e9\" \/>\n\t<meta name=\"twitter:data2\" content=\"En stock\" \/>\n<script type=\"application\/ld+json\" class=\"yoast-schema-graph\">{\"@context\":\"https:\\\/\\\/schema.org\",\"@graph\":[{\"@type\":\"WebPage\",\"@id\":\"https:\\\/\\\/najnaj.eu\\\/fr\\\/proizvod\\\/kneeguardkids4\\\/\",\"url\":\"https:\\\/\\\/najnaj.eu\\\/fr\\\/proizvod\\\/kneeguardkids4\\\/\",\"name\":\"KneeGuardKids4 oslonac za noge - NajNaj.eu\",\"isPartOf\":{\"@id\":\"https:\\\/\\\/najnaj.eu\\\/fr\\\/#website\"},\"primaryImageOfPage\":{\"@id\":\"https:\\\/\\\/najnaj.eu\\\/fr\\\/proizvod\\\/kneeguardkids4\\\/#primaryimage\"},\"image\":{\"@id\":\"https:\\\/\\\/najnaj.eu\\\/fr\\\/proizvod\\\/kneeguardkids4\\\/#primaryimage\"},\"thumbnailUrl\":\"https:\\\/\\\/najnaj.eu\\\/wp-content\\\/uploads\\\/2023\\\/10\\\/Kopia-KneeGuardKids4_main_7000px_001.jpg\",\"datePublished\":\"2023-10-13T07:15:52+00:00\",\"dateModified\":\"2026-02-25T09:17:30+00:00\",\"breadcrumb\":{\"@id\":\"https:\\\/\\\/najnaj.eu\\\/fr\\\/proizvod\\\/kneeguardkids4\\\/#breadcrumb\"},\"inLanguage\":\"fr-FR\",\"potentialAction\":[{\"@type\":\"ReadAction\",\"target\":[\"https:\\\/\\\/najnaj.eu\\\/fr\\\/proizvod\\\/kneeguardkids4\\\/\"]}]},{\"@type\":\"ImageObject\",\"inLanguage\":\"fr-FR\",\"@id\":\"https:\\\/\\\/najnaj.eu\\\/fr\\\/proizvod\\\/kneeguardkids4\\\/#primaryimage\",\"url\":\"https:\\\/\\\/najnaj.eu\\\/wp-content\\\/uploads\\\/2023\\\/10\\\/Kopia-KneeGuardKids4_main_7000px_001.jpg\",\"contentUrl\":\"https:\\\/\\\/najnaj.eu\\\/wp-content\\\/uploads\\\/2023\\\/10\\\/Kopia-KneeGuardKids4_main_7000px_001.jpg\",\"width\":2400,\"height\":1500},{\"@type\":\"BreadcrumbList\",\"@id\":\"https:\\\/\\\/najnaj.eu\\\/fr\\\/proizvod\\\/kneeguardkids4\\\/#breadcrumb\",\"itemListElement\":[{\"@type\":\"ListItem\",\"position\":1,\"name\":\"Po\u010detna stranica\",\"item\":\"https:\\\/\\\/najnaj.eu\\\/fr\\\/\"},{\"@type\":\"ListItem\",\"position\":2,\"name\":\"Trgovina\",\"item\":\"https:\\\/\\\/najnaj.hr\\\/trgovina\\\/\"},{\"@type\":\"ListItem\",\"position\":3,\"name\":\"KneeGuardKids4 oslonac za noge\"}]},{\"@type\":\"WebSite\",\"@id\":\"https:\\\/\\\/najnaj.eu\\\/fr\\\/#website\",\"url\":\"https:\\\/\\\/najnaj.eu\\\/fr\\\/\",\"name\":\"NajNaj.eu\",\"description\":\"Za najva\u017enije!\",\"potentialAction\":[{\"@type\":\"SearchAction\",\"target\":{\"@type\":\"EntryPoint\",\"urlTemplate\":\"https:\\\/\\\/najnaj.eu\\\/fr\\\/?s={search_term_string}\"},\"query-input\":{\"@type\":\"PropertyValueSpecification\",\"valueRequired\":true,\"valueName\":\"search_term_string\"}}],\"inLanguage\":\"fr-FR\"}]}<\/script>\n<meta property=\"product:brand\" content=\"KneeGuardKids\" \/>\n<meta property=\"product:price:amount\" content=\"79.90\" \/>\n<meta property=\"product:price:currency\" content=\"EUR\" \/>\n<meta property=\"og:availability\" content=\"instock\" \/>\n<meta property=\"product:availability\" content=\"instock\" \/>\n<meta property=\"product:retailer_item_id\" content=\"KGK401\" \/>\n<meta property=\"product:condition\" content=\"new\" \/>\n<!-- \/ Yoast SEO Premium plugin. -->","yoast_head_json":{"title":"KneeGuardKids4 oslonac za noge - NajNaj.eu","robots":{"index":"index","follow":"follow","max-snippet":"max-snippet:-1","max-image-preview":"max-image-preview:large","max-video-preview":"max-video-preview:-1"},"canonical":"https:\/\/najnaj.eu\/fr\/proizvod\/kneeguardkids4\/","og_locale":"fr_FR","og_type":"article","og_title":"KneeGuardKids4 oslonac za noge","og_description":"Prvi potpuno podesivi oslonac za noge  Za djecu koja udaraju u prednje sjedalo ili imaju bolove u nogama i le\u0111ima  Poma\u017ee u odr\u017eavanju pravilnog sjedenja djeteta u svakoj autosjedalici bez potporne noge koja je okrenuta u smjer vo\u017enje  Lako se postavlja i prilago\u0111ava visini djece  Testiran u sudaru","og_url":"https:\/\/najnaj.eu\/fr\/proizvod\/kneeguardkids4\/","og_site_name":"NajNaj.eu","article_publisher":"https:\/\/web.facebook.com\/najnaj.eu\/","article_modified_time":"2026-02-25T09:17:30+00:00","og_image":[{"width":2400,"height":1500,"url":"https:\/\/najnaj.eu\/wp-content\/uploads\/2023\/10\/Kopia-KneeGuardKids4_main_7000px_001.jpg","type":"image\/jpeg"}],"twitter_card":"summary_large_image","twitter_misc":{"Prix":"79,90&nbsp;&euro;","Disponibilit\u00e9":"En stock"},"schema":{"@context":"https:\/\/schema.org","@graph":[{"@type":"WebPage","@id":"https:\/\/najnaj.eu\/fr\/proizvod\/kneeguardkids4\/","url":"https:\/\/najnaj.eu\/fr\/proizvod\/kneeguardkids4\/","name":"KneeGuardKids4 oslonac za noge - NajNaj.eu","isPartOf":{"@id":"https:\/\/najnaj.eu\/fr\/#website"},"primaryImageOfPage":{"@id":"https:\/\/najnaj.eu\/fr\/proizvod\/kneeguardkids4\/#primaryimage"},"image":{"@id":"https:\/\/najnaj.eu\/fr\/proizvod\/kneeguardkids4\/#primaryimage"},"thumbnailUrl":"https:\/\/najnaj.eu\/wp-content\/uploads\/2023\/10\/Kopia-KneeGuardKids4_main_7000px_001.jpg","datePublished":"2023-10-13T07:15:52+00:00","dateModified":"2026-02-25T09:17:30+00:00","breadcrumb":{"@id":"https:\/\/najnaj.eu\/fr\/proizvod\/kneeguardkids4\/#breadcrumb"},"inLanguage":"fr-FR","potentialAction":[{"@type":"ReadAction","target":["https:\/\/najnaj.eu\/fr\/proizvod\/kneeguardkids4\/"]}]},{"@type":"ImageObject","inLanguage":"fr-FR","@id":"https:\/\/najnaj.eu\/fr\/proizvod\/kneeguardkids4\/#primaryimage","url":"https:\/\/najnaj.eu\/wp-content\/uploads\/2023\/10\/Kopia-KneeGuardKids4_main_7000px_001.jpg","contentUrl":"https:\/\/najnaj.eu\/wp-content\/uploads\/2023\/10\/Kopia-KneeGuardKids4_main_7000px_001.jpg","width":2400,"height":1500},{"@type":"BreadcrumbList","@id":"https:\/\/najnaj.eu\/fr\/proizvod\/kneeguardkids4\/#breadcrumb","itemListElement":[{"@type":"ListItem","position":1,"name":"Po\u010detna stranica","item":"https:\/\/najnaj.eu\/fr\/"},{"@type":"ListItem","position":2,"name":"Trgovina","item":"https:\/\/najnaj.hr\/trgovina\/"},{"@type":"ListItem","position":3,"name":"KneeGuardKids4 oslonac za noge"}]},{"@type":"WebSite","@id":"https:\/\/najnaj.eu\/fr\/#website","url":"https:\/\/najnaj.eu\/fr\/","name":"NajNaj.eu","description":"Za najva\u017enije!","potentialAction":[{"@type":"SearchAction","target":{"@type":"EntryPoint","urlTemplate":"https:\/\/najnaj.eu\/fr\/?s={search_term_string}"},"query-input":{"@type":"PropertyValueSpecification","valueRequired":true,"valueName":"search_term_string"}}],"inLanguage":"fr-FR"}]},"product_brand":"KneeGuardKids","product_price_amount":"79.90","product_price_currency":"EUR","og_availability":"instock","product_availability":"instock","product_retailer_item_id":"KGK401","product_condition":"new"},"_links":{"self":[{"href":"https:\/\/najnaj.eu\/fr\/wp-json\/wp\/v2\/product\/152723","targetHints":{"allow":["GET"]}}],"collection":[{"href":"https:\/\/najnaj.eu\/fr\/wp-json\/wp\/v2\/product"}],"about":[{"href":"https:\/\/najnaj.eu\/fr\/wp-json\/wp\/v2\/types\/product"}],"replies":[{"embeddable":true,"href":"https:\/\/najnaj.eu\/fr\/wp-json\/wp\/v2\/comments?post=152723"}],"version-history":[{"count":0,"href":"https:\/\/najnaj.eu\/fr\/wp-json\/wp\/v2\/product\/152723\/revisions"}],"wp:featuredmedia":[{"embeddable":true,"href":"https:\/\/najnaj.eu\/fr\/wp-json\/wp\/v2\/media\/152724"}],"wp:attachment":[{"href":"https:\/\/najnaj.eu\/fr\/wp-json\/wp\/v2\/media?parent=152723"}],"wp:term":[{"taxonomy":"product_brand","embeddable":true,"href":"https:\/\/najnaj.eu\/fr\/wp-json\/wp\/v2\/product_brand?post=152723"},{"taxonomy":"product_cat","embeddable":true,"href":"https:\/\/najnaj.eu\/fr\/wp-json\/wp\/v2\/product_cat?post=152723"},{"taxonomy":"product_tag","embeddable":true,"href":"https:\/\/najnaj.eu\/fr\/wp-json\/wp\/v2\/product_tag?post=152723"}],"curies":[{"name":"wp","href":"https:\/\/api.w.org\/{rel}","templated":true}]}}