{"id":152630,"date":"2023-10-16T15:36:01","date_gmt":"2023-10-16T13:36:01","guid":{"rendered":"https:\/\/najnaj.eu\/?post_type=product&#038;p=152630"},"modified":"2026-04-08T12:12:06","modified_gmt":"2026-04-08T10:12:06","slug":"licetec-v-comb-a1-bezicni-cesalj-usisavac-za-usi-i-gnjide","status":"publish","type":"product","link":"https:\/\/najnaj.eu\/fr\/proizvod\/licetec-v-comb-a1-bezicni-cesalj-usisavac-za-usi-i-gnjide\/","title":{"rendered":"Licetec V-Comb A1 be\u017ei\u010dni \u010de\u0161alj\/usisava\u010d za u\u0161i i gnjide"},"content":{"rendered":"<p>V-comb A1 \u010de\u0161alj i usisava\u010d za u\u0161i djeluje tako da uskim, teksturiranim zupcima dohva\u010da u\u0161i i odljepljuje gnjide iz kose, te ih velikom usisnom snagom uvla\u010di i zarobljava u jednokratne filtre.<br \/>\nProzirni dio aparata omogu\u0107ava uo\u010davanje uhva\u0107enih nametnika pod LED svjetlom.<\/p>\n<p><strong>Bez alergena i bez kemikalija<\/strong><br \/>\nKemijski tretmani koji se obi\u010dno koriste za lije\u010denje u\u0161iju postali su neu\u010dinkoviti, a istodobno su \u0161tetni za osjetljivo vlasi\u0161te i isu\u0161uju kosu. V-Comb \u010de\u0161alj je bez kemikalija, bez neugodnih mirisa i nuspojava \u0161to ga \u010dini pogodnim za cijelu obitelj.<\/p>\n<p><strong>Jednostavno poput ra\u0161\u010de\u0161ljavanja kose<\/strong><br \/>\nSvojim nje\u017enim zupcima od nehr\u0111aju\u0107eg \u010delika V-Comb izvla\u010di u\u0161i i jaja\u0161ca s glave i usisava ih u jednokratne filtere, te je tretman \u010de\u0161ljem jednostavan i ugodan. Ure\u0111aj ima izdr\u017eljivu bateriju koja se puni pomo\u0107u standardnog C kabla. Zato se tretman mo\u017ee provoditi bilo gdje, a djeca pritom mogu crtati ili u\u017eivati u dozvoljenom vremenu ispred TV ekrana.<\/p>\n<p><strong>Higijensko odlaganje bez upotrebe ruku<\/strong><br \/>\nNovi V-Comb A1 ima patentirani sustav nepovratnog filtera koji automatski hvata i zatvara uhva\u0107ene u\u0161i i gnjide, higijenski, bez nereda i bez potrebe za dodrivanjem. Da bi se zatvoreni jednokratni filter izbacio, potrebno je samo otvoriti ku\u0107i\u0161te i nagnuti ure\u0111aj iznad kante za sme\u0107e.<\/p>\n<p>Pru\u017ea trenutno vidljive rezultate<br \/>\nU\u0161i i gnjide izvu\u010dene iz kose odmah se usisavaju u osvijetljeni filter, pru\u017eaju\u0107i vidljive rezultate dok \u010de\u0161ljate kosu. V-comb A1 mo\u017ee se koristiti za pravovremeno otkrivanje i suzbijanje epidemije.<br \/>\n\u200b<\/p>\n<p><strong>Kako se koristi?<br \/>\n<\/strong>V-Comb A1 \u010de\u0161alj koristi se za \u010de\u0161ljanje suhe kose, bez potrebe za \u0161amponima ili drugim kemikalijama.<br \/>\n\u010ce\u0161ljanje se mo\u017ee provoditi bilo gdje i ne mora ometati svakodnevne aktivnosti poput gledanja TV-a, crtanja i sl.<\/p>\n<p>1. Kosa mora biti \u010dista i bez \u010dvori\u0107a<br \/>\n2. Kosu se razdijeli na manje dijelove (bolji rezultati posti\u017eu se s manjim dijelovima kose)<br \/>\n3. \u010ce\u0161ljanje se zapo\u010dinje od po\u010detka vlasi\u0161ta na vratu prema vrhu glave<br \/>\n5. Svaki dio kose treba pro\u010de\u0161ljati u svim smjerovima nekoliko puta<br \/>\n6. Tijekom najezde u\u0161iju treba nastaviti temeljito i redovito \u010de\u0161ljati kosu<\/p>\n<p><strong>Trajanje tretmana<\/strong><br \/>\nV-Comb A1 \u010de\u0161alj pro\u010de\u0161ljava kosu i usisava u\u0161i, gnjide i svje\u017ee izlegle li\u010dinke.<br \/>\nKosu je potrebno \u010de\u0161ljati V-Comb A1 ure\u0111ajem svakodnevno tijekom 1-3 dana od po\u010detka infestacije kako biste bili sigurni da su sve u\u0161i i jaja\u0161ca eliminirani.<br \/>\nZatim treba \u010de\u0161ljati 7 dana kako bi se eliminirala sva mogu\u0107a propu\u0161tena jaja\u0161ca, tek izlegnute nimfe ili nove u\u0161i koje su eventualno pre\u0161le na kosu od drugih ljudi.<br \/>\nAko je epidemija u tijeku, \u010deste provjere \u010de\u0161ljem su neophodne kako bi se osiguralo da ne do\u0111e do ponovne infekcije.<br \/>\nKako bi se sprije\u010dio problem ponovne infestacije nakon toga, preporu\u010da se nastavak kori\u0161tenja V-Comb A1 \u010de\u0161lja za detekciju u\u0161iju jednom tjedno.<\/p>\n<p><strong>Cetrifikati:<\/strong><br \/>\nFDA, INMETRO, CE, SGS (ISO 9001; ISO 13485), SFDA, TGA<br \/>\nGood Design Selection<br \/>\nGood Design Award Winner<br \/>\nAustralia by Design Innovations 2018 finalist<\/p>\n<p><strong>Pakiranje sadr\u017ei:<\/strong><br \/>\n1x V-comb A1 ure\u0111aj<br \/>\n1x USB &#8211; C kabel za punjenje<br \/>\n4x jednokratna filtera<br \/>\n1x kratki vodi\u010d<br \/>\n1x korisni\u010dki priru\u010dnik<br \/>\n1x \u010detkica za \u010di\u0161\u0107enje<\/p>\n","protected":false},"excerpt":{"rendered":"<p>Novi be\u017ei\u010dni V-Comb A1 kombinacijom snage usisavanja i jednostavnog ra\u0161\u010de\u0161ljavanja uklanja u\u0161i i gnjide bez alergena ili kemikalija. Pakiranje uklju\u010duje 4 jednokratna filtera.<\/p>\n<p>-&gt; Bez alergena i bez kemikalija<\/p>\n<p>-&gt; Jednostavno poput ra\u0161\u010de\u0161ljavanja kose<\/p>\n<p>-&gt; Higijensko odlaganje bez upotrebe ruku<\/p>\n<p>-&gt; Pru\u017ea trenutne vidljive rezultate<\/p>\n","protected":false},"featured_media":152631,"comment_status":"open","ping_status":"closed","template":"","meta":{"_acf_changed":false,"footnotes":""},"product_brand":[],"product_cat":[748,662,847],"product_tag":[],"class_list":{"0":"post-152630","1":"product","2":"type-product","3":"status-publish","4":"has-post-thumbnail","6":"product_cat-cesalj-za-usi","7":"product_cat-stvari-za-djecu","8":"product_cat-zdravlje","9":"pa_brand-v-comb","11":"first","12":"instock","13":"shipping-taxable","14":"purchasable","15":"product-type-simple"},"bundled_by":[],"bundle_stock_status":"instock","bundle_stock_quantity":15,"bundle_virtual":false,"bundle_layout":"","bundle_add_to_cart_form_location":"","bundle_editable_in_cart":false,"bundle_sold_individually_context":"","bundle_item_grouping":"","bundle_min_size":"","bundle_max_size":"","bundle_price":[],"bundled_items":[],"bundle_sell_ids":[],"acf":[],"yoast_head":"<!-- This site is optimized with the Yoast SEO Premium plugin v21.5 (Yoast SEO v27.4) - https:\/\/yoast.com\/product\/yoast-seo-premium-wordpress\/ -->\n<title>Licetec V-Comb A1 be\u017ei\u010dni \u010de\u0161alj\/usisava\u010d za u\u0161i i gnjide - NajNaj.eu<\/title>\n<meta name=\"robots\" content=\"index, follow, max-snippet:-1, max-image-preview:large, max-video-preview:-1\" \/>\n<link rel=\"canonical\" href=\"https:\/\/najnaj.eu\/fr\/proizvod\/licetec-v-comb-a1-bezicni-cesalj-usisavac-za-usi-i-gnjide\/\" \/>\n<meta property=\"og:locale\" content=\"fr_FR\" \/>\n<meta property=\"og:type\" content=\"article\" \/>\n<meta property=\"og:title\" content=\"Licetec V-Comb A1 be\u017ei\u010dni \u010de\u0161alj\/usisava\u010d za u\u0161i i gnjide\" \/>\n<meta property=\"og:description\" content=\"Novi be\u017ei\u010dni V-Comb A1 kombinacijom snage usisavanja i jednostavnog ra\u0161\u010de\u0161ljavanja uklanja u\u0161i i gnjide bez alergena ili kemikalija. Pakiranje uklju\u010duje 4 jednokratna filtera.  -&gt; Bez alergena i bez kemikalija  -&gt; Jednostavno poput ra\u0161\u010de\u0161ljavanja kose  -&gt; Higijensko odlaganje bez upotrebe ruku  -&gt; Pru\u017ea trenutne vidljive rezultate\" \/>\n<meta property=\"og:url\" content=\"https:\/\/najnaj.eu\/fr\/proizvod\/licetec-v-comb-a1-bezicni-cesalj-usisavac-za-usi-i-gnjide\/\" \/>\n<meta property=\"og:site_name\" content=\"NajNaj.eu\" \/>\n<meta property=\"article:publisher\" content=\"https:\/\/web.facebook.com\/najnaj.eu\/\" \/>\n<meta property=\"article:modified_time\" content=\"2026-04-08T10:12:06+00:00\" \/>\n<meta property=\"og:image\" content=\"https:\/\/najnaj.eu\/wp-content\/uploads\/2023\/10\/TTA101-product-no-background.jpg\" \/>\n\t<meta property=\"og:image:width\" content=\"1080\" \/>\n\t<meta property=\"og:image:height\" content=\"1080\" \/>\n\t<meta property=\"og:image:type\" content=\"image\/jpeg\" \/>\n<meta name=\"twitter:card\" content=\"summary_large_image\" \/>\n<meta name=\"twitter:label1\" content=\"Prix\" \/>\n\t<meta name=\"twitter:data1\" content=\"59,95&nbsp;&euro;\" \/>\n\t<meta name=\"twitter:label2\" content=\"Disponibilit\u00e9\" \/>\n\t<meta name=\"twitter:data2\" content=\"En stock\" \/>\n<script type=\"application\/ld+json\" class=\"yoast-schema-graph\">{\"@context\":\"https:\\\/\\\/schema.org\",\"@graph\":[{\"@type\":\"WebPage\",\"@id\":\"https:\\\/\\\/najnaj.eu\\\/fr\\\/proizvod\\\/licetec-v-comb-a1-bezicni-cesalj-usisavac-za-usi-i-gnjide\\\/\",\"url\":\"https:\\\/\\\/najnaj.eu\\\/fr\\\/proizvod\\\/licetec-v-comb-a1-bezicni-cesalj-usisavac-za-usi-i-gnjide\\\/\",\"name\":\"Licetec V-Comb A1 be\u017ei\u010dni \u010de\u0161alj\\\/usisava\u010d za u\u0161i i gnjide - NajNaj.eu\",\"isPartOf\":{\"@id\":\"https:\\\/\\\/najnaj.eu\\\/fr\\\/#website\"},\"primaryImageOfPage\":{\"@id\":\"https:\\\/\\\/najnaj.eu\\\/fr\\\/proizvod\\\/licetec-v-comb-a1-bezicni-cesalj-usisavac-za-usi-i-gnjide\\\/#primaryimage\"},\"image\":{\"@id\":\"https:\\\/\\\/najnaj.eu\\\/fr\\\/proizvod\\\/licetec-v-comb-a1-bezicni-cesalj-usisavac-za-usi-i-gnjide\\\/#primaryimage\"},\"thumbnailUrl\":\"https:\\\/\\\/najnaj.eu\\\/wp-content\\\/uploads\\\/2023\\\/10\\\/TTA101-product-no-background.jpg\",\"datePublished\":\"2023-10-16T13:36:01+00:00\",\"dateModified\":\"2026-04-08T10:12:06+00:00\",\"breadcrumb\":{\"@id\":\"https:\\\/\\\/najnaj.eu\\\/fr\\\/proizvod\\\/licetec-v-comb-a1-bezicni-cesalj-usisavac-za-usi-i-gnjide\\\/#breadcrumb\"},\"inLanguage\":\"fr-FR\",\"potentialAction\":[{\"@type\":\"ReadAction\",\"target\":[\"https:\\\/\\\/najnaj.eu\\\/fr\\\/proizvod\\\/licetec-v-comb-a1-bezicni-cesalj-usisavac-za-usi-i-gnjide\\\/\"]}]},{\"@type\":\"ImageObject\",\"inLanguage\":\"fr-FR\",\"@id\":\"https:\\\/\\\/najnaj.eu\\\/fr\\\/proizvod\\\/licetec-v-comb-a1-bezicni-cesalj-usisavac-za-usi-i-gnjide\\\/#primaryimage\",\"url\":\"https:\\\/\\\/najnaj.eu\\\/wp-content\\\/uploads\\\/2023\\\/10\\\/TTA101-product-no-background.jpg\",\"contentUrl\":\"https:\\\/\\\/najnaj.eu\\\/wp-content\\\/uploads\\\/2023\\\/10\\\/TTA101-product-no-background.jpg\",\"width\":1080,\"height\":1080},{\"@type\":\"BreadcrumbList\",\"@id\":\"https:\\\/\\\/najnaj.eu\\\/fr\\\/proizvod\\\/licetec-v-comb-a1-bezicni-cesalj-usisavac-za-usi-i-gnjide\\\/#breadcrumb\",\"itemListElement\":[{\"@type\":\"ListItem\",\"position\":1,\"name\":\"Po\u010detna stranica\",\"item\":\"https:\\\/\\\/najnaj.eu\\\/fr\\\/\"},{\"@type\":\"ListItem\",\"position\":2,\"name\":\"Trgovina\",\"item\":\"https:\\\/\\\/najnaj.hr\\\/trgovina\\\/\"},{\"@type\":\"ListItem\",\"position\":3,\"name\":\"Licetec V-Comb A1 be\u017ei\u010dni \u010de\u0161alj\\\/usisava\u010d za u\u0161i i gnjide\"}]},{\"@type\":\"WebSite\",\"@id\":\"https:\\\/\\\/najnaj.eu\\\/fr\\\/#website\",\"url\":\"https:\\\/\\\/najnaj.eu\\\/fr\\\/\",\"name\":\"NajNaj.eu\",\"description\":\"Za najva\u017enije!\",\"potentialAction\":[{\"@type\":\"SearchAction\",\"target\":{\"@type\":\"EntryPoint\",\"urlTemplate\":\"https:\\\/\\\/najnaj.eu\\\/fr\\\/?s={search_term_string}\"},\"query-input\":{\"@type\":\"PropertyValueSpecification\",\"valueRequired\":true,\"valueName\":\"search_term_string\"}}],\"inLanguage\":\"fr-FR\"}]}<\/script>\n<meta property=\"product:brand\" content=\"V-COMB\" \/>\n<meta property=\"product:price:amount\" content=\"59.95\" \/>\n<meta property=\"product:price:currency\" content=\"EUR\" \/>\n<meta property=\"og:availability\" content=\"instock\" \/>\n<meta property=\"product:availability\" content=\"instock\" \/>\n<meta property=\"product:retailer_item_id\" content=\"TTA101\" \/>\n<meta property=\"product:condition\" content=\"new\" \/>\n<!-- \/ Yoast SEO Premium plugin. -->","yoast_head_json":{"title":"Licetec V-Comb A1 be\u017ei\u010dni \u010de\u0161alj\/usisava\u010d za u\u0161i i gnjide - NajNaj.eu","robots":{"index":"index","follow":"follow","max-snippet":"max-snippet:-1","max-image-preview":"max-image-preview:large","max-video-preview":"max-video-preview:-1"},"canonical":"https:\/\/najnaj.eu\/fr\/proizvod\/licetec-v-comb-a1-bezicni-cesalj-usisavac-za-usi-i-gnjide\/","og_locale":"fr_FR","og_type":"article","og_title":"Licetec V-Comb A1 be\u017ei\u010dni \u010de\u0161alj\/usisava\u010d za u\u0161i i gnjide","og_description":"Novi be\u017ei\u010dni V-Comb A1 kombinacijom snage usisavanja i jednostavnog ra\u0161\u010de\u0161ljavanja uklanja u\u0161i i gnjide bez alergena ili kemikalija. Pakiranje uklju\u010duje 4 jednokratna filtera.  -&gt; Bez alergena i bez kemikalija  -&gt; Jednostavno poput ra\u0161\u010de\u0161ljavanja kose  -&gt; Higijensko odlaganje bez upotrebe ruku  -&gt; Pru\u017ea trenutne vidljive rezultate","og_url":"https:\/\/najnaj.eu\/fr\/proizvod\/licetec-v-comb-a1-bezicni-cesalj-usisavac-za-usi-i-gnjide\/","og_site_name":"NajNaj.eu","article_publisher":"https:\/\/web.facebook.com\/najnaj.eu\/","article_modified_time":"2026-04-08T10:12:06+00:00","og_image":[{"width":1080,"height":1080,"url":"https:\/\/najnaj.eu\/wp-content\/uploads\/2023\/10\/TTA101-product-no-background.jpg","type":"image\/jpeg"}],"twitter_card":"summary_large_image","twitter_misc":{"Prix":"59,95&nbsp;&euro;","Disponibilit\u00e9":"En stock"},"schema":{"@context":"https:\/\/schema.org","@graph":[{"@type":"WebPage","@id":"https:\/\/najnaj.eu\/fr\/proizvod\/licetec-v-comb-a1-bezicni-cesalj-usisavac-za-usi-i-gnjide\/","url":"https:\/\/najnaj.eu\/fr\/proizvod\/licetec-v-comb-a1-bezicni-cesalj-usisavac-za-usi-i-gnjide\/","name":"Licetec V-Comb A1 be\u017ei\u010dni \u010de\u0161alj\/usisava\u010d za u\u0161i i gnjide - NajNaj.eu","isPartOf":{"@id":"https:\/\/najnaj.eu\/fr\/#website"},"primaryImageOfPage":{"@id":"https:\/\/najnaj.eu\/fr\/proizvod\/licetec-v-comb-a1-bezicni-cesalj-usisavac-za-usi-i-gnjide\/#primaryimage"},"image":{"@id":"https:\/\/najnaj.eu\/fr\/proizvod\/licetec-v-comb-a1-bezicni-cesalj-usisavac-za-usi-i-gnjide\/#primaryimage"},"thumbnailUrl":"https:\/\/najnaj.eu\/wp-content\/uploads\/2023\/10\/TTA101-product-no-background.jpg","datePublished":"2023-10-16T13:36:01+00:00","dateModified":"2026-04-08T10:12:06+00:00","breadcrumb":{"@id":"https:\/\/najnaj.eu\/fr\/proizvod\/licetec-v-comb-a1-bezicni-cesalj-usisavac-za-usi-i-gnjide\/#breadcrumb"},"inLanguage":"fr-FR","potentialAction":[{"@type":"ReadAction","target":["https:\/\/najnaj.eu\/fr\/proizvod\/licetec-v-comb-a1-bezicni-cesalj-usisavac-za-usi-i-gnjide\/"]}]},{"@type":"ImageObject","inLanguage":"fr-FR","@id":"https:\/\/najnaj.eu\/fr\/proizvod\/licetec-v-comb-a1-bezicni-cesalj-usisavac-za-usi-i-gnjide\/#primaryimage","url":"https:\/\/najnaj.eu\/wp-content\/uploads\/2023\/10\/TTA101-product-no-background.jpg","contentUrl":"https:\/\/najnaj.eu\/wp-content\/uploads\/2023\/10\/TTA101-product-no-background.jpg","width":1080,"height":1080},{"@type":"BreadcrumbList","@id":"https:\/\/najnaj.eu\/fr\/proizvod\/licetec-v-comb-a1-bezicni-cesalj-usisavac-za-usi-i-gnjide\/#breadcrumb","itemListElement":[{"@type":"ListItem","position":1,"name":"Po\u010detna stranica","item":"https:\/\/najnaj.eu\/fr\/"},{"@type":"ListItem","position":2,"name":"Trgovina","item":"https:\/\/najnaj.hr\/trgovina\/"},{"@type":"ListItem","position":3,"name":"Licetec V-Comb A1 be\u017ei\u010dni \u010de\u0161alj\/usisava\u010d za u\u0161i i gnjide"}]},{"@type":"WebSite","@id":"https:\/\/najnaj.eu\/fr\/#website","url":"https:\/\/najnaj.eu\/fr\/","name":"NajNaj.eu","description":"Za najva\u017enije!","potentialAction":[{"@type":"SearchAction","target":{"@type":"EntryPoint","urlTemplate":"https:\/\/najnaj.eu\/fr\/?s={search_term_string}"},"query-input":{"@type":"PropertyValueSpecification","valueRequired":true,"valueName":"search_term_string"}}],"inLanguage":"fr-FR"}]},"product_brand":"V-COMB","product_price_amount":"59.95","product_price_currency":"EUR","og_availability":"instock","product_availability":"instock","product_retailer_item_id":"TTA101","product_condition":"new"},"_links":{"self":[{"href":"https:\/\/najnaj.eu\/fr\/wp-json\/wp\/v2\/product\/152630","targetHints":{"allow":["GET"]}}],"collection":[{"href":"https:\/\/najnaj.eu\/fr\/wp-json\/wp\/v2\/product"}],"about":[{"href":"https:\/\/najnaj.eu\/fr\/wp-json\/wp\/v2\/types\/product"}],"replies":[{"embeddable":true,"href":"https:\/\/najnaj.eu\/fr\/wp-json\/wp\/v2\/comments?post=152630"}],"version-history":[{"count":0,"href":"https:\/\/najnaj.eu\/fr\/wp-json\/wp\/v2\/product\/152630\/revisions"}],"wp:featuredmedia":[{"embeddable":true,"href":"https:\/\/najnaj.eu\/fr\/wp-json\/wp\/v2\/media\/152631"}],"wp:attachment":[{"href":"https:\/\/najnaj.eu\/fr\/wp-json\/wp\/v2\/media?parent=152630"}],"wp:term":[{"taxonomy":"product_brand","embeddable":true,"href":"https:\/\/najnaj.eu\/fr\/wp-json\/wp\/v2\/product_brand?post=152630"},{"taxonomy":"product_cat","embeddable":true,"href":"https:\/\/najnaj.eu\/fr\/wp-json\/wp\/v2\/product_cat?post=152630"},{"taxonomy":"product_tag","embeddable":true,"href":"https:\/\/najnaj.eu\/fr\/wp-json\/wp\/v2\/product_tag?post=152630"}],"curies":[{"name":"wp","href":"https:\/\/api.w.org\/{rel}","templated":true}]}}