{"id":152294,"date":"2023-05-26T10:01:34","date_gmt":"2023-05-26T08:01:34","guid":{"rendered":"https:\/\/najnaj.eu\/?post_type=product&#038;p=152294"},"modified":"2026-02-04T11:08:24","modified_gmt":"2026-02-04T10:08:24","slug":"icandy-univerzalno-sjenilo-za-sunce-i-mrezica-protiv-komaraca-2u1","status":"publish","type":"product","link":"https:\/\/najnaj.eu\/fr\/proizvod\/icandy-univerzalno-sjenilo-za-sunce-i-mrezica-protiv-komaraca-2u1\/","title":{"rendered":"iCandy Univerzalno sjenilo za sunce i mre\u017eica protiv komaraca 2u1"},"content":{"rendered":"<p>Univerzalno\u00a0iCandy sjenilo\u00a0mo\u017ee se koristiti u cijelom na\u0161em asortimanu kolica i na mnogim drugim markama kolica. Ovaj proizvod dolazi s vlastitom\u00a0brendiranom\u00a0torbom.<\/p>\n<p>Proizvod je kompatibilan i sa ko\u0161arom, i sportskim dijelom kolica.<\/p>\n<p>&nbsp;<\/p>\n<p>Upozorenje:<\/p>\n<p>Preporu\u010da\u00a0se da svoje dijete dr\u017eite podalje od izravnog sun\u010devog svjetla \u010dak i dok koristite iCandy sjenilo, a posebno sredinom dana kada je sunce najja\u010de (obi\u010dno od 11 do 15 sati).<\/p>\n<p>Preporu\u010damo da djeca koriste odgovaraju\u0107u za\u0161titu od sunca i da nose prikladnu odje\u0107u \u010dak i\u00a0u hladu.<\/p>\n","protected":false},"excerpt":{"rendered":"<p><strong><b>Pametan izbor za sun\u010dane avanture<\/b><\/strong><\/p>\n<p>iCandy sjenilo za sunce dizajnirano\u00a0je\u00a0koriste\u0107i se\u00a0kombinacijom tkanine i mre\u017ee. Tkanina ima najvi\u0161i SPF 50+ i u\u010dinkovito blokira do 99% \u0161tetnih UV zraka. Mre\u017easti prozor pru\u017ea za\u0161titu od odsjaja i odgovaraju\u0107u ventilaciju kako bi Va\u0161em djetetu bilo ugodno na suncu. Mre\u017eica tako\u0111er poma\u017ee u dr\u017eanju insekata podalje od va\u0161eg mali\u0161ana!<\/p>\n","protected":false},"featured_media":152295,"comment_status":"open","ping_status":"closed","template":"","meta":{"_acf_changed":false,"footnotes":""},"product_brand":[],"product_cat":[552],"product_tag":[],"class_list":{"0":"post-152294","1":"product","2":"type-product","3":"status-publish","4":"has-post-thumbnail","6":"product_cat-dodaci-za-kolica","7":"pa_boja-crna","8":"pa_brand-icandy","10":"first","11":"instock","12":"shipping-taxable","13":"purchasable","14":"product-type-simple"},"bundled_by":[],"bundle_stock_status":"instock","bundle_stock_quantity":4,"bundle_virtual":false,"bundle_layout":"","bundle_add_to_cart_form_location":"","bundle_editable_in_cart":false,"bundle_sold_individually_context":"","bundle_item_grouping":"","bundle_min_size":"","bundle_max_size":"","bundle_price":[],"bundled_items":[],"bundle_sell_ids":[],"acf":[],"yoast_head":"<!-- This site is optimized with the Yoast SEO Premium plugin v21.5 (Yoast SEO v27.4) - https:\/\/yoast.com\/product\/yoast-seo-premium-wordpress\/ -->\n<title>iCandy Univerzalno sjenilo za sunce i mre\u017eica protiv komaraca 2u1 - NajNaj.eu<\/title>\n<meta name=\"robots\" content=\"index, follow, max-snippet:-1, max-image-preview:large, max-video-preview:-1\" \/>\n<link rel=\"canonical\" href=\"https:\/\/najnaj.eu\/fr\/proizvod\/icandy-univerzalno-sjenilo-za-sunce-i-mrezica-protiv-komaraca-2u1\/\" \/>\n<meta property=\"og:locale\" content=\"fr_FR\" \/>\n<meta property=\"og:type\" content=\"article\" \/>\n<meta property=\"og:title\" content=\"iCandy Univerzalno sjenilo za sunce i mre\u017eica protiv komaraca 2u1\" \/>\n<meta property=\"og:description\" content=\"Pametan izbor za sun\u010dane avanture  iCandy sjenilo za sunce dizajnirano\u00a0je\u00a0koriste\u0107i se\u00a0kombinacijom tkanine i mre\u017ee. Tkanina ima najvi\u0161i SPF 50+ i u\u010dinkovito blokira do 99% \u0161tetnih UV zraka. Mre\u017easti prozor pru\u017ea za\u0161titu od odsjaja i odgovaraju\u0107u ventilaciju kako bi Va\u0161em djetetu bilo ugodno na suncu. Mre\u017eica tako\u0111er poma\u017ee u dr\u017eanju insekata podalje od va\u0161eg mali\u0161ana!\" \/>\n<meta property=\"og:url\" content=\"https:\/\/najnaj.eu\/fr\/proizvod\/icandy-univerzalno-sjenilo-za-sunce-i-mrezica-protiv-komaraca-2u1\/\" \/>\n<meta property=\"og:site_name\" content=\"NajNaj.eu\" \/>\n<meta property=\"article:publisher\" content=\"https:\/\/web.facebook.com\/najnaj.eu\/\" \/>\n<meta property=\"article:modified_time\" content=\"2026-02-04T10:08:24+00:00\" \/>\n<meta property=\"og:image\" content=\"https:\/\/najnaj.eu\/wp-content\/uploads\/2023\/09\/the-screen-510x680-1.webp\" \/>\n\t<meta property=\"og:image:width\" content=\"510\" \/>\n\t<meta property=\"og:image:height\" content=\"680\" \/>\n\t<meta property=\"og:image:type\" content=\"image\/webp\" \/>\n<meta name=\"twitter:card\" content=\"summary_large_image\" \/>\n<meta name=\"twitter:label1\" content=\"Prix\" \/>\n\t<meta name=\"twitter:data1\" content=\"39,00&nbsp;&euro;\" \/>\n\t<meta name=\"twitter:label2\" content=\"Disponibilit\u00e9\" \/>\n\t<meta name=\"twitter:data2\" content=\"En stock\" \/>\n<script type=\"application\/ld+json\" class=\"yoast-schema-graph\">{\"@context\":\"https:\\\/\\\/schema.org\",\"@graph\":[{\"@type\":\"WebPage\",\"@id\":\"https:\\\/\\\/najnaj.eu\\\/fr\\\/proizvod\\\/icandy-univerzalno-sjenilo-za-sunce-i-mrezica-protiv-komaraca-2u1\\\/\",\"url\":\"https:\\\/\\\/najnaj.eu\\\/fr\\\/proizvod\\\/icandy-univerzalno-sjenilo-za-sunce-i-mrezica-protiv-komaraca-2u1\\\/\",\"name\":\"iCandy Univerzalno sjenilo za sunce i mre\u017eica protiv komaraca 2u1 - NajNaj.eu\",\"isPartOf\":{\"@id\":\"https:\\\/\\\/najnaj.eu\\\/fr\\\/#website\"},\"primaryImageOfPage\":{\"@id\":\"https:\\\/\\\/najnaj.eu\\\/fr\\\/proizvod\\\/icandy-univerzalno-sjenilo-za-sunce-i-mrezica-protiv-komaraca-2u1\\\/#primaryimage\"},\"image\":{\"@id\":\"https:\\\/\\\/najnaj.eu\\\/fr\\\/proizvod\\\/icandy-univerzalno-sjenilo-za-sunce-i-mrezica-protiv-komaraca-2u1\\\/#primaryimage\"},\"thumbnailUrl\":\"https:\\\/\\\/najnaj.eu\\\/wp-content\\\/uploads\\\/2023\\\/09\\\/the-screen-510x680-1.webp\",\"datePublished\":\"2023-05-26T08:01:34+00:00\",\"dateModified\":\"2026-02-04T10:08:24+00:00\",\"breadcrumb\":{\"@id\":\"https:\\\/\\\/najnaj.eu\\\/fr\\\/proizvod\\\/icandy-univerzalno-sjenilo-za-sunce-i-mrezica-protiv-komaraca-2u1\\\/#breadcrumb\"},\"inLanguage\":\"fr-FR\",\"potentialAction\":[{\"@type\":\"ReadAction\",\"target\":[\"https:\\\/\\\/najnaj.eu\\\/fr\\\/proizvod\\\/icandy-univerzalno-sjenilo-za-sunce-i-mrezica-protiv-komaraca-2u1\\\/\"]}]},{\"@type\":\"ImageObject\",\"inLanguage\":\"fr-FR\",\"@id\":\"https:\\\/\\\/najnaj.eu\\\/fr\\\/proizvod\\\/icandy-univerzalno-sjenilo-za-sunce-i-mrezica-protiv-komaraca-2u1\\\/#primaryimage\",\"url\":\"https:\\\/\\\/najnaj.eu\\\/wp-content\\\/uploads\\\/2023\\\/09\\\/the-screen-510x680-1.webp\",\"contentUrl\":\"https:\\\/\\\/najnaj.eu\\\/wp-content\\\/uploads\\\/2023\\\/09\\\/the-screen-510x680-1.webp\",\"width\":510,\"height\":680},{\"@type\":\"BreadcrumbList\",\"@id\":\"https:\\\/\\\/najnaj.eu\\\/fr\\\/proizvod\\\/icandy-univerzalno-sjenilo-za-sunce-i-mrezica-protiv-komaraca-2u1\\\/#breadcrumb\",\"itemListElement\":[{\"@type\":\"ListItem\",\"position\":1,\"name\":\"Po\u010detna stranica\",\"item\":\"https:\\\/\\\/najnaj.eu\\\/fr\\\/\"},{\"@type\":\"ListItem\",\"position\":2,\"name\":\"Trgovina\",\"item\":\"https:\\\/\\\/najnaj.hr\\\/trgovina\\\/\"},{\"@type\":\"ListItem\",\"position\":3,\"name\":\"iCandy Univerzalno sjenilo za sunce i mre\u017eica protiv komaraca 2u1\"}]},{\"@type\":\"WebSite\",\"@id\":\"https:\\\/\\\/najnaj.eu\\\/fr\\\/#website\",\"url\":\"https:\\\/\\\/najnaj.eu\\\/fr\\\/\",\"name\":\"NajNaj.eu\",\"description\":\"Za najva\u017enije!\",\"potentialAction\":[{\"@type\":\"SearchAction\",\"target\":{\"@type\":\"EntryPoint\",\"urlTemplate\":\"https:\\\/\\\/najnaj.eu\\\/fr\\\/?s={search_term_string}\"},\"query-input\":{\"@type\":\"PropertyValueSpecification\",\"valueRequired\":true,\"valueName\":\"search_term_string\"}}],\"inLanguage\":\"fr-FR\"}]}<\/script>\n<meta property=\"product:brand\" content=\"iCandy\" \/>\n<meta property=\"product:price:amount\" content=\"39.00\" \/>\n<meta property=\"product:price:currency\" content=\"EUR\" \/>\n<meta property=\"og:availability\" content=\"instock\" \/>\n<meta property=\"product:availability\" content=\"instock\" \/>\n<meta property=\"product:retailer_item_id\" content=\"IC1510a\" \/>\n<meta property=\"product:condition\" content=\"new\" \/>\n<!-- \/ Yoast SEO Premium plugin. -->","yoast_head_json":{"title":"iCandy Univerzalno sjenilo za sunce i mre\u017eica protiv komaraca 2u1 - NajNaj.eu","robots":{"index":"index","follow":"follow","max-snippet":"max-snippet:-1","max-image-preview":"max-image-preview:large","max-video-preview":"max-video-preview:-1"},"canonical":"https:\/\/najnaj.eu\/fr\/proizvod\/icandy-univerzalno-sjenilo-za-sunce-i-mrezica-protiv-komaraca-2u1\/","og_locale":"fr_FR","og_type":"article","og_title":"iCandy Univerzalno sjenilo za sunce i mre\u017eica protiv komaraca 2u1","og_description":"Pametan izbor za sun\u010dane avanture  iCandy sjenilo za sunce dizajnirano\u00a0je\u00a0koriste\u0107i se\u00a0kombinacijom tkanine i mre\u017ee. Tkanina ima najvi\u0161i SPF 50+ i u\u010dinkovito blokira do 99% \u0161tetnih UV zraka. Mre\u017easti prozor pru\u017ea za\u0161titu od odsjaja i odgovaraju\u0107u ventilaciju kako bi Va\u0161em djetetu bilo ugodno na suncu. Mre\u017eica tako\u0111er poma\u017ee u dr\u017eanju insekata podalje od va\u0161eg mali\u0161ana!","og_url":"https:\/\/najnaj.eu\/fr\/proizvod\/icandy-univerzalno-sjenilo-za-sunce-i-mrezica-protiv-komaraca-2u1\/","og_site_name":"NajNaj.eu","article_publisher":"https:\/\/web.facebook.com\/najnaj.eu\/","article_modified_time":"2026-02-04T10:08:24+00:00","og_image":[{"width":510,"height":680,"url":"https:\/\/najnaj.eu\/wp-content\/uploads\/2023\/09\/the-screen-510x680-1.webp","type":"image\/webp"}],"twitter_card":"summary_large_image","twitter_misc":{"Prix":"39,00&nbsp;&euro;","Disponibilit\u00e9":"En stock"},"schema":{"@context":"https:\/\/schema.org","@graph":[{"@type":"WebPage","@id":"https:\/\/najnaj.eu\/fr\/proizvod\/icandy-univerzalno-sjenilo-za-sunce-i-mrezica-protiv-komaraca-2u1\/","url":"https:\/\/najnaj.eu\/fr\/proizvod\/icandy-univerzalno-sjenilo-za-sunce-i-mrezica-protiv-komaraca-2u1\/","name":"iCandy Univerzalno sjenilo za sunce i mre\u017eica protiv komaraca 2u1 - NajNaj.eu","isPartOf":{"@id":"https:\/\/najnaj.eu\/fr\/#website"},"primaryImageOfPage":{"@id":"https:\/\/najnaj.eu\/fr\/proizvod\/icandy-univerzalno-sjenilo-za-sunce-i-mrezica-protiv-komaraca-2u1\/#primaryimage"},"image":{"@id":"https:\/\/najnaj.eu\/fr\/proizvod\/icandy-univerzalno-sjenilo-za-sunce-i-mrezica-protiv-komaraca-2u1\/#primaryimage"},"thumbnailUrl":"https:\/\/najnaj.eu\/wp-content\/uploads\/2023\/09\/the-screen-510x680-1.webp","datePublished":"2023-05-26T08:01:34+00:00","dateModified":"2026-02-04T10:08:24+00:00","breadcrumb":{"@id":"https:\/\/najnaj.eu\/fr\/proizvod\/icandy-univerzalno-sjenilo-za-sunce-i-mrezica-protiv-komaraca-2u1\/#breadcrumb"},"inLanguage":"fr-FR","potentialAction":[{"@type":"ReadAction","target":["https:\/\/najnaj.eu\/fr\/proizvod\/icandy-univerzalno-sjenilo-za-sunce-i-mrezica-protiv-komaraca-2u1\/"]}]},{"@type":"ImageObject","inLanguage":"fr-FR","@id":"https:\/\/najnaj.eu\/fr\/proizvod\/icandy-univerzalno-sjenilo-za-sunce-i-mrezica-protiv-komaraca-2u1\/#primaryimage","url":"https:\/\/najnaj.eu\/wp-content\/uploads\/2023\/09\/the-screen-510x680-1.webp","contentUrl":"https:\/\/najnaj.eu\/wp-content\/uploads\/2023\/09\/the-screen-510x680-1.webp","width":510,"height":680},{"@type":"BreadcrumbList","@id":"https:\/\/najnaj.eu\/fr\/proizvod\/icandy-univerzalno-sjenilo-za-sunce-i-mrezica-protiv-komaraca-2u1\/#breadcrumb","itemListElement":[{"@type":"ListItem","position":1,"name":"Po\u010detna stranica","item":"https:\/\/najnaj.eu\/fr\/"},{"@type":"ListItem","position":2,"name":"Trgovina","item":"https:\/\/najnaj.hr\/trgovina\/"},{"@type":"ListItem","position":3,"name":"iCandy Univerzalno sjenilo za sunce i mre\u017eica protiv komaraca 2u1"}]},{"@type":"WebSite","@id":"https:\/\/najnaj.eu\/fr\/#website","url":"https:\/\/najnaj.eu\/fr\/","name":"NajNaj.eu","description":"Za najva\u017enije!","potentialAction":[{"@type":"SearchAction","target":{"@type":"EntryPoint","urlTemplate":"https:\/\/najnaj.eu\/fr\/?s={search_term_string}"},"query-input":{"@type":"PropertyValueSpecification","valueRequired":true,"valueName":"search_term_string"}}],"inLanguage":"fr-FR"}]},"product_brand":"iCandy","product_price_amount":"39.00","product_price_currency":"EUR","og_availability":"instock","product_availability":"instock","product_retailer_item_id":"IC1510a","product_condition":"new"},"_links":{"self":[{"href":"https:\/\/najnaj.eu\/fr\/wp-json\/wp\/v2\/product\/152294","targetHints":{"allow":["GET"]}}],"collection":[{"href":"https:\/\/najnaj.eu\/fr\/wp-json\/wp\/v2\/product"}],"about":[{"href":"https:\/\/najnaj.eu\/fr\/wp-json\/wp\/v2\/types\/product"}],"replies":[{"embeddable":true,"href":"https:\/\/najnaj.eu\/fr\/wp-json\/wp\/v2\/comments?post=152294"}],"version-history":[{"count":0,"href":"https:\/\/najnaj.eu\/fr\/wp-json\/wp\/v2\/product\/152294\/revisions"}],"wp:featuredmedia":[{"embeddable":true,"href":"https:\/\/najnaj.eu\/fr\/wp-json\/wp\/v2\/media\/152295"}],"wp:attachment":[{"href":"https:\/\/najnaj.eu\/fr\/wp-json\/wp\/v2\/media?parent=152294"}],"wp:term":[{"taxonomy":"product_brand","embeddable":true,"href":"https:\/\/najnaj.eu\/fr\/wp-json\/wp\/v2\/product_brand?post=152294"},{"taxonomy":"product_cat","embeddable":true,"href":"https:\/\/najnaj.eu\/fr\/wp-json\/wp\/v2\/product_cat?post=152294"},{"taxonomy":"product_tag","embeddable":true,"href":"https:\/\/najnaj.eu\/fr\/wp-json\/wp\/v2\/product_tag?post=152294"}],"curies":[{"name":"wp","href":"https:\/\/api.w.org\/{rel}","templated":true}]}}