{"id":151852,"date":"2023-09-07T10:21:36","date_gmt":"2023-09-07T08:21:36","guid":{"rendered":"https:\/\/najnaj.eu\/?post_type=product&#038;p=151852"},"modified":"2026-02-04T10:57:38","modified_gmt":"2026-02-04T09:57:38","slug":"klasicna-vreca-za-spavanje-tog-1-0-sheep","status":"publish","type":"product","link":"https:\/\/najnaj.eu\/fr\/proizvod\/klasicna-vreca-za-spavanje-tog-1-0-sheep\/","title":{"rendered":"Ergobaby Klasi\u010dna vre\u0107a za spavanje (TOG 1.0), Sheep"},"content":{"rendered":"<h1 class=\"alt-font\">Udobnost i toplina za dijete bez dekice koja stalno pada<\/h1>\n<p>&nbsp;<\/p>\n<p>Ergobaby klasi\u010dna vre\u0107a za spavanje podesiva je dekica za no\u0161enje izra\u0111ena od ultra mekog i prozra\u010dnog 100%-nog pamuka koja va\u0161em djetetu pru\u017ea dulji i mirniji san. Klasi\u010dna vre\u0107a za spavanje mo\u017ee se nositi preko dodatnih slojeva odje\u0107e za hladnijih no\u0107i, a dvosmjerni patentni zatvara\u010d omogu\u0107uje iznimno brzu promjenu pelena. Osim toga, vre\u0107a se jednostavno koristi tako da se obla\u010di u tren oka!<\/p>\n<p><img loading=\"lazy\" decoding=\"async\" class=\"aligncenter size-full wp-image-15991 lazy-load-active\" src=\"https:\/\/ergobaby.hr\/wp-content\/uploads\/2019\/04\/Ergibaby-vre%C4%87a-za-spavanje-infografika.jpeg\" sizes=\"auto, (max-width: 1052px) 100vw, 1052px\" srcset=\"https:\/\/ergobaby.hr\/wp-content\/uploads\/2019\/04\/Ergibaby-vre\u0107a-za-spavanje-infografika.jpeg 1052w, https:\/\/ergobaby.hr\/wp-content\/uploads\/2019\/04\/Ergibaby-vre\u0107a-za-spavanje-infografika-400x400.jpeg 400w, https:\/\/ergobaby.hr\/wp-content\/uploads\/2019\/04\/Ergibaby-vre\u0107a-za-spavanje-infografika-799x800.jpeg 799w, https:\/\/ergobaby.hr\/wp-content\/uploads\/2019\/04\/Ergibaby-vre\u0107a-za-spavanje-infografika-280x280.jpeg 280w, https:\/\/ergobaby.hr\/wp-content\/uploads\/2019\/04\/Ergibaby-vre\u0107a-za-spavanje-infografika-768x769.jpeg 768w, https:\/\/ergobaby.hr\/wp-content\/uploads\/2019\/04\/Ergibaby-vre\u0107a-za-spavanje-infografika-510x510.jpeg 510w, https:\/\/ergobaby.hr\/wp-content\/uploads\/2019\/04\/Ergibaby-vre\u0107a-za-spavanje-infografika-100x100.jpeg 100w\" alt=\"\" width=\"1052\" height=\"1053\" data-src=\"https:\/\/ergobaby.hr\/wp-content\/uploads\/2019\/04\/Ergibaby-vre\u0107a-za-spavanje-infografika.jpeg\" data-srcset=\"https:\/\/ergobaby.hr\/wp-content\/uploads\/2019\/04\/Ergibaby-vre\u0107a-za-spavanje-infografika.jpeg 1052w, https:\/\/ergobaby.hr\/wp-content\/uploads\/2019\/04\/Ergibaby-vre\u0107a-za-spavanje-infografika-400x400.jpeg 400w, https:\/\/ergobaby.hr\/wp-content\/uploads\/2019\/04\/Ergibaby-vre\u0107a-za-spavanje-infografika-799x800.jpeg 799w, https:\/\/ergobaby.hr\/wp-content\/uploads\/2019\/04\/Ergibaby-vre\u0107a-za-spavanje-infografika-280x280.jpeg 280w, https:\/\/ergobaby.hr\/wp-content\/uploads\/2019\/04\/Ergibaby-vre\u0107a-za-spavanje-infografika-768x769.jpeg 768w, https:\/\/ergobaby.hr\/wp-content\/uploads\/2019\/04\/Ergibaby-vre\u0107a-za-spavanje-infografika-510x510.jpeg 510w, https:\/\/ergobaby.hr\/wp-content\/uploads\/2019\/04\/Ergibaby-vre\u0107a-za-spavanje-infografika-100x100.jpeg 100w\" \/><\/p>\n","protected":false},"excerpt":{"rendered":"<ul>\n<li>omogu\u0107uje brzu promjenu pelena<\/li>\n<li>djetetu pru\u017ea dulji i mirniji san<\/li>\n<li>jednostavno rukovanje<\/li>\n<\/ul>\n<p>Veli\u010dina S: 0 \u2013 6 mjeseci \/ 46 \u2013 68 cm \/ 11,3 kg<\/p>\n<p>&nbsp;<\/p>\n<p><a href=\"https:\/\/ergobaby.hr\/wp-content\/uploads\/2018\/10\/Easy-To-Use.png\"><img loading=\"lazy\" decoding=\"async\" class=\"wp-image-6926 alignnone\" src=\"https:\/\/ergobaby.hr\/wp-content\/uploads\/2018\/10\/Easy-To-Use.png\" alt=\"\" width=\"23\" height=\"23\" \/><\/a>\u00a0 Jednostavna upotreba<\/p>\n<p><a href=\"https:\/\/ergobaby.hr\/wp-content\/uploads\/2018\/10\/Easy-Diaper-Change.png\"><img loading=\"lazy\" decoding=\"async\" class=\" wp-image-6930 alignnone\" src=\"https:\/\/ergobaby.hr\/wp-content\/uploads\/2018\/10\/Easy-Diaper-Change.png\" alt=\"\" width=\"28\" height=\"28\" \/><\/a>\u00a0 Jednostavna promjena pelena<\/p>\n<p><a href=\"https:\/\/ergobaby.hr\/wp-content\/uploads\/2019\/04\/Breathable-Cotton.png\"><img loading=\"lazy\" decoding=\"async\" class=\" wp-image-6998 alignnone\" src=\"https:\/\/ergobaby.hr\/wp-content\/uploads\/2019\/04\/Breathable-Cotton.png\" alt=\"\" width=\"27\" height=\"27\" \/><\/a>\u00a0 Prozra\u010dan pamuk<\/p>\n<p><a href=\"https:\/\/ergobaby.hr\/wp-content\/uploads\/2019\/04\/100_-Cotton.png\"><img loading=\"lazy\" decoding=\"async\" class=\" wp-image-7002 alignnone\" src=\"https:\/\/ergobaby.hr\/wp-content\/uploads\/2019\/04\/100_-Cotton.png\" alt=\"\" width=\"27\" height=\"27\" \/><\/a>\u00a0 100% pamuk<\/p>\n","protected":false},"featured_media":151854,"comment_status":"open","ping_status":"closed","template":"","meta":{"_acf_changed":false,"footnotes":""},"product_brand":[],"product_cat":[1265,674,318,554],"product_tag":[],"class_list":{"0":"post-151852","1":"product","2":"type-product","3":"status-publish","4":"has-post-thumbnail","6":"product_cat-klasicne-vrece-za-spavanje","7":"product_cat-prijelazne-vrece-za-spavanje","8":"product_cat-proizvodi","9":"product_cat-vrece-za-spavanje","10":"pa_boja-bijela","11":"pa_boja-siva","12":"pa_brand-ergobaby","14":"first","15":"outofstock","16":"shipping-taxable","17":"purchasable","18":"product-type-simple"},"bundled_by":[],"bundle_stock_status":"outofstock","bundle_stock_quantity":0,"bundle_virtual":false,"bundle_layout":"","bundle_add_to_cart_form_location":"","bundle_editable_in_cart":false,"bundle_sold_individually_context":"","bundle_item_grouping":"","bundle_min_size":"","bundle_max_size":"","bundle_price":[],"bundled_items":[],"bundle_sell_ids":[],"acf":[],"yoast_head":"<!-- This site is optimized with the Yoast SEO Premium plugin v21.5 (Yoast SEO v27.4) - https:\/\/yoast.com\/product\/yoast-seo-premium-wordpress\/ -->\n<title>Ergobaby Klasi\u010dna vre\u0107a za spavanje (TOG 1.0), Sheep - NajNaj.eu<\/title>\n<meta name=\"robots\" content=\"index, follow, max-snippet:-1, max-image-preview:large, max-video-preview:-1\" \/>\n<link rel=\"canonical\" href=\"https:\/\/najnaj.eu\/fr\/proizvod\/klasicna-vreca-za-spavanje-tog-1-0-sheep\/\" \/>\n<meta property=\"og:locale\" content=\"fr_FR\" \/>\n<meta property=\"og:type\" content=\"article\" \/>\n<meta property=\"og:title\" content=\"Ergobaby Klasi\u010dna vre\u0107a za spavanje (TOG 1.0), Sheep\" \/>\n<meta property=\"og:description\" content=\"omogu\u0107uje brzu promjenu pelena  djetetu pru\u017ea dulji i mirniji san  jednostavno rukovanje  Veli\u010dina S: 0 \u2013 6 mjeseci \/ 46 \u2013 68 cm \/ 11,3 kg  &nbsp;  \u00a0 Jednostavna upotreba  \u00a0 Jednostavna promjena pelena  \u00a0 Prozra\u010dan pamuk  \u00a0 100% pamuk\" \/>\n<meta property=\"og:url\" content=\"https:\/\/najnaj.eu\/fr\/proizvod\/klasicna-vreca-za-spavanje-tog-1-0-sheep\/\" \/>\n<meta property=\"og:site_name\" content=\"NajNaj.eu\" \/>\n<meta property=\"article:publisher\" content=\"https:\/\/web.facebook.com\/najnaj.eu\/\" \/>\n<meta property=\"article:modified_time\" content=\"2026-02-04T09:57:38+00:00\" \/>\n<meta property=\"og:image\" content=\"https:\/\/najnaj.eu\/wp-content\/uploads\/2023\/09\/ClassicSleepBag_SLBASHEEP1_Tog1.jpg\" \/>\n\t<meta property=\"og:image:width\" content=\"2400\" \/>\n\t<meta property=\"og:image:height\" content=\"2400\" \/>\n\t<meta property=\"og:image:type\" content=\"image\/jpeg\" \/>\n<meta name=\"twitter:card\" content=\"summary_large_image\" \/>\n<meta name=\"twitter:label1\" content=\"Prix\" \/>\n\t<meta name=\"twitter:data1\" content=\"34,90&nbsp;&euro;\" \/>\n\t<meta name=\"twitter:label2\" content=\"Disponibilit\u00e9\" \/>\n\t<meta name=\"twitter:data2\" content=\"Rupture de stock\" \/>\n<script type=\"application\/ld+json\" class=\"yoast-schema-graph\">{\"@context\":\"https:\\\/\\\/schema.org\",\"@graph\":[{\"@type\":\"WebPage\",\"@id\":\"https:\\\/\\\/najnaj.eu\\\/fr\\\/proizvod\\\/klasicna-vreca-za-spavanje-tog-1-0-sheep\\\/\",\"url\":\"https:\\\/\\\/najnaj.eu\\\/fr\\\/proizvod\\\/klasicna-vreca-za-spavanje-tog-1-0-sheep\\\/\",\"name\":\"Ergobaby Klasi\u010dna vre\u0107a za spavanje (TOG 1.0), Sheep - NajNaj.eu\",\"isPartOf\":{\"@id\":\"https:\\\/\\\/najnaj.eu\\\/fr\\\/#website\"},\"primaryImageOfPage\":{\"@id\":\"https:\\\/\\\/najnaj.eu\\\/fr\\\/proizvod\\\/klasicna-vreca-za-spavanje-tog-1-0-sheep\\\/#primaryimage\"},\"image\":{\"@id\":\"https:\\\/\\\/najnaj.eu\\\/fr\\\/proizvod\\\/klasicna-vreca-za-spavanje-tog-1-0-sheep\\\/#primaryimage\"},\"thumbnailUrl\":\"https:\\\/\\\/najnaj.eu\\\/wp-content\\\/uploads\\\/2023\\\/09\\\/ClassicSleepBag_SLBASHEEP1_Tog1.jpg\",\"datePublished\":\"2023-09-07T08:21:36+00:00\",\"dateModified\":\"2026-02-04T09:57:38+00:00\",\"breadcrumb\":{\"@id\":\"https:\\\/\\\/najnaj.eu\\\/fr\\\/proizvod\\\/klasicna-vreca-za-spavanje-tog-1-0-sheep\\\/#breadcrumb\"},\"inLanguage\":\"fr-FR\",\"potentialAction\":[{\"@type\":\"ReadAction\",\"target\":[\"https:\\\/\\\/najnaj.eu\\\/fr\\\/proizvod\\\/klasicna-vreca-za-spavanje-tog-1-0-sheep\\\/\"]}]},{\"@type\":\"ImageObject\",\"inLanguage\":\"fr-FR\",\"@id\":\"https:\\\/\\\/najnaj.eu\\\/fr\\\/proizvod\\\/klasicna-vreca-za-spavanje-tog-1-0-sheep\\\/#primaryimage\",\"url\":\"https:\\\/\\\/najnaj.eu\\\/wp-content\\\/uploads\\\/2023\\\/09\\\/ClassicSleepBag_SLBASHEEP1_Tog1.jpg\",\"contentUrl\":\"https:\\\/\\\/najnaj.eu\\\/wp-content\\\/uploads\\\/2023\\\/09\\\/ClassicSleepBag_SLBASHEEP1_Tog1.jpg\",\"width\":2400,\"height\":2400},{\"@type\":\"BreadcrumbList\",\"@id\":\"https:\\\/\\\/najnaj.eu\\\/fr\\\/proizvod\\\/klasicna-vreca-za-spavanje-tog-1-0-sheep\\\/#breadcrumb\",\"itemListElement\":[{\"@type\":\"ListItem\",\"position\":1,\"name\":\"Po\u010detna stranica\",\"item\":\"https:\\\/\\\/najnaj.eu\\\/fr\\\/\"},{\"@type\":\"ListItem\",\"position\":2,\"name\":\"Trgovina\",\"item\":\"https:\\\/\\\/najnaj.hr\\\/trgovina\\\/\"},{\"@type\":\"ListItem\",\"position\":3,\"name\":\"Ergobaby Klasi\u010dna vre\u0107a za spavanje (TOG 1.0), Sheep\"}]},{\"@type\":\"WebSite\",\"@id\":\"https:\\\/\\\/najnaj.eu\\\/fr\\\/#website\",\"url\":\"https:\\\/\\\/najnaj.eu\\\/fr\\\/\",\"name\":\"NajNaj.eu\",\"description\":\"Za najva\u017enije!\",\"potentialAction\":[{\"@type\":\"SearchAction\",\"target\":{\"@type\":\"EntryPoint\",\"urlTemplate\":\"https:\\\/\\\/najnaj.eu\\\/fr\\\/?s={search_term_string}\"},\"query-input\":{\"@type\":\"PropertyValueSpecification\",\"valueRequired\":true,\"valueName\":\"search_term_string\"}}],\"inLanguage\":\"fr-FR\"}]}<\/script>\n<meta property=\"product:brand\" content=\"Ergobaby\" \/>\n<meta property=\"product:price:amount\" content=\"34.90\" \/>\n<meta property=\"product:price:currency\" content=\"EUR\" \/>\n<meta property=\"og:availability\" content=\"out of stock\" \/>\n<meta property=\"product:availability\" content=\"out of stock\" \/>\n<meta property=\"product:retailer_item_id\" content=\"SLBASHEEP1\" \/>\n<meta property=\"product:condition\" content=\"new\" \/>\n<!-- \/ Yoast SEO Premium plugin. -->","yoast_head_json":{"title":"Ergobaby Klasi\u010dna vre\u0107a za spavanje (TOG 1.0), Sheep - NajNaj.eu","robots":{"index":"index","follow":"follow","max-snippet":"max-snippet:-1","max-image-preview":"max-image-preview:large","max-video-preview":"max-video-preview:-1"},"canonical":"https:\/\/najnaj.eu\/fr\/proizvod\/klasicna-vreca-za-spavanje-tog-1-0-sheep\/","og_locale":"fr_FR","og_type":"article","og_title":"Ergobaby Klasi\u010dna vre\u0107a za spavanje (TOG 1.0), Sheep","og_description":"omogu\u0107uje brzu promjenu pelena  djetetu pru\u017ea dulji i mirniji san  jednostavno rukovanje  Veli\u010dina S: 0 \u2013 6 mjeseci \/ 46 \u2013 68 cm \/ 11,3 kg  &nbsp;  \u00a0 Jednostavna upotreba  \u00a0 Jednostavna promjena pelena  \u00a0 Prozra\u010dan pamuk  \u00a0 100% pamuk","og_url":"https:\/\/najnaj.eu\/fr\/proizvod\/klasicna-vreca-za-spavanje-tog-1-0-sheep\/","og_site_name":"NajNaj.eu","article_publisher":"https:\/\/web.facebook.com\/najnaj.eu\/","article_modified_time":"2026-02-04T09:57:38+00:00","og_image":[{"width":2400,"height":2400,"url":"https:\/\/najnaj.eu\/wp-content\/uploads\/2023\/09\/ClassicSleepBag_SLBASHEEP1_Tog1.jpg","type":"image\/jpeg"}],"twitter_card":"summary_large_image","twitter_misc":{"Prix":"34,90&nbsp;&euro;","Disponibilit\u00e9":"Rupture de stock"},"schema":{"@context":"https:\/\/schema.org","@graph":[{"@type":"WebPage","@id":"https:\/\/najnaj.eu\/fr\/proizvod\/klasicna-vreca-za-spavanje-tog-1-0-sheep\/","url":"https:\/\/najnaj.eu\/fr\/proizvod\/klasicna-vreca-za-spavanje-tog-1-0-sheep\/","name":"Ergobaby Klasi\u010dna vre\u0107a za spavanje (TOG 1.0), Sheep - NajNaj.eu","isPartOf":{"@id":"https:\/\/najnaj.eu\/fr\/#website"},"primaryImageOfPage":{"@id":"https:\/\/najnaj.eu\/fr\/proizvod\/klasicna-vreca-za-spavanje-tog-1-0-sheep\/#primaryimage"},"image":{"@id":"https:\/\/najnaj.eu\/fr\/proizvod\/klasicna-vreca-za-spavanje-tog-1-0-sheep\/#primaryimage"},"thumbnailUrl":"https:\/\/najnaj.eu\/wp-content\/uploads\/2023\/09\/ClassicSleepBag_SLBASHEEP1_Tog1.jpg","datePublished":"2023-09-07T08:21:36+00:00","dateModified":"2026-02-04T09:57:38+00:00","breadcrumb":{"@id":"https:\/\/najnaj.eu\/fr\/proizvod\/klasicna-vreca-za-spavanje-tog-1-0-sheep\/#breadcrumb"},"inLanguage":"fr-FR","potentialAction":[{"@type":"ReadAction","target":["https:\/\/najnaj.eu\/fr\/proizvod\/klasicna-vreca-za-spavanje-tog-1-0-sheep\/"]}]},{"@type":"ImageObject","inLanguage":"fr-FR","@id":"https:\/\/najnaj.eu\/fr\/proizvod\/klasicna-vreca-za-spavanje-tog-1-0-sheep\/#primaryimage","url":"https:\/\/najnaj.eu\/wp-content\/uploads\/2023\/09\/ClassicSleepBag_SLBASHEEP1_Tog1.jpg","contentUrl":"https:\/\/najnaj.eu\/wp-content\/uploads\/2023\/09\/ClassicSleepBag_SLBASHEEP1_Tog1.jpg","width":2400,"height":2400},{"@type":"BreadcrumbList","@id":"https:\/\/najnaj.eu\/fr\/proizvod\/klasicna-vreca-za-spavanje-tog-1-0-sheep\/#breadcrumb","itemListElement":[{"@type":"ListItem","position":1,"name":"Po\u010detna stranica","item":"https:\/\/najnaj.eu\/fr\/"},{"@type":"ListItem","position":2,"name":"Trgovina","item":"https:\/\/najnaj.hr\/trgovina\/"},{"@type":"ListItem","position":3,"name":"Ergobaby Klasi\u010dna vre\u0107a za spavanje (TOG 1.0), Sheep"}]},{"@type":"WebSite","@id":"https:\/\/najnaj.eu\/fr\/#website","url":"https:\/\/najnaj.eu\/fr\/","name":"NajNaj.eu","description":"Za najva\u017enije!","potentialAction":[{"@type":"SearchAction","target":{"@type":"EntryPoint","urlTemplate":"https:\/\/najnaj.eu\/fr\/?s={search_term_string}"},"query-input":{"@type":"PropertyValueSpecification","valueRequired":true,"valueName":"search_term_string"}}],"inLanguage":"fr-FR"}]},"product_brand":"Ergobaby","product_price_amount":"34.90","product_price_currency":"EUR","og_availability":"out of stock","product_availability":"out of stock","product_retailer_item_id":"SLBASHEEP1","product_condition":"new"},"_links":{"self":[{"href":"https:\/\/najnaj.eu\/fr\/wp-json\/wp\/v2\/product\/151852","targetHints":{"allow":["GET"]}}],"collection":[{"href":"https:\/\/najnaj.eu\/fr\/wp-json\/wp\/v2\/product"}],"about":[{"href":"https:\/\/najnaj.eu\/fr\/wp-json\/wp\/v2\/types\/product"}],"replies":[{"embeddable":true,"href":"https:\/\/najnaj.eu\/fr\/wp-json\/wp\/v2\/comments?post=151852"}],"version-history":[{"count":0,"href":"https:\/\/najnaj.eu\/fr\/wp-json\/wp\/v2\/product\/151852\/revisions"}],"wp:featuredmedia":[{"embeddable":true,"href":"https:\/\/najnaj.eu\/fr\/wp-json\/wp\/v2\/media\/151854"}],"wp:attachment":[{"href":"https:\/\/najnaj.eu\/fr\/wp-json\/wp\/v2\/media?parent=151852"}],"wp:term":[{"taxonomy":"product_brand","embeddable":true,"href":"https:\/\/najnaj.eu\/fr\/wp-json\/wp\/v2\/product_brand?post=151852"},{"taxonomy":"product_cat","embeddable":true,"href":"https:\/\/najnaj.eu\/fr\/wp-json\/wp\/v2\/product_cat?post=151852"},{"taxonomy":"product_tag","embeddable":true,"href":"https:\/\/najnaj.eu\/fr\/wp-json\/wp\/v2\/product_tag?post=151852"}],"curies":[{"name":"wp","href":"https:\/\/api.w.org\/{rel}","templated":true}]}}