{"id":150849,"date":"2023-08-19T10:44:13","date_gmt":"2023-08-19T08:44:13","guid":{"rendered":"https:\/\/najnaj.hr\/proizvod\/b-box-termo-bocica-sa-slamkom-500ml-emerald-forest\/"},"modified":"2026-02-04T11:03:08","modified_gmt":"2026-02-04T10:03:08","slug":"b-box-termo-bocica-sa-slamkom-500ml-emerald-forest","status":"publish","type":"product","link":"https:\/\/najnaj.eu\/fr\/proizvod\/b-box-termo-bocica-sa-slamkom-500ml-emerald-forest\/","title":{"rendered":"b.box Termo bo\u010dica sa slamkom, 500ml &#8211; emerald forest"},"content":{"rendered":"<p>Podignite cjelodnevnu hidrataciju na vi\u0161u razinu s na\u0161om novom izoliranom bocom za pi\u0107e od 500 ml.<\/p>\n<p>Izolacijske super mo\u0107i! Troslojna izolacija u na\u0161oj ve\u0107oj boci pomo\u0107i \u0107e odr\u017eati teku\u0107ine hladnima do 15 sati i toplima do 8 sati.<\/p>\n<p>Otvara se uz pomo\u0107 prednjeg gumba i mo\u017ee se koristiti jednom rukom za pomo\u0107 pri onoj velikoj \u017ee\u0111i u \u0161kolskom dvori\u0161tu, a integrirana ru\u010dka za no\u0161enje zna\u010di da je uvijek pri ruci.<\/p>\n<p>Silikonska slamka iz koje se lako pije nudi slobodan protok pi\u0107a, a nakon pijenja, zatvorite poklopac za \u0161kolsku torbu bez prolivenih teku\u0107ina.<\/p>\n","protected":false},"excerpt":{"rendered":"<p>&gt; Troslojne izolacijske supermo\u0107i<br \/>\n&gt; Mo\u017ee se prati u perilici posu\u0111a, samo gornja polica<br \/>\n&gt; Silikonski vrh slam\u010dice, nudi slobodan protok vode<br \/>\n&gt; Odr\u017eava teku\u0107ine hladnima do 15 sati ili toplima do 8 sati<br \/>\n&gt; Integrirana ru\u010dka za no\u0161enje<br \/>\n&gt; 500 ml \/ 16,9 fl. oz<br \/>\n&gt; Izra\u0111en od nehr\u0111aju\u0107eg \u010delika, polipropilena i silikona<br \/>\n&gt; Bez BPA, ftalata i PVC-a<br \/>\n&gt; Te\u017eina: 0,33 kg<\/p>\n","protected":false},"featured_media":134424,"comment_status":"open","ping_status":"closed","template":"","meta":{"_acf_changed":false,"footnotes":""},"product_brand":[],"product_cat":[654,622],"product_tag":[2271],"class_list":{"0":"post-150849","1":"product","2":"type-product","3":"status-publish","4":"has-post-thumbnail","6":"product_cat-boce-za-vodu","7":"product_cat-posude","8":"product_tag-zima","9":"pa_boja-zelena","10":"pa_brand-b-box","11":"pa_vrsta-posuda-bocice-za-vodu","12":"pa_vrsta-posuda-termo-bocice","14":"first","15":"instock","16":"purchasable","17":"product-type-simple"},"bundled_by":[],"bundle_stock_status":"instock","bundle_stock_quantity":14,"bundle_virtual":false,"bundle_layout":"","bundle_add_to_cart_form_location":"","bundle_editable_in_cart":false,"bundle_sold_individually_context":"","bundle_item_grouping":"","bundle_min_size":"","bundle_max_size":"","bundle_price":[],"bundled_items":[],"bundle_sell_ids":[],"acf":[],"yoast_head":"<!-- This site is optimized with the Yoast SEO Premium plugin v21.5 (Yoast SEO v27.4) - https:\/\/yoast.com\/product\/yoast-seo-premium-wordpress\/ -->\n<title>b.box Termo bo\u010dica sa slamkom, 500ml - emerald forest - NajNaj.eu<\/title>\n<meta name=\"robots\" content=\"index, follow, max-snippet:-1, max-image-preview:large, max-video-preview:-1\" \/>\n<link rel=\"canonical\" href=\"https:\/\/najnaj.eu\/fr\/proizvod\/b-box-termo-bocica-sa-slamkom-500ml-emerald-forest\/\" \/>\n<meta property=\"og:locale\" content=\"fr_FR\" \/>\n<meta property=\"og:type\" content=\"article\" \/>\n<meta property=\"og:title\" content=\"b.box Termo bo\u010dica sa slamkom, 500ml - emerald forest\" \/>\n<meta property=\"og:description\" content=\"&gt; Troslojne izolacijske supermo\u0107i &gt; Mo\u017ee se prati u perilici posu\u0111a, samo gornja polica &gt; Silikonski vrh slam\u010dice, nudi slobodan protok vode &gt; Odr\u017eava teku\u0107ine hladnima do 15 sati ili toplima do 8 sati &gt; Integrirana ru\u010dka za no\u0161enje &gt; 500 ml \/ 16,9 fl. oz &gt; Izra\u0111en od nehr\u0111aju\u0107eg \u010delika, polipropilena i silikona &gt; Bez BPA, ftalata i PVC-a &gt; Te\u017eina: 0,33 kg\" \/>\n<meta property=\"og:url\" content=\"https:\/\/najnaj.eu\/fr\/proizvod\/b-box-termo-bocica-sa-slamkom-500ml-emerald-forest\/\" \/>\n<meta property=\"og:site_name\" content=\"NajNaj.eu\" \/>\n<meta property=\"article:publisher\" content=\"https:\/\/web.facebook.com\/najnaj.eu\/\" \/>\n<meta property=\"article:modified_time\" content=\"2026-02-04T10:03:08+00:00\" \/>\n<meta property=\"og:image\" content=\"https:\/\/najnaj.eu\/wp-content\/uploads\/2023\/08\/BX500107_Insulated_Drink_bottle_Emerald_forest_1.jpg\" \/>\n\t<meta property=\"og:image:width\" content=\"532\" \/>\n\t<meta property=\"og:image:height\" content=\"681\" \/>\n\t<meta property=\"og:image:type\" content=\"image\/png\" \/>\n<meta name=\"twitter:card\" content=\"summary_large_image\" \/>\n<meta name=\"twitter:label1\" content=\"Prix\" \/>\n\t<meta name=\"twitter:data1\" content=\"29,99&nbsp;&euro;\" \/>\n\t<meta name=\"twitter:label2\" content=\"Disponibilit\u00e9\" \/>\n\t<meta name=\"twitter:data2\" content=\"En stock\" \/>\n<script type=\"application\/ld+json\" class=\"yoast-schema-graph\">{\"@context\":\"https:\\\/\\\/schema.org\",\"@graph\":[{\"@type\":\"WebPage\",\"@id\":\"https:\\\/\\\/najnaj.eu\\\/fr\\\/proizvod\\\/b-box-termo-bocica-sa-slamkom-500ml-emerald-forest\\\/\",\"url\":\"https:\\\/\\\/najnaj.eu\\\/fr\\\/proizvod\\\/b-box-termo-bocica-sa-slamkom-500ml-emerald-forest\\\/\",\"name\":\"b.box Termo bo\u010dica sa slamkom, 500ml - emerald forest - NajNaj.eu\",\"isPartOf\":{\"@id\":\"https:\\\/\\\/najnaj.eu\\\/fr\\\/#website\"},\"primaryImageOfPage\":{\"@id\":\"https:\\\/\\\/najnaj.eu\\\/fr\\\/proizvod\\\/b-box-termo-bocica-sa-slamkom-500ml-emerald-forest\\\/#primaryimage\"},\"image\":{\"@id\":\"https:\\\/\\\/najnaj.eu\\\/fr\\\/proizvod\\\/b-box-termo-bocica-sa-slamkom-500ml-emerald-forest\\\/#primaryimage\"},\"thumbnailUrl\":\"https:\\\/\\\/najnaj.eu\\\/wp-content\\\/uploads\\\/2023\\\/08\\\/BX500107_Insulated_Drink_bottle_Emerald_forest_1.jpg\",\"datePublished\":\"2023-08-19T08:44:13+00:00\",\"dateModified\":\"2026-02-04T10:03:08+00:00\",\"breadcrumb\":{\"@id\":\"https:\\\/\\\/najnaj.eu\\\/fr\\\/proizvod\\\/b-box-termo-bocica-sa-slamkom-500ml-emerald-forest\\\/#breadcrumb\"},\"inLanguage\":\"fr-FR\",\"potentialAction\":[{\"@type\":\"ReadAction\",\"target\":[\"https:\\\/\\\/najnaj.eu\\\/fr\\\/proizvod\\\/b-box-termo-bocica-sa-slamkom-500ml-emerald-forest\\\/\"]}]},{\"@type\":\"ImageObject\",\"inLanguage\":\"fr-FR\",\"@id\":\"https:\\\/\\\/najnaj.eu\\\/fr\\\/proizvod\\\/b-box-termo-bocica-sa-slamkom-500ml-emerald-forest\\\/#primaryimage\",\"url\":\"https:\\\/\\\/najnaj.eu\\\/wp-content\\\/uploads\\\/2023\\\/08\\\/BX500107_Insulated_Drink_bottle_Emerald_forest_1.jpg\",\"contentUrl\":\"https:\\\/\\\/najnaj.eu\\\/wp-content\\\/uploads\\\/2023\\\/08\\\/BX500107_Insulated_Drink_bottle_Emerald_forest_1.jpg\",\"width\":532,\"height\":681,\"caption\":\"termo bo\u010dica za djecu\"},{\"@type\":\"BreadcrumbList\",\"@id\":\"https:\\\/\\\/najnaj.eu\\\/fr\\\/proizvod\\\/b-box-termo-bocica-sa-slamkom-500ml-emerald-forest\\\/#breadcrumb\",\"itemListElement\":[{\"@type\":\"ListItem\",\"position\":1,\"name\":\"Po\u010detna stranica\",\"item\":\"https:\\\/\\\/najnaj.eu\\\/fr\\\/\"},{\"@type\":\"ListItem\",\"position\":2,\"name\":\"Trgovina\",\"item\":\"https:\\\/\\\/najnaj.hr\\\/trgovina\\\/\"},{\"@type\":\"ListItem\",\"position\":3,\"name\":\"b.box Termo bo\u010dica sa slamkom, 500ml &#8211; emerald forest\"}]},{\"@type\":\"WebSite\",\"@id\":\"https:\\\/\\\/najnaj.eu\\\/fr\\\/#website\",\"url\":\"https:\\\/\\\/najnaj.eu\\\/fr\\\/\",\"name\":\"NajNaj.eu\",\"description\":\"Za najva\u017enije!\",\"potentialAction\":[{\"@type\":\"SearchAction\",\"target\":{\"@type\":\"EntryPoint\",\"urlTemplate\":\"https:\\\/\\\/najnaj.eu\\\/fr\\\/?s={search_term_string}\"},\"query-input\":{\"@type\":\"PropertyValueSpecification\",\"valueRequired\":true,\"valueName\":\"search_term_string\"}}],\"inLanguage\":\"fr-FR\"}]}<\/script>\n<meta property=\"product:brand\" content=\"b.box\" \/>\n<meta property=\"product:price:amount\" content=\"29.99\" \/>\n<meta property=\"product:price:currency\" content=\"EUR\" \/>\n<meta property=\"og:availability\" content=\"instock\" \/>\n<meta property=\"product:availability\" content=\"instock\" \/>\n<meta property=\"product:retailer_item_id\" content=\"BX500107\" \/>\n<meta property=\"product:condition\" content=\"new\" \/>\n<!-- \/ Yoast SEO Premium plugin. -->","yoast_head_json":{"title":"b.box Termo bo\u010dica sa slamkom, 500ml - emerald forest - NajNaj.eu","robots":{"index":"index","follow":"follow","max-snippet":"max-snippet:-1","max-image-preview":"max-image-preview:large","max-video-preview":"max-video-preview:-1"},"canonical":"https:\/\/najnaj.eu\/fr\/proizvod\/b-box-termo-bocica-sa-slamkom-500ml-emerald-forest\/","og_locale":"fr_FR","og_type":"article","og_title":"b.box Termo bo\u010dica sa slamkom, 500ml - emerald forest","og_description":"&gt; Troslojne izolacijske supermo\u0107i &gt; Mo\u017ee se prati u perilici posu\u0111a, samo gornja polica &gt; Silikonski vrh slam\u010dice, nudi slobodan protok vode &gt; Odr\u017eava teku\u0107ine hladnima do 15 sati ili toplima do 8 sati &gt; Integrirana ru\u010dka za no\u0161enje &gt; 500 ml \/ 16,9 fl. oz &gt; Izra\u0111en od nehr\u0111aju\u0107eg \u010delika, polipropilena i silikona &gt; Bez BPA, ftalata i PVC-a &gt; Te\u017eina: 0,33 kg","og_url":"https:\/\/najnaj.eu\/fr\/proizvod\/b-box-termo-bocica-sa-slamkom-500ml-emerald-forest\/","og_site_name":"NajNaj.eu","article_publisher":"https:\/\/web.facebook.com\/najnaj.eu\/","article_modified_time":"2026-02-04T10:03:08+00:00","og_image":[{"width":532,"height":681,"url":"https:\/\/najnaj.eu\/wp-content\/uploads\/2023\/08\/BX500107_Insulated_Drink_bottle_Emerald_forest_1.jpg","type":"image\/png"}],"twitter_card":"summary_large_image","twitter_misc":{"Prix":"29,99&nbsp;&euro;","Disponibilit\u00e9":"En stock"},"schema":{"@context":"https:\/\/schema.org","@graph":[{"@type":"WebPage","@id":"https:\/\/najnaj.eu\/fr\/proizvod\/b-box-termo-bocica-sa-slamkom-500ml-emerald-forest\/","url":"https:\/\/najnaj.eu\/fr\/proizvod\/b-box-termo-bocica-sa-slamkom-500ml-emerald-forest\/","name":"b.box Termo bo\u010dica sa slamkom, 500ml - emerald forest - NajNaj.eu","isPartOf":{"@id":"https:\/\/najnaj.eu\/fr\/#website"},"primaryImageOfPage":{"@id":"https:\/\/najnaj.eu\/fr\/proizvod\/b-box-termo-bocica-sa-slamkom-500ml-emerald-forest\/#primaryimage"},"image":{"@id":"https:\/\/najnaj.eu\/fr\/proizvod\/b-box-termo-bocica-sa-slamkom-500ml-emerald-forest\/#primaryimage"},"thumbnailUrl":"https:\/\/najnaj.eu\/wp-content\/uploads\/2023\/08\/BX500107_Insulated_Drink_bottle_Emerald_forest_1.jpg","datePublished":"2023-08-19T08:44:13+00:00","dateModified":"2026-02-04T10:03:08+00:00","breadcrumb":{"@id":"https:\/\/najnaj.eu\/fr\/proizvod\/b-box-termo-bocica-sa-slamkom-500ml-emerald-forest\/#breadcrumb"},"inLanguage":"fr-FR","potentialAction":[{"@type":"ReadAction","target":["https:\/\/najnaj.eu\/fr\/proizvod\/b-box-termo-bocica-sa-slamkom-500ml-emerald-forest\/"]}]},{"@type":"ImageObject","inLanguage":"fr-FR","@id":"https:\/\/najnaj.eu\/fr\/proizvod\/b-box-termo-bocica-sa-slamkom-500ml-emerald-forest\/#primaryimage","url":"https:\/\/najnaj.eu\/wp-content\/uploads\/2023\/08\/BX500107_Insulated_Drink_bottle_Emerald_forest_1.jpg","contentUrl":"https:\/\/najnaj.eu\/wp-content\/uploads\/2023\/08\/BX500107_Insulated_Drink_bottle_Emerald_forest_1.jpg","width":532,"height":681,"caption":"termo bo\u010dica za djecu"},{"@type":"BreadcrumbList","@id":"https:\/\/najnaj.eu\/fr\/proizvod\/b-box-termo-bocica-sa-slamkom-500ml-emerald-forest\/#breadcrumb","itemListElement":[{"@type":"ListItem","position":1,"name":"Po\u010detna stranica","item":"https:\/\/najnaj.eu\/fr\/"},{"@type":"ListItem","position":2,"name":"Trgovina","item":"https:\/\/najnaj.hr\/trgovina\/"},{"@type":"ListItem","position":3,"name":"b.box Termo bo\u010dica sa slamkom, 500ml &#8211; emerald forest"}]},{"@type":"WebSite","@id":"https:\/\/najnaj.eu\/fr\/#website","url":"https:\/\/najnaj.eu\/fr\/","name":"NajNaj.eu","description":"Za najva\u017enije!","potentialAction":[{"@type":"SearchAction","target":{"@type":"EntryPoint","urlTemplate":"https:\/\/najnaj.eu\/fr\/?s={search_term_string}"},"query-input":{"@type":"PropertyValueSpecification","valueRequired":true,"valueName":"search_term_string"}}],"inLanguage":"fr-FR"}]},"product_brand":"b.box","product_price_amount":"29.99","product_price_currency":"EUR","og_availability":"instock","product_availability":"instock","product_retailer_item_id":"BX500107","product_condition":"new"},"_links":{"self":[{"href":"https:\/\/najnaj.eu\/fr\/wp-json\/wp\/v2\/product\/150849","targetHints":{"allow":["GET"]}}],"collection":[{"href":"https:\/\/najnaj.eu\/fr\/wp-json\/wp\/v2\/product"}],"about":[{"href":"https:\/\/najnaj.eu\/fr\/wp-json\/wp\/v2\/types\/product"}],"replies":[{"embeddable":true,"href":"https:\/\/najnaj.eu\/fr\/wp-json\/wp\/v2\/comments?post=150849"}],"version-history":[{"count":0,"href":"https:\/\/najnaj.eu\/fr\/wp-json\/wp\/v2\/product\/150849\/revisions"}],"wp:featuredmedia":[{"embeddable":true,"href":"https:\/\/najnaj.eu\/fr\/wp-json\/wp\/v2\/media\/134424"}],"wp:attachment":[{"href":"https:\/\/najnaj.eu\/fr\/wp-json\/wp\/v2\/media?parent=150849"}],"wp:term":[{"taxonomy":"product_brand","embeddable":true,"href":"https:\/\/najnaj.eu\/fr\/wp-json\/wp\/v2\/product_brand?post=150849"},{"taxonomy":"product_cat","embeddable":true,"href":"https:\/\/najnaj.eu\/fr\/wp-json\/wp\/v2\/product_cat?post=150849"},{"taxonomy":"product_tag","embeddable":true,"href":"https:\/\/najnaj.eu\/fr\/wp-json\/wp\/v2\/product_tag?post=150849"}],"curies":[{"name":"wp","href":"https:\/\/api.w.org\/{rel}","templated":true}]}}