{"id":150841,"date":"2023-09-21T08:04:19","date_gmt":"2023-09-21T06:04:19","guid":{"rendered":"https:\/\/najnaj.hr\/proizvod\/vrecice-za-pelene-magic-bags\/"},"modified":"2026-04-13T14:47:45","modified_gmt":"2026-04-13T12:47:45","slug":"vrecice-za-pelene-magic-bags","status":"publish","type":"product","link":"https:\/\/najnaj.eu\/fr\/proizvod\/vrecice-za-pelene-magic-bags\/","title":{"rendered":"Vre\u0107ice za pelene Magic Bags"},"content":{"rendered":"","protected":false},"excerpt":{"rendered":"<p>Paket od 45 vre\u0107ica<\/p>\n<p>Magic vre\u0107ice su \u010dvrste vre\u0107ice koje ne propu\u0161taju teku\u0107inu i zadr\u017eavaju miris najmanje 2 tjedna. Ove vre\u0107ice najbolje odgovaraju dimenzijama Magic Majestic kante za pelene.<br \/>\nPakiranje uklju\u010duje 45 Magic vre\u0107ica.<\/p>\n<p>Naravno, za kori\u0161tenje Magic Majestic kante za pelene mogu se koristit uobi\u010dajene vre\u0107ice za sme\u0107e.<\/p>\n","protected":false},"featured_media":134254,"comment_status":"open","ping_status":"closed","template":"","meta":{"_acf_changed":false,"footnotes":""},"product_brand":[],"product_cat":[667,840],"product_tag":[],"class_list":{"0":"post-150841","1":"product","2":"type-product","3":"status-publish","4":"has-post-thumbnail","6":"product_cat-djecja-sobica","7":"product_cat-kante-za-pelene","8":"pa_brand-magic","10":"first","11":"instock","12":"purchasable","13":"product-type-simple"},"bundled_by":[],"bundle_stock_status":"instock","bundle_stock_quantity":15,"bundle_virtual":false,"bundle_layout":"","bundle_add_to_cart_form_location":"","bundle_editable_in_cart":false,"bundle_sold_individually_context":"","bundle_item_grouping":"","bundle_min_size":"","bundle_max_size":"","bundle_price":[],"bundled_items":[],"bundle_sell_ids":[],"acf":[],"yoast_head":"<!-- This site is optimized with the Yoast SEO Premium plugin v21.5 (Yoast SEO v27.4) - https:\/\/yoast.com\/product\/yoast-seo-premium-wordpress\/ -->\n<title>Vre\u0107ice za pelene Magic Bags - NajNaj.eu<\/title>\n<meta name=\"robots\" content=\"index, follow, max-snippet:-1, max-image-preview:large, max-video-preview:-1\" \/>\n<link rel=\"canonical\" href=\"https:\/\/najnaj.eu\/fr\/proizvod\/vrecice-za-pelene-magic-bags\/\" \/>\n<meta property=\"og:locale\" content=\"fr_FR\" \/>\n<meta property=\"og:type\" content=\"article\" \/>\n<meta property=\"og:title\" content=\"Vre\u0107ice za pelene Magic Bags\" \/>\n<meta property=\"og:description\" content=\"Paket od 45 vre\u0107ica  Magic vre\u0107ice su \u010dvrste vre\u0107ice koje ne propu\u0161taju teku\u0107inu i zadr\u017eavaju miris najmanje 2 tjedna. Ove vre\u0107ice najbolje odgovaraju dimenzijama Magic Majestic kante za pelene. Pakiranje uklju\u010duje 45 Magic vre\u0107ica.  Naravno, za kori\u0161tenje Magic Majestic kante za pelene mogu se koristit uobi\u010dajene vre\u0107ice za sme\u0107e.\" \/>\n<meta property=\"og:url\" content=\"https:\/\/najnaj.eu\/fr\/proizvod\/vrecice-za-pelene-magic-bags\/\" \/>\n<meta property=\"og:site_name\" content=\"NajNaj.eu\" \/>\n<meta property=\"article:publisher\" content=\"https:\/\/web.facebook.com\/najnaj.eu\/\" \/>\n<meta property=\"article:modified_time\" content=\"2026-04-13T12:47:45+00:00\" \/>\n<meta property=\"og:image\" content=\"https:\/\/najnaj.eu\/wp-content\/uploads\/2023\/08\/MCC_bag_pack.jpg\" \/>\n\t<meta property=\"og:image:width\" content=\"850\" \/>\n\t<meta property=\"og:image:height\" content=\"850\" \/>\n\t<meta property=\"og:image:type\" content=\"image\/png\" \/>\n<meta name=\"twitter:card\" content=\"summary_large_image\" \/>\n<meta name=\"twitter:label1\" content=\"Prix\" \/>\n\t<meta name=\"twitter:data1\" content=\"14,95&nbsp;&euro;\" \/>\n\t<meta name=\"twitter:label2\" content=\"Disponibilit\u00e9\" \/>\n\t<meta name=\"twitter:data2\" content=\"En stock\" \/>\n<script type=\"application\/ld+json\" class=\"yoast-schema-graph\">{\"@context\":\"https:\\\/\\\/schema.org\",\"@graph\":[{\"@type\":\"WebPage\",\"@id\":\"https:\\\/\\\/najnaj.eu\\\/fr\\\/proizvod\\\/vrecice-za-pelene-magic-bags\\\/\",\"url\":\"https:\\\/\\\/najnaj.eu\\\/fr\\\/proizvod\\\/vrecice-za-pelene-magic-bags\\\/\",\"name\":\"Vre\u0107ice za pelene Magic Bags - NajNaj.eu\",\"isPartOf\":{\"@id\":\"https:\\\/\\\/najnaj.eu\\\/fr\\\/#website\"},\"primaryImageOfPage\":{\"@id\":\"https:\\\/\\\/najnaj.eu\\\/fr\\\/proizvod\\\/vrecice-za-pelene-magic-bags\\\/#primaryimage\"},\"image\":{\"@id\":\"https:\\\/\\\/najnaj.eu\\\/fr\\\/proizvod\\\/vrecice-za-pelene-magic-bags\\\/#primaryimage\"},\"thumbnailUrl\":\"https:\\\/\\\/najnaj.eu\\\/wp-content\\\/uploads\\\/2023\\\/08\\\/MCC_bag_pack.jpg\",\"datePublished\":\"2023-09-21T06:04:19+00:00\",\"dateModified\":\"2026-04-13T12:47:45+00:00\",\"breadcrumb\":{\"@id\":\"https:\\\/\\\/najnaj.eu\\\/fr\\\/proizvod\\\/vrecice-za-pelene-magic-bags\\\/#breadcrumb\"},\"inLanguage\":\"fr-FR\",\"potentialAction\":[{\"@type\":\"ReadAction\",\"target\":[\"https:\\\/\\\/najnaj.eu\\\/fr\\\/proizvod\\\/vrecice-za-pelene-magic-bags\\\/\"]}]},{\"@type\":\"ImageObject\",\"inLanguage\":\"fr-FR\",\"@id\":\"https:\\\/\\\/najnaj.eu\\\/fr\\\/proizvod\\\/vrecice-za-pelene-magic-bags\\\/#primaryimage\",\"url\":\"https:\\\/\\\/najnaj.eu\\\/wp-content\\\/uploads\\\/2023\\\/08\\\/MCC_bag_pack.jpg\",\"contentUrl\":\"https:\\\/\\\/najnaj.eu\\\/wp-content\\\/uploads\\\/2023\\\/08\\\/MCC_bag_pack.jpg\",\"width\":850,\"height\":850},{\"@type\":\"BreadcrumbList\",\"@id\":\"https:\\\/\\\/najnaj.eu\\\/fr\\\/proizvod\\\/vrecice-za-pelene-magic-bags\\\/#breadcrumb\",\"itemListElement\":[{\"@type\":\"ListItem\",\"position\":1,\"name\":\"Po\u010detna stranica\",\"item\":\"https:\\\/\\\/najnaj.eu\\\/fr\\\/\"},{\"@type\":\"ListItem\",\"position\":2,\"name\":\"Trgovina\",\"item\":\"https:\\\/\\\/najnaj.hr\\\/trgovina\\\/\"},{\"@type\":\"ListItem\",\"position\":3,\"name\":\"Vre\u0107ice za pelene Magic Bags\"}]},{\"@type\":\"WebSite\",\"@id\":\"https:\\\/\\\/najnaj.eu\\\/fr\\\/#website\",\"url\":\"https:\\\/\\\/najnaj.eu\\\/fr\\\/\",\"name\":\"NajNaj.eu\",\"description\":\"Za najva\u017enije!\",\"potentialAction\":[{\"@type\":\"SearchAction\",\"target\":{\"@type\":\"EntryPoint\",\"urlTemplate\":\"https:\\\/\\\/najnaj.eu\\\/fr\\\/?s={search_term_string}\"},\"query-input\":{\"@type\":\"PropertyValueSpecification\",\"valueRequired\":true,\"valueName\":\"search_term_string\"}}],\"inLanguage\":\"fr-FR\"}]}<\/script>\n<meta property=\"product:brand\" content=\"Magic\" \/>\n<meta property=\"product:price:amount\" content=\"14.95\" \/>\n<meta property=\"product:price:currency\" content=\"EUR\" \/>\n<meta property=\"og:availability\" content=\"instock\" \/>\n<meta property=\"product:availability\" content=\"instock\" \/>\n<meta property=\"product:retailer_item_id\" content=\"1111003101\" \/>\n<meta property=\"product:condition\" content=\"new\" \/>\n<!-- \/ Yoast SEO Premium plugin. -->","yoast_head_json":{"title":"Vre\u0107ice za pelene Magic Bags - NajNaj.eu","robots":{"index":"index","follow":"follow","max-snippet":"max-snippet:-1","max-image-preview":"max-image-preview:large","max-video-preview":"max-video-preview:-1"},"canonical":"https:\/\/najnaj.eu\/fr\/proizvod\/vrecice-za-pelene-magic-bags\/","og_locale":"fr_FR","og_type":"article","og_title":"Vre\u0107ice za pelene Magic Bags","og_description":"Paket od 45 vre\u0107ica  Magic vre\u0107ice su \u010dvrste vre\u0107ice koje ne propu\u0161taju teku\u0107inu i zadr\u017eavaju miris najmanje 2 tjedna. Ove vre\u0107ice najbolje odgovaraju dimenzijama Magic Majestic kante za pelene. Pakiranje uklju\u010duje 45 Magic vre\u0107ica.  Naravno, za kori\u0161tenje Magic Majestic kante za pelene mogu se koristit uobi\u010dajene vre\u0107ice za sme\u0107e.","og_url":"https:\/\/najnaj.eu\/fr\/proizvod\/vrecice-za-pelene-magic-bags\/","og_site_name":"NajNaj.eu","article_publisher":"https:\/\/web.facebook.com\/najnaj.eu\/","article_modified_time":"2026-04-13T12:47:45+00:00","og_image":[{"width":850,"height":850,"url":"https:\/\/najnaj.eu\/wp-content\/uploads\/2023\/08\/MCC_bag_pack.jpg","type":"image\/png"}],"twitter_card":"summary_large_image","twitter_misc":{"Prix":"14,95&nbsp;&euro;","Disponibilit\u00e9":"En stock"},"schema":{"@context":"https:\/\/schema.org","@graph":[{"@type":"WebPage","@id":"https:\/\/najnaj.eu\/fr\/proizvod\/vrecice-za-pelene-magic-bags\/","url":"https:\/\/najnaj.eu\/fr\/proizvod\/vrecice-za-pelene-magic-bags\/","name":"Vre\u0107ice za pelene Magic Bags - NajNaj.eu","isPartOf":{"@id":"https:\/\/najnaj.eu\/fr\/#website"},"primaryImageOfPage":{"@id":"https:\/\/najnaj.eu\/fr\/proizvod\/vrecice-za-pelene-magic-bags\/#primaryimage"},"image":{"@id":"https:\/\/najnaj.eu\/fr\/proizvod\/vrecice-za-pelene-magic-bags\/#primaryimage"},"thumbnailUrl":"https:\/\/najnaj.eu\/wp-content\/uploads\/2023\/08\/MCC_bag_pack.jpg","datePublished":"2023-09-21T06:04:19+00:00","dateModified":"2026-04-13T12:47:45+00:00","breadcrumb":{"@id":"https:\/\/najnaj.eu\/fr\/proizvod\/vrecice-za-pelene-magic-bags\/#breadcrumb"},"inLanguage":"fr-FR","potentialAction":[{"@type":"ReadAction","target":["https:\/\/najnaj.eu\/fr\/proizvod\/vrecice-za-pelene-magic-bags\/"]}]},{"@type":"ImageObject","inLanguage":"fr-FR","@id":"https:\/\/najnaj.eu\/fr\/proizvod\/vrecice-za-pelene-magic-bags\/#primaryimage","url":"https:\/\/najnaj.eu\/wp-content\/uploads\/2023\/08\/MCC_bag_pack.jpg","contentUrl":"https:\/\/najnaj.eu\/wp-content\/uploads\/2023\/08\/MCC_bag_pack.jpg","width":850,"height":850},{"@type":"BreadcrumbList","@id":"https:\/\/najnaj.eu\/fr\/proizvod\/vrecice-za-pelene-magic-bags\/#breadcrumb","itemListElement":[{"@type":"ListItem","position":1,"name":"Po\u010detna stranica","item":"https:\/\/najnaj.eu\/fr\/"},{"@type":"ListItem","position":2,"name":"Trgovina","item":"https:\/\/najnaj.hr\/trgovina\/"},{"@type":"ListItem","position":3,"name":"Vre\u0107ice za pelene Magic Bags"}]},{"@type":"WebSite","@id":"https:\/\/najnaj.eu\/fr\/#website","url":"https:\/\/najnaj.eu\/fr\/","name":"NajNaj.eu","description":"Za najva\u017enije!","potentialAction":[{"@type":"SearchAction","target":{"@type":"EntryPoint","urlTemplate":"https:\/\/najnaj.eu\/fr\/?s={search_term_string}"},"query-input":{"@type":"PropertyValueSpecification","valueRequired":true,"valueName":"search_term_string"}}],"inLanguage":"fr-FR"}]},"product_brand":"Magic","product_price_amount":"14.95","product_price_currency":"EUR","og_availability":"instock","product_availability":"instock","product_retailer_item_id":"1111003101","product_condition":"new"},"_links":{"self":[{"href":"https:\/\/najnaj.eu\/fr\/wp-json\/wp\/v2\/product\/150841","targetHints":{"allow":["GET"]}}],"collection":[{"href":"https:\/\/najnaj.eu\/fr\/wp-json\/wp\/v2\/product"}],"about":[{"href":"https:\/\/najnaj.eu\/fr\/wp-json\/wp\/v2\/types\/product"}],"replies":[{"embeddable":true,"href":"https:\/\/najnaj.eu\/fr\/wp-json\/wp\/v2\/comments?post=150841"}],"version-history":[{"count":0,"href":"https:\/\/najnaj.eu\/fr\/wp-json\/wp\/v2\/product\/150841\/revisions"}],"wp:featuredmedia":[{"embeddable":true,"href":"https:\/\/najnaj.eu\/fr\/wp-json\/wp\/v2\/media\/134254"}],"wp:attachment":[{"href":"https:\/\/najnaj.eu\/fr\/wp-json\/wp\/v2\/media?parent=150841"}],"wp:term":[{"taxonomy":"product_brand","embeddable":true,"href":"https:\/\/najnaj.eu\/fr\/wp-json\/wp\/v2\/product_brand?post=150841"},{"taxonomy":"product_cat","embeddable":true,"href":"https:\/\/najnaj.eu\/fr\/wp-json\/wp\/v2\/product_cat?post=150841"},{"taxonomy":"product_tag","embeddable":true,"href":"https:\/\/najnaj.eu\/fr\/wp-json\/wp\/v2\/product_tag?post=150841"}],"curies":[{"name":"wp","href":"https:\/\/api.w.org\/{rel}","templated":true}]}}