{"id":150827,"date":"2023-06-13T08:43:58","date_gmt":"2023-06-13T06:43:58","guid":{"rendered":"https:\/\/najnaj.hr\/proizvod\/carriwell-original-kupaci-kostim-za-trudnice\/"},"modified":"2026-03-27T10:51:09","modified_gmt":"2026-03-27T09:51:09","slug":"carriwell-original-kupaci-kostim-za-trudnice","status":"publish","type":"product","link":"https:\/\/najnaj.eu\/fr\/proizvod\/carriwell-original-kupaci-kostim-za-trudnice\/","title":{"rendered":"Carriwell Original kupa\u0107i kostim za trudnice"},"content":{"rendered":"<p>Predstavljamo Carriwell Original Maternity Swimsuit, ovaj kupa\u0107i kostim je razvijen kako bi vam pru\u017eio podr\u0161ku tijekom cijele trudno\u0107e. Bilo da ste na bazenu ili na pla\u017ei, do\u017eivjet \u0107ete udobnost i potporu koja vam treba.<\/p>\n<p>Kupa\u0107i kostim dizajniran je imaju\u0107i na umu va\u0161u udobnost. Ima dvoslojnu konstrukciju od tkanine koja pru\u017ea potporu va\u0161em rastu\u0107em trbuhu i donjem dijelu le\u0111a. Zbog toga se mo\u017eete osje\u0107ati sigurno i ugodno dok u\u017eivate u vodenim aktivnostima tijekom trudno\u0107e.<\/p>\n<p>Jedna od posebnosti ovog kupa\u0107eg kostima su ko\u0161arice za grudi. Ove ko\u0161arice pru\u017eaju dodatni oblik i potporu va\u0161im grudima, omogu\u0107uju\u0107i vam da se osje\u0107ate udobno i samouvjereno dok nosite kupa\u0107i kostim. Lako se skidaju jastu\u010di\u0107i ako radije nosite kupa\u0107i kostim bez njih.<\/p>\n<p>Dizajn kupa\u0107eg kostima tako\u0111er je jedinstven i fleksibilan. Stvoren je da raste s oblikom va\u0161eg tijela tijekom trudno\u0107e, \u0161to vam omogu\u0107uje da ga koristite tijekom svih mjeseci. Kupa\u0107i kostim ima \u0161ire otvore za noge, koji pove\u0107avaju udobnost va\u0161e osjetljive ko\u017ee i pru\u017eaju vam ve\u0107u slobodu kretanja u vodi. \u0160ire naramenice nude dodatnu potporu va\u0161im rastu\u0107im grudima, osiguravaju\u0107i da se osje\u0107ate dobro poduprto i udobno tijekom cijelog dana.<\/p>\n<p>Carriwell&rsquo;s Original Maternity kupa\u0107i kostim izra\u0111en je s fokusom na kvalitetu i izdr\u017eljivost. Izra\u0111en je od visokokvalitetnih materijala dizajniranih da izdr\u017ee izazove koje vodene aktivnosti mogu predstavljati. Mo\u017eete biti sigurni da \u0107e vas ovaj kupa\u0107i kostim pratiti tijekom cijele trudno\u0107e.<\/p>\n<p>Uz Carriwell Original Maternity kupa\u0107i kostim mo\u017eete se osje\u0107ati samopouzdano i udobno bilo da plivate u bazenu ili u\u017eivate u opu\u0161tanju na pla\u017ei. Ovaj kupa\u0107i kostim va\u0161 je pouzdan partner koji vas podr\u017eava u svim va\u0161im vodenim avanturama tijekom trudno\u0107e.<\/p>\n","protected":false},"excerpt":{"rendered":"<p>Najudobniji Carriwell kupa\u0107i kostim ikad!<\/p>\n<p>Carriwell Original kupa\u0107i kostim za trudnice razvijen je kako bi pru\u017eao podr\u0161ku tijekom cijele trudno\u0107e. Bilo da ste u bazenu ili na pla\u017ei, osjetit \u0107ete udobnost i podr\u0161ku koju vam pru\u017ea.<\/p>\n","protected":false},"featured_media":299305,"comment_status":"open","ping_status":"closed","template":"","meta":{"_acf_changed":false,"footnotes":""},"product_brand":[],"product_cat":[546,591,562,675],"product_tag":[2104],"class_list":{"0":"post-150827","1":"product","2":"type-product","3":"status-publish","4":"has-post-thumbnail","6":"product_cat-dojenje","7":"product_cat-kupaci-kostimi-za-dojenje","8":"product_cat-za-mamu","9":"product_cat-za-trudnice","10":"product_tag-mum-to-be","11":"pa_boja-crna","12":"pa_brand-carriwell","14":"first","15":"instock","16":"sale","17":"purchasable","18":"product-type-variable"},"bundled_by":[],"bundle_stock_status":"instock","bundle_stock_quantity":1,"bundle_virtual":false,"bundle_layout":"","bundle_add_to_cart_form_location":"","bundle_editable_in_cart":false,"bundle_sold_individually_context":"","bundle_item_grouping":"","bundle_min_size":"","bundle_max_size":"","bundle_price":[],"bundled_items":[],"bundle_sell_ids":[],"acf":[],"yoast_head":"<!-- This site is optimized with the Yoast SEO Premium plugin v21.5 (Yoast SEO v27.4) - https:\/\/yoast.com\/product\/yoast-seo-premium-wordpress\/ -->\n<title>Carriwell Original kupa\u0107i kostim za trudnice - NajNaj.eu<\/title>\n<meta name=\"robots\" content=\"index, follow, max-snippet:-1, max-image-preview:large, max-video-preview:-1\" \/>\n<link rel=\"canonical\" href=\"https:\/\/najnaj.eu\/fr\/proizvod\/carriwell-original-kupaci-kostim-za-trudnice\/\" \/>\n<meta property=\"og:locale\" content=\"fr_FR\" \/>\n<meta property=\"og:type\" content=\"article\" \/>\n<meta property=\"og:title\" content=\"Carriwell Original kupa\u0107i kostim za trudnice\" \/>\n<meta property=\"og:description\" content=\"Najudobniji Carriwell kupa\u0107i kostim ikad!  Carriwell Original kupa\u0107i kostim za trudnice razvijen je kako bi pru\u017eao podr\u0161ku tijekom cijele trudno\u0107e. Bilo da ste u bazenu ili na pla\u017ei, osjetit \u0107ete udobnost i podr\u0161ku koju vam pru\u017ea.\" \/>\n<meta property=\"og:url\" content=\"https:\/\/najnaj.eu\/fr\/proizvod\/carriwell-original-kupaci-kostim-za-trudnice\/\" \/>\n<meta property=\"og:site_name\" content=\"NajNaj.eu\" \/>\n<meta property=\"article:publisher\" content=\"https:\/\/web.facebook.com\/najnaj.eu\/\" \/>\n<meta property=\"article:modified_time\" content=\"2026-03-27T09:51:09+00:00\" \/>\n<meta property=\"og:image\" content=\"https:\/\/najnaj.eu\/wp-content\/uploads\/2023\/06\/4800_Original-Maternity-Swimsuit_Web_v01.jpg\" \/>\n\t<meta property=\"og:image:width\" content=\"1000\" \/>\n\t<meta property=\"og:image:height\" content=\"1250\" \/>\n\t<meta property=\"og:image:type\" content=\"image\/jpeg\" \/>\n<meta name=\"twitter:card\" content=\"summary_large_image\" \/>\n<meta name=\"twitter:label1\" content=\"Disponibilit\u00e9\" \/>\n\t<meta name=\"twitter:data1\" content=\"En stock\" \/>\n<script type=\"application\/ld+json\" class=\"yoast-schema-graph\">{\"@context\":\"https:\\\/\\\/schema.org\",\"@graph\":[{\"@type\":\"WebPage\",\"@id\":\"https:\\\/\\\/najnaj.eu\\\/fr\\\/proizvod\\\/carriwell-original-kupaci-kostim-za-trudnice\\\/\",\"url\":\"https:\\\/\\\/najnaj.eu\\\/fr\\\/proizvod\\\/carriwell-original-kupaci-kostim-za-trudnice\\\/\",\"name\":\"Carriwell Original kupa\u0107i kostim za trudnice - NajNaj.eu\",\"isPartOf\":{\"@id\":\"https:\\\/\\\/najnaj.eu\\\/fr\\\/#website\"},\"primaryImageOfPage\":{\"@id\":\"https:\\\/\\\/najnaj.eu\\\/fr\\\/proizvod\\\/carriwell-original-kupaci-kostim-za-trudnice\\\/#primaryimage\"},\"image\":{\"@id\":\"https:\\\/\\\/najnaj.eu\\\/fr\\\/proizvod\\\/carriwell-original-kupaci-kostim-za-trudnice\\\/#primaryimage\"},\"thumbnailUrl\":\"https:\\\/\\\/najnaj.eu\\\/wp-content\\\/uploads\\\/2023\\\/06\\\/4800_Original-Maternity-Swimsuit_Web_v01.jpg\",\"datePublished\":\"2023-06-13T06:43:58+00:00\",\"dateModified\":\"2026-03-27T09:51:09+00:00\",\"breadcrumb\":{\"@id\":\"https:\\\/\\\/najnaj.eu\\\/fr\\\/proizvod\\\/carriwell-original-kupaci-kostim-za-trudnice\\\/#breadcrumb\"},\"inLanguage\":\"fr-FR\",\"potentialAction\":[{\"@type\":\"ReadAction\",\"target\":[\"https:\\\/\\\/najnaj.eu\\\/fr\\\/proizvod\\\/carriwell-original-kupaci-kostim-za-trudnice\\\/\"]}]},{\"@type\":\"ImageObject\",\"inLanguage\":\"fr-FR\",\"@id\":\"https:\\\/\\\/najnaj.eu\\\/fr\\\/proizvod\\\/carriwell-original-kupaci-kostim-za-trudnice\\\/#primaryimage\",\"url\":\"https:\\\/\\\/najnaj.eu\\\/wp-content\\\/uploads\\\/2023\\\/06\\\/4800_Original-Maternity-Swimsuit_Web_v01.jpg\",\"contentUrl\":\"https:\\\/\\\/najnaj.eu\\\/wp-content\\\/uploads\\\/2023\\\/06\\\/4800_Original-Maternity-Swimsuit_Web_v01.jpg\",\"width\":1000,\"height\":1250},{\"@type\":\"BreadcrumbList\",\"@id\":\"https:\\\/\\\/najnaj.eu\\\/fr\\\/proizvod\\\/carriwell-original-kupaci-kostim-za-trudnice\\\/#breadcrumb\",\"itemListElement\":[{\"@type\":\"ListItem\",\"position\":1,\"name\":\"Po\u010detna stranica\",\"item\":\"https:\\\/\\\/najnaj.eu\\\/fr\\\/\"},{\"@type\":\"ListItem\",\"position\":2,\"name\":\"Trgovina\",\"item\":\"https:\\\/\\\/najnaj.hr\\\/trgovina\\\/\"},{\"@type\":\"ListItem\",\"position\":3,\"name\":\"Carriwell Original kupa\u0107i kostim za trudnice\"}]},{\"@type\":\"WebSite\",\"@id\":\"https:\\\/\\\/najnaj.eu\\\/fr\\\/#website\",\"url\":\"https:\\\/\\\/najnaj.eu\\\/fr\\\/\",\"name\":\"NajNaj.eu\",\"description\":\"Za najva\u017enije!\",\"potentialAction\":[{\"@type\":\"SearchAction\",\"target\":{\"@type\":\"EntryPoint\",\"urlTemplate\":\"https:\\\/\\\/najnaj.eu\\\/fr\\\/?s={search_term_string}\"},\"query-input\":{\"@type\":\"PropertyValueSpecification\",\"valueRequired\":true,\"valueName\":\"search_term_string\"}}],\"inLanguage\":\"fr-FR\"}]}<\/script>\n<meta property=\"product:brand\" content=\"Carriwell\" \/>\n<meta property=\"og:availability\" content=\"instock\" \/>\n<meta property=\"product:availability\" content=\"instock\" \/>\n<meta property=\"product:retailer_item_id\" content=\"CW4800N\" \/>\n<meta property=\"product:condition\" content=\"new\" \/>\n<!-- \/ Yoast SEO Premium plugin. -->","yoast_head_json":{"title":"Carriwell Original kupa\u0107i kostim za trudnice - NajNaj.eu","robots":{"index":"index","follow":"follow","max-snippet":"max-snippet:-1","max-image-preview":"max-image-preview:large","max-video-preview":"max-video-preview:-1"},"canonical":"https:\/\/najnaj.eu\/fr\/proizvod\/carriwell-original-kupaci-kostim-za-trudnice\/","og_locale":"fr_FR","og_type":"article","og_title":"Carriwell Original kupa\u0107i kostim za trudnice","og_description":"Najudobniji Carriwell kupa\u0107i kostim ikad!  Carriwell Original kupa\u0107i kostim za trudnice razvijen je kako bi pru\u017eao podr\u0161ku tijekom cijele trudno\u0107e. Bilo da ste u bazenu ili na pla\u017ei, osjetit \u0107ete udobnost i podr\u0161ku koju vam pru\u017ea.","og_url":"https:\/\/najnaj.eu\/fr\/proizvod\/carriwell-original-kupaci-kostim-za-trudnice\/","og_site_name":"NajNaj.eu","article_publisher":"https:\/\/web.facebook.com\/najnaj.eu\/","article_modified_time":"2026-03-27T09:51:09+00:00","og_image":[{"width":1000,"height":1250,"url":"https:\/\/najnaj.eu\/wp-content\/uploads\/2023\/06\/4800_Original-Maternity-Swimsuit_Web_v01.jpg","type":"image\/jpeg"}],"twitter_card":"summary_large_image","twitter_misc":{"Disponibilit\u00e9":"En stock"},"schema":{"@context":"https:\/\/schema.org","@graph":[{"@type":"WebPage","@id":"https:\/\/najnaj.eu\/fr\/proizvod\/carriwell-original-kupaci-kostim-za-trudnice\/","url":"https:\/\/najnaj.eu\/fr\/proizvod\/carriwell-original-kupaci-kostim-za-trudnice\/","name":"Carriwell Original kupa\u0107i kostim za trudnice - NajNaj.eu","isPartOf":{"@id":"https:\/\/najnaj.eu\/fr\/#website"},"primaryImageOfPage":{"@id":"https:\/\/najnaj.eu\/fr\/proizvod\/carriwell-original-kupaci-kostim-za-trudnice\/#primaryimage"},"image":{"@id":"https:\/\/najnaj.eu\/fr\/proizvod\/carriwell-original-kupaci-kostim-za-trudnice\/#primaryimage"},"thumbnailUrl":"https:\/\/najnaj.eu\/wp-content\/uploads\/2023\/06\/4800_Original-Maternity-Swimsuit_Web_v01.jpg","datePublished":"2023-06-13T06:43:58+00:00","dateModified":"2026-03-27T09:51:09+00:00","breadcrumb":{"@id":"https:\/\/najnaj.eu\/fr\/proizvod\/carriwell-original-kupaci-kostim-za-trudnice\/#breadcrumb"},"inLanguage":"fr-FR","potentialAction":[{"@type":"ReadAction","target":["https:\/\/najnaj.eu\/fr\/proizvod\/carriwell-original-kupaci-kostim-za-trudnice\/"]}]},{"@type":"ImageObject","inLanguage":"fr-FR","@id":"https:\/\/najnaj.eu\/fr\/proizvod\/carriwell-original-kupaci-kostim-za-trudnice\/#primaryimage","url":"https:\/\/najnaj.eu\/wp-content\/uploads\/2023\/06\/4800_Original-Maternity-Swimsuit_Web_v01.jpg","contentUrl":"https:\/\/najnaj.eu\/wp-content\/uploads\/2023\/06\/4800_Original-Maternity-Swimsuit_Web_v01.jpg","width":1000,"height":1250},{"@type":"BreadcrumbList","@id":"https:\/\/najnaj.eu\/fr\/proizvod\/carriwell-original-kupaci-kostim-za-trudnice\/#breadcrumb","itemListElement":[{"@type":"ListItem","position":1,"name":"Po\u010detna stranica","item":"https:\/\/najnaj.eu\/fr\/"},{"@type":"ListItem","position":2,"name":"Trgovina","item":"https:\/\/najnaj.hr\/trgovina\/"},{"@type":"ListItem","position":3,"name":"Carriwell Original kupa\u0107i kostim za trudnice"}]},{"@type":"WebSite","@id":"https:\/\/najnaj.eu\/fr\/#website","url":"https:\/\/najnaj.eu\/fr\/","name":"NajNaj.eu","description":"Za najva\u017enije!","potentialAction":[{"@type":"SearchAction","target":{"@type":"EntryPoint","urlTemplate":"https:\/\/najnaj.eu\/fr\/?s={search_term_string}"},"query-input":{"@type":"PropertyValueSpecification","valueRequired":true,"valueName":"search_term_string"}}],"inLanguage":"fr-FR"}]},"product_brand":"Carriwell","og_availability":"instock","product_availability":"instock","product_retailer_item_id":"CW4800N","product_condition":"new"},"_links":{"self":[{"href":"https:\/\/najnaj.eu\/fr\/wp-json\/wp\/v2\/product\/150827","targetHints":{"allow":["GET"]}}],"collection":[{"href":"https:\/\/najnaj.eu\/fr\/wp-json\/wp\/v2\/product"}],"about":[{"href":"https:\/\/najnaj.eu\/fr\/wp-json\/wp\/v2\/types\/product"}],"replies":[{"embeddable":true,"href":"https:\/\/najnaj.eu\/fr\/wp-json\/wp\/v2\/comments?post=150827"}],"version-history":[{"count":0,"href":"https:\/\/najnaj.eu\/fr\/wp-json\/wp\/v2\/product\/150827\/revisions"}],"wp:featuredmedia":[{"embeddable":true,"href":"https:\/\/najnaj.eu\/fr\/wp-json\/wp\/v2\/media\/299305"}],"wp:attachment":[{"href":"https:\/\/najnaj.eu\/fr\/wp-json\/wp\/v2\/media?parent=150827"}],"wp:term":[{"taxonomy":"product_brand","embeddable":true,"href":"https:\/\/najnaj.eu\/fr\/wp-json\/wp\/v2\/product_brand?post=150827"},{"taxonomy":"product_cat","embeddable":true,"href":"https:\/\/najnaj.eu\/fr\/wp-json\/wp\/v2\/product_cat?post=150827"},{"taxonomy":"product_tag","embeddable":true,"href":"https:\/\/najnaj.eu\/fr\/wp-json\/wp\/v2\/product_tag?post=150827"}],"curies":[{"name":"wp","href":"https:\/\/api.w.org\/{rel}","templated":true}]}}