{"id":150825,"date":"2024-12-03T13:24:08","date_gmt":"2024-12-03T12:24:08","guid":{"rendered":"https:\/\/najnaj.hr\/proizvod\/modu-curiosity-set-ocean-mint-forest-green\/"},"modified":"2026-02-04T16:02:58","modified_gmt":"2026-02-04T15:02:58","slug":"modu-curiosity-set-ocean-mint-forest-green","status":"publish","type":"product","link":"https:\/\/najnaj.eu\/fr\/proizvod\/modu-curiosity-set-ocean-mint-forest-green\/","title":{"rendered":"MODU Curiosity set, Ocean Mint\/Forest Green"},"content":{"rendered":"<p>Curiosity set idealan je uvod u MODU svijet i odli\u010dan po\u010detak za mali\u0161ane. Sadr\u017eaj ovog startnog kompleta pripoma\u017ee razvoju osnovnih motori\u010dkih sposobnosti va\u0161eg djeteta. Dijete i vi izra\u0111ivat \u0107ete kreacije u stvarnoj veli\u010dini s kojima \u0107e va\u0161e dijete nau\u010diti kako dr\u017eati ravnote\u017eu, ljuljati se, skakati, voziti se i jo\u0161 mnogo toga. Ovaj set je tako\u0111er vi\u0161enamjenska igra\u010dka koja \u0161tedi prostor i savr\u0161eno se uklapa u svaki kutak za igru. Za beskrajnu zabavu set mo\u017eete prilagoditi i pro\u0161iriti drugim setovima iz kolekcije kako va\u0161e dijete\u00a0raste\u00a0i\u00a0u\u010di!<\/p>\n","protected":false},"excerpt":{"rendered":"<p>* Set za izradu kreacija za ravnote\u017eu, klackanje ili vo\u017enju<br \/>\n* U\u010denje osnovnih motori\u010dkih vje\u0161tina<br \/>\n* Idealan uvod u MODU svijet<br \/>\n* Djelomi\u010dno izra\u0111en od recikliranog oceanskog otpada (15% reciklirane oceanske plastike<\/p>\n","protected":false},"featured_media":232067,"comment_status":"open","ping_status":"closed","template":"","meta":{"_acf_changed":false,"footnotes":""},"product_brand":[],"product_cat":[742,743,2382],"product_tag":[],"class_list":{"0":"post-150825","1":"product","2":"type-product","3":"status-publish","4":"has-post-thumbnail","6":"product_cat-igracke","7":"product_cat-kocke-za-aktivnu-igru","8":"product_cat-cadeaux","9":"pa_boja-zelena","10":"pa_brand-modu","12":"first","13":"instock","14":"purchasable","15":"product-type-simple"},"bundled_by":[],"bundle_stock_status":"instock","bundle_stock_quantity":15,"bundle_virtual":false,"bundle_layout":"","bundle_add_to_cart_form_location":"","bundle_editable_in_cart":false,"bundle_sold_individually_context":"","bundle_item_grouping":"","bundle_min_size":"","bundle_max_size":"","bundle_price":[],"bundled_items":[],"bundle_sell_ids":[],"acf":[],"yoast_head":"<!-- This site is optimized with the Yoast SEO Premium plugin v21.5 (Yoast SEO v27.4) - https:\/\/yoast.com\/product\/yoast-seo-premium-wordpress\/ -->\n<title>MODU Curiosity set, Ocean Mint\/Forest Green - NajNaj.eu<\/title>\n<meta name=\"robots\" content=\"index, follow, max-snippet:-1, max-image-preview:large, max-video-preview:-1\" \/>\n<link rel=\"canonical\" href=\"https:\/\/najnaj.eu\/fr\/proizvod\/modu-curiosity-set-ocean-mint-forest-green\/\" \/>\n<meta property=\"og:locale\" content=\"fr_FR\" \/>\n<meta property=\"og:type\" content=\"article\" \/>\n<meta property=\"og:title\" content=\"MODU Curiosity set, Ocean Mint\/Forest Green\" \/>\n<meta property=\"og:description\" content=\"* Set za izradu kreacija za ravnote\u017eu, klackanje ili vo\u017enju * U\u010denje osnovnih motori\u010dkih vje\u0161tina * Idealan uvod u MODU svijet * Djelomi\u010dno izra\u0111en od recikliranog oceanskog otpada (15% reciklirane oceanske plastike\" \/>\n<meta property=\"og:url\" content=\"https:\/\/najnaj.eu\/fr\/proizvod\/modu-curiosity-set-ocean-mint-forest-green\/\" \/>\n<meta property=\"og:site_name\" content=\"NajNaj.eu\" \/>\n<meta property=\"article:publisher\" content=\"https:\/\/web.facebook.com\/najnaj.eu\/\" \/>\n<meta property=\"article:modified_time\" content=\"2026-02-04T15:02:58+00:00\" \/>\n<meta property=\"og:image\" content=\"https:\/\/najnaj.eu\/wp-content\/uploads\/2023\/06\/Curiosity-Set-Ocean-Mint_Forest-Green-slide-2_no_shadow.jpg\" \/>\n\t<meta property=\"og:image:width\" content=\"1920\" \/>\n\t<meta property=\"og:image:height\" content=\"2400\" \/>\n\t<meta property=\"og:image:type\" content=\"image\/jpeg\" \/>\n<meta name=\"twitter:card\" content=\"summary_large_image\" \/>\n<meta name=\"twitter:label1\" content=\"Prix\" \/>\n\t<meta name=\"twitter:data1\" content=\"139,00&nbsp;&euro;\" \/>\n\t<meta name=\"twitter:label2\" content=\"Disponibilit\u00e9\" \/>\n\t<meta name=\"twitter:data2\" content=\"En stock\" \/>\n<script type=\"application\/ld+json\" class=\"yoast-schema-graph\">{\"@context\":\"https:\\\/\\\/schema.org\",\"@graph\":[{\"@type\":\"WebPage\",\"@id\":\"https:\\\/\\\/najnaj.eu\\\/fr\\\/proizvod\\\/modu-curiosity-set-ocean-mint-forest-green\\\/\",\"url\":\"https:\\\/\\\/najnaj.eu\\\/fr\\\/proizvod\\\/modu-curiosity-set-ocean-mint-forest-green\\\/\",\"name\":\"MODU Curiosity set, Ocean Mint\\\/Forest Green - NajNaj.eu\",\"isPartOf\":{\"@id\":\"https:\\\/\\\/najnaj.eu\\\/fr\\\/#website\"},\"primaryImageOfPage\":{\"@id\":\"https:\\\/\\\/najnaj.eu\\\/fr\\\/proizvod\\\/modu-curiosity-set-ocean-mint-forest-green\\\/#primaryimage\"},\"image\":{\"@id\":\"https:\\\/\\\/najnaj.eu\\\/fr\\\/proizvod\\\/modu-curiosity-set-ocean-mint-forest-green\\\/#primaryimage\"},\"thumbnailUrl\":\"https:\\\/\\\/najnaj.eu\\\/wp-content\\\/uploads\\\/2023\\\/06\\\/Curiosity-Set-Ocean-Mint_Forest-Green-slide-2_no_shadow.jpg\",\"datePublished\":\"2024-12-03T12:24:08+00:00\",\"dateModified\":\"2026-02-04T15:02:58+00:00\",\"breadcrumb\":{\"@id\":\"https:\\\/\\\/najnaj.eu\\\/fr\\\/proizvod\\\/modu-curiosity-set-ocean-mint-forest-green\\\/#breadcrumb\"},\"inLanguage\":\"fr-FR\",\"potentialAction\":[{\"@type\":\"ReadAction\",\"target\":[\"https:\\\/\\\/najnaj.eu\\\/fr\\\/proizvod\\\/modu-curiosity-set-ocean-mint-forest-green\\\/\"]}]},{\"@type\":\"ImageObject\",\"inLanguage\":\"fr-FR\",\"@id\":\"https:\\\/\\\/najnaj.eu\\\/fr\\\/proizvod\\\/modu-curiosity-set-ocean-mint-forest-green\\\/#primaryimage\",\"url\":\"https:\\\/\\\/najnaj.eu\\\/wp-content\\\/uploads\\\/2023\\\/06\\\/Curiosity-Set-Ocean-Mint_Forest-Green-slide-2_no_shadow.jpg\",\"contentUrl\":\"https:\\\/\\\/najnaj.eu\\\/wp-content\\\/uploads\\\/2023\\\/06\\\/Curiosity-Set-Ocean-Mint_Forest-Green-slide-2_no_shadow.jpg\",\"width\":1920,\"height\":2400},{\"@type\":\"BreadcrumbList\",\"@id\":\"https:\\\/\\\/najnaj.eu\\\/fr\\\/proizvod\\\/modu-curiosity-set-ocean-mint-forest-green\\\/#breadcrumb\",\"itemListElement\":[{\"@type\":\"ListItem\",\"position\":1,\"name\":\"Po\u010detna stranica\",\"item\":\"https:\\\/\\\/najnaj.eu\\\/fr\\\/\"},{\"@type\":\"ListItem\",\"position\":2,\"name\":\"Trgovina\",\"item\":\"https:\\\/\\\/najnaj.hr\\\/trgovina\\\/\"},{\"@type\":\"ListItem\",\"position\":3,\"name\":\"MODU Curiosity set, Ocean Mint\\\/Forest Green\"}]},{\"@type\":\"WebSite\",\"@id\":\"https:\\\/\\\/najnaj.eu\\\/fr\\\/#website\",\"url\":\"https:\\\/\\\/najnaj.eu\\\/fr\\\/\",\"name\":\"NajNaj.eu\",\"description\":\"Za najva\u017enije!\",\"potentialAction\":[{\"@type\":\"SearchAction\",\"target\":{\"@type\":\"EntryPoint\",\"urlTemplate\":\"https:\\\/\\\/najnaj.eu\\\/fr\\\/?s={search_term_string}\"},\"query-input\":{\"@type\":\"PropertyValueSpecification\",\"valueRequired\":true,\"valueName\":\"search_term_string\"}}],\"inLanguage\":\"fr-FR\"}]}<\/script>\n<meta property=\"product:brand\" content=\"Modu\" \/>\n<meta property=\"product:price:amount\" content=\"139.00\" \/>\n<meta property=\"product:price:currency\" content=\"EUR\" \/>\n<meta property=\"og:availability\" content=\"instock\" \/>\n<meta property=\"product:availability\" content=\"instock\" \/>\n<meta property=\"product:retailer_item_id\" content=\"MODU-SET-CUR-OM-GG\" \/>\n<meta property=\"product:condition\" content=\"new\" \/>\n<!-- \/ Yoast SEO Premium plugin. -->","yoast_head_json":{"title":"MODU Curiosity set, Ocean Mint\/Forest Green - NajNaj.eu","robots":{"index":"index","follow":"follow","max-snippet":"max-snippet:-1","max-image-preview":"max-image-preview:large","max-video-preview":"max-video-preview:-1"},"canonical":"https:\/\/najnaj.eu\/fr\/proizvod\/modu-curiosity-set-ocean-mint-forest-green\/","og_locale":"fr_FR","og_type":"article","og_title":"MODU Curiosity set, Ocean Mint\/Forest Green","og_description":"* Set za izradu kreacija za ravnote\u017eu, klackanje ili vo\u017enju * U\u010denje osnovnih motori\u010dkih vje\u0161tina * Idealan uvod u MODU svijet * Djelomi\u010dno izra\u0111en od recikliranog oceanskog otpada (15% reciklirane oceanske plastike","og_url":"https:\/\/najnaj.eu\/fr\/proizvod\/modu-curiosity-set-ocean-mint-forest-green\/","og_site_name":"NajNaj.eu","article_publisher":"https:\/\/web.facebook.com\/najnaj.eu\/","article_modified_time":"2026-02-04T15:02:58+00:00","og_image":[{"width":1920,"height":2400,"url":"https:\/\/najnaj.eu\/wp-content\/uploads\/2023\/06\/Curiosity-Set-Ocean-Mint_Forest-Green-slide-2_no_shadow.jpg","type":"image\/jpeg"}],"twitter_card":"summary_large_image","twitter_misc":{"Prix":"139,00&nbsp;&euro;","Disponibilit\u00e9":"En stock"},"schema":{"@context":"https:\/\/schema.org","@graph":[{"@type":"WebPage","@id":"https:\/\/najnaj.eu\/fr\/proizvod\/modu-curiosity-set-ocean-mint-forest-green\/","url":"https:\/\/najnaj.eu\/fr\/proizvod\/modu-curiosity-set-ocean-mint-forest-green\/","name":"MODU Curiosity set, Ocean Mint\/Forest Green - NajNaj.eu","isPartOf":{"@id":"https:\/\/najnaj.eu\/fr\/#website"},"primaryImageOfPage":{"@id":"https:\/\/najnaj.eu\/fr\/proizvod\/modu-curiosity-set-ocean-mint-forest-green\/#primaryimage"},"image":{"@id":"https:\/\/najnaj.eu\/fr\/proizvod\/modu-curiosity-set-ocean-mint-forest-green\/#primaryimage"},"thumbnailUrl":"https:\/\/najnaj.eu\/wp-content\/uploads\/2023\/06\/Curiosity-Set-Ocean-Mint_Forest-Green-slide-2_no_shadow.jpg","datePublished":"2024-12-03T12:24:08+00:00","dateModified":"2026-02-04T15:02:58+00:00","breadcrumb":{"@id":"https:\/\/najnaj.eu\/fr\/proizvod\/modu-curiosity-set-ocean-mint-forest-green\/#breadcrumb"},"inLanguage":"fr-FR","potentialAction":[{"@type":"ReadAction","target":["https:\/\/najnaj.eu\/fr\/proizvod\/modu-curiosity-set-ocean-mint-forest-green\/"]}]},{"@type":"ImageObject","inLanguage":"fr-FR","@id":"https:\/\/najnaj.eu\/fr\/proizvod\/modu-curiosity-set-ocean-mint-forest-green\/#primaryimage","url":"https:\/\/najnaj.eu\/wp-content\/uploads\/2023\/06\/Curiosity-Set-Ocean-Mint_Forest-Green-slide-2_no_shadow.jpg","contentUrl":"https:\/\/najnaj.eu\/wp-content\/uploads\/2023\/06\/Curiosity-Set-Ocean-Mint_Forest-Green-slide-2_no_shadow.jpg","width":1920,"height":2400},{"@type":"BreadcrumbList","@id":"https:\/\/najnaj.eu\/fr\/proizvod\/modu-curiosity-set-ocean-mint-forest-green\/#breadcrumb","itemListElement":[{"@type":"ListItem","position":1,"name":"Po\u010detna stranica","item":"https:\/\/najnaj.eu\/fr\/"},{"@type":"ListItem","position":2,"name":"Trgovina","item":"https:\/\/najnaj.hr\/trgovina\/"},{"@type":"ListItem","position":3,"name":"MODU Curiosity set, Ocean Mint\/Forest Green"}]},{"@type":"WebSite","@id":"https:\/\/najnaj.eu\/fr\/#website","url":"https:\/\/najnaj.eu\/fr\/","name":"NajNaj.eu","description":"Za najva\u017enije!","potentialAction":[{"@type":"SearchAction","target":{"@type":"EntryPoint","urlTemplate":"https:\/\/najnaj.eu\/fr\/?s={search_term_string}"},"query-input":{"@type":"PropertyValueSpecification","valueRequired":true,"valueName":"search_term_string"}}],"inLanguage":"fr-FR"}]},"product_brand":"Modu","product_price_amount":"139.00","product_price_currency":"EUR","og_availability":"instock","product_availability":"instock","product_retailer_item_id":"MODU-SET-CUR-OM-GG","product_condition":"new"},"_links":{"self":[{"href":"https:\/\/najnaj.eu\/fr\/wp-json\/wp\/v2\/product\/150825","targetHints":{"allow":["GET"]}}],"collection":[{"href":"https:\/\/najnaj.eu\/fr\/wp-json\/wp\/v2\/product"}],"about":[{"href":"https:\/\/najnaj.eu\/fr\/wp-json\/wp\/v2\/types\/product"}],"replies":[{"embeddable":true,"href":"https:\/\/najnaj.eu\/fr\/wp-json\/wp\/v2\/comments?post=150825"}],"version-history":[{"count":0,"href":"https:\/\/najnaj.eu\/fr\/wp-json\/wp\/v2\/product\/150825\/revisions"}],"wp:featuredmedia":[{"embeddable":true,"href":"https:\/\/najnaj.eu\/fr\/wp-json\/wp\/v2\/media\/232067"}],"wp:attachment":[{"href":"https:\/\/najnaj.eu\/fr\/wp-json\/wp\/v2\/media?parent=150825"}],"wp:term":[{"taxonomy":"product_brand","embeddable":true,"href":"https:\/\/najnaj.eu\/fr\/wp-json\/wp\/v2\/product_brand?post=150825"},{"taxonomy":"product_cat","embeddable":true,"href":"https:\/\/najnaj.eu\/fr\/wp-json\/wp\/v2\/product_cat?post=150825"},{"taxonomy":"product_tag","embeddable":true,"href":"https:\/\/najnaj.eu\/fr\/wp-json\/wp\/v2\/product_tag?post=150825"}],"curies":[{"name":"wp","href":"https:\/\/api.w.org\/{rel}","templated":true}]}}