{"id":150815,"date":"2024-12-01T12:59:18","date_gmt":"2024-12-01T11:59:18","guid":{"rendered":"https:\/\/najnaj.hr\/proizvod\/modu-dreamer-set-deep-blue-sky-blue\/"},"modified":"2026-02-16T12:15:24","modified_gmt":"2026-02-16T11:15:24","slug":"modu-dreamer-set-deep-blue-sky-blue","status":"publish","type":"product","link":"https:\/\/najnaj.eu\/fr\/proizvod\/modu-dreamer-set-deep-blue-sky-blue\/","title":{"rendered":"MODU Dreamer set, Deep Blue\/Sky Blue"},"content":{"rendered":"<p>Napravite vi\u0161e od 25 jedinstvenih kreacija u \u017eivotnoj veli\u010dini s najve\u0107im MODU starter kompletom &#8211; s tim kreacijama djeca se mogu voziti, ljuljati, kotrljati, skakati, penjati se i balansirati! Dreamer set savr\u0161en je za zajedni\u010dku igru mali\u0161ana ili za u\u017eivanje u beskrajnim kreativnim mogu\u0107nostima. Napravite hodalicu za svog mali\u0161ana dok se va\u0161e najstarije dijete vozi ili probudite in\u017eenjera u sebi sla\u017eu\u0107i slo\u017eene kreacije &#8211; poput kuhinje ili tobogana. Igra po\u010dinje ve\u0107 pri procesu izgradnje kreacija i nastavlja se kroz godine aktivne igre!<\/p>\n","protected":false},"excerpt":{"rendered":"<p>* Set za izradu vi\u0161e od 25 jedinstvenih kreacija<br \/>\n* Izvrstan za djecu razli\u010dite dobi<br \/>\n* Omogu\u0107uje godine aktivne i\u00a0kreativne igre<\/p>\n","protected":false},"featured_media":232144,"comment_status":"open","ping_status":"closed","template":"","meta":{"_acf_changed":false,"footnotes":""},"product_brand":[],"product_cat":[742,743,2382],"product_tag":[],"class_list":{"0":"post-150815","1":"product","2":"type-product","3":"status-publish","4":"has-post-thumbnail","6":"product_cat-igracke","7":"product_cat-kocke-za-aktivnu-igru","8":"product_cat-cadeaux","9":"pa_boja-plava","10":"pa_brand-modu","12":"first","13":"instock","14":"purchasable","15":"product-type-simple"},"bundled_by":[],"bundle_stock_status":"instock","bundle_stock_quantity":15,"bundle_virtual":false,"bundle_layout":"","bundle_add_to_cart_form_location":"","bundle_editable_in_cart":false,"bundle_sold_individually_context":"","bundle_item_grouping":"","bundle_min_size":"","bundle_max_size":"","bundle_price":[],"bundled_items":[],"bundle_sell_ids":[],"acf":[],"yoast_head":"<!-- This site is optimized with the Yoast SEO Premium plugin v21.5 (Yoast SEO v27.4) - https:\/\/yoast.com\/product\/yoast-seo-premium-wordpress\/ -->\n<title>MODU Dreamer set, Deep Blue\/Sky Blue - NajNaj.eu<\/title>\n<meta name=\"robots\" content=\"index, follow, max-snippet:-1, max-image-preview:large, max-video-preview:-1\" \/>\n<link rel=\"canonical\" href=\"https:\/\/najnaj.eu\/fr\/proizvod\/modu-dreamer-set-deep-blue-sky-blue\/\" \/>\n<meta property=\"og:locale\" content=\"fr_FR\" \/>\n<meta property=\"og:type\" content=\"article\" \/>\n<meta property=\"og:title\" content=\"MODU Dreamer set, Deep Blue\/Sky Blue\" \/>\n<meta property=\"og:description\" content=\"* Set za izradu vi\u0161e od 25 jedinstvenih kreacija * Izvrstan za djecu razli\u010dite dobi * Omogu\u0107uje godine aktivne i\u00a0kreativne igre\" \/>\n<meta property=\"og:url\" content=\"https:\/\/najnaj.eu\/fr\/proizvod\/modu-dreamer-set-deep-blue-sky-blue\/\" \/>\n<meta property=\"og:site_name\" content=\"NajNaj.eu\" \/>\n<meta property=\"article:publisher\" content=\"https:\/\/web.facebook.com\/najnaj.eu\/\" \/>\n<meta property=\"article:modified_time\" content=\"2026-02-16T11:15:24+00:00\" \/>\n<meta property=\"og:image\" content=\"https:\/\/najnaj.eu\/wp-content\/uploads\/2023\/06\/Dreamer-Set-Deep-Blue_Sky-Blue-slide-2_no_shadow.jpg\" \/>\n\t<meta property=\"og:image:width\" content=\"819\" \/>\n\t<meta property=\"og:image:height\" content=\"1024\" \/>\n\t<meta property=\"og:image:type\" content=\"image\/jpeg\" \/>\n<meta name=\"twitter:card\" content=\"summary_large_image\" \/>\n<meta name=\"twitter:label1\" content=\"Prix\" \/>\n\t<meta name=\"twitter:data1\" content=\"269,00&nbsp;&euro;\" \/>\n\t<meta name=\"twitter:label2\" content=\"Disponibilit\u00e9\" \/>\n\t<meta name=\"twitter:data2\" content=\"En stock\" \/>\n<script type=\"application\/ld+json\" class=\"yoast-schema-graph\">{\"@context\":\"https:\\\/\\\/schema.org\",\"@graph\":[{\"@type\":\"WebPage\",\"@id\":\"https:\\\/\\\/najnaj.eu\\\/fr\\\/proizvod\\\/modu-dreamer-set-deep-blue-sky-blue\\\/\",\"url\":\"https:\\\/\\\/najnaj.eu\\\/fr\\\/proizvod\\\/modu-dreamer-set-deep-blue-sky-blue\\\/\",\"name\":\"MODU Dreamer set, Deep Blue\\\/Sky Blue - NajNaj.eu\",\"isPartOf\":{\"@id\":\"https:\\\/\\\/najnaj.eu\\\/fr\\\/#website\"},\"primaryImageOfPage\":{\"@id\":\"https:\\\/\\\/najnaj.eu\\\/fr\\\/proizvod\\\/modu-dreamer-set-deep-blue-sky-blue\\\/#primaryimage\"},\"image\":{\"@id\":\"https:\\\/\\\/najnaj.eu\\\/fr\\\/proizvod\\\/modu-dreamer-set-deep-blue-sky-blue\\\/#primaryimage\"},\"thumbnailUrl\":\"https:\\\/\\\/najnaj.eu\\\/wp-content\\\/uploads\\\/2023\\\/06\\\/Dreamer-Set-Deep-Blue_Sky-Blue-slide-2_no_shadow.jpg\",\"datePublished\":\"2024-12-01T11:59:18+00:00\",\"dateModified\":\"2026-02-16T11:15:24+00:00\",\"breadcrumb\":{\"@id\":\"https:\\\/\\\/najnaj.eu\\\/fr\\\/proizvod\\\/modu-dreamer-set-deep-blue-sky-blue\\\/#breadcrumb\"},\"inLanguage\":\"fr-FR\",\"potentialAction\":[{\"@type\":\"ReadAction\",\"target\":[\"https:\\\/\\\/najnaj.eu\\\/fr\\\/proizvod\\\/modu-dreamer-set-deep-blue-sky-blue\\\/\"]}]},{\"@type\":\"ImageObject\",\"inLanguage\":\"fr-FR\",\"@id\":\"https:\\\/\\\/najnaj.eu\\\/fr\\\/proizvod\\\/modu-dreamer-set-deep-blue-sky-blue\\\/#primaryimage\",\"url\":\"https:\\\/\\\/najnaj.eu\\\/wp-content\\\/uploads\\\/2023\\\/06\\\/Dreamer-Set-Deep-Blue_Sky-Blue-slide-2_no_shadow.jpg\",\"contentUrl\":\"https:\\\/\\\/najnaj.eu\\\/wp-content\\\/uploads\\\/2023\\\/06\\\/Dreamer-Set-Deep-Blue_Sky-Blue-slide-2_no_shadow.jpg\",\"width\":7559,\"height\":9449},{\"@type\":\"BreadcrumbList\",\"@id\":\"https:\\\/\\\/najnaj.eu\\\/fr\\\/proizvod\\\/modu-dreamer-set-deep-blue-sky-blue\\\/#breadcrumb\",\"itemListElement\":[{\"@type\":\"ListItem\",\"position\":1,\"name\":\"Po\u010detna stranica\",\"item\":\"https:\\\/\\\/najnaj.eu\\\/fr\\\/\"},{\"@type\":\"ListItem\",\"position\":2,\"name\":\"Trgovina\",\"item\":\"https:\\\/\\\/najnaj.hr\\\/trgovina\\\/\"},{\"@type\":\"ListItem\",\"position\":3,\"name\":\"MODU Dreamer set, Deep Blue\\\/Sky Blue\"}]},{\"@type\":\"WebSite\",\"@id\":\"https:\\\/\\\/najnaj.eu\\\/fr\\\/#website\",\"url\":\"https:\\\/\\\/najnaj.eu\\\/fr\\\/\",\"name\":\"NajNaj.eu\",\"description\":\"Za najva\u017enije!\",\"potentialAction\":[{\"@type\":\"SearchAction\",\"target\":{\"@type\":\"EntryPoint\",\"urlTemplate\":\"https:\\\/\\\/najnaj.eu\\\/fr\\\/?s={search_term_string}\"},\"query-input\":{\"@type\":\"PropertyValueSpecification\",\"valueRequired\":true,\"valueName\":\"search_term_string\"}}],\"inLanguage\":\"fr-FR\"}]}<\/script>\n<meta property=\"product:brand\" content=\"Modu\" \/>\n<meta property=\"product:price:amount\" content=\"269.00\" \/>\n<meta property=\"product:price:currency\" content=\"EUR\" \/>\n<meta property=\"og:availability\" content=\"instock\" \/>\n<meta property=\"product:availability\" content=\"instock\" \/>\n<meta property=\"product:retailer_item_id\" content=\"MODU-SET-DRE-DB-SB\" \/>\n<meta property=\"product:condition\" content=\"new\" \/>\n<!-- \/ Yoast SEO Premium plugin. -->","yoast_head_json":{"title":"MODU Dreamer set, Deep Blue\/Sky Blue - NajNaj.eu","robots":{"index":"index","follow":"follow","max-snippet":"max-snippet:-1","max-image-preview":"max-image-preview:large","max-video-preview":"max-video-preview:-1"},"canonical":"https:\/\/najnaj.eu\/fr\/proizvod\/modu-dreamer-set-deep-blue-sky-blue\/","og_locale":"fr_FR","og_type":"article","og_title":"MODU Dreamer set, Deep Blue\/Sky Blue","og_description":"* Set za izradu vi\u0161e od 25 jedinstvenih kreacija * Izvrstan za djecu razli\u010dite dobi * Omogu\u0107uje godine aktivne i\u00a0kreativne igre","og_url":"https:\/\/najnaj.eu\/fr\/proizvod\/modu-dreamer-set-deep-blue-sky-blue\/","og_site_name":"NajNaj.eu","article_publisher":"https:\/\/web.facebook.com\/najnaj.eu\/","article_modified_time":"2026-02-16T11:15:24+00:00","og_image":[{"url":"https:\/\/najnaj.eu\/wp-content\/uploads\/2023\/06\/Dreamer-Set-Deep-Blue_Sky-Blue-slide-2_no_shadow.jpg","width":819,"height":1024,"type":"image\/jpeg"}],"twitter_card":"summary_large_image","twitter_misc":{"Prix":"269,00&nbsp;&euro;","Disponibilit\u00e9":"En stock"},"schema":{"@context":"https:\/\/schema.org","@graph":[{"@type":"WebPage","@id":"https:\/\/najnaj.eu\/fr\/proizvod\/modu-dreamer-set-deep-blue-sky-blue\/","url":"https:\/\/najnaj.eu\/fr\/proizvod\/modu-dreamer-set-deep-blue-sky-blue\/","name":"MODU Dreamer set, Deep Blue\/Sky Blue - NajNaj.eu","isPartOf":{"@id":"https:\/\/najnaj.eu\/fr\/#website"},"primaryImageOfPage":{"@id":"https:\/\/najnaj.eu\/fr\/proizvod\/modu-dreamer-set-deep-blue-sky-blue\/#primaryimage"},"image":{"@id":"https:\/\/najnaj.eu\/fr\/proizvod\/modu-dreamer-set-deep-blue-sky-blue\/#primaryimage"},"thumbnailUrl":"https:\/\/najnaj.eu\/wp-content\/uploads\/2023\/06\/Dreamer-Set-Deep-Blue_Sky-Blue-slide-2_no_shadow.jpg","datePublished":"2024-12-01T11:59:18+00:00","dateModified":"2026-02-16T11:15:24+00:00","breadcrumb":{"@id":"https:\/\/najnaj.eu\/fr\/proizvod\/modu-dreamer-set-deep-blue-sky-blue\/#breadcrumb"},"inLanguage":"fr-FR","potentialAction":[{"@type":"ReadAction","target":["https:\/\/najnaj.eu\/fr\/proizvod\/modu-dreamer-set-deep-blue-sky-blue\/"]}]},{"@type":"ImageObject","inLanguage":"fr-FR","@id":"https:\/\/najnaj.eu\/fr\/proizvod\/modu-dreamer-set-deep-blue-sky-blue\/#primaryimage","url":"https:\/\/najnaj.eu\/wp-content\/uploads\/2023\/06\/Dreamer-Set-Deep-Blue_Sky-Blue-slide-2_no_shadow.jpg","contentUrl":"https:\/\/najnaj.eu\/wp-content\/uploads\/2023\/06\/Dreamer-Set-Deep-Blue_Sky-Blue-slide-2_no_shadow.jpg","width":7559,"height":9449},{"@type":"BreadcrumbList","@id":"https:\/\/najnaj.eu\/fr\/proizvod\/modu-dreamer-set-deep-blue-sky-blue\/#breadcrumb","itemListElement":[{"@type":"ListItem","position":1,"name":"Po\u010detna stranica","item":"https:\/\/najnaj.eu\/fr\/"},{"@type":"ListItem","position":2,"name":"Trgovina","item":"https:\/\/najnaj.hr\/trgovina\/"},{"@type":"ListItem","position":3,"name":"MODU Dreamer set, Deep Blue\/Sky Blue"}]},{"@type":"WebSite","@id":"https:\/\/najnaj.eu\/fr\/#website","url":"https:\/\/najnaj.eu\/fr\/","name":"NajNaj.eu","description":"Za najva\u017enije!","potentialAction":[{"@type":"SearchAction","target":{"@type":"EntryPoint","urlTemplate":"https:\/\/najnaj.eu\/fr\/?s={search_term_string}"},"query-input":{"@type":"PropertyValueSpecification","valueRequired":true,"valueName":"search_term_string"}}],"inLanguage":"fr-FR"}]},"product_brand":"Modu","product_price_amount":"269.00","product_price_currency":"EUR","og_availability":"instock","product_availability":"instock","product_retailer_item_id":"MODU-SET-DRE-DB-SB","product_condition":"new"},"_links":{"self":[{"href":"https:\/\/najnaj.eu\/fr\/wp-json\/wp\/v2\/product\/150815","targetHints":{"allow":["GET"]}}],"collection":[{"href":"https:\/\/najnaj.eu\/fr\/wp-json\/wp\/v2\/product"}],"about":[{"href":"https:\/\/najnaj.eu\/fr\/wp-json\/wp\/v2\/types\/product"}],"replies":[{"embeddable":true,"href":"https:\/\/najnaj.eu\/fr\/wp-json\/wp\/v2\/comments?post=150815"}],"version-history":[{"count":0,"href":"https:\/\/najnaj.eu\/fr\/wp-json\/wp\/v2\/product\/150815\/revisions"}],"wp:featuredmedia":[{"embeddable":true,"href":"https:\/\/najnaj.eu\/fr\/wp-json\/wp\/v2\/media\/232144"}],"wp:attachment":[{"href":"https:\/\/najnaj.eu\/fr\/wp-json\/wp\/v2\/media?parent=150815"}],"wp:term":[{"taxonomy":"product_brand","embeddable":true,"href":"https:\/\/najnaj.eu\/fr\/wp-json\/wp\/v2\/product_brand?post=150815"},{"taxonomy":"product_cat","embeddable":true,"href":"https:\/\/najnaj.eu\/fr\/wp-json\/wp\/v2\/product_cat?post=150815"},{"taxonomy":"product_tag","embeddable":true,"href":"https:\/\/najnaj.eu\/fr\/wp-json\/wp\/v2\/product_tag?post=150815"}],"curies":[{"name":"wp","href":"https:\/\/api.w.org\/{rel}","templated":true}]}}