{"id":150813,"date":"2025-01-01T08:54:47","date_gmt":"2025-01-01T07:54:47","guid":{"rendered":"https:\/\/najnaj.hr\/proizvod\/besafe-izi-go-modular-x2-i-size40-75-cm-black-cab\/"},"modified":"2026-03-30T11:10:13","modified_gmt":"2026-03-30T09:10:13","slug":"besafe-izi-go-modular-x2-i-size40-75-cm-black-cab","status":"publish","type":"product","link":"https:\/\/najnaj.eu\/fr\/proizvod\/besafe-izi-go-modular-x2-i-size40-75-cm-black-cab\/","title":{"rendered":"BeSafe iZi Go Modular X2 i-Size(40-75 cm), Black Cab"},"content":{"rendered":"<p><strong>Najsuvremenije sigurnosne zna\u010dajke<\/strong><br \/>\n\u00bb Odobrena prema najnovijem standardu UN R129 (i-Size)<br \/>\n\u00bb Pojas u 5 to\u010daka za dodatnu stabilnost kod bo\u010dnih sudara<br \/>\n\u00bb Ve\u0107a sigurnost posti\u017ee se \u0161irokim pojasevima i jastu\u010di\u0107ima koji raspore\u0111uju silu udara na ve\u0107e podru\u010dje<br \/>\n\u00bb Dodatna za\u0161tita od bo\u010dnog udara (SIP +) apsorbira energiju i smanjuje optere\u0107enje do dodatnih 20% u slu\u010daju bo\u010dnog udara<br \/>\n\u00bb Zahvaljuju\u0107i inovativnom sustavu Dynamic Force Absorber \u2122 postignuta je napredna za\u0161tita podru\u010dja glave i gornjeg dijela tijela<\/p>\n<p><strong>Napredna udobnost prilago\u0111ena bebama<\/strong><br \/>\n\u00bb Mekani potporni jastu\u010di\u0107 s pametno postavljenom potporom pru\u017ea stabilnost, podr\u0161ku, te optimizira kut nagiba novoro\u0111en\u010deta<br \/>\n\u00bb Re-dizajnirani naslon za glavu s vi\u0161e prostora za bebinu glavicu<br \/>\n\u00bb Visokokvalitetni materijali<br \/>\n\u00bb Unutarnji pojasevi i naslon za glavu mogu se jednostavno prilagoditi u jednom potezu<br \/>\n\u00bb Fleksibilan krovi\u0107 za sunce onemogu\u0107ava prodiranje sunca i sadr\u017ei za\u0161titu UPF50 +, a mo\u017ee se koristiti neovisno o ru\u010dici za no\u0161enje<\/p>\n<p><strong>Pametne funkcije za jednostavna svakodnevna putovanja<\/strong><br \/>\n\u00bb Samo jedan klik potreban je za postavljanje na iZi Modular i-Size bazu<br \/>\n\u00bb Magneti za pametni pristup dr\u017ee pojaseve sjedalice sa strane i tako olak\u0161avaju stavljanje i va\u0111enje djeteta iz sjedalice<br \/>\n\u00bb Jedna od najlak\u0161ih i-Size autosjedalica na tr\u017ei\u0161tu<br \/>\n\u00bb Ergonomski oblikovana ru\u010dka za prijenos autosjedalice<br \/>\n\u00bb Mo\u017ee se lako postaviti jednim klikom na <a href=\"https:\/\/najnaj.eu\/wp-content\/uploads\/2025\/06\/besafe-izi-go-stroller-list.pdf\" target=\"_blank\" rel=\"noopener\"><strong>ve\u0107inu kolica<\/strong><\/a> kako bi se stvorio putni sustav 3u1<br \/>\n\u00bb Prakti\u010dno skidanje s kolica pomo\u0107u dva na\u010dina otpu\u0161tanja koji se prilago\u0111avaju razli\u010ditim modelima kolica<\/p>\n<p><strong>3D mre\u017easta tkanina (vrijedi samo za Peak i Antracit Mesh autosjedalice)<\/strong><br \/>\nTkanina BeSafe Mesh ima 3D strukturu i slojeve koji omogu\u0107avaju cirkulaciju zraka me\u0111u njima. Na taj se na\u010din, dok zrak struji izme\u0111u slojeva, umanjuje toplina i vlaga \u010dime putovanje postaje ugodnije i udobnije. Ovim sustavom BeSafe 3D Mesh mre\u017easta tkanina nudi do 8 puta ve\u0107u propusnost zraka na dostupnim autosjedalicama.*<br \/>\n*3D mre\u017easta tkanina koja se koristi na autosjedalicama BeSafe pru\u017ea do 8 puta ve\u0107u propusnost zraka od uobi\u010dajene tkanine oblo\u017eene PU pjenom.<\/p>\n<p>BeSafe je trenutno jedina marka autosjedalica na tr\u017ei\u0161tu koju je njema\u010dka organizacija AGR potvrdila kao \u201eZdrava za le\u0111a\u201c (\u201cBack Healthy\u201d) za bebu i roditelje.<\/p>\n<p>&nbsp;<\/p>\n","protected":false},"excerpt":{"rendered":"<p>KLIKNITE I KRENITE!<br \/>\nLagana autosjedalica za novoro\u0111en\u010de, \u010diju je sigurnost ADAC ocijenio ocjenom<br \/>\n\u201eodli\u010dno\u201d*. Jednostavno postavljanje na kolica za istinsku fleksibilnost.<\/p>\n<p>Visina: 40-75 cm<br \/>\nDob: Oko 0 \u2013 12 mjeseci<br \/>\nMonta\u017ea: Mo\u017ee se postaviti s ISOfix bazom ili pojasom s upori\u0161tem u 3 to\u010dke<br \/>\nSmjer: Suprotno od smjera vo\u017enje<br \/>\nAtest: UN R129 (i-Size)<\/p>\n","protected":false},"featured_media":133349,"comment_status":"open","ping_status":"closed","template":"","meta":{"_acf_changed":false,"footnotes":""},"product_brand":[],"product_cat":[574,830,318],"product_tag":[],"class_list":{"0":"post-150813","1":"product","2":"type-product","3":"status-publish","4":"has-post-thumbnail","6":"product_cat-autosjedalice","7":"product_cat-novorodence","8":"product_cat-proizvodi","9":"pa_atest-ece-r129-i-size","10":"pa_boja-crna","11":"pa_brand-besafe","12":"pa_nacin-postavljanja-automobilski-pojas","13":"pa_nacin-postavljanja-isofix","14":"pa_postavljanje-na-kolica-da","15":"pa_visina-djeteta-od-40-do-75-cm","17":"first","18":"instock","19":"purchasable","20":"product-type-simple"},"bundled_by":[],"bundle_stock_status":"instock","bundle_stock_quantity":6,"bundle_virtual":false,"bundle_layout":"","bundle_add_to_cart_form_location":"","bundle_editable_in_cart":false,"bundle_sold_individually_context":"","bundle_item_grouping":"","bundle_min_size":"","bundle_max_size":"","bundle_price":[],"bundled_items":[],"bundle_sell_ids":[],"acf":[],"yoast_head":"<!-- This site is optimized with the Yoast SEO Premium plugin v21.5 (Yoast SEO v27.4) - https:\/\/yoast.com\/product\/yoast-seo-premium-wordpress\/ -->\n<title>BeSafe iZi Go Modular X2 i-Size(40-75 cm), Black Cab - NajNaj.eu<\/title>\n<meta name=\"robots\" content=\"index, follow, max-snippet:-1, max-image-preview:large, max-video-preview:-1\" \/>\n<link rel=\"canonical\" href=\"https:\/\/najnaj.eu\/fr\/proizvod\/besafe-izi-go-modular-x2-i-size40-75-cm-black-cab\/\" \/>\n<meta property=\"og:locale\" content=\"fr_FR\" \/>\n<meta property=\"og:type\" content=\"article\" \/>\n<meta property=\"og:title\" content=\"BeSafe iZi Go Modular X2 i-Size(40-75 cm), Black Cab\" \/>\n<meta property=\"og:description\" content=\"KLIKNITE I KRENITE! Lagana autosjedalica za novoro\u0111en\u010de, \u010diju je sigurnost ADAC ocijenio ocjenom \u201eodli\u010dno\u201d*. Jednostavno postavljanje na kolica za istinsku fleksibilnost.  Visina: 40-75 cm Dob: Oko 0 \u2013 12 mjeseci Monta\u017ea: Mo\u017ee se postaviti s ISOfix bazom ili pojasom s upori\u0161tem u 3 to\u010dke Smjer: Suprotno od smjera vo\u017enje Atest: UN R129 (i-Size)\" \/>\n<meta property=\"og:url\" content=\"https:\/\/najnaj.eu\/fr\/proizvod\/besafe-izi-go-modular-x2-i-size40-75-cm-black-cab\/\" \/>\n<meta property=\"og:site_name\" content=\"NajNaj.eu\" \/>\n<meta property=\"article:publisher\" content=\"https:\/\/web.facebook.com\/najnaj.eu\/\" \/>\n<meta property=\"article:modified_time\" content=\"2026-03-30T09:10:13+00:00\" \/>\n<meta property=\"og:image\" content=\"https:\/\/najnaj.eu\/wp-content\/uploads\/2023\/08\/11032563_BeSafe_iZi-Go-Modular-X2-i-Size_Fresh-Black-Cab_Front-Large.jpg\" \/>\n\t<meta property=\"og:image:width\" content=\"1080\" \/>\n\t<meta property=\"og:image:height\" content=\"1080\" \/>\n\t<meta property=\"og:image:type\" content=\"image\/png\" \/>\n<meta name=\"twitter:card\" content=\"summary_large_image\" \/>\n<meta name=\"twitter:label1\" content=\"Prix\" \/>\n\t<meta name=\"twitter:data1\" content=\"179,00&nbsp;&euro;\" \/>\n\t<meta name=\"twitter:label2\" content=\"Disponibilit\u00e9\" \/>\n\t<meta name=\"twitter:data2\" content=\"En stock\" \/>\n<script type=\"application\/ld+json\" class=\"yoast-schema-graph\">{\"@context\":\"https:\\\/\\\/schema.org\",\"@graph\":[{\"@type\":\"WebPage\",\"@id\":\"https:\\\/\\\/najnaj.eu\\\/fr\\\/proizvod\\\/besafe-izi-go-modular-x2-i-size40-75-cm-black-cab\\\/\",\"url\":\"https:\\\/\\\/najnaj.eu\\\/fr\\\/proizvod\\\/besafe-izi-go-modular-x2-i-size40-75-cm-black-cab\\\/\",\"name\":\"BeSafe iZi Go Modular X2 i-Size(40-75 cm), Black Cab - NajNaj.eu\",\"isPartOf\":{\"@id\":\"https:\\\/\\\/najnaj.eu\\\/fr\\\/#website\"},\"primaryImageOfPage\":{\"@id\":\"https:\\\/\\\/najnaj.eu\\\/fr\\\/proizvod\\\/besafe-izi-go-modular-x2-i-size40-75-cm-black-cab\\\/#primaryimage\"},\"image\":{\"@id\":\"https:\\\/\\\/najnaj.eu\\\/fr\\\/proizvod\\\/besafe-izi-go-modular-x2-i-size40-75-cm-black-cab\\\/#primaryimage\"},\"thumbnailUrl\":\"https:\\\/\\\/najnaj.eu\\\/wp-content\\\/uploads\\\/2023\\\/08\\\/11032563_BeSafe_iZi-Go-Modular-X2-i-Size_Fresh-Black-Cab_Front-Large.jpg\",\"datePublished\":\"2025-01-01T07:54:47+00:00\",\"dateModified\":\"2026-03-30T09:10:13+00:00\",\"breadcrumb\":{\"@id\":\"https:\\\/\\\/najnaj.eu\\\/fr\\\/proizvod\\\/besafe-izi-go-modular-x2-i-size40-75-cm-black-cab\\\/#breadcrumb\"},\"inLanguage\":\"fr-FR\",\"potentialAction\":[{\"@type\":\"ReadAction\",\"target\":[\"https:\\\/\\\/najnaj.eu\\\/fr\\\/proizvod\\\/besafe-izi-go-modular-x2-i-size40-75-cm-black-cab\\\/\"]}]},{\"@type\":\"ImageObject\",\"inLanguage\":\"fr-FR\",\"@id\":\"https:\\\/\\\/najnaj.eu\\\/fr\\\/proizvod\\\/besafe-izi-go-modular-x2-i-size40-75-cm-black-cab\\\/#primaryimage\",\"url\":\"https:\\\/\\\/najnaj.eu\\\/wp-content\\\/uploads\\\/2023\\\/08\\\/11032563_BeSafe_iZi-Go-Modular-X2-i-Size_Fresh-Black-Cab_Front-Large.jpg\",\"contentUrl\":\"https:\\\/\\\/najnaj.eu\\\/wp-content\\\/uploads\\\/2023\\\/08\\\/11032563_BeSafe_iZi-Go-Modular-X2-i-Size_Fresh-Black-Cab_Front-Large.jpg\",\"width\":1080,\"height\":1080,\"caption\":\"Crna sjedalica za bebu, jaje\"},{\"@type\":\"BreadcrumbList\",\"@id\":\"https:\\\/\\\/najnaj.eu\\\/fr\\\/proizvod\\\/besafe-izi-go-modular-x2-i-size40-75-cm-black-cab\\\/#breadcrumb\",\"itemListElement\":[{\"@type\":\"ListItem\",\"position\":1,\"name\":\"Po\u010detna stranica\",\"item\":\"https:\\\/\\\/najnaj.eu\\\/fr\\\/\"},{\"@type\":\"ListItem\",\"position\":2,\"name\":\"Trgovina\",\"item\":\"https:\\\/\\\/najnaj.hr\\\/trgovina\\\/\"},{\"@type\":\"ListItem\",\"position\":3,\"name\":\"BeSafe iZi Go Modular X2 i-Size(40-75 cm), Black Cab\"}]},{\"@type\":\"WebSite\",\"@id\":\"https:\\\/\\\/najnaj.eu\\\/fr\\\/#website\",\"url\":\"https:\\\/\\\/najnaj.eu\\\/fr\\\/\",\"name\":\"NajNaj.eu\",\"description\":\"Za najva\u017enije!\",\"potentialAction\":[{\"@type\":\"SearchAction\",\"target\":{\"@type\":\"EntryPoint\",\"urlTemplate\":\"https:\\\/\\\/najnaj.eu\\\/fr\\\/?s={search_term_string}\"},\"query-input\":{\"@type\":\"PropertyValueSpecification\",\"valueRequired\":true,\"valueName\":\"search_term_string\"}}],\"inLanguage\":\"fr-FR\"}]}<\/script>\n<meta property=\"product:brand\" content=\"BeSafe\" \/>\n<meta property=\"product:price:amount\" content=\"179.00\" \/>\n<meta property=\"product:price:currency\" content=\"EUR\" \/>\n<meta property=\"og:availability\" content=\"instock\" \/>\n<meta property=\"product:availability\" content=\"instock\" \/>\n<meta property=\"product:retailer_item_id\" content=\"11032563-BlackCabF\" \/>\n<meta property=\"product:condition\" content=\"new\" \/>\n<!-- \/ Yoast SEO Premium plugin. -->","yoast_head_json":{"title":"BeSafe iZi Go Modular X2 i-Size(40-75 cm), Black Cab - NajNaj.eu","robots":{"index":"index","follow":"follow","max-snippet":"max-snippet:-1","max-image-preview":"max-image-preview:large","max-video-preview":"max-video-preview:-1"},"canonical":"https:\/\/najnaj.eu\/fr\/proizvod\/besafe-izi-go-modular-x2-i-size40-75-cm-black-cab\/","og_locale":"fr_FR","og_type":"article","og_title":"BeSafe iZi Go Modular X2 i-Size(40-75 cm), Black Cab","og_description":"KLIKNITE I KRENITE! Lagana autosjedalica za novoro\u0111en\u010de, \u010diju je sigurnost ADAC ocijenio ocjenom \u201eodli\u010dno\u201d*. Jednostavno postavljanje na kolica za istinsku fleksibilnost.  Visina: 40-75 cm Dob: Oko 0 \u2013 12 mjeseci Monta\u017ea: Mo\u017ee se postaviti s ISOfix bazom ili pojasom s upori\u0161tem u 3 to\u010dke Smjer: Suprotno od smjera vo\u017enje Atest: UN R129 (i-Size)","og_url":"https:\/\/najnaj.eu\/fr\/proizvod\/besafe-izi-go-modular-x2-i-size40-75-cm-black-cab\/","og_site_name":"NajNaj.eu","article_publisher":"https:\/\/web.facebook.com\/najnaj.eu\/","article_modified_time":"2026-03-30T09:10:13+00:00","og_image":[{"width":1080,"height":1080,"url":"https:\/\/najnaj.eu\/wp-content\/uploads\/2023\/08\/11032563_BeSafe_iZi-Go-Modular-X2-i-Size_Fresh-Black-Cab_Front-Large.jpg","type":"image\/png"}],"twitter_card":"summary_large_image","twitter_misc":{"Prix":"179,00&nbsp;&euro;","Disponibilit\u00e9":"En stock"},"schema":{"@context":"https:\/\/schema.org","@graph":[{"@type":"WebPage","@id":"https:\/\/najnaj.eu\/fr\/proizvod\/besafe-izi-go-modular-x2-i-size40-75-cm-black-cab\/","url":"https:\/\/najnaj.eu\/fr\/proizvod\/besafe-izi-go-modular-x2-i-size40-75-cm-black-cab\/","name":"BeSafe iZi Go Modular X2 i-Size(40-75 cm), Black Cab - NajNaj.eu","isPartOf":{"@id":"https:\/\/najnaj.eu\/fr\/#website"},"primaryImageOfPage":{"@id":"https:\/\/najnaj.eu\/fr\/proizvod\/besafe-izi-go-modular-x2-i-size40-75-cm-black-cab\/#primaryimage"},"image":{"@id":"https:\/\/najnaj.eu\/fr\/proizvod\/besafe-izi-go-modular-x2-i-size40-75-cm-black-cab\/#primaryimage"},"thumbnailUrl":"https:\/\/najnaj.eu\/wp-content\/uploads\/2023\/08\/11032563_BeSafe_iZi-Go-Modular-X2-i-Size_Fresh-Black-Cab_Front-Large.jpg","datePublished":"2025-01-01T07:54:47+00:00","dateModified":"2026-03-30T09:10:13+00:00","breadcrumb":{"@id":"https:\/\/najnaj.eu\/fr\/proizvod\/besafe-izi-go-modular-x2-i-size40-75-cm-black-cab\/#breadcrumb"},"inLanguage":"fr-FR","potentialAction":[{"@type":"ReadAction","target":["https:\/\/najnaj.eu\/fr\/proizvod\/besafe-izi-go-modular-x2-i-size40-75-cm-black-cab\/"]}]},{"@type":"ImageObject","inLanguage":"fr-FR","@id":"https:\/\/najnaj.eu\/fr\/proizvod\/besafe-izi-go-modular-x2-i-size40-75-cm-black-cab\/#primaryimage","url":"https:\/\/najnaj.eu\/wp-content\/uploads\/2023\/08\/11032563_BeSafe_iZi-Go-Modular-X2-i-Size_Fresh-Black-Cab_Front-Large.jpg","contentUrl":"https:\/\/najnaj.eu\/wp-content\/uploads\/2023\/08\/11032563_BeSafe_iZi-Go-Modular-X2-i-Size_Fresh-Black-Cab_Front-Large.jpg","width":1080,"height":1080,"caption":"Crna sjedalica za bebu, jaje"},{"@type":"BreadcrumbList","@id":"https:\/\/najnaj.eu\/fr\/proizvod\/besafe-izi-go-modular-x2-i-size40-75-cm-black-cab\/#breadcrumb","itemListElement":[{"@type":"ListItem","position":1,"name":"Po\u010detna stranica","item":"https:\/\/najnaj.eu\/fr\/"},{"@type":"ListItem","position":2,"name":"Trgovina","item":"https:\/\/najnaj.hr\/trgovina\/"},{"@type":"ListItem","position":3,"name":"BeSafe iZi Go Modular X2 i-Size(40-75 cm), Black Cab"}]},{"@type":"WebSite","@id":"https:\/\/najnaj.eu\/fr\/#website","url":"https:\/\/najnaj.eu\/fr\/","name":"NajNaj.eu","description":"Za najva\u017enije!","potentialAction":[{"@type":"SearchAction","target":{"@type":"EntryPoint","urlTemplate":"https:\/\/najnaj.eu\/fr\/?s={search_term_string}"},"query-input":{"@type":"PropertyValueSpecification","valueRequired":true,"valueName":"search_term_string"}}],"inLanguage":"fr-FR"}]},"product_brand":"BeSafe","product_price_amount":"179.00","product_price_currency":"EUR","og_availability":"instock","product_availability":"instock","product_retailer_item_id":"11032563-BlackCabF","product_condition":"new"},"_links":{"self":[{"href":"https:\/\/najnaj.eu\/fr\/wp-json\/wp\/v2\/product\/150813","targetHints":{"allow":["GET"]}}],"collection":[{"href":"https:\/\/najnaj.eu\/fr\/wp-json\/wp\/v2\/product"}],"about":[{"href":"https:\/\/najnaj.eu\/fr\/wp-json\/wp\/v2\/types\/product"}],"replies":[{"embeddable":true,"href":"https:\/\/najnaj.eu\/fr\/wp-json\/wp\/v2\/comments?post=150813"}],"version-history":[{"count":0,"href":"https:\/\/najnaj.eu\/fr\/wp-json\/wp\/v2\/product\/150813\/revisions"}],"wp:featuredmedia":[{"embeddable":true,"href":"https:\/\/najnaj.eu\/fr\/wp-json\/wp\/v2\/media\/133349"}],"wp:attachment":[{"href":"https:\/\/najnaj.eu\/fr\/wp-json\/wp\/v2\/media?parent=150813"}],"wp:term":[{"taxonomy":"product_brand","embeddable":true,"href":"https:\/\/najnaj.eu\/fr\/wp-json\/wp\/v2\/product_brand?post=150813"},{"taxonomy":"product_cat","embeddable":true,"href":"https:\/\/najnaj.eu\/fr\/wp-json\/wp\/v2\/product_cat?post=150813"},{"taxonomy":"product_tag","embeddable":true,"href":"https:\/\/najnaj.eu\/fr\/wp-json\/wp\/v2\/product_tag?post=150813"}],"curies":[{"name":"wp","href":"https:\/\/api.w.org\/{rel}","templated":true}]}}