{"id":150797,"date":"2023-06-01T14:08:41","date_gmt":"2023-06-01T12:08:41","guid":{"rendered":"https:\/\/najnaj.hr\/proizvod\/lassig-cas-toaletna-torbica-dots-curry\/"},"modified":"2026-04-14T23:07:13","modified_gmt":"2026-04-14T21:07:13","slug":"lassig-cas-toaletna-torbica-dots-curry","status":"publish","type":"product","link":"https:\/\/najnaj.eu\/fr\/proizvod\/lassig-cas-toaletna-torbica-dots-curry\/","title":{"rendered":"L\u00e4ssig CAS Toaletna torbica Dots curry"},"content":{"rendered":"<p>Toaletna torba za presvla\u010denje: s L\u00c4SSIG Nursery Caddy To Go toaletnom torbicom iz kolekcije Casual, roditelji uvijek imaju najva\u017enije predmete za presvla\u010denje pri ruci. Elegantna torbica za pohranu ne samo da izgleda sjajno na stolu za presvla\u010denje, ve\u0107 se mo\u017ee nositi posvuda. Bilo da idete kat ni\u017ee u dnevnu sobu, odlazite na izlet ili vas \u010deka prvo no\u0107enje kod rodbine \u2013 prakti\u010dna ko\u0161ara eliminira potrebu za zamornim pakiranjem i raspakiravanjem.<\/p>\n<p>U Nursery Caddy To Go toaletnoj torbicisve su stvari za prematanje pregledno raspore\u0111ene zahvaljuju\u0107i \u0161irokom otvoru s patentnim zatvara\u010dem i podstavi u svijetloj boji. Dok predmeti potrebni za mijenjanje pelena imaju svoje mjesto u glavnom pretincu s brojnim bo\u010dnim d\u017eepovima te su pri\u010dvr\u0161\u0107eni elasti\u010dnim trakama, male stvari poput \u010darapa, duda i sli\u010dno, sigurno su pospremljene u pretinac s patentnim zatvara\u010dem na poklopcu.<\/p>\n<p>Za spontana ili no\u0107na putovanja, preostaje vam spaklirati najva\u017enije stvari u organizator za pelene i krenuli ste! Zahvaljuju\u0107i prakti\u010dnoj ru\u010dki za no\u0161enje, Nursery Caddy To Go u tren oka prenosite u automobil i spremni ste za svoju sljede\u0107u avanturu s bebom.<\/p>\n<p>Prakti\u010dni Nursery Caddy To Go dostupan je u raznim trendi dizajnima. Mo\u017ee se prati u perilici rublja na 30\u00b0C s na\u010dinom nje\u017enog pranja.<\/p>\n","protected":false},"excerpt":{"rendered":"<p>Nursery Caddy To Go nije samo elegantna torbica za pohranu u sklopu stola za prematanje, ve\u0107 i prakti\u010dan dodatak za va\u0161e sljede\u0107e putovanje. Spremite najva\u017enije predmete u Nursery Caddy To Go i uputite se na va\u0161e sljede\u0107e odredi\u0161te.<\/p>\n","protected":false},"featured_media":133050,"comment_status":"open","ping_status":"closed","template":"","meta":{"_acf_changed":false,"footnotes":""},"product_brand":[],"product_cat":[676,752,562],"product_tag":[],"class_list":{"0":"post-150797","1":"product","2":"type-product","3":"status-publish","4":"has-post-thumbnail","6":"product_cat-moda","7":"product_cat-toaletne-torbice","8":"product_cat-za-mamu","9":"pa_boja-smeda","10":"pa_brand-lassig","12":"first","13":"outofstock","14":"sale","15":"purchasable","16":"product-type-simple"},"bundled_by":[],"bundle_stock_status":"outofstock","bundle_stock_quantity":0,"bundle_virtual":false,"bundle_layout":"","bundle_add_to_cart_form_location":"","bundle_editable_in_cart":false,"bundle_sold_individually_context":"","bundle_item_grouping":"","bundle_min_size":"","bundle_max_size":"","bundle_price":[],"bundled_items":[],"bundle_sell_ids":[],"acf":[],"yoast_head":"<!-- This site is optimized with the Yoast SEO Premium plugin v21.5 (Yoast SEO v27.4) - https:\/\/yoast.com\/product\/yoast-seo-premium-wordpress\/ -->\n<title>L\u00e4ssig CAS Toaletna torbica Dots curry - NajNaj.eu<\/title>\n<meta name=\"robots\" content=\"index, follow, max-snippet:-1, max-image-preview:large, max-video-preview:-1\" \/>\n<link rel=\"canonical\" href=\"https:\/\/najnaj.eu\/fr\/proizvod\/lassig-cas-toaletna-torbica-dots-curry\/\" \/>\n<meta property=\"og:locale\" content=\"fr_FR\" \/>\n<meta property=\"og:type\" content=\"article\" \/>\n<meta property=\"og:title\" content=\"L\u00e4ssig CAS Toaletna torbica Dots curry\" \/>\n<meta property=\"og:description\" content=\"Nursery Caddy To Go nije samo elegantna torbica za pohranu u sklopu stola za prematanje, ve\u0107 i prakti\u010dan dodatak za va\u0161e sljede\u0107e putovanje. Spremite najva\u017enije predmete u Nursery Caddy To Go i uputite se na va\u0161e sljede\u0107e odredi\u0161te.\" \/>\n<meta property=\"og:url\" content=\"https:\/\/najnaj.eu\/fr\/proizvod\/lassig-cas-toaletna-torbica-dots-curry\/\" \/>\n<meta property=\"og:site_name\" content=\"NajNaj.eu\" \/>\n<meta property=\"article:publisher\" content=\"https:\/\/web.facebook.com\/najnaj.eu\/\" \/>\n<meta property=\"article:modified_time\" content=\"2026-04-14T21:07:13+00:00\" \/>\n<meta property=\"og:image\" content=\"https:\/\/najnaj.eu\/wp-content\/uploads\/2023\/08\/1106018838_1rGWJzZetvaA18_600x600.jpg\" \/>\n\t<meta property=\"og:image:width\" content=\"600\" \/>\n\t<meta property=\"og:image:height\" content=\"600\" \/>\n\t<meta property=\"og:image:type\" content=\"image\/jpeg\" \/>\n<meta name=\"twitter:card\" content=\"summary_large_image\" \/>\n<meta name=\"twitter:label1\" content=\"Prix\" \/>\n\t<meta name=\"twitter:data1\" content=\"29,95&nbsp;&euro;\" \/>\n\t<meta name=\"twitter:label2\" content=\"Disponibilit\u00e9\" \/>\n\t<meta name=\"twitter:data2\" content=\"Rupture de stock\" \/>\n<script type=\"application\/ld+json\" class=\"yoast-schema-graph\">{\"@context\":\"https:\\\/\\\/schema.org\",\"@graph\":[{\"@type\":\"WebPage\",\"@id\":\"https:\\\/\\\/najnaj.eu\\\/fr\\\/proizvod\\\/lassig-cas-toaletna-torbica-dots-curry\\\/\",\"url\":\"https:\\\/\\\/najnaj.eu\\\/fr\\\/proizvod\\\/lassig-cas-toaletna-torbica-dots-curry\\\/\",\"name\":\"L\u00e4ssig CAS Toaletna torbica Dots curry - NajNaj.eu\",\"isPartOf\":{\"@id\":\"https:\\\/\\\/najnaj.eu\\\/fr\\\/#website\"},\"primaryImageOfPage\":{\"@id\":\"https:\\\/\\\/najnaj.eu\\\/fr\\\/proizvod\\\/lassig-cas-toaletna-torbica-dots-curry\\\/#primaryimage\"},\"image\":{\"@id\":\"https:\\\/\\\/najnaj.eu\\\/fr\\\/proizvod\\\/lassig-cas-toaletna-torbica-dots-curry\\\/#primaryimage\"},\"thumbnailUrl\":\"https:\\\/\\\/najnaj.eu\\\/wp-content\\\/uploads\\\/2023\\\/08\\\/1106018838_1rGWJzZetvaA18_600x600.jpg\",\"datePublished\":\"2023-06-01T12:08:41+00:00\",\"dateModified\":\"2026-04-14T21:07:13+00:00\",\"breadcrumb\":{\"@id\":\"https:\\\/\\\/najnaj.eu\\\/fr\\\/proizvod\\\/lassig-cas-toaletna-torbica-dots-curry\\\/#breadcrumb\"},\"inLanguage\":\"fr-FR\",\"potentialAction\":[{\"@type\":\"ReadAction\",\"target\":[\"https:\\\/\\\/najnaj.eu\\\/fr\\\/proizvod\\\/lassig-cas-toaletna-torbica-dots-curry\\\/\"]}]},{\"@type\":\"ImageObject\",\"inLanguage\":\"fr-FR\",\"@id\":\"https:\\\/\\\/najnaj.eu\\\/fr\\\/proizvod\\\/lassig-cas-toaletna-torbica-dots-curry\\\/#primaryimage\",\"url\":\"https:\\\/\\\/najnaj.eu\\\/wp-content\\\/uploads\\\/2023\\\/08\\\/1106018838_1rGWJzZetvaA18_600x600.jpg\",\"contentUrl\":\"https:\\\/\\\/najnaj.eu\\\/wp-content\\\/uploads\\\/2023\\\/08\\\/1106018838_1rGWJzZetvaA18_600x600.jpg\",\"width\":600,\"height\":600},{\"@type\":\"BreadcrumbList\",\"@id\":\"https:\\\/\\\/najnaj.eu\\\/fr\\\/proizvod\\\/lassig-cas-toaletna-torbica-dots-curry\\\/#breadcrumb\",\"itemListElement\":[{\"@type\":\"ListItem\",\"position\":1,\"name\":\"Po\u010detna stranica\",\"item\":\"https:\\\/\\\/najnaj.eu\\\/fr\\\/\"},{\"@type\":\"ListItem\",\"position\":2,\"name\":\"Trgovina\",\"item\":\"https:\\\/\\\/najnaj.hr\\\/trgovina\\\/\"},{\"@type\":\"ListItem\",\"position\":3,\"name\":\"L\u00e4ssig CAS Toaletna torbica Dots curry\"}]},{\"@type\":\"WebSite\",\"@id\":\"https:\\\/\\\/najnaj.eu\\\/fr\\\/#website\",\"url\":\"https:\\\/\\\/najnaj.eu\\\/fr\\\/\",\"name\":\"NajNaj.eu\",\"description\":\"Za najva\u017enije!\",\"potentialAction\":[{\"@type\":\"SearchAction\",\"target\":{\"@type\":\"EntryPoint\",\"urlTemplate\":\"https:\\\/\\\/najnaj.eu\\\/fr\\\/?s={search_term_string}\"},\"query-input\":{\"@type\":\"PropertyValueSpecification\",\"valueRequired\":true,\"valueName\":\"search_term_string\"}}],\"inLanguage\":\"fr-FR\"}]}<\/script>\n<meta property=\"product:brand\" content=\"L\u00e4ssig\" \/>\n<meta property=\"product:price:amount\" content=\"29.95\" \/>\n<meta property=\"product:price:currency\" content=\"EUR\" \/>\n<meta property=\"og:availability\" content=\"out of stock\" \/>\n<meta property=\"product:availability\" content=\"out of stock\" \/>\n<meta property=\"product:retailer_item_id\" content=\"1106018838\" \/>\n<meta property=\"product:condition\" content=\"new\" \/>\n<!-- \/ Yoast SEO Premium plugin. -->","yoast_head_json":{"title":"L\u00e4ssig CAS Toaletna torbica Dots curry - NajNaj.eu","robots":{"index":"index","follow":"follow","max-snippet":"max-snippet:-1","max-image-preview":"max-image-preview:large","max-video-preview":"max-video-preview:-1"},"canonical":"https:\/\/najnaj.eu\/fr\/proizvod\/lassig-cas-toaletna-torbica-dots-curry\/","og_locale":"fr_FR","og_type":"article","og_title":"L\u00e4ssig CAS Toaletna torbica Dots curry","og_description":"Nursery Caddy To Go nije samo elegantna torbica za pohranu u sklopu stola za prematanje, ve\u0107 i prakti\u010dan dodatak za va\u0161e sljede\u0107e putovanje. Spremite najva\u017enije predmete u Nursery Caddy To Go i uputite se na va\u0161e sljede\u0107e odredi\u0161te.","og_url":"https:\/\/najnaj.eu\/fr\/proizvod\/lassig-cas-toaletna-torbica-dots-curry\/","og_site_name":"NajNaj.eu","article_publisher":"https:\/\/web.facebook.com\/najnaj.eu\/","article_modified_time":"2026-04-14T21:07:13+00:00","og_image":[{"width":600,"height":600,"url":"https:\/\/najnaj.eu\/wp-content\/uploads\/2023\/08\/1106018838_1rGWJzZetvaA18_600x600.jpg","type":"image\/jpeg"}],"twitter_card":"summary_large_image","twitter_misc":{"Prix":"29,95&nbsp;&euro;","Disponibilit\u00e9":"Rupture de stock"},"schema":{"@context":"https:\/\/schema.org","@graph":[{"@type":"WebPage","@id":"https:\/\/najnaj.eu\/fr\/proizvod\/lassig-cas-toaletna-torbica-dots-curry\/","url":"https:\/\/najnaj.eu\/fr\/proizvod\/lassig-cas-toaletna-torbica-dots-curry\/","name":"L\u00e4ssig CAS Toaletna torbica Dots curry - NajNaj.eu","isPartOf":{"@id":"https:\/\/najnaj.eu\/fr\/#website"},"primaryImageOfPage":{"@id":"https:\/\/najnaj.eu\/fr\/proizvod\/lassig-cas-toaletna-torbica-dots-curry\/#primaryimage"},"image":{"@id":"https:\/\/najnaj.eu\/fr\/proizvod\/lassig-cas-toaletna-torbica-dots-curry\/#primaryimage"},"thumbnailUrl":"https:\/\/najnaj.eu\/wp-content\/uploads\/2023\/08\/1106018838_1rGWJzZetvaA18_600x600.jpg","datePublished":"2023-06-01T12:08:41+00:00","dateModified":"2026-04-14T21:07:13+00:00","breadcrumb":{"@id":"https:\/\/najnaj.eu\/fr\/proizvod\/lassig-cas-toaletna-torbica-dots-curry\/#breadcrumb"},"inLanguage":"fr-FR","potentialAction":[{"@type":"ReadAction","target":["https:\/\/najnaj.eu\/fr\/proizvod\/lassig-cas-toaletna-torbica-dots-curry\/"]}]},{"@type":"ImageObject","inLanguage":"fr-FR","@id":"https:\/\/najnaj.eu\/fr\/proizvod\/lassig-cas-toaletna-torbica-dots-curry\/#primaryimage","url":"https:\/\/najnaj.eu\/wp-content\/uploads\/2023\/08\/1106018838_1rGWJzZetvaA18_600x600.jpg","contentUrl":"https:\/\/najnaj.eu\/wp-content\/uploads\/2023\/08\/1106018838_1rGWJzZetvaA18_600x600.jpg","width":600,"height":600},{"@type":"BreadcrumbList","@id":"https:\/\/najnaj.eu\/fr\/proizvod\/lassig-cas-toaletna-torbica-dots-curry\/#breadcrumb","itemListElement":[{"@type":"ListItem","position":1,"name":"Po\u010detna stranica","item":"https:\/\/najnaj.eu\/fr\/"},{"@type":"ListItem","position":2,"name":"Trgovina","item":"https:\/\/najnaj.hr\/trgovina\/"},{"@type":"ListItem","position":3,"name":"L\u00e4ssig CAS Toaletna torbica Dots curry"}]},{"@type":"WebSite","@id":"https:\/\/najnaj.eu\/fr\/#website","url":"https:\/\/najnaj.eu\/fr\/","name":"NajNaj.eu","description":"Za najva\u017enije!","potentialAction":[{"@type":"SearchAction","target":{"@type":"EntryPoint","urlTemplate":"https:\/\/najnaj.eu\/fr\/?s={search_term_string}"},"query-input":{"@type":"PropertyValueSpecification","valueRequired":true,"valueName":"search_term_string"}}],"inLanguage":"fr-FR"}]},"product_brand":"L\u00e4ssig","product_price_amount":"29.95","product_price_currency":"EUR","og_availability":"out of stock","product_availability":"out of stock","product_retailer_item_id":"1106018838","product_condition":"new"},"_links":{"self":[{"href":"https:\/\/najnaj.eu\/fr\/wp-json\/wp\/v2\/product\/150797","targetHints":{"allow":["GET"]}}],"collection":[{"href":"https:\/\/najnaj.eu\/fr\/wp-json\/wp\/v2\/product"}],"about":[{"href":"https:\/\/najnaj.eu\/fr\/wp-json\/wp\/v2\/types\/product"}],"replies":[{"embeddable":true,"href":"https:\/\/najnaj.eu\/fr\/wp-json\/wp\/v2\/comments?post=150797"}],"version-history":[{"count":0,"href":"https:\/\/najnaj.eu\/fr\/wp-json\/wp\/v2\/product\/150797\/revisions"}],"wp:featuredmedia":[{"embeddable":true,"href":"https:\/\/najnaj.eu\/fr\/wp-json\/wp\/v2\/media\/133050"}],"wp:attachment":[{"href":"https:\/\/najnaj.eu\/fr\/wp-json\/wp\/v2\/media?parent=150797"}],"wp:term":[{"taxonomy":"product_brand","embeddable":true,"href":"https:\/\/najnaj.eu\/fr\/wp-json\/wp\/v2\/product_brand?post=150797"},{"taxonomy":"product_cat","embeddable":true,"href":"https:\/\/najnaj.eu\/fr\/wp-json\/wp\/v2\/product_cat?post=150797"},{"taxonomy":"product_tag","embeddable":true,"href":"https:\/\/najnaj.eu\/fr\/wp-json\/wp\/v2\/product_tag?post=150797"}],"curies":[{"name":"wp","href":"https:\/\/api.w.org\/{rel}","templated":true}]}}