{"id":150795,"date":"2024-04-01T13:51:55","date_gmt":"2024-04-01T11:51:55","guid":{"rendered":"https:\/\/najnaj.hr\/proizvod\/lassig-sos-torba-universe-anthracite\/"},"modified":"2026-02-04T10:28:48","modified_gmt":"2026-02-04T09:28:48","slug":"lassig-sos-torba-universe-anthracite","status":"publish","type":"product","link":"https:\/\/najnaj.eu\/fr\/proizvod\/lassig-sos-torba-universe-anthracite\/","title":{"rendered":"L\u00c4SSIG SOS Torba Universe Anthracite"},"content":{"rendered":"<p>S.O.S. Torbica prve pomo\u0107i iz kolekcije L\u00c4SSIG Casual dolazi u pomo\u0107 u hitnim slu\u010dajevima i vrijedan je resurs kada se tijekom u\u017eurbanog obiteljskog \u017eivota dogode nezgode. Vi birate \u0161to \u0107ete iz paketa prve pomo\u0107i uklju\u010diti: flastere, masti ili tablete.<\/p>\n<p>Kutija prve pomo\u0107i dr\u017ei lijekove i druge hitne predmete kompaktno raspore\u0111ene. Fleksibilno zatvaranje na vrpcu otvara se brzo i jednostavno, omogu\u0107uju\u0107i vam da komplet ra\u0161irite do kraja i odmah prona\u0111ete ono \u0161to tra\u017eite. Dva mre\u017easta pretinca s patentnim zatvara\u010dima osiguravaju da sve bude ne samo sigurno, ve\u0107 i jasno vidljivo. Prakti\u010dne elasti\u010dne trake sigurno dr\u017ee male bo\u010dice i tube masti na mjestu.<\/p>\n<p>Nakon \u0161to ste se pobrinuli za hitne medicinske potrebe va\u0161eg djeteta sklonog nezgodama, pribor se mo\u017ee ponovno brzo i lako spakirati. Zahvaljuju\u0107i svojoj kompaktnoj veli\u010dini, S.O.S. Torbica prve pomo\u0107i stane u svaku torbu i \u010dak se mo\u017ee pri\u010dvrstiti na kolica. Mo\u017ee se (i treba) nositi svuda kamo idu aktivne obitelji.<\/p>\n","protected":false},"excerpt":{"rendered":"<p>L\u00c4SSIG S.O.S. Torbica prve pomo\u0107i dolazi u pomo\u0107 u hitnim slu\u010dajevima u u\u017eurbanom obiteljskom \u017eivotu. Vi birate koje \u0107ete stavke prve pomo\u0107i uklju\u010diti.<\/p>\n","protected":false},"featured_media":133007,"comment_status":"open","ping_status":"closed","template":"","meta":{"_acf_changed":false,"footnotes":""},"product_brand":[],"product_cat":[828],"product_tag":[2277],"class_list":{"0":"post-150795","1":"product","2":"type-product","3":"status-publish","4":"has-post-thumbnail","6":"product_cat-torbice-za-previjanje","7":"product_tag-rasprodaja","8":"pa_brand-lassig","10":"first","11":"instock","12":"sale","13":"purchasable","14":"product-type-simple"},"bundled_by":[],"bundle_stock_status":"instock","bundle_stock_quantity":15,"bundle_virtual":false,"bundle_layout":"","bundle_add_to_cart_form_location":"","bundle_editable_in_cart":false,"bundle_sold_individually_context":"","bundle_item_grouping":"","bundle_min_size":"","bundle_max_size":"","bundle_price":[],"bundled_items":[],"bundle_sell_ids":[],"acf":[],"yoast_head":"<!-- This site is optimized with the Yoast SEO Premium plugin v21.5 (Yoast SEO v27.4) - https:\/\/yoast.com\/product\/yoast-seo-premium-wordpress\/ -->\n<title>L\u00c4SSIG SOS Torba Universe Anthracite - NajNaj.eu<\/title>\n<meta name=\"robots\" content=\"index, follow, max-snippet:-1, max-image-preview:large, max-video-preview:-1\" \/>\n<link rel=\"canonical\" href=\"https:\/\/najnaj.eu\/fr\/proizvod\/lassig-sos-torba-universe-anthracite\/\" \/>\n<meta property=\"og:locale\" content=\"fr_FR\" \/>\n<meta property=\"og:type\" content=\"article\" \/>\n<meta property=\"og:title\" content=\"L\u00c4SSIG SOS Torba Universe Anthracite\" \/>\n<meta property=\"og:description\" content=\"L\u00c4SSIG S.O.S. Torbica prve pomo\u0107i dolazi u pomo\u0107 u hitnim slu\u010dajevima u u\u017eurbanom obiteljskom \u017eivotu. Vi birate koje \u0107ete stavke prve pomo\u0107i uklju\u010diti.\" \/>\n<meta property=\"og:url\" content=\"https:\/\/najnaj.eu\/fr\/proizvod\/lassig-sos-torba-universe-anthracite\/\" \/>\n<meta property=\"og:site_name\" content=\"NajNaj.eu\" \/>\n<meta property=\"article:publisher\" content=\"https:\/\/web.facebook.com\/najnaj.eu\/\" \/>\n<meta property=\"article:modified_time\" content=\"2026-02-04T09:28:48+00:00\" \/>\n<meta property=\"og:image\" content=\"https:\/\/najnaj.eu\/wp-content\/uploads\/2023\/08\/CAS_F21_1106024225_P_1.jpg\" \/>\n\t<meta property=\"og:image:width\" content=\"768\" \/>\n\t<meta property=\"og:image:height\" content=\"768\" \/>\n\t<meta property=\"og:image:type\" content=\"image\/jpeg\" \/>\n<meta name=\"twitter:card\" content=\"summary_large_image\" \/>\n<meta name=\"twitter:label1\" content=\"Prix\" \/>\n\t<meta name=\"twitter:data1\" content=\"18,95&nbsp;&euro;\" \/>\n\t<meta name=\"twitter:label2\" content=\"Disponibilit\u00e9\" \/>\n\t<meta name=\"twitter:data2\" content=\"En stock\" \/>\n<script type=\"application\/ld+json\" class=\"yoast-schema-graph\">{\"@context\":\"https:\\\/\\\/schema.org\",\"@graph\":[{\"@type\":\"WebPage\",\"@id\":\"https:\\\/\\\/najnaj.eu\\\/fr\\\/proizvod\\\/lassig-sos-torba-universe-anthracite\\\/\",\"url\":\"https:\\\/\\\/najnaj.eu\\\/fr\\\/proizvod\\\/lassig-sos-torba-universe-anthracite\\\/\",\"name\":\"L\u00c4SSIG SOS Torba Universe Anthracite - NajNaj.eu\",\"isPartOf\":{\"@id\":\"https:\\\/\\\/najnaj.eu\\\/fr\\\/#website\"},\"primaryImageOfPage\":{\"@id\":\"https:\\\/\\\/najnaj.eu\\\/fr\\\/proizvod\\\/lassig-sos-torba-universe-anthracite\\\/#primaryimage\"},\"image\":{\"@id\":\"https:\\\/\\\/najnaj.eu\\\/fr\\\/proizvod\\\/lassig-sos-torba-universe-anthracite\\\/#primaryimage\"},\"thumbnailUrl\":\"https:\\\/\\\/najnaj.eu\\\/wp-content\\\/uploads\\\/2023\\\/08\\\/CAS_F21_1106024225_P_1.jpg\",\"datePublished\":\"2024-04-01T11:51:55+00:00\",\"dateModified\":\"2026-02-04T09:28:48+00:00\",\"breadcrumb\":{\"@id\":\"https:\\\/\\\/najnaj.eu\\\/fr\\\/proizvod\\\/lassig-sos-torba-universe-anthracite\\\/#breadcrumb\"},\"inLanguage\":\"fr-FR\",\"potentialAction\":[{\"@type\":\"ReadAction\",\"target\":[\"https:\\\/\\\/najnaj.eu\\\/fr\\\/proizvod\\\/lassig-sos-torba-universe-anthracite\\\/\"]}]},{\"@type\":\"ImageObject\",\"inLanguage\":\"fr-FR\",\"@id\":\"https:\\\/\\\/najnaj.eu\\\/fr\\\/proizvod\\\/lassig-sos-torba-universe-anthracite\\\/#primaryimage\",\"url\":\"https:\\\/\\\/najnaj.eu\\\/wp-content\\\/uploads\\\/2023\\\/08\\\/CAS_F21_1106024225_P_1.jpg\",\"contentUrl\":\"https:\\\/\\\/najnaj.eu\\\/wp-content\\\/uploads\\\/2023\\\/08\\\/CAS_F21_1106024225_P_1.jpg\",\"width\":768,\"height\":768},{\"@type\":\"BreadcrumbList\",\"@id\":\"https:\\\/\\\/najnaj.eu\\\/fr\\\/proizvod\\\/lassig-sos-torba-universe-anthracite\\\/#breadcrumb\",\"itemListElement\":[{\"@type\":\"ListItem\",\"position\":1,\"name\":\"Po\u010detna stranica\",\"item\":\"https:\\\/\\\/najnaj.eu\\\/fr\\\/\"},{\"@type\":\"ListItem\",\"position\":2,\"name\":\"Trgovina\",\"item\":\"https:\\\/\\\/najnaj.hr\\\/trgovina\\\/\"},{\"@type\":\"ListItem\",\"position\":3,\"name\":\"L\u00c4SSIG SOS Torba Universe Anthracite\"}]},{\"@type\":\"WebSite\",\"@id\":\"https:\\\/\\\/najnaj.eu\\\/fr\\\/#website\",\"url\":\"https:\\\/\\\/najnaj.eu\\\/fr\\\/\",\"name\":\"NajNaj.eu\",\"description\":\"Za najva\u017enije!\",\"potentialAction\":[{\"@type\":\"SearchAction\",\"target\":{\"@type\":\"EntryPoint\",\"urlTemplate\":\"https:\\\/\\\/najnaj.eu\\\/fr\\\/?s={search_term_string}\"},\"query-input\":{\"@type\":\"PropertyValueSpecification\",\"valueRequired\":true,\"valueName\":\"search_term_string\"}}],\"inLanguage\":\"fr-FR\"}]}<\/script>\n<meta property=\"product:brand\" content=\"L\u00e4ssig\" \/>\n<meta property=\"product:price:amount\" content=\"18.95\" \/>\n<meta property=\"product:price:currency\" content=\"EUR\" \/>\n<meta property=\"og:availability\" content=\"instock\" \/>\n<meta property=\"product:availability\" content=\"instock\" \/>\n<meta property=\"product:retailer_item_id\" content=\"1106024225\" \/>\n<meta property=\"product:condition\" content=\"new\" \/>\n<!-- \/ Yoast SEO Premium plugin. -->","yoast_head_json":{"title":"L\u00c4SSIG SOS Torba Universe Anthracite - NajNaj.eu","robots":{"index":"index","follow":"follow","max-snippet":"max-snippet:-1","max-image-preview":"max-image-preview:large","max-video-preview":"max-video-preview:-1"},"canonical":"https:\/\/najnaj.eu\/fr\/proizvod\/lassig-sos-torba-universe-anthracite\/","og_locale":"fr_FR","og_type":"article","og_title":"L\u00c4SSIG SOS Torba Universe Anthracite","og_description":"L\u00c4SSIG S.O.S. Torbica prve pomo\u0107i dolazi u pomo\u0107 u hitnim slu\u010dajevima u u\u017eurbanom obiteljskom \u017eivotu. Vi birate koje \u0107ete stavke prve pomo\u0107i uklju\u010diti.","og_url":"https:\/\/najnaj.eu\/fr\/proizvod\/lassig-sos-torba-universe-anthracite\/","og_site_name":"NajNaj.eu","article_publisher":"https:\/\/web.facebook.com\/najnaj.eu\/","article_modified_time":"2026-02-04T09:28:48+00:00","og_image":[{"width":768,"height":768,"url":"https:\/\/najnaj.eu\/wp-content\/uploads\/2023\/08\/CAS_F21_1106024225_P_1.jpg","type":"image\/jpeg"}],"twitter_card":"summary_large_image","twitter_misc":{"Prix":"18,95&nbsp;&euro;","Disponibilit\u00e9":"En stock"},"schema":{"@context":"https:\/\/schema.org","@graph":[{"@type":"WebPage","@id":"https:\/\/najnaj.eu\/fr\/proizvod\/lassig-sos-torba-universe-anthracite\/","url":"https:\/\/najnaj.eu\/fr\/proizvod\/lassig-sos-torba-universe-anthracite\/","name":"L\u00c4SSIG SOS Torba Universe Anthracite - NajNaj.eu","isPartOf":{"@id":"https:\/\/najnaj.eu\/fr\/#website"},"primaryImageOfPage":{"@id":"https:\/\/najnaj.eu\/fr\/proizvod\/lassig-sos-torba-universe-anthracite\/#primaryimage"},"image":{"@id":"https:\/\/najnaj.eu\/fr\/proizvod\/lassig-sos-torba-universe-anthracite\/#primaryimage"},"thumbnailUrl":"https:\/\/najnaj.eu\/wp-content\/uploads\/2023\/08\/CAS_F21_1106024225_P_1.jpg","datePublished":"2024-04-01T11:51:55+00:00","dateModified":"2026-02-04T09:28:48+00:00","breadcrumb":{"@id":"https:\/\/najnaj.eu\/fr\/proizvod\/lassig-sos-torba-universe-anthracite\/#breadcrumb"},"inLanguage":"fr-FR","potentialAction":[{"@type":"ReadAction","target":["https:\/\/najnaj.eu\/fr\/proizvod\/lassig-sos-torba-universe-anthracite\/"]}]},{"@type":"ImageObject","inLanguage":"fr-FR","@id":"https:\/\/najnaj.eu\/fr\/proizvod\/lassig-sos-torba-universe-anthracite\/#primaryimage","url":"https:\/\/najnaj.eu\/wp-content\/uploads\/2023\/08\/CAS_F21_1106024225_P_1.jpg","contentUrl":"https:\/\/najnaj.eu\/wp-content\/uploads\/2023\/08\/CAS_F21_1106024225_P_1.jpg","width":768,"height":768},{"@type":"BreadcrumbList","@id":"https:\/\/najnaj.eu\/fr\/proizvod\/lassig-sos-torba-universe-anthracite\/#breadcrumb","itemListElement":[{"@type":"ListItem","position":1,"name":"Po\u010detna stranica","item":"https:\/\/najnaj.eu\/fr\/"},{"@type":"ListItem","position":2,"name":"Trgovina","item":"https:\/\/najnaj.hr\/trgovina\/"},{"@type":"ListItem","position":3,"name":"L\u00c4SSIG SOS Torba Universe Anthracite"}]},{"@type":"WebSite","@id":"https:\/\/najnaj.eu\/fr\/#website","url":"https:\/\/najnaj.eu\/fr\/","name":"NajNaj.eu","description":"Za najva\u017enije!","potentialAction":[{"@type":"SearchAction","target":{"@type":"EntryPoint","urlTemplate":"https:\/\/najnaj.eu\/fr\/?s={search_term_string}"},"query-input":{"@type":"PropertyValueSpecification","valueRequired":true,"valueName":"search_term_string"}}],"inLanguage":"fr-FR"}]},"product_brand":"L\u00e4ssig","product_price_amount":"18.95","product_price_currency":"EUR","og_availability":"instock","product_availability":"instock","product_retailer_item_id":"1106024225","product_condition":"new"},"_links":{"self":[{"href":"https:\/\/najnaj.eu\/fr\/wp-json\/wp\/v2\/product\/150795","targetHints":{"allow":["GET"]}}],"collection":[{"href":"https:\/\/najnaj.eu\/fr\/wp-json\/wp\/v2\/product"}],"about":[{"href":"https:\/\/najnaj.eu\/fr\/wp-json\/wp\/v2\/types\/product"}],"replies":[{"embeddable":true,"href":"https:\/\/najnaj.eu\/fr\/wp-json\/wp\/v2\/comments?post=150795"}],"version-history":[{"count":0,"href":"https:\/\/najnaj.eu\/fr\/wp-json\/wp\/v2\/product\/150795\/revisions"}],"wp:featuredmedia":[{"embeddable":true,"href":"https:\/\/najnaj.eu\/fr\/wp-json\/wp\/v2\/media\/133007"}],"wp:attachment":[{"href":"https:\/\/najnaj.eu\/fr\/wp-json\/wp\/v2\/media?parent=150795"}],"wp:term":[{"taxonomy":"product_brand","embeddable":true,"href":"https:\/\/najnaj.eu\/fr\/wp-json\/wp\/v2\/product_brand?post=150795"},{"taxonomy":"product_cat","embeddable":true,"href":"https:\/\/najnaj.eu\/fr\/wp-json\/wp\/v2\/product_cat?post=150795"},{"taxonomy":"product_tag","embeddable":true,"href":"https:\/\/najnaj.eu\/fr\/wp-json\/wp\/v2\/product_tag?post=150795"}],"curies":[{"name":"wp","href":"https:\/\/api.w.org\/{rel}","templated":true}]}}