{"id":150786,"date":"2023-08-19T09:48:42","date_gmt":"2023-08-19T07:48:42","guid":{"rendered":"https:\/\/najnaj.hr\/proizvod\/b-box-termo-posuda-za-hranu-emerald-forest\/"},"modified":"2026-03-01T10:03:19","modified_gmt":"2026-03-01T09:03:19","slug":"b-box-termo-posuda-za-hranu-emerald-forest","status":"publish","type":"product","link":"https:\/\/najnaj.eu\/fr\/proizvod\/b-box-termo-posuda-za-hranu-emerald-forest\/","title":{"rendered":"b.box Termo posuda za hranu &#8211; emerald forest"},"content":{"rendered":"<p>Posudica satima odr\u017eava hranu na pravoj temperaturi, ovisno o tome u\u017eivaju li djeca vi\u0161e u toplom obroku ili hladnom<br \/>\nosvje\u017eavaju\u0107em vo\u0107u i jogurtu. Kako bi hrana du\u017ee ostala vru\u0107a, posudicu mo\u017eete prethodno zagrijati naliv\u0161i u nju toplu vodu na 2 minute. Nakon toga \u0107e hrana u posudici ostati topla i ukusna. Dolazi s vilicom\/\u017elicom koja se sprema u prilago\u0111eni utor. Jednostavne ru\u010dke omogu\u0107uju djeci da sami otvore posudu, \u0161to poti\u010de njihovu samostalnost. Uklonjive ru\u010dkice omogu\u0107avaju da ovu posudicu mogu koristiti i starija djeca. Zbog jedinstvenog na\u010dina zatvaranja, poklopac nije mogu\u0107e prejako stegnuti.<\/p>\n","protected":false},"excerpt":{"rendered":"<p>&gt; Hrana ostaje hladna do 8 ili topla do 6 sati<br \/>\n&gt; Nehr\u0111aju\u0107i \u010delik s trostrukom izolacijskom stijenkom<br \/>\n&gt; Ru\u010dke je lako ukloniti, kako bi se posudica \u0161to bolje prilagodila \u017eeljama i potrebama djeteta<br \/>\n&gt; Ru\u010dkica na poklopcu olak\u0161ava dje\u010dici da si sama otvore posudicu<br \/>\n&gt; Jedinstvani stoper sprje\u010dava prejako stezanje poklopca<br \/>\n&gt; \u017dlica\/vilica uklju\u010dena u set, umetnuta u poseban utor<br \/>\n&gt; Perivo u perilici posu\u0111a<br \/>\n&gt; Kapacitet: 335 ml<\/p>\n","protected":false},"featured_media":132699,"comment_status":"open","ping_status":"closed","template":"","meta":{"_acf_changed":false,"footnotes":""},"product_brand":[],"product_cat":[655,622,657],"product_tag":[],"class_list":{"0":"post-150786","1":"product","2":"type-product","3":"status-publish","4":"has-post-thumbnail","6":"product_cat-kutije-za-uzinu","7":"product_cat-posude","8":"product_cat-tanjuri","9":"pa_boja-zelena","10":"pa_brand-b-box","11":"pa_vrsta-posuda-kutije-za-uzinu","12":"pa_vrsta-posuda-posude-za-hranu","14":"first","15":"instock","16":"purchasable","17":"product-type-simple"},"bundled_by":["280935"],"bundle_stock_status":"instock","bundle_stock_quantity":13,"bundle_virtual":false,"bundle_layout":"","bundle_add_to_cart_form_location":"","bundle_editable_in_cart":false,"bundle_sold_individually_context":"","bundle_item_grouping":"","bundle_min_size":"","bundle_max_size":"","bundle_price":[],"bundled_items":[],"bundle_sell_ids":[],"acf":[],"yoast_head":"<!-- This site is optimized with the Yoast SEO Premium plugin v21.5 (Yoast SEO v27.4) - https:\/\/yoast.com\/product\/yoast-seo-premium-wordpress\/ -->\n<title>b.box Termo posuda za hranu - emerald forest - NajNaj.eu<\/title>\n<meta name=\"robots\" content=\"index, follow, max-snippet:-1, max-image-preview:large, max-video-preview:-1\" \/>\n<link rel=\"canonical\" href=\"https:\/\/najnaj.eu\/fr\/proizvod\/b-box-termo-posuda-za-hranu-emerald-forest\/\" \/>\n<meta property=\"og:locale\" content=\"fr_FR\" \/>\n<meta property=\"og:type\" content=\"article\" \/>\n<meta property=\"og:title\" content=\"b.box Termo posuda za hranu - emerald forest\" \/>\n<meta property=\"og:description\" content=\"&gt; Hrana ostaje hladna do 8 ili topla do 6 sati &gt; Nehr\u0111aju\u0107i \u010delik s trostrukom izolacijskom stijenkom &gt; Ru\u010dke je lako ukloniti, kako bi se posudica \u0161to bolje prilagodila \u017eeljama i potrebama djeteta &gt; Ru\u010dkica na poklopcu olak\u0161ava dje\u010dici da si sama otvore posudicu &gt; Jedinstvani stoper sprje\u010dava prejako stezanje poklopca &gt; \u017dlica\/vilica uklju\u010dena u set, umetnuta u poseban utor &gt; Perivo u perilici posu\u0111a &gt; Kapacitet: 335 ml\" \/>\n<meta property=\"og:url\" content=\"https:\/\/najnaj.eu\/fr\/proizvod\/b-box-termo-posuda-za-hranu-emerald-forest\/\" \/>\n<meta property=\"og:site_name\" content=\"NajNaj.eu\" \/>\n<meta property=\"article:publisher\" content=\"https:\/\/web.facebook.com\/najnaj.eu\/\" \/>\n<meta property=\"article:modified_time\" content=\"2026-03-01T09:03:19+00:00\" \/>\n<meta property=\"og:image\" content=\"https:\/\/najnaj.eu\/wp-content\/uploads\/2023\/08\/Insulated-Food-Jar_emeraldforest_4_768x.webp\" \/>\n\t<meta property=\"og:image:width\" content=\"768\" \/>\n\t<meta property=\"og:image:height\" content=\"768\" \/>\n\t<meta property=\"og:image:type\" content=\"image\/webp\" \/>\n<meta name=\"twitter:card\" content=\"summary_large_image\" \/>\n<meta name=\"twitter:label1\" content=\"Prix\" \/>\n\t<meta name=\"twitter:data1\" content=\"29,99&nbsp;&euro;\" \/>\n\t<meta name=\"twitter:label2\" content=\"Disponibilit\u00e9\" \/>\n\t<meta name=\"twitter:data2\" content=\"En stock\" \/>\n<script type=\"application\/ld+json\" class=\"yoast-schema-graph\">{\"@context\":\"https:\\\/\\\/schema.org\",\"@graph\":[{\"@type\":\"WebPage\",\"@id\":\"https:\\\/\\\/najnaj.eu\\\/fr\\\/proizvod\\\/b-box-termo-posuda-za-hranu-emerald-forest\\\/\",\"url\":\"https:\\\/\\\/najnaj.eu\\\/fr\\\/proizvod\\\/b-box-termo-posuda-za-hranu-emerald-forest\\\/\",\"name\":\"b.box Termo posuda za hranu - emerald forest - NajNaj.eu\",\"isPartOf\":{\"@id\":\"https:\\\/\\\/najnaj.eu\\\/fr\\\/#website\"},\"primaryImageOfPage\":{\"@id\":\"https:\\\/\\\/najnaj.eu\\\/fr\\\/proizvod\\\/b-box-termo-posuda-za-hranu-emerald-forest\\\/#primaryimage\"},\"image\":{\"@id\":\"https:\\\/\\\/najnaj.eu\\\/fr\\\/proizvod\\\/b-box-termo-posuda-za-hranu-emerald-forest\\\/#primaryimage\"},\"thumbnailUrl\":\"https:\\\/\\\/najnaj.eu\\\/wp-content\\\/uploads\\\/2023\\\/08\\\/Insulated-Food-Jar_emeraldforest_4_768x.webp\",\"datePublished\":\"2023-08-19T07:48:42+00:00\",\"dateModified\":\"2026-03-01T09:03:19+00:00\",\"breadcrumb\":{\"@id\":\"https:\\\/\\\/najnaj.eu\\\/fr\\\/proizvod\\\/b-box-termo-posuda-za-hranu-emerald-forest\\\/#breadcrumb\"},\"inLanguage\":\"fr-FR\",\"potentialAction\":[{\"@type\":\"ReadAction\",\"target\":[\"https:\\\/\\\/najnaj.eu\\\/fr\\\/proizvod\\\/b-box-termo-posuda-za-hranu-emerald-forest\\\/\"]}]},{\"@type\":\"ImageObject\",\"inLanguage\":\"fr-FR\",\"@id\":\"https:\\\/\\\/najnaj.eu\\\/fr\\\/proizvod\\\/b-box-termo-posuda-za-hranu-emerald-forest\\\/#primaryimage\",\"url\":\"https:\\\/\\\/najnaj.eu\\\/wp-content\\\/uploads\\\/2023\\\/08\\\/Insulated-Food-Jar_emeraldforest_4_768x.webp\",\"contentUrl\":\"https:\\\/\\\/najnaj.eu\\\/wp-content\\\/uploads\\\/2023\\\/08\\\/Insulated-Food-Jar_emeraldforest_4_768x.webp\",\"width\":768,\"height\":768,\"caption\":\"termo posuda za hranu za djecu\"},{\"@type\":\"BreadcrumbList\",\"@id\":\"https:\\\/\\\/najnaj.eu\\\/fr\\\/proizvod\\\/b-box-termo-posuda-za-hranu-emerald-forest\\\/#breadcrumb\",\"itemListElement\":[{\"@type\":\"ListItem\",\"position\":1,\"name\":\"Po\u010detna stranica\",\"item\":\"https:\\\/\\\/najnaj.eu\\\/fr\\\/\"},{\"@type\":\"ListItem\",\"position\":2,\"name\":\"Trgovina\",\"item\":\"https:\\\/\\\/najnaj.hr\\\/trgovina\\\/\"},{\"@type\":\"ListItem\",\"position\":3,\"name\":\"b.box Termo posuda za hranu &#8211; emerald forest\"}]},{\"@type\":\"WebSite\",\"@id\":\"https:\\\/\\\/najnaj.eu\\\/fr\\\/#website\",\"url\":\"https:\\\/\\\/najnaj.eu\\\/fr\\\/\",\"name\":\"NajNaj.eu\",\"description\":\"Za najva\u017enije!\",\"potentialAction\":[{\"@type\":\"SearchAction\",\"target\":{\"@type\":\"EntryPoint\",\"urlTemplate\":\"https:\\\/\\\/najnaj.eu\\\/fr\\\/?s={search_term_string}\"},\"query-input\":{\"@type\":\"PropertyValueSpecification\",\"valueRequired\":true,\"valueName\":\"search_term_string\"}}],\"inLanguage\":\"fr-FR\"}]}<\/script>\n<meta property=\"product:brand\" content=\"b.box\" \/>\n<meta property=\"product:price:amount\" content=\"29.99\" \/>\n<meta property=\"product:price:currency\" content=\"EUR\" \/>\n<meta property=\"og:availability\" content=\"instock\" \/>\n<meta property=\"product:availability\" content=\"instock\" \/>\n<meta property=\"product:retailer_item_id\" content=\"BX400507\" \/>\n<meta property=\"product:condition\" content=\"new\" \/>\n<!-- \/ Yoast SEO Premium plugin. -->","yoast_head_json":{"title":"b.box Termo posuda za hranu - emerald forest - NajNaj.eu","robots":{"index":"index","follow":"follow","max-snippet":"max-snippet:-1","max-image-preview":"max-image-preview:large","max-video-preview":"max-video-preview:-1"},"canonical":"https:\/\/najnaj.eu\/fr\/proizvod\/b-box-termo-posuda-za-hranu-emerald-forest\/","og_locale":"fr_FR","og_type":"article","og_title":"b.box Termo posuda za hranu - emerald forest","og_description":"&gt; Hrana ostaje hladna do 8 ili topla do 6 sati &gt; Nehr\u0111aju\u0107i \u010delik s trostrukom izolacijskom stijenkom &gt; Ru\u010dke je lako ukloniti, kako bi se posudica \u0161to bolje prilagodila \u017eeljama i potrebama djeteta &gt; Ru\u010dkica na poklopcu olak\u0161ava dje\u010dici da si sama otvore posudicu &gt; Jedinstvani stoper sprje\u010dava prejako stezanje poklopca &gt; \u017dlica\/vilica uklju\u010dena u set, umetnuta u poseban utor &gt; Perivo u perilici posu\u0111a &gt; Kapacitet: 335 ml","og_url":"https:\/\/najnaj.eu\/fr\/proizvod\/b-box-termo-posuda-za-hranu-emerald-forest\/","og_site_name":"NajNaj.eu","article_publisher":"https:\/\/web.facebook.com\/najnaj.eu\/","article_modified_time":"2026-03-01T09:03:19+00:00","og_image":[{"width":768,"height":768,"url":"https:\/\/najnaj.eu\/wp-content\/uploads\/2023\/08\/Insulated-Food-Jar_emeraldforest_4_768x.webp","type":"image\/webp"}],"twitter_card":"summary_large_image","twitter_misc":{"Prix":"29,99&nbsp;&euro;","Disponibilit\u00e9":"En stock"},"schema":{"@context":"https:\/\/schema.org","@graph":[{"@type":"WebPage","@id":"https:\/\/najnaj.eu\/fr\/proizvod\/b-box-termo-posuda-za-hranu-emerald-forest\/","url":"https:\/\/najnaj.eu\/fr\/proizvod\/b-box-termo-posuda-za-hranu-emerald-forest\/","name":"b.box Termo posuda za hranu - emerald forest - NajNaj.eu","isPartOf":{"@id":"https:\/\/najnaj.eu\/fr\/#website"},"primaryImageOfPage":{"@id":"https:\/\/najnaj.eu\/fr\/proizvod\/b-box-termo-posuda-za-hranu-emerald-forest\/#primaryimage"},"image":{"@id":"https:\/\/najnaj.eu\/fr\/proizvod\/b-box-termo-posuda-za-hranu-emerald-forest\/#primaryimage"},"thumbnailUrl":"https:\/\/najnaj.eu\/wp-content\/uploads\/2023\/08\/Insulated-Food-Jar_emeraldforest_4_768x.webp","datePublished":"2023-08-19T07:48:42+00:00","dateModified":"2026-03-01T09:03:19+00:00","breadcrumb":{"@id":"https:\/\/najnaj.eu\/fr\/proizvod\/b-box-termo-posuda-za-hranu-emerald-forest\/#breadcrumb"},"inLanguage":"fr-FR","potentialAction":[{"@type":"ReadAction","target":["https:\/\/najnaj.eu\/fr\/proizvod\/b-box-termo-posuda-za-hranu-emerald-forest\/"]}]},{"@type":"ImageObject","inLanguage":"fr-FR","@id":"https:\/\/najnaj.eu\/fr\/proizvod\/b-box-termo-posuda-za-hranu-emerald-forest\/#primaryimage","url":"https:\/\/najnaj.eu\/wp-content\/uploads\/2023\/08\/Insulated-Food-Jar_emeraldforest_4_768x.webp","contentUrl":"https:\/\/najnaj.eu\/wp-content\/uploads\/2023\/08\/Insulated-Food-Jar_emeraldforest_4_768x.webp","width":768,"height":768,"caption":"termo posuda za hranu za djecu"},{"@type":"BreadcrumbList","@id":"https:\/\/najnaj.eu\/fr\/proizvod\/b-box-termo-posuda-za-hranu-emerald-forest\/#breadcrumb","itemListElement":[{"@type":"ListItem","position":1,"name":"Po\u010detna stranica","item":"https:\/\/najnaj.eu\/fr\/"},{"@type":"ListItem","position":2,"name":"Trgovina","item":"https:\/\/najnaj.hr\/trgovina\/"},{"@type":"ListItem","position":3,"name":"b.box Termo posuda za hranu &#8211; emerald forest"}]},{"@type":"WebSite","@id":"https:\/\/najnaj.eu\/fr\/#website","url":"https:\/\/najnaj.eu\/fr\/","name":"NajNaj.eu","description":"Za najva\u017enije!","potentialAction":[{"@type":"SearchAction","target":{"@type":"EntryPoint","urlTemplate":"https:\/\/najnaj.eu\/fr\/?s={search_term_string}"},"query-input":{"@type":"PropertyValueSpecification","valueRequired":true,"valueName":"search_term_string"}}],"inLanguage":"fr-FR"}]},"product_brand":"b.box","product_price_amount":"29.99","product_price_currency":"EUR","og_availability":"instock","product_availability":"instock","product_retailer_item_id":"BX400507","product_condition":"new"},"_links":{"self":[{"href":"https:\/\/najnaj.eu\/fr\/wp-json\/wp\/v2\/product\/150786","targetHints":{"allow":["GET"]}}],"collection":[{"href":"https:\/\/najnaj.eu\/fr\/wp-json\/wp\/v2\/product"}],"about":[{"href":"https:\/\/najnaj.eu\/fr\/wp-json\/wp\/v2\/types\/product"}],"replies":[{"embeddable":true,"href":"https:\/\/najnaj.eu\/fr\/wp-json\/wp\/v2\/comments?post=150786"}],"version-history":[{"count":0,"href":"https:\/\/najnaj.eu\/fr\/wp-json\/wp\/v2\/product\/150786\/revisions"}],"wp:featuredmedia":[{"embeddable":true,"href":"https:\/\/najnaj.eu\/fr\/wp-json\/wp\/v2\/media\/132699"}],"wp:attachment":[{"href":"https:\/\/najnaj.eu\/fr\/wp-json\/wp\/v2\/media?parent=150786"}],"wp:term":[{"taxonomy":"product_brand","embeddable":true,"href":"https:\/\/najnaj.eu\/fr\/wp-json\/wp\/v2\/product_brand?post=150786"},{"taxonomy":"product_cat","embeddable":true,"href":"https:\/\/najnaj.eu\/fr\/wp-json\/wp\/v2\/product_cat?post=150786"},{"taxonomy":"product_tag","embeddable":true,"href":"https:\/\/najnaj.eu\/fr\/wp-json\/wp\/v2\/product_tag?post=150786"}],"curies":[{"name":"wp","href":"https:\/\/api.w.org\/{rel}","templated":true}]}}