{"id":150726,"date":"2024-04-03T08:25:18","date_gmt":"2024-04-03T06:25:18","guid":{"rendered":"https:\/\/najnaj.hr\/proizvod\/lassig-pelena-za-kupanje-s-drukerima-blue\/"},"modified":"2026-02-04T10:28:17","modified_gmt":"2026-02-04T09:28:17","slug":"lassig-pelena-za-kupanje-s-drukerima-blue","status":"publish","type":"product","link":"https:\/\/najnaj.eu\/fr\/proizvod\/lassig-pelena-za-kupanje-s-drukerima-blue\/","title":{"rendered":"L\u00e4ssig Pelena za kupanje s drukerima blue"},"content":{"rendered":"<p>Izra\u0111ena od recikliranog poliestera, L\u00e4ssig Pelena za vi\u0161ekratnu upotrebu s drukerima, savr\u0161ena je za odmor na moru ili posjet lokalnom bazenu. U kombinaciji s kremom za sun\u010danje i odgovaraju\u0107im \u0161e\u0161irom za sun\u010danje iz kolekcije L\u00e4ssig Splash &amp; Fun, ova pelena osigurava bezbri\u017enu zabavu kupanja.<\/p>\n<p>Ovo je ekolo\u0161ki prihvatljiva i estetska alternativa jednokratnim pelenama za plivanje. Zahvaljuju\u0107i prakti\u010dnim drukerima sa strane, pelena se lako obla\u010di i skida, a tako\u0111er dobro pristaje kako va\u0161e dijete raste.<\/p>\n<p>Idealan kroj, visokokvalitetni materijali i be\u0161avna obrada oko me\u0111uno\u017eja osiguravaju ugodan osje\u0107aj u vodi i na pla\u017ei. Sprije\u010dene su velike nesre\u0107e u vodi, a kada se vratite ku\u0107i, pelena se mo\u017ee oprati na 30\u00b0C u nje\u017enom ciklusu.<\/p>\n<p>U proizvodnji L\u00e4ssig Pelene za plivanje, otpadna plastika je reciklirana tako \u0161to je ispredana u pre\u0111u, pretvaraju\u0107i ekvivalent 12 PET boca u metar tkane tkanine. Kori\u0161tenjem recikliranih materijala i inovativnih procesa te isklju\u010divanjem komponenti \u017eivotinjskog podrijetla, L\u00e4ssig doprinosi kru\u017enom gospodarstvu i o\u010duvanju resursa na\u0161eg planeta.<\/p>\n","protected":false},"excerpt":{"rendered":"<p>L\u00c4SSIG Pelene za kupanje izra\u0111ene su od recikliranog poliestera i ekolo\u0161ka su alternativa jednokratnim pelenama. Prakti\u010dne pritisne kop\u010de osiguravaju savr\u0161eno pristajanje i jednostavno mijenjanje.<\/p>\n","protected":false},"featured_media":138178,"comment_status":"open","ping_status":"closed","template":"","meta":{"_acf_changed":false,"footnotes":""},"product_brand":[],"product_cat":[662],"product_tag":[2272,2203],"class_list":{"0":"post-150726","1":"product","2":"type-product","3":"status-publish","4":"has-post-thumbnail","6":"product_cat-stvari-za-djecu","7":"product_tag-ljeto","8":"product_tag-sf","9":"pa_boja-plava","10":"pa_brand-lassig","12":"first","13":"instock","14":"sale","15":"purchasable","16":"product-type-variable"},"bundled_by":[],"bundle_stock_status":"instock","bundle_stock_quantity":15,"bundle_virtual":false,"bundle_layout":"","bundle_add_to_cart_form_location":"","bundle_editable_in_cart":false,"bundle_sold_individually_context":"","bundle_item_grouping":"","bundle_min_size":"","bundle_max_size":"","bundle_price":[],"bundled_items":[],"bundle_sell_ids":[],"acf":[],"yoast_head":"<!-- This site is optimized with the Yoast SEO Premium plugin v21.5 (Yoast SEO v27.4) - https:\/\/yoast.com\/product\/yoast-seo-premium-wordpress\/ -->\n<title>L\u00e4ssig Pelena za kupanje s drukerima blue - NajNaj.eu<\/title>\n<meta name=\"robots\" content=\"index, follow, max-snippet:-1, max-image-preview:large, max-video-preview:-1\" \/>\n<link rel=\"canonical\" href=\"https:\/\/najnaj.eu\/fr\/proizvod\/lassig-pelena-za-kupanje-s-drukerima-blue\/\" \/>\n<meta property=\"og:locale\" content=\"fr_FR\" \/>\n<meta property=\"og:type\" content=\"article\" \/>\n<meta property=\"og:title\" content=\"L\u00e4ssig Pelena za kupanje s drukerima blue\" \/>\n<meta property=\"og:description\" content=\"L\u00c4SSIG Pelene za kupanje izra\u0111ene su od recikliranog poliestera i ekolo\u0161ka su alternativa jednokratnim pelenama. Prakti\u010dne pritisne kop\u010de osiguravaju savr\u0161eno pristajanje i jednostavno mijenjanje.\" \/>\n<meta property=\"og:url\" content=\"https:\/\/najnaj.eu\/fr\/proizvod\/lassig-pelena-za-kupanje-s-drukerima-blue\/\" \/>\n<meta property=\"og:site_name\" content=\"NajNaj.eu\" \/>\n<meta property=\"article:publisher\" content=\"https:\/\/web.facebook.com\/najnaj.eu\/\" \/>\n<meta property=\"article:modified_time\" content=\"2026-02-04T09:28:17+00:00\" \/>\n<meta property=\"og:image\" content=\"https:\/\/najnaj.eu\/wp-content\/uploads\/2023\/08\/SPL_F22_1431029456_P_1.jpg\" \/>\n\t<meta property=\"og:image:width\" content=\"480\" \/>\n\t<meta property=\"og:image:height\" content=\"480\" \/>\n\t<meta property=\"og:image:type\" content=\"image\/jpeg\" \/>\n<meta name=\"twitter:card\" content=\"summary_large_image\" \/>\n<meta name=\"twitter:label1\" content=\"Disponibilit\u00e9\" \/>\n\t<meta name=\"twitter:data1\" content=\"En stock\" \/>\n<script type=\"application\/ld+json\" class=\"yoast-schema-graph\">{\"@context\":\"https:\\\/\\\/schema.org\",\"@graph\":[{\"@type\":\"WebPage\",\"@id\":\"https:\\\/\\\/najnaj.eu\\\/fr\\\/proizvod\\\/lassig-pelena-za-kupanje-s-drukerima-blue\\\/\",\"url\":\"https:\\\/\\\/najnaj.eu\\\/fr\\\/proizvod\\\/lassig-pelena-za-kupanje-s-drukerima-blue\\\/\",\"name\":\"L\u00e4ssig Pelena za kupanje s drukerima blue - NajNaj.eu\",\"isPartOf\":{\"@id\":\"https:\\\/\\\/najnaj.eu\\\/fr\\\/#website\"},\"primaryImageOfPage\":{\"@id\":\"https:\\\/\\\/najnaj.eu\\\/fr\\\/proizvod\\\/lassig-pelena-za-kupanje-s-drukerima-blue\\\/#primaryimage\"},\"image\":{\"@id\":\"https:\\\/\\\/najnaj.eu\\\/fr\\\/proizvod\\\/lassig-pelena-za-kupanje-s-drukerima-blue\\\/#primaryimage\"},\"thumbnailUrl\":\"https:\\\/\\\/najnaj.eu\\\/wp-content\\\/uploads\\\/2023\\\/08\\\/SPL_F22_1431029456_P_1.jpg\",\"datePublished\":\"2024-04-03T06:25:18+00:00\",\"dateModified\":\"2026-02-04T09:28:17+00:00\",\"breadcrumb\":{\"@id\":\"https:\\\/\\\/najnaj.eu\\\/fr\\\/proizvod\\\/lassig-pelena-za-kupanje-s-drukerima-blue\\\/#breadcrumb\"},\"inLanguage\":\"fr-FR\",\"potentialAction\":[{\"@type\":\"ReadAction\",\"target\":[\"https:\\\/\\\/najnaj.eu\\\/fr\\\/proizvod\\\/lassig-pelena-za-kupanje-s-drukerima-blue\\\/\"]}]},{\"@type\":\"ImageObject\",\"inLanguage\":\"fr-FR\",\"@id\":\"https:\\\/\\\/najnaj.eu\\\/fr\\\/proizvod\\\/lassig-pelena-za-kupanje-s-drukerima-blue\\\/#primaryimage\",\"url\":\"https:\\\/\\\/najnaj.eu\\\/wp-content\\\/uploads\\\/2023\\\/08\\\/SPL_F22_1431029456_P_1.jpg\",\"contentUrl\":\"https:\\\/\\\/najnaj.eu\\\/wp-content\\\/uploads\\\/2023\\\/08\\\/SPL_F22_1431029456_P_1.jpg\",\"width\":480,\"height\":480},{\"@type\":\"BreadcrumbList\",\"@id\":\"https:\\\/\\\/najnaj.eu\\\/fr\\\/proizvod\\\/lassig-pelena-za-kupanje-s-drukerima-blue\\\/#breadcrumb\",\"itemListElement\":[{\"@type\":\"ListItem\",\"position\":1,\"name\":\"Po\u010detna stranica\",\"item\":\"https:\\\/\\\/najnaj.eu\\\/fr\\\/\"},{\"@type\":\"ListItem\",\"position\":2,\"name\":\"Trgovina\",\"item\":\"https:\\\/\\\/najnaj.hr\\\/trgovina\\\/\"},{\"@type\":\"ListItem\",\"position\":3,\"name\":\"L\u00e4ssig Pelena za kupanje s drukerima blue\"}]},{\"@type\":\"WebSite\",\"@id\":\"https:\\\/\\\/najnaj.eu\\\/fr\\\/#website\",\"url\":\"https:\\\/\\\/najnaj.eu\\\/fr\\\/\",\"name\":\"NajNaj.eu\",\"description\":\"Za najva\u017enije!\",\"potentialAction\":[{\"@type\":\"SearchAction\",\"target\":{\"@type\":\"EntryPoint\",\"urlTemplate\":\"https:\\\/\\\/najnaj.eu\\\/fr\\\/?s={search_term_string}\"},\"query-input\":{\"@type\":\"PropertyValueSpecification\",\"valueRequired\":true,\"valueName\":\"search_term_string\"}}],\"inLanguage\":\"fr-FR\"}]}<\/script>\n<meta property=\"product:brand\" content=\"L\u00e4ssig\" \/>\n<meta property=\"og:availability\" content=\"instock\" \/>\n<meta property=\"product:availability\" content=\"instock\" \/>\n<meta property=\"product:retailer_item_id\" content=\"1431029456\" \/>\n<meta property=\"product:condition\" content=\"new\" \/>\n<!-- \/ Yoast SEO Premium plugin. -->","yoast_head_json":{"title":"L\u00e4ssig Pelena za kupanje s drukerima blue - NajNaj.eu","robots":{"index":"index","follow":"follow","max-snippet":"max-snippet:-1","max-image-preview":"max-image-preview:large","max-video-preview":"max-video-preview:-1"},"canonical":"https:\/\/najnaj.eu\/fr\/proizvod\/lassig-pelena-za-kupanje-s-drukerima-blue\/","og_locale":"fr_FR","og_type":"article","og_title":"L\u00e4ssig Pelena za kupanje s drukerima blue","og_description":"L\u00c4SSIG Pelene za kupanje izra\u0111ene su od recikliranog poliestera i ekolo\u0161ka su alternativa jednokratnim pelenama. Prakti\u010dne pritisne kop\u010de osiguravaju savr\u0161eno pristajanje i jednostavno mijenjanje.","og_url":"https:\/\/najnaj.eu\/fr\/proizvod\/lassig-pelena-za-kupanje-s-drukerima-blue\/","og_site_name":"NajNaj.eu","article_publisher":"https:\/\/web.facebook.com\/najnaj.eu\/","article_modified_time":"2026-02-04T09:28:17+00:00","og_image":[{"width":480,"height":480,"url":"https:\/\/najnaj.eu\/wp-content\/uploads\/2023\/08\/SPL_F22_1431029456_P_1.jpg","type":"image\/jpeg"}],"twitter_card":"summary_large_image","twitter_misc":{"Disponibilit\u00e9":"En stock"},"schema":{"@context":"https:\/\/schema.org","@graph":[{"@type":"WebPage","@id":"https:\/\/najnaj.eu\/fr\/proizvod\/lassig-pelena-za-kupanje-s-drukerima-blue\/","url":"https:\/\/najnaj.eu\/fr\/proizvod\/lassig-pelena-za-kupanje-s-drukerima-blue\/","name":"L\u00e4ssig Pelena za kupanje s drukerima blue - NajNaj.eu","isPartOf":{"@id":"https:\/\/najnaj.eu\/fr\/#website"},"primaryImageOfPage":{"@id":"https:\/\/najnaj.eu\/fr\/proizvod\/lassig-pelena-za-kupanje-s-drukerima-blue\/#primaryimage"},"image":{"@id":"https:\/\/najnaj.eu\/fr\/proizvod\/lassig-pelena-za-kupanje-s-drukerima-blue\/#primaryimage"},"thumbnailUrl":"https:\/\/najnaj.eu\/wp-content\/uploads\/2023\/08\/SPL_F22_1431029456_P_1.jpg","datePublished":"2024-04-03T06:25:18+00:00","dateModified":"2026-02-04T09:28:17+00:00","breadcrumb":{"@id":"https:\/\/najnaj.eu\/fr\/proizvod\/lassig-pelena-za-kupanje-s-drukerima-blue\/#breadcrumb"},"inLanguage":"fr-FR","potentialAction":[{"@type":"ReadAction","target":["https:\/\/najnaj.eu\/fr\/proizvod\/lassig-pelena-za-kupanje-s-drukerima-blue\/"]}]},{"@type":"ImageObject","inLanguage":"fr-FR","@id":"https:\/\/najnaj.eu\/fr\/proizvod\/lassig-pelena-za-kupanje-s-drukerima-blue\/#primaryimage","url":"https:\/\/najnaj.eu\/wp-content\/uploads\/2023\/08\/SPL_F22_1431029456_P_1.jpg","contentUrl":"https:\/\/najnaj.eu\/wp-content\/uploads\/2023\/08\/SPL_F22_1431029456_P_1.jpg","width":480,"height":480},{"@type":"BreadcrumbList","@id":"https:\/\/najnaj.eu\/fr\/proizvod\/lassig-pelena-za-kupanje-s-drukerima-blue\/#breadcrumb","itemListElement":[{"@type":"ListItem","position":1,"name":"Po\u010detna stranica","item":"https:\/\/najnaj.eu\/fr\/"},{"@type":"ListItem","position":2,"name":"Trgovina","item":"https:\/\/najnaj.hr\/trgovina\/"},{"@type":"ListItem","position":3,"name":"L\u00e4ssig Pelena za kupanje s drukerima blue"}]},{"@type":"WebSite","@id":"https:\/\/najnaj.eu\/fr\/#website","url":"https:\/\/najnaj.eu\/fr\/","name":"NajNaj.eu","description":"Za najva\u017enije!","potentialAction":[{"@type":"SearchAction","target":{"@type":"EntryPoint","urlTemplate":"https:\/\/najnaj.eu\/fr\/?s={search_term_string}"},"query-input":{"@type":"PropertyValueSpecification","valueRequired":true,"valueName":"search_term_string"}}],"inLanguage":"fr-FR"}]},"product_brand":"L\u00e4ssig","og_availability":"instock","product_availability":"instock","product_retailer_item_id":"1431029456","product_condition":"new"},"_links":{"self":[{"href":"https:\/\/najnaj.eu\/fr\/wp-json\/wp\/v2\/product\/150726","targetHints":{"allow":["GET"]}}],"collection":[{"href":"https:\/\/najnaj.eu\/fr\/wp-json\/wp\/v2\/product"}],"about":[{"href":"https:\/\/najnaj.eu\/fr\/wp-json\/wp\/v2\/types\/product"}],"replies":[{"embeddable":true,"href":"https:\/\/najnaj.eu\/fr\/wp-json\/wp\/v2\/comments?post=150726"}],"version-history":[{"count":0,"href":"https:\/\/najnaj.eu\/fr\/wp-json\/wp\/v2\/product\/150726\/revisions"}],"wp:featuredmedia":[{"embeddable":true,"href":"https:\/\/najnaj.eu\/fr\/wp-json\/wp\/v2\/media\/138178"}],"wp:attachment":[{"href":"https:\/\/najnaj.eu\/fr\/wp-json\/wp\/v2\/media?parent=150726"}],"wp:term":[{"taxonomy":"product_brand","embeddable":true,"href":"https:\/\/najnaj.eu\/fr\/wp-json\/wp\/v2\/product_brand?post=150726"},{"taxonomy":"product_cat","embeddable":true,"href":"https:\/\/najnaj.eu\/fr\/wp-json\/wp\/v2\/product_cat?post=150726"},{"taxonomy":"product_tag","embeddable":true,"href":"https:\/\/najnaj.eu\/fr\/wp-json\/wp\/v2\/product_tag?post=150726"}],"curies":[{"name":"wp","href":"https:\/\/api.w.org\/{rel}","templated":true}]}}