{"id":150714,"date":"2023-05-02T13:55:13","date_gmt":"2023-05-02T11:55:13","guid":{"rendered":"https:\/\/najnaj.hr\/proizvod\/lassig-vreca-za-spavanje-od-muslina-nature-velicina-86-92\/"},"modified":"2026-04-02T09:03:36","modified_gmt":"2026-04-02T07:03:36","slug":"lassig-vreca-za-spavanje-od-muslina-nature-tog-1","status":"publish","type":"product","link":"https:\/\/najnaj.eu\/fr\/proizvod\/lassig-vreca-za-spavanje-od-muslina-nature-tog-1\/","title":{"rendered":"L\u00e4ssig Vre\u0107a za spavanje od muslina (TOG 1), Nature (62-92)"},"content":{"rendered":"<p>GOTS-certificirana L\u00e4ssig ljetna vre\u0107a za spavanje za bebe olak\u0161ava no\u0107no mijenjanje pelena i nudi dovoljno prostora za noge bebama koje se vole ritati. Vi\u0161eslojna muslinska tkanina (napravljena od pamuka (organskog)) nje\u017ena je za ko\u017eu, lagana je i prozra\u010dna te poma\u017ee u odr\u017eavanju ujedna\u010dene i ugodne tjelesne temperature tijekom cijele no\u0107i.<\/p>\n<p>Radi lak\u0161eg obla\u010denja i svla\u010denja, ova vre\u0107a za spavanje bez rukava opremljena je dugim patentnim zatvara\u010dem po cijeloj du\u017eini, \u0161to ujedno olak\u0161ava i mijenjanje pelena mali\u0161anu jer se vre\u0107a pritom ne mora u potpunosti skinuti. \u0160titnik za bradu i za\u0161titni poklopac na patentnom zatvara\u010du \u0161tite osjetljivu dje\u010dju ko\u017eu kada je patentni zatvara\u010d podignut i va\u0161e dijete spava.<\/p>\n<p>Vre\u0107a za spavanje za bebe ima TOG ocjenu 1, periva je na 30\u00b0C u nje\u017enom ciklusu i dostupna je u nekoliko boja i veli\u010dina. L\u00e4ssig vre\u0107a za spavanje za bebe proizvedena je i certificirana prema GOTS smjernicama (Global Organic Textile Standard).<\/p>\n<p>Dobro je znati:<br \/>\nZa razli\u010dite sobne temperature preporu\u010duju se razli\u010dite vre\u0107e za spavanje i odje\u0107a za spavanje. Odabir je lak\u0161i ako uzmete u obzir TOG vrijednost zajedno sa sobnom temperaturom. TOG je mjerna jedinica za toplinsku otpornost tekstila i daje informacije o tome koliko je bebi toplo u vre\u0107i za spavanje. \u0160to je TOG vrijednost ve\u0107a, vre\u0107a za spavanje je toplija.<\/p>\n","protected":false},"excerpt":{"rendered":"<table style=\"border-collapse: collapse; width: 625,52pt;\" border=\"0\" width=\"834\" cellspacing=\"0\" cellpadding=\"0\">\n<tbody>\n<tr style=\"height: 15,75pt;\">\n<td class=\"et2\" style=\"height: 15,75pt; width: 625,50pt;\" width=\"834\" height=\"21\">L\u00e4ssig ljetna vre\u0107a za spavanje za bebe s GOTS certifikatom izra\u0111ena je od organskog pamuka i ima TOG ocjenu 1. Njen patentni zatvara\u010d po cijeloj du\u017eini sa \u0161titnikom za bradu \u010dini obla\u010denje i svla\u010denje lakim.<\/td>\n<\/tr>\n<\/tbody>\n<\/table>\n","protected":false},"featured_media":131780,"comment_status":"open","ping_status":"closed","template":"","meta":{"_acf_changed":false,"footnotes":""},"product_brand":[],"product_cat":[626],"product_tag":[2272,2277],"class_list":{"0":"post-150714","1":"product","2":"type-product","3":"status-publish","4":"has-post-thumbnail","6":"product_cat-ljetne-vrece-za-spavanje","7":"product_tag-ljeto","8":"product_tag-rasprodaja","9":"pa_boja-bez","10":"pa_brand-lassig","12":"first","13":"instock","14":"purchasable","15":"product-type-variable"},"bundled_by":[],"bundle_stock_status":"instock","bundle_stock_quantity":null,"bundle_virtual":false,"bundle_layout":"","bundle_add_to_cart_form_location":"","bundle_editable_in_cart":false,"bundle_sold_individually_context":"","bundle_item_grouping":"","bundle_min_size":"","bundle_max_size":"","bundle_price":[],"bundled_items":[],"bundle_sell_ids":[],"acf":[],"yoast_head":"<!-- This site is optimized with the Yoast SEO Premium plugin v21.5 (Yoast SEO v27.4) - https:\/\/yoast.com\/product\/yoast-seo-premium-wordpress\/ -->\n<title>L\u00e4ssig Vre\u0107a za spavanje od muslina (TOG 1), Nature (62-92) - NajNaj.eu<\/title>\n<meta name=\"robots\" content=\"index, follow, max-snippet:-1, max-image-preview:large, max-video-preview:-1\" \/>\n<link rel=\"canonical\" href=\"https:\/\/najnaj.eu\/fr\/proizvod\/lassig-vreca-za-spavanje-od-muslina-nature-tog-1\/\" \/>\n<meta property=\"og:locale\" content=\"fr_FR\" \/>\n<meta property=\"og:type\" content=\"article\" \/>\n<meta property=\"og:title\" content=\"L\u00e4ssig Vre\u0107a za spavanje od muslina (TOG 1), Nature (62-92)\" \/>\n<meta property=\"og:description\" content=\"L\u00e4ssig ljetna vre\u0107a za spavanje za bebe s GOTS certifikatom izra\u0111ena je od organskog pamuka i ima TOG ocjenu 1. Njen patentni zatvara\u010d po cijeloj du\u017eini sa \u0161titnikom za bradu \u010dini obla\u010denje i svla\u010denje lakim.\" \/>\n<meta property=\"og:url\" content=\"https:\/\/najnaj.eu\/fr\/proizvod\/lassig-vreca-za-spavanje-od-muslina-nature-tog-1\/\" \/>\n<meta property=\"og:site_name\" content=\"NajNaj.eu\" \/>\n<meta property=\"article:publisher\" content=\"https:\/\/web.facebook.com\/najnaj.eu\/\" \/>\n<meta property=\"article:modified_time\" content=\"2026-04-02T07:03:36+00:00\" \/>\n<meta property=\"og:image\" content=\"https:\/\/najnaj.eu\/wp-content\/uploads\/2023\/08\/KID_F21_1542016343_P_1-Small.jpg\" \/>\n\t<meta property=\"og:image:width\" content=\"480\" \/>\n\t<meta property=\"og:image:height\" content=\"480\" \/>\n\t<meta property=\"og:image:type\" content=\"image\/jpeg\" \/>\n<meta name=\"twitter:card\" content=\"summary_large_image\" \/>\n<meta name=\"twitter:label1\" content=\"Disponibilit\u00e9\" \/>\n\t<meta name=\"twitter:data1\" content=\"En stock\" \/>\n<script type=\"application\/ld+json\" class=\"yoast-schema-graph\">{\"@context\":\"https:\\\/\\\/schema.org\",\"@graph\":[{\"@type\":\"WebPage\",\"@id\":\"https:\\\/\\\/najnaj.eu\\\/fr\\\/proizvod\\\/lassig-vreca-za-spavanje-od-muslina-nature-tog-1\\\/\",\"url\":\"https:\\\/\\\/najnaj.eu\\\/fr\\\/proizvod\\\/lassig-vreca-za-spavanje-od-muslina-nature-tog-1\\\/\",\"name\":\"L\u00e4ssig Vre\u0107a za spavanje od muslina (TOG 1), Nature (62-92) - NajNaj.eu\",\"isPartOf\":{\"@id\":\"https:\\\/\\\/najnaj.eu\\\/fr\\\/#website\"},\"primaryImageOfPage\":{\"@id\":\"https:\\\/\\\/najnaj.eu\\\/fr\\\/proizvod\\\/lassig-vreca-za-spavanje-od-muslina-nature-tog-1\\\/#primaryimage\"},\"image\":{\"@id\":\"https:\\\/\\\/najnaj.eu\\\/fr\\\/proizvod\\\/lassig-vreca-za-spavanje-od-muslina-nature-tog-1\\\/#primaryimage\"},\"thumbnailUrl\":\"https:\\\/\\\/najnaj.eu\\\/wp-content\\\/uploads\\\/2023\\\/08\\\/KID_F21_1542016343_P_1-Small.jpg\",\"datePublished\":\"2023-05-02T11:55:13+00:00\",\"dateModified\":\"2026-04-02T07:03:36+00:00\",\"breadcrumb\":{\"@id\":\"https:\\\/\\\/najnaj.eu\\\/fr\\\/proizvod\\\/lassig-vreca-za-spavanje-od-muslina-nature-tog-1\\\/#breadcrumb\"},\"inLanguage\":\"fr-FR\",\"potentialAction\":[{\"@type\":\"ReadAction\",\"target\":[\"https:\\\/\\\/najnaj.eu\\\/fr\\\/proizvod\\\/lassig-vreca-za-spavanje-od-muslina-nature-tog-1\\\/\"]}]},{\"@type\":\"ImageObject\",\"inLanguage\":\"fr-FR\",\"@id\":\"https:\\\/\\\/najnaj.eu\\\/fr\\\/proizvod\\\/lassig-vreca-za-spavanje-od-muslina-nature-tog-1\\\/#primaryimage\",\"url\":\"https:\\\/\\\/najnaj.eu\\\/wp-content\\\/uploads\\\/2023\\\/08\\\/KID_F21_1542016343_P_1-Small.jpg\",\"contentUrl\":\"https:\\\/\\\/najnaj.eu\\\/wp-content\\\/uploads\\\/2023\\\/08\\\/KID_F21_1542016343_P_1-Small.jpg\",\"width\":480,\"height\":480},{\"@type\":\"BreadcrumbList\",\"@id\":\"https:\\\/\\\/najnaj.eu\\\/fr\\\/proizvod\\\/lassig-vreca-za-spavanje-od-muslina-nature-tog-1\\\/#breadcrumb\",\"itemListElement\":[{\"@type\":\"ListItem\",\"position\":1,\"name\":\"Po\u010detna stranica\",\"item\":\"https:\\\/\\\/najnaj.eu\\\/fr\\\/\"},{\"@type\":\"ListItem\",\"position\":2,\"name\":\"Trgovina\",\"item\":\"https:\\\/\\\/najnaj.hr\\\/trgovina\\\/\"},{\"@type\":\"ListItem\",\"position\":3,\"name\":\"L\u00e4ssig Vre\u0107a za spavanje od muslina (TOG 1), Nature (62-92)\"}]},{\"@type\":\"WebSite\",\"@id\":\"https:\\\/\\\/najnaj.eu\\\/fr\\\/#website\",\"url\":\"https:\\\/\\\/najnaj.eu\\\/fr\\\/\",\"name\":\"NajNaj.eu\",\"description\":\"Za najva\u017enije!\",\"potentialAction\":[{\"@type\":\"SearchAction\",\"target\":{\"@type\":\"EntryPoint\",\"urlTemplate\":\"https:\\\/\\\/najnaj.eu\\\/fr\\\/?s={search_term_string}\"},\"query-input\":{\"@type\":\"PropertyValueSpecification\",\"valueRequired\":true,\"valueName\":\"search_term_string\"}}],\"inLanguage\":\"fr-FR\"}]}<\/script>\n<meta property=\"product:brand\" content=\"L\u00e4ssig\" \/>\n<meta property=\"og:availability\" content=\"instock\" \/>\n<meta property=\"product:availability\" content=\"instock\" \/>\n<meta property=\"product:retailer_item_id\" content=\"1542016343\" \/>\n<meta property=\"product:condition\" content=\"new\" \/>\n<!-- \/ Yoast SEO Premium plugin. -->","yoast_head_json":{"title":"L\u00e4ssig Vre\u0107a za spavanje od muslina (TOG 1), Nature (62-92) - NajNaj.eu","robots":{"index":"index","follow":"follow","max-snippet":"max-snippet:-1","max-image-preview":"max-image-preview:large","max-video-preview":"max-video-preview:-1"},"canonical":"https:\/\/najnaj.eu\/fr\/proizvod\/lassig-vreca-za-spavanje-od-muslina-nature-tog-1\/","og_locale":"fr_FR","og_type":"article","og_title":"L\u00e4ssig Vre\u0107a za spavanje od muslina (TOG 1), Nature (62-92)","og_description":"L\u00e4ssig ljetna vre\u0107a za spavanje za bebe s GOTS certifikatom izra\u0111ena je od organskog pamuka i ima TOG ocjenu 1. Njen patentni zatvara\u010d po cijeloj du\u017eini sa \u0161titnikom za bradu \u010dini obla\u010denje i svla\u010denje lakim.","og_url":"https:\/\/najnaj.eu\/fr\/proizvod\/lassig-vreca-za-spavanje-od-muslina-nature-tog-1\/","og_site_name":"NajNaj.eu","article_publisher":"https:\/\/web.facebook.com\/najnaj.eu\/","article_modified_time":"2026-04-02T07:03:36+00:00","og_image":[{"width":480,"height":480,"url":"https:\/\/najnaj.eu\/wp-content\/uploads\/2023\/08\/KID_F21_1542016343_P_1-Small.jpg","type":"image\/jpeg"}],"twitter_card":"summary_large_image","twitter_misc":{"Disponibilit\u00e9":"En stock"},"schema":{"@context":"https:\/\/schema.org","@graph":[{"@type":"WebPage","@id":"https:\/\/najnaj.eu\/fr\/proizvod\/lassig-vreca-za-spavanje-od-muslina-nature-tog-1\/","url":"https:\/\/najnaj.eu\/fr\/proizvod\/lassig-vreca-za-spavanje-od-muslina-nature-tog-1\/","name":"L\u00e4ssig Vre\u0107a za spavanje od muslina (TOG 1), Nature (62-92) - NajNaj.eu","isPartOf":{"@id":"https:\/\/najnaj.eu\/fr\/#website"},"primaryImageOfPage":{"@id":"https:\/\/najnaj.eu\/fr\/proizvod\/lassig-vreca-za-spavanje-od-muslina-nature-tog-1\/#primaryimage"},"image":{"@id":"https:\/\/najnaj.eu\/fr\/proizvod\/lassig-vreca-za-spavanje-od-muslina-nature-tog-1\/#primaryimage"},"thumbnailUrl":"https:\/\/najnaj.eu\/wp-content\/uploads\/2023\/08\/KID_F21_1542016343_P_1-Small.jpg","datePublished":"2023-05-02T11:55:13+00:00","dateModified":"2026-04-02T07:03:36+00:00","breadcrumb":{"@id":"https:\/\/najnaj.eu\/fr\/proizvod\/lassig-vreca-za-spavanje-od-muslina-nature-tog-1\/#breadcrumb"},"inLanguage":"fr-FR","potentialAction":[{"@type":"ReadAction","target":["https:\/\/najnaj.eu\/fr\/proizvod\/lassig-vreca-za-spavanje-od-muslina-nature-tog-1\/"]}]},{"@type":"ImageObject","inLanguage":"fr-FR","@id":"https:\/\/najnaj.eu\/fr\/proizvod\/lassig-vreca-za-spavanje-od-muslina-nature-tog-1\/#primaryimage","url":"https:\/\/najnaj.eu\/wp-content\/uploads\/2023\/08\/KID_F21_1542016343_P_1-Small.jpg","contentUrl":"https:\/\/najnaj.eu\/wp-content\/uploads\/2023\/08\/KID_F21_1542016343_P_1-Small.jpg","width":480,"height":480},{"@type":"BreadcrumbList","@id":"https:\/\/najnaj.eu\/fr\/proizvod\/lassig-vreca-za-spavanje-od-muslina-nature-tog-1\/#breadcrumb","itemListElement":[{"@type":"ListItem","position":1,"name":"Po\u010detna stranica","item":"https:\/\/najnaj.eu\/fr\/"},{"@type":"ListItem","position":2,"name":"Trgovina","item":"https:\/\/najnaj.hr\/trgovina\/"},{"@type":"ListItem","position":3,"name":"L\u00e4ssig Vre\u0107a za spavanje od muslina (TOG 1), Nature (62-92)"}]},{"@type":"WebSite","@id":"https:\/\/najnaj.eu\/fr\/#website","url":"https:\/\/najnaj.eu\/fr\/","name":"NajNaj.eu","description":"Za najva\u017enije!","potentialAction":[{"@type":"SearchAction","target":{"@type":"EntryPoint","urlTemplate":"https:\/\/najnaj.eu\/fr\/?s={search_term_string}"},"query-input":{"@type":"PropertyValueSpecification","valueRequired":true,"valueName":"search_term_string"}}],"inLanguage":"fr-FR"}]},"product_brand":"L\u00e4ssig","og_availability":"instock","product_availability":"instock","product_retailer_item_id":"1542016343","product_condition":"new"},"_links":{"self":[{"href":"https:\/\/najnaj.eu\/fr\/wp-json\/wp\/v2\/product\/150714","targetHints":{"allow":["GET"]}}],"collection":[{"href":"https:\/\/najnaj.eu\/fr\/wp-json\/wp\/v2\/product"}],"about":[{"href":"https:\/\/najnaj.eu\/fr\/wp-json\/wp\/v2\/types\/product"}],"replies":[{"embeddable":true,"href":"https:\/\/najnaj.eu\/fr\/wp-json\/wp\/v2\/comments?post=150714"}],"version-history":[{"count":0,"href":"https:\/\/najnaj.eu\/fr\/wp-json\/wp\/v2\/product\/150714\/revisions"}],"wp:featuredmedia":[{"embeddable":true,"href":"https:\/\/najnaj.eu\/fr\/wp-json\/wp\/v2\/media\/131780"}],"wp:attachment":[{"href":"https:\/\/najnaj.eu\/fr\/wp-json\/wp\/v2\/media?parent=150714"}],"wp:term":[{"taxonomy":"product_brand","embeddable":true,"href":"https:\/\/najnaj.eu\/fr\/wp-json\/wp\/v2\/product_brand?post=150714"},{"taxonomy":"product_cat","embeddable":true,"href":"https:\/\/najnaj.eu\/fr\/wp-json\/wp\/v2\/product_cat?post=150714"},{"taxonomy":"product_tag","embeddable":true,"href":"https:\/\/najnaj.eu\/fr\/wp-json\/wp\/v2\/product_tag?post=150714"}],"curies":[{"name":"wp","href":"https:\/\/api.w.org\/{rel}","templated":true}]}}